{"id":2473,"date":"2025-02-14T01:08:29","date_gmt":"2025-02-14T01:08:29","guid":{"rendered":"https:\/\/hfittings.com\/?post_type=product&#038;p=2473"},"modified":"2025-03-24T08:58:30","modified_gmt":"2025-03-24T08:58:30","slug":"socket-weld-pipe-fittings","status":"publish","type":"product","link":"https:\/\/hfittings.com\/vi\/product\/socket-weld-pipe-fittings\/","title":{"rendered":"Ph\u1ee5 ki\u1ec7n \u1ed1ng h\u00e0n socket"},"content":{"rendered":"<h2 data-start=\"0\" data-end=\"79\"><strong data-start=\"0\" data-end=\"79\">Ph\u1ee5 ki\u1ec7n \u1ed1ng h\u00e0n socket: Th\u00e0nh ph\u1ea7n thi\u1ebft y\u1ebfu cho h\u1ec7 th\u1ed1ng \u1ed1ng d\u1eabn \u00e1p su\u1ea5t cao<\/strong><\/h2>\n<p data-start=\"81\" data-end=\"495\">C\u00e1c ph\u1ee5 ki\u1ec7n h\u00e0n socket l\u00e0 th\u00e0nh ph\u1ea7n quan tr\u1ecdng trong vi\u1ec7c t\u1ea1o ra c\u00e1c k\u1ebft n\u1ed1i ch\u1eafc ch\u1eafn, kh\u00f4ng r\u00f2 r\u1ec9 trong h\u1ec7 th\u1ed1ng \u1ed1ng d\u1eabn \u00e1p su\u1ea5t cao. \u0110\u01b0\u1ee3c thi\u1ebft k\u1ebf \u0111\u1ec3 h\u00e0n socket v\u00e0o \u0111\u1ea7u \u1ed1ng ho\u1eb7c c\u00e1c ph\u1ee5 ki\u1ec7n kh\u00e1c, ch\u00fang \u0111\u1ea3m b\u1ea3o k\u1ebft n\u1ed1i li\u1ec1n m\u1ea1ch v\u00e0 b\u1ec1n b\u1ec9. C\u00e1c ph\u1ee5 ki\u1ec7n n\u00e0y \u0111\u01b0\u1ee3c s\u1eed d\u1ee5ng r\u1ed9ng r\u00e3i trong nhi\u1ec1u ng\u00e0nh c\u00f4ng nghi\u1ec7p, bao g\u1ed3m h\u00f3a d\u1ea7u, d\u1ea7u kh\u00ed, s\u1ea3n xu\u1ea5t \u0111i\u1ec7n, h\u00e0ng kh\u00f4ng v\u0169 tr\u1ee5, n\u1ed3i h\u01a1i, trao \u0111\u1ed5i nhi\u1ec7t v\u00e0 \u1ee9ng d\u1ee5ng b\u00ecnh \u00e1p l\u1ef1c.<\/p>\n<figure id=\"attachment_2470\" aria-describedby=\"caption-attachment-2470\" style=\"width: 300px\" class=\"wp-caption alignnone\"><img decoding=\"async\" class=\"size-medium wp-image-2470\" src=\"https:\/\/hfittings.com\/wp-content\/uploads\/2025\/02\/socket-weld-pipe-fittings-300x300.jpg\" alt=\"Ph\u1ee5 ki\u1ec7n \u1ed1ng h\u00e0n socket\" width=\"300\" height=\"300\" srcset=\"https:\/\/hfittings.com\/wp-content\/uploads\/2025\/02\/socket-weld-pipe-fittings-300x300.jpg 300w, https:\/\/hfittings.com\/wp-content\/uploads\/2025\/02\/socket-weld-pipe-fittings-150x150.jpg 150w, https:\/\/hfittings.com\/wp-content\/uploads\/2025\/02\/socket-weld-pipe-fittings-500x500.jpg 500w, https:\/\/hfittings.com\/wp-content\/uploads\/2025\/02\/socket-weld-pipe-fittings.jpg 660w\" sizes=\"(max-width: 300px) 100vw, 300px\" \/><figcaption id=\"caption-attachment-2470\" class=\"wp-caption-text\">Ph\u1ee5 ki\u1ec7n \u1ed1ng h\u00e0n socket<\/figcaption><\/figure>\n<p data-start=\"497\" data-end=\"526\"><strong data-start=\"497\" data-end=\"526\">T\u00ednh n\u0103ng ch\u00ednh v\u00e0 L\u1ee3i \u00edch<\/strong><\/p>\n<ul data-start=\"528\" data-end=\"1410\">\n<li data-start=\"528\" data-end=\"682\">\n<p data-start=\"530\" data-end=\"682\"><strong data-start=\"530\" data-end=\"550\">\u0110\u1ed9 b\u1ec1n cao:<\/strong> C\u00e1c ph\u1ee5 ki\u1ec7n h\u00e0n socket \u0111\u01b0\u1ee3c bi\u1ebft \u0111\u1ebfn v\u1edbi \u0111\u1ed9 b\u1ec1n v\u01b0\u1ee3t tr\u1ed9i v\u00e0 kh\u1ea3 n\u0103ng ch\u1ed1ng m\u00e0i m\u00f2n, khi\u1ebfn ch\u00fang tr\u1edf th\u00e0nh l\u1ef1a ch\u1ecdn l\u00fd t\u01b0\u1edfng cho c\u00e1c \u1ee9ng d\u1ee5ng \u0111\u00f2i h\u1ecfi kh\u1eaft khe.<\/p>\n<\/li>\n<li data-start=\"684\" data-end=\"831\">\n<p data-start=\"686\" data-end=\"831\"><strong data-start=\"686\" data-end=\"711\">\u0110\u1ed9 ch\u00ednh x\u00e1c k\u00edch th\u01b0\u1edbc:<\/strong> \u0110\u01b0\u1ee3c s\u1ea3n xu\u1ea5t theo c\u00e1c ti\u00eau chu\u1ea9n ch\u00ednh x\u00e1c, c\u00e1c ph\u1ee5 ki\u1ec7n n\u00e0y \u0111\u1ea3m b\u1ea3o s\u1ef1 v\u1eeba v\u1eb7n ho\u00e0n h\u1ea3o v\u00e0 hi\u1ec7u su\u1ea5t \u0111\u00e1ng tin c\u1eady trong h\u1ec7 th\u1ed1ng \u1ed1ng d\u1eabn.<\/p>\n<\/li>\n<li data-start=\"833\" data-end=\"994\">\n<p data-start=\"835\" data-end=\"994\"><strong data-start=\"835\" data-end=\"853\">B\u1ec1 m\u1eb7t m\u1ecbn m\u00e0ng:<\/strong> Quy tr\u00ecnh h\u00e0n socket t\u1ea1o ra b\u1ec1 m\u1eb7t nh\u1eb5n m\u1ecbn, gi\u1ea3m nguy c\u01a1 \u0103n m\u00f2n v\u00e0 gi\u00fap d\u00f2ng ch\u1ea3y trong \u1ed1ng di\u1ec5n ra thu\u1eadn l\u1ee3i h\u01a1n.<\/p>\n<\/li>\n<li data-start=\"996\" data-end=\"1174\">\n<p data-start=\"998\" data-end=\"1174\"><strong data-start=\"998\" data-end=\"1025\">Hi\u1ec7u su\u1ea5t ch\u1ed1ng r\u00f2 r\u1ec9:<\/strong> \u0110\u01b0\u1ee3c thi\u1ebft k\u1ebf \u0111\u1ec3 ch\u1ecbu \u0111\u01b0\u1ee3c \u00e1p su\u1ea5t cao, c\u00e1c ph\u1ee5 ki\u1ec7n h\u00e0n socket cung c\u1ea5p c\u00e1c k\u1ebft n\u1ed1i kh\u00f4ng r\u00f2 r\u1ec9, n\u00e2ng cao t\u00ednh an to\u00e0n v\u00e0 hi\u1ec7u qu\u1ea3 c\u1ee7a h\u1ec7 th\u1ed1ng \u1ed1ng d\u1eabn.<\/p>\n<\/li>\n<li data-start=\"1176\" data-end=\"1410\">\n<p data-start=\"1178\" data-end=\"1410\"><strong data-start=\"1178\" data-end=\"1203\">Kh\u1ea3 n\u0103ng ch\u1ed1ng \u0103n m\u00f2n:<\/strong> \u0110\u01b0\u1ee3c ch\u1ebf t\u1ea1o t\u1eeb c\u00e1c v\u1eadt li\u1ec7u nh\u01b0 th\u00e9p kh\u00f4ng g\u1ec9, th\u00e9p carbon, th\u00e9p h\u1ee3p kim v\u00e0 th\u00e9p kh\u00f4ng g\u1ec9 si\u00eau duplex, c\u00e1c ph\u1ee5 ki\u1ec7n n\u00e0y c\u00f3 kh\u1ea3 n\u0103ng ch\u1ed1ng \u0103n m\u00f2n xu\u1ea5t s\u1eafc, gi\u00fap k\u00e9o d\u00e0i tu\u1ed5i th\u1ecd c\u1ee7a h\u1ec7 th\u1ed1ng \u1ed1ng d\u1eabn.<\/p>\n<\/li>\n<\/ul>\n<p data-start=\"1412\" data-end=\"1445\"><strong data-start=\"1412\" data-end=\"1445\">C\u00e1c lo\u1ea1i ph\u1ee5 ki\u1ec7n h\u00e0n socket<\/strong><\/p>\n<p data-start=\"1447\" data-end=\"1528\">C\u00e1c ph\u1ee5 ki\u1ec7n h\u00e0n socket c\u00f3 nhi\u1ec1u lo\u1ea1i kh\u00e1c nhau \u0111\u1ec3 ph\u00f9 h\u1ee3p v\u1edbi c\u00e1c nhu c\u1ea7u \u1ed1ng d\u1eabn kh\u00e1c nhau:<\/p>\n<ul data-start=\"1530\" data-end=\"3470\">\n<li data-start=\"1530\" data-end=\"1628\">\n<p data-start=\"1532\" data-end=\"1628\"><strong data-start=\"1532\" data-end=\"1558\">C\u00fat g\u00f3c 90\u00b0 h\u00e0n socket:<\/strong> D\u00f9ng \u0111\u1ec3 thay \u0111\u1ed5i h\u01b0\u1edbng d\u00f2ng ch\u1ea3y trong h\u1ec7 th\u1ed1ng \u1ed1ng d\u1eabn b\u1eb1ng 90 \u0111\u1ed9.<\/p>\n<\/li>\n<li data-start=\"1630\" data-end=\"1715\">\n<p data-start=\"1632\" data-end=\"1715\"><strong data-start=\"1632\" data-end=\"1658\">\u1ed0ng cong 45\u00b0 h\u00e0n socket:<\/strong> Gi\u00fap thay \u0111\u1ed5i h\u01b0\u1edbng d\u00f2ng ch\u1ea3y m\u1ed9t g\u00f3c 45 \u0111\u1ed9.<\/p>\n<\/li>\n<li data-start=\"1717\" data-end=\"1804\">\n<p data-start=\"1719\" data-end=\"1804\"><strong data-start=\"1719\" data-end=\"1739\">\u1ed0ng n\u1ed1i h\u00e0n Tee:<\/strong> Cho ph\u00e9p t\u00e1ch nh\u00e1nh kh\u1ecfi \u0111\u01b0\u1eddng \u1ed1ng ch\u00ednh \u1edf g\u00f3c 90 \u0111\u1ed9.<\/p>\n<\/li>\n<li data-start=\"1806\" data-end=\"1891\">\n<p data-start=\"1808\" data-end=\"1891\"><strong data-start=\"1808\" data-end=\"1840\">\u1ed0ng n\u1ed1i g\u00f3c 45\u00b0 d\u1ea1ng tee, h\u00e0n socket:<\/strong> Cho ph\u00e9p t\u1ea1o m\u1ed9t nh\u00e1nh 45 \u0111\u1ed9 t\u1eeb \u0111\u01b0\u1eddng \u1ed1ng ch\u00ednh.<\/p>\n<\/li>\n<li data-start=\"1893\" data-end=\"1999\">\n<p data-start=\"1895\" data-end=\"1999\"><strong data-start=\"1895\" data-end=\"1917\">K\u1ebft n\u1ed1i h\u00e0n ch\u00e9o:<\/strong> Cung c\u1ea5p k\u1ebft n\u1ed1i b\u1ed1n chi\u1ec1u, cho ph\u00e9p giao nhau c\u1ee7a ba \u0111\u01b0\u1eddng \u1ed1ng.<\/p>\n<\/li>\n<li data-start=\"2001\" data-end=\"2071\">\n<p data-start=\"2003\" data-end=\"2071\"><strong data-start=\"2003\" data-end=\"2033\">K\u1ebft n\u1ed1i h\u00e0n to\u00e0n ph\u1ea7n:<\/strong> N\u1ed1i hai \u1ed1ng c\u00f3 c\u00f9ng \u0111\u01b0\u1eddng k\u00ednh.<\/p>\n<\/li>\n<li data-start=\"2073\" data-end=\"2198\">\n<p data-start=\"2075\" data-end=\"2198\"><strong data-start=\"2075\" data-end=\"2105\">\u1ed0ng n\u1ed1i n\u1eeda v\u00f2ng h\u00e0n:<\/strong> K\u1ebft n\u1ed1i \u1ed1ng v\u1edbi ph\u1ee5 ki\u1ec7n ho\u1eb7c \u1ed1ng kh\u00e1c, th\u01b0\u1eddng \u0111\u01b0\u1ee3c s\u1eed d\u1ee5ng cho c\u00e1c k\u1ebft n\u1ed1i nh\u00e1nh nh\u1ecf.<\/p>\n<\/li>\n<li data-start=\"2200\" data-end=\"2301\">\n<p data-start=\"2202\" data-end=\"2301\"><strong data-start=\"2202\" data-end=\"2236\">Gi\u1ea3m h\u00e0n \u1ed5 c\u1eafm k\u1ebft n\u1ed1i:<\/strong> Gi\u00fap k\u1ebft n\u1ed1i c\u00e1c \u1ed1ng c\u00f3 \u0111\u01b0\u1eddng k\u00ednh kh\u00e1c nhau.<\/p>\n<\/li>\n<li data-start=\"2303\" data-end=\"2425\">\n<p data-start=\"2305\" data-end=\"2425\"><strong data-start=\"2305\" data-end=\"2348\">\u1ed0ng n\u1ed1i gi\u1ea3m k\u00edch th\u01b0\u1edbc l\u1ec7ch t\u00e2m, h\u00e0n socket:<\/strong> Gi\u1ea3m \u0111\u01b0\u1eddng k\u00ednh \u1ed1ng m\u00e0 v\u1eabn duy tr\u00ec m\u1ee9c \u0111\u1ed9 tr\u00ean ho\u1eb7c d\u01b0\u1edbi c\u1ee7a \u1ed1ng.<\/p>\n<\/li>\n<li data-start=\"2427\" data-end=\"2494\">\n<p data-start=\"2429\" data-end=\"2494\"><strong data-start=\"2429\" data-end=\"2453\">K\u1ebft n\u1ed1i h\u00e0n c\u1eb7p:<\/strong> K\u1ebft n\u1ed1i hai \u1ed1ng c\u00f3 c\u00f9ng \u0111\u01b0\u1eddng k\u00ednh.<\/p>\n<\/li>\n<li data-start=\"2496\" data-end=\"2543\">\n<p data-start=\"2498\" data-end=\"2543\"><strong data-start=\"2498\" data-end=\"2518\">N\u1eafp h\u00e0n socket:<\/strong> \u0110\u00f3ng k\u00edn \u0111\u1ea7u \u1ed1ng.<\/p>\n<\/li>\n<li data-start=\"2545\" data-end=\"2642\">\n<p data-start=\"2547\" data-end=\"2642\"><strong data-start=\"2547\" data-end=\"2578\">\u1ed0ng n\u1ed1i gi\u1ea3m \u00e1p h\u00e0n socket:<\/strong> Cho ph\u00e9p k\u1ebft n\u1ed1i gi\u1eefa c\u00e1c \u1ed1ng c\u00f3 \u0111\u01b0\u1eddng k\u00ednh kh\u00e1c nhau.<\/p>\n<\/li>\n<li data-start=\"2644\" data-end=\"2724\">\n<p data-start=\"2646\" data-end=\"2724\"><strong data-start=\"2646\" data-end=\"2667\">B\u1ed9 n\u1ed1i h\u00e0n Boss:<\/strong> Cung c\u1ea5p m\u1ed9t ph\u01b0\u01a1ng ti\u1ec7n \u0111\u1ec3 g\u1eafn m\u1ed9t ph\u1ee5 ki\u1ec7n ren v\u00e0o \u1ed1ng.<\/p>\n<\/li>\n<li data-start=\"2726\" data-end=\"2816\">\n<p data-start=\"2728\" data-end=\"2816\"><strong data-start=\"2728\" data-end=\"2750\">K\u1ebft n\u1ed1i h\u00e0n socket:<\/strong> Cho ph\u00e9p th\u00e1o r\u1eddi v\u00e0 l\u1eafp l\u1ea1i h\u1ec7 th\u1ed1ng \u1ed1ng d\u1eabn m\u1ed9t c\u00e1ch d\u1ec5 d\u00e0ng.<\/p>\n<\/li>\n<li data-start=\"2818\" data-end=\"2906\">\n<p data-start=\"2820\" data-end=\"2906\"><strong data-start=\"2820\" data-end=\"2854\">C\u1ed5ng nh\u00e1nh h\u00e0n 90\u00b0:<\/strong> Cung c\u1ea5p m\u1ed9t nh\u00e1nh 90 \u0111\u1ed9 t\u1eeb \u0111\u01b0\u1eddng \u1ed1ng ch\u00ednh.<\/p>\n<\/li>\n<li data-start=\"2908\" data-end=\"2999\">\n<p data-start=\"2910\" data-end=\"2999\"><strong data-start=\"2910\" data-end=\"2942\">C\u1ed5ng nh\u00e1nh h\u00e0n \u0111\u1ed1i \u0111\u1ea7u 90\u00b0:<\/strong> Cung c\u1ea5p k\u1ebft n\u1ed1i nh\u00e1nh g\u00f3c 90 \u0111\u1ed9 b\u1eb1ng ph\u01b0\u01a1ng ph\u00e1p h\u00e0n \u0111\u1ed1i \u0111\u1ea7u.<\/p>\n<\/li>\n<li data-start=\"3001\" data-end=\"3088\">\n<p data-start=\"3003\" data-end=\"3088\"><strong data-start=\"3003\" data-end=\"3037\">C\u1ed5ng nh\u00e1nh h\u00e0n socket 45\u00b0:<\/strong> Cho ph\u00e9p t\u1ea1o m\u1ed9t nh\u00e1nh 45 \u0111\u1ed9 t\u1eeb \u0111\u01b0\u1eddng \u1ed1ng ch\u00ednh.<\/p>\n<\/li>\n<li data-start=\"3090\" data-end=\"3183\">\n<p data-start=\"3092\" data-end=\"3183\"><strong data-start=\"3092\" data-end=\"3124\">C\u1ed5ng nh\u00e1nh h\u00e0n m\u00f4ng 45\u00b0:<\/strong> Cung c\u1ea5p k\u1ebft n\u1ed1i nh\u00e1nh g\u00f3c 45 \u0111\u1ed9 b\u1eb1ng ph\u01b0\u01a1ng ph\u00e1p h\u00e0n \u0111\u1ed1i \u0111\u1ea7u.<\/p>\n<\/li>\n<li data-start=\"3185\" data-end=\"3274\">\n<p data-start=\"3187\" data-end=\"3274\"><strong data-start=\"3187\" data-end=\"3220\">C\u1ed5ng ra g\u00f3c 90\u00b0 h\u00e0n socket:<\/strong> Cho ph\u00e9p l\u1eafp \u0111\u1eb7t \u1ed1ng nh\u00e1nh vu\u00f4ng g\u00f3c 90 \u0111\u1ed9 t\u1eeb \u1ed1ng ch\u00ednh.<\/p>\n<\/li>\n<li data-start=\"3276\" data-end=\"3366\">\n<p data-start=\"3278\" data-end=\"3366\"><strong data-start=\"3278\" data-end=\"3309\">C\u00fat g\u00f3c 90\u00b0 h\u00e0n m\u00f4ng:<\/strong> Cung c\u1ea5p k\u1ebft n\u1ed1i \u1ed1ng ra g\u00f3c 90 \u0111\u1ed9 b\u1eb1ng ph\u01b0\u01a1ng ph\u00e1p h\u00e0n \u0111\u1ed1i \u0111\u1ea7u.<\/p>\n<\/li>\n<li data-start=\"3368\" data-end=\"3470\">\n<p data-start=\"3370\" data-end=\"3470\"><strong data-start=\"3370\" data-end=\"3405\">\u0110\u1ea7u n\u1ed1i nh\u00e1nh n\u00fam v\u00fa h\u00e0n \u0111\u1ed1i \u0111\u1ea7u:<\/strong> H\u1ed7 tr\u1ee3 k\u1ebft n\u1ed1i nh\u00e1nh b\u1eb1ng c\u00e1ch s\u1eed d\u1ee5ng \u1ed1ng n\u1ed1i v\u00e0 h\u00e0n \u0111\u1ed1i \u0111\u1ea7u.<\/p>\n<\/li>\n<\/ul>\n<p data-start=\"3472\" data-end=\"3488\"><strong data-start=\"3472\" data-end=\"3488\">\u1ee8ng d\u1ee5ng<\/strong><\/p>\n<p data-start=\"3490\" data-end=\"3558\">C\u00e1c ph\u1ee5 ki\u1ec7n h\u00e0n socket l\u00e0 th\u00e0nh ph\u1ea7n quan tr\u1ecdng trong nhi\u1ec1u ng\u00e0nh c\u00f4ng nghi\u1ec7p, bao g\u1ed3m:<\/p>\n<ul data-start=\"3560\" data-end=\"4323\">\n<li data-start=\"3560\" data-end=\"3721\">\n<p data-start=\"3562\" data-end=\"3721\"><strong data-start=\"3562\" data-end=\"3589\">Ng\u00e0nh c\u00f4ng nghi\u1ec7p h\u00f3a d\u1ea7u:<\/strong> \u0110\u01b0\u1ee3c s\u1eed d\u1ee5ng trong v\u1eadn chuy\u1ec3n h\u00f3a ch\u1ea5t v\u00e0 kh\u00ed, y\u00eau c\u1ea7u c\u00e1c ph\u1ee5 ki\u1ec7n c\u00f3 kh\u1ea3 n\u0103ng ch\u1ecbu \u0111\u01b0\u1ee3c \u00e1p su\u1ea5t cao v\u00e0 m\u00f4i tr\u01b0\u1eddng \u0103n m\u00f2n.<\/p>\n<\/li>\n<li data-start=\"3723\" data-end=\"3834\">\n<p data-start=\"3725\" data-end=\"3834\"><strong data-start=\"3725\" data-end=\"3750\">Ng\u00e0nh D\u1ea7u kh\u00ed:<\/strong> \u0110\u00f3ng vai tr\u00f2 quan tr\u1ecdng trong vi\u1ec7c k\u1ebft n\u1ed1i c\u00e1c \u0111\u01b0\u1eddng \u1ed1ng trong c\u00e1c qu\u00e1 tr\u00ecnh th\u0103m d\u00f2, khoan v\u00e0 l\u1ecdc d\u1ea7u.<\/p>\n<\/li>\n<li data-start=\"3836\" data-end=\"3959\">\n<p data-start=\"3838\" data-end=\"3959\"><strong data-start=\"3838\" data-end=\"3859\">S\u1ea3n xu\u1ea5t \u0111i\u1ec7n:<\/strong> \u0110\u01b0\u1ee3c s\u1eed d\u1ee5ng trong c\u00e1c h\u1ec7 th\u1ed1ng h\u01a1i n\u01b0\u1edbc v\u00e0 n\u01b0\u1edbc trong nh\u00e0 m\u00e1y \u0111i\u1ec7n, n\u01a1i c\u00e1c k\u1ebft n\u1ed1i \u00e1p su\u1ea5t cao l\u00e0 y\u1ebfu t\u1ed1 quan tr\u1ecdng.<\/p>\n<\/li>\n<li data-start=\"3961\" data-end=\"4075\">\n<p data-start=\"3963\" data-end=\"4075\"><strong data-start=\"3963\" data-end=\"3977\">H\u00e0ng kh\u00f4ng v\u0169 tr\u1ee5:<\/strong> \u0110\u01b0\u1ee3c s\u1eed d\u1ee5ng trong h\u1ec7 th\u1ed1ng m\u00e1y bay, y\u00eau c\u1ea7u c\u00e1c ph\u1ee5 ki\u1ec7n nh\u1eb9 nh\u01b0ng ch\u1eafc ch\u1eafn cho c\u00e1c \u1ee9ng d\u1ee5ng \u0111a d\u1ea1ng.<\/p>\n<\/li>\n<li data-start=\"4077\" data-end=\"4189\">\n<p data-start=\"4079\" data-end=\"4189\"><strong data-start=\"4079\" data-end=\"4117\">H\u1ec7 th\u1ed1ng n\u1ed3i h\u01a1i v\u00e0 trao \u0111\u1ed5i nhi\u1ec7t:<\/strong> \u0110i\u1ec1u c\u1ea7n thi\u1ebft \u0111\u1ec3 duy tr\u00ec hi\u1ec7u qu\u1ea3 truy\u1ec1n nhi\u1ec7t v\u00e0 ki\u1ec3m so\u00e1t \u00e1p su\u1ea5t.<\/p>\n<\/li>\n<li data-start=\"4191\" data-end=\"4323\">\n<p data-start=\"4193\" data-end=\"4323\"><strong data-start=\"4193\" data-end=\"4227\">S\u1ea3n xu\u1ea5t b\u00ecnh ch\u1ee9a \u00e1p l\u1ef1c:<\/strong> \u0110\u01b0\u1ee3c s\u1eed d\u1ee5ng \u0111\u1ec3 \u0111\u1ea3m b\u1ea3o t\u00ednh to\u00e0n v\u1eb9n v\u00e0 an to\u00e0n c\u1ee7a c\u00e1c b\u00ecnh ch\u1ee9a \u00e1p l\u1ef1c trong c\u00e1c \u1ee9ng d\u1ee5ng c\u00f4ng nghi\u1ec7p kh\u00e1c nhau.<\/p>\n<\/li>\n<\/ul>\n<p data-start=\"4325\" data-end=\"4352\"><strong data-start=\"4325\" data-end=\"4352\">Th\u00f4ng s\u1ed1 k\u1ef9 thu\u1eadt v\u1eadt li\u1ec7u<\/strong><\/p>\n<p data-start=\"4354\" data-end=\"4441\">C\u00e1c ph\u1ee5 ki\u1ec7n h\u00e0n socket c\u00f3 s\u1eb5n trong nhi\u1ec1u lo\u1ea1i v\u1eadt li\u1ec7u \u0111\u1ec3 ph\u00f9 h\u1ee3p v\u1edbi c\u00e1c \u1ee9ng d\u1ee5ng kh\u00e1c nhau:<\/p>\n<ul data-start=\"4443\" data-end=\"4901\">\n<li data-start=\"4443\" data-end=\"4565\">\n<p data-start=\"4445\" data-end=\"4565\"><strong data-start=\"4445\" data-end=\"4474\">Th\u00e9p carbon (ASTM A105):<\/strong> Th\u01b0\u1eddng \u0111\u01b0\u1ee3c s\u1eed d\u1ee5ng cho c\u00e1c \u1ee9ng d\u1ee5ng \u0111a n\u0103ng nh\u1edd v\u00e0o \u0111\u1ed9 b\u1ec1n v\u00e0 t\u00ednh kinh t\u1ebf c\u1ee7a n\u00f3.<\/p>\n<\/li>\n<li data-start=\"4567\" data-end=\"4675\">\n<p data-start=\"4569\" data-end=\"4675\"><strong data-start=\"4569\" data-end=\"4597\">Th\u00e9p kh\u00f4ng g\u1ec9 (SS316):<\/strong> Cung c\u1ea5p kh\u1ea3 n\u0103ng ch\u1ed1ng \u0103n m\u00f2n v\u01b0\u1ee3t tr\u1ed9i, khi\u1ebfn n\u00f3 tr\u1edf th\u00e0nh l\u1ef1a ch\u1ecdn l\u00fd t\u01b0\u1edfng cho c\u00e1c m\u00f4i tr\u01b0\u1eddng kh\u1eafc nghi\u1ec7t.<\/p>\n<\/li>\n<li data-start=\"4677\" data-end=\"4772\">\n<p data-start=\"4679\" data-end=\"4772\"><strong data-start=\"4679\" data-end=\"4695\">Th\u00e9p h\u1ee3p kim:<\/strong> Cung c\u1ea5p \u0111\u1ed9 b\u1ec1n cao v\u00e0 kh\u1ea3 n\u0103ng ch\u1ecbu nhi\u1ec7t cho c\u00e1c \u1ee9ng d\u1ee5ng chuy\u00ean d\u1ee5ng.<\/p>\n<\/li>\n<li data-start=\"4774\" data-end=\"4901\">\n<p data-start=\"4776\" data-end=\"4901\"><strong data-start=\"4776\" data-end=\"4809\">Th\u00e9p kh\u00f4ng g\u1ec9 Super Duplex:<\/strong> K\u1ebft h\u1ee3p \u0111\u1ed9 b\u1ec1n cao v\u00e0 kh\u1ea3 n\u0103ng ch\u1ed1ng \u0103n m\u00f2n xu\u1ea5t s\u1eafc, ph\u00f9 h\u1ee3p cho \u0111i\u1ec1u ki\u1ec7n kh\u1eafc nghi\u1ec7t.<\/p>\n<\/li>\n<\/ul>\n<p data-start=\"4903\" data-end=\"4935\"><strong data-start=\"4903\" data-end=\"4935\">Ti\u00eau chu\u1ea9n v\u00e0 Quy \u0111\u1ecbnh<\/strong><\/p>\n<p data-start=\"4937\" data-end=\"5049\">C\u00e1c ph\u1ee5 ki\u1ec7n h\u00e0n socket \u0111\u01b0\u1ee3c s\u1ea3n xu\u1ea5t theo ti\u00eau chu\u1ea9n ng\u00e0nh \u0111\u1ec3 \u0111\u1ea3m b\u1ea3o ch\u1ea5t l\u01b0\u1ee3ng v\u00e0 t\u00ednh t\u01b0\u01a1ng th\u00edch:<\/p>\n<ul data-start=\"5051\" data-end=\"5489\">\n<li data-start=\"5051\" data-end=\"5224\">\n<p data-start=\"5053\" data-end=\"5224\"><strong data-start=\"5053\" data-end=\"5069\">ASME B16.11:<\/strong> X\u00e1c \u0111\u1ecbnh c\u00e1c y\u00eau c\u1ea7u \u0111\u1ed1i v\u1edbi ph\u1ee5 ki\u1ec7n th\u00e9p \u0111\u00fac, bao g\u1ed3m c\u00e1c th\u00f4ng s\u1ed1 v\u1ec1 \u00e1p su\u1ea5t v\u00e0 nhi\u1ec7t \u0111\u1ed9, k\u00edch th\u01b0\u1edbc, dung sai, k\u00fd hi\u1ec7u v\u00e0 y\u00eau c\u1ea7u v\u1ec1 v\u1eadt li\u1ec7u.<\/p>\n<\/li>\n<li data-start=\"5226\" data-end=\"5380\">\n<p data-start=\"5228\" data-end=\"5380\"><strong data-start=\"5228\" data-end=\"5251\">MSS-SP-79\/83\/95\/97:<\/strong> Ti\u00eau chu\u1ea9n do Hi\u1ec7p h\u1ed9i Ti\u00eau chu\u1ea9n H\u00f3a c\u1ee7a Nh\u00e0 s\u1ea3n xu\u1ea5t (Manufacturers Standardization Society) thi\u1ebft l\u1eadp cho c\u00e1c ph\u1ee5 ki\u1ec7n \u0111\u00fac, \u00e1p d\u1ee5ng cho c\u00e1c l\u1edbp \u00e1p su\u1ea5t v\u00e0 v\u1eadt li\u1ec7u kh\u00e1c nhau.<\/p>\n<\/li>\n<li data-start=\"5382\" data-end=\"5489\">\n<p data-start=\"5384\" data-end=\"5489\"><strong data-start=\"5384\" data-end=\"5395\">BS3799:<\/strong> Ti\u00eau chu\u1ea9n Anh Qu\u1ed1c cho c\u00e1c ph\u1ee5 ki\u1ec7n th\u00e9p r\u00e8n, \u0111\u1ea3m b\u1ea3o t\u00ednh t\u01b0\u01a1ng th\u00edch qu\u1ed1c t\u1ebf v\u00e0 ch\u1ea5t l\u01b0\u1ee3ng.<\/p>\n<\/li>\n<\/ul>","protected":false},"excerpt":{"rendered":"<p data-pm-slice=\"1 1 []\">V\u1eadt li\u1ec7u: ASTM A182 (F304, F304L, F316, F316L, F304H, F316H, F317L, F321, F11, F22, F91)<\/p>\n<p>ASTM A105, A350 LF2, A106 Lo\u1ea1i B, A234 WPB, A312, A403<\/p>\n<p>K\u00edch th\u01b0\u1edbc: ASME 16.11, MSS SP-79, 83, 95, 97 v\u00e0 BS3799<\/p>\n<p>\u00c1p su\u1ea5t \u0111\u1ecbnh m\u1ee9c: 3000 lbs, 6000 lbs, 9000 lbs<\/p>\n<p>K\u00edch th\u01b0\u1edbc: NPS 1\/8\u201d ~ 4\u201d (DN6 ~ DN100)<\/p>","protected":false},"featured_media":2470,"comment_status":"open","ping_status":"closed","template":"","meta":{"_gspb_post_css":""},"product_brand":[397],"product_cat":[395],"product_tag":[445],"class_list":{"0":"post-2473","1":"product","2":"type-product","3":"status-publish","4":"has-post-thumbnail","6":"product_brand-hfittings","7":"product_cat-forged-pipe-fittings","8":"product_tag-socket-weld-pipe-fittings","10":"first","11":"instock","12":"sale","13":"shipping-taxable","14":"purchasable","15":"product-type-simple"},"_links":{"self":[{"href":"https:\/\/hfittings.com\/vi\/wp-json\/wp\/v2\/product\/2473","targetHints":{"allow":["GET"]}}],"collection":[{"href":"https:\/\/hfittings.com\/vi\/wp-json\/wp\/v2\/product"}],"about":[{"href":"https:\/\/hfittings.com\/vi\/wp-json\/wp\/v2\/types\/product"}],"replies":[{"embeddable":true,"href":"https:\/\/hfittings.com\/vi\/wp-json\/wp\/v2\/comments?post=2473"}],"wp:featuredmedia":[{"embeddable":true,"href":"https:\/\/hfittings.com\/vi\/wp-json\/wp\/v2\/media\/2470"}],"wp:attachment":[{"href":"https:\/\/hfittings.com\/vi\/wp-json\/wp\/v2\/media?parent=2473"}],"wp:term":[{"taxonomy":"product_brand","embeddable":true,"href":"https:\/\/hfittings.com\/vi\/wp-json\/wp\/v2\/product_brand?post=2473"},{"taxonomy":"product_cat","embeddable":true,"href":"https:\/\/hfittings.com\/vi\/wp-json\/wp\/v2\/product_cat?post=2473"},{"taxonomy":"product_tag","embeddable":true,"href":"https:\/\/hfittings.com\/vi\/wp-json\/wp\/v2\/product_tag?post=2473"}],"curies":[{"name":"wp","href":"https:\/\/api.w.org\/{rel}","templated":true}]}}