{"id":2469,"date":"2025-02-13T09:03:50","date_gmt":"2025-02-13T09:03:50","guid":{"rendered":"https:\/\/hfittings.com\/?post_type=product&#038;p=2469"},"modified":"2025-03-24T08:57:24","modified_gmt":"2025-03-24T08:57:24","slug":"forged-pipe-fittings","status":"publish","type":"product","link":"https:\/\/hfittings.com\/vi\/product\/forged-pipe-fittings\/","title":{"rendered":"Ph\u1ee5 ki\u1ec7n \u1ed1ng th\u00e9p \u0111\u00fac"},"content":{"rendered":"<p data-start=\"0\" data-end=\"79\"><strong data-start=\"0\" data-end=\"79\">Ph\u1ee5 ki\u1ec7n \u1ed1ng h\u00e0n: Th\u00e0nh ph\u1ea7n thi\u1ebft y\u1ebfu cho h\u1ec7 th\u1ed1ng \u1ed1ng d\u1eabn \u00e1p su\u1ea5t cao<\/strong><\/p>\n<p data-start=\"81\" data-end=\"552\">C\u00e1c ph\u1ee5 ki\u1ec7n \u1ed1ng \u0111\u00fac l\u00e0 th\u00e0nh ph\u1ea7n quan tr\u1ecdng trong vi\u1ec7c t\u1ea1o ra c\u00e1c k\u1ebft n\u1ed1i ch\u1eafc ch\u1eafn, kh\u00f4ng r\u00f2 r\u1ec9 trong h\u1ec7 th\u1ed1ng \u1ed1ng d\u1eabn \u00e1p su\u1ea5t cao. \u0110\u01b0\u1ee3c s\u1ea3n xu\u1ea5t th\u00f4ng qua qu\u00e1 tr\u00ecnh \u0111\u00fac, c\u00e1c ph\u1ee5 ki\u1ec7n n\u00e0y \u0111\u01b0\u1ee3c thi\u1ebft k\u1ebf \u0111\u1ec3 l\u1eafp r\u00e1p b\u1eb1ng c\u00e1ch v\u1eb7n ren ho\u1eb7c h\u00e0n socket v\u00e0o \u0111\u1ea7u \u1ed1ng ho\u1eb7c c\u00e1c ph\u1ee5 ki\u1ec7n kh\u00e1c, \u0111\u1ea3m b\u1ea3o k\u1ebft n\u1ed1i li\u1ec1n m\u1ea1ch v\u00e0 b\u1ec1n b\u1ec9. Ch\u00fang \u0111\u01b0\u1ee3c \u1ee9ng d\u1ee5ng r\u1ed9ng r\u00e3i trong nhi\u1ec1u ng\u00e0nh c\u00f4ng nghi\u1ec7p, bao g\u1ed3m h\u00f3a d\u1ea7u, d\u1ea7u kh\u00ed, s\u1ea3n xu\u1ea5t \u0111i\u1ec7n, h\u00e0ng kh\u00f4ng v\u0169 tr\u1ee5, n\u1ed3i h\u01a1i, trao \u0111\u1ed5i nhi\u1ec7t v\u00e0 c\u00e1c \u1ee9ng d\u1ee5ng li\u00ean quan \u0111\u1ebfn b\u00ecnh \u00e1p l\u1ef1c.<\/p>\n<figure id=\"attachment_2470\" aria-describedby=\"caption-attachment-2470\" style=\"width: 300px\" class=\"wp-caption alignleft\"><a href=\"https:\/\/hfittings.com\/vi\/product\/socket-weld-pipe-fittings\/\"><img decoding=\"async\" class=\"wp-image-2470 size-medium\" src=\"https:\/\/hfittings.com\/wp-content\/uploads\/2025\/02\/socket-weld-pipe-fittings-300x300.jpg\" alt=\"Ph\u1ee5 ki\u1ec7n \u1ed1ng th\u00e9p \u0111\u00fac\" width=\"300\" height=\"300\" data-wp-editing=\"1\" srcset=\"https:\/\/hfittings.com\/wp-content\/uploads\/2025\/02\/socket-weld-pipe-fittings-300x300.jpg 300w, https:\/\/hfittings.com\/wp-content\/uploads\/2025\/02\/socket-weld-pipe-fittings-150x150.jpg 150w, https:\/\/hfittings.com\/wp-content\/uploads\/2025\/02\/socket-weld-pipe-fittings-500x500.jpg 500w, https:\/\/hfittings.com\/wp-content\/uploads\/2025\/02\/socket-weld-pipe-fittings.jpg 660w\" sizes=\"(max-width: 300px) 100vw, 300px\" \/><\/a><figcaption id=\"caption-attachment-2470\" class=\"wp-caption-text\">Ph\u1ee5 ki\u1ec7n \u1ed1ng h\u00e0n socket<\/figcaption><\/figure>\n<figure id=\"attachment_2471\" aria-describedby=\"caption-attachment-2471\" style=\"width: 300px\" class=\"wp-caption alignleft\"><a href=\"https:\/\/hfittings.com\/vi\/product\/threaded-pipe-fittings\/\"><img decoding=\"async\" class=\"size-medium wp-image-2471\" src=\"https:\/\/hfittings.com\/wp-content\/uploads\/2025\/02\/threaded-pipe-fittings-300x300.jpg\" alt=\"Ph\u1ee5 ki\u1ec7n \u1ed1ng ren\" width=\"300\" height=\"300\" srcset=\"https:\/\/hfittings.com\/wp-content\/uploads\/2025\/02\/threaded-pipe-fittings-300x300.jpg 300w, https:\/\/hfittings.com\/wp-content\/uploads\/2025\/02\/threaded-pipe-fittings-150x150.jpg 150w, https:\/\/hfittings.com\/wp-content\/uploads\/2025\/02\/threaded-pipe-fittings-768x768.jpg 768w, https:\/\/hfittings.com\/wp-content\/uploads\/2025\/02\/threaded-pipe-fittings-500x500.jpg 500w, https:\/\/hfittings.com\/wp-content\/uploads\/2025\/02\/threaded-pipe-fittings.jpg 800w\" sizes=\"(max-width: 300px) 100vw, 300px\" \/><\/a><figcaption id=\"caption-attachment-2471\" class=\"wp-caption-text\">Ph\u1ee5 ki\u1ec7n \u1ed1ng ren<\/figcaption><\/figure>\n<p data-start=\"554\" data-end=\"583\"><strong data-start=\"554\" data-end=\"583\">T\u00ednh n\u0103ng ch\u00ednh v\u00e0 L\u1ee3i \u00edch<\/strong><\/p>\n<ul data-start=\"585\" data-end=\"1455\">\n<li data-start=\"585\" data-end=\"739\">\n<p data-start=\"587\" data-end=\"739\"><strong data-start=\"587\" data-end=\"607\">\u0110\u1ed9 b\u1ec1n cao:<\/strong> C\u00e1c ph\u1ee5 ki\u1ec7n \u1ed1ng th\u00e9p \u0111\u00fac \u0111\u01b0\u1ee3c bi\u1ebft \u0111\u1ebfn v\u1edbi \u0111\u1ed9 b\u1ec1n v\u01b0\u1ee3t tr\u1ed9i v\u00e0 kh\u1ea3 n\u0103ng ch\u1ed1ng m\u00e0i m\u00f2n, khi\u1ebfn ch\u00fang tr\u1edf th\u00e0nh l\u1ef1a ch\u1ecdn l\u00fd t\u01b0\u1edfng cho c\u00e1c \u1ee9ng d\u1ee5ng \u0111\u00f2i h\u1ecfi kh\u1eaft khe.<\/p>\n<\/li>\n<li data-start=\"741\" data-end=\"888\">\n<p data-start=\"743\" data-end=\"888\"><strong data-start=\"743\" data-end=\"768\">\u0110\u1ed9 ch\u00ednh x\u00e1c k\u00edch th\u01b0\u1edbc:<\/strong> \u0110\u01b0\u1ee3c s\u1ea3n xu\u1ea5t theo c\u00e1c ti\u00eau chu\u1ea9n ch\u00ednh x\u00e1c, c\u00e1c ph\u1ee5 ki\u1ec7n n\u00e0y \u0111\u1ea3m b\u1ea3o s\u1ef1 v\u1eeba v\u1eb7n ho\u00e0n h\u1ea3o v\u00e0 hi\u1ec7u su\u1ea5t \u0111\u00e1ng tin c\u1eady trong h\u1ec7 th\u1ed1ng \u1ed1ng d\u1eabn.<\/p>\n<\/li>\n<li data-start=\"890\" data-end=\"1044\">\n<p data-start=\"892\" data-end=\"1044\"><strong data-start=\"892\" data-end=\"910\">B\u1ec1 m\u1eb7t m\u1ecbn m\u00e0ng:<\/strong> Qu\u00e1 tr\u00ecnh r\u00e8n t\u1ea1o ra b\u1ec1 m\u1eb7t nh\u1eb5n m\u1ecbn, gi\u1ea3m nguy c\u01a1 \u0103n m\u00f2n v\u00e0 gi\u00fap d\u00f2ng ch\u1ea3y trong \u1ed1ng di\u1ec5n ra d\u1ec5 d\u00e0ng h\u01a1n.<\/p>\n<\/li>\n<li data-start=\"1046\" data-end=\"1219\">\n<p data-start=\"1048\" data-end=\"1219\"><strong data-start=\"1048\" data-end=\"1075\">Hi\u1ec7u su\u1ea5t ch\u1ed1ng r\u00f2 r\u1ec9:<\/strong> \u0110\u01b0\u1ee3c thi\u1ebft k\u1ebf \u0111\u1ec3 ch\u1ecbu \u0111\u01b0\u1ee3c \u00e1p su\u1ea5t cao, c\u00e1c ph\u1ee5 ki\u1ec7n \u0111\u00fac cung c\u1ea5p c\u00e1c k\u1ebft n\u1ed1i kh\u00f4ng r\u00f2 r\u1ec9, n\u00e2ng cao t\u00ednh an to\u00e0n v\u00e0 hi\u1ec7u qu\u1ea3 c\u1ee7a h\u1ec7 th\u1ed1ng \u1ed1ng d\u1eabn.<\/p>\n<\/li>\n<li data-start=\"1221\" data-end=\"1455\">\n<p data-start=\"1223\" data-end=\"1455\"><strong data-start=\"1223\" data-end=\"1248\">Kh\u1ea3 n\u0103ng ch\u1ed1ng \u0103n m\u00f2n:<\/strong> \u0110\u01b0\u1ee3c ch\u1ebf t\u1ea1o t\u1eeb c\u00e1c v\u1eadt li\u1ec7u nh\u01b0 th\u00e9p kh\u00f4ng g\u1ec9, th\u00e9p carbon, th\u00e9p h\u1ee3p kim v\u00e0 th\u00e9p kh\u00f4ng g\u1ec9 si\u00eau duplex, c\u00e1c ph\u1ee5 ki\u1ec7n n\u00e0y c\u00f3 kh\u1ea3 n\u0103ng ch\u1ed1ng \u0103n m\u00f2n xu\u1ea5t s\u1eafc, gi\u00fap k\u00e9o d\u00e0i tu\u1ed5i th\u1ecd c\u1ee7a h\u1ec7 th\u1ed1ng \u1ed1ng d\u1eabn.<\/p>\n<\/li>\n<\/ul>\n<p data-start=\"1457\" data-end=\"1473\"><strong data-start=\"1457\" data-end=\"1473\">\u1ee8ng d\u1ee5ng<\/strong><\/p>\n<p data-start=\"1475\" data-end=\"1543\">C\u00e1c ph\u1ee5 ki\u1ec7n \u1ed1ng th\u00e9p \u0111\u00fac l\u00e0 th\u00e0nh ph\u1ea7n kh\u00f4ng th\u1ec3 thi\u1ebfu trong nhi\u1ec1u ng\u00e0nh c\u00f4ng nghi\u1ec7p, bao g\u1ed3m:<\/p>\n<ul data-start=\"1545\" data-end=\"2308\">\n<li data-start=\"1545\" data-end=\"1706\">\n<p data-start=\"1547\" data-end=\"1706\"><strong data-start=\"1547\" data-end=\"1574\">Ng\u00e0nh c\u00f4ng nghi\u1ec7p h\u00f3a d\u1ea7u:<\/strong> \u0110\u01b0\u1ee3c s\u1eed d\u1ee5ng trong v\u1eadn chuy\u1ec3n h\u00f3a ch\u1ea5t v\u00e0 kh\u00ed, y\u00eau c\u1ea7u c\u00e1c ph\u1ee5 ki\u1ec7n c\u00f3 kh\u1ea3 n\u0103ng ch\u1ecbu \u0111\u01b0\u1ee3c \u00e1p su\u1ea5t cao v\u00e0 m\u00f4i tr\u01b0\u1eddng \u0103n m\u00f2n.<\/p>\n<\/li>\n<li data-start=\"1708\" data-end=\"1819\">\n<p data-start=\"1710\" data-end=\"1819\"><strong data-start=\"1710\" data-end=\"1735\">Ng\u00e0nh D\u1ea7u kh\u00ed:<\/strong> \u0110\u00f3ng vai tr\u00f2 quan tr\u1ecdng trong vi\u1ec7c k\u1ebft n\u1ed1i c\u00e1c \u0111\u01b0\u1eddng \u1ed1ng trong c\u00e1c qu\u00e1 tr\u00ecnh th\u0103m d\u00f2, khoan v\u00e0 l\u1ecdc d\u1ea7u.<\/p>\n<\/li>\n<li data-start=\"1821\" data-end=\"1944\">\n<p data-start=\"1823\" data-end=\"1944\"><strong data-start=\"1823\" data-end=\"1844\">S\u1ea3n xu\u1ea5t \u0111i\u1ec7n:<\/strong> \u0110\u01b0\u1ee3c s\u1eed d\u1ee5ng trong c\u00e1c h\u1ec7 th\u1ed1ng h\u01a1i n\u01b0\u1edbc v\u00e0 n\u01b0\u1edbc trong nh\u00e0 m\u00e1y \u0111i\u1ec7n, n\u01a1i c\u00e1c k\u1ebft n\u1ed1i \u00e1p su\u1ea5t cao l\u00e0 y\u1ebfu t\u1ed1 quan tr\u1ecdng.<\/p>\n<\/li>\n<li data-start=\"1946\" data-end=\"2060\">\n<p data-start=\"1948\" data-end=\"2060\"><strong data-start=\"1948\" data-end=\"1962\">H\u00e0ng kh\u00f4ng v\u0169 tr\u1ee5:<\/strong> \u0110\u01b0\u1ee3c s\u1eed d\u1ee5ng trong h\u1ec7 th\u1ed1ng m\u00e1y bay, y\u00eau c\u1ea7u c\u00e1c ph\u1ee5 ki\u1ec7n nh\u1eb9 nh\u01b0ng ch\u1eafc ch\u1eafn cho c\u00e1c \u1ee9ng d\u1ee5ng \u0111a d\u1ea1ng.<\/p>\n<\/li>\n<li data-start=\"2062\" data-end=\"2174\">\n<p data-start=\"2064\" data-end=\"2174\"><strong data-start=\"2064\" data-end=\"2102\">H\u1ec7 th\u1ed1ng n\u1ed3i h\u01a1i v\u00e0 trao \u0111\u1ed5i nhi\u1ec7t:<\/strong> \u0110i\u1ec1u c\u1ea7n thi\u1ebft \u0111\u1ec3 duy tr\u00ec hi\u1ec7u qu\u1ea3 truy\u1ec1n nhi\u1ec7t v\u00e0 ki\u1ec3m so\u00e1t \u00e1p su\u1ea5t.<\/p>\n<\/li>\n<li data-start=\"2176\" data-end=\"2308\">\n<p data-start=\"2178\" data-end=\"2308\"><strong data-start=\"2178\" data-end=\"2212\">S\u1ea3n xu\u1ea5t b\u00ecnh ch\u1ee9a \u00e1p l\u1ef1c:<\/strong> \u0110\u01b0\u1ee3c s\u1eed d\u1ee5ng \u0111\u1ec3 \u0111\u1ea3m b\u1ea3o t\u00ednh to\u00e0n v\u1eb9n v\u00e0 an to\u00e0n c\u1ee7a c\u00e1c b\u00ecnh ch\u1ee9a \u00e1p l\u1ef1c trong c\u00e1c \u1ee9ng d\u1ee5ng c\u00f4ng nghi\u1ec7p kh\u00e1c nhau.<\/p>\n<\/li>\n<\/ul>\n<p data-start=\"2310\" data-end=\"2337\"><strong data-start=\"2310\" data-end=\"2337\">Th\u00f4ng s\u1ed1 k\u1ef9 thu\u1eadt v\u1eadt li\u1ec7u<\/strong><\/p>\n<p data-start=\"2339\" data-end=\"2426\">C\u00e1c ph\u1ee5 ki\u1ec7n \u1ed1ng th\u00e9p \u0111\u00fac c\u00f3 s\u1eb5n trong nhi\u1ec1u lo\u1ea1i v\u1eadt li\u1ec7u \u0111\u1ec3 ph\u00f9 h\u1ee3p v\u1edbi c\u00e1c \u1ee9ng d\u1ee5ng kh\u00e1c nhau:<\/p>\n<ul data-start=\"2428\" data-end=\"2886\">\n<li data-start=\"2428\" data-end=\"2550\">\n<p data-start=\"2430\" data-end=\"2550\"><strong data-start=\"2430\" data-end=\"2459\">Th\u00e9p carbon (ASTM A105):<\/strong> Th\u01b0\u1eddng \u0111\u01b0\u1ee3c s\u1eed d\u1ee5ng cho c\u00e1c \u1ee9ng d\u1ee5ng \u0111a n\u0103ng nh\u1edd v\u00e0o \u0111\u1ed9 b\u1ec1n v\u00e0 t\u00ednh kinh t\u1ebf c\u1ee7a n\u00f3.<\/p>\n<\/li>\n<li data-start=\"2552\" data-end=\"2660\">\n<p data-start=\"2554\" data-end=\"2660\"><strong data-start=\"2554\" data-end=\"2582\">Th\u00e9p kh\u00f4ng g\u1ec9 (SS316):<\/strong> Cung c\u1ea5p kh\u1ea3 n\u0103ng ch\u1ed1ng \u0103n m\u00f2n v\u01b0\u1ee3t tr\u1ed9i, khi\u1ebfn n\u00f3 tr\u1edf th\u00e0nh l\u1ef1a ch\u1ecdn l\u00fd t\u01b0\u1edfng cho c\u00e1c m\u00f4i tr\u01b0\u1eddng kh\u1eafc nghi\u1ec7t.<\/p>\n<\/li>\n<li data-start=\"2662\" data-end=\"2757\">\n<p data-start=\"2664\" data-end=\"2757\"><strong data-start=\"2664\" data-end=\"2680\">Th\u00e9p h\u1ee3p kim:<\/strong> Cung c\u1ea5p \u0111\u1ed9 b\u1ec1n cao v\u00e0 kh\u1ea3 n\u0103ng ch\u1ecbu nhi\u1ec7t cho c\u00e1c \u1ee9ng d\u1ee5ng chuy\u00ean d\u1ee5ng.<\/p>\n<\/li>\n<li data-start=\"2759\" data-end=\"2886\">\n<p data-start=\"2761\" data-end=\"2886\"><strong data-start=\"2761\" data-end=\"2794\">Th\u00e9p kh\u00f4ng g\u1ec9 Super Duplex:<\/strong> K\u1ebft h\u1ee3p \u0111\u1ed9 b\u1ec1n cao v\u00e0 kh\u1ea3 n\u0103ng ch\u1ed1ng \u0103n m\u00f2n xu\u1ea5t s\u1eafc, ph\u00f9 h\u1ee3p cho \u0111i\u1ec1u ki\u1ec7n kh\u1eafc nghi\u1ec7t.<\/p>\n<\/li>\n<\/ul>\n<p data-start=\"2888\" data-end=\"2920\"><strong data-start=\"2888\" data-end=\"2920\">Ti\u00eau chu\u1ea9n v\u00e0 Quy \u0111\u1ecbnh<\/strong><\/p>\n<p data-start=\"2922\" data-end=\"3034\">C\u00e1c ph\u1ee5 ki\u1ec7n \u1ed1ng th\u00e9p \u0111\u00fac \u0111\u01b0\u1ee3c s\u1ea3n xu\u1ea5t theo ti\u00eau chu\u1ea9n ng\u00e0nh \u0111\u1ec3 \u0111\u1ea3m b\u1ea3o ch\u1ea5t l\u01b0\u1ee3ng v\u00e0 t\u00ednh t\u01b0\u01a1ng th\u00edch:<\/p>\n<ul data-start=\"3036\" data-end=\"3512\">\n<li data-start=\"3036\" data-end=\"3247\">\n<p data-start=\"3038\" data-end=\"3247\"><strong data-start=\"3038\" data-end=\"3054\">ASME B16.11:<\/strong> X\u00e1c \u0111\u1ecbnh c\u00e1c y\u00eau c\u1ea7u \u0111\u1ed1i v\u1edbi ph\u1ee5 ki\u1ec7n th\u00e9p \u0111\u00fac, bao g\u1ed3m c\u00e1c th\u00f4ng s\u1ed1 v\u1ec1 \u00e1p su\u1ea5t v\u00e0 nhi\u1ec7t \u0111\u1ed9, k\u00edch th\u01b0\u1edbc, dung sai, k\u00fd hi\u1ec7u v\u00e0 y\u00eau c\u1ea7u v\u1ec1 v\u1eadt li\u1ec7u.<\/p>\n<\/li>\n<li data-start=\"3249\" data-end=\"3403\">\n<p data-start=\"3251\" data-end=\"3403\"><strong data-start=\"3251\" data-end=\"3274\">MSS-SP-79\/83\/95\/97:<\/strong> Ti\u00eau chu\u1ea9n do Hi\u1ec7p h\u1ed9i Ti\u00eau chu\u1ea9n H\u00f3a c\u1ee7a Nh\u00e0 s\u1ea3n xu\u1ea5t (Manufacturers Standardization Society) thi\u1ebft l\u1eadp cho c\u00e1c ph\u1ee5 ki\u1ec7n \u0111\u00fac, \u00e1p d\u1ee5ng cho c\u00e1c l\u1edbp \u00e1p su\u1ea5t v\u00e0 v\u1eadt li\u1ec7u kh\u00e1c nhau.<\/p>\n<\/li>\n<li data-start=\"3405\" data-end=\"3512\">\n<p data-start=\"3407\" data-end=\"3512\"><strong data-start=\"3407\" data-end=\"3418\">BS3799:<\/strong> Ti\u00eau chu\u1ea9n Anh Qu\u1ed1c cho c\u00e1c ph\u1ee5 ki\u1ec7n th\u00e9p r\u00e8n, \u0111\u1ea3m b\u1ea3o t\u00ednh t\u01b0\u01a1ng th\u00edch qu\u1ed1c t\u1ebf v\u00e0 ch\u1ea5t l\u01b0\u1ee3ng.<\/p>\n<\/li>\n<\/ul>\n<p data-start=\"3514\" data-end=\"3534\"><strong data-start=\"3514\" data-end=\"3534\">\u0110\u00e1nh gi\u00e1 \u00e1p su\u1ea5t<\/strong><\/p>\n<p data-start=\"3536\" data-end=\"3641\">C\u00e1c ph\u1ee5 ki\u1ec7n \u1ed1ng h\u00e0n c\u00f3 s\u1eb5n trong c\u00e1c l\u1edbp \u00e1p su\u1ea5t kh\u00e1c nhau \u0111\u1ec3 \u0111\u00e1p \u1ee9ng c\u00e1c y\u00eau c\u1ea7u c\u1ee5 th\u1ec3 c\u1ee7a \u1ee9ng d\u1ee5ng:<\/p>\n<ul data-start=\"3643\" data-end=\"3827\">\n<li data-start=\"3643\" data-end=\"3703\">\n<p data-start=\"3645\" data-end=\"3703\"><strong data-start=\"3645\" data-end=\"3660\">L\u1edbp 3000:<\/strong> Ph\u00f9 h\u1ee3p cho c\u00e1c \u1ee9ng d\u1ee5ng \u00e1p su\u1ea5t trung b\u00ecnh.<\/p>\n<\/li>\n<li data-start=\"3705\" data-end=\"3760\">\n<p data-start=\"3707\" data-end=\"3760\"><strong data-start=\"3707\" data-end=\"3722\">L\u1edbp 6000:<\/strong> \u0110\u01b0\u1ee3c thi\u1ebft k\u1ebf cho c\u00e1c h\u1ec7 th\u1ed1ng \u00e1p su\u1ea5t cao.<\/p>\n<\/li>\n<li data-start=\"3762\" data-end=\"3827\">\n<p data-start=\"3764\" data-end=\"3827\"><strong data-start=\"3764\" data-end=\"3779\">L\u1edbp 9000:<\/strong> Ph\u00f9 h\u1ee3p cho c\u00e1c \u1ee9ng d\u1ee5ng y\u00eau c\u1ea7u \u00e1p su\u1ea5t c\u1ef1c cao.<\/p>\n<\/li>\n<\/ul>\n<p data-start=\"3829\" data-end=\"3843\"><strong data-start=\"3829\" data-end=\"3843\">K\u1ebft lu\u1eadn<\/strong><\/p>\n<p data-start=\"3845\" data-end=\"4159\">C\u00e1c ph\u1ee5 ki\u1ec7n \u1ed1ng th\u00e9p \u0111\u00fac l\u00e0 th\u00e0nh ph\u1ea7n quan tr\u1ecdng trong h\u1ec7 th\u1ed1ng \u1ed1ng d\u1eabn \u00e1p su\u1ea5t cao, mang l\u1ea1i \u0111\u1ed9 b\u1ec1n, \u0111\u1ed9 b\u1ec1n v\u00e0 \u0111\u1ed9 tin c\u1eady cho nhi\u1ec1u ng\u00e0nh c\u00f4ng nghi\u1ec7p. Kh\u1ea3 n\u0103ng ch\u1ecbu \u0111\u01b0\u1ee3c \u0111i\u1ec1u ki\u1ec7n kh\u1eafc nghi\u1ec7t v\u00e0 cung c\u1ea5p k\u1ebft n\u1ed1i kh\u00f4ng r\u00f2 r\u1ec9 khi\u1ebfn ch\u00fang tr\u1edf th\u00e0nh l\u1ef1a ch\u1ecdn kh\u00f4ng th\u1ec3 thi\u1ebfu trong c\u00e1c \u1ee9ng d\u1ee5ng n\u01a1i an to\u00e0n v\u00e0 hi\u1ec7u su\u1ea5t l\u00e0 \u01b0u ti\u00ean h\u00e0ng \u0111\u1ea7u.<\/p>","protected":false},"excerpt":{"rendered":"<p>Forged Pipe Fittings: Essential Components for High-Pressure Piping Systems Forged pipe fittings are integral to creating robust, leak-proof connections in high-pressure piping systems. Manufactured through a forging process, these fittings are designed to be screwed or socket-welded onto the ends of pipes or other fittings, ensuring a seamless and durable connection. They are widely utilized [&hellip;]<\/p>\n","protected":false},"featured_media":2481,"comment_status":"open","ping_status":"closed","template":"","meta":{"_gspb_post_css":""},"product_brand":[397],"product_cat":[395],"product_tag":[444],"class_list":{"0":"post-2469","1":"product","2":"type-product","3":"status-publish","4":"has-post-thumbnail","6":"product_brand-hfittings","7":"product_cat-forged-pipe-fittings","8":"product_tag-forged-pipe-fittings","10":"first","11":"instock","12":"sale","13":"shipping-taxable","14":"purchasable","15":"product-type-simple"},"_links":{"self":[{"href":"https:\/\/hfittings.com\/vi\/wp-json\/wp\/v2\/product\/2469","targetHints":{"allow":["GET"]}}],"collection":[{"href":"https:\/\/hfittings.com\/vi\/wp-json\/wp\/v2\/product"}],"about":[{"href":"https:\/\/hfittings.com\/vi\/wp-json\/wp\/v2\/types\/product"}],"replies":[{"embeddable":true,"href":"https:\/\/hfittings.com\/vi\/wp-json\/wp\/v2\/comments?post=2469"}],"wp:featuredmedia":[{"embeddable":true,"href":"https:\/\/hfittings.com\/vi\/wp-json\/wp\/v2\/media\/2481"}],"wp:attachment":[{"href":"https:\/\/hfittings.com\/vi\/wp-json\/wp\/v2\/media?parent=2469"}],"wp:term":[{"taxonomy":"product_brand","embeddable":true,"href":"https:\/\/hfittings.com\/vi\/wp-json\/wp\/v2\/product_brand?post=2469"},{"taxonomy":"product_cat","embeddable":true,"href":"https:\/\/hfittings.com\/vi\/wp-json\/wp\/v2\/product_cat?post=2469"},{"taxonomy":"product_tag","embeddable":true,"href":"https:\/\/hfittings.com\/vi\/wp-json\/wp\/v2\/product_tag?post=2469"}],"curies":[{"name":"wp","href":"https:\/\/api.w.org\/{rel}","templated":true}]}}