{"id":2464,"date":"2025-02-12T01:22:10","date_gmt":"2025-02-12T01:22:10","guid":{"rendered":"https:\/\/hfittings.com\/?post_type=product&#038;p=2464"},"modified":"2025-09-12T21:53:10","modified_gmt":"2025-09-12T21:53:10","slug":"flange","status":"publish","type":"product","link":"https:\/\/hfittings.com\/vi\/product\/flange\/","title":{"rendered":"B\u00edch"},"content":{"rendered":"<h2 data-pm-slice=\"1 1 []\"><strong>C\u01a1 b\u1ea3n v\u1ec1 flange: Flange \u1ed1ng ch\u1ea5t l\u01b0\u1ee3ng cao cho c\u00e1c \u1ee9ng d\u1ee5ng c\u00f4ng nghi\u1ec7p<\/strong><br \/>\n<strong>Gi\u1ea3i ph\u00e1p \u0111\u00e1ng tin c\u1eady cho h\u1ec7 th\u1ed1ng \u1ed1ng d\u1eabn c\u1ee7a b\u1ea1n<\/strong><\/h2>\n<p>C\u00e1c m\u1eb7t b\u00edch l\u00e0 th\u00e0nh ph\u1ea7n quan tr\u1ecdng trong vi\u1ec7c k\u1ebft n\u1ed1i h\u1ec7 th\u1ed1ng \u1ed1ng d\u1eabn, \u0111\u1ea3m b\u1ea3o c\u00e1c m\u1ed1i n\u1ed1i an to\u00e0n v\u00e0 kh\u00f4ng r\u00f2 r\u1ec9 v\u1edbi van, thi\u1ebft b\u1ecb v\u00e0 c\u00e1c th\u00e0nh ph\u1ea7n kh\u00e1c. L\u00e0 ph\u01b0\u01a1ng ph\u00e1p k\u1ebft n\u1ed1i ph\u1ed5 bi\u1ebfn th\u1ee9 hai sau h\u00e0n, c\u00e1c m\u1eb7t b\u00edch \u1ed1ng cung c\u1ea5p t\u00ednh linh ho\u1ea1t, d\u1ec5 b\u1ea3o tr\u00ec v\u00e0 kh\u1ea3 n\u0103ng \u0111i\u1ec1u ch\u1ec9nh h\u1ec7 th\u1ed1ng hi\u1ec7u qu\u1ea3.<\/p>\n<figure id=\"attachment_2465\" aria-describedby=\"caption-attachment-2465\" style=\"width: 300px\" class=\"wp-caption alignnone\"><img decoding=\"async\" class=\"size-medium wp-image-2465\" src=\"https:\/\/hfittings.com\/wp-content\/uploads\/2025\/02\/Flange-300x204.jpg\" alt=\"B\u00edch\" width=\"300\" height=\"204\" srcset=\"https:\/\/hfittings.com\/wp-content\/uploads\/2025\/02\/Flange-300x204.jpg 300w, https:\/\/hfittings.com\/wp-content\/uploads\/2025\/02\/Flange-768x521.jpg 768w, https:\/\/hfittings.com\/wp-content\/uploads\/2025\/02\/Flange.jpg 825w\" sizes=\"(max-width: 300px) 100vw, 300px\" \/><figcaption id=\"caption-attachment-2465\" class=\"wp-caption-text\">B\u00edch<\/figcaption><\/figure>\n<h3><strong>T\u1ea1i sao n\u00ean ch\u1ecdn c\u00e1c m\u1eb7t b\u00edch \u1ed1ng c\u1ee7a ch\u00fang t\u00f4i?<\/strong><\/h3>\n<p>S\u1ea3n ph\u1ea9m ch\u1ea5t l\u01b0\u1ee3ng cao c\u1ee7a ch\u00fang t\u00f4i <strong>\u0110ai \u1ed1c b\u1eb1ng th\u00e9p kh\u00f4ng g\u1ec9<\/strong> v\u00e0 c\u00e1c v\u1eadt li\u1ec7u flange chuy\u00ean d\u1ee5ng kh\u00e1c, bao g\u1ed3m <strong>Monel, Inconel v\u00e0 Chrome Moly<\/strong>, \u0111\u01b0\u1ee3c thi\u1ebft k\u1ebf \u0111\u1ec3 \u0111\u00e1p \u1ee9ng c\u00e1c y\u00eau c\u1ea7u \u0111a d\u1ea1ng c\u1ee7a ng\u00e0nh c\u00f4ng nghi\u1ec7p. D\u00f9 l\u00e0 cho <strong>\u00e1p su\u1ea5t cao, nhi\u1ec7t \u0111\u1ed9 cao<\/strong> \u1ee9ng d\u1ee5ng ho\u1eb7c ti\u00eau chu\u1ea9n <strong>H\u1ec7 th\u1ed1ng \u1ed1ng d\u1eabn c\u00f4ng nghi\u1ec7p<\/strong> H\u1ec7 th\u1ed1ng, ch\u00fang t\u00f4i cung c\u1ea5p c\u00e1c gi\u1ea3i ph\u00e1p \u0111\u00e1ng tin c\u1eady v\u00e0 b\u1ec1n b\u1ec9.<\/p>\n<p>M\u1ed9t ti\u00eau chu\u1ea9n <strong>K\u1ebft n\u1ed1i c\u00f3 v\u00e0nh<\/strong> g\u1ed3m ba th\u00e0nh ph\u1ea7n ch\u00ednh:<\/p>\n<ul data-spread=\"false\">\n<li><strong>\u0110ai \u1ed1ng<\/strong><\/li>\n<li><strong>Ph\u1edbt<\/strong><\/li>\n<li><strong>V\u1eb7n \u1ed1c<\/strong><\/li>\n<\/ul>\n<p>B\u1eb1ng c\u00e1ch ch\u1ecdn \u0111\u00fang <strong>C\u00e1c lo\u1ea1i m\u1eb7t b\u00edch, v\u1eadt li\u1ec7u v\u00e0 m\u1ee9c \u00e1p su\u1ea5t<\/strong>, B\u1ea1n \u0111\u1ea3m b\u1ea3o <strong>Hi\u1ec7u su\u1ea5t b\u1ec1n b\u1ec9<\/strong> v\u00e0 <strong>hi\u1ec7u su\u1ea5t t\u1ed1i \u01b0u c\u1ee7a h\u1ec7 th\u1ed1ng<\/strong>.<\/p>\n<div>\n<hr \/>\n<\/div>\n<h3><strong>C\u00e1c lo\u1ea1i m\u1eb7t b\u00edch c\u1ee7a ch\u00fang t\u00f4i v\u00e0 \u1ee9ng d\u1ee5ng c\u1ee7a ch\u00fang<\/strong><\/h3>\n<p>Ch\u00fang t\u00f4i cung c\u1ea5p \u0111\u1ea7y \u0111\u1ee7 c\u00e1c lo\u1ea1i <strong>C\u00e1c lo\u1ea1i m\u1eb7t b\u00edch<\/strong>, m\u1ed7i lo\u1ea1i ph\u00f9 h\u1ee3p v\u1edbi c\u00e1c nhu c\u1ea7u v\u1eadn h\u00e0nh c\u1ee5 th\u1ec3:<\/p>\n<ul data-spread=\"false\">\n<li><strong>C\u00e1c m\u1eb7t b\u00edch c\u00f3 ren:<\/strong> C\u00f2n \u0111\u01b0\u1ee3c g\u1ecdi l\u00e0 <strong>C\u00e1c m\u1eb7t b\u00edch \u0111\u01b0\u1ee3c b\u1eaft v\u00edt<\/strong>, Nh\u1eefng ph\u1ee5 ki\u1ec7n n\u00e0y cho ph\u00e9p l\u1eafp \u0111\u1eb7t nhanh ch\u00f3ng m\u00e0 kh\u00f4ng c\u1ea7n h\u00e0n, ch\u1ec9 c\u1ea7n kh\u1edbp n\u1ed1i ren v\u1edbi \u1ed1ng.<\/li>\n<li><strong>B\u00edch h\u00e0n l\u1ed7 (SW Flange):<\/strong> Ph\u00f9 h\u1ee3p nh\u1ea5t cho <strong>\u00e1p su\u1ea5t th\u1ea5p<\/strong> v\u00e0 <strong>nhi\u1ec7t \u0111\u1ed9 th\u1ea5p<\/strong> \u0110i\u1ec1u ki\u1ec7n, v\u1edbi t\u00ednh n\u0103ng b\u1ea3o m\u1eadt <strong>h\u00e0n fillet<\/strong> K\u1ebft n\u1ed1i.<\/li>\n<li><strong>B\u1ed9 n\u1ed1i tr\u01b0\u1ee3t (SO Flange):<\/strong> M\u1ed9t t\u00f9y ch\u1ecdn \u0111\u01b0\u1ee3c s\u1eed d\u1ee5ng r\u1ed9ng r\u00e3i cho c\u00e1c h\u1ec7 th\u1ed1ng c\u00f3 <strong>T\u1ed1c \u0111\u1ed9 d\u00f2ng ch\u1ea3y cao h\u01a1n<\/strong>, y\u00eau c\u1ea7u <strong>h\u00e0n fillet<\/strong> c\u1ea3 hai b\u00ean.<\/li>\n<li><strong>B\u00edch n\u1ed1i gh\u00e9p (B\u00edch LJ):<\/strong> Nh\u1eefng thi\u1ebft b\u1ecb n\u00e0y s\u1eed d\u1ee5ng m\u1ed9t <strong>Thi\u1ebft k\u1ebf hai m\u1ea3nh<\/strong>, l\u00fd t\u01b0\u1edfng cho <strong>C\u00e1c h\u1ec7 th\u1ed1ng y\u00eau c\u1ea7u th\u00e1o d\u1ee1 th\u01b0\u1eddng xuy\u00ean<\/strong> v\u00e0 <strong>C\u00e1c c\u00f4ng tr\u00ecnh l\u1eafp \u0111\u1eb7t trong kh\u00f4ng gian h\u1ea1n ch\u1ebf<\/strong>.<\/li>\n<li><strong>\u0110\u1ea7u n\u1ed1i h\u00e0n c\u1ed5 (WN Flange):<\/strong> N\u1ed5i ti\u1ebfng v\u1edbi <strong>\u0111\u1ed9 b\u1ec1n cao<\/strong> v\u00e0 <strong>\u0111\u1ed9 b\u1ec1n<\/strong>, c\u00e1c m\u1eb7t b\u00edch n\u00e0y l\u00e0 l\u1ef1a ch\u1ecdn l\u00fd t\u01b0\u1edfng cho <strong>\u00e1p su\u1ea5t cao, nhi\u1ec7t \u0111\u1ed9 cao<\/strong> \u1ee9ng d\u1ee5ng.<\/li>\n<li><strong>N\u1eafp m\u00f9 (N\u1eafp BL):<\/strong> D\u00f9ng \u0111\u1ec3 <strong>C\u00e1ch ly h\u1ec7 th\u1ed1ng<\/strong> ho\u1eb7c <strong>ch\u1ea5m d\u1ee9t<\/strong>, cung c\u1ea5p m\u1ed9t <strong>N\u1eafp \u0111\u1eady ch\u1eafc ch\u1eafn, c\u00f3 th\u1ec3 th\u00e1o r\u1eddi<\/strong>.<\/li>\n<li><strong>C\u00e1c lo\u1ea1i m\u1eb7t b\u00edch chuy\u00ean d\u1ee5ng:<\/strong> Gi\u1ea3i ph\u00e1p t\u00f9y ch\u1ec9nh, bao g\u1ed3m <strong>N\u1eafp h\u00e0n, n\u1eafp h\u00e0n m\u1edf r\u1ed9ng, n\u1eafp h\u00e0n c\u00f3 c\u1ed5 h\u00e0n d\u00e0i, n\u1eafp h\u00e0n c\u00f3 l\u1ed7, v\u00e0 n\u1eafp h\u00e0n thu nh\u1ecf.<\/strong>, \u0111\u01b0\u1ee3c thi\u1ebft k\u1ebf d\u00e0nh ri\u00eang cho c\u00e1c nhu c\u1ea7u \u0111\u1eb7c th\u00f9 c\u1ee7a ng\u00e0nh.<\/li>\n<\/ul>\n<div>\n<hr \/>\n<\/div>\n<h3><strong>C\u00e1c lo\u1ea1i m\u1eb7t b\u00edch cho m\u1ed1i n\u1ed1i k\u00edn an to\u00e0n<\/strong><\/h3>\n<p>Ch\u1ecdn \u0111\u00fang <strong>Lo\u1ea1i m\u1eb7t b\u00edch<\/strong> \u0110i\u1ec1u n\u00e0y l\u00e0 y\u1ebfu t\u1ed1 quan tr\u1ecdng \u0111\u1ed1i v\u1edbi hi\u1ec7u su\u1ea5t h\u1ec7 th\u1ed1ng v\u00e0 kh\u1ea3 n\u0103ng k\u00edn kh\u00edt. Ch\u00fang t\u00f4i cung c\u1ea5p nhi\u1ec1u lo\u1ea1i b\u1ec1 m\u1eb7t kh\u00e1c nhau \u0111\u1ec3 ph\u00f9 h\u1ee3p v\u1edbi nhu c\u1ea7u \u1ee9ng d\u1ee5ng c\u1ee7a b\u1ea1n:<\/p>\n<ul data-spread=\"false\">\n<li><strong>Khu\u00f4n m\u1eb7t ph\u1eb3ng (FF):<\/strong> Ph\u00f9 h\u1ee3p cho c\u00e1c mi\u1ebfng \u0111\u1ec7m k\u00edn to\u00e0n m\u1eb7t, cung c\u1ea5p b\u1ec1 m\u1eb7t k\u00edn \u0111\u1ec1u.<\/li>\n<li><strong>Khu\u00f4n m\u1eb7t n\u00e2ng cao (RF):<\/strong> C\u00f3 m\u1ed9t ph\u1ea7n nh\u00f4 l\u00ean nh\u1ecf \u0111\u1ec3 t\u0103ng c\u01b0\u1eddng ti\u1ebfp x\u00fac v\u00e0 \u0111\u1ed9 k\u00edn c\u1ee7a gio\u0103ng.<\/li>\n<li><strong>M\u1eb7t kh\u1edbp v\u00f2ng (RTJ):<\/strong> \u0110\u01b0\u1ee3c thi\u1ebft k\u1ebf cho <strong>\u00e1p su\u1ea5t cao, nhi\u1ec7t \u0111\u1ed9 cao<\/strong> m\u00f4i tr\u01b0\u1eddng, s\u1eed d\u1ee5ng m\u1ed9t <strong>Mi\u1ebfng \u0111\u1ec7m kim lo\u1ea1i<\/strong> \u0110\u1ec3 duy tr\u00ec \u0111\u1ed9 k\u00edn t\u1ed1i \u01b0u.<\/li>\n<li><strong>R\u0103ng v\u00e0 r\u00e3nh (T&amp;G):<\/strong> Thi\u1ebft k\u1ebf t\u1ef1 c\u0103n ch\u1ec9nh gi\u00fap c\u1ea3i thi\u1ec7n v\u1ecb tr\u00ed v\u00e0 \u0111\u1ed9 b\u00e1m d\u00ednh c\u1ee7a gio\u0103ng.<\/li>\n<li><strong>Nam v\u00e0 N\u1eef (M&amp;F):<\/strong> Cung c\u1ea5p <strong>Gi\u1eef ch\u1eb7t gio\u0103ng m\u1ed9t c\u00e1ch ch\u00ednh x\u00e1c<\/strong>, khi\u1ebfn n\u00f3 tr\u1edf n\u00ean l\u00fd t\u01b0\u1edfng cho c\u00e1c \u1ee9ng d\u1ee5ng \u0111\u00f3ng k\u00edn chuy\u00ean d\u1ee5ng.<\/li>\n<\/ul>\n<p>Ngo\u00e0i ra, <strong>B\u1ec1 m\u1eb7t nh\u1eb5n ho\u1eb7c r\u0103ng c\u01b0a<\/strong> c\u00f3 s\u1eb5n d\u1ef1a tr\u00ean <strong>T\u00ednh t\u01b0\u01a1ng th\u00edch c\u1ee7a gio\u0103ng<\/strong> v\u00e0 <strong>Hi\u1ec7u su\u1ea5t \u0111\u00f3ng k\u00edn<\/strong> Y\u00eau c\u1ea7u.<\/p>\n<div>\n<hr \/>\n<\/div>\n<h3><strong>K\u00edch th\u01b0\u1edbc v\u00e0 ti\u00eau chu\u1ea9n c\u1ee7a flange<\/strong><\/h3>\n<p>L\u1ef1a ch\u1ecdn \u0111\u00fang <strong>K\u00edch th\u01b0\u1edbc m\u1eb7t b\u00edch<\/strong> l\u00e0 \u0111i\u1ec1u quan tr\u1ecdng \u0111\u1ed1i v\u1edbi <strong>T\u01b0\u01a1ng th\u00edch h\u1ec7 th\u1ed1ng<\/strong> v\u00e0 <strong>hi\u1ec7u su\u1ea5t l\u1eafp \u0111\u1eb7t<\/strong>. C\u00e1c m\u1eb7t b\u00edch c\u1ee7a ch\u00fang t\u00f4i tu\u00e2n th\u1ee7 theo <strong>Ti\u00eau chu\u1ea9n ASME B16.5<\/strong> v\u00e0 <strong>Ti\u00eau chu\u1ea9n ASME B16.47<\/strong> ti\u00eau chu\u1ea9n, \u0111\u1ea3m b\u1ea3o <strong>Tu\u00e2n th\u1ee7 to\u00e0n c\u1ea7u<\/strong> v\u00e0 <strong>Hi\u1ec7u su\u1ea5t \u0111\u00e1ng tin c\u1eady<\/strong>.<\/p>\n<p>C\u00e1c y\u1ebfu t\u1ed1 k\u00edch th\u01b0\u1edbc ch\u00ednh bao g\u1ed3m:<\/p>\n<ul data-spread=\"false\">\n<li><strong>\u0110\u01b0\u1eddng k\u00ednh ngo\u00e0i (OD)<\/strong>Chi\u1ec1u r\u1ed9ng t\u1ed5ng c\u1ed9ng c\u1ee7a m\u1eb7t b\u00edch.<\/li>\n<li><strong>\u0110\u1ed9 d\u00e0y<\/strong>\u0110\u1ed9 d\u00e0y c\u1ee7a vi\u1ec1n ngo\u00e0i, \u1ea3nh h\u01b0\u1edfng \u0111\u1ebfn \u0111\u1ed9 b\u1ec1n v\u00e0 \u0111\u1ed9 b\u1ec1n b\u1ec9.<\/li>\n<li><strong>\u0110\u01b0\u1eddng k\u00ednh v\u00f2ng bulong (BCD)<\/strong>Kho\u1ea3ng c\u00e1ch gi\u1eefa c\u00e1c l\u1ed7 bulong, \u0111\u01b0\u1ee3c \u0111o t\u1eeb t\u00e2m \u0111\u1ebfn t\u00e2m.<\/li>\n<li><strong>K\u00edch th\u01b0\u1edbc l\u1ed7 danh ngh\u0129a<\/strong>\u0110\u01b0\u1eddng k\u00ednh trong, ph\u00f9 h\u1ee3p v\u1edbi \u1ed1ng k\u1ebft n\u1ed1i.<\/li>\n<li><strong>T\u01b0\u01a1ng th\u00edch k\u00edch th\u01b0\u1edbc \u1ed1ng<\/strong>\u0110\u1ea3m b\u1ea3o m\u1eb7t b\u00edch ph\u00f9 h\u1ee3p v\u1edbi y\u00eau c\u1ea7u c\u1ee7a h\u1ec7 th\u1ed1ng.<\/li>\n<\/ul>\n<div>\n<hr \/>\n<\/div>\n<h3><strong>Ph\u00e2n lo\u1ea1i m\u1eb7t b\u00edch &amp; \u0110\u00e1nh gi\u00e1 \u00e1p su\u1ea5t<\/strong><\/h3>\n<p>T\u1ea5t c\u1ea3 c\u00e1c m\u1eb7t b\u00edch \u0111\u01b0\u1ee3c ph\u00e2n lo\u1ea1i theo <strong>\u0110\u00e1nh gi\u00e1 \u00e1p su\u1ea5t<\/strong>, \u0111\u1ea3m b\u1ea3o ph\u00f9 h\u1ee3p v\u1edbi c\u00e1c \u0111i\u1ec1u ki\u1ec7n v\u1eadn h\u00e0nh kh\u00e1c nhau. C\u00e1c ph\u00e2n lo\u1ea1i n\u00e0y bao g\u1ed3m:<\/p>\n<ul data-spread=\"false\">\n<li><strong>150#<\/strong><\/li>\n<li><strong>300#<\/strong><\/li>\n<li><strong>600#<\/strong><\/li>\n<li><strong>900#<\/strong><\/li>\n<li><strong>1500#<\/strong><\/li>\n<li><strong>2500#<\/strong><\/li>\n<\/ul>\n<p>Th\u00f4ng th\u01b0\u1eddng, <strong>Nhi\u1ec7t \u0111\u1ed9 cao h\u01a1n l\u00e0m gi\u1ea3m kh\u1ea3 n\u0103ng ch\u1ecbu \u00e1p su\u1ea5t.<\/strong>, vi\u1ec7c ph\u00e2n lo\u1ea1i \u0111\u00fang \u0111\u1eafn l\u00e0 \u0111i\u1ec1u c\u1ea7n thi\u1ebft \u0111\u1ec3 \u0111\u1ea3m b\u1ea3o ho\u1ea1t \u0111\u1ed9ng an to\u00e0n.<\/p>\n<div>\n<hr \/>\n<\/div>\n<h3><strong>D\u1ea5u hi\u1ec7u tr\u00ean m\u1eb7t b\u00edch \u0111\u1ec3 d\u1ec5 d\u00e0ng nh\u1eadn di\u1ec7n<\/strong><\/h3>\n<p>M\u1ed7i m\u1eb7t b\u00edch bao g\u1ed3m <strong>C\u00e1c k\u00fd hi\u1ec7u ti\u00eau chu\u1ea9n<\/strong> \u0110\u1ec3 \u0111\u1ea3m b\u1ea3o t\u00ednh truy xu\u1ea5t ngu\u1ed3n g\u1ed1c v\u00e0 tu\u00e2n th\u1ee7, bao g\u1ed3m:<\/p>\n<ul data-spread=\"false\">\n<li><strong>M\u00e3 nh\u00e0 s\u1ea3n xu\u1ea5t<\/strong><\/li>\n<li><strong>M\u00e3 v\u1eadt li\u1ec7u ASTM<\/strong><\/li>\n<li><strong>Lo\u1ea1i v\u1eadt li\u1ec7u<\/strong><\/li>\n<li><strong>L\u1edbp \u00e1p su\u1ea5t-nhi\u1ec7t \u0111\u1ed9<\/strong><\/li>\n<li><strong>K\u00edch th\u01b0\u1edbc &amp; L\u1ecbch tr\u00ecnh<\/strong><\/li>\n<li><strong>S\u1ed1 nhi\u1ec7t<\/strong><\/li>\n<li><strong>C\u00e1c danh hi\u1ec7u \u0111\u1eb7c bi\u1ec7t<\/strong> (n\u1ebfu c\u00f3)<\/li>\n<\/ul>\n<div>\n<hr \/>\n<\/div>\n<h3><strong>T\u00ecm \u0111\u00fang lo\u1ea1i flange ph\u00f9 h\u1ee3p v\u1edbi nhu c\u1ea7u c\u1ee7a b\u1ea1n<\/strong><\/h3>\n<p>V\u1edbi m\u1ed9t s\u1ef1 l\u1ef1a ch\u1ecdn \u0111a d\u1ea1ng c\u1ee7a <strong>\u0110ai \u1ed1c b\u1eb1ng th\u00e9p kh\u00f4ng g\u1ec9<\/strong> v\u00e0 <strong>C\u00e1c lo\u1ea1i m\u1eb7t b\u00edch chuy\u00ean d\u1ee5ng<\/strong>, Ch\u00fang t\u00f4i cung c\u1ea5p <strong>Gi\u1ea3i ph\u00e1p ch\u1ea5t l\u01b0\u1ee3ng cao, b\u1ec1n b\u1ec9<\/strong> cho m\u1ed9t lo\u1ea1t c\u00e1c <strong>H\u1ec7 th\u1ed1ng \u1ed1ng d\u1eabn c\u00f4ng nghi\u1ec7p<\/strong> \u1ee9ng d\u1ee5ng.<\/p>\n<p>C\u1ea7n s\u1ef1 h\u01b0\u1edbng d\u1eabn chuy\u00ean nghi\u1ec7p? H\u00e3y li\u00ean h\u1ec7 v\u1edbi ch\u00fang t\u00f4i. <strong>\u0110\u1ed9i ng\u0169 B\u00e1n h\u00e0ng K\u1ef9 thu\u1eadt<\/strong> H\u00f4m nay \u0111\u1ec3 t\u00ecm ra \u0111i\u1ec1u t\u1ed1t nh\u1ea5t <strong>C\u00e1c lo\u1ea1i m\u1eb7t b\u00edch \u1ed1ng, gio\u0103ng v\u00e0 gi\u1ea3i ph\u00e1p bulong<\/strong> Cho d\u1ef1 \u00e1n ti\u1ebfp theo c\u1ee7a b\u1ea1n!<\/p>","protected":false},"excerpt":{"rendered":"<p>Flange Basics: High-Quality Pipe Flanges for Industrial Applications Reliable Solutions for Your Piping System Flanges are essential components for connecting piping systems, ensuring secure and leak-proof joints with valves, equipment, and other components. As the second most commonly used joining method after welding, pipe flanges provide flexibility, ease of maintenance, and efficient system modifications. Why [&hellip;]<\/p>\n","protected":false},"featured_media":2465,"comment_status":"open","ping_status":"closed","template":"","meta":{"_gspb_post_css":""},"product_brand":[397],"product_cat":[394],"product_tag":[443,440,441,442],"class_list":{"0":"post-2464","1":"product","2":"type-product","3":"status-publish","4":"has-post-thumbnail","6":"product_brand-hfittings","7":"product_cat-flange","8":"product_tag-bl","9":"product_tag-flange","10":"product_tag-so-flange","11":"product_tag-wn-flange","13":"first","14":"instock","15":"sale","16":"shipping-taxable","17":"purchasable","18":"product-type-simple"},"_links":{"self":[{"href":"https:\/\/hfittings.com\/vi\/wp-json\/wp\/v2\/product\/2464","targetHints":{"allow":["GET"]}}],"collection":[{"href":"https:\/\/hfittings.com\/vi\/wp-json\/wp\/v2\/product"}],"about":[{"href":"https:\/\/hfittings.com\/vi\/wp-json\/wp\/v2\/types\/product"}],"replies":[{"embeddable":true,"href":"https:\/\/hfittings.com\/vi\/wp-json\/wp\/v2\/comments?post=2464"}],"wp:featuredmedia":[{"embeddable":true,"href":"https:\/\/hfittings.com\/vi\/wp-json\/wp\/v2\/media\/2465"}],"wp:attachment":[{"href":"https:\/\/hfittings.com\/vi\/wp-json\/wp\/v2\/media?parent=2464"}],"wp:term":[{"taxonomy":"product_brand","embeddable":true,"href":"https:\/\/hfittings.com\/vi\/wp-json\/wp\/v2\/product_brand?post=2464"},{"taxonomy":"product_cat","embeddable":true,"href":"https:\/\/hfittings.com\/vi\/wp-json\/wp\/v2\/product_cat?post=2464"},{"taxonomy":"product_tag","embeddable":true,"href":"https:\/\/hfittings.com\/vi\/wp-json\/wp\/v2\/product_tag?post=2464"}],"curies":[{"name":"wp","href":"https:\/\/api.w.org\/{rel}","templated":true}]}}