{"id":2332,"date":"2025-01-13T05:12:20","date_gmt":"2025-01-13T05:12:20","guid":{"rendered":"https:\/\/hfittings.com\/?post_type=product&#038;p=2332"},"modified":"2025-03-24T08:47:47","modified_gmt":"2025-03-24T08:47:47","slug":"stainless-steel-pipe-fittings","status":"publish","type":"product","link":"https:\/\/hfittings.com\/vi\/product\/stainless-steel-pipe-fittings\/","title":{"rendered":"Ph\u1ee5 ki\u1ec7n \u1ed1ng th\u00e9p kh\u00f4ng g\u1ec9"},"content":{"rendered":"<h3>Ph\u1ee5 ki\u1ec7n \u1ed1ng th\u00e9p kh\u00f4ng g\u1ec9 \u2013 Ch\u1ea5t l\u01b0\u1ee3ng cao c\u1ea5p cho hi\u1ec7u su\u1ea5t \u0111\u00e1ng tin c\u1eady<\/h3>\n<p>C\u1ee7a ch\u00fang t\u00f4i <strong>Ph\u1ee5 ki\u1ec7n \u1ed1ng<\/strong> \u0111\u01b0\u1ee3c thi\u1ebft k\u1ebf \u0111\u1ec3 \u0111\u1ea1t hi\u1ec7u su\u1ea5t v\u01b0\u1ee3t tr\u1ed9i, \u0111\u1ed9 b\u1ec1n cao v\u00e0 kh\u1ea3 n\u0103ng ch\u1ed1ng \u0103n m\u00f2n, khi\u1ebfn ch\u00fang tr\u1edf th\u00e0nh gi\u1ea3i ph\u00e1p l\u00fd t\u01b0\u1edfng cho nhi\u1ec1u \u1ee9ng d\u1ee5ng \u1ed1ng d\u1eabn trong c\u00e1c ng\u00e0nh c\u00f4ng nghi\u1ec7p nh\u01b0: <strong>x\u1eed l\u00fd h\u00f3a h\u1ecdc<\/strong>, <strong>d\u1ea7u v\u00e0 kh\u00ed \u0111\u1ed1t<\/strong>, <strong>x\u00e2y d\u1ef1ng<\/strong>, v\u00e0 <strong>Ch\u1ebf bi\u1ebfn th\u1ef1c ph\u1ea9m<\/strong>. Ch\u00fang t\u00f4i cung c\u1ea5p m\u1ed9t lo\u1ea1t c\u00e1c ph\u1ee5 ki\u1ec7n ch\u1ea5t l\u01b0\u1ee3ng cao, bao g\u1ed3m: <strong>C\u00fat th\u00e9p kh\u00f4ng g\u1ec9<\/strong>, <strong>\u00e1o thun<\/strong>, <strong>b\u1ed9 gi\u1ea3m t\u1ed1c<\/strong>, <strong>n\u1eafp<\/strong>, <strong>\u0111ai \u1ed1c<\/strong>, v\u00e0 <strong>c\u00e1c kh\u00fac cong<\/strong>, c\u00f3 s\u1eb5n \u1edf c\u00e1c c\u1ea5p \u0111\u1ed9 cao c\u1ea5p nh\u01b0 <strong>304L<\/strong>, <strong>316L<\/strong>, v\u00e0 <strong>306L<\/strong>.<\/p>\n<figure id=\"attachment_2179\" aria-describedby=\"caption-attachment-2179\" style=\"width: 300px\" class=\"wp-caption alignnone\"><img decoding=\"async\" class=\"wp-image-2179 size-medium\" title=\"Ph\u1ee5 ki\u1ec7n \u1ed1ng th\u00e9p kh\u00f4ng g\u1ec9\" src=\"https:\/\/hfittings.com\/wp-content\/uploads\/2024\/12\/Stainless-Pipe-Fittings-300x300.jpg\" alt=\"Ph\u1ee5 ki\u1ec7n \u1ed1ng th\u00e9p kh\u00f4ng g\u1ec9\" width=\"300\" height=\"300\" srcset=\"https:\/\/hfittings.com\/wp-content\/uploads\/2024\/12\/Stainless-Pipe-Fittings-300x300.jpg 300w, https:\/\/hfittings.com\/wp-content\/uploads\/2024\/12\/Stainless-Pipe-Fittings-1024x1024.jpg 1024w, https:\/\/hfittings.com\/wp-content\/uploads\/2024\/12\/Stainless-Pipe-Fittings-150x150.jpg 150w, https:\/\/hfittings.com\/wp-content\/uploads\/2024\/12\/Stainless-Pipe-Fittings-768x768.jpg 768w, https:\/\/hfittings.com\/wp-content\/uploads\/2024\/12\/Stainless-Pipe-Fittings-1000x1000.jpg 1000w, https:\/\/hfittings.com\/wp-content\/uploads\/2024\/12\/Stainless-Pipe-Fittings-500x500.jpg 500w, https:\/\/hfittings.com\/wp-content\/uploads\/2024\/12\/Stainless-Pipe-Fittings.jpg 1280w\" sizes=\"(max-width: 300px) 100vw, 300px\" \/><figcaption id=\"caption-attachment-2179\" class=\"wp-caption-text\">Ph\u1ee5 ki\u1ec7n \u1ed1ng th\u00e9p kh\u00f4ng g\u1ec9<\/figcaption><\/figure>\n<h4>C\u00e1c s\u1ea3n ph\u1ea9m ch\u00ednh trong ph\u1ee5 ki\u1ec7n \u1ed1ng th\u00e9p kh\u00f4ng g\u1ec9:<\/h4>\n<ol>\n<li><strong>C\u00fat th\u00e9p kh\u00f4ng g\u1ec9<\/strong><br \/>\nC\u1ee7a ch\u00fang t\u00f4i <strong>C\u00fat th\u00e9p kh\u00f4ng g\u1ec9<\/strong> c\u00f3 s\u1eb5n \u1edf c\u1ea3 hai <strong>304L<\/strong> v\u00e0 <strong>316L<\/strong> C\u00e1c lo\u1ea1i th\u00e9p kh\u00f4ng g\u1ec9. Nh\u1eefng lo\u1ea1i n\u00e0y <strong>Ph\u1ee5 ki\u1ec7n khu\u1ef7u tay<\/strong> \u0110\u01b0\u1ee3c thi\u1ebft k\u1ebf \u0111\u1ec3 \u0111\u1ea3m b\u1ea3o d\u00f2ng ch\u1ea3y tr\u01a1n tru v\u00e0 chuy\u1ec3n \u0111\u1ed5i m\u01b0\u1ee3t m\u00e0 trong h\u01b0\u1edbng c\u1ee7a \u0111\u01b0\u1eddng \u1ed1ng. <strong>C\u00fat 316L<\/strong> cung c\u1ea5p kh\u1ea3 n\u0103ng ch\u1ed1ng \u0103n m\u00f2n v\u01b0\u1ee3t tr\u1ed9i cho c\u00e1c m\u00f4i tr\u01b0\u1eddng kh\u1eafc nghi\u1ec7t, trong khi <strong>C\u00fat 304L<\/strong> Ph\u00f9 h\u1ee3p v\u1edbi \u0111i\u1ec1u ki\u1ec7n m\u00f4i tr\u01b0\u1eddng v\u1eeba ph\u1ea3i. C\u1ea3 hai \u0111\u1ec1u l\u00fd t\u01b0\u1edfng cho nhi\u1ec1u \u1ee9ng d\u1ee5ng trong x\u00e2y d\u1ef1ng, h\u1ec7 th\u1ed1ng n\u01b0\u1edbc v\u00e0 HVAC.<\/li>\n<li><strong>\u1ed0ng ch\u1eef T th\u00e9p kh\u00f4ng g\u1ec9<\/strong><br \/>\n<strong>\u1ed0ng th\u00e9p kh\u00f4ng g\u1ec9 h\u00ecnh ch\u1eef T<\/strong> l\u00e0 y\u1ebfu t\u1ed1 quan tr\u1ecdng trong vi\u1ec7c ph\u00e2n nh\u00e1nh ho\u1eb7c k\u1ebft h\u1ee3p d\u00f2ng ch\u1ea3y ch\u1ea5t l\u1ecfng trong h\u1ec7 th\u1ed1ng c\u1ee7a b\u1ea1n. C\u00f3 s\u1eb5n trong <strong>304L<\/strong> v\u00e0 <strong>316L<\/strong>, Nh\u1eefng chi\u1ebfc \u00e1o thun n\u00e0y \u0111\u01b0\u1ee3c thi\u1ebft k\u1ebf \u0111\u1ec3 cung c\u1ea5p k\u1ebft n\u1ed1i an to\u00e0n, kh\u00f4ng r\u00f2 r\u1ec9. <strong>316L tee<\/strong> l\u00e0 l\u1ef1a ch\u1ecdn l\u00fd t\u01b0\u1edfng cho c\u00e1c m\u00f4i tr\u01b0\u1eddng c\u00f3 \u0111\u1ed9 \u0103n m\u00f2n cao, nh\u01b0 nh\u00e0 m\u00e1y h\u00f3a ch\u1ea5t v\u00e0 ng\u00e0nh c\u00f4ng nghi\u1ec7p h\u00e0ng h\u1ea3i, trong khi <strong>304L g\u00f3c ch\u1eef T<\/strong> Ph\u00f9 h\u1ee3p cho c\u00e1c h\u1ec7 th\u1ed1ng \u1ed1ng d\u1eabn th\u00f4ng th\u01b0\u1eddng.<\/li>\n<li><strong>\u1ed0ng gi\u1ea3m k\u00edch th\u01b0\u1edbc b\u1eb1ng th\u00e9p kh\u00f4ng g\u1ec9<\/strong><br \/>\nC\u1ee7a ch\u00fang t\u00f4i <strong>\u1ed0ng gi\u1ea3m k\u00edch th\u01b0\u1edbc b\u1eb1ng th\u00e9p kh\u00f4ng g\u1ec9<\/strong> \u0111\u01b0\u1ee3c thi\u1ebft k\u1ebf \u0111\u1ec3 th\u00edch \u1ee9ng v\u1edbi \u1ed1ng c\u00f3 \u0111\u01b0\u1eddng k\u00ednh kh\u00e1c nhau, \u0111\u1ea3m b\u1ea3o chuy\u1ec3n ti\u1ebfp m\u01b0\u1ee3t m\u00e0 v\u00e0 m\u1ea5t m\u00e1t l\u01b0u l\u01b0\u1ee3ng t\u1ed1i thi\u1ec3u. C\u00e1c b\u1ed9 gi\u1ea3m k\u00edch th\u01b0\u1edbc n\u00e0y c\u00f3 s\u1eb5n trong c\u1ea3 <strong>304L v\u00e0 316L<\/strong> Th\u00e9p kh\u00f4ng g\u1ec9, cung c\u1ea5p \u0111\u1ed9 b\u1ec1n v\u00e0 kh\u1ea3 n\u0103ng ch\u1ed1ng \u0103n m\u00f2n c\u1ea7n thi\u1ebft cho c\u00e1c \u1ee9ng d\u1ee5ng nh\u1ea1y c\u1ea3m v\u1edbi \u00e1p su\u1ea5t v\u00e0 nhi\u1ec7t \u0111\u1ed9.<\/li>\n<li><strong>N\u1eafp th\u00e9p kh\u00f4ng g\u1ec9<\/strong><br \/>\nD\u00f9ng \u0111\u1ec3 b\u1ecbt k\u00edn hai \u0111\u1ea7u \u1ed1ng, <strong>N\u1eafp b\u1eb1ng th\u00e9p kh\u00f4ng g\u1ec9<\/strong> Cung c\u1ea5p m\u1ed9t n\u1eafp \u0111\u1eady k\u00edn \u0111\u00e1o v\u00e0 an to\u00e0n \u0111\u1ec3 ng\u0103n ch\u1eb7n r\u00f2 r\u1ec9 v\u00e0 \u00f4 nhi\u1ec5m. \u0110\u01b0\u1ee3c ch\u1ebf t\u00e1c t\u1eeb <strong>304L<\/strong> v\u00e0 <strong>Th\u00e9p kh\u00f4ng g\u1ec9 316L<\/strong>, Nh\u1eefng n\u1eafp n\u00e0y c\u00f3 \u0111\u1ed9 b\u1ec1n cao, ch\u1ed1ng \u0103n m\u00f2n v\u00e0 l\u00fd t\u01b0\u1edfng cho c\u1ea3 h\u1ec7 th\u1ed1ng \u1ed1ng d\u1eabn c\u00f4ng nghi\u1ec7p v\u00e0 th\u01b0\u01a1ng m\u1ea1i.<\/li>\n<li><strong>\u0110ai \u1ed1c b\u1eb1ng th\u00e9p kh\u00f4ng g\u1ec9<\/strong><br \/>\n<strong>\u0110ai \u1ed1c b\u1eb1ng th\u00e9p kh\u00f4ng g\u1ec9<\/strong> l\u00e0 th\u00e0nh ph\u1ea7n thi\u1ebft y\u1ebfu \u0111\u1ec3 k\u1ebft n\u1ed1i \u1ed1ng, van v\u00e0 c\u00e1c thi\u1ebft b\u1ecb kh\u00e1c, cung c\u1ea5p k\u1ebft n\u1ed1i ch\u1eafc ch\u1eafn v\u00e0 kh\u00f4ng r\u00f2 r\u1ec9. C\u00e1c m\u1eb7t b\u00edch c\u1ee7a ch\u00fang t\u00f4i c\u00f3 s\u1eb5n trong c\u1ea3 hai lo\u1ea1i: <strong>304L<\/strong> v\u00e0 <strong>316L<\/strong>, \u0110\u1ea3m b\u1ea3o hi\u1ec7u su\u1ea5t t\u1ed1i \u01b0u trong c\u1ea3 c\u00e1c \u1ee9ng d\u1ee5ng \u00e1p su\u1ea5t cao v\u00e0 \u00e1p su\u1ea5t th\u1ea5p, \u0111\u1eb7c bi\u1ec7t l\u00e0 trong c\u00e1c h\u1ec7 th\u1ed1ng h\u00f3a ch\u1ea5t, x\u1eed l\u00fd n\u01b0\u1edbc v\u00e0 HVAC.<\/li>\n<li><strong>C\u00e1c \u0111o\u1ea1n u\u1ed1n cong b\u1eb1ng th\u00e9p kh\u00f4ng g\u1ec9<\/strong><br \/>\n<strong>C\u00e1c \u0111o\u1ea1n u\u1ed1n cong b\u1eb1ng th\u00e9p kh\u00f4ng g\u1ec9<\/strong> l\u00e0 l\u1ef1a ch\u1ecdn l\u00fd t\u01b0\u1edfng \u0111\u1ec3 th\u1ef1c hi\u1ec7n c\u00e1c thay \u0111\u1ed5i h\u01b0\u1edbng trong \u1ed1ng. C\u00f3 s\u1eb5n c\u1ea3 hai lo\u1ea1i: <strong>304L<\/strong> v\u00e0 <strong>316L<\/strong> C\u00e1c g\u00f3c cong n\u00e0y cung c\u1ea5p c\u00e1c chuy\u1ec3n ti\u1ebfp m\u01b0\u1ee3t m\u00e0, gi\u00fap gi\u1ea3m thi\u1ec3u s\u1ef1 s\u1ee5t \u00e1p v\u00e0 duy tr\u00ec l\u01b0u l\u01b0\u1ee3ng t\u1ed1i \u01b0u.<\/li>\n<\/ol>\n<h4>C\u00e1c c\u1ea5p \u0111\u1ed9 v\u1eadt li\u1ec7u cho hi\u1ec7u su\u1ea5t cao:<\/h4>\n<ul>\n<li><strong>Th\u00e9p kh\u00f4ng g\u1ec9 304L<\/strong> \u2013 C\u00f3 kh\u1ea3 n\u0103ng ch\u1ed1ng oxy h\u00f3a v\u00e0 \u0103n m\u00f2n xu\u1ea5t s\u1eafc trong h\u1ea7u h\u1ebft c\u00e1c m\u00f4i tr\u01b0\u1eddng, khi\u1ebfn n\u00f3 tr\u1edf th\u00e0nh l\u1ef1a ch\u1ecdn l\u00fd t\u01b0\u1edfng cho h\u1ec7 th\u1ed1ng \u1ed1ng d\u1eabn \u0111a n\u0103ng. Hi\u1ec7u qu\u1ea3 v\u1ec1 chi ph\u00ed v\u00e0 \u0111a d\u1ee5ng.<\/li>\n<li><strong>Th\u00e9p kh\u00f4ng g\u1ec9 316L<\/strong> \u2013 Cung c\u1ea5p kh\u1ea3 n\u0103ng ch\u1ed1ng \u0103n m\u00f2n v\u01b0\u1ee3t tr\u1ed9i, \u0111\u1eb7c bi\u1ec7t l\u00e0 \u0111\u1ed1i v\u1edbi clorua, axit v\u00e0 h\u00f3a ch\u1ea5t m\u1ea1nh. Ph\u00f9 h\u1ee3p cho c\u00e1c m\u00f4i tr\u01b0\u1eddng kh\u1eafc nghi\u1ec7t nh\u01b0 ng\u00e0nh h\u00e0ng h\u1ea3i, h\u00f3a ch\u1ea5t v\u00e0 d\u01b0\u1ee3c ph\u1ea9m.<\/li>\n<\/ul>\n<h4>T\u1ea1i sao n\u00ean ch\u1ecdn ph\u1ee5 ki\u1ec7n c\u1ee7a ch\u00fang t\u00f4i?<\/h4>\n<ul>\n<li><strong>\u0110\u1ed9 b\u1ec1n cao &amp; \u0110\u1ed9 c\u1ee9ng cao<\/strong> \u2013 T\u1ea5t c\u1ea3 c\u00e1c ph\u1ee5 ki\u1ec7n th\u00e9p kh\u00f4ng g\u1ec9 c\u1ee7a ch\u00fang t\u00f4i \u0111\u1ec1u \u0111\u01b0\u1ee3c ch\u1ebf t\u1ea1o t\u1eeb v\u1eadt li\u1ec7u ch\u1ea5t l\u01b0\u1ee3ng cao, \u0111\u1ea3m b\u1ea3o hi\u1ec7u su\u1ea5t b\u1ec1n b\u1ec9 ngay c\u1ea3 trong \u0111i\u1ec1u ki\u1ec7n kh\u1eafc nghi\u1ec7t.<\/li>\n<li><strong>Kh\u1ea3 n\u0103ng ch\u1ed1ng \u0103n m\u00f2n<\/strong> \u2013 D\u00f9 l\u00e0 <strong>316L<\/strong> cho c\u00e1c \u1ee9ng d\u1ee5ng h\u00e0ng h\u1ea3i ho\u1eb7c <strong>304L<\/strong> \u0110\u1ed1i v\u1edbi c\u00e1c h\u1ec7 th\u1ed1ng c\u00f3 y\u00eau c\u1ea7u kh\u00f4ng cao, c\u00e1c ph\u1ee5 ki\u1ec7n th\u00e9p kh\u00f4ng g\u1ec9 c\u1ee7a ch\u00fang t\u00f4i cung c\u1ea5p kh\u1ea3 n\u0103ng ch\u1ed1ng \u0103n m\u00f2n xu\u1ea5t s\u1eafc.<\/li>\n<li><strong>Gi\u1ea3i ph\u00e1p t\u00f9y ch\u1ec9nh<\/strong> \u2013 Ch\u00fang t\u00f4i cung c\u1ea5p c\u00e1c ph\u1ee5 ki\u1ec7n \u1ed1ng t\u00f9y ch\u1ec9nh v\u00e0 gi\u1ea3i ph\u00e1p linh ho\u1ea1t \u0111\u1ec3 \u0111\u00e1p \u1ee9ng c\u00e1c y\u00eau c\u1ea7u \u0111\u1eb7c th\u00f9 c\u1ee7a d\u1ef1 \u00e1n c\u1ee7a b\u1ea1n.<\/li>\n<li><strong>Ph\u1ea1m vi \u1ee9ng d\u1ee5ng r\u1ed9ng r\u00e3i<\/strong> \u2013 S\u1ea3n ph\u1ea9m c\u1ee7a ch\u00fang t\u00f4i \u0111\u01b0\u1ee3c s\u1eed d\u1ee5ng trong nhi\u1ec1u ng\u00e0nh c\u00f4ng nghi\u1ec7p kh\u00e1c nhau, bao g\u1ed3m: <strong>X\u1eed l\u00fd n\u01b0\u1edbc<\/strong>, <strong>d\u1ea7u v\u00e0 kh\u00ed \u0111\u1ed1t<\/strong>, <strong>h\u00f3a ch\u1ea5t<\/strong>, v\u00e0 <strong>x\u00e2y d\u1ef1ng<\/strong>.<\/li>\n<\/ul>\n<p>D\u00f9 b\u1ea1n c\u1ea7n <strong>C\u00fat th\u00e9p kh\u00f4ng g\u1ec9<\/strong>, <strong>\u00e1o thun<\/strong>, <strong>b\u1ed9 gi\u1ea3m t\u1ed1c<\/strong>, ho\u1eb7c <strong>\u0111ai \u1ed1c<\/strong>, S\u1ea3n ph\u1ea9m c\u1ee7a ch\u00fang t\u00f4i cung c\u1ea5p c\u00e1c gi\u1ea3i ph\u00e1p \u0111\u00e1ng tin c\u1eady v\u00e0 hi\u1ec7u su\u1ea5t cao \u0111\u1ec3 \u0111\u00e1p \u1ee9ng m\u1ecdi nhu c\u1ea7u v\u1ec1 h\u1ec7 th\u1ed1ng \u1ed1ng d\u1eabn c\u1ee7a qu\u00fd kh\u00e1ch. H\u00e3y li\u00ean h\u1ec7 v\u1edbi ch\u00fang t\u00f4i ngay h\u00f4m nay \u0111\u1ec3 t\u00ecm hi\u1ec3u th\u00eam v\u1ec1 danh m\u1ee5c s\u1ea3n ph\u1ea9m \u0111a d\u1ea1ng c\u1ee7a ch\u00fang t\u00f4i. <strong>ph\u1ee5 ki\u1ec7n<\/strong> v\u00e0 nh\u1eadn \u0111\u01b0\u1ee3c gi\u1ea3i ph\u00e1p t\u1ed1t nh\u1ea5t cho d\u1ef1 \u00e1n c\u1ee7a b\u1ea1n.<\/p>","protected":false},"excerpt":{"rendered":"<p>D\u1ea3i s\u1ea3n ph\u1ea9m: c\u00fat, tee, gi\u1ea3m k\u00edch th\u01b0\u1edbc, n\u1eafp, \u1ed1ng cong v\u00e0 flange\u2026<\/p>\n<p>K\u00edch th\u01b0\u1edbc: 1\/2\u201d~80\u201d, DN15~DN2000<\/p>\n<p>L\u1ecbch tr\u00ecnh: Sch 20, 40, STD, 80, 160, XXS<\/p>\n<p>Ti\u00eau chu\u1ea9n: ASTM A403, ASME B16.9, ASME B16.5, EN 10253, EN 10241, JIS B2311<\/p>\n<p>Lo\u1ea1i th\u00e9p: 304\/304L\/316\/316L\/310\/321\/410\/430\/Duplex 2205<\/p>\n<p>&nbsp;<\/p>","protected":false},"featured_media":2179,"comment_status":"open","ping_status":"closed","template":"","meta":{"_gspb_post_css":""},"product_brand":[397],"product_cat":[383],"product_tag":[429,430,428],"class_list":{"0":"post-2332","1":"product","2":"type-product","3":"status-publish","4":"has-post-thumbnail","6":"product_brand-hfittings","7":"product_cat-stainless-steel-pipe-fittings","8":"product_tag-s304-fittings","9":"product_tag-s316-fittings","10":"product_tag-stainless-steel-pipe-fittings","12":"first","13":"instock","14":"sale","15":"shipping-taxable","16":"purchasable","17":"product-type-simple"},"_links":{"self":[{"href":"https:\/\/hfittings.com\/vi\/wp-json\/wp\/v2\/product\/2332","targetHints":{"allow":["GET"]}}],"collection":[{"href":"https:\/\/hfittings.com\/vi\/wp-json\/wp\/v2\/product"}],"about":[{"href":"https:\/\/hfittings.com\/vi\/wp-json\/wp\/v2\/types\/product"}],"replies":[{"embeddable":true,"href":"https:\/\/hfittings.com\/vi\/wp-json\/wp\/v2\/comments?post=2332"}],"wp:featuredmedia":[{"embeddable":true,"href":"https:\/\/hfittings.com\/vi\/wp-json\/wp\/v2\/media\/2179"}],"wp:attachment":[{"href":"https:\/\/hfittings.com\/vi\/wp-json\/wp\/v2\/media?parent=2332"}],"wp:term":[{"taxonomy":"product_brand","embeddable":true,"href":"https:\/\/hfittings.com\/vi\/wp-json\/wp\/v2\/product_brand?post=2332"},{"taxonomy":"product_cat","embeddable":true,"href":"https:\/\/hfittings.com\/vi\/wp-json\/wp\/v2\/product_cat?post=2332"},{"taxonomy":"product_tag","embeddable":true,"href":"https:\/\/hfittings.com\/vi\/wp-json\/wp\/v2\/product_tag?post=2332"}],"curies":[{"name":"wp","href":"https:\/\/api.w.org\/{rel}","templated":true}]}}