{"id":338,"date":"2024-04-23T16:44:51","date_gmt":"2024-04-23T16:44:51","guid":{"rendered":"https:\/\/startersites.io\/blocksy\/e-bike\/?post_type=product&#038;p=338"},"modified":"2025-03-22T11:40:37","modified_gmt":"2025-03-22T11:40:37","slug":"acessorios-para-tubos-de-aco-carbono","status":"publish","type":"product","link":"https:\/\/hfittings.com\/pt\/product\/carbon-steel-pipe-fittings\/","title":{"rendered":"Acess\u00f3rios para tubos de a\u00e7o carbono"},"content":{"rendered":"<p>HUAYUE pipe fitting co., ltd \u00e9 uma empresa de fabrico em crescimento no campo das flanges de a\u00e7o carbono, acess\u00f3rios de a\u00e7o carbono e acess\u00f3rios para tubos de a\u00e7o carbono de baixa temperatura e flange.<\/p>\n<p>A nossa rica experi\u00eancia t\u00e9cnica e procedimentos de produ\u00e7\u00e3o organizados ajudaram-nos a tornarmo-nos num dos fornecedores mais fi\u00e1veis de acess\u00f3rios e flanges de a\u00e7o-carbono para grandes estaleiros, empresas de fabrico, f\u00e1bricas de produtos qu\u00edmicos, refinarias de petr\u00f3leo, fabricantes de m\u00e1quinas, t\u00eaxteis e empresas de transporte de fluidos, entre outros.<\/p>\n<p>Em geral, os acess\u00f3rios para tubos e flanges de a\u00e7o-carbono s\u00e3o amplamente utilizados para aplica\u00e7\u00f5es que n\u00e3o requerem materiais com maior resist\u00eancia \u00e0 corros\u00e3o, como o a\u00e7o inoxid\u00e1vel e as ligas de n\u00edquel.<\/p>\n<p>Os produtos de a\u00e7o-carbono corroem e enferrujam facilmente se forem expostos \u00e0 \u00e1gua.<\/p>\n<p>A HUAYUE oferece uma gama completa de acess\u00f3rios para tubos, tais como redutor de a\u00e7o-carbono, cotovelo de a\u00e7o-carbono, T de a\u00e7o-carbono, cruzeta de a\u00e7o-carbono, extremidades de ponta de a\u00e7o-carbono e curvas de tubo de a\u00e7o-carbono.<\/p>\n<p>Os nossos produtos de flange forjado em a\u00e7o carbono ou a\u00e7o macio incluem flange roscado, flange com pesco\u00e7o de soldadura, flange de encaixe, flange de soldadura, flange cego, flange de junta sobreposta, flange de placa.<\/p>\n<p>Somos especializados no fabrico de flanges de tamanho especial e de forma personalizada para os nossos clientes.<\/p>\n<p>&nbsp;<\/p>\n<p>A HUAYUE tamb\u00e9m armazena e fornece uma gama completa de tubos de a\u00e7o-carbono sem costura e soldados para complementar a nossa gama de produ\u00e7\u00e3o existente de acess\u00f3rios e flanges para soldadura topo a topo.<\/p>\n<p>Os tubos de a\u00e7o carbono podem ser fornecidos em tamanhos cortados \u00e0 medida e tamb\u00e9m maquinados ou fabricados para satisfazer os seus requisitos de tubagem.<\/p>\n<figure id=\"attachment_2173\" aria-describedby=\"caption-attachment-2173\" style=\"width: 413px\" class=\"wp-caption alignnone\"><img decoding=\"async\" class=\"wp-image-2173\" title=\"acess\u00f3rios para tubos de a\u00e7o-carbono\" src=\"https:\/\/hfittings.com\/wp-content\/uploads\/2024\/12\/Carbon-Steel-Pipe-Fittings-300x300.webp\" alt=\"acess\u00f3rios para tubos de a\u00e7o-carbono\" width=\"413\" height=\"413\" srcset=\"https:\/\/hfittings.com\/wp-content\/uploads\/2024\/12\/Carbon-Steel-Pipe-Fittings-300x300.webp 300w, https:\/\/hfittings.com\/wp-content\/uploads\/2024\/12\/Carbon-Steel-Pipe-Fittings-1024x1024.webp 1024w, https:\/\/hfittings.com\/wp-content\/uploads\/2024\/12\/Carbon-Steel-Pipe-Fittings-150x150.webp 150w, https:\/\/hfittings.com\/wp-content\/uploads\/2024\/12\/Carbon-Steel-Pipe-Fittings-768x768.webp 768w, https:\/\/hfittings.com\/wp-content\/uploads\/2024\/12\/Carbon-Steel-Pipe-Fittings-1000x1000.webp 1000w, https:\/\/hfittings.com\/wp-content\/uploads\/2024\/12\/Carbon-Steel-Pipe-Fittings-500x500.webp 500w, https:\/\/hfittings.com\/wp-content\/uploads\/2024\/12\/Carbon-Steel-Pipe-Fittings.webp 1500w\" sizes=\"(max-width: 413px) 100vw, 413px\" \/><figcaption id=\"caption-attachment-2173\" class=\"wp-caption-text\">acess\u00f3rios para tubos de a\u00e7o-carbono<\/figcaption><\/figure>\n<p>Descri\u00e7\u00e3o do produto<\/p>\n<p>&nbsp;<\/p>\n<table border=\"1\" width=\"706\">\n<tbody>\n<tr>\n<td colspan=\"2\" valign=\"center\">Produtos<\/td>\n<td valign=\"center\">cotovelos, curvas, redu\u00e7\u00f5es, t\u00eas, tampas de tubos, flanges<\/td>\n<\/tr>\n<tr>\n<td colspan=\"2\" rowspan=\"2\" valign=\"center\">Tamanho<\/td>\n<td valign=\"center\">Sem costura (SMLS): 1\/2\u2033-24\u2033 , DN15-DN600.<\/td>\n<\/tr>\n<tr>\n<td valign=\"center\">Soldado a topo (costura): 24\"-72\u2033, DN600-DN1800.<\/td>\n<\/tr>\n<tr>\n<td colspan=\"2\" rowspan=\"2\" valign=\"center\">Tipo de cotovelo<\/td>\n<td valign=\"center\">LR 30,45,60,90,180 graus; SR 30,45,60,90,180 graus.<\/td>\n<\/tr>\n<tr>\n<td valign=\"center\">Raio: 1.0D, 1.5D, 2.0D, 2.5D, 3D,4D,5D,6D...<\/td>\n<\/tr>\n<tr>\n<td colspan=\"2\" valign=\"center\">Espessura<\/td>\n<td valign=\"center\">SCH10, SCH20, SCH30, STD SCH40, SCH60, SCH80, SCH100, SCH120,<\/p>\n<p>SCH140, SCH160, XS, XXS.<\/td>\n<\/tr>\n<tr>\n<td colspan=\"2\" rowspan=\"5\" valign=\"center\">Padr\u00e3o<\/td>\n<td valign=\"center\">ASME B16.9, ASTM A234, ASTM A420, ANSI B16.9\/B16.25\/B16.28; MSS SP-75<\/td>\n<\/tr>\n<tr>\n<td valign=\"center\">DIN2605-1\/2615\/2616\/2617;<\/td>\n<\/tr>\n<tr>\n<td valign=\"center\">JIS B2311 ,2312,2313;<\/td>\n<\/tr>\n<tr>\n<td valign=\"center\">EN 10253-1, EN 10253-2, etc<\/td>\n<\/tr>\n<tr>\n<td valign=\"center\">tamb\u00e9m podemos produzir de acordo com o desenho e as normas fornecidas pelos clientes.<\/td>\n<\/tr>\n<tr>\n<td rowspan=\"10\" valign=\"center\">Material<\/td>\n<td rowspan=\"3\" valign=\"center\">ASTM<\/td>\n<td valign=\"center\">A\u00e7o carbono (ASTM A234WPB. )<\/td>\n<\/tr>\n<tr>\n<td valign=\"center\">A\u00e7o inoxid\u00e1vel (ASTM A403 WP304,304L,316,316L,321 ect.)<\/td>\n<\/tr>\n<tr>\n<td valign=\"center\">Alloy Steel:A234WP11,A234WP22,A420WPL6,A420WPL3.<\/td>\n<\/tr>\n<tr>\n<td rowspan=\"3\" valign=\"center\">DIN<\/td>\n<td valign=\"center\">A\u00e7o carbono:St37.0,St35.8,St45.8;<\/td>\n<\/tr>\n<tr>\n<td valign=\"center\">Stainless steel:1.4301,1.4306,1.4401,1.4571;<\/td>\n<\/tr>\n<tr>\n<td valign=\"center\">Alloy steel:1.7335,1.7380,1.0488(1.0566);<\/td>\n<\/tr>\n<tr>\n<td rowspan=\"3\" valign=\"center\">JIS<\/td>\n<td valign=\"center\">A\u00e7o carbono:PG370,PT410;<\/td>\n<\/tr>\n<tr>\n<td valign=\"center\">Stainless steel:SUS304,SUS304L,SUS316,SUS316L,SUS321;<\/td>\n<\/tr>\n<tr>\n<td valign=\"center\">Alloy steel:PA22,PA23,PA24,PA25,PL380;<\/td>\n<\/tr>\n<tr>\n<td valign=\"center\">GB<\/td>\n<td valign=\"center\">10#,20#,20G,23g,20R,Q235,16Mn, 16MnR,1Cr5Mo, 12CrMo<\/td>\n<\/tr>\n<tr>\n<td colspan=\"2\" valign=\"center\">Superf\u00edcie<\/td>\n<td valign=\"center\">Pintura preta, tinta de verniz, \u00f3leo anti-ferrugem, galvanizado a quente,<\/p>\n<p>galvanizado a frio, 3PE, etc.<\/td>\n<\/tr>\n<tr>\n<td colspan=\"2\" valign=\"center\">Aplica\u00e7\u00f5es<\/td>\n<td valign=\"center\">Tubagem de fluidos de baixa e m\u00e9dia press\u00e3o, caldeira, petr\u00f3leo e g\u00e1s natural<\/p>\n<p>ind\u00fastria do g\u00e1s, perfura\u00e7\u00e3o, ind\u00fastria qu\u00edmica, ind\u00fastria el\u00e9ctrica, constru\u00e7\u00e3o naval,<\/p>\n<p>equipamento e condutas para fertilizantes, estrutura, petroqu\u00edmica,<\/p>\n<p>ind\u00fastria farmac\u00eautica , etc<\/td>\n<\/tr>\n<tr>\n<td colspan=\"2\" valign=\"center\">Embalagem<\/td>\n<td valign=\"center\">Pel\u00edcula pl\u00e1stica, caixas de madeira, palete de madeira, ou a pedido do cliente<\/td>\n<\/tr>\n<tr>\n<td colspan=\"2\" valign=\"center\">Certificado<\/td>\n<td valign=\"center\">ISO9001:2008, API...<\/td>\n<\/tr>\n<tr>\n<td colspan=\"2\" valign=\"center\">Garantia<\/td>\n<td valign=\"center\">Garantimos 1 ano de qualidade do produto<\/td>\n<\/tr>\n<tr>\n<td colspan=\"2\" valign=\"center\">Prazo de entrega<\/td>\n<td valign=\"center\">No prazo de 7 dias ap\u00f3s a rece\u00e7\u00e3o do pagamento adiantado<\/td>\n<\/tr>\n<tr>\n<td colspan=\"2\" valign=\"center\">Prazo de pagamento<\/td>\n<td valign=\"center\">T\/T, L\/C<\/td>\n<\/tr>\n<tr>\n<td colspan=\"2\" valign=\"center\">Vantagens<\/td>\n<td valign=\"center\">1. pre\u00e7o razo\u00e1vel com excelente qualidade<\/p>\n<p>2. stock abundante e entrega r\u00e1pida<\/p>\n<p>3. rica experi\u00eancia de fornecimento e exporta\u00e7\u00e3o, servi\u00e7o sincero<\/p>\n<p>4. Transit\u00e1rio fi\u00e1vel, a 2 horas de dist\u00e2ncia do porto.<\/td>\n<\/tr>\n<\/tbody>\n<\/table>\n<p>&nbsp;<\/p>\n<p><strong>Marca\u00e7\u00e3o e embalagem<\/strong><\/p>\n<p>Os produtos s\u00e3o embalados de modo a garantir que n\u00e3o haja danos durante o transporte.<\/p>\n<p>No caso das exporta\u00e7\u00f5es, a embalagem normal para exporta\u00e7\u00e3o \u00e9 efectuada em caixas de madeira.<\/p>\n<p>Todos os acess\u00f3rios e flanges est\u00e3o marcados com o grau, o n\u00famero do lote, o tamanho, o grau e a nossa marca comercial.<\/p>\n<p>A pedidos especiais, podemos tamb\u00e9m efetuar marca\u00e7\u00f5es personalizadas nos nossos produtos.<\/p>\n<p><strong>Garantia de qualidade<\/strong><\/p>\n<p>Na HUAYUE, todos os acess\u00f3rios e flanges s\u00e3o sujeitos a uma inspe\u00e7\u00e3o rigorosa em cada fase do processo de produ\u00e7\u00e3o, desde a compra do material inicial at\u00e9 \u00e0 expedi\u00e7\u00e3o do produto.<\/p>\n<p>S\u00e3o examinados visualmente para verificar a conformidade com os c\u00f3digos e normas ASTM, ASME, MSS, DIN, EN e JIS. A pedido, as ag\u00eancias de inspe\u00e7\u00e3o certificadas oficiais podem ser chamadas para testemunhar os relat\u00f3rios de materiais, dimens\u00f5es e conformidade de qualidade dos produtos.<\/p>\n<div><\/div>","protected":false},"excerpt":{"rendered":"<h4>CANGZHOU HUAYUE PIPE FITTING CO.,LTD Produ\u00e7\u00e3o de tubagem \u00fanica em Cangzhou, Hebei China.<\/h4>\n<h4><\/h4>\n<h4>A234 WPB A\u00c7O MACIO\/ACESS\u00d3RIOS PARA TUBOS DE A\u00c7O CARBONO, FLANGES FABRICANTE, EXPORTADOR NA CHINA<\/h4>\n<h4>ACESS\u00d3RIOS PARA TUBOS FORJADOS, ROSCADOS, SOLDADOS TOPO A TOPO EM A\u00c7O CARBONO\/CARBONO, FLANGES<\/h4>\n<h4>ASTM A234, ASTM A105, ASTM A420 -ASTM A106 GRAU B, ASTM A516 GRAU 60, 65, 70<\/h4>\n<div><\/div>","protected":false},"featured_media":1157,"comment_status":"open","ping_status":"closed","template":"","meta":{"_gspb_post_css":""},"product_brand":[397],"product_cat":[133],"product_tag":[],"class_list":{"0":"post-338","1":"product","2":"type-product","3":"status-publish","4":"has-post-thumbnail","6":"product_brand-hfittings","7":"product_cat-carbon-steel-pipe-fittings","9":"first","10":"instock","11":"sale","12":"shipping-taxable","13":"purchasable","14":"product-type-simple"},"_links":{"self":[{"href":"https:\/\/hfittings.com\/pt\/wp-json\/wp\/v2\/product\/338","targetHints":{"allow":["GET"]}}],"collection":[{"href":"https:\/\/hfittings.com\/pt\/wp-json\/wp\/v2\/product"}],"about":[{"href":"https:\/\/hfittings.com\/pt\/wp-json\/wp\/v2\/types\/product"}],"replies":[{"embeddable":true,"href":"https:\/\/hfittings.com\/pt\/wp-json\/wp\/v2\/comments?post=338"}],"wp:featuredmedia":[{"embeddable":true,"href":"https:\/\/hfittings.com\/pt\/wp-json\/wp\/v2\/media\/1157"}],"wp:attachment":[{"href":"https:\/\/hfittings.com\/pt\/wp-json\/wp\/v2\/media?parent=338"}],"wp:term":[{"taxonomy":"product_brand","embeddable":true,"href":"https:\/\/hfittings.com\/pt\/wp-json\/wp\/v2\/product_brand?post=338"},{"taxonomy":"product_cat","embeddable":true,"href":"https:\/\/hfittings.com\/pt\/wp-json\/wp\/v2\/product_cat?post=338"},{"taxonomy":"product_tag","embeddable":true,"href":"https:\/\/hfittings.com\/pt\/wp-json\/wp\/v2\/product_tag?post=338"}],"curies":[{"name":"wp","href":"https:\/\/api.w.org\/{rel}","templated":true}]}}