{"id":2476,"date":"2025-02-14T01:42:08","date_gmt":"2025-02-14T01:42:08","guid":{"rendered":"https:\/\/hfittings.com\/?post_type=product&#038;p=2476"},"modified":"2025-07-24T15:37:54","modified_gmt":"2025-07-24T15:37:54","slug":"acessorios-roscados-para-tubos","status":"publish","type":"product","link":"https:\/\/hfittings.com\/pt\/product\/threaded-pipe-fittings\/","title":{"rendered":"Acess\u00f3rios roscados para tubos"},"content":{"rendered":"<p data-start=\"0\" data-end=\"176\">Os acess\u00f3rios roscados para tubos s\u00e3o componentes essenciais nos sistemas de tubagem, concebidos para ligar tubos ou outros acess\u00f3rios atrav\u00e9s de roscas, assegurando juntas seguras e resistentes a fugas.<\/p>\n<figure id=\"attachment_2471\" aria-describedby=\"caption-attachment-2471\" style=\"width: 300px\" class=\"wp-caption alignnone\"><img decoding=\"async\" class=\"size-medium wp-image-2471\" src=\"https:\/\/hfittings.com\/wp-content\/uploads\/2025\/02\/threaded-pipe-fittings-300x300.jpg\" alt=\"acess\u00f3rios para tubos roscados\" width=\"300\" height=\"300\" srcset=\"https:\/\/hfittings.com\/wp-content\/uploads\/2025\/02\/threaded-pipe-fittings-300x300.jpg 300w, https:\/\/hfittings.com\/wp-content\/uploads\/2025\/02\/threaded-pipe-fittings-150x150.jpg 150w, https:\/\/hfittings.com\/wp-content\/uploads\/2025\/02\/threaded-pipe-fittings-768x768.jpg 768w, https:\/\/hfittings.com\/wp-content\/uploads\/2025\/02\/threaded-pipe-fittings-500x500.jpg 500w, https:\/\/hfittings.com\/wp-content\/uploads\/2025\/02\/threaded-pipe-fittings.jpg 800w\" sizes=\"(max-width: 300px) 100vw, 300px\" \/><figcaption id=\"caption-attachment-2471\" class=\"wp-caption-text\">acess\u00f3rios para tubos roscados<\/figcaption><\/figure>\n<p data-start=\"178\" data-end=\"200\"><strong data-start=\"178\" data-end=\"200\">Cotovelo roscado de 90\u00b0<\/strong><\/p>\n<p data-start=\"202\" data-end=\"349\">Um cotovelo roscado de 90\u00b0 permite uma mudan\u00e7a na dire\u00e7\u00e3o do fluxo num sistema de tubagem, normalmente utilizado para ligar dois tubos num \u00e2ngulo de 90 graus.<\/p>\n<p data-start=\"351\" data-end=\"373\"><strong data-start=\"351\" data-end=\"373\">Cotovelo roscado de 45\u00b0<\/strong><\/p>\n<p data-start=\"375\" data-end=\"504\">Um cotovelo roscado de 45\u00b0 facilita uma mudan\u00e7a de dire\u00e7\u00e3o num \u00e2ngulo de 45 graus, normalmente utilizado para ligar tubos num \u00e2ngulo de 45 graus.<\/p>\n<p data-start=\"506\" data-end=\"531\"><strong data-start=\"506\" data-end=\"531\">Cotovelo roscado de rua<\/strong><\/p>\n<p data-start=\"533\" data-end=\"680\">Um cotovelo roscado de rua apresenta uma extremidade com roscas macho e a outra com roscas f\u00eamea, permitindo uma mudan\u00e7a de dire\u00e7\u00e3o entre dois tubos.<\/p>\n<p data-start=\"682\" data-end=\"698\"><strong data-start=\"682\" data-end=\"698\">T\u00ea roscado<\/strong><\/p>\n<p data-start=\"700\" data-end=\"814\">Um t\u00ea roscado \u00e9 um acess\u00f3rio que permite a ramifica\u00e7\u00e3o de uma tubagem, ligando tr\u00eas tubos num ponto comum.<\/p>\n<p data-start=\"816\" data-end=\"844\"><strong data-start=\"816\" data-end=\"844\">T\u00ea lateral roscado de 45\u00b0<\/strong><\/p>\n<p data-start=\"846\" data-end=\"993\">Um T lateral roscado de 45\u00b0 \u00e9 um acess\u00f3rio que permite a ramifica\u00e7\u00e3o de uma tubagem num \u00e2ngulo de 45 graus, ligando tr\u00eas tubos num ponto comum.<\/p>\n<p data-start=\"995\" data-end=\"1013\"><strong data-start=\"995\" data-end=\"1013\">Cruz roscada<\/strong><\/p>\n<p data-start=\"1015\" data-end=\"1149\">Uma cruzeta roscada \u00e9 um acess\u00f3rio que permite a ramifica\u00e7\u00e3o de uma tubagem em quatro direc\u00e7\u00f5es, ligando quatro tubos num ponto comum.<\/p>\n<p data-start=\"1151\" data-end=\"1177\"><strong data-start=\"1151\" data-end=\"1177\">Acoplamento de rosca completa<\/strong><\/p>\n<p data-start=\"1179\" data-end=\"1279\">Um acoplamento de rosca completa \u00e9 um acess\u00f3rio que liga dois tubos de ponta a ponta, com roscas em ambas as extremidades.<\/p>\n<p data-start=\"1281\" data-end=\"1307\"><strong data-start=\"1281\" data-end=\"1307\">Acoplamento com meia rosca<\/strong><\/p>\n<p data-start=\"1309\" data-end=\"1436\">Um acoplamento de meia rosca \u00e9 um acess\u00f3rio que liga dois tubos de ponta a ponta, com roscas numa extremidade e uma extremidade lisa na outra.<\/p>\n<p data-start=\"1438\" data-end=\"1468\"><strong data-start=\"1438\" data-end=\"1468\">Acoplamento roscado de redu\u00e7\u00e3o<\/strong><\/p>\n<p data-start=\"1470\" data-end=\"1586\">Um acoplamento roscado redutor \u00e9 um acess\u00f3rio que liga dois tubos de di\u00e2metros diferentes, com roscas em ambas as extremidades.<\/p>\n<p data-start=\"1588\" data-end=\"1608\"><strong data-start=\"1588\" data-end=\"1608\">Casal roscado<\/strong><\/p>\n<p data-start=\"1610\" data-end=\"1752\">Um par roscado \u00e9 um acess\u00f3rio que liga dois tubos de ponta a ponta, com roscas em ambas as extremidades, e \u00e9 utilizado para aumentar o comprimento de uma tubagem.<\/p>\n<p data-start=\"1754\" data-end=\"1770\"><strong data-start=\"1754\" data-end=\"1770\">Tampa roscada<\/strong><\/p>\n<p data-start=\"1772\" data-end=\"1869\">Uma tampa roscada \u00e9 um acess\u00f3rio que veda a extremidade de um tubo, impedindo o fluxo de fluidos ou gases.<\/p>\n<p data-start=\"1871\" data-end=\"1900\"><strong data-start=\"1871\" data-end=\"1900\">Tamp\u00e3o roscado de cabe\u00e7a quadrada<\/strong><\/p>\n<p data-start=\"1902\" data-end=\"2026\">Um tamp\u00e3o roscado de cabe\u00e7a quadrada \u00e9 um acess\u00f3rio que veda a extremidade de um tubo, com uma cabe\u00e7a quadrada para facilitar a instala\u00e7\u00e3o e a remo\u00e7\u00e3o.<\/p>\n<p data-start=\"2028\" data-end=\"2056\"><strong data-start=\"2028\" data-end=\"2056\">Tamp\u00e3o roscado de cabe\u00e7a redonda<\/strong><\/p>\n<p data-start=\"2058\" data-end=\"2180\">Um tamp\u00e3o roscado de cabe\u00e7a redonda \u00e9 um acess\u00f3rio que veda a extremidade de um tubo, com uma cabe\u00e7a redonda para facilitar a instala\u00e7\u00e3o e a remo\u00e7\u00e3o.<\/p>\n<p data-start=\"2182\" data-end=\"2208\"><strong data-start=\"2182\" data-end=\"2208\">Tamp\u00e3o roscado de cabe\u00e7a sextavada<\/strong><\/p>\n<p data-start=\"2210\" data-end=\"2334\">Um tamp\u00e3o roscado com cabe\u00e7a hexagonal \u00e9 um acess\u00f3rio que veda a extremidade de um tubo, com uma cabe\u00e7a hexagonal para facilitar a instala\u00e7\u00e3o e a remo\u00e7\u00e3o.<\/p>\n<p data-start=\"2336\" data-end=\"2358\"><strong data-start=\"2336\" data-end=\"2358\">Tamp\u00e3o roscado de touro<\/strong><\/p>\n<p data-start=\"2360\" data-end=\"2481\">Um tamp\u00e3o roscado \u00e9 um acess\u00f3rio que veda a extremidade de um tubo, com um desenho em forma de ponta de touro para facilitar a instala\u00e7\u00e3o e a remo\u00e7\u00e3o.<\/p>\n<p data-start=\"2483\" data-end=\"2512\"><strong data-start=\"2483\" data-end=\"2512\">Bucha roscada de cabe\u00e7a sextavada<\/strong><\/p>\n<p data-start=\"2514\" data-end=\"2644\">Um casquilho roscado de cabe\u00e7a hexagonal \u00e9 um acess\u00f3rio que reduz o tamanho de um tubo, com uma cabe\u00e7a hexagonal para facilitar a instala\u00e7\u00e3o e a remo\u00e7\u00e3o.<\/p>\n<p data-start=\"2646\" data-end=\"2663\"><strong data-start=\"2646\" data-end=\"2663\">Chefe roscado<\/strong><\/p>\n<p data-start=\"2665\" data-end=\"2807\">Um bocal roscado \u00e9 um acess\u00f3rio que proporciona um ponto de liga\u00e7\u00e3o roscado num tubo, permitindo a fixa\u00e7\u00e3o de outros acess\u00f3rios ou componentes.<\/p>\n<p data-start=\"2809\" data-end=\"2832\"><strong data-start=\"2809\" data-end=\"2832\">Bocal roscado hexagonal<\/strong><\/p>\n<p data-start=\"2834\" data-end=\"2986\">Um bocal com rosca hexagonal \u00e9 um acess\u00f3rio que liga dois tubos de ponta a ponta, com roscas em ambas as extremidades e um corpo hexagonal para facilitar a instala\u00e7\u00e3o e remo\u00e7\u00e3o.<\/p>\n<p data-start=\"2988\" data-end=\"3012\"><strong data-start=\"2988\" data-end=\"3012\">Bocal roscado para tubo<\/strong><\/p>\n<p data-start=\"3014\" data-end=\"3112\">Um bocal roscado de tubo \u00e9 um acess\u00f3rio que liga dois tubos de ponta a ponta, com roscas em ambas as extremidades.<\/p>\n<p data-start=\"3114\" data-end=\"3150\"><strong data-start=\"3114\" data-end=\"3150\">Bocal de engate roscado conc\u00eantrico<\/strong><\/p>\n<p data-start=\"3152\" data-end=\"3314\">Um bocal de rosca conc\u00eantrica \u00e9 um acess\u00f3rio que liga dois tubos de di\u00e2metros diferentes, com roscas em ambas as extremidades e um design conc\u00eantrico para um fluxo suave.<\/p>\n<p data-start=\"3316\" data-end=\"3351\"><strong data-start=\"3316\" data-end=\"3351\">Bocal de engate com rosca exc\u00eantrica<\/strong><\/p>\n<p data-start=\"3353\" data-end=\"3531\">Um bocal de rosca exc\u00eantrico \u00e9 um acess\u00f3rio que liga dois tubos de di\u00e2metros diferentes, com roscas em ambas as extremidades e um design exc\u00eantrico para manter a mesma linha central.<\/p>\n<p data-start=\"3533\" data-end=\"3551\"><strong data-start=\"3533\" data-end=\"3551\">Uni\u00e3o roscada<\/strong><\/p>\n<p data-start=\"3553\" data-end=\"3679\">Uma uni\u00e3o roscada \u00e9 um acess\u00f3rio que permite a f\u00e1cil desconex\u00e3o e reconex\u00e3o de dois tubos, com roscas em ambas as extremidades.<\/p>\n<p data-start=\"3681\" data-end=\"3713\"><strong data-start=\"3681\" data-end=\"3713\">Uni\u00e3o roscada Macho x F\u00eamea<\/strong><\/p>\n<p data-start=\"3715\" data-end=\"3870\">Uma uni\u00e3o roscada macho x f\u00eamea \u00e9 um acess\u00f3rio que liga um tubo roscado macho a um tubo roscado f\u00eamea, permitindo uma f\u00e1cil desconex\u00e3o e reconex\u00e3o.<\/p>\n<p data-start=\"3872\" data-end=\"3909\"><strong data-start=\"3872\" data-end=\"3909\">Uni\u00e3o roscada macho x solda de soquete<\/strong><\/p>\n<p data-start=\"3911\" data-end=\"4069\">Uma uni\u00e3o roscada macho x solda de encaixe \u00e9 um acess\u00f3rio que liga um tubo roscado macho a um tubo soldado de encaixe, permitindo uma f\u00e1cil desconex\u00e3o e reconex\u00e3o.<\/p>\n<p data-start=\"4071\" data-end=\"4091\"><strong data-start=\"4071\" data-end=\"4091\">Adaptador roscado<\/strong><\/p>\n<p data-start=\"4093\" data-end=\"4206\">Um adaptador roscado \u00e9 um acess\u00f3rio que permite a liga\u00e7\u00e3o de dois tubos com diferentes tipos ou tamanhos de rosca.<\/p>\n<p data-start=\"4208\" data-end=\"4238\"><strong data-start=\"4208\" data-end=\"4238\">Sa\u00edda de ramal roscada de 90\u00b0<\/strong><\/p>\n<p data-start=\"4240\" data-end=\"4382\">Uma sa\u00edda de deriva\u00e7\u00e3o de 90\u00b0 roscada \u00e9 um acess\u00f3rio que permite a deriva\u00e7\u00e3o de uma tubagem num \u00e2ngulo de 90 graus, com roscas na sa\u00edda de deriva\u00e7\u00e3o.<\/p>\n<p data-start=\"4384\" data-end=\"4414\"><strong data-start=\"4384\" data-end=\"4414\">Sa\u00edda de ramal roscada de 45\u00b0<\/strong><\/p>\n<p data-start=\"4416\" data-end=\"4558\">Uma sa\u00edda de deriva\u00e7\u00e3o roscada de 45\u00b0 \u00e9 um acess\u00f3rio que permite a deriva\u00e7\u00e3o de uma tubagem num \u00e2ngulo de 45 graus, com roscas na sa\u00edda de deriva\u00e7\u00e3o.<\/p>\n<p data-start=\"4560\" data-end=\"4589\"><strong data-start=\"4560\" data-end=\"4589\">Cotovelo roscado de 90\u00b0 Sa\u00edda<\/strong><\/p>\n<p data-start=\"4591\" data-end=\"4725\">Uma sa\u00edda em cotovelo de 90\u00b0 roscada \u00e9 um acess\u00f3rio que permite a ramifica\u00e7\u00e3o de uma tubagem num \u00e2ngulo de 90 graus, com roscas na sa\u00edda.<\/p>\n<p data-start=\"4727\" data-end=\"4760\"><strong data-start=\"4727\" data-end=\"4760\">Bocal roscado Sa\u00edda de ramal<\/strong><\/p>\n<p data-start=\"4762\" data-end=\"4897\">Uma sa\u00edda de ramifica\u00e7\u00e3o de mamilo roscado \u00e9 um acess\u00f3rio que permite a ramifica\u00e7\u00e3o de uma tubagem, com roscas na sa\u00edda de ramifica\u00e7\u00e3o e no mamilo.<\/p>\n<p data-start=\"4899\" data-end=\"5079\">Estes acess\u00f3rios est\u00e3o dispon\u00edveis em v\u00e1rios materiais, incluindo a\u00e7o inoxid\u00e1vel, a\u00e7o-carbono, a\u00e7o-liga e a\u00e7o inoxid\u00e1vel super duplex, para satisfazer diversos requisitos de aplica\u00e7\u00e3o.<\/p>\n<p data-start=\"5081\" data-end=\"5277\">Os acess\u00f3rios roscados para tubos s\u00e3o normalmente utilizados em aplica\u00e7\u00f5es de baixo custo e n\u00e3o cr\u00edticas, como \u00e1gua dom\u00e9stica, prote\u00e7\u00e3o contra inc\u00eandios e sistemas industriais de \u00e1gua de refrigera\u00e7\u00e3o.<\/p>\n<p data-start=\"5279\" data-end=\"5390\">Est\u00e3o dispon\u00edveis em tr\u00eas classifica\u00e7\u00f5es de press\u00e3o: Classe 2000, 3000 e 6000.<\/p>\n<p data-start=\"5392\" data-end=\"5574\">Os acess\u00f3rios roscados para tubos s\u00e3o predominantemente utilizados para pequenos di\u00e2metros de tubos, tal como os acess\u00f3rios de soldadura de encaixe tamb\u00e9m s\u00e3o utilizados para sistemas de tubagem mais pequenos.<\/p>","protected":false},"excerpt":{"rendered":"<p data-pm-slice=\"1 1 []\">Material\uff1a<\/p>\n<p>ASTM A182 (F304, F304L, F316, F316L, F304H, F316H, F317L, F321, F11, F22, F91)<\/p>\n<p>ASTM A105, A350 LF2, A106 Gr.B, A234 WPB, A312, A403<\/p>\n<p>Dimens\u00e3o: ASME 16.11, MSS SP-79, 83, 95, 97 e BS3799<\/p>\n<p>Classifica\u00e7\u00e3o de press\u00e3o: 2000LBS, 3000LBS, 6000LBS<\/p>\n<p>Tamanho\uff1aNPS 1\/8\" ~ 4\" (DN6 ~ DN100)<\/p>","protected":false},"featured_media":2471,"comment_status":"open","ping_status":"closed","template":"","meta":{"_gspb_post_css":""},"product_brand":[397],"product_cat":[395],"product_tag":[446],"class_list":{"0":"post-2476","1":"product","2":"type-product","3":"status-publish","4":"has-post-thumbnail","6":"product_brand-hfittings","7":"product_cat-forged-pipe-fittings","8":"product_tag-threaded-pipe-fittings","10":"first","11":"instock","12":"sale","13":"shipping-taxable","14":"purchasable","15":"product-type-simple"},"_links":{"self":[{"href":"https:\/\/hfittings.com\/pt\/wp-json\/wp\/v2\/product\/2476","targetHints":{"allow":["GET"]}}],"collection":[{"href":"https:\/\/hfittings.com\/pt\/wp-json\/wp\/v2\/product"}],"about":[{"href":"https:\/\/hfittings.com\/pt\/wp-json\/wp\/v2\/types\/product"}],"replies":[{"embeddable":true,"href":"https:\/\/hfittings.com\/pt\/wp-json\/wp\/v2\/comments?post=2476"}],"wp:featuredmedia":[{"embeddable":true,"href":"https:\/\/hfittings.com\/pt\/wp-json\/wp\/v2\/media\/2471"}],"wp:attachment":[{"href":"https:\/\/hfittings.com\/pt\/wp-json\/wp\/v2\/media?parent=2476"}],"wp:term":[{"taxonomy":"product_brand","embeddable":true,"href":"https:\/\/hfittings.com\/pt\/wp-json\/wp\/v2\/product_brand?post=2476"},{"taxonomy":"product_cat","embeddable":true,"href":"https:\/\/hfittings.com\/pt\/wp-json\/wp\/v2\/product_cat?post=2476"},{"taxonomy":"product_tag","embeddable":true,"href":"https:\/\/hfittings.com\/pt\/wp-json\/wp\/v2\/product_tag?post=2476"}],"curies":[{"name":"wp","href":"https:\/\/api.w.org\/{rel}","templated":true}]}}