{"id":2469,"date":"2025-02-13T09:03:50","date_gmt":"2025-02-13T09:03:50","guid":{"rendered":"https:\/\/hfittings.com\/?post_type=product&#038;p=2469"},"modified":"2025-03-24T08:57:24","modified_gmt":"2025-03-24T08:57:24","slug":"acessorios-para-tubos-forjados","status":"publish","type":"product","link":"https:\/\/hfittings.com\/pt\/product\/forged-pipe-fittings\/","title":{"rendered":"Acess\u00f3rios para tubos forjados"},"content":{"rendered":"<p data-start=\"0\" data-end=\"79\"><strong data-start=\"0\" data-end=\"79\">Acess\u00f3rios para tubos forjados: Componentes essenciais para sistemas de tubagem de alta press\u00e3o<\/strong><\/p>\n<p data-start=\"81\" data-end=\"552\">Os acess\u00f3rios forjados para tubos s\u00e3o essenciais para criar liga\u00e7\u00f5es robustas e estanques em sistemas de tubagem de alta press\u00e3o. Fabricados atrav\u00e9s de um processo de forjamento, estes acess\u00f3rios s\u00e3o concebidos para serem aparafusados ou soldados nas extremidades dos tubos ou outros acess\u00f3rios, assegurando uma liga\u00e7\u00e3o duradoura e sem costuras. S\u00e3o amplamente utilizados em v\u00e1rias ind\u00fastrias, incluindo petroqu\u00edmica, petr\u00f3leo e g\u00e1s, gera\u00e7\u00e3o de energia, aeroespacial, caldeiras, permutadores de calor e aplica\u00e7\u00f5es de vasos de press\u00e3o.<\/p>\n<figure id=\"attachment_2470\" aria-describedby=\"caption-attachment-2470\" style=\"width: 300px\" class=\"wp-caption alignleft\"><a href=\"https:\/\/hfittings.com\/pt\/produto\/acessorios-para-tubos-com-casquilho-para-soldar\/\"><img decoding=\"async\" class=\"wp-image-2470 size-medium\" src=\"https:\/\/hfittings.com\/wp-content\/uploads\/2025\/02\/socket-weld-pipe-fittings-300x300.jpg\" alt=\"acess\u00f3rios para tubos forjados\" width=\"300\" height=\"300\" data-wp-editing=\"1\" srcset=\"https:\/\/hfittings.com\/wp-content\/uploads\/2025\/02\/socket-weld-pipe-fittings-300x300.jpg 300w, https:\/\/hfittings.com\/wp-content\/uploads\/2025\/02\/socket-weld-pipe-fittings-150x150.jpg 150w, https:\/\/hfittings.com\/wp-content\/uploads\/2025\/02\/socket-weld-pipe-fittings-500x500.jpg 500w, https:\/\/hfittings.com\/wp-content\/uploads\/2025\/02\/socket-weld-pipe-fittings.jpg 660w\" sizes=\"(max-width: 300px) 100vw, 300px\" \/><\/a><figcaption id=\"caption-attachment-2470\" class=\"wp-caption-text\">acess\u00f3rios para tubos de soldadura de encaixe<\/figcaption><\/figure>\n<figure id=\"attachment_2471\" aria-describedby=\"caption-attachment-2471\" style=\"width: 300px\" class=\"wp-caption alignleft\"><a href=\"https:\/\/hfittings.com\/pt\/produto\/acessorios-roscados-para-tubos\/\"><img decoding=\"async\" class=\"size-medium wp-image-2471\" src=\"https:\/\/hfittings.com\/wp-content\/uploads\/2025\/02\/threaded-pipe-fittings-300x300.jpg\" alt=\"acess\u00f3rios para tubos roscados\" width=\"300\" height=\"300\" srcset=\"https:\/\/hfittings.com\/wp-content\/uploads\/2025\/02\/threaded-pipe-fittings-300x300.jpg 300w, https:\/\/hfittings.com\/wp-content\/uploads\/2025\/02\/threaded-pipe-fittings-150x150.jpg 150w, https:\/\/hfittings.com\/wp-content\/uploads\/2025\/02\/threaded-pipe-fittings-768x768.jpg 768w, https:\/\/hfittings.com\/wp-content\/uploads\/2025\/02\/threaded-pipe-fittings-500x500.jpg 500w, https:\/\/hfittings.com\/wp-content\/uploads\/2025\/02\/threaded-pipe-fittings.jpg 800w\" sizes=\"(max-width: 300px) 100vw, 300px\" \/><\/a><figcaption id=\"caption-attachment-2471\" class=\"wp-caption-text\">acess\u00f3rios para tubos roscados<\/figcaption><\/figure>\n<p data-start=\"554\" data-end=\"583\"><strong data-start=\"554\" data-end=\"583\">Principais carater\u00edsticas e vantagens<\/strong><\/p>\n<ul data-start=\"585\" data-end=\"1455\">\n<li data-start=\"585\" data-end=\"739\">\n<p data-start=\"587\" data-end=\"739\"><strong data-start=\"587\" data-end=\"607\">Alta durabilidade:<\/strong> Os acess\u00f3rios para tubos forjados s\u00e3o conhecidos pela sua for\u00e7a excecional e resist\u00eancia ao desgaste, tornando-os ideais para aplica\u00e7\u00f5es exigentes.<\/p>\n<\/li>\n<li data-start=\"741\" data-end=\"888\">\n<p data-start=\"743\" data-end=\"888\"><strong data-start=\"743\" data-end=\"768\">Precis\u00e3o dimensional:<\/strong> Fabricados de acordo com especifica\u00e7\u00f5es precisas, estes acess\u00f3rios garantem um ajuste perfeito e um desempenho fi\u00e1vel nos sistemas de tubagem.<\/p>\n<\/li>\n<li data-start=\"890\" data-end=\"1044\">\n<p data-start=\"892\" data-end=\"1044\"><strong data-start=\"892\" data-end=\"910\">Acabamento liso:<\/strong> O processo de forjamento resulta num acabamento superficial suave, reduzindo o risco de corros\u00e3o e facilitando o fluxo dentro dos tubos.<\/p>\n<\/li>\n<li data-start=\"1046\" data-end=\"1219\">\n<p data-start=\"1048\" data-end=\"1219\"><strong data-start=\"1048\" data-end=\"1075\">Desempenho \u00e0 prova de fugas:<\/strong> Concebidos para suportar press\u00f5es elevadas, os acess\u00f3rios forjados proporcionam liga\u00e7\u00f5es \u00e0 prova de fugas, aumentando a seguran\u00e7a e a efici\u00eancia do sistema de tubagem.<\/p>\n<\/li>\n<li data-start=\"1221\" data-end=\"1455\">\n<p data-start=\"1223\" data-end=\"1455\"><strong data-start=\"1223\" data-end=\"1248\">Resist\u00eancia \u00e0 corros\u00e3o:<\/strong> Fabricados a partir de materiais como o a\u00e7o inoxid\u00e1vel, o a\u00e7o carbono, o a\u00e7o de liga e o a\u00e7o inoxid\u00e1vel super duplex, estes acess\u00f3rios oferecem uma excelente resist\u00eancia \u00e0 corros\u00e3o, prolongando a vida \u00fatil do sistema de tubagem.<\/p>\n<\/li>\n<\/ul>\n<p data-start=\"1457\" data-end=\"1473\"><strong data-start=\"1457\" data-end=\"1473\">Aplica\u00e7\u00f5es<\/strong><\/p>\n<p data-start=\"1475\" data-end=\"1543\">Os acess\u00f3rios para tubos forjados s\u00e3o essenciais em v\u00e1rias ind\u00fastrias, incluindo:<\/p>\n<ul data-start=\"1545\" data-end=\"2308\">\n<li data-start=\"1545\" data-end=\"1706\">\n<p data-start=\"1547\" data-end=\"1706\"><strong data-start=\"1547\" data-end=\"1574\">Ind\u00fastria petroqu\u00edmica:<\/strong> Utilizados no transporte de produtos qu\u00edmicos e gases, exigindo acess\u00f3rios que possam suportar press\u00f5es elevadas e ambientes corrosivos.<\/p>\n<\/li>\n<li data-start=\"1708\" data-end=\"1819\">\n<p data-start=\"1710\" data-end=\"1819\"><strong data-start=\"1710\" data-end=\"1735\">Ind\u00fastria do petr\u00f3leo e do g\u00e1s:<\/strong> Cr\u00edtico para a liga\u00e7\u00e3o de condutas nos processos de explora\u00e7\u00e3o, perfura\u00e7\u00e3o e refina\u00e7\u00e3o.<\/p>\n<\/li>\n<li data-start=\"1821\" data-end=\"1944\">\n<p data-start=\"1823\" data-end=\"1944\"><strong data-start=\"1823\" data-end=\"1844\">Gera\u00e7\u00e3o de energia:<\/strong> Utilizado em sistemas de vapor e \u00e1gua em centrais el\u00e9ctricas, onde as liga\u00e7\u00f5es de alta press\u00e3o s\u00e3o vitais.<\/p>\n<\/li>\n<li data-start=\"1946\" data-end=\"2060\">\n<p data-start=\"1948\" data-end=\"2060\"><strong data-start=\"1948\" data-end=\"1962\">Aeroespacial:<\/strong> Utilizado em sistemas de aeronaves, exigindo acess\u00f3rios leves mas fortes para v\u00e1rias aplica\u00e7\u00f5es.<\/p>\n<\/li>\n<li data-start=\"2062\" data-end=\"2174\">\n<p data-start=\"2064\" data-end=\"2174\"><strong data-start=\"2064\" data-end=\"2102\">Sistemas de caldeiras e permutadores de calor:<\/strong> Essencial para manter uma transfer\u00eancia de calor eficiente e o controlo da press\u00e3o.<\/p>\n<\/li>\n<li data-start=\"2176\" data-end=\"2308\">\n<p data-start=\"2178\" data-end=\"2308\"><strong data-start=\"2178\" data-end=\"2212\">Fabrico de recipientes sob press\u00e3o:<\/strong> Utilizado para garantir a integridade e a seguran\u00e7a dos recipientes sob press\u00e3o em v\u00e1rias aplica\u00e7\u00f5es industriais.<\/p>\n<\/li>\n<\/ul>\n<p data-start=\"2310\" data-end=\"2337\"><strong data-start=\"2310\" data-end=\"2337\">Especifica\u00e7\u00f5es do material<\/strong><\/p>\n<p data-start=\"2339\" data-end=\"2426\">Os acess\u00f3rios para tubos forjados est\u00e3o dispon\u00edveis em v\u00e1rios materiais para se adequarem a diferentes aplica\u00e7\u00f5es:<\/p>\n<ul data-start=\"2428\" data-end=\"2886\">\n<li data-start=\"2428\" data-end=\"2550\">\n<p data-start=\"2430\" data-end=\"2550\"><strong data-start=\"2430\" data-end=\"2459\">A\u00e7o carbono (ASTM A105):<\/strong> Normalmente utilizado para aplica\u00e7\u00f5es de uso geral devido \u00e0 sua resist\u00eancia e \u00e0 sua rela\u00e7\u00e3o custo-efic\u00e1cia.<\/p>\n<\/li>\n<li data-start=\"2552\" data-end=\"2660\">\n<p data-start=\"2554\" data-end=\"2660\"><strong data-start=\"2554\" data-end=\"2582\">A\u00e7o inoxid\u00e1vel (SS316):<\/strong> Oferece uma resist\u00eancia superior \u00e0 corros\u00e3o, tornando-o ideal para ambientes agressivos.<\/p>\n<\/li>\n<li data-start=\"2662\" data-end=\"2757\">\n<p data-start=\"2664\" data-end=\"2757\"><strong data-start=\"2664\" data-end=\"2680\">Liga de a\u00e7o:<\/strong> Proporciona maior for\u00e7a e resist\u00eancia ao calor para aplica\u00e7\u00f5es especializadas.<\/p>\n<\/li>\n<li data-start=\"2759\" data-end=\"2886\">\n<p data-start=\"2761\" data-end=\"2886\"><strong data-start=\"2761\" data-end=\"2794\">A\u00e7o inoxid\u00e1vel Super Duplex:<\/strong> Combina alta resist\u00eancia e excelente resist\u00eancia \u00e0 corros\u00e3o, adequada para condi\u00e7\u00f5es extremas.<\/p>\n<\/li>\n<\/ul>\n<p data-start=\"2888\" data-end=\"2920\"><strong data-start=\"2888\" data-end=\"2920\">Normas e especifica\u00e7\u00f5es<\/strong><\/p>\n<p data-start=\"2922\" data-end=\"3034\">Os acess\u00f3rios para tubos forjados s\u00e3o fabricados de acordo com as normas da ind\u00fastria para garantir a qualidade e a compatibilidade:<\/p>\n<ul data-start=\"3036\" data-end=\"3512\">\n<li data-start=\"3036\" data-end=\"3247\">\n<p data-start=\"3038\" data-end=\"3247\"><strong data-start=\"3038\" data-end=\"3054\">ASME B16.11:<\/strong> Especifica os requisitos para acess\u00f3rios de a\u00e7o forjado, incluindo classifica\u00e7\u00f5es de press\u00e3o-temperatura, dimens\u00f5es, toler\u00e2ncias, marca\u00e7\u00f5es e requisitos de material.<\/p>\n<\/li>\n<li data-start=\"3249\" data-end=\"3403\">\n<p data-start=\"3251\" data-end=\"3403\"><strong data-start=\"3251\" data-end=\"3274\">MSS-SP-79\/83\/95\/97:<\/strong> Normas definidas pela Manufacturers Standardization Society para acess\u00f3rios forjados, abrangendo v\u00e1rias classes de press\u00e3o e materiais.<\/p>\n<\/li>\n<li data-start=\"3405\" data-end=\"3512\">\n<p data-start=\"3407\" data-end=\"3512\"><strong data-start=\"3407\" data-end=\"3418\">BS3799:<\/strong> Norma brit\u00e2nica para acess\u00f3rios de a\u00e7o forjado, garantindo compatibilidade e qualidade internacionais.<\/p>\n<\/li>\n<\/ul>\n<p data-start=\"3514\" data-end=\"3534\"><strong data-start=\"3514\" data-end=\"3534\">Classifica\u00e7\u00f5es de press\u00e3o<\/strong><\/p>\n<p data-start=\"3536\" data-end=\"3641\">Os acess\u00f3rios para tubos forjados est\u00e3o dispon\u00edveis em v\u00e1rias classes de press\u00e3o para satisfazer os requisitos de aplica\u00e7\u00f5es espec\u00edficas:<\/p>\n<ul data-start=\"3643\" data-end=\"3827\">\n<li data-start=\"3643\" data-end=\"3703\">\n<p data-start=\"3645\" data-end=\"3703\"><strong data-start=\"3645\" data-end=\"3660\">Classe 3000:<\/strong> Adequado para aplica\u00e7\u00f5es de m\u00e9dia press\u00e3o.<\/p>\n<\/li>\n<li data-start=\"3705\" data-end=\"3760\">\n<p data-start=\"3707\" data-end=\"3760\"><strong data-start=\"3707\" data-end=\"3722\">Classe 6000:<\/strong> Concebido para sistemas de press\u00e3o mais elevada.<\/p>\n<\/li>\n<li data-start=\"3762\" data-end=\"3827\">\n<p data-start=\"3764\" data-end=\"3827\"><strong data-start=\"3764\" data-end=\"3779\">Classe 9000:<\/strong> Ideal para aplica\u00e7\u00f5es de press\u00e3o extremamente elevada.<\/p>\n<\/li>\n<\/ul>\n<p data-start=\"3829\" data-end=\"3843\"><strong data-start=\"3829\" data-end=\"3843\">Conclus\u00e3o<\/strong><\/p>\n<p data-start=\"3845\" data-end=\"4159\">Os acess\u00f3rios para tubos forjados s\u00e3o componentes vitais em sistemas de tubagem de alta press\u00e3o, oferecendo resist\u00eancia, durabilidade e fiabilidade em v\u00e1rias ind\u00fastrias. A sua capacidade para resistir a condi\u00e7\u00f5es extremas e fornecer liga\u00e7\u00f5es \u00e0 prova de fugas torna-os indispens\u00e1veis em aplica\u00e7\u00f5es onde a seguran\u00e7a e o desempenho s\u00e3o fundamentais.<\/p>","protected":false},"excerpt":{"rendered":"<p>Forged Pipe Fittings: Essential Components for High-Pressure Piping Systems Forged pipe fittings are integral to creating robust, leak-proof connections in high-pressure piping systems. Manufactured through a forging process, these fittings are designed to be screwed or socket-welded onto the ends of pipes or other fittings, ensuring a seamless and durable connection. They are widely utilized [&hellip;]<\/p>\n","protected":false},"featured_media":2481,"comment_status":"open","ping_status":"closed","template":"","meta":{"_gspb_post_css":""},"product_brand":[397],"product_cat":[395],"product_tag":[444],"class_list":{"0":"post-2469","1":"product","2":"type-product","3":"status-publish","4":"has-post-thumbnail","6":"product_brand-hfittings","7":"product_cat-forged-pipe-fittings","8":"product_tag-forged-pipe-fittings","10":"first","11":"instock","12":"sale","13":"shipping-taxable","14":"purchasable","15":"product-type-simple"},"_links":{"self":[{"href":"https:\/\/hfittings.com\/pt\/wp-json\/wp\/v2\/product\/2469","targetHints":{"allow":["GET"]}}],"collection":[{"href":"https:\/\/hfittings.com\/pt\/wp-json\/wp\/v2\/product"}],"about":[{"href":"https:\/\/hfittings.com\/pt\/wp-json\/wp\/v2\/types\/product"}],"replies":[{"embeddable":true,"href":"https:\/\/hfittings.com\/pt\/wp-json\/wp\/v2\/comments?post=2469"}],"wp:featuredmedia":[{"embeddable":true,"href":"https:\/\/hfittings.com\/pt\/wp-json\/wp\/v2\/media\/2481"}],"wp:attachment":[{"href":"https:\/\/hfittings.com\/pt\/wp-json\/wp\/v2\/media?parent=2469"}],"wp:term":[{"taxonomy":"product_brand","embeddable":true,"href":"https:\/\/hfittings.com\/pt\/wp-json\/wp\/v2\/product_brand?post=2469"},{"taxonomy":"product_cat","embeddable":true,"href":"https:\/\/hfittings.com\/pt\/wp-json\/wp\/v2\/product_cat?post=2469"},{"taxonomy":"product_tag","embeddable":true,"href":"https:\/\/hfittings.com\/pt\/wp-json\/wp\/v2\/product_tag?post=2469"}],"curies":[{"name":"wp","href":"https:\/\/api.w.org\/{rel}","templated":true}]}}