{"id":2464,"date":"2025-02-12T01:22:10","date_gmt":"2025-02-12T01:22:10","guid":{"rendered":"https:\/\/hfittings.com\/?post_type=product&#038;p=2464"},"modified":"2025-09-12T21:53:10","modified_gmt":"2025-09-12T21:53:10","slug":"flange","status":"publish","type":"product","link":"https:\/\/hfittings.com\/pt\/product\/flange\/","title":{"rendered":"Flange"},"content":{"rendered":"<h2 data-pm-slice=\"1 1 []\"><strong>No\u00e7\u00f5es b\u00e1sicas sobre flanges: Flanges de tubo de alta qualidade para aplica\u00e7\u00f5es industriais<\/strong><br \/>\n<strong>Solu\u00e7\u00f5es fi\u00e1veis para o seu sistema de tubagens<\/strong><\/h2>\n<p>As flanges s\u00e3o componentes essenciais para a liga\u00e7\u00e3o de sistemas de tubagem, assegurando juntas seguras e \u00e0 prova de fugas com v\u00e1lvulas, equipamento e outros componentes. Sendo o segundo m\u00e9todo de uni\u00e3o mais utilizado depois da soldadura, as flanges de tubagem proporcionam flexibilidade, facilidade de manuten\u00e7\u00e3o e modifica\u00e7\u00f5es eficientes do sistema.<\/p>\n<figure id=\"attachment_2465\" aria-describedby=\"caption-attachment-2465\" style=\"width: 300px\" class=\"wp-caption alignnone\"><img decoding=\"async\" class=\"size-medium wp-image-2465\" src=\"https:\/\/hfittings.com\/wp-content\/uploads\/2025\/02\/Flange-300x204.jpg\" alt=\"Flange\" width=\"300\" height=\"204\" srcset=\"https:\/\/hfittings.com\/wp-content\/uploads\/2025\/02\/Flange-300x204.jpg 300w, https:\/\/hfittings.com\/wp-content\/uploads\/2025\/02\/Flange-768x521.jpg 768w, https:\/\/hfittings.com\/wp-content\/uploads\/2025\/02\/Flange.jpg 825w\" sizes=\"(max-width: 300px) 100vw, 300px\" \/><figcaption id=\"caption-attachment-2465\" class=\"wp-caption-text\">Flange<\/figcaption><\/figure>\n<h3><strong>Porqu\u00ea escolher os nossos flanges para tubos?<\/strong><\/h3>\n<p>A nossa elevada qualidade <strong>flanges de a\u00e7o inoxid\u00e1vel<\/strong> e outros materiais de flange especializados, incluindo <strong>Monel, Inconel e Cromo Moly<\/strong>s\u00e3o concebidos para responder a diversas exig\u00eancias industriais. Quer seja para <strong>alta press\u00e3o, alta temperatura<\/strong> aplica\u00e7\u00f5es ou normas <strong>tubagem industrial<\/strong> oferecemos solu\u00e7\u00f5es fi\u00e1veis e duradouras.<\/p>\n<p>Uma norma <strong>liga\u00e7\u00e3o flangeada<\/strong> consiste em tr\u00eas componentes principais:<\/p>\n<ul data-spread=\"false\">\n<li><strong>Flanges para tubos<\/strong><\/li>\n<li><strong>Junta de veda\u00e7\u00e3o<\/strong><\/li>\n<li><strong>Aparafusamento<\/strong><\/li>\n<\/ul>\n<p>Ao selecionar o <strong>tipos de flanges, materiais e classifica\u00e7\u00f5es de press\u00e3o<\/strong>, assegura <strong>desempenho duradouro<\/strong> e <strong>efici\u00eancia \u00f3ptima do sistema<\/strong>.<\/p>\n<div>\n<hr \/>\n<\/div>\n<h3><strong>Os nossos tipos de flanges e as suas aplica\u00e7\u00f5es<\/strong><\/h3>\n<p>Oferecemos uma gama completa de <strong>tipos de flanges<\/strong>cada um deles adaptado a necessidades operacionais espec\u00edficas:<\/p>\n<ul data-spread=\"false\">\n<li><strong>Flanges roscadas:<\/strong> Tamb\u00e9m conhecido como <strong>flanges aparafusadas<\/strong>Estes permitem uma instala\u00e7\u00e3o r\u00e1pida sem soldadura, bastando fazer corresponder a liga\u00e7\u00e3o roscada ao tubo.<\/li>\n<li><strong>Flanges de encaixe para soldadura (SW Flange):<\/strong> Melhor para <strong>baixa press\u00e3o<\/strong> e <strong>baixa temperatura<\/strong> condi\u00e7\u00f5es, com um sistema seguro <strong>soldadura em \u00e2ngulo<\/strong> liga\u00e7\u00e3o.<\/li>\n<li><strong>Flanges de encaixe (Flange SO):<\/strong> Uma op\u00e7\u00e3o amplamente utilizada para sistemas com <strong>caudais mais elevados<\/strong>, exigindo <strong>soldaduras de filete<\/strong> em ambos os lados.<\/li>\n<li><strong>Flanges de junta sobreposta (Flange LJ):<\/strong> Estes utilizam um <strong>design de duas pe\u00e7as<\/strong>ideal para <strong>sistemas que requerem desmontagem frequente<\/strong> e <strong>instala\u00e7\u00f5es com espa\u00e7o limitado<\/strong>.<\/li>\n<li><strong>Flanges de pesco\u00e7o soldado (Flange WN):<\/strong> Conhecido por <strong>alta resist\u00eancia<\/strong> e <strong>durabilidade<\/strong>estas flanges s\u00e3o ideais para <strong>alta press\u00e3o, alta temperatura<\/strong> aplica\u00e7\u00f5es.<\/li>\n<li><strong>Flange cega (Flange BL):<\/strong> Utilizado para <strong>isolamento do sistema<\/strong> ou <strong>rescis\u00e3o<\/strong>, fornecendo um <strong>veda\u00e7\u00e3o forte e amov\u00edvel<\/strong>.<\/li>\n<li><strong>Flanges especiais:<\/strong> Solu\u00e7\u00f5es personalizadas, incluindo <strong>nipoflanges, weldoflanges, flanges de expans\u00e3o, flanges de orif\u00edcio, flanges de pesco\u00e7o longo soldado e flanges de redu\u00e7\u00e3o<\/strong>concebidos para as necessidades espec\u00edficas do sector.<\/li>\n<\/ul>\n<div>\n<hr \/>\n<\/div>\n<h3><strong>Tipos de faces de flange para uma veda\u00e7\u00e3o segura<\/strong><\/h3>\n<p>Selecionar o correto <strong>tipo de face de flange<\/strong> \u00e9 crucial para a efici\u00eancia do sistema e o desempenho da veda\u00e7\u00e3o. Fornecemos v\u00e1rios tipos de faces para corresponder \u00e0s suas necessidades de aplica\u00e7\u00e3o:<\/p>\n<ul data-spread=\"false\">\n<li><strong>Face plana (FF):<\/strong> Ideal para juntas de veda\u00e7\u00e3o de face inteira, oferecendo uma superf\u00edcie de veda\u00e7\u00e3o uniforme.<\/li>\n<li><strong>Raised Face (RF):<\/strong> Possui uma pequena sec\u00e7\u00e3o elevada para melhorar o contacto e a veda\u00e7\u00e3o da junta.<\/li>\n<li><strong>Face da junta circular (RTJ):<\/strong> Concebido para <strong>alta press\u00e3o, alta temperatura<\/strong> ambientes, utilizando um <strong>junta met\u00e1lica<\/strong> para manter uma veda\u00e7\u00e3o \u00f3ptima.<\/li>\n<li><strong>L\u00edngua e ranhura (T&amp;G):<\/strong> Conce\u00e7\u00e3o de alinhamento autom\u00e1tico que melhora a coloca\u00e7\u00e3o e a ader\u00eancia da junta.<\/li>\n<li><strong>Masculino e Feminino (M&amp;F):<\/strong> Fornece <strong>reten\u00e7\u00e3o precisa da junta<\/strong>tornando-o ideal para aplica\u00e7\u00f5es de veda\u00e7\u00e3o especializadas.<\/li>\n<\/ul>\n<p>Adicionalmente, <strong>acabamentos lisos ou serrilhados<\/strong> est\u00e3o dispon\u00edveis com base em <strong>compatibilidade das juntas<\/strong> e <strong>desempenho de veda\u00e7\u00e3o<\/strong> requisitos.<\/p>\n<div>\n<hr \/>\n<\/div>\n<h3><strong>Dimens\u00f5es e normas de flanges<\/strong><\/h3>\n<p>Escolher o caminho certo <strong>dimens\u00f5es da flange<\/strong> \u00e9 vital para <strong>compatibilidade do sistema<\/strong> e <strong>efici\u00eancia da instala\u00e7\u00e3o<\/strong>. As nossas flanges est\u00e3o em conformidade com <strong>ASME B16.5<\/strong> e <strong>ASME B16.47<\/strong> normas, garantindo <strong>conformidade global<\/strong> e <strong>desempenho fi\u00e1vel<\/strong>.<\/p>\n<p>Os principais factores dimensionais incluem:<\/p>\n<ul data-spread=\"false\">\n<li><strong>Di\u00e2metro exterior (DE)<\/strong>: A largura total da face da flange.<\/li>\n<li><strong>Espessura<\/strong>: A espessura da jante exterior, que afecta a resist\u00eancia e a durabilidade.<\/li>\n<li><strong>Di\u00e2metro do c\u00edrculo dos parafusos (BCD)<\/strong>: A dist\u00e2ncia entre os furos dos parafusos, medida de centro a centro.<\/li>\n<li><strong>Tamanho nominal do furo<\/strong>: O di\u00e2metro interno, correspondente ao tubo ligado.<\/li>\n<li><strong>Compatibilidade de tamanhos de tubos<\/strong>: Assegurar que a flange se adapta aos requisitos do sistema.<\/li>\n<\/ul>\n<div>\n<hr \/>\n<\/div>\n<h3><strong>Classifica\u00e7\u00e3o de flanges e classifica\u00e7\u00f5es de press\u00e3o<\/strong><\/h3>\n<p>Todos os flanges s\u00e3o classificados por <strong>classifica\u00e7\u00f5es de press\u00e3o<\/strong>A classifica\u00e7\u00e3o dos produtos \u00e9 feita de acordo com a sua capacidade de carga, garantindo a sua adequa\u00e7\u00e3o a diferentes condi\u00e7\u00f5es de funcionamento. Estas classifica\u00e7\u00f5es incluem:<\/p>\n<ul data-spread=\"false\">\n<li><strong>150#<\/strong><\/li>\n<li><strong>300#<\/strong><\/li>\n<li><strong>600#<\/strong><\/li>\n<li><strong>900#<\/strong><\/li>\n<li><strong>1500#<\/strong><\/li>\n<li><strong>2500#<\/strong><\/li>\n<\/ul>\n<p>Regra geral, <strong>temperaturas mais elevadas diminuem as toler\u00e2ncias de press\u00e3o<\/strong>A classifica\u00e7\u00e3o correta \u00e9 essencial para um funcionamento seguro.<\/p>\n<div>\n<hr \/>\n<\/div>\n<h3><strong>Marca\u00e7\u00f5es de flange para f\u00e1cil identifica\u00e7\u00e3o<\/strong><\/h3>\n<p>Cada flange inclui <strong>marca\u00e7\u00f5es normalizadas<\/strong> para rastreabilidade e conformidade, incluindo:<\/p>\n<ul data-spread=\"false\">\n<li><strong>C\u00f3digo do fabricante<\/strong><\/li>\n<li><strong>C\u00f3digo do material ASTM<\/strong><\/li>\n<li><strong>Grau do material<\/strong><\/li>\n<li><strong>Classe de press\u00e3o-temperatura<\/strong><\/li>\n<li><strong>Tamanho e hor\u00e1rio<\/strong><\/li>\n<li><strong>N\u00famero de calor<\/strong><\/li>\n<li><strong>Designa\u00e7\u00f5es especiais<\/strong> (se aplic\u00e1vel)<\/li>\n<\/ul>\n<div>\n<hr \/>\n<\/div>\n<h3><strong>Encontre o flange certo para as suas necessidades<\/strong><\/h3>\n<p>Com uma vasta sele\u00e7\u00e3o de <strong>flanges de a\u00e7o inoxid\u00e1vel<\/strong> e <strong>flanges especiais<\/strong>, fornecemos <strong>solu\u00e7\u00f5es duradouras e de alta qualidade<\/strong> para uma vasta gama de <strong>tubagem industrial<\/strong> aplica\u00e7\u00f5es.<\/p>\n<p>Precisa de orienta\u00e7\u00e3o especializada? Contacte o nosso <strong>Equipa t\u00e9cnica de vendas<\/strong> hoje para encontrar o melhor <strong>flanges de tubos, juntas e solu\u00e7\u00f5es de aparafusamento<\/strong> para o seu pr\u00f3ximo projeto!<\/p>","protected":false},"excerpt":{"rendered":"<p>Flange Basics: High-Quality Pipe Flanges for Industrial Applications Reliable Solutions for Your Piping System Flanges are essential components for connecting piping systems, ensuring secure and leak-proof joints with valves, equipment, and other components. As the second most commonly used joining method after welding, pipe flanges provide flexibility, ease of maintenance, and efficient system modifications. Why [&hellip;]<\/p>\n","protected":false},"featured_media":2465,"comment_status":"open","ping_status":"closed","template":"","meta":{"_gspb_post_css":""},"product_brand":[397],"product_cat":[394],"product_tag":[443,440,441,442],"class_list":{"0":"post-2464","1":"product","2":"type-product","3":"status-publish","4":"has-post-thumbnail","6":"product_brand-hfittings","7":"product_cat-flange","8":"product_tag-bl","9":"product_tag-flange","10":"product_tag-so-flange","11":"product_tag-wn-flange","13":"first","14":"instock","15":"sale","16":"shipping-taxable","17":"purchasable","18":"product-type-simple"},"_links":{"self":[{"href":"https:\/\/hfittings.com\/pt\/wp-json\/wp\/v2\/product\/2464","targetHints":{"allow":["GET"]}}],"collection":[{"href":"https:\/\/hfittings.com\/pt\/wp-json\/wp\/v2\/product"}],"about":[{"href":"https:\/\/hfittings.com\/pt\/wp-json\/wp\/v2\/types\/product"}],"replies":[{"embeddable":true,"href":"https:\/\/hfittings.com\/pt\/wp-json\/wp\/v2\/comments?post=2464"}],"wp:featuredmedia":[{"embeddable":true,"href":"https:\/\/hfittings.com\/pt\/wp-json\/wp\/v2\/media\/2465"}],"wp:attachment":[{"href":"https:\/\/hfittings.com\/pt\/wp-json\/wp\/v2\/media?parent=2464"}],"wp:term":[{"taxonomy":"product_brand","embeddable":true,"href":"https:\/\/hfittings.com\/pt\/wp-json\/wp\/v2\/product_brand?post=2464"},{"taxonomy":"product_cat","embeddable":true,"href":"https:\/\/hfittings.com\/pt\/wp-json\/wp\/v2\/product_cat?post=2464"},{"taxonomy":"product_tag","embeddable":true,"href":"https:\/\/hfittings.com\/pt\/wp-json\/wp\/v2\/product_tag?post=2464"}],"curies":[{"name":"wp","href":"https:\/\/api.w.org\/{rel}","templated":true}]}}