{"id":2460,"date":"2025-02-09T11:43:57","date_gmt":"2025-02-09T11:43:57","guid":{"rendered":"https:\/\/hfittings.com\/?post_type=product&#038;p=2460"},"modified":"2025-03-24T08:54:00","modified_gmt":"2025-03-24T08:54:00","slug":"tampa-de-aco-inoxidavel","status":"publish","type":"product","link":"https:\/\/hfittings.com\/pt\/product\/stainless-steel-cap\/","title":{"rendered":"Tampa de a\u00e7o inoxid\u00e1vel"},"content":{"rendered":"<p>As tampas de a\u00e7o inoxid\u00e1vel s\u00e3o concebidas com precis\u00e3o para fornecer solu\u00e7\u00f5es de veda\u00e7\u00e3o fi\u00e1veis e duradouras para os seus sistemas de tubagem. Fabricadas a partir de tipos de a\u00e7o inoxid\u00e1vel de alta qualidade, como 304, 304L, 316 e 316L, estas tampas foram concebidas para satisfazer as exig\u00eancias rigorosas de v\u00e1rias ind\u00fastrias.<\/p>\n<p><strong>Carater\u00edsticas principais:<\/strong><\/p>\n<ul>\n<li><strong>Op\u00e7\u00f5es de materiais:<\/strong> Dispon\u00edvel em a\u00e7o inoxid\u00e1vel 304, 304L, 316 e 316L, oferecendo uma excelente resist\u00eancia \u00e0 corros\u00e3o e a temperaturas elevadas.<\/li>\n<li><strong>Modelos com e sem soldadura:<\/strong> Escolha entre tampas sem soldadura para uma maior resist\u00eancia e tampas soldadas para solu\u00e7\u00f5es econ\u00f3micas.<\/li>\n<li><strong>Engenharia de precis\u00e3o:<\/strong> Fabricados de acordo com especifica\u00e7\u00f5es exactas para garantir um ajuste perfeito e um desempenho \u00f3timo nos seus sistemas de tubagem.<\/li>\n<li><strong>Aplica\u00e7\u00f5es vers\u00e1teis:<\/strong> Ideal para utiliza\u00e7\u00e3o em ind\u00fastrias de processamento qu\u00edmico, alimentos e bebidas, farmac\u00eautica e outras ind\u00fastrias que requerem solu\u00e7\u00f5es de veda\u00e7\u00e3o robustas.\n<p><figure id=\"attachment_2461\" aria-describedby=\"caption-attachment-2461\" style=\"width: 300px\" class=\"wp-caption alignnone\"><img decoding=\"async\" class=\"size-medium wp-image-2461\" src=\"https:\/\/hfittings.com\/wp-content\/uploads\/2025\/02\/Stainless-Steel-Cap-300x300.jpg\" alt=\"Tampa de a\u00e7o inoxid\u00e1vel\" width=\"300\" height=\"300\" srcset=\"https:\/\/hfittings.com\/wp-content\/uploads\/2025\/02\/Stainless-Steel-Cap-300x300.jpg 300w, https:\/\/hfittings.com\/wp-content\/uploads\/2025\/02\/Stainless-Steel-Cap-1024x1024.jpg 1024w, https:\/\/hfittings.com\/wp-content\/uploads\/2025\/02\/Stainless-Steel-Cap-150x150.jpg 150w, https:\/\/hfittings.com\/wp-content\/uploads\/2025\/02\/Stainless-Steel-Cap-768x768.jpg 768w, https:\/\/hfittings.com\/wp-content\/uploads\/2025\/02\/Stainless-Steel-Cap-1000x1000.jpg 1000w, https:\/\/hfittings.com\/wp-content\/uploads\/2025\/02\/Stainless-Steel-Cap-500x500.jpg 500w, https:\/\/hfittings.com\/wp-content\/uploads\/2025\/02\/Stainless-Steel-Cap.jpg 1280w\" sizes=\"(max-width: 300px) 100vw, 300px\" \/><figcaption id=\"caption-attachment-2461\" class=\"wp-caption-text\">Tampa de a\u00e7o inoxid\u00e1vel<\/figcaption><\/figure><\/li>\n<\/ul>\n<p><strong>Benef\u00edcios:<\/strong><\/p>\n<ul>\n<li><strong>Maior durabilidade:<\/strong> A constru\u00e7\u00e3o em a\u00e7o inoxid\u00e1vel garante um desempenho duradouro e resist\u00eancia ao desgaste.<\/li>\n<li><strong>Resist\u00eancia \u00e0 corros\u00e3o:<\/strong> A elevada resist\u00eancia \u00e0 ferrugem e \u00e0 corros\u00e3o prolonga a vida \u00fatil dos seus sistemas de tubagem.<\/li>\n<li><strong>Toler\u00e2ncia a altas temperaturas:<\/strong> Adequado para aplica\u00e7\u00f5es que envolvem temperaturas elevadas sem comprometer a integridade estrutural.<\/li>\n<li><strong>Rent\u00e1vel:<\/strong> As tampas soldadas constituem uma op\u00e7\u00e3o econ\u00f3mica sem sacrificar a qualidade.<\/li>\n<\/ul>\n<p><strong>Aplica\u00e7\u00f5es:<\/strong><\/p>\n<ul>\n<li><strong>Processamento qu\u00edmico:<\/strong> Veda\u00e7\u00e3o segura de tubagens em instala\u00e7\u00f5es qu\u00edmicas para evitar fugas e contamina\u00e7\u00e3o.<\/li>\n<li><strong>Alimenta\u00e7\u00e3o e bebidas:<\/strong> Manter as normas de higiene e seguran\u00e7a nos sistemas de transforma\u00e7\u00e3o e distribui\u00e7\u00e3o de alimentos.<\/li>\n<li><strong>Farmac\u00eautico:<\/strong> Assegurar condi\u00e7\u00f5es est\u00e9reis nas condutas de fabrico e distribui\u00e7\u00e3o de produtos farmac\u00eauticos.<\/li>\n<li><strong>Petr\u00f3leo e g\u00e1s:<\/strong> Solu\u00e7\u00f5es fi\u00e1veis de veda\u00e7\u00e3o para condutas na ind\u00fastria do petr\u00f3leo e do g\u00e1s.<\/li>\n<\/ul>\n<p>Ao escolher as nossas tampas de soldadura de topo em a\u00e7o inoxid\u00e1vel, est\u00e1 a investir num produto que combina qualidade, durabilidade e versatilidade para satisfazer as diversas necessidades da sua ind\u00fastria. Garanta a integridade e a efici\u00eancia dos seus sistemas de tubagem com as nossas tampas topo de gama.<\/p>\n<p>Para mais informa\u00e7\u00f5es ou para efetuar uma encomenda, contacte-nos hoje mesmo.<\/p>","protected":false},"excerpt":{"rendered":"<p>Stainless Steel Caps are precision-engineered to provide reliable and durable sealing solutions for your piping systems. Manufactured from high-quality stainless steel grades such as 304, 304L, 316, and 316L, these caps are designed to meet the stringent demands of various industries. Key Features: Material Options: Available in 304, 304L, 316, and 316L stainless steel, offering [&hellip;]<\/p>\n","protected":false},"featured_media":2461,"comment_status":"open","ping_status":"closed","template":"","meta":{"_gspb_post_css":""},"product_brand":[397],"product_cat":[383],"product_tag":[],"class_list":{"0":"post-2460","1":"product","2":"type-product","3":"status-publish","4":"has-post-thumbnail","6":"product_brand-hfittings","7":"product_cat-stainless-steel-pipe-fittings","9":"first","10":"instock","11":"sale","12":"shipping-taxable","13":"purchasable","14":"product-type-simple"},"_links":{"self":[{"href":"https:\/\/hfittings.com\/pt\/wp-json\/wp\/v2\/product\/2460","targetHints":{"allow":["GET"]}}],"collection":[{"href":"https:\/\/hfittings.com\/pt\/wp-json\/wp\/v2\/product"}],"about":[{"href":"https:\/\/hfittings.com\/pt\/wp-json\/wp\/v2\/types\/product"}],"replies":[{"embeddable":true,"href":"https:\/\/hfittings.com\/pt\/wp-json\/wp\/v2\/comments?post=2460"}],"wp:featuredmedia":[{"embeddable":true,"href":"https:\/\/hfittings.com\/pt\/wp-json\/wp\/v2\/media\/2461"}],"wp:attachment":[{"href":"https:\/\/hfittings.com\/pt\/wp-json\/wp\/v2\/media?parent=2460"}],"wp:term":[{"taxonomy":"product_brand","embeddable":true,"href":"https:\/\/hfittings.com\/pt\/wp-json\/wp\/v2\/product_brand?post=2460"},{"taxonomy":"product_cat","embeddable":true,"href":"https:\/\/hfittings.com\/pt\/wp-json\/wp\/v2\/product_cat?post=2460"},{"taxonomy":"product_tag","embeddable":true,"href":"https:\/\/hfittings.com\/pt\/wp-json\/wp\/v2\/product_tag?post=2460"}],"curies":[{"name":"wp","href":"https:\/\/api.w.org\/{rel}","templated":true}]}}