{"id":2443,"date":"2025-01-23T08:20:27","date_gmt":"2025-01-23T08:20:27","guid":{"rendered":"https:\/\/hfittings.com\/?post_type=product&#038;p=2443"},"modified":"2025-03-24T09:12:39","modified_gmt":"2025-03-24T09:12:39","slug":"t-de-aco-inoxidavel","status":"publish","type":"product","link":"https:\/\/hfittings.com\/pt\/product\/stainless-steel-tee\/","title":{"rendered":"T de a\u00e7o inoxid\u00e1vel"},"content":{"rendered":"<h2><strong>T\u00ea de a\u00e7o inoxid\u00e1vel: tipos, usos e benef\u00edcios<\/strong><\/h2>\n<p>Os t\u00eas de a\u00e7o inoxid\u00e1vel s\u00e3o um componente essencial no mundo dos sistemas de tubagem, proporcionando uma forma eficiente de ramificar ou alterar a dire\u00e7\u00e3o do fluxo numa tubagem. Estes t\u00eas est\u00e3o dispon\u00edveis em v\u00e1rias formas, incluindo <strong>t\u00ea igual em a\u00e7o inoxid\u00e1vel<\/strong>, <strong>T de redu\u00e7\u00e3o em a\u00e7o inoxid\u00e1vel<\/strong>, <strong>T de a\u00e7o inoxid\u00e1vel para soldadura topo a topo<\/strong>e podem ser fabricados a partir de diferentes tipos de a\u00e7o inoxid\u00e1vel, tais como <strong>304<\/strong>, <strong>304L<\/strong>, <strong>316<\/strong>e <strong>316L<\/strong>. Cada tipo de t\u00ea de a\u00e7o inoxid\u00e1vel oferece vantagens espec\u00edficas com base na aplica\u00e7\u00e3o e nos requisitos do material.<\/p>\n<figure id=\"attachment_2444\" aria-describedby=\"caption-attachment-2444\" style=\"width: 300px\" class=\"wp-caption alignnone\"><img decoding=\"async\" class=\"size-medium wp-image-2444\" src=\"https:\/\/hfittings.com\/wp-content\/uploads\/2025\/01\/stainless-steel-tee-300x300.jpg\" alt=\"tee em a\u00e7o inoxid\u00e1vel\" width=\"300\" height=\"300\" srcset=\"https:\/\/hfittings.com\/wp-content\/uploads\/2025\/01\/stainless-steel-tee-300x300.jpg 300w, https:\/\/hfittings.com\/wp-content\/uploads\/2025\/01\/stainless-steel-tee-150x150.jpg 150w, https:\/\/hfittings.com\/wp-content\/uploads\/2025\/01\/stainless-steel-tee-500x500.jpg 500w, https:\/\/hfittings.com\/wp-content\/uploads\/2025\/01\/stainless-steel-tee.jpg 720w\" sizes=\"(max-width: 300px) 100vw, 300px\" \/><figcaption id=\"caption-attachment-2444\" class=\"wp-caption-text\">tee em a\u00e7o inoxid\u00e1vel<\/figcaption><\/figure>\n<h3>Tipos<\/h3>\n<ol>\n<li><strong>T\u00ea igual em a\u00e7o inoxid\u00e1vel<\/strong><br \/>\nO <strong>t\u00ea igual em a\u00e7o inoxid\u00e1vel<\/strong> apresenta tr\u00eas aberturas do mesmo tamanho. \u00c9 normalmente utilizado quando o caudal de fluido ou g\u00e1s tem de ser distribu\u00eddo uniformemente entre os ramais da conduta.<\/li>\n<li><strong>T de redu\u00e7\u00e3o em a\u00e7o inoxid\u00e1vel<\/strong><br \/>\nO <strong>T de redu\u00e7\u00e3o em a\u00e7o inoxid\u00e1vel<\/strong> tem um ramo que \u00e9 mais pequeno do que os outros. Este t\u00ea \u00e9 utilizado quando a conduta precisa de reduzir o seu di\u00e2metro num ponto espec\u00edfico para controlar o fluxo ou a press\u00e3o.<\/li>\n<li><strong>T\u00ea de soldadura de topo em a\u00e7o inoxid\u00e1vel<\/strong><br \/>\nO <strong>T de a\u00e7o inoxid\u00e1vel para soldadura topo a topo<\/strong> \u00e9 um T altamente dur\u00e1vel que \u00e9 soldado no lugar para uma liga\u00e7\u00e3o sem costuras e \u00e0 prova de fugas. \u00c9 normalmente utilizado em aplica\u00e7\u00f5es de alta press\u00e3o e assegura a m\u00e1xima resist\u00eancia nas juntas dos tubos.<\/li>\n<li><strong>T-shirt de soldadura de topo em a\u00e7o inoxid\u00e1vel<\/strong><br \/>\nEsta varia\u00e7\u00e3o do T de soldadura topo a topo foi concebida para aplica\u00e7\u00f5es em que a soldadura sem costura \u00e9 essencial, oferecendo uma liga\u00e7\u00e3o suave e reduzindo o risco de fugas.<\/li>\n<li><strong>T\u00ea de a\u00e7o inoxid\u00e1vel 304<\/strong><br \/>\nO <strong>304 tee<\/strong> \u00e9 uma das qualidades mais utilizadas, conhecida pela sua excelente resist\u00eancia \u00e0 corros\u00e3o, formabilidade e durabilidade na maioria dos ambientes. \u00c9 ideal para aplica\u00e7\u00f5es industriais gerais, incluindo ind\u00fastrias qu\u00edmicas e de processamento de alimentos.<\/li>\n<li><strong>T\u00ea de a\u00e7o inoxid\u00e1vel 304L<\/strong><br \/>\nO <strong>T\u00ea 304L<\/strong> oferece as mesmas vantagens que o T de grau 304, mas com um teor de carbono mais baixo. Isto torna-o menos suscet\u00edvel \u00e0 precipita\u00e7\u00e3o de carbonetos durante a soldadura, tornando-o adequado para a soldadura em aplica\u00e7\u00f5es cr\u00edticas sem comprometer a resist\u00eancia.<\/li>\n<li><strong>T\u00ea de a\u00e7o inoxid\u00e1vel 316<\/strong><br \/>\nO <strong>316 tee<\/strong> \u00e9 uma escolha de primeira qualidade conhecida pela sua resist\u00eancia superior \u00e0 corros\u00e3o, particularmente contra cloretos e outros produtos qu\u00edmicos agressivos. \u00c9 normalmente utilizado nas ind\u00fastrias mar\u00edtima, farmac\u00eautica e alimentar.<\/li>\n<li><strong>T de a\u00e7o inoxid\u00e1vel 316L<\/strong><br \/>\nO <strong>T\u00ea 316L<\/strong> \u00e9 semelhante ao grau 316, mas com um teor de carbono inferior, reduzindo o risco de sensibiliza\u00e7\u00e3o e proporcionando uma melhor soldabilidade. \u00c9 utilizado em ambientes altamente corrosivos, especialmente nas ind\u00fastrias qu\u00edmica e petroqu\u00edmica.<\/li>\n<\/ol>\n<h3>Vantagens<\/h3>\n<ul>\n<li><strong>Resist\u00eancia \u00e0 corros\u00e3o<\/strong>: T\u00eas de a\u00e7o inoxid\u00e1vel, especialmente os feitos de <strong>304<\/strong> e <strong>316<\/strong> oferecem uma resist\u00eancia excecional \u00e0 corros\u00e3o, tornando-os ideais para ambientes agressivos e quimicamente agressivos.<\/li>\n<li><strong>Durabilidade<\/strong>: Estes t\u00eas s\u00e3o concebidos para suportar press\u00f5es elevadas e temperaturas extremas, garantindo um desempenho duradouro mesmo em condi\u00e7\u00f5es exigentes.<\/li>\n<li><strong>Versatilidade<\/strong>: Com op\u00e7\u00f5es como <strong>304<\/strong>, <strong>304L<\/strong>, <strong>316<\/strong>e <strong>316L<\/strong>Os t\u00eas de a\u00e7o inoxid\u00e1vel podem ser utilizados numa vasta gama de ind\u00fastrias, desde a constru\u00e7\u00e3o e o processamento alimentar at\u00e9 \u00e0 ind\u00fastria farmac\u00eautica e petroqu\u00edmica.<\/li>\n<li><strong>Soldadura sem costura<\/strong>: <strong>T\u00eas de soldadura de topo<\/strong> proporcionam uma liga\u00e7\u00e3o suave e \u00e0 prova de fugas, garantindo a integridade e a resist\u00eancia dos sistemas de condutas.<\/li>\n<\/ul>\n<h3>Conclus\u00e3o<\/h3>\n<p>Quer esteja a trabalhar com um <strong>304 tee<\/strong>, a <strong>T\u00ea 316L<\/strong>ou uma norma <strong>t\u00ea igual em a\u00e7o inoxid\u00e1vel<\/strong>A sele\u00e7\u00e3o do tipo e do material corretos \u00e9 crucial para o desempenho e a longevidade do seu sistema de tubagens. Para aplica\u00e7\u00f5es cr\u00edticas que exigem elevada resist\u00eancia \u00e0 corros\u00e3o, <strong>316<\/strong> e <strong>316L<\/strong> s\u00e3o ideais, enquanto que <strong>304<\/strong> e <strong>304L<\/strong> s\u00e3o mais adequados para as necessidades industriais gerais. Certifique-se sempre de que seleciona t\u00eas de alta qualidade para garantir um funcionamento seguro e fi\u00e1vel.<\/p>","protected":false},"excerpt":{"rendered":"<p>Stainless Steel Tee: Types, Uses, and Benefits Stainless steel tees are an essential component in the world of piping systems, providing an efficient way to branch off or change the direction of the flow in a pipeline. These tees are available in various forms, including stainless steel equal tee, stainless steel reducing tee, stainless steel [&hellip;]<\/p>\n","protected":false},"featured_media":2444,"comment_status":"open","ping_status":"closed","template":"","meta":{"_gspb_post_css":""},"product_brand":[397],"product_cat":[383],"product_tag":[],"class_list":{"0":"post-2443","1":"product","2":"type-product","3":"status-publish","4":"has-post-thumbnail","6":"product_brand-hfittings","7":"product_cat-stainless-steel-pipe-fittings","9":"first","10":"instock","11":"sale","12":"shipping-taxable","13":"purchasable","14":"product-type-simple"},"_links":{"self":[{"href":"https:\/\/hfittings.com\/pt\/wp-json\/wp\/v2\/product\/2443","targetHints":{"allow":["GET"]}}],"collection":[{"href":"https:\/\/hfittings.com\/pt\/wp-json\/wp\/v2\/product"}],"about":[{"href":"https:\/\/hfittings.com\/pt\/wp-json\/wp\/v2\/types\/product"}],"replies":[{"embeddable":true,"href":"https:\/\/hfittings.com\/pt\/wp-json\/wp\/v2\/comments?post=2443"}],"wp:featuredmedia":[{"embeddable":true,"href":"https:\/\/hfittings.com\/pt\/wp-json\/wp\/v2\/media\/2444"}],"wp:attachment":[{"href":"https:\/\/hfittings.com\/pt\/wp-json\/wp\/v2\/media?parent=2443"}],"wp:term":[{"taxonomy":"product_brand","embeddable":true,"href":"https:\/\/hfittings.com\/pt\/wp-json\/wp\/v2\/product_brand?post=2443"},{"taxonomy":"product_cat","embeddable":true,"href":"https:\/\/hfittings.com\/pt\/wp-json\/wp\/v2\/product_cat?post=2443"},{"taxonomy":"product_tag","embeddable":true,"href":"https:\/\/hfittings.com\/pt\/wp-json\/wp\/v2\/product_tag?post=2443"}],"curies":[{"name":"wp","href":"https:\/\/api.w.org\/{rel}","templated":true}]}}