{"id":2333,"date":"2025-01-13T07:59:29","date_gmt":"2025-01-13T07:59:29","guid":{"rendered":"https:\/\/hfittings.com\/?post_type=product&#038;p=2333"},"modified":"2026-04-21T09:48:09","modified_gmt":"2026-04-21T09:48:09","slug":"tampa-de-aco-carbono","status":"publish","type":"product","link":"https:\/\/hfittings.com\/pt\/product\/carbon-steel-cap\/","title":{"rendered":"Tampa de a\u00e7o carbono"},"content":{"rendered":"<h2><strong>Tampa de a\u00e7o carbono - Prote\u00e7\u00e3o fi\u00e1vel para extremidades de tubos<\/strong><\/h2>\n<p>Trata-se de um componente vital concebido para proteger as extremidades dos tubos em v\u00e1rios sistemas de tubagem. Estas tampas, frequentemente designadas por <strong>tampas de tubos<\/strong>, <strong>tampas de extremidades de tubos<\/strong>, ou <strong>tampas de soldadura de topo<\/strong>s\u00e3o essenciais para a veda\u00e7\u00e3o de condutas, evitando fugas, contamina\u00e7\u00e3o e danos. Fabricados segundo normas de alta qualidade como <strong>A234 WPB<\/strong>, estes <strong>tampas de a\u00e7o<\/strong> garantem durabilidade, versatilidade e fiabilidade em diversas ind\u00fastrias.<\/p>\n<h3>O que \u00e9 uma tampa de tubo?<\/h3>\n<p>A <strong>tampa do tubo<\/strong> \u00e9 um acess\u00f3rio utilizado para vedar a extremidade de um tubo. Normalmente fixadas por soldadura ou rosca, estas tampas criam um fecho seguro para resistir a alta press\u00e3o, flutua\u00e7\u00f5es de temperatura e ambientes corrosivos. Isto torna-as adequadas para aplica\u00e7\u00f5es nos sectores do petr\u00f3leo e g\u00e1s, processamento qu\u00edmico, produ\u00e7\u00e3o de energia e constru\u00e7\u00e3o.<\/p>\n<figure id=\"attachment_2334\" aria-describedby=\"caption-attachment-2334\" style=\"width: 300px\" class=\"wp-caption alignnone\"><img decoding=\"async\" class=\"wp-image-2334 size-medium\" src=\"https:\/\/hfittings.com\/wp-content\/uploads\/2025\/01\/Carbon-Steel-Cap-300x300.jpg\" alt=\"Tampa de soldar topo a topo\" width=\"300\" height=\"300\" srcset=\"https:\/\/hfittings.com\/wp-content\/uploads\/2025\/01\/Carbon-Steel-Cap-300x300.jpg 300w, https:\/\/hfittings.com\/wp-content\/uploads\/2025\/01\/Carbon-Steel-Cap-1024x1024.jpg 1024w, https:\/\/hfittings.com\/wp-content\/uploads\/2025\/01\/Carbon-Steel-Cap-150x150.jpg 150w, https:\/\/hfittings.com\/wp-content\/uploads\/2025\/01\/Carbon-Steel-Cap-768x768.jpg 768w, https:\/\/hfittings.com\/wp-content\/uploads\/2025\/01\/Carbon-Steel-Cap-1000x1000.jpg 1000w, https:\/\/hfittings.com\/wp-content\/uploads\/2025\/01\/Carbon-Steel-Cap-500x500.jpg 500w, https:\/\/hfittings.com\/wp-content\/uploads\/2025\/01\/Carbon-Steel-Cap.jpg 1280w\" sizes=\"(max-width: 300px) 100vw, 300px\" \/><figcaption id=\"caption-attachment-2334\" class=\"wp-caption-text\">Tampa de soldar topo a topo<\/figcaption><\/figure>\n<h3>Principais carater\u00edsticas dos tamp\u00f5es para extremidades de tubos<\/h3>\n<ol>\n<li><strong>Resist\u00eancia do material<\/strong>:<br \/>\nBon\u00e9s feitos de <strong>A234 WPB<\/strong> proporcionam uma excelente resist\u00eancia \u00e0 tra\u00e7\u00e3o e durabilidade, tornando-os ideais para sistemas de alta press\u00e3o.<\/li>\n<li><strong>Versatilidade<\/strong>:<br \/>\nAplic\u00e1vel a uma vasta gama de condutas, incluindo sistemas industriais, comerciais e residenciais.<\/li>\n<li><strong>Resist\u00eancia \u00e0 corros\u00e3o<\/strong>:<br \/>\nCom tratamentos de superf\u00edcie adequados, estas tampas resistem \u00e0 corros\u00e3o, garantindo fiabilidade em condi\u00e7\u00f5es adversas.<\/li>\n<li><strong>Op\u00e7\u00f5es de personaliza\u00e7\u00e3o<\/strong>:<br \/>\nDispon\u00edvel em v\u00e1rios tamanhos e espessuras, <strong>tampas de soldadura de topo<\/strong> podem ser adaptados \u00e0s necessidades espec\u00edficas das condutas.<\/li>\n<\/ol>\n<h3>Tipos de tampas de a\u00e7o<\/h3>\n<ol>\n<li><strong>Tampa de tubo soldado<\/strong>:<br \/>\nSoldado <strong>tampas de extremidades de tubos<\/strong> est\u00e3o permanentemente ligados aos tubos atrav\u00e9s de soldadura, garantindo uma veda\u00e7\u00e3o estanque.<\/li>\n<li><strong>Tampa de extremidade de tubo roscado<\/strong>:<br \/>\nAs tampas roscadas s\u00e3o concebidas para sistemas que requerem uma remo\u00e7\u00e3o ou substitui\u00e7\u00e3o frequente, como as condutas de manuten\u00e7\u00e3o.<\/li>\n<li><strong>Tamp\u00e3o Buttweld A234 WPB<\/strong>:<br \/>\nEstas tampas s\u00e3o fabricadas especificamente para satisfazer <strong>ASTM A234 WPB<\/strong> garantindo um elevado desempenho em sistemas de temperatura moderada a elevada.<\/li>\n<\/ol>\n<h3>Aplica\u00e7\u00f5es das tampas de extremidade de tubos<\/h3>\n<ol>\n<li><strong>Ind\u00fastria do petr\u00f3leo e do g\u00e1s<\/strong>:<br \/>\nUtilizado para selar condutas que transportam petr\u00f3leo bruto, g\u00e1s natural e outros recursos.<\/li>\n<li><strong>Processamento qu\u00edmico<\/strong>:<br \/>\nProtege as extremidades dos tubos em sistemas expostos a produtos qu\u00edmicos corrosivos.<\/li>\n<li><strong>Produ\u00e7\u00e3o de energia<\/strong>:<br \/>\nFornece fechos fi\u00e1veis para condutas de vapor de alta press\u00e3o e alta temperatura.<\/li>\n<li><strong>Constru\u00e7\u00e3o<\/strong>:<br \/>\nProtege as condutas ou sistemas tempor\u00e1rios durante os per\u00edodos de inatividade.<\/li>\n<\/ol>\n<h3>Porqu\u00ea escolher tampas de a\u00e7o-carbono?<\/h3>\n<ol>\n<li><strong>Rent\u00e1vel<\/strong>:<br \/>\nO a\u00e7o-carbono \u00e9 uma escolha econ\u00f3mica, oferecendo um equil\u00edbrio entre resist\u00eancia e pre\u00e7o acess\u00edvel.<\/li>\n<li><strong>Dur\u00e1vel e fi\u00e1vel<\/strong>:<br \/>\nConcebidas para condi\u00e7\u00f5es extremas, estas tampas oferecem uma longa vida \u00fatil com uma manuten\u00e7\u00e3o m\u00ednima.<\/li>\n<li><strong>Conformidade com as normas<\/strong>:<br \/>\nOp\u00e7\u00f5es de alta qualidade como o <strong>Tampa A234 WPB<\/strong> cumprem as normas da ind\u00fastria, garantindo seguran\u00e7a e um desempenho fi\u00e1vel.<\/li>\n<\/ol>\n<h3>Conclus\u00e3o<\/h3>\n<p>A tampa \u00e9 uma solu\u00e7\u00e3o indispens\u00e1vel para proteger as extremidades dos tubos em v\u00e1rios sistemas. Quer se trate de uma <strong>tampa do tubo<\/strong>, <strong>tampa da extremidade do tubo<\/strong>, ou <strong>tampa de soldadura topo a topo<\/strong>Estes acess\u00f3rios oferecem um desempenho superior em ambientes exigentes. Para tubagens que exigem resist\u00eancia, durabilidade e conformidade com <strong>A234 WPB<\/strong> normas, estes <strong>tampas de a\u00e7o<\/strong> s\u00e3o a escolha ideal.<\/p>\n<p>Contacte-nos hoje para explorar a nossa vasta gama de <strong>tampas de extremidades de tubos<\/strong> e encontrar a solu\u00e7\u00e3o perfeita para as necessidades do seu sistema de tubagem.<\/p>","protected":false},"excerpt":{"rendered":"<p>Tamanho: 1\/2\"~80\",DN15~DN2000<\/p>\n<p>Cronograma: Sch 20, 40, STD, 80, 160, XXS<\/p>\n<p>Designa\u00e7\u00f5es: ASTM \/ ASME A234, A860, A420<\/p>\n<p>Grau: WPB\/C, WPHY 42, 46, 52, 60, 65, 70, WPL 3, 6, 9<\/p>","protected":false},"featured_media":2334,"comment_status":"open","ping_status":"closed","template":"","meta":{"_gspb_post_css":""},"product_brand":[397],"product_cat":[133],"product_tag":[433,432,431],"class_list":{"0":"post-2333","1":"product","2":"type-product","3":"status-publish","4":"has-post-thumbnail","6":"product_brand-hfittings","7":"product_cat-carbon-steel-pipe-fittings","8":"product_tag-a234-wpb-cap","9":"product_tag-butt-weld-cap","10":"product_tag-carbon-steel-cap","12":"first","13":"instock","14":"sale","15":"shipping-taxable","16":"purchasable","17":"product-type-simple"},"_links":{"self":[{"href":"https:\/\/hfittings.com\/pt\/wp-json\/wp\/v2\/product\/2333","targetHints":{"allow":["GET"]}}],"collection":[{"href":"https:\/\/hfittings.com\/pt\/wp-json\/wp\/v2\/product"}],"about":[{"href":"https:\/\/hfittings.com\/pt\/wp-json\/wp\/v2\/types\/product"}],"replies":[{"embeddable":true,"href":"https:\/\/hfittings.com\/pt\/wp-json\/wp\/v2\/comments?post=2333"}],"wp:featuredmedia":[{"embeddable":true,"href":"https:\/\/hfittings.com\/pt\/wp-json\/wp\/v2\/media\/2334"}],"wp:attachment":[{"href":"https:\/\/hfittings.com\/pt\/wp-json\/wp\/v2\/media?parent=2333"}],"wp:term":[{"taxonomy":"product_brand","embeddable":true,"href":"https:\/\/hfittings.com\/pt\/wp-json\/wp\/v2\/product_brand?post=2333"},{"taxonomy":"product_cat","embeddable":true,"href":"https:\/\/hfittings.com\/pt\/wp-json\/wp\/v2\/product_cat?post=2333"},{"taxonomy":"product_tag","embeddable":true,"href":"https:\/\/hfittings.com\/pt\/wp-json\/wp\/v2\/product_tag?post=2333"}],"curies":[{"name":"wp","href":"https:\/\/api.w.org\/{rel}","templated":true}]}}