{"id":2332,"date":"2025-01-13T05:12:20","date_gmt":"2025-01-13T05:12:20","guid":{"rendered":"https:\/\/hfittings.com\/?post_type=product&#038;p=2332"},"modified":"2025-03-24T08:47:47","modified_gmt":"2025-03-24T08:47:47","slug":"acessorios-para-tubos-de-aco-inoxidavel","status":"publish","type":"product","link":"https:\/\/hfittings.com\/pt\/product\/stainless-steel-pipe-fittings\/","title":{"rendered":"Acess\u00f3rios para tubos de a\u00e7o inoxid\u00e1vel"},"content":{"rendered":"<h3>Acess\u00f3rios para tubos em a\u00e7o inoxid\u00e1vel - Qualidade superior para um desempenho fi\u00e1vel<\/h3>\n<p>O nosso <strong>acess\u00f3rios para tubos<\/strong> s\u00e3o concebidos para um desempenho superior, durabilidade e resist\u00eancia \u00e0 corros\u00e3o, tornando-os a solu\u00e7\u00e3o ideal para uma variedade de aplica\u00e7\u00f5es de tubagens em ind\u00fastrias como <strong>processamento qu\u00edmico<\/strong>, <strong>petr\u00f3leo e g\u00e1s<\/strong>, <strong>constru\u00e7\u00e3o<\/strong>e <strong>transforma\u00e7\u00e3o de alimentos<\/strong>. Oferecemos uma gama completa de acess\u00f3rios de alta qualidade, incluindo <strong>cotovelos em a\u00e7o inoxid\u00e1vel<\/strong>, <strong>t-shirts<\/strong>, <strong>redutores<\/strong>, <strong>tampas<\/strong>, <strong>flanges<\/strong>e <strong>dobras<\/strong>dispon\u00edvel em vers\u00f5es topo de gama como <strong>304L<\/strong>, <strong>316L<\/strong>e <strong>306L<\/strong>.<\/p>\n<figure id=\"attachment_2179\" aria-describedby=\"caption-attachment-2179\" style=\"width: 300px\" class=\"wp-caption alignnone\"><img decoding=\"async\" class=\"wp-image-2179 size-medium\" title=\"acess\u00f3rios para tubos de a\u00e7o inoxid\u00e1vel\" src=\"https:\/\/hfittings.com\/wp-content\/uploads\/2024\/12\/Stainless-Pipe-Fittings-300x300.jpg\" alt=\"acess\u00f3rios para tubos de a\u00e7o inoxid\u00e1vel\" width=\"300\" height=\"300\" srcset=\"https:\/\/hfittings.com\/wp-content\/uploads\/2024\/12\/Stainless-Pipe-Fittings-300x300.jpg 300w, https:\/\/hfittings.com\/wp-content\/uploads\/2024\/12\/Stainless-Pipe-Fittings-1024x1024.jpg 1024w, https:\/\/hfittings.com\/wp-content\/uploads\/2024\/12\/Stainless-Pipe-Fittings-150x150.jpg 150w, https:\/\/hfittings.com\/wp-content\/uploads\/2024\/12\/Stainless-Pipe-Fittings-768x768.jpg 768w, https:\/\/hfittings.com\/wp-content\/uploads\/2024\/12\/Stainless-Pipe-Fittings-1000x1000.jpg 1000w, https:\/\/hfittings.com\/wp-content\/uploads\/2024\/12\/Stainless-Pipe-Fittings-500x500.jpg 500w, https:\/\/hfittings.com\/wp-content\/uploads\/2024\/12\/Stainless-Pipe-Fittings.jpg 1280w\" sizes=\"(max-width: 300px) 100vw, 300px\" \/><figcaption id=\"caption-attachment-2179\" class=\"wp-caption-text\">acess\u00f3rios para tubos de a\u00e7o inoxid\u00e1vel<\/figcaption><\/figure>\n<h4>Principais produtos em acess\u00f3rios para tubos de a\u00e7o inoxid\u00e1vel:<\/h4>\n<ol>\n<li><strong>Cotovelo de a\u00e7o inoxid\u00e1vel<\/strong><br \/>\nO nosso <strong>cotovelos em a\u00e7o inoxid\u00e1vel<\/strong> est\u00e3o dispon\u00edveis em ambos <strong>304L<\/strong> e <strong>316L<\/strong> tipos de a\u00e7o inoxid\u00e1vel. Estes <strong>acess\u00f3rios em cotovelo<\/strong> s\u00e3o concebidos para garantir um fluxo suave e mudan\u00e7as perfeitas na dire\u00e7\u00e3o da tubagem. <strong>Cotovelos em 316L<\/strong> oferecem uma resist\u00eancia superior \u00e0 corros\u00e3o para ambientes agressivos, enquanto <strong>Cotovelos 304L<\/strong> s\u00e3o perfeitos para condi\u00e7\u00f5es mais moderadas. Ambos s\u00e3o ideais para uma variedade de aplica\u00e7\u00f5es na constru\u00e7\u00e3o, sistemas de \u00e1gua e AVAC.<\/li>\n<li><strong>T de a\u00e7o inoxid\u00e1vel<\/strong><br \/>\n<strong>T\u00eas de a\u00e7o inoxid\u00e1vel<\/strong> s\u00e3o essenciais para ramificar ou combinar o fluxo de fluido no seu sistema. Dispon\u00edvel em <strong>304L<\/strong> e <strong>316L<\/strong>Estes t\u00eas s\u00e3o concebidos para proporcionar uma liga\u00e7\u00e3o segura e sem fugas. O <strong>T\u00ea 316L<\/strong> \u00e9 perfeito para ambientes de elevada corros\u00e3o, como f\u00e1bricas de produtos qu\u00edmicos e ind\u00fastrias mar\u00edtimas, enquanto o <strong>T\u00ea 304L<\/strong> serve bem em sistemas de tubagens gerais.<\/li>\n<li><strong>Redutor de a\u00e7o inoxid\u00e1vel<\/strong><br \/>\nO nosso <strong>redutores de a\u00e7o inoxid\u00e1vel<\/strong> s\u00e3o concebidos para adaptar tubos de diferentes di\u00e2metros, assegurando transi\u00e7\u00f5es suaves e perdas m\u00ednimas de caudal. Estes redutores est\u00e3o dispon\u00edveis em <strong>304L e 316L<\/strong> a\u00e7o inoxid\u00e1vel, fornecendo a for\u00e7a e a resist\u00eancia \u00e0 corros\u00e3o necess\u00e1rias para aplica\u00e7\u00f5es sens\u00edveis \u00e0 press\u00e3o e \u00e0 temperatura.<\/li>\n<li><strong>Tampa de a\u00e7o inoxid\u00e1vel<\/strong><br \/>\nUtilizado para vedar as extremidades dos tubos, <strong>tampas de a\u00e7o inoxid\u00e1vel<\/strong> oferecem um fecho herm\u00e9tico e seguro para evitar fugas e contamina\u00e7\u00e3o. Fabricado em <strong>304L<\/strong> e <strong>A\u00e7o inoxid\u00e1vel 316L<\/strong>Estas tampas s\u00e3o dur\u00e1veis, resistentes \u00e0 corros\u00e3o e ideais para sistemas de tubagens industriais e comerciais.<\/li>\n<li><strong>Flange de a\u00e7o inoxid\u00e1vel<\/strong><br \/>\n<strong>Flanges em a\u00e7o inoxid\u00e1vel<\/strong> s\u00e3o essenciais para ligar tubos, v\u00e1lvulas e outros equipamentos, oferecendo uma liga\u00e7\u00e3o forte e \u00e0 prova de fugas. As nossas flanges, dispon\u00edveis em <strong>304L<\/strong> e <strong>316L<\/strong>garantem um desempenho \u00f3timo tanto em aplica\u00e7\u00f5es de alta como de baixa press\u00e3o, especialmente em sistemas qu\u00edmicos, de tratamento de \u00e1gua e AVAC.<\/li>\n<li><strong>Curvas de a\u00e7o inoxid\u00e1vel<\/strong><br \/>\n<strong>Curvas em a\u00e7o inoxid\u00e1vel<\/strong> s\u00e3o ideais para efetuar mudan\u00e7as de dire\u00e7\u00e3o nos tubos. Dispon\u00edvel em <strong>304L<\/strong> e <strong>316L<\/strong> Estas curvas proporcionam transi\u00e7\u00f5es suaves que minimizam a queda de press\u00e3o e mant\u00eam taxas de fluxo \u00f3ptimas.<\/li>\n<\/ol>\n<h4>Classes de materiais para um elevado desempenho:<\/h4>\n<ul>\n<li><strong>A\u00e7o inoxid\u00e1vel 304L<\/strong> - Oferece uma excelente resist\u00eancia \u00e0 oxida\u00e7\u00e3o e \u00e0 corros\u00e3o na maioria dos ambientes, o que o torna perfeito para sistemas de tubagem de uso geral. Econ\u00f3mica e vers\u00e1til.<\/li>\n<li><strong>A\u00e7o inoxid\u00e1vel 316L<\/strong> - Oferece uma resist\u00eancia superior \u00e0 corros\u00e3o, especialmente contra cloretos, \u00e1cidos e produtos qu\u00edmicos agressivos. Ideal para ambientes exigentes como as ind\u00fastrias mar\u00edtima, qu\u00edmica e farmac\u00eautica.<\/li>\n<\/ul>\n<h4>Porqu\u00ea escolher os nossos acess\u00f3rios?<\/h4>\n<ul>\n<li><strong>Elevada durabilidade e resist\u00eancia<\/strong> - Todos os nossos acess\u00f3rios de a\u00e7o inoxid\u00e1vel s\u00e3o fabricados com materiais de alta qualidade que garantem um desempenho duradouro, mesmo em condi\u00e7\u00f5es adversas.<\/li>\n<li><strong>Resist\u00eancia \u00e0 corros\u00e3o<\/strong> - Quer se trate de <strong>316L<\/strong> para aplica\u00e7\u00f5es mar\u00edtimas ou <strong>304L<\/strong> para sistemas menos exigentes, os nossos acess\u00f3rios de a\u00e7o inoxid\u00e1vel oferecem uma excelente resist\u00eancia \u00e0 corros\u00e3o.<\/li>\n<li><strong>Solu\u00e7\u00f5es personalizadas<\/strong> - Fornecemos acess\u00f3rios para tubos personalizados e solu\u00e7\u00f5es flex\u00edveis para satisfazer as necessidades exclusivas do seu projeto.<\/li>\n<li><strong>Vasta gama de aplica\u00e7\u00f5es<\/strong> - Os nossos produtos s\u00e3o utilizados numa variedade de ind\u00fastrias, incluindo <strong>tratamento da \u00e1gua<\/strong>, <strong>petr\u00f3leo e g\u00e1s<\/strong>, <strong>qu\u00edmica<\/strong>e <strong>constru\u00e7\u00e3o<\/strong>.<\/li>\n<\/ul>\n<p>Se precisa de <strong>cotovelos em a\u00e7o inoxid\u00e1vel<\/strong>, <strong>t-shirts<\/strong>, <strong>redutores<\/strong>, ou <strong>flanges<\/strong>Os nossos produtos fornecem solu\u00e7\u00f5es fi\u00e1veis e de elevado desempenho para satisfazer todos os seus requisitos de tubagem. Contacte-nos hoje para saber mais sobre a nossa vasta sele\u00e7\u00e3o de <strong>acess\u00f3rios<\/strong> e obter a melhor solu\u00e7\u00e3o para o seu projeto.<\/p>","protected":false},"excerpt":{"rendered":"<p>Gama de produtos: cotovelo, t\u00ea, redutor, tampa, curvas e flange...<\/p>\n<p>Tamanho: 1\/2\"~80\",DN15~DN2000<\/p>\n<p>Cronograma: Sch 20, 40, STD, 80, 160, XXS<\/p>\n<p>Designa\u00e7\u00f5es: ASTM A403, ASME B16.9, ASME B16.5, EN 10253, EN 10241, JIS B2311<\/p>\n<p>Grau: 304\/304L\/316\/316L\/310\/321\/410\/430\/Duplex 2205<\/p>\n<p>&nbsp;<\/p>","protected":false},"featured_media":2179,"comment_status":"open","ping_status":"closed","template":"","meta":{"_gspb_post_css":""},"product_brand":[397],"product_cat":[383],"product_tag":[429,430,428],"class_list":{"0":"post-2332","1":"product","2":"type-product","3":"status-publish","4":"has-post-thumbnail","6":"product_brand-hfittings","7":"product_cat-stainless-steel-pipe-fittings","8":"product_tag-s304-fittings","9":"product_tag-s316-fittings","10":"product_tag-stainless-steel-pipe-fittings","12":"first","13":"instock","14":"sale","15":"shipping-taxable","16":"purchasable","17":"product-type-simple"},"_links":{"self":[{"href":"https:\/\/hfittings.com\/pt\/wp-json\/wp\/v2\/product\/2332","targetHints":{"allow":["GET"]}}],"collection":[{"href":"https:\/\/hfittings.com\/pt\/wp-json\/wp\/v2\/product"}],"about":[{"href":"https:\/\/hfittings.com\/pt\/wp-json\/wp\/v2\/types\/product"}],"replies":[{"embeddable":true,"href":"https:\/\/hfittings.com\/pt\/wp-json\/wp\/v2\/comments?post=2332"}],"wp:featuredmedia":[{"embeddable":true,"href":"https:\/\/hfittings.com\/pt\/wp-json\/wp\/v2\/media\/2179"}],"wp:attachment":[{"href":"https:\/\/hfittings.com\/pt\/wp-json\/wp\/v2\/media?parent=2332"}],"wp:term":[{"taxonomy":"product_brand","embeddable":true,"href":"https:\/\/hfittings.com\/pt\/wp-json\/wp\/v2\/product_brand?post=2332"},{"taxonomy":"product_cat","embeddable":true,"href":"https:\/\/hfittings.com\/pt\/wp-json\/wp\/v2\/product_cat?post=2332"},{"taxonomy":"product_tag","embeddable":true,"href":"https:\/\/hfittings.com\/pt\/wp-json\/wp\/v2\/product_tag?post=2332"}],"curies":[{"name":"wp","href":"https:\/\/api.w.org\/{rel}","templated":true}]}}