{"id":2123,"date":"2024-12-23T07:50:11","date_gmt":"2024-12-23T07:50:11","guid":{"rendered":"https:\/\/hfittings.com\/?post_type=product&#038;p=2123"},"modified":"2025-12-20T01:49:12","modified_gmt":"2025-12-20T01:49:12","slug":"cotovelo-em-aco-carbono","status":"publish","type":"product","link":"https:\/\/hfittings.com\/pt\/product\/carbon-steel-elbow\/","title":{"rendered":"Cotovelo em a\u00e7o carbono"},"content":{"rendered":"<h1><strong>A\u00e7o carbono <\/strong><strong>Cotovelo <\/strong><strong>ASTM A234 WPB 90 graus sem soldadura e com soldadura\u00a0<\/strong><\/h1>\n<p>Os cotovelos s\u00e3o essenciais <strong>acess\u00f3rios para tubos<\/strong> utilizados para mudar a dire\u00e7\u00e3o dos tubos em v\u00e1rios sistemas de tubagem. Estes acess\u00f3rios s\u00e3o fabricados a partir de <strong>a\u00e7o-carbono<\/strong>O cotovelo \u00e9 um material forte e dur\u00e1vel, conhecido pela sua capacidade de resistir ao desgaste e \u00e0 corros\u00e3o. Quer necessite de mudar a dire\u00e7\u00e3o dos seus tubos em 90 graus, 45 graus ou reduzir o tamanho do tubo, os cotovelos oferecem solu\u00e7\u00f5es fi\u00e1veis e duradouras. S\u00e3o amplamente utilizados em sectores como <strong>petr\u00f3leo e g\u00e1s<\/strong>, <strong>constru\u00e7\u00e3o<\/strong>, <strong>centrais el\u00e9ctricas<\/strong>, <strong>tratamento da \u00e1gua<\/strong>e muito mais.<\/p>\n<h3><img decoding=\"async\" src=\"dados:image\/jpeg;base64,\/9j\/4QAsRXhpZgAASUkqAAgAAAABADwBAgAJAAAAGgAAAAAAAABpbWFnZXJ5NAAA\/+wAEUR1Y2t5AAEABAAAAB4AAP\/uAA5BZG9iZQBkwAAAAAH\/2wCEABALCwsMCxAMDBAXDw0PFxsUEBAUGx8XFxcXFx8eFxoaGhoXHh4jJSclIx4vLzMzLy9AQEBAQEBAQEBAQEBAQEABEQ8PERMRFRISFRQRFBEUGhQWFhQaJhoaHBoaJjAjHh4eHiMwKy4nJycuKzU1MDA1NUBAP0BAQEBAQEBAQEBAQP\/AABEIAaQCAAMBIgACEQEDEQH\/xACFAAEAAgMBAQAAAAAAAAAAAAAAAwQBAgUGBwEBAQEAAAAAAAAAAAAAAAAAAAECEAACAQMCBAQDBQYFAwQDAAAAAQIRAwQhMUFREgVhcSIGgTITkaGxQlLB0WJyIxThgpIzB0MkFbJTNBbw8cIRAQEBAQEBAQAAAAAAAAAAAAABEUExIWH\/2gAMAwEAAhEDEQA\/APoAAAAAAAAAAAAAAAAAAAAAAAAAMGspxgqzaiubA3BFC\/ZuOkJxk+SepIBkAAAAAAAAAAAAAAAAAAAAAAAAAAAAAAAAAAAAAAAAAAAAAAAAAAAAAAAAAAAAAAAAAAAAAAAAAAAAANW0lV6JcTS9ft2IOdx0XLmed7j3mdzqjGVIcIr9oHTze7wspxstOX6nt8EcHJ7nkXKuU+t\/YvsKF7Lcm22VLmQUXv72XVVNxmvHVfFHW7Z7ncJKznPqtvRXuMf5ufmeSuX01R\/AjeStObWpB9XjKM4qUWpRaqmtmjY8L7Z9yLFurBy5f9rcdLc3\/wBKT4fys9ytgMgAAAAAAAAAAAAAAAAAAAAAAAAGraSq3RLiBsYPNd796YPb27OMv7i+uKfoT8+J4vuXuvu+e2rl927b\/wCnb9K+4D6bk927biaZGTbttcHJV+woT94+34Nr+5rTlGX7j5S7s5tuUm34sdTbpTYfB9S\/+7dh\/wDdn\/oZvD3h2Sekbk3\/AJT5\" alt=\"cotovelo em a\u00e7o-carbono\" \/><\/h3>\n<h3>O que \u00e9 um cotovelo de tubagem?<\/h3>\n<p><strong>Cotovelo do tubo<\/strong> liga duas sec\u00e7\u00f5es de tubo e permite que o tubo mude de dire\u00e7\u00e3o. Estes cotovelos s\u00e3o concebidos para lidar com alta press\u00e3o e alta temperatura, tornando-os ideais para uma variedade de aplica\u00e7\u00f5es. Os cotovelos para tubos est\u00e3o dispon\u00edveis em v\u00e1rios tipos, incluindo <strong>Cotovelos de 90 graus<\/strong>, <strong>Cotovelos a 45 graus<\/strong>e <strong>cotovelos redutores<\/strong>permitindo flexibilidade em diferentes sistemas de tubagem.<\/p>\n<p>Os cotovelos s\u00e3o fabricados para cumprir os elevados padr\u00f5es da ind\u00fastria, tais como <strong>ASTM A234 WPB<\/strong> para sistemas de tubagem sob press\u00e3o, garantindo resist\u00eancia, fiabilidade e durabilidade.<\/p>\n<h3>Tipos de cotovelos<\/h3>\n<h4>1. <strong>Cotovelo sem costura<\/strong><\/h4>\n<p><strong>Cotovelo sem costuras<\/strong> \u00e9 fabricado a partir de uma \u00fanica pe\u00e7a de a\u00e7o sem soldaduras. Este design torna o cotovelo mais forte e mais dur\u00e1vel, com melhor resist\u00eancia \u00e0 press\u00e3o. Os cotovelos sem soldadura s\u00e3o utilizados em aplica\u00e7\u00f5es que requerem uma elevada resist\u00eancia mec\u00e2nica.<\/p>\n<h4>2. <strong>Cotovelo de soldadura<\/strong><\/h4>\n<p><strong>Cotovelo de soldadura<\/strong> \u00e9 ligado ao tubo por soldadura. Isto cria uma veda\u00e7\u00e3o \u00e0 prova de fugas. Os cotovelos de soldadura est\u00e3o dispon\u00edveis em diferentes \u00e2ngulos e raios, incluindo <strong>Cotovelos de 90 graus<\/strong>, <strong>Cotovelos a 45 graus<\/strong>e <strong>raio longo<\/strong> ou <strong>cotovelos de raio curto<\/strong>. Os cotovelos soldados s\u00e3o frequentemente utilizados quando \u00e9 necess\u00e1ria uma liga\u00e7\u00e3o permanente e segura.<\/p>\n<h4>3. <strong>Cotovelo de raio longo<\/strong><\/h4>\n<p><strong>Cotovelo de raio longo (cotovelo LR)<\/strong> tem um raio de curvatura que \u00e9 1,5 vezes o di\u00e2metro do tubo. Estes cotovelos foram concebidos para um fluxo de fluido suave e s\u00e3o ideais quando se pretende minimizar a perda de press\u00e3o e manter um fluxo eficiente no sistema.<\/p>\n<h4>4. <strong>Cotovelo de raio curto<\/strong><\/h4>\n<p>O <strong>cotovelo de raio curto (cotovelo SR)<\/strong> tem um raio de curvatura mais pequeno, igual ao di\u00e2metro do tubo. \u00c9 utilizado em espa\u00e7os apertados onde \u00e9 necess\u00e1ria uma curva apertada. Embora mais compactos, os cotovelos de raio curto podem criar uma maior resist\u00eancia ao fluxo em compara\u00e7\u00e3o com os cotovelos de raio longo.<\/p>\n<h4>5. <strong>Cotovelo de 90 graus<\/strong><\/h4>\n<p>O <strong>Cotovelo de 90 graus<\/strong> \u00e9 um dos tipos mais comuns de cotovelos. Altera a dire\u00e7\u00e3o do tubo em 90 graus, o que \u00e9 \u00fatil para curvas acentuadas na disposi\u00e7\u00e3o do tubo. Pode escolher entre um <strong>raio longo<\/strong> ou <strong>raio curto<\/strong> cotovelo em fun\u00e7\u00e3o das suas necessidades de espa\u00e7o e fluxo.<\/p>\n<h4>6. <strong>Cotovelo de 45 graus<\/strong><\/h4>\n<p><strong>Cotovelo de 45 graus<\/strong> \u00e9 utilizado quando o tubo precisa de mudar de dire\u00e7\u00e3o em 45 graus. Este tipo de cotovelo proporciona um fluxo mais suave em compara\u00e7\u00e3o com um cotovelo de 90 graus e \u00e9 normalmente utilizado em sistemas que requerem mudan\u00e7as de dire\u00e7\u00e3o moderadas.<\/p>\n<h4>7. <strong>Cotovelo de redu\u00e7\u00e3o<\/strong><\/h4>\n<p><strong>Cotovelo de redu\u00e7\u00e3o<\/strong> foi concebido para ligar tubos de diferentes tamanhos. Permite uma mudan\u00e7a tanto na dire\u00e7\u00e3o como no di\u00e2metro do tubo, mantendo um fluxo consistente ao mesmo tempo que reduz o tamanho do tubo.<\/p>\n<h3>Op\u00e7\u00f5es de revestimento para cotovelos de a\u00e7o carbono<\/h3>\n<p>Os cotovelos podem ser revestidos para melhorar a sua resist\u00eancia \u00e0 corros\u00e3o e aumentar o seu tempo de vida \u00fatil. Algumas op\u00e7\u00f5es de revestimento comuns incluem:<\/p>\n<h4>1. <strong>Cotovelo para pintura a preto<\/strong><\/h4>\n<p><strong>Pintura a preto<\/strong> \u00e9 uma op\u00e7\u00e3o de revestimento rent\u00e1vel que ajuda a proteger os cotovelos contra a ferrugem e a corros\u00e3o. \u00c9 normalmente utilizado em aplica\u00e7\u00f5es industriais gerais em que os cotovelos est\u00e3o expostos \u00e0 humidade ou \u00e0 sujidade.<\/p>\n<h4>2. <strong>Cotovelo com revestimento PE<\/strong><\/h4>\n<p><strong>Revestimento em PE (polietileno)<\/strong> \u00e9 frequentemente aplicado em cotovelos para aplica\u00e7\u00f5es no exterior. Cria uma barreira protetora contra a humidade e os produtos qu\u00edmicos, garantindo que o cotovelo dura mais tempo em condi\u00e7\u00f5es adversas.<\/p>\n<h4>3. <strong>Cotovelo galvanizado<\/strong><\/h4>\n<p>A <strong>cotovelo galvanizado<\/strong> \u00e9 revestido com zinco para evitar a ferrugem e a corros\u00e3o. Este revestimento \u00e9 particularmente \u00fatil em ambientes onde os cotovelos s\u00e3o expostos \u00e0 humidade ou a produtos qu\u00edmicos, ajudando a prolongar a sua durabilidade.<\/p>\n<h3>Benef\u00edcios dos cotovelos<\/h3>\n<ul>\n<li><strong>Durabilidade<\/strong>: Os cotovelos s\u00e3o constru\u00eddos para durar, suportando alta press\u00e3o, temperatura e desgaste.<\/li>\n<li><strong>Rent\u00e1vel<\/strong>: Em compara\u00e7\u00e3o com outros materiais como <strong>a\u00e7o inoxid\u00e1vel<\/strong> ou <strong>liga de a\u00e7o<\/strong>Os cotovelos em a\u00e7o-carbono s\u00e3o mais acess\u00edveis, oferecendo um desempenho fi\u00e1vel a um custo inferior.<\/li>\n<li><strong>Versatilidade<\/strong>: Dispon\u00edveis numa vasta gama de tamanhos, \u00e2ngulos e revestimentos, os cotovelos podem ser personalizados para qualquer sistema de tubagem.<\/li>\n<li><strong>Resist\u00eancia \u00e0 corros\u00e3o<\/strong>: Revestimentos de prote\u00e7\u00e3o como <strong>galvaniza\u00e7\u00e3o<\/strong> e <strong>Revestimento PE<\/strong> ajudam a proteger os cotovelos contra a ferrugem e a corros\u00e3o, prolongando a sua vida \u00fatil.<\/li>\n<\/ul>\n<h3>Normas e certifica\u00e7\u00f5es<\/h3>\n<p>Os cotovelos s\u00e3o fabricados de acordo com as normas internacionais para garantir uma elevada qualidade e desempenho. Algumas das principais normas incluem:<\/p>\n<ul>\n<li><strong>ASTM A234 WPB<\/strong>: Esta especifica\u00e7\u00e3o abrange a produ\u00e7\u00e3o de <strong>cotovelos<\/strong> e acess\u00f3rios utilizados em sistemas de tubagem sob press\u00e3o. Garante que os cotovelos cumprem requisitos mec\u00e2nicos e dimensionais rigorosos.<\/li>\n<li><strong>ASME B16.9<\/strong>: Esta norma descreve as especifica\u00e7\u00f5es para os produtos fabricados em f\u00e1brica <strong>acess\u00f3rios de soldadura topo a topo<\/strong>incluindo cotovelos. Fornece pormenores sobre dimens\u00f5es, toler\u00e2ncias e classifica\u00e7\u00f5es de press\u00e3o-temperatura para estes acess\u00f3rios.<\/li>\n<\/ul>\n<h3>Aplica\u00e7\u00f5es dos cotovelos<\/h3>\n<p>Os cotovelos s\u00e3o utilizados numa variedade de ind\u00fastrias, incluindo:<\/p>\n<ul>\n<li><strong>Petr\u00f3leo e g\u00e1s<\/strong>: Para o transporte de petr\u00f3leo, g\u00e1s e outros fluidos atrav\u00e9s de condutas.<\/li>\n<li><strong>Produ\u00e7\u00e3o de energia<\/strong>: Em centrais el\u00e9ctricas, para ligar diferentes sec\u00e7\u00f5es de tubagens.<\/li>\n<li><strong>Tratamento da \u00e1gua<\/strong>: Em sistemas de tratamento de \u00e1guas e esgotos.<\/li>\n<li><strong>Constru\u00e7\u00e3o<\/strong>: Para sistemas HVAC, canaliza\u00e7\u00f5es e outras instala\u00e7\u00f5es mec\u00e2nicas.<\/li>\n<\/ul>\n<h3>Conclus\u00e3o<\/h3>\n<p>Os cotovelos s\u00e3o cruciais <strong>acess\u00f3rios para tubos<\/strong> que proporcionam resist\u00eancia, durabilidade e flexibilidade nos sistemas de tubagem. Quer necessite de <strong>Cotovelos de 90 graus<\/strong>, <strong>Cotovelos a 45 graus<\/strong>, ou <strong>cotovelos redutores<\/strong>Estes acess\u00f3rios s\u00e3o concebidos para lidar com ambientes de alta press\u00e3o e alta temperatura. Com revestimentos como <strong>pintura negra<\/strong>, <strong>Revestimento PE<\/strong>e <strong>galvaniza\u00e7\u00e3o<\/strong>Os cotovelos de a\u00e7o inoxid\u00e1vel oferecem uma prote\u00e7\u00e3o duradoura contra a corros\u00e3o.<\/p>\n<p>Se estiver \u00e0 procura de cotovelos de alta qualidade que cumpram as normas da ind\u00fastria, tais como <strong>ASTM A234 WPB<\/strong> e <strong>ASME B16.9<\/strong>Para al\u00e9m dos cotovelos de a\u00e7o-carbono, \u00e9 importante escolher um fornecedor de confian\u00e7a que ofere\u00e7a uma gama de tamanhos, revestimentos e configura\u00e7\u00f5es que se adaptem \u00e0s necessidades do seu projeto. <strong>fi\u00e1vel e rent\u00e1vel<\/strong>e sistemas de tubagem de elevado desempenho em todas as ind\u00fastrias.<\/p>\n<p>&nbsp;<\/p>","protected":false},"excerpt":{"rendered":"<h3><strong>Cotovelo sem costura de 90 graus ASTM A234 WPB<\/strong><\/h3>\n<h4>Contacte-nos para obter pre\u00e7os para outros tamanhos<\/h4>\n<p>Tamanho: 1\/2\"~80\",DN15~DN2000<\/p>\n<p>Cronograma: Sch 20, 40, STD, 80, 160, XXS<\/p>\n<p>Designa\u00e7\u00f5es: ASTM \/ ASME A234, A860, A420<\/p>\n<p>Grau: WPB\/C, WPHY 42, 46, 52, 60, 65, 70, WPL 3, 6, 9<\/p>\n<p>Tipo: Cotovelo sem costura e cotovelo com soldadura<\/p>\n<h4><strong>Contacte-nos para mais descontos de pre\u00e7o\uff01<\/strong><\/h4>","protected":false},"featured_media":2174,"comment_status":"open","ping_status":"closed","template":"","meta":{"_gspb_post_css":""},"product_brand":[397],"product_cat":[133],"product_tag":[421,420,419],"class_list":{"0":"post-2123","1":"product","2":"type-product","3":"status-publish","4":"has-post-thumbnail","6":"product_brand-hfittings","7":"product_cat-carbon-steel-pipe-fittings","8":"product_tag-a234-wpb-elbow","9":"product_tag-butt-weld-elbow","10":"product_tag-carbon-steel-elbow","12":"first","13":"instock","14":"sale","15":"shipping-taxable","16":"purchasable","17":"product-type-variable"},"_links":{"self":[{"href":"https:\/\/hfittings.com\/pt\/wp-json\/wp\/v2\/product\/2123","targetHints":{"allow":["GET"]}}],"collection":[{"href":"https:\/\/hfittings.com\/pt\/wp-json\/wp\/v2\/product"}],"about":[{"href":"https:\/\/hfittings.com\/pt\/wp-json\/wp\/v2\/types\/product"}],"replies":[{"embeddable":true,"href":"https:\/\/hfittings.com\/pt\/wp-json\/wp\/v2\/comments?post=2123"}],"wp:featuredmedia":[{"embeddable":true,"href":"https:\/\/hfittings.com\/pt\/wp-json\/wp\/v2\/media\/2174"}],"wp:attachment":[{"href":"https:\/\/hfittings.com\/pt\/wp-json\/wp\/v2\/media?parent=2123"}],"wp:term":[{"taxonomy":"product_brand","embeddable":true,"href":"https:\/\/hfittings.com\/pt\/wp-json\/wp\/v2\/product_brand?post=2123"},{"taxonomy":"product_cat","embeddable":true,"href":"https:\/\/hfittings.com\/pt\/wp-json\/wp\/v2\/product_cat?post=2123"},{"taxonomy":"product_tag","embeddable":true,"href":"https:\/\/hfittings.com\/pt\/wp-json\/wp\/v2\/product_tag?post=2123"}],"curies":[{"name":"wp","href":"https:\/\/api.w.org\/{rel}","templated":true}]}}