{"id":1387,"date":"2024-12-01T03:48:19","date_gmt":"2024-12-01T03:48:19","guid":{"rendered":"https:\/\/hfittings.com\/home-2\/"},"modified":"2025-02-18T06:35:37","modified_gmt":"2025-02-18T06:35:37","slug":"acessorios-para-tubos","status":"publish","type":"page","link":"https:\/\/hfittings.com\/pt\/pipe-fittings\/","title":{"rendered":"In\u00edcio"},"content":{"rendered":"<h1 class=\"wp-block-heading\" id=\"pipe-fittings\">Acess\u00f3rios para tubos<\/h1>\n\n\n\n<p>A Huayue Pipe Fitting Co., Ltd., estabelecida em Cangzhou, Prov\u00edncia de Hebei, China, \u00e9 um fabricante l\u00edder especializado em acess\u00f3rios para tubos de alta qualidade. Com anos de experi\u00eancia, torn\u00e1mo-nos um parceiro de confian\u00e7a para grossistas em todo o mundo, oferecendo uma gama abrangente de produtos para satisfazer diversas necessidades industriais.<\/p>\n\n\n\n<p><strong>A nossa gama de produtos<\/strong><\/p>\n\n\n\n<p>Fornecemos uma vasta sele\u00e7\u00e3o de acess\u00f3rios para tubos, incluindo:<\/p>\n\n\n\n<ul class=\"wp-block-list\">\n<li><strong>Acess\u00f3rios para tubos de a\u00e7o carbono<\/strong>: Os nossos acess\u00f3rios em a\u00e7o carbono, tais como cotovelos, t\u00eas, redutores, tampas e flanges, s\u00e3o fabricados de acordo com as normas ASTM A234 WPB, garantindo durabilidade e fiabilidade para v\u00e1rias aplica\u00e7\u00f5es. <\/li>\n\n\n\n<li><strong>Acess\u00f3rios para tubos de a\u00e7o inoxid\u00e1vel<\/strong>: Oferecemos acess\u00f3rios de a\u00e7o inoxid\u00e1vel, incluindo cotovelos, t\u00eas, redutores, tampas e flanges, em conformidade com as normas ASTM A403 WP304L\/316L, proporcionando uma excelente resist\u00eancia \u00e0 corros\u00e3o para ambientes exigentes.<\/li>\n\n\n\n<li><strong>Curvas de a\u00e7o personalizadas<\/strong>: As nossas curvas de a\u00e7o personalizadas est\u00e3o dispon\u00edveis em v\u00e1rios raios, adaptadas \u00e0s necessidades espec\u00edficas do projeto.<\/li>\n\n\n\n<li><strong>Flanges<\/strong>: Fornecemos uma variedade de flanges, incluindo flanges de encaixe, de pesco\u00e7o de soldadura, cegas e de junta sobreposta, adequadas para diferentes sistemas de tubagem.<\/li>\n\n\n\n<li><strong>Tubos de a\u00e7o<\/strong>: Fornecemos tubos de a\u00e7o sem costura e soldados, dispon\u00edveis em v\u00e1rios tamanhos e graus para se adequarem a diferentes aplica\u00e7\u00f5es.<\/li>\n<\/ul>\n\n\n\n<p><strong>Garantia de qualidade<\/strong><\/p>\n\n\n\n<p>Na Huayue, a qualidade \u00e9 a nossa principal prioridade. Os nossos produtos s\u00e3o submetidos a rigorosos processos de controlo de qualidade em todas as fases de produ\u00e7\u00e3o, desde a sele\u00e7\u00e3o das mat\u00e9rias-primas at\u00e9 \u00e0 inspe\u00e7\u00e3o final. Cumprimos as normas internacionais, assegurando que os nossos acess\u00f3rios cumprem os mais elevados padr\u00f5es de qualidade.<\/p>\n\n\n\n<p><strong>Pre\u00e7os competitivos<\/strong><\/p>\n\n\n\n<p>Tirando partido das nossas capacidades de produ\u00e7\u00e3o interna e de uma gest\u00e3o de custos eficiente, oferecemos pre\u00e7os competitivos sem comprometer a qualidade. Esta abordagem faz de n\u00f3s um parceiro ideal para grossistas que procuram acess\u00f3rios para tubos fi\u00e1veis e econ\u00f3micos.<\/p>\n\n\n\n<p><strong>Entrega r\u00e1pida<\/strong><\/p>\n\n\n\n<p>Compreendemos a import\u00e2ncia da entrega atempada no sector industrial. As nossas linhas de produ\u00e7\u00e3o totalmente automatizadas permitem-nos satisfazer prontamente as encomendas, garantindo que os nossos clientes recebem os seus produtos dentro do prazo.<\/p>\n\n\n\n<p><strong>Alcance global<\/strong><\/p>\n\n\n\n<p>Com uma rede de distribui\u00e7\u00e3o robusta, servimos clientes em todo o mundo. O nosso compromisso com a excel\u00eancia valeu-nos a reputa\u00e7\u00e3o de fornecedor fi\u00e1vel no mercado internacional.<\/p>\n\n\n\n<p><strong>Contactar-nos<\/strong><\/p>\n\n\n\n<p>Para quest\u00f5es ou para efetuar uma encomenda, contacte-nos atrav\u00e9s do seguinte endere\u00e7o<\/p>\n\n\n\n<ul class=\"wp-block-list\">\n<li><strong>Correio eletr\u00f3nico<\/strong>: <a>sales@hfittings.com<\/a><\/li>\n\n\n\n<li><strong>Telefone<\/strong>: +86 18631777030<\/li>\n\n\n\n<li><strong>Endere\u00e7o<\/strong>: Zona Industrial de Yinzhuang, Condado de Mengcun, Cidade de Cangzhou, Prov\u00edncia de Hebei, China<\/li>\n<\/ul>\n\n\n\n<p>Convidamo-lo a explorar as nossas ofertas de produtos e a experimentar a qualidade e o servi\u00e7o que a Huayue Pipe Fitting Co., Ltd. oferece.<\/p>\n\n\n\n<p><\/p>","protected":false},"excerpt":{"rendered":"<p>Cangzhou huayue pipe fitting Co., ltd aqui, um fabricante profissional, exportando tubos e acess\u00f3rios com boa qualidade e pre\u00e7o competitivo em China.Email:sales@hfittings.com<\/p>","protected":false},"author":1,"featured_media":0,"parent":0,"menu_order":0,"comment_status":"closed","ping_status":"closed","template":"","meta":{"_gspb_post_css":"","footnotes":""},"class_list":["post-1387","page","type-page","status-publish","hentry"],"blocksy_meta":[],"_links":{"self":[{"href":"https:\/\/hfittings.com\/pt\/wp-json\/wp\/v2\/pages\/1387","targetHints":{"allow":["GET"]}}],"collection":[{"href":"https:\/\/hfittings.com\/pt\/wp-json\/wp\/v2\/pages"}],"about":[{"href":"https:\/\/hfittings.com\/pt\/wp-json\/wp\/v2\/types\/page"}],"author":[{"embeddable":true,"href":"https:\/\/hfittings.com\/pt\/wp-json\/wp\/v2\/users\/1"}],"replies":[{"embeddable":true,"href":"https:\/\/hfittings.com\/pt\/wp-json\/wp\/v2\/comments?post=1387"}],"version-history":[{"count":7,"href":"https:\/\/hfittings.com\/pt\/wp-json\/wp\/v2\/pages\/1387\/revisions"}],"predecessor-version":[{"id":2498,"href":"https:\/\/hfittings.com\/pt\/wp-json\/wp\/v2\/pages\/1387\/revisions\/2498"}],"wp:attachment":[{"href":"https:\/\/hfittings.com\/pt\/wp-json\/wp\/v2\/media?parent=1387"}],"curies":[{"name":"wp","href":"https:\/\/api.w.org\/{rel}","templated":true}]}}