{"id":2860,"date":"2025-04-01T07:25:14","date_gmt":"2025-04-01T07:25:14","guid":{"rendered":"https:\/\/hfittings.com\/?post_type=product&#038;p=2860"},"modified":"2025-04-28T07:58:48","modified_gmt":"2025-04-28T07:58:48","slug":"so-flange","status":"publish","type":"product","link":"https:\/\/hfittings.com\/it\/product\/so-flange\/","title":{"rendered":"Flangia SO"},"content":{"rendered":"<h1 class=\"\" data-start=\"76\" data-end=\"153\">Flangia slip-on: Una guida completa su progettazione, vantaggi e applicazioni<\/h1>\n<p class=\"\" data-start=\"155\" data-end=\"545\">La flangia slip-on, spesso chiamata flangia SO, \u00e8 progettata per scorrere su un tubo, grazie al suo diametro interno leggermente pi\u00f9 grande del diametro esterno del tubo. Questa caratteristica progettuale consente di inserire facilmente il tubo nella flangia prima di fissarlo con saldature di raccordo sia in alto che in basso. Il risultato \u00e8 un collegamento affidabile ed efficiente tra le tubazioni e le apparecchiature.<\/p>\n<figure id=\"attachment_2861\" aria-describedby=\"caption-attachment-2861\" style=\"width: 300px\" class=\"wp-caption alignnone\"><img decoding=\"async\" class=\"wp-image-2861 size-medium\" title=\"Flangia SO Flangia slip on\" src=\"https:\/\/hfittings.com\/wp-content\/uploads\/2025\/04\/slip-on-flange-300x142.jpg\" alt=\"Flangia SO Flangia slip on\" width=\"300\" height=\"142\" srcset=\"https:\/\/hfittings.com\/wp-content\/uploads\/2025\/04\/slip-on-flange-300x142.jpg 300w, https:\/\/hfittings.com\/wp-content\/uploads\/2025\/04\/slip-on-flange-1024x483.jpg 1024w, https:\/\/hfittings.com\/wp-content\/uploads\/2025\/04\/slip-on-flange-768x362.jpg 768w, https:\/\/hfittings.com\/wp-content\/uploads\/2025\/04\/slip-on-flange-18x8.jpg 18w, https:\/\/hfittings.com\/wp-content\/uploads\/2025\/04\/slip-on-flange-1000x472.jpg 1000w, https:\/\/hfittings.com\/wp-content\/uploads\/2025\/04\/slip-on-flange.jpg 1280w\" sizes=\"(max-width: 300px) 100vw, 300px\" \/><figcaption id=\"caption-attachment-2861\" class=\"wp-caption-text\">Flangia SO Flangia slip on<\/figcaption><\/figure>\n<h2 class=\"\" data-start=\"547\" data-end=\"569\">Caratteristiche principali del design<\/h2>\n<h3 class=\"\" data-start=\"571\" data-end=\"598\">Costruzione innovativa<\/h3>\n<p class=\"\" data-start=\"599\" data-end=\"869\">Le flange slip-on sono caratterizzate da una superficie piatta e semplice. Il loro design consente di infilare la flangia sul tubo senza sforzo, per poi saldarla in posizione. Questo metodo di costruzione garantisce un allineamento diretto e semplifica l'intero processo di installazione.<\/p>\n<h3 class=\"\" data-start=\"871\" data-end=\"900\">Facile processo di installazione<\/h3>\n<p class=\"\" data-start=\"901\" data-end=\"1205\">Uno dei principali vantaggi delle flange slip-on \u00e8 la facilit\u00e0 di installazione. Poich\u00e9 queste flange non richiedono un perfetto allineamento da un capo all'altro, gli installatori possono posizionarle rapidamente e poi fissarle con una saldatura a filetto. In questo modo non solo si risparmia tempo, ma si riduce anche la possibilit\u00e0 di errori di allineamento.<\/p>\n<h3 class=\"\" data-start=\"1207\" data-end=\"1233\">Applicazioni versatili<\/h3>\n<p class=\"\" data-start=\"1234\" data-end=\"1506\">Impiegate comunemente in sistemi a bassa pressione, le flange slip-on sono ideali per una variet\u00e0 di settori come quello petrolifero e del gas, del trattamento delle acque e del trattamento chimico. Il loro design \u00e8 stato studiato per soddisfare le esigenze dei sistemi di fluidi in cui le pressioni estreme non sono una preoccupazione primaria.<\/p>\n<h3 class=\"\" data-start=\"1508\" data-end=\"1535\">Soluzione economicamente vantaggiosa<\/h3>\n<p class=\"\" data-start=\"1536\" data-end=\"1749\">Rispetto alle alternative pi\u00f9 complesse, come le flange con collo a saldare, le flange slip-on offrono una soluzione pi\u00f9 economica. Il loro design pi\u00f9 semplice e l'installazione meno laboriosa contribuiscono a ridurre i costi complessivi del progetto.<\/p>\n<h3 class=\"\" data-start=\"1751\" data-end=\"1771\">Variet\u00e0 di materiali<\/h3>\n<p class=\"\" data-start=\"1772\" data-end=\"2002\">Le flange slip-on possono essere prodotte in diversi materiali, tra cui acciaio al carbonio, acciaio inox e varie leghe. Questa flessibilit\u00e0 consente di utilizzarle in ambienti diversi in base ai requisiti specifici dell'applicazione.<\/p>\n<h3 class=\"\" data-start=\"2004\" data-end=\"2041\">Limitazioni per l'uso ad alta pressione<\/h3>\n<p class=\"\" data-start=\"2042\" data-end=\"2287\">Nonostante i loro vantaggi, le flange slip-on non sono generalmente raccomandate per le applicazioni ad alta pressione. Il design, in particolare l'utilizzo di giunti saldati, potrebbe non garantire lo stesso livello di integrit\u00e0 di altri tipi di flange in condizioni estreme.<\/p>\n<figure id=\"attachment_2862\" aria-describedby=\"caption-attachment-2862\" style=\"width: 300px\" class=\"wp-caption alignnone\"><img decoding=\"async\" class=\"size-medium wp-image-2862\" src=\"https:\/\/hfittings.com\/wp-content\/uploads\/2025\/04\/SO-flange-300x247.png\" alt=\"Flangia SO\" width=\"300\" height=\"247\" srcset=\"https:\/\/hfittings.com\/wp-content\/uploads\/2025\/04\/SO-flange-300x247.png 300w, https:\/\/hfittings.com\/wp-content\/uploads\/2025\/04\/SO-flange-15x12.png 15w, https:\/\/hfittings.com\/wp-content\/uploads\/2025\/04\/SO-flange.png 550w\" sizes=\"(max-width: 300px) 100vw, 300px\" \/><figcaption id=\"caption-attachment-2862\" class=\"wp-caption-text\">Flangia SO<\/figcaption><\/figure>\n<h2 class=\"\" data-start=\"2289\" data-end=\"2319\">Gamma di prodotti e standard<\/h2>\n<h3 class=\"\" data-start=\"2321\" data-end=\"2339\">Specifiche tecniche<\/h3>\n<ul data-start=\"2340\" data-end=\"2735\">\n<li class=\"\" data-start=\"2340\" data-end=\"2428\">\n<p class=\"\" data-start=\"2342\" data-end=\"2428\"><strong data-start=\"2342\" data-end=\"2356\">Standard:<\/strong> ASTM A105 per l'acciaio al carbonio e ASTM A182 per l'acciaio legato e inossidabile.<\/p>\n<\/li>\n<li class=\"\" data-start=\"2429\" data-end=\"2500\">\n<p class=\"\" data-start=\"2431\" data-end=\"2500\"><strong data-start=\"2431\" data-end=\"2452\">Opzioni di materiale:<\/strong> Acciaio al carbonio, acciaio legato e acciaio inossidabile.<\/p>\n<\/li>\n<li class=\"\" data-start=\"2501\" data-end=\"2592\">\n<p class=\"\" data-start=\"2503\" data-end=\"2592\"><strong data-start=\"2503\" data-end=\"2518\">Gamma di dimensioni:<\/strong> Dimensioni standard da 1\/2\u2033 a 24\u2033, con opzioni personalizzate fino a 60\u2033.<\/p>\n<\/li>\n<li class=\"\" data-start=\"2593\" data-end=\"2657\">\n<p class=\"\" data-start=\"2595\" data-end=\"2657\"><strong data-start=\"2595\" data-end=\"2616\">Valori di pressione:<\/strong> Disponibile in Classe 150 fino a Classe 2500.<\/p>\n<\/li>\n<li class=\"\" data-start=\"2658\" data-end=\"2735\">\n<p class=\"\" data-start=\"2660\" data-end=\"2735\"><strong data-start=\"2660\" data-end=\"2675\">Tipi di viso:<\/strong> Le opzioni includono la faccia rialzata (RF) e il giunto ad anello (RTJ).<\/p>\n<\/li>\n<\/ul>\n<h3 class=\"\" data-start=\"2737\" data-end=\"2764\">Standard internazionali<\/h3>\n<p class=\"\" data-start=\"2765\" data-end=\"2965\">Le flange slip-on sono inoltre prodotte in conformit\u00e0 agli standard internazionali come ASME B16.5 per le flange per tubi, BS 3293 e DIN 86029, assicurando qualit\u00e0 e coerenza nei diversi mercati.<\/p>\n<h2 class=\"\" data-start=\"2967\" data-end=\"3000\">Metodi di saldatura e tipi di facce<\/h2>\n<h3 class=\"\" data-start=\"3002\" data-end=\"3022\">Varianti di saldatura<\/h3>\n<p class=\"\" data-start=\"3023\" data-end=\"3080\">Esistono due classificazioni principali di flange slip-on:<\/p>\n<ul data-start=\"3081\" data-end=\"3377\">\n<li class=\"\" data-start=\"3081\" data-end=\"3194\">\n<p class=\"\" data-start=\"3083\" data-end=\"3194\"><strong data-start=\"3083\" data-end=\"3116\">Flange a piastra saldate e scorrevoli:<\/strong> Ideale per le applicazioni in cui la facilit\u00e0 di installazione e il costo sono fattori importanti.<\/p>\n<\/li>\n<li class=\"\" data-start=\"3195\" data-end=\"3377\">\n<p class=\"\" data-start=\"3197\" data-end=\"3377\"><strong data-start=\"3197\" data-end=\"3236\">Flange a colletto per tubi saldati:<\/strong> Offrono propriet\u00e0 meccaniche intermedie tra le flange integrali e quelle sciolte, garantendo un equilibrio tra resistenza e facilit\u00e0 d'uso.<\/p>\n<\/li>\n<\/ul>\n<h3 class=\"\" data-start=\"3379\" data-end=\"3395\">Disegni per il viso<\/h3>\n<ul data-start=\"3396\" data-end=\"3899\">\n<li class=\"\" data-start=\"3396\" data-end=\"3645\">\n<p class=\"\" data-start=\"3398\" data-end=\"3645\"><strong data-start=\"3398\" data-end=\"3427\">Flange a faccia rialzata (RF):<\/strong> Caratterizzate da una leggera sporgenza sulla superficie interna, queste flange sono progettate per migliorare la tenuta della guarnizione e le prestazioni di tenuta. L'altezza della superficie rialzata aumenta in genere con valori di pressione pi\u00f9 elevati.<\/p>\n<\/li>\n<li class=\"\" data-start=\"3646\" data-end=\"3899\">\n<p class=\"\" data-start=\"3648\" data-end=\"3899\"><strong data-start=\"3648\" data-end=\"3664\">Flange RTJ:<\/strong> Grazie a una scanalatura lavorata con precisione sulla faccia superiore, le flange RTJ sono progettate per applicazioni ad alta pressione. La scanalatura consente il posizionamento sicuro di un anello di guarnizione, garantendo una tenuta superiore rispetto al design RF standard.<\/p>\n<\/li>\n<\/ul>\n<h2 class=\"\" data-start=\"3901\" data-end=\"3959\">Dimensioni, valori di pressione e metodi di produzione<\/h2>\n<h3 class=\"\" data-start=\"3961\" data-end=\"4003\">Dimensioni e classi di pressione comuni<\/h3>\n<p class=\"\" data-start=\"4004\" data-end=\"4318\">Le flange slip-on sono disponibili in diametri esterni comuni che vanno da 1\/2\u2033 a 24\u2033, con ordini speciali fino a 60\u2033. Coprono un'ampia gamma di classi di pressione, tra cui le classi 150, 300, 400, 600, 900, 1500 e 2500 (espresse in # o LB). Queste classificazioni corrispondono a numeri di pressione (PN) da 2,5 a 250.<\/p>\n<h3 class=\"\" data-start=\"4320\" data-end=\"4348\">Tecniche di produzione<\/h3>\n<p class=\"\" data-start=\"4349\" data-end=\"4400\">Le flange slip-on sono prodotte con diversi metodi:<\/p>\n<ul data-start=\"4401\" data-end=\"4676\">\n<li class=\"\" data-start=\"4401\" data-end=\"4512\">\n<p class=\"\" data-start=\"4403\" data-end=\"4512\"><strong data-start=\"4403\" data-end=\"4415\">Forgiatura:<\/strong> Offre la massima qualit\u00e0, rendendo queste flange le pi\u00f9 utilizzate nonostante il loro costo pi\u00f9 elevato.<\/p>\n<\/li>\n<li class=\"\" data-start=\"4513\" data-end=\"4676\">\n<p class=\"\" data-start=\"4515\" data-end=\"4676\"><strong data-start=\"4515\" data-end=\"4545\">Taglio e fusione dell'acciaio:<\/strong> Questi metodi forniscono ulteriori opzioni per applicazioni specifiche, consentendo una flessibilit\u00e0 nella produzione in base alle esigenze del progetto.<\/p>\n<\/li>\n<\/ul>\n<h2 class=\"\" data-start=\"4678\" data-end=\"4707\">Vantaggi e confronti<\/h2>\n<h3 class=\"\" data-start=\"4709\" data-end=\"4740\">Vantaggi delle flange slip-on<\/h3>\n<ul data-start=\"4741\" data-end=\"5053\">\n<li class=\"\" data-start=\"4741\" data-end=\"4835\">\n<p class=\"\" data-start=\"4743\" data-end=\"4835\"><strong data-start=\"4743\" data-end=\"4772\">Costi di installazione ridotti:<\/strong> L'allineamento e la saldatura semplificati riducono tempi e costi.<\/p>\n<\/li>\n<li class=\"\" data-start=\"4836\" data-end=\"4933\">\n<p class=\"\" data-start=\"4838\" data-end=\"4933\"><strong data-start=\"4838\" data-end=\"4868\">Maggiore affidabilit\u00e0 della tenuta:<\/strong> La doppia saldatura (interna ed esterna) offre una solida prevenzione delle perdite.<\/p>\n<\/li>\n<li class=\"\" data-start=\"4934\" data-end=\"5053\">\n<p class=\"\" data-start=\"4936\" data-end=\"5053\"><strong data-start=\"4936\" data-end=\"4965\">Riduzione dei tempi di fabbricazione:<\/strong> La possibilit\u00e0 di far scorrere il tubo nella flangia riduce al minimo la necessit\u00e0 di tagli di precisione.<\/p>\n<\/li>\n<\/ul>\n<h3 class=\"\" data-start=\"5055\" data-end=\"5092\">Confronto con le flange con collo a saldare<\/h3>\n<ul data-start=\"5093\" data-end=\"5701\">\n<li class=\"\" data-start=\"5093\" data-end=\"5218\">\n<p class=\"\" data-start=\"5095\" data-end=\"5218\"><strong data-start=\"5095\" data-end=\"5117\">Forza di pressione:<\/strong> La capacit\u00e0 di pressione interna di una flangia slip-on \u00e8 circa due terzi di quella di una flangia con collo a saldare.<\/p>\n<\/li>\n<li class=\"\" data-start=\"5219\" data-end=\"5341\">\n<p class=\"\" data-start=\"5221\" data-end=\"5341\"><strong data-start=\"5221\" data-end=\"5236\">Durata:<\/strong> Le flange a scorrimento hanno in genere una vita utile pi\u00f9 breve, circa un terzo di quella delle flange con collo a saldare.<\/p>\n<\/li>\n<li class=\"\" data-start=\"5342\" data-end=\"5517\">\n<p class=\"\" data-start=\"5344\" data-end=\"5517\"><strong data-start=\"5344\" data-end=\"5369\">Requisiti di saldatura:<\/strong> Richiedono due saldature di raccordo (una per lato) e bisogna fare attenzione a lasciare uno spazio tra l'estremit\u00e0 del tubo e la flangia per evitare di danneggiare la faccia.<\/p>\n<\/li>\n<li class=\"\" data-start=\"5518\" data-end=\"5701\">\n<p class=\"\" data-start=\"5520\" data-end=\"5701\"><strong data-start=\"5520\" data-end=\"5549\">Vincoli di installazione:<\/strong> Dato che la flangia deve prima scorrere sul tubo, combinazioni come flangia pi\u00f9 gomito o flangia pi\u00f9 tee non sono fattibili a causa di problemi di disallineamento.<\/p>\n<\/li>\n<\/ul>\n<h2 class=\"\" data-start=\"5703\" data-end=\"5716\">Conclusione<\/h2>\n<p class=\"\" data-start=\"5718\" data-end=\"6242\">Le flange slip-on presentano un eccellente equilibrio tra semplicit\u00e0, efficienza economica e prestazioni nei sistemi di tubazioni a bassa pressione. Anche se non sono ideali per gli ambienti ad alta pressione, la facilit\u00e0 di installazione e la versatilit\u00e0 dei materiali le rendono una scelta popolare per molte applicazioni industriali. Gli ingegneri e i responsabili di progetto devono soppesare i vantaggi rispetto alle potenziali limitazioni quando decidono tra le flange slip-on e altri tipi di flange, assicurandosi che il prodotto scelto soddisfi i requisiti di prestazione e di budget.<\/p>","protected":false},"excerpt":{"rendered":"<p>Slip-On Flange: A Comprehensive Guide on Design, Benefits, and Applications Slip-on flange\u2014often referred to as an SO flange\u2014is engineered to slide over a pipe, thanks to its inner diameter being slightly larger than the pipe&#8217;s outer diameter. This design feature allows the pipe to be easily inserted into the flange before being secured with fillet [&hellip;]<\/p>\n","protected":false},"featured_media":2861,"comment_status":"open","ping_status":"closed","template":"","meta":{"_gspb_post_css":""},"product_brand":[],"product_cat":[394],"product_tag":[],"class_list":{"0":"post-2860","1":"product","2":"type-product","3":"status-publish","4":"has-post-thumbnail","6":"product_cat-flange","8":"first","9":"instock","10":"sale","11":"shipping-taxable","12":"purchasable","13":"product-type-simple"},"_links":{"self":[{"href":"https:\/\/hfittings.com\/it\/wp-json\/wp\/v2\/product\/2860","targetHints":{"allow":["GET"]}}],"collection":[{"href":"https:\/\/hfittings.com\/it\/wp-json\/wp\/v2\/product"}],"about":[{"href":"https:\/\/hfittings.com\/it\/wp-json\/wp\/v2\/types\/product"}],"replies":[{"embeddable":true,"href":"https:\/\/hfittings.com\/it\/wp-json\/wp\/v2\/comments?post=2860"}],"wp:featuredmedia":[{"embeddable":true,"href":"https:\/\/hfittings.com\/it\/wp-json\/wp\/v2\/media\/2861"}],"wp:attachment":[{"href":"https:\/\/hfittings.com\/it\/wp-json\/wp\/v2\/media?parent=2860"}],"wp:term":[{"taxonomy":"product_brand","embeddable":true,"href":"https:\/\/hfittings.com\/it\/wp-json\/wp\/v2\/product_brand?post=2860"},{"taxonomy":"product_cat","embeddable":true,"href":"https:\/\/hfittings.com\/it\/wp-json\/wp\/v2\/product_cat?post=2860"},{"taxonomy":"product_tag","embeddable":true,"href":"https:\/\/hfittings.com\/it\/wp-json\/wp\/v2\/product_tag?post=2860"}],"curies":[{"name":"wp","href":"https:\/\/api.w.org\/{rel}","templated":true}]}}