{"id":2469,"date":"2025-02-13T09:03:50","date_gmt":"2025-02-13T09:03:50","guid":{"rendered":"https:\/\/hfittings.com\/?post_type=product&#038;p=2469"},"modified":"2025-03-24T08:57:24","modified_gmt":"2025-03-24T08:57:24","slug":"raccordi-per-tubi-forgiati","status":"publish","type":"product","link":"https:\/\/hfittings.com\/it\/product\/forged-pipe-fittings\/","title":{"rendered":"Raccordi per tubi forgiati"},"content":{"rendered":"<p data-start=\"0\" data-end=\"79\"><strong data-start=\"0\" data-end=\"79\">Raccordi per tubi forgiati: Componenti essenziali per i sistemi di tubazioni ad alta pressione<\/strong><\/p>\n<p data-start=\"81\" data-end=\"552\">I raccordi per tubi forgiati sono parte integrante della creazione di connessioni robuste e a prova di perdite nei sistemi di tubazioni ad alta pressione. Realizzati attraverso un processo di forgiatura, questi raccordi sono progettati per essere avvitati o saldati alle estremit\u00e0 dei tubi o di altri raccordi, assicurando un collegamento continuo e duraturo. Sono ampiamente utilizzati in diversi settori industriali, tra cui quello petrolchimico, petrolifero e del gas, della produzione di energia, aerospaziale, delle caldaie, degli scambiatori di calore e dei recipienti a pressione.<\/p>\n<figure id=\"attachment_2470\" aria-describedby=\"caption-attachment-2470\" style=\"width: 300px\" class=\"wp-caption alignleft\"><a href=\"https:\/\/hfittings.com\/it\/prodotto\/raccordi-a-saldare-a-bicchiere\/\"><img decoding=\"async\" class=\"wp-image-2470 size-medium\" src=\"https:\/\/hfittings.com\/wp-content\/uploads\/2025\/02\/socket-weld-pipe-fittings-300x300.jpg\" alt=\"raccordi per tubi forgiati\" width=\"300\" height=\"300\" data-wp-editing=\"1\" srcset=\"https:\/\/hfittings.com\/wp-content\/uploads\/2025\/02\/socket-weld-pipe-fittings-300x300.jpg 300w, https:\/\/hfittings.com\/wp-content\/uploads\/2025\/02\/socket-weld-pipe-fittings-150x150.jpg 150w, https:\/\/hfittings.com\/wp-content\/uploads\/2025\/02\/socket-weld-pipe-fittings-500x500.jpg 500w, https:\/\/hfittings.com\/wp-content\/uploads\/2025\/02\/socket-weld-pipe-fittings.jpg 660w\" sizes=\"(max-width: 300px) 100vw, 300px\" \/><\/a><figcaption id=\"caption-attachment-2470\" class=\"wp-caption-text\">raccordi per tubi a saldare<\/figcaption><\/figure>\n<figure id=\"attachment_2471\" aria-describedby=\"caption-attachment-2471\" style=\"width: 300px\" class=\"wp-caption alignleft\"><a href=\"https:\/\/hfittings.com\/it\/prodotto\/raccordi-filettati-per-tubi\/\"><img decoding=\"async\" class=\"size-medium wp-image-2471\" src=\"https:\/\/hfittings.com\/wp-content\/uploads\/2025\/02\/threaded-pipe-fittings-300x300.jpg\" alt=\"raccordi filettati per tubi\" width=\"300\" height=\"300\" srcset=\"https:\/\/hfittings.com\/wp-content\/uploads\/2025\/02\/threaded-pipe-fittings-300x300.jpg 300w, https:\/\/hfittings.com\/wp-content\/uploads\/2025\/02\/threaded-pipe-fittings-150x150.jpg 150w, https:\/\/hfittings.com\/wp-content\/uploads\/2025\/02\/threaded-pipe-fittings-768x768.jpg 768w, https:\/\/hfittings.com\/wp-content\/uploads\/2025\/02\/threaded-pipe-fittings-500x500.jpg 500w, https:\/\/hfittings.com\/wp-content\/uploads\/2025\/02\/threaded-pipe-fittings.jpg 800w\" sizes=\"(max-width: 300px) 100vw, 300px\" \/><\/a><figcaption id=\"caption-attachment-2471\" class=\"wp-caption-text\">raccordi filettati per tubi<\/figcaption><\/figure>\n<p data-start=\"554\" data-end=\"583\"><strong data-start=\"554\" data-end=\"583\">Caratteristiche e vantaggi principali<\/strong><\/p>\n<ul data-start=\"585\" data-end=\"1455\">\n<li data-start=\"585\" data-end=\"739\">\n<p data-start=\"587\" data-end=\"739\"><strong data-start=\"587\" data-end=\"607\">Elevata durata:<\/strong> I raccordi per tubi forgiati sono noti per la loro eccezionale forza e resistenza all'usura, che li rende ideali per le applicazioni pi\u00f9 impegnative.<\/p>\n<\/li>\n<li data-start=\"741\" data-end=\"888\">\n<p data-start=\"743\" data-end=\"888\"><strong data-start=\"743\" data-end=\"768\">Precisione dimensionale:<\/strong> Prodotti secondo specifiche precise, questi raccordi assicurano un accoppiamento perfetto e prestazioni affidabili nei sistemi di tubazioni.<\/p>\n<\/li>\n<li data-start=\"890\" data-end=\"1044\">\n<p data-start=\"892\" data-end=\"1044\"><strong data-start=\"892\" data-end=\"910\">Finitura liscia:<\/strong> Il processo di forgiatura consente di ottenere una finitura superficiale liscia, riducendo il rischio di corrosione e facilitando il flusso all'interno dei tubi.<\/p>\n<\/li>\n<li data-start=\"1046\" data-end=\"1219\">\n<p data-start=\"1048\" data-end=\"1219\"><strong data-start=\"1048\" data-end=\"1075\">Prestazioni a prova di perdite:<\/strong> Progettati per resistere alle alte pressioni, i raccordi forgiati garantiscono connessioni a prova di perdite, migliorando la sicurezza e l'efficienza del sistema di tubazioni.<\/p>\n<\/li>\n<li data-start=\"1221\" data-end=\"1455\">\n<p data-start=\"1223\" data-end=\"1455\"><strong data-start=\"1223\" data-end=\"1248\">Resistenza alla corrosione:<\/strong> Realizzati con materiali come l'acciaio inossidabile, l'acciaio al carbonio, l'acciaio legato e l'acciaio inossidabile super duplex, questi raccordi offrono un'eccellente resistenza alla corrosione, prolungando la durata del sistema di tubazioni.<\/p>\n<\/li>\n<\/ul>\n<p data-start=\"1457\" data-end=\"1473\"><strong data-start=\"1457\" data-end=\"1473\">Applicazioni<\/strong><\/p>\n<p data-start=\"1475\" data-end=\"1543\">I raccordi per tubi forgiati sono essenziali in diversi settori, tra cui:<\/p>\n<ul data-start=\"1545\" data-end=\"2308\">\n<li data-start=\"1545\" data-end=\"1706\">\n<p data-start=\"1547\" data-end=\"1706\"><strong data-start=\"1547\" data-end=\"1574\">Industria petrolchimica:<\/strong> Utilizzati nel trasporto di sostanze chimiche e gas, richiedono raccordi in grado di resistere a pressioni elevate e ambienti corrosivi.<\/p>\n<\/li>\n<li data-start=\"1708\" data-end=\"1819\">\n<p data-start=\"1710\" data-end=\"1819\"><strong data-start=\"1710\" data-end=\"1735\">Industria del petrolio e del gas:<\/strong> \u00c8 fondamentale per collegare gli oleodotti nei processi di esplorazione, perforazione e raffinazione.<\/p>\n<\/li>\n<li data-start=\"1821\" data-end=\"1944\">\n<p data-start=\"1823\" data-end=\"1944\"><strong data-start=\"1823\" data-end=\"1844\">Generazione di energia:<\/strong> Utilizzato nei sistemi di vapore e acqua delle centrali elettriche, dove i collegamenti ad alta pressione sono fondamentali.<\/p>\n<\/li>\n<li data-start=\"1946\" data-end=\"2060\">\n<p data-start=\"1948\" data-end=\"2060\"><strong data-start=\"1948\" data-end=\"1962\">Aerospaziale:<\/strong> Utilizzato nei sistemi aeronautici, richiede raccordi leggeri ma resistenti per varie applicazioni.<\/p>\n<\/li>\n<li data-start=\"2062\" data-end=\"2174\">\n<p data-start=\"2064\" data-end=\"2174\"><strong data-start=\"2064\" data-end=\"2102\">Sistemi di caldaie e scambiatori di calore:<\/strong> Essenziale per mantenere efficiente il trasferimento di calore e il controllo della pressione.<\/p>\n<\/li>\n<li data-start=\"2176\" data-end=\"2308\">\n<p data-start=\"2178\" data-end=\"2308\"><strong data-start=\"2178\" data-end=\"2212\">Produzione di recipienti a pressione:<\/strong> Utilizzato per garantire l'integrit\u00e0 e la sicurezza dei recipienti a pressione in varie applicazioni industriali.<\/p>\n<\/li>\n<\/ul>\n<p data-start=\"2310\" data-end=\"2337\"><strong data-start=\"2310\" data-end=\"2337\">Specifiche del materiale<\/strong><\/p>\n<p data-start=\"2339\" data-end=\"2426\">I raccordi per tubi forgiati sono disponibili in vari materiali per adattarsi alle diverse applicazioni:<\/p>\n<ul data-start=\"2428\" data-end=\"2886\">\n<li data-start=\"2428\" data-end=\"2550\">\n<p data-start=\"2430\" data-end=\"2550\"><strong data-start=\"2430\" data-end=\"2459\">Acciaio al carbonio (ASTM A105):<\/strong> Comunemente utilizzato per applicazioni generiche grazie alla sua resistenza e all'economicit\u00e0.<\/p>\n<\/li>\n<li data-start=\"2552\" data-end=\"2660\">\n<p data-start=\"2554\" data-end=\"2660\"><strong data-start=\"2554\" data-end=\"2582\">Acciaio inossidabile (SS316):<\/strong> Offre una resistenza superiore alla corrosione, ideale per gli ambienti difficili.<\/p>\n<\/li>\n<li data-start=\"2662\" data-end=\"2757\">\n<p data-start=\"2664\" data-end=\"2757\"><strong data-start=\"2664\" data-end=\"2680\">Acciaio legato:<\/strong> Fornisce una maggiore forza e resistenza al calore per applicazioni specializzate.<\/p>\n<\/li>\n<li data-start=\"2759\" data-end=\"2886\">\n<p data-start=\"2761\" data-end=\"2886\"><strong data-start=\"2761\" data-end=\"2794\">Acciaio inossidabile super duplex:<\/strong> Combina un'elevata forza e un'eccellente resistenza alla corrosione, adatta a condizioni estreme.<\/p>\n<\/li>\n<\/ul>\n<p data-start=\"2888\" data-end=\"2920\"><strong data-start=\"2888\" data-end=\"2920\">Standard e specifiche<\/strong><\/p>\n<p data-start=\"2922\" data-end=\"3034\">I raccordi per tubi forgiati sono prodotti in conformit\u00e0 agli standard industriali per garantire qualit\u00e0 e compatibilit\u00e0:<\/p>\n<ul data-start=\"3036\" data-end=\"3512\">\n<li data-start=\"3036\" data-end=\"3247\">\n<p data-start=\"3038\" data-end=\"3247\"><strong data-start=\"3038\" data-end=\"3054\">ASME B16.11:<\/strong> Specifica i requisiti dei raccordi in acciaio forgiato, compresi i valori nominali di pressione e temperatura, le dimensioni, le tolleranze, le marcature e i requisiti dei materiali.<\/p>\n<\/li>\n<li data-start=\"3249\" data-end=\"3403\">\n<p data-start=\"3251\" data-end=\"3403\"><strong data-start=\"3251\" data-end=\"3274\">MSS-SP-79\/83\/95\/97:<\/strong> Standard stabiliti dalla Manufacturers Standardization Society per i raccordi forgiati, che coprono varie classi di pressione e materiali.<\/p>\n<\/li>\n<li data-start=\"3405\" data-end=\"3512\">\n<p data-start=\"3407\" data-end=\"3512\"><strong data-start=\"3407\" data-end=\"3418\">BS3799:<\/strong> Standard britannico per i raccordi in acciaio forgiato, che garantisce compatibilit\u00e0 e qualit\u00e0 a livello internazionale.<\/p>\n<\/li>\n<\/ul>\n<p data-start=\"3514\" data-end=\"3534\"><strong data-start=\"3514\" data-end=\"3534\">Valori di pressione<\/strong><\/p>\n<p data-start=\"3536\" data-end=\"3641\">I raccordi per tubi forgiati sono disponibili in varie classi di pressione per soddisfare i requisiti di applicazioni specifiche:<\/p>\n<ul data-start=\"3643\" data-end=\"3827\">\n<li data-start=\"3643\" data-end=\"3703\">\n<p data-start=\"3645\" data-end=\"3703\"><strong data-start=\"3645\" data-end=\"3660\">Classe 3000:<\/strong> Adatto per applicazioni a media pressione.<\/p>\n<\/li>\n<li data-start=\"3705\" data-end=\"3760\">\n<p data-start=\"3707\" data-end=\"3760\"><strong data-start=\"3707\" data-end=\"3722\">Classe 6000:<\/strong> Progettato per sistemi ad alta pressione.<\/p>\n<\/li>\n<li data-start=\"3762\" data-end=\"3827\">\n<p data-start=\"3764\" data-end=\"3827\"><strong data-start=\"3764\" data-end=\"3779\">Classe 9000:<\/strong> Ideale per applicazioni ad altissima pressione.<\/p>\n<\/li>\n<\/ul>\n<p data-start=\"3829\" data-end=\"3843\"><strong data-start=\"3829\" data-end=\"3843\">Conclusione<\/strong><\/p>\n<p data-start=\"3845\" data-end=\"4159\">I raccordi per tubi forgiati sono componenti vitali nei sistemi di tubazioni ad alta pressione e offrono resistenza, durata e affidabilit\u00e0 in diversi settori. La loro capacit\u00e0 di resistere a condizioni estreme e di fornire connessioni a prova di perdite li rende indispensabili in applicazioni in cui sicurezza e prestazioni sono fondamentali.<\/p>","protected":false},"excerpt":{"rendered":"<p>Forged Pipe Fittings: Essential Components for High-Pressure Piping Systems Forged pipe fittings are integral to creating robust, leak-proof connections in high-pressure piping systems. Manufactured through a forging process, these fittings are designed to be screwed or socket-welded onto the ends of pipes or other fittings, ensuring a seamless and durable connection. They are widely utilized [&hellip;]<\/p>\n","protected":false},"featured_media":2481,"comment_status":"open","ping_status":"closed","template":"","meta":{"_gspb_post_css":""},"product_brand":[397],"product_cat":[395],"product_tag":[444],"class_list":{"0":"post-2469","1":"product","2":"type-product","3":"status-publish","4":"has-post-thumbnail","6":"product_brand-hfittings","7":"product_cat-forged-pipe-fittings","8":"product_tag-forged-pipe-fittings","10":"first","11":"instock","12":"sale","13":"shipping-taxable","14":"purchasable","15":"product-type-simple"},"_links":{"self":[{"href":"https:\/\/hfittings.com\/it\/wp-json\/wp\/v2\/product\/2469","targetHints":{"allow":["GET"]}}],"collection":[{"href":"https:\/\/hfittings.com\/it\/wp-json\/wp\/v2\/product"}],"about":[{"href":"https:\/\/hfittings.com\/it\/wp-json\/wp\/v2\/types\/product"}],"replies":[{"embeddable":true,"href":"https:\/\/hfittings.com\/it\/wp-json\/wp\/v2\/comments?post=2469"}],"wp:featuredmedia":[{"embeddable":true,"href":"https:\/\/hfittings.com\/it\/wp-json\/wp\/v2\/media\/2481"}],"wp:attachment":[{"href":"https:\/\/hfittings.com\/it\/wp-json\/wp\/v2\/media?parent=2469"}],"wp:term":[{"taxonomy":"product_brand","embeddable":true,"href":"https:\/\/hfittings.com\/it\/wp-json\/wp\/v2\/product_brand?post=2469"},{"taxonomy":"product_cat","embeddable":true,"href":"https:\/\/hfittings.com\/it\/wp-json\/wp\/v2\/product_cat?post=2469"},{"taxonomy":"product_tag","embeddable":true,"href":"https:\/\/hfittings.com\/it\/wp-json\/wp\/v2\/product_tag?post=2469"}],"curies":[{"name":"wp","href":"https:\/\/api.w.org\/{rel}","templated":true}]}}