{"id":2443,"date":"2025-01-23T08:20:27","date_gmt":"2025-01-23T08:20:27","guid":{"rendered":"https:\/\/hfittings.com\/?post_type=product&#038;p=2443"},"modified":"2025-03-24T09:12:39","modified_gmt":"2025-03-24T09:12:39","slug":"tee-in-acciaio-inox","status":"publish","type":"product","link":"https:\/\/hfittings.com\/it\/product\/stainless-steel-tee\/","title":{"rendered":"Tee in acciaio inox"},"content":{"rendered":"<h2><strong>Tee in acciaio inox: tipi, usi e vantaggi<\/strong><\/h2>\n<p>I raccordi a T in acciaio inox sono un componente essenziale nel mondo dei sistemi di tubazioni, in quanto rappresentano un modo efficiente per diramare o cambiare la direzione del flusso in una tubazione. Questi raccordi a T sono disponibili in varie forme, tra cui <strong>Tee uguali in acciaio inox<\/strong>, <strong>Tee riduttore in acciaio inox<\/strong>, <strong>Tee a saldare di testa in acciaio inox<\/strong>e possono essere realizzati con diversi gradi di acciaio inossidabile, come ad esempio <strong>304<\/strong>, <strong>304L<\/strong>, <strong>316<\/strong>, e <strong>316L<\/strong>. Ogni tipo di tee in acciaio inox offre vantaggi specifici in base all'applicazione e ai requisiti del materiale.<\/p>\n<figure id=\"attachment_2444\" aria-describedby=\"caption-attachment-2444\" style=\"width: 300px\" class=\"wp-caption alignnone\"><img decoding=\"async\" class=\"size-medium wp-image-2444\" src=\"https:\/\/hfittings.com\/wp-content\/uploads\/2025\/01\/stainless-steel-tee-300x300.jpg\" alt=\"acciaio inox-tee\" width=\"300\" height=\"300\" srcset=\"https:\/\/hfittings.com\/wp-content\/uploads\/2025\/01\/stainless-steel-tee-300x300.jpg 300w, https:\/\/hfittings.com\/wp-content\/uploads\/2025\/01\/stainless-steel-tee-150x150.jpg 150w, https:\/\/hfittings.com\/wp-content\/uploads\/2025\/01\/stainless-steel-tee-500x500.jpg 500w, https:\/\/hfittings.com\/wp-content\/uploads\/2025\/01\/stainless-steel-tee.jpg 720w\" sizes=\"(max-width: 300px) 100vw, 300px\" \/><figcaption id=\"caption-attachment-2444\" class=\"wp-caption-text\">acciaio inox-tee<\/figcaption><\/figure>\n<h3>Tipi<\/h3>\n<ol>\n<li><strong>Tee uguali in acciaio inox<\/strong><br \/>\nIl <strong>Tee uguali in acciaio inox<\/strong> \u00e8 caratterizzato da tre aperture della stessa dimensione. Viene comunemente utilizzato quando il flusso di fluidi o gas deve essere distribuito uniformemente tra i rami della condotta.<\/li>\n<li><strong>Tee di riduzione in acciaio inox<\/strong><br \/>\nIl <strong>Tee riduttore in acciaio inox<\/strong> ha un ramo pi\u00f9 piccolo degli altri. Questo raccordo a T viene utilizzato quando \u00e8 necessario ridurre il diametro della tubazione in un punto specifico per controllare il flusso o la pressione.<\/li>\n<li><strong>Tee a saldare di testa in acciaio inox<\/strong><br \/>\nIl <strong>Tee a saldare di testa in acciaio inox<\/strong> \u00e8 un raccordo a T altamente resistente che viene saldato in posizione per ottenere un collegamento senza saldature e a prova di perdite. \u00c8 comunemente utilizzato in applicazioni ad alta pressione e garantisce la massima resistenza alle giunzioni dei tubi.<\/li>\n<li><strong>Tee a saldare di testa in acciaio inox<\/strong><br \/>\nQuesta variante del tee a saldare di testa \u00e8 stata progettata per le applicazioni in cui \u00e8 essenziale una saldatura senza saldature, che offre una connessione fluida e riduce il rischio di perdite.<\/li>\n<li><strong>Tee in acciaio inox 304<\/strong><br \/>\nIl <strong>304 tee<\/strong> \u00e8 uno dei gradi pi\u00f9 utilizzati, noto per la sua eccellente resistenza alla corrosione, formabilit\u00e0 e durata nella maggior parte degli ambienti. \u00c8 ideale per applicazioni industriali generiche, comprese le industrie alimentari e chimiche.<\/li>\n<li><strong>Tee in acciaio inox 304L<\/strong><br \/>\nIl <strong>Tee 304L<\/strong> offre gli stessi vantaggi del 304, ma con un contenuto di carbonio inferiore. Ci\u00f2 lo rende meno suscettibile alla precipitazione di carburo durante la saldatura, rendendolo adatto alla saldatura in applicazioni critiche senza compromettere la resistenza.<\/li>\n<li><strong>Tee in acciaio inox 316<\/strong><br \/>\nIl <strong>316 tee<\/strong> \u00e8 una scelta eccellente, nota per la sua superiore resistenza alla corrosione, in particolare contro i cloruri e altri prodotti chimici aggressivi. \u00c8 comunemente utilizzato nelle industrie marine, farmaceutiche e alimentari.<\/li>\n<li><strong>Tee in acciaio inox 316L<\/strong><br \/>\nIl <strong>Tee 316L<\/strong> \u00e8 simile al grado 316, ma con un contenuto di carbonio inferiore, che riduce il rischio di sensibilizzazione e offre una migliore saldabilit\u00e0. Viene utilizzato in ambienti altamente corrosivi, soprattutto nell'industria chimica e petrolchimica.<\/li>\n<\/ol>\n<h3>Vantaggi<\/h3>\n<ul>\n<li><strong>Resistenza alla corrosione<\/strong>: I tee in acciaio inox, in particolare quelli realizzati in <strong>304<\/strong> e <strong>316<\/strong> offrono un'eccezionale resistenza alla corrosione, rendendoli ideali per ambienti difficili e chimicamente aggressivi.<\/li>\n<li><strong>Durata<\/strong>: Questi raccordi a T sono progettati per resistere a pressioni elevate e temperature estreme, garantendo prestazioni durature anche in condizioni difficili.<\/li>\n<li><strong>Versatilit\u00e0<\/strong>: Con opzioni come <strong>304<\/strong>, <strong>304L<\/strong>, <strong>316<\/strong>, e <strong>316L<\/strong>I raccordi a T in acciaio inox possono essere utilizzati in un'ampia gamma di settori, dall'edilizia alla lavorazione degli alimenti, dalla farmaceutica alla petrolchimica.<\/li>\n<li><strong>Saldatura senza saldatura<\/strong>: <strong>Tee con saldatura di testa<\/strong> forniscono una connessione liscia e a prova di perdite, garantendo integrit\u00e0 e resistenza nei sistemi di tubazioni.<\/li>\n<\/ul>\n<h3>Conclusione<\/h3>\n<p>Sia che stiate lavorando con un <strong>304 tee<\/strong>, a <strong>Tee 316L<\/strong>o uno standard <strong>Tee uguali in acciaio inox<\/strong>La scelta del tipo e del materiale giusto \u00e8 fondamentale per le prestazioni e la durata del sistema di tubazioni. Per applicazioni critiche che richiedono un'elevata resistenza alla corrosione, <strong>316<\/strong> e <strong>316L<\/strong> sono ideali, mentre <strong>304<\/strong> e <strong>304L<\/strong> I raccordi a T sono pi\u00f9 adatti alle esigenze industriali generali. Assicuratevi sempre di scegliere tee di alta qualit\u00e0 per garantire un funzionamento sicuro e affidabile.<\/p>","protected":false},"excerpt":{"rendered":"<p>Stainless Steel Tee: Types, Uses, and Benefits Stainless steel tees are an essential component in the world of piping systems, providing an efficient way to branch off or change the direction of the flow in a pipeline. These tees are available in various forms, including stainless steel equal tee, stainless steel reducing tee, stainless steel [&hellip;]<\/p>\n","protected":false},"featured_media":2444,"comment_status":"open","ping_status":"closed","template":"","meta":{"_gspb_post_css":""},"product_brand":[397],"product_cat":[383],"product_tag":[],"class_list":{"0":"post-2443","1":"product","2":"type-product","3":"status-publish","4":"has-post-thumbnail","6":"product_brand-hfittings","7":"product_cat-stainless-steel-pipe-fittings","9":"first","10":"instock","11":"sale","12":"shipping-taxable","13":"purchasable","14":"product-type-simple"},"_links":{"self":[{"href":"https:\/\/hfittings.com\/it\/wp-json\/wp\/v2\/product\/2443","targetHints":{"allow":["GET"]}}],"collection":[{"href":"https:\/\/hfittings.com\/it\/wp-json\/wp\/v2\/product"}],"about":[{"href":"https:\/\/hfittings.com\/it\/wp-json\/wp\/v2\/types\/product"}],"replies":[{"embeddable":true,"href":"https:\/\/hfittings.com\/it\/wp-json\/wp\/v2\/comments?post=2443"}],"wp:featuredmedia":[{"embeddable":true,"href":"https:\/\/hfittings.com\/it\/wp-json\/wp\/v2\/media\/2444"}],"wp:attachment":[{"href":"https:\/\/hfittings.com\/it\/wp-json\/wp\/v2\/media?parent=2443"}],"wp:term":[{"taxonomy":"product_brand","embeddable":true,"href":"https:\/\/hfittings.com\/it\/wp-json\/wp\/v2\/product_brand?post=2443"},{"taxonomy":"product_cat","embeddable":true,"href":"https:\/\/hfittings.com\/it\/wp-json\/wp\/v2\/product_cat?post=2443"},{"taxonomy":"product_tag","embeddable":true,"href":"https:\/\/hfittings.com\/it\/wp-json\/wp\/v2\/product_tag?post=2443"}],"curies":[{"name":"wp","href":"https:\/\/api.w.org\/{rel}","templated":true}]}}