{"id":1387,"date":"2024-12-01T03:48:19","date_gmt":"2024-12-01T03:48:19","guid":{"rendered":"https:\/\/hfittings.com\/home-2\/"},"modified":"2025-02-18T06:35:37","modified_gmt":"2025-02-18T06:35:37","slug":"raccordi-per-tubi","status":"publish","type":"page","link":"https:\/\/hfittings.com\/it\/pipe-fittings\/","title":{"rendered":"Casa"},"content":{"rendered":"<h1 class=\"wp-block-heading\" id=\"pipe-fittings\">Raccordi per tubi<\/h1>\n\n\n\n<p>Huayue Pipe Fitting Co., Ltd., con sede a Cangzhou, nella provincia di Hebei, in Cina, \u00e8 un produttore leader specializzato in raccordi per tubi di alta qualit\u00e0. Con anni di esperienza, siamo diventati un partner di fiducia per i grossisti di tutto il mondo, offrendo una gamma completa di prodotti per soddisfare le diverse esigenze industriali.<\/p>\n\n\n\n<p><strong>La nostra gamma di prodotti<\/strong><\/p>\n\n\n\n<p>Forniamo un'ampia selezione di raccordi per tubi, tra cui:<\/p>\n\n\n\n<ul class=\"wp-block-list\">\n<li><strong>Raccordi per tubi in acciaio al carbonio<\/strong>: I nostri raccordi in acciaio al carbonio, come gomiti, raccordi a T, riduzioni, tappi e flange, sono prodotti in conformit\u00e0 agli standard ASTM A234 WPB, garantendo durata e affidabilit\u00e0 per varie applicazioni. <\/li>\n\n\n\n<li><strong>Raccordi per tubi in acciaio inox<\/strong>: Offriamo raccordi in acciaio inox, tra cui gomiti, raccordi a T, riduzioni, tappi e flange, conformi agli standard ASTM A403 WP304L\/316L, che offrono un'eccellente resistenza alla corrosione per gli ambienti pi\u00f9 difficili.<\/li>\n\n\n\n<li><strong>Curve in acciaio personalizzate<\/strong>: Le nostre curve in acciaio personalizzate sono disponibili in vari raggi, su misura per soddisfare i requisiti specifici del progetto.<\/li>\n\n\n\n<li><strong>Flange<\/strong>: Forniamo una variet\u00e0 di flange, tra cui flange a innesto, a collo di saldatura, cieche e a giunto circolare, adatte a diversi sistemi di tubazioni.<\/li>\n\n\n\n<li><strong>Tubi in acciaio<\/strong>: Forniamo tubi in acciaio sia senza saldatura che saldati, disponibili in varie dimensioni e gradi per adattarsi alle diverse applicazioni.<\/li>\n<\/ul>\n\n\n\n<p><strong>Garanzia di qualit\u00e0<\/strong><\/p>\n\n\n\n<p>Per Huayue la qualit\u00e0 \u00e8 la priorit\u00e0 assoluta. I nostri prodotti sono sottoposti a rigorosi processi di controllo della qualit\u00e0 in ogni fase della produzione, dalla selezione delle materie prime all'ispezione finale. Aderiamo agli standard internazionali, assicurando che i nostri accessori soddisfino i pi\u00f9 alti parametri di qualit\u00e0.<\/p>\n\n\n\n<p><strong>Prezzi competitivi<\/strong><\/p>\n\n\n\n<p>Sfruttando le nostre capacit\u00e0 produttive interne e l'efficiente gestione dei costi, offriamo prezzi competitivi senza compromettere la qualit\u00e0. Questo approccio ci rende un partner ideale per i grossisti che cercano raccordi per tubi affidabili e convenienti.<\/p>\n\n\n\n<p><strong>Consegna rapida<\/strong><\/p>\n\n\n\n<p>Siamo consapevoli dell'importanza della puntualit\u00e0 delle consegne nel settore industriale. Le nostre linee di produzione completamente automatizzate ci consentono di evadere gli ordini con tempestivit\u00e0, assicurando che i nostri clienti ricevano i loro prodotti nei tempi previsti.<\/p>\n\n\n\n<p><strong>Portata globale<\/strong><\/p>\n\n\n\n<p>Grazie a una solida rete di distribuzione, serviamo clienti in tutto il mondo. Il nostro impegno per l'eccellenza ci ha fatto guadagnare la reputazione di fornitore affidabile sul mercato internazionale.<\/p>\n\n\n\n<p><strong>Contatto<\/strong><\/p>\n\n\n\n<p>Per richieste di informazioni o per effettuare un ordine, contattateci a:<\/p>\n\n\n\n<ul class=\"wp-block-list\">\n<li><strong>Email<\/strong>: <a>sales@hfittings.com<\/a><\/li>\n\n\n\n<li><strong>Telefono<\/strong>: +86 18631777030<\/li>\n\n\n\n<li><strong>Indirizzo<\/strong>: Zona industriale di Yinzhuang, contea di Mengcun, citt\u00e0 di Cangzhou, provincia di Hebei, Cina.<\/li>\n<\/ul>\n\n\n\n<p>Vi invitiamo a esplorare la nostra offerta di prodotti e a sperimentare la qualit\u00e0 e il servizio offerti da Huayue Pipe Fitting Co.<\/p>\n\n\n\n<p><\/p>","protected":false},"excerpt":{"rendered":"<p>Cangzhou huayue pipe fitting Co.,ltd qui, un produttore professionale, esportando tubi e raccordi con buona qualit\u00e0 e prezzo competitivo in China.Email:sales@hfittings.com<\/p>","protected":false},"author":1,"featured_media":0,"parent":0,"menu_order":0,"comment_status":"closed","ping_status":"closed","template":"","meta":{"_gspb_post_css":"","footnotes":""},"class_list":["post-1387","page","type-page","status-publish","hentry"],"blocksy_meta":[],"_links":{"self":[{"href":"https:\/\/hfittings.com\/it\/wp-json\/wp\/v2\/pages\/1387","targetHints":{"allow":["GET"]}}],"collection":[{"href":"https:\/\/hfittings.com\/it\/wp-json\/wp\/v2\/pages"}],"about":[{"href":"https:\/\/hfittings.com\/it\/wp-json\/wp\/v2\/types\/page"}],"author":[{"embeddable":true,"href":"https:\/\/hfittings.com\/it\/wp-json\/wp\/v2\/users\/1"}],"replies":[{"embeddable":true,"href":"https:\/\/hfittings.com\/it\/wp-json\/wp\/v2\/comments?post=1387"}],"version-history":[{"count":7,"href":"https:\/\/hfittings.com\/it\/wp-json\/wp\/v2\/pages\/1387\/revisions"}],"predecessor-version":[{"id":2498,"href":"https:\/\/hfittings.com\/it\/wp-json\/wp\/v2\/pages\/1387\/revisions\/2498"}],"wp:attachment":[{"href":"https:\/\/hfittings.com\/it\/wp-json\/wp\/v2\/media?parent=1387"}],"curies":[{"name":"wp","href":"https:\/\/api.w.org\/{rel}","templated":true}]}}