{"id":338,"date":"2024-04-23T16:44:51","date_gmt":"2024-04-23T16:44:51","guid":{"rendered":"https:\/\/startersites.io\/blocksy\/e-bike\/?post_type=product&#038;p=338"},"modified":"2025-03-22T11:40:37","modified_gmt":"2025-03-22T11:40:37","slug":"raccords-de-tuyauterie-en-acier-au-carbone","status":"publish","type":"product","link":"https:\/\/hfittings.com\/fr\/product\/carbon-steel-pipe-fittings\/","title":{"rendered":"Raccords de tuyauterie en acier au carbone"},"content":{"rendered":"<p>HUAYUE pipe fitting co.,ltd est une soci\u00e9t\u00e9 de fabrication en pleine expansion dans le domaine des brides en acier au carbone, des raccords en acier au carbone et des raccords et brides en acier au carbone \u00e0 basse temp\u00e9rature.<\/p>\n<p>Notre riche exp\u00e9rience technique et nos proc\u00e9dures de production organis\u00e9es nous ont permis de devenir l'un des fournisseurs les plus fiables de raccords et de brides en acier au carbone pour les grands chantiers navals, les entreprises de fabrication, les usines chimiques, les raffineries de p\u00e9trole, les fabricants de machines, les entreprises textiles et les entreprises de transport de fluides, entre autres.<\/p>\n<p>En g\u00e9n\u00e9ral, les raccords de tuyauterie et les brides en acier au carbone sont largement utilis\u00e9s pour des applications qui ne n\u00e9cessitent pas de mat\u00e9riaux plus r\u00e9sistants \u00e0 la corrosion, tels que l'acier inoxydable et les alliages de nickel.<\/p>\n<p>Les produits en acier au carbone se corrodent et rouillent facilement s'ils sont expos\u00e9s \u00e0 l'eau.<\/p>\n<p>HUAYUE propose une gamme compl\u00e8te de raccords de tuyauterie tels que les r\u00e9ducteurs en acier au carbone, les coudes en acier au carbone, les t\u00e9s en acier au carbone, les croix en acier au carbone, les embouts en acier au carbone et les coudes de tuyauterie en acier au carbone.<\/p>\n<p>Nos brides forg\u00e9es en acier au carbone ou en acier doux comprennent des brides filet\u00e9es, des brides \u00e0 souder, des brides coulissantes, des brides \u00e0 embo\u00eetement, des brides aveugles, des brides \u00e0 recouvrement et des brides en t\u00f4le.<\/p>\n<p>Nous sommes sp\u00e9cialis\u00e9s dans la fabrication de brides de dimensions et de formes sp\u00e9ciales pour nos clients.<\/p>\n<p>&nbsp;<\/p>\n<p>HUAYUE stocke et fournit \u00e9galement une gamme compl\u00e8te de tubes en acier au carbone sans soudure et soud\u00e9s pour compl\u00e9ter notre gamme existante de raccords et de brides soud\u00e9s bout \u00e0 bout.<\/p>\n<p>Les tubes en acier au carbone peuvent \u00eatre fournis coup\u00e9s \u00e0 la longueur voulue, mais aussi usin\u00e9s ou fabriqu\u00e9s pour r\u00e9pondre \u00e0 vos besoins en mati\u00e8re de tuyauterie.<\/p>\n<figure id=\"attachment_2173\" aria-describedby=\"caption-attachment-2173\" style=\"width: 413px\" class=\"wp-caption alignnone\"><img decoding=\"async\" class=\"wp-image-2173\" title=\"raccords de tuyauterie en acier au carbone\" src=\"https:\/\/hfittings.com\/wp-content\/uploads\/2024\/12\/Carbon-Steel-Pipe-Fittings-300x300.webp\" alt=\"raccords de tuyauterie en acier au carbone\" width=\"413\" height=\"413\" srcset=\"https:\/\/hfittings.com\/wp-content\/uploads\/2024\/12\/Carbon-Steel-Pipe-Fittings-300x300.webp 300w, https:\/\/hfittings.com\/wp-content\/uploads\/2024\/12\/Carbon-Steel-Pipe-Fittings-1024x1024.webp 1024w, https:\/\/hfittings.com\/wp-content\/uploads\/2024\/12\/Carbon-Steel-Pipe-Fittings-150x150.webp 150w, https:\/\/hfittings.com\/wp-content\/uploads\/2024\/12\/Carbon-Steel-Pipe-Fittings-768x768.webp 768w, https:\/\/hfittings.com\/wp-content\/uploads\/2024\/12\/Carbon-Steel-Pipe-Fittings-1000x1000.webp 1000w, https:\/\/hfittings.com\/wp-content\/uploads\/2024\/12\/Carbon-Steel-Pipe-Fittings-500x500.webp 500w, https:\/\/hfittings.com\/wp-content\/uploads\/2024\/12\/Carbon-Steel-Pipe-Fittings.webp 1500w\" sizes=\"(max-width: 413px) 100vw, 413px\" \/><figcaption id=\"caption-attachment-2173\" class=\"wp-caption-text\">raccords de tuyauterie en acier au carbone<\/figcaption><\/figure>\n<p>Description du produit<\/p>\n<p>&nbsp;<\/p>\n<table border=\"1\" width=\"706\">\n<tbody>\n<tr>\n<td colspan=\"2\" valign=\"center\">Produits<\/td>\n<td valign=\"center\">coudes, courbes, r\u00e9ducteurs, t\u00e9s, bouchons, brides<\/td>\n<\/tr>\n<tr>\n<td colspan=\"2\" rowspan=\"2\" valign=\"center\">Taille<\/td>\n<td valign=\"center\">Sans soudure (SMLS) : 1\/2\u2033-24\u2033 , DN15-DN600.<\/td>\n<\/tr>\n<tr>\n<td valign=\"center\">Soudure bout \u00e0 bout : 24\"-72\u2033, DN600-DN1800.<\/td>\n<\/tr>\n<tr>\n<td colspan=\"2\" rowspan=\"2\" valign=\"center\">Type de coude<\/td>\n<td valign=\"center\">LR 30,45,60,90,180 degr\u00e9s ; SR 30,45,60,90,180 degr\u00e9s.<\/td>\n<\/tr>\n<tr>\n<td valign=\"center\">Rayon : 1,0D, 1,5D, 2,0D, 2,5D, 3D,4D,5D,6D...<\/td>\n<\/tr>\n<tr>\n<td colspan=\"2\" valign=\"center\">\u00c9paisseur<\/td>\n<td valign=\"center\">SCH10, SCH20, SCH30, STD SCH40, SCH60, SCH80, SCH100, SCH120,<\/p>\n<p>SCH140, SCH160, XS, XXS.<\/td>\n<\/tr>\n<tr>\n<td colspan=\"2\" rowspan=\"5\" valign=\"center\">Standard<\/td>\n<td valign=\"center\">ASME B16.9, ASTM A234, ASTM A420, ANSI B16.9\/B16.25\/B16.28 ; MSS SP-75<\/td>\n<\/tr>\n<tr>\n<td valign=\"center\">DIN2605-1\/2615\/2616\/2617;<\/td>\n<\/tr>\n<tr>\n<td valign=\"center\">JIS B2311 ,2312,2313 ;<\/td>\n<\/tr>\n<tr>\n<td valign=\"center\">EN 10253-1 ,EN 10253-2, etc.<\/td>\n<\/tr>\n<tr>\n<td valign=\"center\">nous pouvons \u00e9galement produire selon les dessins et les normes fournis par les clients.<\/td>\n<\/tr>\n<tr>\n<td rowspan=\"10\" valign=\"center\">Mat\u00e9riau<\/td>\n<td rowspan=\"3\" valign=\"center\">ASTM<\/td>\n<td valign=\"center\">Acier au carbone (ASTM A234WPB.)<\/td>\n<\/tr>\n<tr>\n<td valign=\"center\">Acier inoxydable (ASTM A403 WP304, 304L, 316, 316L, 321 ect.)<\/td>\n<\/tr>\n<tr>\n<td valign=\"center\">Alloy Steel:A234WP11,A234WP22,A420WPL6,A420WPL3.<\/td>\n<\/tr>\n<tr>\n<td rowspan=\"3\" valign=\"center\">DIN<\/td>\n<td valign=\"center\">Acier au carbone : St37.0, St35.8, St45.8 ;<\/td>\n<\/tr>\n<tr>\n<td valign=\"center\">Stainless steel:1.4301,1.4306,1.4401,1.4571;<\/td>\n<\/tr>\n<tr>\n<td valign=\"center\">Alloy steel:1.7335,1.7380,1.0488(1.0566);<\/td>\n<\/tr>\n<tr>\n<td rowspan=\"3\" valign=\"center\">JIS<\/td>\n<td valign=\"center\">Acier au carbone : PG370, PT410 ;<\/td>\n<\/tr>\n<tr>\n<td valign=\"center\">Stainless steel:SUS304,SUS304L,SUS316,SUS316L,SUS321;<\/td>\n<\/tr>\n<tr>\n<td valign=\"center\">Alloy steel:PA22,PA23,PA24,PA25,PL380;<\/td>\n<\/tr>\n<tr>\n<td valign=\"center\">GB<\/td>\n<td valign=\"center\">10#,20#,20G,23g,20R,Q235,16Mn, 16MnR,1Cr5Mo, 12CrMo<\/td>\n<\/tr>\n<tr>\n<td colspan=\"2\" valign=\"center\">Surface<\/td>\n<td valign=\"center\">Peinture noire, peinture vernie, huile antirouille, galvanisation \u00e0 chaud,<\/p>\n<p>galvanis\u00e9 \u00e0 froid, 3PE, etc.<\/td>\n<\/tr>\n<tr>\n<td colspan=\"2\" valign=\"center\">Applications<\/td>\n<td valign=\"center\">Conduite de fluide \u00e0 basse et moyenne pression, chaudi\u00e8re, p\u00e9trole et gaz naturel<\/p>\n<p>l'industrie du gaz, le forage, l'industrie chimique, l'industrie \u00e9lectrique, la construction navale,<\/p>\n<p>\u00e9quipements et pipelines pour les engrais, structures, produits p\u00e9trochimiques,<\/p>\n<p>l'industrie pharmaceutique, etc.<\/td>\n<\/tr>\n<tr>\n<td colspan=\"2\" valign=\"center\">Paquet<\/td>\n<td valign=\"center\">Film plastique, caisses en bois, palettes en bois, ou sur demande du client<\/td>\n<\/tr>\n<tr>\n<td colspan=\"2\" valign=\"center\">Certificat<\/td>\n<td valign=\"center\">ISO9001:2008, API...<\/td>\n<\/tr>\n<tr>\n<td colspan=\"2\" valign=\"center\">Garantie<\/td>\n<td valign=\"center\">Nous garantissons la qualit\u00e9 du produit pendant 1 an<\/td>\n<\/tr>\n<tr>\n<td colspan=\"2\" valign=\"center\">D\u00e9lai de livraison<\/td>\n<td valign=\"center\">Dans les 7 jours suivant la r\u00e9ception du paiement anticip\u00e9<\/td>\n<\/tr>\n<tr>\n<td colspan=\"2\" valign=\"center\">D\u00e9lai de paiement<\/td>\n<td valign=\"center\">T\/T, L\/C<\/td>\n<\/tr>\n<tr>\n<td colspan=\"2\" valign=\"center\">Avantages<\/td>\n<td valign=\"center\">1. prix raisonnable et excellente qualit\u00e9<\/p>\n<p>2. stock abondant et livraison rapide<\/p>\n<p>3. riche exp\u00e9rience en mati\u00e8re d'approvisionnement et d'exportation, service sinc\u00e8re<\/p>\n<p>4. Transitaire fiable, \u00e0 2 heures du port.<\/td>\n<\/tr>\n<\/tbody>\n<\/table>\n<p>&nbsp;<\/p>\n<p><strong>Marquage et emballage<\/strong><\/p>\n<p>Les produits sont emball\u00e9s de mani\u00e8re \u00e0 ce qu'ils ne soient pas endommag\u00e9s pendant le transport.<\/p>\n<p>En cas d'exportation, l'emballage standard est r\u00e9alis\u00e9 dans des caisses en bois.<\/p>\n<p>Tous les raccords et les brides sont marqu\u00e9s avec le grade, le num\u00e9ro de lot, la taille, le degr\u00e9 et notre marque.<\/p>\n<p>Sur demande sp\u00e9ciale, nous pouvons \u00e9galement r\u00e9aliser un marquage personnalis\u00e9 sur nos produits.<\/p>\n<p><strong>Assurance qualit\u00e9<\/strong><\/p>\n<p>Chez HUAYUE, tous les raccords et brides font l'objet d'une inspection stricte \u00e0 chaque \u00e9tape du processus de production, depuis l'achat des mati\u00e8res premi\u00e8res jusqu'\u00e0 l'exp\u00e9dition du produit.<\/p>\n<p>Ils sont examin\u00e9s visuellement pour v\u00e9rifier leur conformit\u00e9 aux codes et normes ASTM, ASME, MSS, DIN, EN et JIS. Sur demande, des agences d'inspection certifi\u00e9es peuvent \u00eatre appel\u00e9es \u00e0 t\u00e9moigner des rapports sur les mat\u00e9riaux, des dimensions et de la conformit\u00e9 de la qualit\u00e9 des produits.<\/p>\n<div><\/div>","protected":false},"excerpt":{"rendered":"<h4>CANGZHOU HUAYUE PIPE FITTING CO...LTD Fabrication de pipelines \u00e0 Cangzhou, Hebei Chine.<\/h4>\n<h4><\/h4>\n<h4>A234 WPB ACIER DOUX\/ACIER AU CARBONE RACCORDS DE TUYAUTERIE, BRIDES FABRICANT, EXPORTATEUR EN CHINE<\/h4>\n<h4>RACCORDS DE TUYAUTERIE EN ACIER AU CARBONE\/MILIEU FORG\u00c9S, FILET\u00c9S, SOUD\u00c9S BOUT \u00c0 BOUT, BRIDES<\/h4>\n<h4>ASTM A234, ASTM A105, ASTM A420 -ASTM A106 GRADE B, ASTM A516 GRADE 60, 65, 70<\/h4>\n<div><\/div>","protected":false},"featured_media":1157,"comment_status":"open","ping_status":"closed","template":"","meta":{"_gspb_post_css":""},"product_brand":[397],"product_cat":[133],"product_tag":[],"class_list":{"0":"post-338","1":"product","2":"type-product","3":"status-publish","4":"has-post-thumbnail","6":"product_brand-hfittings","7":"product_cat-carbon-steel-pipe-fittings","9":"first","10":"instock","11":"sale","12":"shipping-taxable","13":"purchasable","14":"product-type-simple"},"_links":{"self":[{"href":"https:\/\/hfittings.com\/fr\/wp-json\/wp\/v2\/product\/338","targetHints":{"allow":["GET"]}}],"collection":[{"href":"https:\/\/hfittings.com\/fr\/wp-json\/wp\/v2\/product"}],"about":[{"href":"https:\/\/hfittings.com\/fr\/wp-json\/wp\/v2\/types\/product"}],"replies":[{"embeddable":true,"href":"https:\/\/hfittings.com\/fr\/wp-json\/wp\/v2\/comments?post=338"}],"wp:featuredmedia":[{"embeddable":true,"href":"https:\/\/hfittings.com\/fr\/wp-json\/wp\/v2\/media\/1157"}],"wp:attachment":[{"href":"https:\/\/hfittings.com\/fr\/wp-json\/wp\/v2\/media?parent=338"}],"wp:term":[{"taxonomy":"product_brand","embeddable":true,"href":"https:\/\/hfittings.com\/fr\/wp-json\/wp\/v2\/product_brand?post=338"},{"taxonomy":"product_cat","embeddable":true,"href":"https:\/\/hfittings.com\/fr\/wp-json\/wp\/v2\/product_cat?post=338"},{"taxonomy":"product_tag","embeddable":true,"href":"https:\/\/hfittings.com\/fr\/wp-json\/wp\/v2\/product_tag?post=338"}],"curies":[{"name":"wp","href":"https:\/\/api.w.org\/{rel}","templated":true}]}}