{"id":2860,"date":"2025-04-01T07:25:14","date_gmt":"2025-04-01T07:25:14","guid":{"rendered":"https:\/\/hfittings.com\/?post_type=product&#038;p=2860"},"modified":"2025-04-28T07:58:48","modified_gmt":"2025-04-28T07:58:48","slug":"so-flange","status":"publish","type":"product","link":"https:\/\/hfittings.com\/fr\/product\/so-flange\/","title":{"rendered":"Bride SO"},"content":{"rendered":"<h1 class=\"\" data-start=\"76\" data-end=\"153\">Bride \u00e0 embo\u00eetement : Un guide complet sur la conception, les avantages et les applications<\/h1>\n<p class=\"\" data-start=\"155\" data-end=\"545\">La bride \u00e0 embo\u00eetement - souvent appel\u00e9e bride SO - est con\u00e7ue pour glisser sur un tuyau, gr\u00e2ce \u00e0 son diam\u00e8tre int\u00e9rieur l\u00e9g\u00e8rement sup\u00e9rieur au diam\u00e8tre ext\u00e9rieur du tuyau. Cette caract\u00e9ristique de conception permet d'ins\u00e9rer facilement le tuyau dans la bride avant de le fixer \u00e0 l'aide de soudures d'angle sur le dessus et le dessous. Il en r\u00e9sulte une connexion fiable et efficace entre la tuyauterie et l'\u00e9quipement.<\/p>\n<figure id=\"attachment_2861\" aria-describedby=\"caption-attachment-2861\" style=\"width: 300px\" class=\"wp-caption alignnone\"><img decoding=\"async\" class=\"wp-image-2861 size-medium\" title=\"Bride SO Bride \u00e0 embo\u00eetement\" src=\"https:\/\/hfittings.com\/wp-content\/uploads\/2025\/04\/slip-on-flange-300x142.jpg\" alt=\"Bride SO Bride \u00e0 embo\u00eetement\" width=\"300\" height=\"142\" srcset=\"https:\/\/hfittings.com\/wp-content\/uploads\/2025\/04\/slip-on-flange-300x142.jpg 300w, https:\/\/hfittings.com\/wp-content\/uploads\/2025\/04\/slip-on-flange-1024x483.jpg 1024w, https:\/\/hfittings.com\/wp-content\/uploads\/2025\/04\/slip-on-flange-768x362.jpg 768w, https:\/\/hfittings.com\/wp-content\/uploads\/2025\/04\/slip-on-flange-18x8.jpg 18w, https:\/\/hfittings.com\/wp-content\/uploads\/2025\/04\/slip-on-flange-1000x472.jpg 1000w, https:\/\/hfittings.com\/wp-content\/uploads\/2025\/04\/slip-on-flange.jpg 1280w\" sizes=\"(max-width: 300px) 100vw, 300px\" \/><figcaption id=\"caption-attachment-2861\" class=\"wp-caption-text\">Bride SO Bride \u00e0 embo\u00eetement<\/figcaption><\/figure>\n<h2 class=\"\" data-start=\"547\" data-end=\"569\">Principales caract\u00e9ristiques de la conception<\/h2>\n<h3 class=\"\" data-start=\"571\" data-end=\"598\">Construction innovante<\/h3>\n<p class=\"\" data-start=\"599\" data-end=\"869\">Les brides \u00e0 embo\u00eeter pr\u00e9sentent une face plate et simple. Leur conception permet d'enfiler la bride sur le tuyau sans effort, puis de la souder en place. Cette m\u00e9thode de construction garantit un alignement direct et simplifie l'ensemble du processus d'installation.<\/p>\n<h3 class=\"\" data-start=\"871\" data-end=\"900\">Processus d'installation facile<\/h3>\n<p class=\"\" data-start=\"901\" data-end=\"1205\">L'un des principaux avantages des brides \u00e0 embo\u00eeter est leur facilit\u00e9 d'installation. Comme ces brides ne n\u00e9cessitent pas un alignement parfait d'un bout \u00e0 l'autre, les installateurs peuvent les positionner rapidement et les fixer par soudage d'angle. Cela permet non seulement de gagner du temps, mais aussi de r\u00e9duire le risque d'erreurs d'alignement.<\/p>\n<h3 class=\"\" data-start=\"1207\" data-end=\"1233\">Applications polyvalentes<\/h3>\n<p class=\"\" data-start=\"1234\" data-end=\"1506\">Couramment utilis\u00e9es dans les syst\u00e8mes \u00e0 basse pression, les brides \u00e0 glissement sont id\u00e9ales pour une vari\u00e9t\u00e9 d'industries telles que le p\u00e9trole et le gaz, le traitement de l'eau et le traitement chimique. Leur conception est adapt\u00e9e aux exigences des syst\u00e8mes de fluides o\u00f9 les pressions extr\u00eames ne sont pas une pr\u00e9occupation majeure.<\/p>\n<h3 class=\"\" data-start=\"1508\" data-end=\"1535\">Une solution rentable<\/h3>\n<p class=\"\" data-start=\"1536\" data-end=\"1749\">Compar\u00e9es \u00e0 des solutions plus complexes telles que les brides \u00e0 collet soud\u00e9, les brides \u00e0 embo\u00eeter offrent une solution plus \u00e9conomique. Leur conception plus simple et leur installation moins exigeante en main-d'\u0153uvre contribuent \u00e0 r\u00e9duire les co\u00fbts globaux du projet.<\/p>\n<h3 class=\"\" data-start=\"1751\" data-end=\"1771\">Vari\u00e9t\u00e9 de mat\u00e9riaux<\/h3>\n<p class=\"\" data-start=\"1772\" data-end=\"2002\">Les brides \u00e0 embo\u00eeter peuvent \u00eatre fabriqu\u00e9es \u00e0 partir de diff\u00e9rents mat\u00e9riaux, notamment l'acier au carbone, l'acier inoxydable et divers alliages. Cette flexibilit\u00e9 leur permet d'\u00eatre utilis\u00e9es dans divers environnements en fonction des exigences sp\u00e9cifiques de l'application.<\/p>\n<h3 class=\"\" data-start=\"2004\" data-end=\"2041\">Limites de l'utilisation \u00e0 haute pression<\/h3>\n<p class=\"\" data-start=\"2042\" data-end=\"2287\">Malgr\u00e9 leurs avantages, les brides \u00e0 glissement ne sont g\u00e9n\u00e9ralement pas recommand\u00e9es pour les applications \u00e0 haute pression. Leur conception - en particulier le recours \u00e0 des joints soud\u00e9s - peut ne pas offrir le m\u00eame niveau d'int\u00e9grit\u00e9 que d'autres types de brides dans des conditions extr\u00eames.<\/p>\n<figure id=\"attachment_2862\" aria-describedby=\"caption-attachment-2862\" style=\"width: 300px\" class=\"wp-caption alignnone\"><img decoding=\"async\" class=\"size-medium wp-image-2862\" src=\"https:\/\/hfittings.com\/wp-content\/uploads\/2025\/04\/SO-flange-300x247.png\" alt=\"Bride SO\" width=\"300\" height=\"247\" srcset=\"https:\/\/hfittings.com\/wp-content\/uploads\/2025\/04\/SO-flange-300x247.png 300w, https:\/\/hfittings.com\/wp-content\/uploads\/2025\/04\/SO-flange-15x12.png 15w, https:\/\/hfittings.com\/wp-content\/uploads\/2025\/04\/SO-flange.png 550w\" sizes=\"(max-width: 300px) 100vw, 300px\" \/><figcaption id=\"caption-attachment-2862\" class=\"wp-caption-text\">Bride SO<\/figcaption><\/figure>\n<h2 class=\"\" data-start=\"2289\" data-end=\"2319\">Gamme de produits et normes<\/h2>\n<h3 class=\"\" data-start=\"2321\" data-end=\"2339\">Sp\u00e9cifications<\/h3>\n<ul data-start=\"2340\" data-end=\"2735\">\n<li class=\"\" data-start=\"2340\" data-end=\"2428\">\n<p class=\"\" data-start=\"2342\" data-end=\"2428\"><strong data-start=\"2342\" data-end=\"2356\">Normes :<\/strong> ASTM A105 pour l'acier au carbone et ASTM A182 pour l'acier alli\u00e9 et inoxydable.<\/p>\n<\/li>\n<li class=\"\" data-start=\"2429\" data-end=\"2500\">\n<p class=\"\" data-start=\"2431\" data-end=\"2500\"><strong data-start=\"2431\" data-end=\"2452\">Options de mat\u00e9riaux :<\/strong> Acier au carbone, acier alli\u00e9 et acier inoxydable.<\/p>\n<\/li>\n<li class=\"\" data-start=\"2501\" data-end=\"2592\">\n<p class=\"\" data-start=\"2503\" data-end=\"2592\"><strong data-start=\"2503\" data-end=\"2518\">Gamme de tailles :<\/strong> Dimensions standard de 1\/2\u2033 \u00e0 24\u2033, avec des options personnalis\u00e9es disponibles jusqu'\u00e0 60\u2033.<\/p>\n<\/li>\n<li class=\"\" data-start=\"2593\" data-end=\"2657\">\n<p class=\"\" data-start=\"2595\" data-end=\"2657\"><strong data-start=\"2595\" data-end=\"2616\">Pression nominale :<\/strong> Disponible de la classe 150 \u00e0 la classe 2500.<\/p>\n<\/li>\n<li class=\"\" data-start=\"2658\" data-end=\"2735\">\n<p class=\"\" data-start=\"2660\" data-end=\"2735\"><strong data-start=\"2660\" data-end=\"2675\">Types de visage :<\/strong> Les options comprennent les joints \u00e0 face sur\u00e9lev\u00e9e (RF) et les joints \u00e0 anneau (RTJ).<\/p>\n<\/li>\n<\/ul>\n<h3 class=\"\" data-start=\"2737\" data-end=\"2764\">Normes internationales<\/h3>\n<p class=\"\" data-start=\"2765\" data-end=\"2965\">Les brides \u00e0 embo\u00eeter sont \u00e9galement fabriqu\u00e9es conform\u00e9ment aux normes internationales telles que ASME B16.5 pour les brides de tuyauterie, BS 3293 et DIN 86029, ce qui garantit la qualit\u00e9 et la coh\u00e9rence sur les diff\u00e9rents march\u00e9s.<\/p>\n<h2 class=\"\" data-start=\"2967\" data-end=\"3000\">M\u00e9thodes de soudage et types de faces<\/h2>\n<h3 class=\"\" data-start=\"3002\" data-end=\"3022\">Variantes de soudage<\/h3>\n<p class=\"\" data-start=\"3023\" data-end=\"3080\">Il existe deux grandes cat\u00e9gories de brides \u00e0 embo\u00eeter :<\/p>\n<ul data-start=\"3081\" data-end=\"3377\">\n<li class=\"\" data-start=\"3081\" data-end=\"3194\">\n<p class=\"\" data-start=\"3083\" data-end=\"3194\"><strong data-start=\"3083\" data-end=\"3116\">Brides \u00e0 embo\u00eetement \u00e0 plaques soud\u00e9es :<\/strong> Id\u00e9al pour les applications o\u00f9 la facilit\u00e9 d'installation et le co\u00fbt sont des facteurs importants.<\/p>\n<\/li>\n<li class=\"\" data-start=\"3195\" data-end=\"3377\">\n<p class=\"\" data-start=\"3197\" data-end=\"3377\"><strong data-start=\"3197\" data-end=\"3236\">Brides \u00e0 embo\u00eetement soud\u00e9es pour tubes \u00e0 moyeu :<\/strong> Elles offrent des propri\u00e9t\u00e9s m\u00e9caniques interm\u00e9diaires entre les brides int\u00e9grales et les brides libres, offrant un \u00e9quilibre entre la r\u00e9sistance et la facilit\u00e9 d'utilisation.<\/p>\n<\/li>\n<\/ul>\n<h3 class=\"\" data-start=\"3379\" data-end=\"3395\">Dessins de visage<\/h3>\n<ul data-start=\"3396\" data-end=\"3899\">\n<li class=\"\" data-start=\"3396\" data-end=\"3645\">\n<p class=\"\" data-start=\"3398\" data-end=\"3645\"><strong data-start=\"3398\" data-end=\"3427\">Brides \u00e0 face sur\u00e9lev\u00e9e (RF) :<\/strong> Dot\u00e9es d'une l\u00e9g\u00e8re protub\u00e9rance sur la surface int\u00e9rieure, ces brides sont con\u00e7ues pour am\u00e9liorer l'assise du joint et les performances d'\u00e9tanch\u00e9it\u00e9. La hauteur de la face sur\u00e9lev\u00e9e augmente g\u00e9n\u00e9ralement avec les pressions nominales plus \u00e9lev\u00e9es.<\/p>\n<\/li>\n<li class=\"\" data-start=\"3646\" data-end=\"3899\">\n<p class=\"\" data-start=\"3648\" data-end=\"3899\"><strong data-start=\"3648\" data-end=\"3664\">Brides RTJ :<\/strong> Avec une rainure usin\u00e9e avec pr\u00e9cision sur la face sur\u00e9lev\u00e9e, les brides RTJ sont con\u00e7ues pour les applications \u00e0 haute pression. La rainure permet de placer en toute s\u00e9curit\u00e9 une bague d'\u00e9tanch\u00e9it\u00e9, ce qui garantit une meilleure \u00e9tanch\u00e9it\u00e9 par rapport \u00e0 la conception RF standard.<\/p>\n<\/li>\n<\/ul>\n<h2 class=\"\" data-start=\"3901\" data-end=\"3959\">Dimensions, pressions nominales et m\u00e9thodes de fabrication<\/h2>\n<h3 class=\"\" data-start=\"3961\" data-end=\"4003\">Dimensions et classes de pression courantes<\/h3>\n<p class=\"\" data-start=\"4004\" data-end=\"4318\">Les brides \u00e0 embo\u00eeter sont disponibles dans des diam\u00e8tres ext\u00e9rieurs courants allant de 1\/2\u2033 \u00e0 24\u2033, avec des commandes sp\u00e9ciales allant jusqu'\u00e0 60\u2033. Elles couvrent un large \u00e9ventail de classes de pression, notamment les classes 150, 300, 400, 600, 900, 1500 et 2500 (exprim\u00e9es en # ou LB). Ces valeurs nominales correspondent \u00e0 des num\u00e9ros de pression (PN) allant de 2,5 \u00e0 250.<\/p>\n<h3 class=\"\" data-start=\"4320\" data-end=\"4348\">Techniques de fabrication<\/h3>\n<p class=\"\" data-start=\"4349\" data-end=\"4400\">Les brides \u00e0 embo\u00eeter sont produites selon plusieurs m\u00e9thodes :<\/p>\n<ul data-start=\"4401\" data-end=\"4676\">\n<li class=\"\" data-start=\"4401\" data-end=\"4512\">\n<p class=\"\" data-start=\"4403\" data-end=\"4512\"><strong data-start=\"4403\" data-end=\"4415\">Forgeage :<\/strong> Elles offrent la meilleure qualit\u00e9, ce qui en fait les brides les plus utilis\u00e9es malgr\u00e9 leur co\u00fbt plus \u00e9lev\u00e9.<\/p>\n<\/li>\n<li class=\"\" data-start=\"4513\" data-end=\"4676\">\n<p class=\"\" data-start=\"4515\" data-end=\"4676\"><strong data-start=\"4515\" data-end=\"4545\">D\u00e9coupage et moulage de l'acier :<\/strong> Ces m\u00e9thodes offrent des options suppl\u00e9mentaires pour des applications sp\u00e9cifiques, permettant une flexibilit\u00e9 dans la production en fonction des besoins du projet.<\/p>\n<\/li>\n<\/ul>\n<h2 class=\"\" data-start=\"4678\" data-end=\"4707\">Avantages et comparaisons<\/h2>\n<h3 class=\"\" data-start=\"4709\" data-end=\"4740\">Avantages des brides \u00e0 embo\u00eetement<\/h3>\n<ul data-start=\"4741\" data-end=\"5053\">\n<li class=\"\" data-start=\"4741\" data-end=\"4835\">\n<p class=\"\" data-start=\"4743\" data-end=\"4835\"><strong data-start=\"4743\" data-end=\"4772\">R\u00e9duction des co\u00fbts d'installation :<\/strong> L'alignement et le soudage simplifi\u00e9s r\u00e9duisent \u00e0 la fois le temps et les co\u00fbts.<\/p>\n<\/li>\n<li class=\"\" data-start=\"4836\" data-end=\"4933\">\n<p class=\"\" data-start=\"4838\" data-end=\"4933\"><strong data-start=\"4838\" data-end=\"4868\">Fiabilit\u00e9 accrue des joints :<\/strong> La double soudure (int\u00e9rieure et ext\u00e9rieure) offre une pr\u00e9vention robuste des fuites.<\/p>\n<\/li>\n<li class=\"\" data-start=\"4934\" data-end=\"5053\">\n<p class=\"\" data-start=\"4936\" data-end=\"5053\"><strong data-start=\"4936\" data-end=\"4965\">Temps de fabrication r\u00e9duit :<\/strong> La possibilit\u00e9 de glisser le tube dans la bride minimise la n\u00e9cessit\u00e9 d'une coupe de pr\u00e9cision.<\/p>\n<\/li>\n<\/ul>\n<h3 class=\"\" data-start=\"5055\" data-end=\"5092\">Comparaison avec les brides \u00e0 col soud\u00e9<\/h3>\n<ul data-start=\"5093\" data-end=\"5701\">\n<li class=\"\" data-start=\"5093\" data-end=\"5218\">\n<p class=\"\" data-start=\"5095\" data-end=\"5218\"><strong data-start=\"5095\" data-end=\"5117\">R\u00e9sistance \u00e0 la pression :<\/strong> La capacit\u00e9 de pression interne d'une bride \u00e0 glissement est d'environ deux tiers de celle d'une bride \u00e0 collet soud\u00e9.<\/p>\n<\/li>\n<li class=\"\" data-start=\"5219\" data-end=\"5341\">\n<p class=\"\" data-start=\"5221\" data-end=\"5341\"><strong data-start=\"5221\" data-end=\"5236\">Durabilit\u00e9 :<\/strong> Les brides \u00e0 embo\u00eeter ont g\u00e9n\u00e9ralement une dur\u00e9e de vie plus courte - environ un tiers de celle des brides \u00e0 collet soud\u00e9.<\/p>\n<\/li>\n<li class=\"\" data-start=\"5342\" data-end=\"5517\">\n<p class=\"\" data-start=\"5344\" data-end=\"5517\"><strong data-start=\"5344\" data-end=\"5369\">Exigences en mati\u00e8re de soudage :<\/strong> Elles n\u00e9cessitent deux soudures d'angle (une de chaque c\u00f4t\u00e9) et il faut veiller \u00e0 laisser un espace entre l'extr\u00e9mit\u00e9 du tuyau et la bride pour \u00e9viter d'endommager la face.<\/p>\n<\/li>\n<li class=\"\" data-start=\"5518\" data-end=\"5701\">\n<p class=\"\" data-start=\"5520\" data-end=\"5701\"><strong data-start=\"5520\" data-end=\"5549\">Contraintes d'installation :<\/strong> Comme la bride doit d'abord glisser sur le tuyau, les combinaisons telles que bride-plus-coude ou bride-plus-t\u00e9moin ne sont pas r\u00e9alisables en raison des probl\u00e8mes de d\u00e9salignement.<\/p>\n<\/li>\n<\/ul>\n<h2 class=\"\" data-start=\"5703\" data-end=\"5716\">Conclusion<\/h2>\n<p class=\"\" data-start=\"5718\" data-end=\"6242\">Les brides \u00e0 embo\u00eeter offrent un excellent \u00e9quilibre entre simplicit\u00e9, rentabilit\u00e9 et performance dans les syst\u00e8mes de tuyauterie \u00e0 basse pression. Bien qu'elles ne soient pas id\u00e9ales pour les environnements \u00e0 haute pression, leur facilit\u00e9 d'installation et la polyvalence des mat\u00e9riaux en font un choix populaire pour de nombreuses applications industrielles. Les ing\u00e9nieurs et les chefs de projet doivent \u00e9valuer les avantages par rapport aux limitations potentielles lorsqu'ils choisissent entre les brides \u00e0 glissement et d'autres types de brides, en s'assurant que le produit s\u00e9lectionn\u00e9 r\u00e9pond \u00e0 la fois aux exigences de performance et aux exigences budg\u00e9taires.<\/p>","protected":false},"excerpt":{"rendered":"<p>Slip-On Flange: A Comprehensive Guide on Design, Benefits, and Applications Slip-on flange\u2014often referred to as an SO flange\u2014is engineered to slide over a pipe, thanks to its inner diameter being slightly larger than the pipe&#8217;s outer diameter. This design feature allows the pipe to be easily inserted into the flange before being secured with fillet [&hellip;]<\/p>\n","protected":false},"featured_media":2861,"comment_status":"open","ping_status":"closed","template":"","meta":{"_gspb_post_css":""},"product_brand":[],"product_cat":[394],"product_tag":[],"class_list":{"0":"post-2860","1":"product","2":"type-product","3":"status-publish","4":"has-post-thumbnail","6":"product_cat-flange","8":"first","9":"instock","10":"sale","11":"shipping-taxable","12":"purchasable","13":"product-type-simple"},"_links":{"self":[{"href":"https:\/\/hfittings.com\/fr\/wp-json\/wp\/v2\/product\/2860","targetHints":{"allow":["GET"]}}],"collection":[{"href":"https:\/\/hfittings.com\/fr\/wp-json\/wp\/v2\/product"}],"about":[{"href":"https:\/\/hfittings.com\/fr\/wp-json\/wp\/v2\/types\/product"}],"replies":[{"embeddable":true,"href":"https:\/\/hfittings.com\/fr\/wp-json\/wp\/v2\/comments?post=2860"}],"wp:featuredmedia":[{"embeddable":true,"href":"https:\/\/hfittings.com\/fr\/wp-json\/wp\/v2\/media\/2861"}],"wp:attachment":[{"href":"https:\/\/hfittings.com\/fr\/wp-json\/wp\/v2\/media?parent=2860"}],"wp:term":[{"taxonomy":"product_brand","embeddable":true,"href":"https:\/\/hfittings.com\/fr\/wp-json\/wp\/v2\/product_brand?post=2860"},{"taxonomy":"product_cat","embeddable":true,"href":"https:\/\/hfittings.com\/fr\/wp-json\/wp\/v2\/product_cat?post=2860"},{"taxonomy":"product_tag","embeddable":true,"href":"https:\/\/hfittings.com\/fr\/wp-json\/wp\/v2\/product_tag?post=2860"}],"curies":[{"name":"wp","href":"https:\/\/api.w.org\/{rel}","templated":true}]}}