{"id":2490,"date":"2025-02-17T02:32:32","date_gmt":"2025-02-17T02:32:32","guid":{"rendered":"https:\/\/hfittings.com\/?post_type=product&#038;p=2490"},"modified":"2025-03-24T09:00:56","modified_gmt":"2025-03-24T09:00:56","slug":"coudes-pour-tubes-dacier","status":"publish","type":"product","link":"https:\/\/hfittings.com\/fr\/product\/steel-pipe-bends\/","title":{"rendered":"Coudes pour tubes d'acier"},"content":{"rendered":"<h2 data-start=\"0\" data-end=\"52\"><strong data-start=\"0\" data-end=\"52\">Coudes pour tubes en acier : Vue d'ensemble des produits<\/strong><\/h2>\n<p data-start=\"54\" data-end=\"298\">Les coudes en acier sont des composants essentiels des syst\u00e8mes de tuyauterie, facilitant la r\u00e9orientation du flux de fluide pour r\u00e9pondre \u00e0 diverses exigences op\u00e9rationnelles. Ils sont disponibles dans de multiples normes et configurations pour r\u00e9pondre aux divers besoins de l'industrie.<\/p>\n<figure id=\"attachment_2491\" aria-describedby=\"caption-attachment-2491\" style=\"width: 300px\" class=\"wp-caption alignnone\"><img decoding=\"async\" class=\"size-medium wp-image-2491\" src=\"https:\/\/hfittings.com\/wp-content\/uploads\/2025\/02\/steel-pipe-bends-300x300.webp\" alt=\"coudes pour tubes d&#039;acier\" width=\"300\" height=\"300\" srcset=\"https:\/\/hfittings.com\/wp-content\/uploads\/2025\/02\/steel-pipe-bends-300x300.webp 300w, https:\/\/hfittings.com\/wp-content\/uploads\/2025\/02\/steel-pipe-bends-150x150.webp 150w, https:\/\/hfittings.com\/wp-content\/uploads\/2025\/02\/steel-pipe-bends-500x500.webp 500w, https:\/\/hfittings.com\/wp-content\/uploads\/2025\/02\/steel-pipe-bends.webp 600w\" sizes=\"(max-width: 300px) 100vw, 300px\" \/><figcaption id=\"caption-attachment-2491\" class=\"wp-caption-text\">coudes pour tubes d'acier<\/figcaption><\/figure>\n<p data-start=\"300\" data-end=\"333\"><strong data-start=\"300\" data-end=\"333\">Normes et sp\u00e9cifications :<\/strong><\/p>\n<ul data-start=\"335\" data-end=\"1349\">\n<li data-start=\"335\" data-end=\"555\">\n<p data-start=\"337\" data-end=\"555\"><strong data-start=\"337\" data-end=\"370\">Cintrage de tube ASTM\/ASME A234 WPB :<\/strong> Fabriqu\u00e9s en acier au carbone, ces coudes sont conformes aux normes ASTM A234 WPB, ce qui garantit leur durabilit\u00e9 et leur fiabilit\u00e9 dans les applications \u00e0 haute pression.<\/p>\n<\/li>\n<li data-start=\"557\" data-end=\"709\">\n<p data-start=\"559\" data-end=\"709\"><strong data-start=\"559\" data-end=\"588\">Cintrage de tube ASTM\/ASME A860 :<\/strong> Con\u00e7us pour des applications \u00e0 haute r\u00e9sistance, ces coudes sont conformes aux normes ASTM A860 et conviennent aux environnements exigeants.<\/p>\n<\/li>\n<li data-start=\"711\" data-end=\"857\">\n<p data-start=\"713\" data-end=\"857\"><strong data-start=\"713\" data-end=\"737\">MSS-SP-75 Pipe Bend :<\/strong> Conformes \u00e0 la sp\u00e9cification MSS-SP-75, ces coudes sont con\u00e7us pour des applications \u00e0 basse pression et r\u00e9sistantes \u00e0 la corrosion.<\/p>\n<\/li>\n<li data-start=\"859\" data-end=\"1059\">\n<p data-start=\"861\" data-end=\"1059\"><strong data-start=\"861\" data-end=\"906\">WPHY Grades (42, 46, 52, 56, 60, 65, 70) :<\/strong> Ces coudes sont fabriqu\u00e9s \u00e0 partir d'acier au carbone de qualit\u00e9 WPHY 42 \u00e0 WPHY 70, chacun offrant des limites d'\u00e9lasticit\u00e9 diff\u00e9rentes pour r\u00e9pondre \u00e0 des exigences de pression sp\u00e9cifiques.<\/p>\n<\/li>\n<li data-start=\"1061\" data-end=\"1212\">\n<p data-start=\"1063\" data-end=\"1212\"><strong data-start=\"1063\" data-end=\"1099\">Cintrage de tubes d'acier \u00e0 basse temp\u00e9rature :<\/strong> Con\u00e7us pour des applications \u00e0 basse temp\u00e9rature, ces coudes conservent leur int\u00e9grit\u00e9 structurelle dans des conditions extr\u00eames.<\/p>\n<\/li>\n<li data-start=\"1214\" data-end=\"1349\">\n<p data-start=\"1216\" data-end=\"1349\"><strong data-start=\"1216\" data-end=\"1250\">Coudes A420 WPL3 et WPL6 :<\/strong> Ces coudes sont fabriqu\u00e9s en acier au carbone de qualit\u00e9 WPL3 et WPL6, adapt\u00e9 aux basses temp\u00e9ratures.<\/p>\n<\/li>\n<\/ul>\n<p data-start=\"1351\" data-end=\"1381\"><strong data-start=\"1351\" data-end=\"1381\">Types de coudes pour tubes en acier :<\/strong><\/p>\n<ul data-start=\"1383\" data-end=\"2765\">\n<li data-start=\"1383\" data-end=\"1532\">\n<p data-start=\"1385\" data-end=\"1532\"><strong data-start=\"1385\" data-end=\"1404\">Les coudes \u00e0 cochons :<\/strong> Con\u00e7u pour permettre le passage des jauges d'inspection des pipelines (pigs), ce qui garantit la faisabilit\u00e9 des op\u00e9rations d'entretien et de nettoyage.<\/p>\n<\/li>\n<li data-start=\"1534\" data-end=\"1738\">\n<p data-start=\"1536\" data-end=\"1738\"><strong data-start=\"1536\" data-end=\"1552\">Pliage en onglet :<\/strong> Construits en soudant plusieurs sections droites de tuyaux \u00e0 des angles, ces coudes sont rentables pour les tuyaux de grand diam\u00e8tre, mais peuvent avoir des pertes de charge plus \u00e9lev\u00e9es en raison de l'augmentation des turbulences.<\/p>\n<\/li>\n<li data-start=\"1740\" data-end=\"1952\">\n<p data-start=\"1742\" data-end=\"1952\"><strong data-start=\"1742\" data-end=\"1762\">Courbes 3D et 5D :<\/strong> En ce qui concerne le rayon de courbure, les coudes 3D et 5D ont un rayon trois et cinq fois sup\u00e9rieur au diam\u00e8tre du tuyau, respectivement, ce qui permet un \u00e9coulement plus r\u00e9gulier et une perte de pression r\u00e9duite par rapport aux coudes standard.<\/p>\n<\/li>\n<li data-start=\"1954\" data-end=\"2111\">\n<p data-start=\"1956\" data-end=\"2111\"><strong data-start=\"1956\" data-end=\"1976\">Pliage par induction :<\/strong> Fabriqu\u00e9s par chauffage par induction, ces coudes offrent un contr\u00f4le pr\u00e9cis du rayon et de l'angle de courbure et conviennent aux tuyaux de grand diam\u00e8tre.<\/p>\n<\/li>\n<li data-start=\"2113\" data-end=\"2340\">\n<p data-start=\"2115\" data-end=\"2340\"><strong data-start=\"2115\" data-end=\"2154\">Coudes \u00e0 rayon long et \u00e0 rayon court :<\/strong> Les coudes \u00e0 long rayon ont un rayon de courbure \u00e9gal \u00e0 1,5 fois le diam\u00e8tre du tuyau, tandis que les coudes \u00e0 court rayon ont un rayon \u00e9gal au diam\u00e8tre du tuyau, ce qui permet des virages plus serr\u00e9s dans les espaces restreints.<\/p>\n<\/li>\n<li data-start=\"2342\" data-end=\"2457\">\n<p data-start=\"2344\" data-end=\"2457\"><strong data-start=\"2344\" data-end=\"2356\">J Courbes :<\/strong> Caract\u00e9ris\u00e9s par une courbure de 180 degr\u00e9s, les coudes en J sont utilis\u00e9s pour changer la direction de l'\u00e9coulement de 180 degr\u00e9s.<\/p>\n<\/li>\n<li data-start=\"2459\" data-end=\"2595\">\n<p data-start=\"2461\" data-end=\"2595\"><strong data-start=\"2461\" data-end=\"2480\">Coudes sans soudure :<\/strong> Fabriqu\u00e9s sans soudure, les coudes sans soudure offrent une r\u00e9sistance sup\u00e9rieure et sont id\u00e9aux pour les applications \u00e0 haute pression.<\/p>\n<\/li>\n<li data-start=\"2597\" data-end=\"2765\">\n<p data-start=\"2599\" data-end=\"2765\"><strong data-start=\"2599\" data-end=\"2620\">Courbes personnalis\u00e9es :<\/strong> Adapt\u00e9s aux exigences sp\u00e9cifiques du projet, ces coudes peuvent \u00eatre produits dans diff\u00e9rents angles, rayons et mat\u00e9riaux pour r\u00e9pondre \u00e0 des besoins op\u00e9rationnels uniques.<\/p>\n<\/li>\n<\/ul>\n<p data-start=\"2767\" data-end=\"2781\"><strong data-start=\"2767\" data-end=\"2781\">Mat\u00e9riaux :<\/strong><\/p>\n<ul data-start=\"2783\" data-end=\"3273\">\n<li data-start=\"2783\" data-end=\"2945\">\n<p data-start=\"2785\" data-end=\"2945\"><strong data-start=\"2785\" data-end=\"2808\">Acier au carbone Coudes :<\/strong> Ces coudes sont fabriqu\u00e9s en acier au carbone, ce qui leur conf\u00e8re r\u00e9sistance et durabilit\u00e9 pour diverses applications.<\/p>\n<\/li>\n<li data-start=\"2947\" data-end=\"3107\">\n<p data-start=\"2949\" data-end=\"3107\"><strong data-start=\"2949\" data-end=\"2975\">Acier inoxydable Coudes :<\/strong> Fabriqu\u00e9s en acier inoxydable, ces coudes offrent une excellente r\u00e9sistance \u00e0 la corrosion, ce qui les rend adapt\u00e9s aux environnements difficiles.<\/p>\n<\/li>\n<li data-start=\"3109\" data-end=\"3273\">\n<p data-start=\"3111\" data-end=\"3273\"><strong data-start=\"3111\" data-end=\"3131\">Coudes soud\u00e9s bout \u00e0 bout :<\/strong> Con\u00e7us pour \u00eatre soud\u00e9s bout \u00e0 bout, ces coudes assurent une connexion solide et \u00e9tanche dans les syst\u00e8mes de tuyauterie.<\/p>\n<\/li>\n<\/ul>\n<p data-start=\"3275\" data-end=\"3292\"><strong data-start=\"3275\" data-end=\"3292\">Applications :<\/strong><\/p>\n<p data-start=\"3294\" data-end=\"3361\">Les coudes pour tubes d'acier sont utilis\u00e9s dans diverses industries, notamment :<\/p>\n<ul data-start=\"3363\" data-end=\"3672\">\n<li data-start=\"3363\" data-end=\"3444\">\n<p data-start=\"3365\" data-end=\"3444\"><strong data-start=\"3365\" data-end=\"3381\">P\u00e9trole et gaz :<\/strong> Pour le transport de p\u00e9trole brut, de gaz naturel et de produits raffin\u00e9s.<\/p>\n<\/li>\n<li data-start=\"3446\" data-end=\"3530\">\n<p data-start=\"3448\" data-end=\"3530\"><strong data-start=\"3448\" data-end=\"3472\">Traitement chimique :<\/strong> Dans les syst\u00e8mes n\u00e9cessitant le d\u00e9placement de produits chimiques et de gaz.<\/p>\n<\/li>\n<li data-start=\"3532\" data-end=\"3592\">\n<p data-start=\"3534\" data-end=\"3592\"><strong data-start=\"3534\" data-end=\"3555\">Production d'\u00e9lectricit\u00e9 :<\/strong> Pour les syst\u00e8mes de vapeur et d'eau de refroidissement.<\/p>\n<\/li>\n<li data-start=\"3594\" data-end=\"3672\">\n<p data-start=\"3596\" data-end=\"3672\"><strong data-start=\"3596\" data-end=\"3616\">Traitement de l'eau :<\/strong> Dans les syst\u00e8mes de distribution d'eau municipaux et industriels.<\/p>\n<\/li>\n<\/ul>\n<p data-start=\"3674\" data-end=\"3702\"><strong data-start=\"3674\" data-end=\"3702\">Proc\u00e9d\u00e9s de fabrication :<\/strong><\/p>\n<p data-start=\"3704\" data-end=\"3769\">Les coudes de tubes en acier sont produits selon diff\u00e9rentes m\u00e9thodes, notamment :<\/p>\n<ul data-start=\"3771\" data-end=\"4090\">\n<li data-start=\"3771\" data-end=\"3894\">\n<p data-start=\"3773\" data-end=\"3894\"><strong data-start=\"3773\" data-end=\"3799\">Pliage par induction \u00e0 chaud :<\/strong> Utilise le chauffage par induction pour cintrer les tubes, offrant un contr\u00f4le pr\u00e9cis du rayon et de l'angle de cintrage.<\/p>\n<\/li>\n<li data-start=\"3896\" data-end=\"3996\">\n<p data-start=\"3898\" data-end=\"3996\"><strong data-start=\"3898\" data-end=\"3915\">Cintrage \u00e0 froid :<\/strong> Il s'agit de cintrer des tubes \u00e0 temp\u00e9rature ambiante, ce qui convient aux tubes de petit diam\u00e8tre.<\/p>\n<\/li>\n<li data-start=\"3998\" data-end=\"4090\">\n<p data-start=\"4000\" data-end=\"4090\"><strong data-start=\"4000\" data-end=\"4018\">Pliage \u00e0 la presse :<\/strong> Utilise une presse pour plier le tuyau, couramment utilis\u00e9 pour les tuyaux de plus grand diam\u00e8tre.<\/p>\n<\/li>\n<\/ul>\n<p data-start=\"4092\" data-end=\"4114\"><strong data-start=\"4092\" data-end=\"4114\">Assurance qualit\u00e9 :<\/strong><\/p>\n<p data-start=\"4116\" data-end=\"4363\">Chaque coude de tuyau en acier est soumis \u00e0 des essais rigoureux pour garantir sa conformit\u00e9 aux normes et sp\u00e9cifications de l'industrie. Les tests peuvent inclure des contr\u00f4les dimensionnels, des inspections visuelles et des m\u00e9thodes d'essai non destructives telles que les inspections par ultrasons ou par rayons X.<\/p>\n<p data-start=\"4365\" data-end=\"4380\"><strong data-start=\"4365\" data-end=\"4380\">Conclusion :<\/strong><\/p>\n<p data-start=\"4382\" data-end=\"4678\">Les coudes pour tubes en acier sont des composants essentiels des syst\u00e8mes de tuyauterie, offrant flexibilit\u00e9 et efficacit\u00e9 dans le transport des fluides. Gr\u00e2ce \u00e0 une large gamme de normes, de types, de mat\u00e9riaux et de proc\u00e9d\u00e9s de fabrication, ils peuvent \u00eatre adapt\u00e9s pour r\u00e9pondre aux exigences sp\u00e9cifiques de diverses industries et applications.<\/p>","protected":false},"excerpt":{"rendered":"<p><strong>Mat\u00e9riau :\u00a0<\/strong>Acier au carbone ASME \/ ASTM SA \/ A234 WPB, DIN 1.0405<br \/>\n<strong>Dimension :\u00a0<\/strong>ANSI B16.9, ANSI B16.28, JIS B2312, JIS B2313<br \/>\n<strong>Forme :<\/strong>\u00a0Cintrage \u00e0 long rayon, cintrage pigable, cintrage \u00e0 chaud, avec R=3D, 5D, 6D, 8D, 10D &amp; cintrage personnalis\u00e9<br \/>\n<strong>GAMME :<\/strong>\u00a02\u2033NB \u00c0 18\u2033 NB ANSI B 16.9 IN<br \/>\n<strong>TYPE :<\/strong>\u00a0SANS SOUDURE \/ SOUD\u00c9 \/ FABRIQU\u00c9<br \/>\n<strong>Offre :<\/strong>\u00a0Taux d'amincissement minimal de la paroi et ovalisation, pas de rides<br \/>\nCertificat d'essai en usine selon EN 10204 \/ 3.1B avec NACE MR 01 75<\/p>","protected":false},"featured_media":2491,"comment_status":"open","ping_status":"closed","template":"","meta":{"_gspb_post_css":""},"product_brand":[397],"product_cat":[396],"product_tag":[448,449,447],"class_list":{"0":"post-2490","1":"product","2":"type-product","3":"status-publish","4":"has-post-thumbnail","6":"product_brand-hfittings","7":"product_cat-steel-pipe-bends","8":"product_tag-butt-weld-bends","9":"product_tag-seamless-bends","10":"product_tag-steel-pipe-bends","12":"first","13":"instock","14":"sale","15":"shipping-taxable","16":"purchasable","17":"product-type-simple"},"_links":{"self":[{"href":"https:\/\/hfittings.com\/fr\/wp-json\/wp\/v2\/product\/2490","targetHints":{"allow":["GET"]}}],"collection":[{"href":"https:\/\/hfittings.com\/fr\/wp-json\/wp\/v2\/product"}],"about":[{"href":"https:\/\/hfittings.com\/fr\/wp-json\/wp\/v2\/types\/product"}],"replies":[{"embeddable":true,"href":"https:\/\/hfittings.com\/fr\/wp-json\/wp\/v2\/comments?post=2490"}],"wp:featuredmedia":[{"embeddable":true,"href":"https:\/\/hfittings.com\/fr\/wp-json\/wp\/v2\/media\/2491"}],"wp:attachment":[{"href":"https:\/\/hfittings.com\/fr\/wp-json\/wp\/v2\/media?parent=2490"}],"wp:term":[{"taxonomy":"product_brand","embeddable":true,"href":"https:\/\/hfittings.com\/fr\/wp-json\/wp\/v2\/product_brand?post=2490"},{"taxonomy":"product_cat","embeddable":true,"href":"https:\/\/hfittings.com\/fr\/wp-json\/wp\/v2\/product_cat?post=2490"},{"taxonomy":"product_tag","embeddable":true,"href":"https:\/\/hfittings.com\/fr\/wp-json\/wp\/v2\/product_tag?post=2490"}],"curies":[{"name":"wp","href":"https:\/\/api.w.org\/{rel}","templated":true}]}}