{"id":2476,"date":"2025-02-14T01:42:08","date_gmt":"2025-02-14T01:42:08","guid":{"rendered":"https:\/\/hfittings.com\/?post_type=product&#038;p=2476"},"modified":"2025-07-24T15:37:54","modified_gmt":"2025-07-24T15:37:54","slug":"threaded-pipe-fittings","status":"publish","type":"product","link":"https:\/\/hfittings.com\/fr\/product\/threaded-pipe-fittings\/","title":{"rendered":"Raccords de tuyauterie filet\u00e9s"},"content":{"rendered":"<p data-start=\"0\" data-end=\"176\">Les raccords filet\u00e9s sont des composants essentiels des syst\u00e8mes de tuyauterie, con\u00e7us pour raccorder des tuyaux ou d'autres raccords au moyen de filets de vis, garantissant ainsi des joints s\u00fbrs et \u00e9tanches.<\/p>\n<figure id=\"attachment_2471\" aria-describedby=\"caption-attachment-2471\" style=\"width: 300px\" class=\"wp-caption alignnone\"><img decoding=\"async\" class=\"size-medium wp-image-2471\" src=\"https:\/\/hfittings.com\/wp-content\/uploads\/2025\/02\/threaded-pipe-fittings-300x300.jpg\" alt=\"raccords de tuyauterie filet\u00e9s\" width=\"300\" height=\"300\" srcset=\"https:\/\/hfittings.com\/wp-content\/uploads\/2025\/02\/threaded-pipe-fittings-300x300.jpg 300w, https:\/\/hfittings.com\/wp-content\/uploads\/2025\/02\/threaded-pipe-fittings-150x150.jpg 150w, https:\/\/hfittings.com\/wp-content\/uploads\/2025\/02\/threaded-pipe-fittings-768x768.jpg 768w, https:\/\/hfittings.com\/wp-content\/uploads\/2025\/02\/threaded-pipe-fittings-500x500.jpg 500w, https:\/\/hfittings.com\/wp-content\/uploads\/2025\/02\/threaded-pipe-fittings.jpg 800w\" sizes=\"(max-width: 300px) 100vw, 300px\" \/><figcaption id=\"caption-attachment-2471\" class=\"wp-caption-text\">raccords de tuyauterie filet\u00e9s<\/figcaption><\/figure>\n<p data-start=\"178\" data-end=\"200\"><strong data-start=\"178\" data-end=\"200\">Coude filet\u00e9 \u00e0 90<\/strong><\/p>\n<p data-start=\"202\" data-end=\"349\">Un coude filet\u00e9 \u00e0 90\u00b0 permet de modifier le sens de l'\u00e9coulement dans un syst\u00e8me de tuyauterie. Il est g\u00e9n\u00e9ralement utilis\u00e9 pour raccorder deux tuyaux \u00e0 un angle de 90 degr\u00e9s.<\/p>\n<p data-start=\"351\" data-end=\"373\"><strong data-start=\"351\" data-end=\"373\">Coude filet\u00e9 \u00e0 45<\/strong><\/p>\n<p data-start=\"375\" data-end=\"504\">Un coude filet\u00e9 \u00e0 45\u00b0 facilite le changement de direction \u00e0 un angle de 45 degr\u00e9s. Il est g\u00e9n\u00e9ralement utilis\u00e9 pour raccorder des tuyaux \u00e0 un angle de 45 degr\u00e9s.<\/p>\n<p data-start=\"506\" data-end=\"531\"><strong data-start=\"506\" data-end=\"531\">Coude filet\u00e9 pour la rue<\/strong><\/p>\n<p data-start=\"533\" data-end=\"680\">Un coude filet\u00e9 de rue comporte une extr\u00e9mit\u00e9 avec un filetage m\u00e2le et l'autre avec un filetage femelle, ce qui permet un changement de direction entre deux tuyaux.<\/p>\n<p data-start=\"682\" data-end=\"698\"><strong data-start=\"682\" data-end=\"698\">T\u00e9 filet\u00e9<\/strong><\/p>\n<p data-start=\"700\" data-end=\"814\">Un t\u00e9 filet\u00e9 est un raccord qui permet la d\u00e9rivation d'une canalisation, en reliant trois tuyaux en un point commun.<\/p>\n<p data-start=\"816\" data-end=\"844\"><strong data-start=\"816\" data-end=\"844\">T\u00e9 lat\u00e9ral filet\u00e9 \u00e0 45<\/strong><\/p>\n<p data-start=\"846\" data-end=\"993\">Un t\u00e9 lat\u00e9ral filet\u00e9 \u00e0 45\u00b0 est un raccord qui permet la d\u00e9rivation d'une canalisation \u00e0 un angle de 45 degr\u00e9s, reliant ainsi trois canalisations en un point commun.<\/p>\n<p data-start=\"995\" data-end=\"1013\"><strong data-start=\"995\" data-end=\"1013\">Croix filet\u00e9e<\/strong><\/p>\n<p data-start=\"1015\" data-end=\"1149\">Une croix filet\u00e9e est un raccord qui permet la d\u00e9rivation d'une canalisation dans quatre directions, en reliant quatre tuyaux en un point commun.<\/p>\n<p data-start=\"1151\" data-end=\"1177\"><strong data-start=\"1151\" data-end=\"1177\">Accouplement \u00e0 filetage complet<\/strong><\/p>\n<p data-start=\"1179\" data-end=\"1279\">Un raccord \u00e0 filetage complet est un raccord qui relie deux tuyaux bout \u00e0 bout, avec des filets aux deux extr\u00e9mit\u00e9s.<\/p>\n<p data-start=\"1281\" data-end=\"1307\"><strong data-start=\"1281\" data-end=\"1307\">Demi-raccord filet\u00e9<\/strong><\/p>\n<p data-start=\"1309\" data-end=\"1436\">Un demi-raccord filet\u00e9 est un raccord qui relie deux tuyaux bout \u00e0 bout, avec des filets \u00e0 une extr\u00e9mit\u00e9 et une extr\u00e9mit\u00e9 lisse \u00e0 l'autre.<\/p>\n<p data-start=\"1438\" data-end=\"1468\"><strong data-start=\"1438\" data-end=\"1468\">Raccord filet\u00e9 r\u00e9ducteur<\/strong><\/p>\n<p data-start=\"1470\" data-end=\"1586\">Un raccord filet\u00e9 r\u00e9ducteur est un raccord qui relie deux tuyaux de diam\u00e8tres diff\u00e9rents, avec des filets aux deux extr\u00e9mit\u00e9s.<\/p>\n<p data-start=\"1588\" data-end=\"1608\"><strong data-start=\"1588\" data-end=\"1608\">Couplet filet\u00e9<\/strong><\/p>\n<p data-start=\"1610\" data-end=\"1752\">Un coupleur filet\u00e9 est un raccord qui relie deux tuyaux bout \u00e0 bout, avec des filets aux deux extr\u00e9mit\u00e9s, et qui est utilis\u00e9 pour augmenter la longueur d'une canalisation.<\/p>\n<p data-start=\"1754\" data-end=\"1770\"><strong data-start=\"1754\" data-end=\"1770\">Capuchon filet\u00e9<\/strong><\/p>\n<p data-start=\"1772\" data-end=\"1869\">Un bouchon filet\u00e9 est un raccord qui scelle l'extr\u00e9mit\u00e9 d'un tuyau, emp\u00eachant l'\u00e9coulement de fluides ou de gaz.<\/p>\n<p data-start=\"1871\" data-end=\"1900\"><strong data-start=\"1871\" data-end=\"1900\">Bouchon filet\u00e9 \u00e0 t\u00eate carr\u00e9e<\/strong><\/p>\n<p data-start=\"1902\" data-end=\"2026\">Un bouchon filet\u00e9 \u00e0 t\u00eate carr\u00e9e est un raccord qui scelle l'extr\u00e9mit\u00e9 d'un tuyau, avec une t\u00eate carr\u00e9e pour faciliter l'installation et le retrait.<\/p>\n<p data-start=\"2028\" data-end=\"2056\"><strong data-start=\"2028\" data-end=\"2056\">Bouchon filet\u00e9 \u00e0 t\u00eate ronde<\/strong><\/p>\n<p data-start=\"2058\" data-end=\"2180\">Un bouchon filet\u00e9 \u00e0 t\u00eate ronde est un raccord qui scelle l'extr\u00e9mit\u00e9 d'un tuyau, avec une t\u00eate ronde pour faciliter l'installation et le retrait.<\/p>\n<p data-start=\"2182\" data-end=\"2208\"><strong data-start=\"2182\" data-end=\"2208\">Bouchon filet\u00e9 \u00e0 t\u00eate hexagonale<\/strong><\/p>\n<p data-start=\"2210\" data-end=\"2334\">Un bouchon filet\u00e9 \u00e0 t\u00eate hexagonale est un raccord qui scelle l'extr\u00e9mit\u00e9 d'un tuyau, avec une t\u00eate hexagonale pour faciliter l'installation et le retrait.<\/p>\n<p data-start=\"2336\" data-end=\"2358\"><strong data-start=\"2336\" data-end=\"2358\">Bouchon filet\u00e9 en forme de taureau<\/strong><\/p>\n<p data-start=\"2360\" data-end=\"2481\">Un bouchon filet\u00e9 est un raccord qui scelle l'extr\u00e9mit\u00e9 d'un tuyau, avec un nez de b\u0153uf pour faciliter l'installation et le retrait.<\/p>\n<p data-start=\"2483\" data-end=\"2512\"><strong data-start=\"2483\" data-end=\"2512\">Douille filet\u00e9e \u00e0 t\u00eate hexagonale<\/strong><\/p>\n<p data-start=\"2514\" data-end=\"2644\">Une douille filet\u00e9e \u00e0 t\u00eate hexagonale est un raccord qui r\u00e9duit la taille d'un tuyau, avec une t\u00eate hexagonale pour faciliter l'installation et le retrait.<\/p>\n<p data-start=\"2646\" data-end=\"2663\"><strong data-start=\"2646\" data-end=\"2663\">Bossage filet\u00e9<\/strong><\/p>\n<p data-start=\"2665\" data-end=\"2807\">Un raccord filet\u00e9 est un raccord qui fournit un point de connexion filet\u00e9 sur un tuyau, permettant la fixation d'autres raccords ou composants.<\/p>\n<p data-start=\"2809\" data-end=\"2832\"><strong data-start=\"2809\" data-end=\"2832\">Mamelon \u00e0 filetage hexagonal<\/strong><\/p>\n<p data-start=\"2834\" data-end=\"2986\">Un mamelon \u00e0 filetage hexagonal est un raccord qui permet de connecter deux tuyaux bout \u00e0 bout, avec des filets aux deux extr\u00e9mit\u00e9s et un corps hexagonal pour faciliter l'installation et le retrait.<\/p>\n<p data-start=\"2988\" data-end=\"3012\"><strong data-start=\"2988\" data-end=\"3012\">Mamelon filet\u00e9 pour tuyau<\/strong><\/p>\n<p data-start=\"3014\" data-end=\"3112\">Un mamelon filet\u00e9 est un raccord qui relie deux tuyaux bout \u00e0 bout, avec des filets aux deux extr\u00e9mit\u00e9s.<\/p>\n<p data-start=\"3114\" data-end=\"3150\"><strong data-start=\"3114\" data-end=\"3150\">Mamelon \u00e0 sertir \u00e0 filetage concentrique<\/strong><\/p>\n<p data-start=\"3152\" data-end=\"3314\">Un mamelon \u00e0 sertir \u00e0 filetage concentrique est un raccord qui relie deux tuyaux de diam\u00e8tres diff\u00e9rents, avec des filets aux deux extr\u00e9mit\u00e9s et une conception concentrique pour un \u00e9coulement fluide.<\/p>\n<p data-start=\"3316\" data-end=\"3351\"><strong data-start=\"3316\" data-end=\"3351\">Mamelon \u00e0 collerette \u00e0 filetage excentrique<\/strong><\/p>\n<p data-start=\"3353\" data-end=\"3531\">Un mamelon \u00e0 sertir \u00e0 filetage excentrique est un raccord qui relie deux tuyaux de diam\u00e8tres diff\u00e9rents, avec des filets aux deux extr\u00e9mit\u00e9s et une conception excentrique pour maintenir le m\u00eame axe central.<\/p>\n<p data-start=\"3533\" data-end=\"3551\"><strong data-start=\"3533\" data-end=\"3551\">Union filet\u00e9e<\/strong><\/p>\n<p data-start=\"3553\" data-end=\"3679\">Un raccord filet\u00e9 est un raccord qui permet de d\u00e9connecter et de reconnecter facilement deux tuyaux, avec des filets aux deux extr\u00e9mit\u00e9s.<\/p>\n<p data-start=\"3681\" data-end=\"3713\"><strong data-start=\"3681\" data-end=\"3713\">Raccord filet\u00e9 m\u00e2le x femelle<\/strong><\/p>\n<p data-start=\"3715\" data-end=\"3870\">Un raccord filet\u00e9 m\u00e2le x femelle est un raccord qui relie un tuyau \u00e0 filetage m\u00e2le \u00e0 un tuyau \u00e0 filetage femelle, ce qui permet de le d\u00e9connecter et de le reconnecter facilement.<\/p>\n<p data-start=\"3872\" data-end=\"3909\"><strong data-start=\"3872\" data-end=\"3909\">Union filet\u00e9e m\u00e2le x douille \u00e0 souder<\/strong><\/p>\n<p data-start=\"3911\" data-end=\"4069\">Un raccord filet\u00e9 m\u00e2le x embo\u00eeture \u00e0 souder est un raccord qui relie un tuyau filet\u00e9 m\u00e2le \u00e0 un tuyau embo\u00eet\u00e9 \u00e0 souder, ce qui permet de le d\u00e9connecter et de le reconnecter facilement.<\/p>\n<p data-start=\"4071\" data-end=\"4091\"><strong data-start=\"4071\" data-end=\"4091\">Adaptateur filet\u00e9<\/strong><\/p>\n<p data-start=\"4093\" data-end=\"4206\">Un adaptateur filet\u00e9 est un raccord qui permet de relier deux tuyaux ayant des types ou des tailles de filetage diff\u00e9rents.<\/p>\n<p data-start=\"4208\" data-end=\"4238\"><strong data-start=\"4208\" data-end=\"4238\">Sortie filet\u00e9e \u00e0 90\u00b0<\/strong><\/p>\n<p data-start=\"4240\" data-end=\"4382\">Une sortie de branchement filet\u00e9e \u00e0 90\u00b0 est un raccord qui permet le branchement d'une canalisation \u00e0 un angle de 90 degr\u00e9s, avec des filets sur la sortie du branchement.<\/p>\n<p data-start=\"4384\" data-end=\"4414\"><strong data-start=\"4384\" data-end=\"4414\">Sortie filet\u00e9e \u00e0 45\u00b0<\/strong><\/p>\n<p data-start=\"4416\" data-end=\"4558\">Une sortie de branchement filet\u00e9e \u00e0 45\u00b0 est un raccord qui permet le branchement d'une canalisation \u00e0 un angle de 45 degr\u00e9s, avec des filets sur la sortie du branchement.<\/p>\n<p data-start=\"4560\" data-end=\"4589\"><strong data-start=\"4560\" data-end=\"4589\">Sortie coud\u00e9e 90\u00b0 filet\u00e9e<\/strong><\/p>\n<p data-start=\"4591\" data-end=\"4725\">Un coude filet\u00e9 \u00e0 90\u00b0 est un raccord qui permet la d\u00e9rivation d'une canalisation \u00e0 un angle de 90 degr\u00e9s, avec des filets sur la sortie.<\/p>\n<p data-start=\"4727\" data-end=\"4760\"><strong data-start=\"4727\" data-end=\"4760\">Embout filet\u00e9 Sortie de branche<\/strong><\/p>\n<p data-start=\"4762\" data-end=\"4897\">Un mamelon filet\u00e9 de d\u00e9rivation est un raccord qui permet la d\u00e9rivation d'une canalisation, avec des filets sur la sortie de la d\u00e9rivation et sur le mamelon.<\/p>\n<p data-start=\"4899\" data-end=\"5079\">Ces raccords sont disponibles dans diff\u00e9rents mat\u00e9riaux, notamment l'acier inoxydable, l'acier au carbone, l'acier alli\u00e9 et l'acier inoxydable super duplex, afin de r\u00e9pondre aux diverses exigences des applications.<\/p>\n<p data-start=\"5081\" data-end=\"5277\">Les raccords de tuyauterie filet\u00e9s sont couramment utilis\u00e9s dans des applications peu co\u00fbteuses et non critiques telles que les syst\u00e8mes d'eau domestique, de protection contre les incendies et de refroidissement industriel.<\/p>\n<p data-start=\"5279\" data-end=\"5390\">Ils sont disponibles en trois classes de pression : Classe 2000, 3000 et 6000.<\/p>\n<p data-start=\"5392\" data-end=\"5574\">Les raccords filet\u00e9s sont principalement utilis\u00e9s pour les tuyaux de petit diam\u00e8tre, tout comme les raccords \u00e0 souder sont \u00e9galement utilis\u00e9s pour les syst\u00e8mes de tuyauterie de petite taille.<\/p>","protected":false},"excerpt":{"rendered":"<p data-pm-slice=\"1 1 []\">Mati\u00e8re\uff1a<\/p>\n<p>ASTM A182 (F304, F304L, F316, F316L, F304H, F316H, F317L, F321, F11, F22, F91)<\/p>\n<p>ASTM A105, A350 LF2, A106 Gr.B, A234 WPB, A312, A403<\/p>\n<p>Dimension\uff1aASME 16.11, MSS SP-79, 83, 95, 97 et BS3799<\/p>\n<p>Pression nominale\uff1a2000LBS, 3000LBS, 6000LBS<\/p>\n<p>Taille\uff1aNPS 1\/8\" ~ 4\" (DN6 ~ DN100)<\/p>","protected":false},"featured_media":2471,"comment_status":"open","ping_status":"closed","template":"","meta":{"_gspb_post_css":""},"product_brand":[397],"product_cat":[395],"product_tag":[446],"class_list":{"0":"post-2476","1":"product","2":"type-product","3":"status-publish","4":"has-post-thumbnail","6":"product_brand-hfittings","7":"product_cat-forged-pipe-fittings","8":"product_tag-threaded-pipe-fittings","10":"first","11":"instock","12":"sale","13":"shipping-taxable","14":"purchasable","15":"product-type-simple"},"_links":{"self":[{"href":"https:\/\/hfittings.com\/fr\/wp-json\/wp\/v2\/product\/2476","targetHints":{"allow":["GET"]}}],"collection":[{"href":"https:\/\/hfittings.com\/fr\/wp-json\/wp\/v2\/product"}],"about":[{"href":"https:\/\/hfittings.com\/fr\/wp-json\/wp\/v2\/types\/product"}],"replies":[{"embeddable":true,"href":"https:\/\/hfittings.com\/fr\/wp-json\/wp\/v2\/comments?post=2476"}],"wp:featuredmedia":[{"embeddable":true,"href":"https:\/\/hfittings.com\/fr\/wp-json\/wp\/v2\/media\/2471"}],"wp:attachment":[{"href":"https:\/\/hfittings.com\/fr\/wp-json\/wp\/v2\/media?parent=2476"}],"wp:term":[{"taxonomy":"product_brand","embeddable":true,"href":"https:\/\/hfittings.com\/fr\/wp-json\/wp\/v2\/product_brand?post=2476"},{"taxonomy":"product_cat","embeddable":true,"href":"https:\/\/hfittings.com\/fr\/wp-json\/wp\/v2\/product_cat?post=2476"},{"taxonomy":"product_tag","embeddable":true,"href":"https:\/\/hfittings.com\/fr\/wp-json\/wp\/v2\/product_tag?post=2476"}],"curies":[{"name":"wp","href":"https:\/\/api.w.org\/{rel}","templated":true}]}}