{"id":2473,"date":"2025-02-14T01:08:29","date_gmt":"2025-02-14T01:08:29","guid":{"rendered":"https:\/\/hfittings.com\/?post_type=product&#038;p=2473"},"modified":"2025-03-24T08:58:30","modified_gmt":"2025-03-24T08:58:30","slug":"socket-weld-pipe-fittings","status":"publish","type":"product","link":"https:\/\/hfittings.com\/fr\/product\/socket-weld-pipe-fittings\/","title":{"rendered":"Raccords de tuyauterie \u00e0 souder par embo\u00eetement"},"content":{"rendered":"<h2 data-start=\"0\" data-end=\"79\"><strong data-start=\"0\" data-end=\"79\">Raccords de tuyauterie \u00e0 souder par embo\u00eetement : Composants essentiels des syst\u00e8mes de tuyauterie \u00e0 haute pression<\/strong><\/h2>\n<p data-start=\"81\" data-end=\"495\">Les raccords \u00e0 souder font partie int\u00e9grante de la cr\u00e9ation de connexions robustes et \u00e9tanches dans les syst\u00e8mes de tuyauterie \u00e0 haute pression. Con\u00e7us pour \u00eatre soud\u00e9s par embo\u00eetement \u00e0 l'extr\u00e9mit\u00e9 des tuyaux ou d'autres raccords, ils assurent une connexion durable et sans soudure. Ces raccords sont largement utilis\u00e9s dans diverses industries, notamment la p\u00e9trochimie, le p\u00e9trole et le gaz, la production d'\u00e9nergie, l'a\u00e9rospatiale, les chaudi\u00e8res, les \u00e9changeurs de chaleur et les appareils \u00e0 pression.<\/p>\n<figure id=\"attachment_2470\" aria-describedby=\"caption-attachment-2470\" style=\"width: 300px\" class=\"wp-caption alignnone\"><img decoding=\"async\" class=\"size-medium wp-image-2470\" src=\"https:\/\/hfittings.com\/wp-content\/uploads\/2025\/02\/socket-weld-pipe-fittings-300x300.jpg\" alt=\"Raccords de tuyauterie \u00e0 souder\" width=\"300\" height=\"300\" srcset=\"https:\/\/hfittings.com\/wp-content\/uploads\/2025\/02\/socket-weld-pipe-fittings-300x300.jpg 300w, https:\/\/hfittings.com\/wp-content\/uploads\/2025\/02\/socket-weld-pipe-fittings-150x150.jpg 150w, https:\/\/hfittings.com\/wp-content\/uploads\/2025\/02\/socket-weld-pipe-fittings-500x500.jpg 500w, https:\/\/hfittings.com\/wp-content\/uploads\/2025\/02\/socket-weld-pipe-fittings.jpg 660w\" sizes=\"(max-width: 300px) 100vw, 300px\" \/><figcaption id=\"caption-attachment-2470\" class=\"wp-caption-text\">Raccords de tuyauterie \u00e0 souder<\/figcaption><\/figure>\n<p data-start=\"497\" data-end=\"526\"><strong data-start=\"497\" data-end=\"526\">Principales caract\u00e9ristiques et avantages<\/strong><\/p>\n<ul data-start=\"528\" data-end=\"1410\">\n<li data-start=\"528\" data-end=\"682\">\n<p data-start=\"530\" data-end=\"682\"><strong data-start=\"530\" data-end=\"550\">Grande durabilit\u00e9 :<\/strong> Les raccords \u00e0 souder sont connus pour leur solidit\u00e9 et leur r\u00e9sistance \u00e0 l'usure exceptionnelles, ce qui les rend id\u00e9aux pour les applications exigeantes.<\/p>\n<\/li>\n<li data-start=\"684\" data-end=\"831\">\n<p data-start=\"686\" data-end=\"831\"><strong data-start=\"686\" data-end=\"711\">Pr\u00e9cision dimensionnelle :<\/strong> Fabriqu\u00e9s selon des sp\u00e9cifications pr\u00e9cises, ces raccords assurent un ajustement parfait et des performances fiables dans les syst\u00e8mes de tuyauterie.<\/p>\n<\/li>\n<li data-start=\"833\" data-end=\"994\">\n<p data-start=\"835\" data-end=\"994\"><strong data-start=\"835\" data-end=\"853\">Finition lisse :<\/strong> Le processus de soudage par embo\u00eetement permet d'obtenir une finition de surface lisse, r\u00e9duisant ainsi le risque de corrosion et facilitant le flux \u00e0 l'int\u00e9rieur des tuyaux.<\/p>\n<\/li>\n<li data-start=\"996\" data-end=\"1174\">\n<p data-start=\"998\" data-end=\"1174\"><strong data-start=\"998\" data-end=\"1025\">Performance anti-fuite :<\/strong> Con\u00e7us pour r\u00e9sister \u00e0 des pressions \u00e9lev\u00e9es, les raccords \u00e0 souder \u00e0 embo\u00eetement assurent des connexions \u00e9tanches, am\u00e9liorant ainsi la s\u00e9curit\u00e9 et l'efficacit\u00e9 du syst\u00e8me de tuyauterie.<\/p>\n<\/li>\n<li data-start=\"1176\" data-end=\"1410\">\n<p data-start=\"1178\" data-end=\"1410\"><strong data-start=\"1178\" data-end=\"1203\">R\u00e9sistance \u00e0 la corrosion :<\/strong> Fabriqu\u00e9s \u00e0 partir de mat\u00e9riaux tels que l'acier inoxydable, l'acier au carbone, l'acier alli\u00e9 et l'acier inoxydable super duplex, ces raccords offrent une excellente r\u00e9sistance \u00e0 la corrosion, prolongeant ainsi la dur\u00e9e de vie du syst\u00e8me de tuyauterie.<\/p>\n<\/li>\n<\/ul>\n<p data-start=\"1412\" data-end=\"1445\"><strong data-start=\"1412\" data-end=\"1445\">Types de raccords \u00e0 souder<\/strong><\/p>\n<p data-start=\"1447\" data-end=\"1528\">Les raccords \u00e0 souder \u00e0 embo\u00eetement se d\u00e9clinent en plusieurs types pour r\u00e9pondre aux diff\u00e9rents besoins en mati\u00e8re de tuyauterie :<\/p>\n<ul data-start=\"1530\" data-end=\"3470\">\n<li data-start=\"1530\" data-end=\"1628\">\n<p data-start=\"1532\" data-end=\"1628\"><strong data-start=\"1532\" data-end=\"1558\">Coude 90\u00b0 \u00e0 souder :<\/strong> Utilis\u00e9 pour modifier de 90 degr\u00e9s le sens de l'\u00e9coulement dans les syst\u00e8mes de tuyauterie.<\/p>\n<\/li>\n<li data-start=\"1630\" data-end=\"1715\">\n<p data-start=\"1632\" data-end=\"1715\"><strong data-start=\"1632\" data-end=\"1658\">Coude 45\u00b0 \u00e0 souder par embo\u00eetement :<\/strong> Facilite un changement de 45 degr\u00e9s dans la direction de l'\u00e9coulement.<\/p>\n<\/li>\n<li data-start=\"1717\" data-end=\"1804\">\n<p data-start=\"1719\" data-end=\"1804\"><strong data-start=\"1719\" data-end=\"1739\">Tee Socket Weld :<\/strong> Permet la d\u00e9rivation de la canalisation principale \u00e0 un angle de 90 degr\u00e9s.<\/p>\n<\/li>\n<li data-start=\"1806\" data-end=\"1891\">\n<p data-start=\"1808\" data-end=\"1891\"><strong data-start=\"1808\" data-end=\"1840\">T\u00e9 lat\u00e9ral 45\u00b0 \u00e0 souder par embo\u00eetement :<\/strong> Permet une d\u00e9rivation \u00e0 45 degr\u00e9s de la canalisation principale.<\/p>\n<\/li>\n<li data-start=\"1893\" data-end=\"1999\">\n<p data-start=\"1895\" data-end=\"1999\"><strong data-start=\"1895\" data-end=\"1917\">Soudure par embo\u00eetement en croix :<\/strong> Fournit une connexion \u00e0 quatre voies, permettant l'intersection de trois pipelines.<\/p>\n<\/li>\n<li data-start=\"2001\" data-end=\"2071\">\n<p data-start=\"2003\" data-end=\"2071\"><strong data-start=\"2003\" data-end=\"2033\">Accouplement complet \u00e0 souder par embo\u00eetement :<\/strong> Permet d'assembler deux tuyaux de m\u00eame diam\u00e8tre.<\/p>\n<\/li>\n<li data-start=\"2073\" data-end=\"2198\">\n<p data-start=\"2075\" data-end=\"2198\"><strong data-start=\"2075\" data-end=\"2105\">Demi-accouplement \u00e0 souder :<\/strong> Raccordement d'un tuyau \u00e0 un raccord ou \u00e0 un autre tuyau, g\u00e9n\u00e9ralement utilis\u00e9 pour les petits raccordements de branchements.<\/p>\n<\/li>\n<li data-start=\"2200\" data-end=\"2301\">\n<p data-start=\"2202\" data-end=\"2301\"><strong data-start=\"2202\" data-end=\"2236\">Accouplement de r\u00e9duction \u00e0 souder par embo\u00eetement :<\/strong> Facilite le raccordement entre des tuyaux de diam\u00e8tres diff\u00e9rents.<\/p>\n<\/li>\n<li data-start=\"2303\" data-end=\"2425\">\n<p data-start=\"2305\" data-end=\"2425\"><strong data-start=\"2305\" data-end=\"2348\">Coupleur r\u00e9ducteur excentrique \u00e0 souder par embo\u00eetement :<\/strong> R\u00e9duit le diam\u00e8tre du tuyau tout en maintenant le niveau sup\u00e9rieur ou inf\u00e9rieur du tuyau.<\/p>\n<\/li>\n<li data-start=\"2427\" data-end=\"2494\">\n<p data-start=\"2429\" data-end=\"2494\"><strong data-start=\"2429\" data-end=\"2453\">Couplet Socket Weld :<\/strong> Permet de raccorder deux tuyaux de m\u00eame diam\u00e8tre.<\/p>\n<\/li>\n<li data-start=\"2496\" data-end=\"2543\">\n<p data-start=\"2498\" data-end=\"2543\"><strong data-start=\"2498\" data-end=\"2518\">Cap Socket Weld :<\/strong> Scelle l'extr\u00e9mit\u00e9 d'un tuyau.<\/p>\n<\/li>\n<li data-start=\"2545\" data-end=\"2642\">\n<p data-start=\"2547\" data-end=\"2642\"><strong data-start=\"2547\" data-end=\"2578\">R\u00e9ducteur \u00e0 embo\u00eetement \u00e0 souder :<\/strong> Permet de raccorder des tuyaux de diam\u00e8tres diff\u00e9rents.<\/p>\n<\/li>\n<li data-start=\"2644\" data-end=\"2724\">\n<p data-start=\"2646\" data-end=\"2724\"><strong data-start=\"2646\" data-end=\"2667\">Boss Socket Weld :<\/strong> Permet de fixer un raccord filet\u00e9 \u00e0 un tuyau.<\/p>\n<\/li>\n<li data-start=\"2726\" data-end=\"2816\">\n<p data-start=\"2728\" data-end=\"2816\"><strong data-start=\"2728\" data-end=\"2750\">Socket Weld Union :<\/strong> Permet de d\u00e9connecter et de reconnecter facilement les syst\u00e8mes de tuyauterie.<\/p>\n<\/li>\n<li data-start=\"2818\" data-end=\"2906\">\n<p data-start=\"2820\" data-end=\"2906\"><strong data-start=\"2820\" data-end=\"2854\">Sortie de branchement \u00e0 90\u00b0 \u00e0 souder par embo\u00eetement :<\/strong> Fournit une d\u00e9rivation \u00e0 90 degr\u00e9s de la canalisation principale.<\/p>\n<\/li>\n<li data-start=\"2908\" data-end=\"2999\">\n<p data-start=\"2910\" data-end=\"2999\"><strong data-start=\"2910\" data-end=\"2942\">Sortie d'embranchement \u00e0 90\u00b0 \u00e0 soudure bout \u00e0 bout :<\/strong> Permet de r\u00e9aliser un branchement \u00e0 90 degr\u00e9s par soudure bout \u00e0 bout.<\/p>\n<\/li>\n<li data-start=\"3001\" data-end=\"3088\">\n<p data-start=\"3003\" data-end=\"3088\"><strong data-start=\"3003\" data-end=\"3037\">Sortie d'embranchement \u00e0 45\u00b0 \u00e0 souder par embo\u00eetement :<\/strong> Permet une d\u00e9rivation \u00e0 45 degr\u00e9s de la canalisation principale.<\/p>\n<\/li>\n<li data-start=\"3090\" data-end=\"3183\">\n<p data-start=\"3092\" data-end=\"3183\"><strong data-start=\"3092\" data-end=\"3124\">Sortie d'embranchement \u00e0 45\u00b0 \u00e0 souder bout \u00e0 bout :<\/strong> Permet de r\u00e9aliser un branchement \u00e0 45 degr\u00e9s par soudure bout \u00e0 bout.<\/p>\n<\/li>\n<li data-start=\"3185\" data-end=\"3274\">\n<p data-start=\"3187\" data-end=\"3274\"><strong data-start=\"3187\" data-end=\"3220\">Coude \u00e0 90\u00b0 soud\u00e9 par embo\u00eetement Sortie :<\/strong> Permet une sortie \u00e0 90 degr\u00e9s de la canalisation principale.<\/p>\n<\/li>\n<li data-start=\"3276\" data-end=\"3366\">\n<p data-start=\"3278\" data-end=\"3366\"><strong data-start=\"3278\" data-end=\"3309\">Coude 90\u00b0 \u00e0 souder bout \u00e0 bout Sortie :<\/strong> Offre une connexion de sortie \u00e0 90 degr\u00e9s par soudure bout \u00e0 bout.<\/p>\n<\/li>\n<li data-start=\"3368\" data-end=\"3470\">\n<p data-start=\"3370\" data-end=\"3470\"><strong data-start=\"3370\" data-end=\"3405\">Embout Branche Sortie Soudure bout \u00e0 bout :<\/strong> Permet de r\u00e9aliser un branchement \u00e0 l'aide d'un mamelon et d'une soudure bout \u00e0 bout.<\/p>\n<\/li>\n<\/ul>\n<p data-start=\"3472\" data-end=\"3488\"><strong data-start=\"3472\" data-end=\"3488\">Applications<\/strong><\/p>\n<p data-start=\"3490\" data-end=\"3558\">Les raccords \u00e0 souder \u00e0 embo\u00eetement sont essentiels dans diverses industries, notamment :<\/p>\n<ul data-start=\"3560\" data-end=\"4323\">\n<li data-start=\"3560\" data-end=\"3721\">\n<p data-start=\"3562\" data-end=\"3721\"><strong data-start=\"3562\" data-end=\"3589\">Industrie p\u00e9trochimique :<\/strong> Utilis\u00e9s pour le transport de produits chimiques et de gaz, les raccords doivent r\u00e9sister \u00e0 des pressions \u00e9lev\u00e9es et \u00e0 des environnements corrosifs.<\/p>\n<\/li>\n<li data-start=\"3723\" data-end=\"3834\">\n<p data-start=\"3725\" data-end=\"3834\"><strong data-start=\"3725\" data-end=\"3750\">Industrie du p\u00e9trole et du gaz :<\/strong> Indispensable pour raccorder les pipelines dans les processus d'exploration, de forage et de raffinage.<\/p>\n<\/li>\n<li data-start=\"3836\" data-end=\"3959\">\n<p data-start=\"3838\" data-end=\"3959\"><strong data-start=\"3838\" data-end=\"3859\">Production d'\u00e9lectricit\u00e9 :<\/strong> Utilis\u00e9 dans les syst\u00e8mes de vapeur et d'eau des centrales \u00e9lectriques, o\u00f9 les connexions \u00e0 haute pression sont vitales.<\/p>\n<\/li>\n<li data-start=\"3961\" data-end=\"4075\">\n<p data-start=\"3963\" data-end=\"4075\"><strong data-start=\"3963\" data-end=\"3977\">A\u00e9rospatiale :<\/strong> Utilis\u00e9s dans les syst\u00e8mes a\u00e9ronautiques, ils exigent des raccords l\u00e9gers mais robustes pour diverses applications.<\/p>\n<\/li>\n<li data-start=\"4077\" data-end=\"4189\">\n<p data-start=\"4079\" data-end=\"4189\"><strong data-start=\"4079\" data-end=\"4117\">Syst\u00e8mes de chaudi\u00e8res et d'\u00e9changeurs de chaleur :<\/strong> Essentiel pour maintenir un transfert de chaleur efficace et un contr\u00f4le de la pression.<\/p>\n<\/li>\n<li data-start=\"4191\" data-end=\"4323\">\n<p data-start=\"4193\" data-end=\"4323\"><strong data-start=\"4193\" data-end=\"4227\">Fabrication d'appareils \u00e0 pression :<\/strong> Utilis\u00e9 pour assurer l'int\u00e9grit\u00e9 et la s\u00e9curit\u00e9 des r\u00e9cipients sous pression dans diverses applications industrielles.<\/p>\n<\/li>\n<\/ul>\n<p data-start=\"4325\" data-end=\"4352\"><strong data-start=\"4325\" data-end=\"4352\">Sp\u00e9cifications des mat\u00e9riaux<\/strong><\/p>\n<p data-start=\"4354\" data-end=\"4441\">Les raccords \u00e0 souder sont disponibles dans diff\u00e9rents mat\u00e9riaux pour r\u00e9pondre \u00e0 diff\u00e9rentes applications :<\/p>\n<ul data-start=\"4443\" data-end=\"4901\">\n<li data-start=\"4443\" data-end=\"4565\">\n<p data-start=\"4445\" data-end=\"4565\"><strong data-start=\"4445\" data-end=\"4474\">Acier au carbone (ASTM A105) :<\/strong> Il est couramment utilis\u00e9 pour des applications g\u00e9n\u00e9rales en raison de sa r\u00e9sistance et de sa rentabilit\u00e9.<\/p>\n<\/li>\n<li data-start=\"4567\" data-end=\"4675\">\n<p data-start=\"4569\" data-end=\"4675\"><strong data-start=\"4569\" data-end=\"4597\">Acier inoxydable (SS316) :<\/strong> Il offre une r\u00e9sistance sup\u00e9rieure \u00e0 la corrosion, ce qui le rend id\u00e9al pour les environnements difficiles.<\/p>\n<\/li>\n<li data-start=\"4677\" data-end=\"4772\">\n<p data-start=\"4679\" data-end=\"4772\"><strong data-start=\"4679\" data-end=\"4695\">Acier alli\u00e9 :<\/strong> Offre une solidit\u00e9 et une r\u00e9sistance \u00e0 la chaleur accrues pour les applications sp\u00e9cialis\u00e9es.<\/p>\n<\/li>\n<li data-start=\"4774\" data-end=\"4901\">\n<p data-start=\"4776\" data-end=\"4901\"><strong data-start=\"4776\" data-end=\"4809\">Acier inoxydable super duplex :<\/strong> Combine une grande robustesse et une excellente r\u00e9sistance \u00e0 la corrosion, adapt\u00e9e aux conditions extr\u00eames.<\/p>\n<\/li>\n<\/ul>\n<p data-start=\"4903\" data-end=\"4935\"><strong data-start=\"4903\" data-end=\"4935\">Normes et sp\u00e9cifications<\/strong><\/p>\n<p data-start=\"4937\" data-end=\"5049\">Les raccords \u00e0 souder sont fabriqu\u00e9s conform\u00e9ment aux normes industrielles afin de garantir leur qualit\u00e9 et leur compatibilit\u00e9 :<\/p>\n<ul data-start=\"5051\" data-end=\"5489\">\n<li data-start=\"5051\" data-end=\"5224\">\n<p data-start=\"5053\" data-end=\"5224\"><strong data-start=\"5053\" data-end=\"5069\">ASME B16.11 :<\/strong> Sp\u00e9cifie les exigences relatives aux raccords en acier forg\u00e9, y compris les valeurs nominales de pression et de temp\u00e9rature, les dimensions, les tol\u00e9rances, les marquages et les exigences en mati\u00e8re de mat\u00e9riaux.<\/p>\n<\/li>\n<li data-start=\"5226\" data-end=\"5380\">\n<p data-start=\"5228\" data-end=\"5380\"><strong data-start=\"5228\" data-end=\"5251\">MSS-SP-79\/83\/95\/97 :<\/strong> Normes \u00e9tablies par la Manufacturers Standardization Society pour les raccords forg\u00e9s, couvrant diff\u00e9rentes classes de pression et diff\u00e9rents mat\u00e9riaux.<\/p>\n<\/li>\n<li data-start=\"5382\" data-end=\"5489\">\n<p data-start=\"5384\" data-end=\"5489\"><strong data-start=\"5384\" data-end=\"5395\">BS3799 :<\/strong> Norme britannique pour les raccords en acier forg\u00e9, garantissant une compatibilit\u00e9 et une qualit\u00e9 internationales.<\/p>\n<\/li>\n<\/ul>","protected":false},"excerpt":{"rendered":"<p data-pm-slice=\"1 1 []\">Mat\u00e9riau\uff1a ASTM A182 (F304, F304L, F316, F316L, F304H, F316H, F317L, F321, F11, F22, F91)<\/p>\n<p>ASTM A105, A350 LF2, A106 Gr.B, A234 WPB, A312, A403<\/p>\n<p>Dimension\uff1aASME 16.11, MSS SP-79, 83, 95, 97 et BS3799<\/p>\n<p>Pression nominale\uff1a3000LBS, 6000LBS, 9000LBS<\/p>\n<p>Taille\uff1aNPS 1\/8\" ~ 4\" (DN6 ~ DN100)<\/p>","protected":false},"featured_media":2470,"comment_status":"open","ping_status":"closed","template":"","meta":{"_gspb_post_css":""},"product_brand":[397],"product_cat":[395],"product_tag":[445],"class_list":{"0":"post-2473","1":"product","2":"type-product","3":"status-publish","4":"has-post-thumbnail","6":"product_brand-hfittings","7":"product_cat-forged-pipe-fittings","8":"product_tag-socket-weld-pipe-fittings","10":"first","11":"instock","12":"sale","13":"shipping-taxable","14":"purchasable","15":"product-type-simple"},"_links":{"self":[{"href":"https:\/\/hfittings.com\/fr\/wp-json\/wp\/v2\/product\/2473","targetHints":{"allow":["GET"]}}],"collection":[{"href":"https:\/\/hfittings.com\/fr\/wp-json\/wp\/v2\/product"}],"about":[{"href":"https:\/\/hfittings.com\/fr\/wp-json\/wp\/v2\/types\/product"}],"replies":[{"embeddable":true,"href":"https:\/\/hfittings.com\/fr\/wp-json\/wp\/v2\/comments?post=2473"}],"wp:featuredmedia":[{"embeddable":true,"href":"https:\/\/hfittings.com\/fr\/wp-json\/wp\/v2\/media\/2470"}],"wp:attachment":[{"href":"https:\/\/hfittings.com\/fr\/wp-json\/wp\/v2\/media?parent=2473"}],"wp:term":[{"taxonomy":"product_brand","embeddable":true,"href":"https:\/\/hfittings.com\/fr\/wp-json\/wp\/v2\/product_brand?post=2473"},{"taxonomy":"product_cat","embeddable":true,"href":"https:\/\/hfittings.com\/fr\/wp-json\/wp\/v2\/product_cat?post=2473"},{"taxonomy":"product_tag","embeddable":true,"href":"https:\/\/hfittings.com\/fr\/wp-json\/wp\/v2\/product_tag?post=2473"}],"curies":[{"name":"wp","href":"https:\/\/api.w.org\/{rel}","templated":true}]}}