{"id":2469,"date":"2025-02-13T09:03:50","date_gmt":"2025-02-13T09:03:50","guid":{"rendered":"https:\/\/hfittings.com\/?post_type=product&#038;p=2469"},"modified":"2025-03-24T08:57:24","modified_gmt":"2025-03-24T08:57:24","slug":"raccords-de-tuyauterie-forges","status":"publish","type":"product","link":"https:\/\/hfittings.com\/fr\/product\/forged-pipe-fittings\/","title":{"rendered":"Raccords de tuyauterie forg\u00e9s"},"content":{"rendered":"<p data-start=\"0\" data-end=\"79\"><strong data-start=\"0\" data-end=\"79\">Raccords de tuyauterie forg\u00e9s : Composants essentiels des syst\u00e8mes de tuyauterie \u00e0 haute pression<\/strong><\/p>\n<p data-start=\"81\" data-end=\"552\">Les raccords de tuyauterie forg\u00e9s font partie int\u00e9grante de la cr\u00e9ation de connexions robustes et \u00e9tanches dans les syst\u00e8mes de tuyauterie \u00e0 haute pression. Fabriqu\u00e9s par un proc\u00e9d\u00e9 de forgeage, ces raccords sont con\u00e7us pour \u00eatre viss\u00e9s ou soud\u00e9s par embo\u00eetement \u00e0 l'extr\u00e9mit\u00e9 des tuyaux ou d'autres raccords, assurant ainsi une connexion durable et sans soudure. Ils sont largement utilis\u00e9s dans diverses industries, notamment la p\u00e9trochimie, le p\u00e9trole et le gaz, la production d'\u00e9nergie, l'a\u00e9rospatiale, les chaudi\u00e8res, les \u00e9changeurs de chaleur et les appareils \u00e0 pression.<\/p>\n<figure id=\"attachment_2470\" aria-describedby=\"caption-attachment-2470\" style=\"width: 300px\" class=\"wp-caption alignleft\"><a href=\"https:\/\/hfittings.com\/fr\/product\/socket-weld-pipe-fittings\/\"><img decoding=\"async\" class=\"wp-image-2470 size-medium\" src=\"https:\/\/hfittings.com\/wp-content\/uploads\/2025\/02\/socket-weld-pipe-fittings-300x300.jpg\" alt=\"raccords de tuyauterie forg\u00e9s\" width=\"300\" height=\"300\" data-wp-editing=\"1\" srcset=\"https:\/\/hfittings.com\/wp-content\/uploads\/2025\/02\/socket-weld-pipe-fittings-300x300.jpg 300w, https:\/\/hfittings.com\/wp-content\/uploads\/2025\/02\/socket-weld-pipe-fittings-150x150.jpg 150w, https:\/\/hfittings.com\/wp-content\/uploads\/2025\/02\/socket-weld-pipe-fittings-500x500.jpg 500w, https:\/\/hfittings.com\/wp-content\/uploads\/2025\/02\/socket-weld-pipe-fittings.jpg 660w\" sizes=\"(max-width: 300px) 100vw, 300px\" \/><\/a><figcaption id=\"caption-attachment-2470\" class=\"wp-caption-text\">Raccords de tuyauterie \u00e0 souder<\/figcaption><\/figure>\n<figure id=\"attachment_2471\" aria-describedby=\"caption-attachment-2471\" style=\"width: 300px\" class=\"wp-caption alignleft\"><a href=\"https:\/\/hfittings.com\/fr\/product\/threaded-pipe-fittings\/\"><img decoding=\"async\" class=\"size-medium wp-image-2471\" src=\"https:\/\/hfittings.com\/wp-content\/uploads\/2025\/02\/threaded-pipe-fittings-300x300.jpg\" alt=\"raccords de tuyauterie filet\u00e9s\" width=\"300\" height=\"300\" srcset=\"https:\/\/hfittings.com\/wp-content\/uploads\/2025\/02\/threaded-pipe-fittings-300x300.jpg 300w, https:\/\/hfittings.com\/wp-content\/uploads\/2025\/02\/threaded-pipe-fittings-150x150.jpg 150w, https:\/\/hfittings.com\/wp-content\/uploads\/2025\/02\/threaded-pipe-fittings-768x768.jpg 768w, https:\/\/hfittings.com\/wp-content\/uploads\/2025\/02\/threaded-pipe-fittings-500x500.jpg 500w, https:\/\/hfittings.com\/wp-content\/uploads\/2025\/02\/threaded-pipe-fittings.jpg 800w\" sizes=\"(max-width: 300px) 100vw, 300px\" \/><\/a><figcaption id=\"caption-attachment-2471\" class=\"wp-caption-text\">raccords de tuyauterie filet\u00e9s<\/figcaption><\/figure>\n<p data-start=\"554\" data-end=\"583\"><strong data-start=\"554\" data-end=\"583\">Principales caract\u00e9ristiques et avantages<\/strong><\/p>\n<ul data-start=\"585\" data-end=\"1455\">\n<li data-start=\"585\" data-end=\"739\">\n<p data-start=\"587\" data-end=\"739\"><strong data-start=\"587\" data-end=\"607\">Grande durabilit\u00e9 :<\/strong> Les raccords de tuyauterie forg\u00e9s sont connus pour leur solidit\u00e9 et leur r\u00e9sistance \u00e0 l'usure exceptionnelles, ce qui les rend id\u00e9aux pour les applications exigeantes.<\/p>\n<\/li>\n<li data-start=\"741\" data-end=\"888\">\n<p data-start=\"743\" data-end=\"888\"><strong data-start=\"743\" data-end=\"768\">Pr\u00e9cision dimensionnelle :<\/strong> Fabriqu\u00e9s selon des sp\u00e9cifications pr\u00e9cises, ces raccords assurent un ajustement parfait et des performances fiables dans les syst\u00e8mes de tuyauterie.<\/p>\n<\/li>\n<li data-start=\"890\" data-end=\"1044\">\n<p data-start=\"892\" data-end=\"1044\"><strong data-start=\"892\" data-end=\"910\">Finition lisse :<\/strong> Le processus de forgeage permet d'obtenir une finition de surface lisse, ce qui r\u00e9duit le risque de corrosion et facilite l'\u00e9coulement dans les tuyaux.<\/p>\n<\/li>\n<li data-start=\"1046\" data-end=\"1219\">\n<p data-start=\"1048\" data-end=\"1219\"><strong data-start=\"1048\" data-end=\"1075\">Performance anti-fuite :<\/strong> Con\u00e7us pour r\u00e9sister \u00e0 des pressions \u00e9lev\u00e9es, les raccords forg\u00e9s assurent des connexions \u00e9tanches, am\u00e9liorant ainsi la s\u00e9curit\u00e9 et l'efficacit\u00e9 du syst\u00e8me de tuyauterie.<\/p>\n<\/li>\n<li data-start=\"1221\" data-end=\"1455\">\n<p data-start=\"1223\" data-end=\"1455\"><strong data-start=\"1223\" data-end=\"1248\">R\u00e9sistance \u00e0 la corrosion :<\/strong> Fabriqu\u00e9s \u00e0 partir de mat\u00e9riaux tels que l'acier inoxydable, l'acier au carbone, l'acier alli\u00e9 et l'acier inoxydable super duplex, ces raccords offrent une excellente r\u00e9sistance \u00e0 la corrosion, prolongeant ainsi la dur\u00e9e de vie du syst\u00e8me de tuyauterie.<\/p>\n<\/li>\n<\/ul>\n<p data-start=\"1457\" data-end=\"1473\"><strong data-start=\"1457\" data-end=\"1473\">Applications<\/strong><\/p>\n<p data-start=\"1475\" data-end=\"1543\">Les raccords de tuyauterie forg\u00e9s sont essentiels dans diverses industries, notamment :<\/p>\n<ul data-start=\"1545\" data-end=\"2308\">\n<li data-start=\"1545\" data-end=\"1706\">\n<p data-start=\"1547\" data-end=\"1706\"><strong data-start=\"1547\" data-end=\"1574\">Industrie p\u00e9trochimique :<\/strong> Utilis\u00e9s pour le transport de produits chimiques et de gaz, les raccords doivent r\u00e9sister \u00e0 des pressions \u00e9lev\u00e9es et \u00e0 des environnements corrosifs.<\/p>\n<\/li>\n<li data-start=\"1708\" data-end=\"1819\">\n<p data-start=\"1710\" data-end=\"1819\"><strong data-start=\"1710\" data-end=\"1735\">Industrie du p\u00e9trole et du gaz :<\/strong> Indispensable pour raccorder les pipelines dans les processus d'exploration, de forage et de raffinage.<\/p>\n<\/li>\n<li data-start=\"1821\" data-end=\"1944\">\n<p data-start=\"1823\" data-end=\"1944\"><strong data-start=\"1823\" data-end=\"1844\">Production d'\u00e9lectricit\u00e9 :<\/strong> Utilis\u00e9 dans les syst\u00e8mes de vapeur et d'eau des centrales \u00e9lectriques, o\u00f9 les connexions \u00e0 haute pression sont vitales.<\/p>\n<\/li>\n<li data-start=\"1946\" data-end=\"2060\">\n<p data-start=\"1948\" data-end=\"2060\"><strong data-start=\"1948\" data-end=\"1962\">A\u00e9rospatiale :<\/strong> Utilis\u00e9s dans les syst\u00e8mes a\u00e9ronautiques, ils exigent des raccords l\u00e9gers mais robustes pour diverses applications.<\/p>\n<\/li>\n<li data-start=\"2062\" data-end=\"2174\">\n<p data-start=\"2064\" data-end=\"2174\"><strong data-start=\"2064\" data-end=\"2102\">Syst\u00e8mes de chaudi\u00e8res et d'\u00e9changeurs de chaleur :<\/strong> Essentiel pour maintenir un transfert de chaleur efficace et un contr\u00f4le de la pression.<\/p>\n<\/li>\n<li data-start=\"2176\" data-end=\"2308\">\n<p data-start=\"2178\" data-end=\"2308\"><strong data-start=\"2178\" data-end=\"2212\">Fabrication d'appareils \u00e0 pression :<\/strong> Utilis\u00e9 pour assurer l'int\u00e9grit\u00e9 et la s\u00e9curit\u00e9 des r\u00e9cipients sous pression dans diverses applications industrielles.<\/p>\n<\/li>\n<\/ul>\n<p data-start=\"2310\" data-end=\"2337\"><strong data-start=\"2310\" data-end=\"2337\">Sp\u00e9cifications des mat\u00e9riaux<\/strong><\/p>\n<p data-start=\"2339\" data-end=\"2426\">Les raccords de tuyauterie forg\u00e9s sont disponibles dans divers mat\u00e9riaux pour r\u00e9pondre \u00e0 diff\u00e9rentes applications :<\/p>\n<ul data-start=\"2428\" data-end=\"2886\">\n<li data-start=\"2428\" data-end=\"2550\">\n<p data-start=\"2430\" data-end=\"2550\"><strong data-start=\"2430\" data-end=\"2459\">Acier au carbone (ASTM A105) :<\/strong> Il est couramment utilis\u00e9 pour des applications g\u00e9n\u00e9rales en raison de sa r\u00e9sistance et de sa rentabilit\u00e9.<\/p>\n<\/li>\n<li data-start=\"2552\" data-end=\"2660\">\n<p data-start=\"2554\" data-end=\"2660\"><strong data-start=\"2554\" data-end=\"2582\">Acier inoxydable (SS316) :<\/strong> Il offre une r\u00e9sistance sup\u00e9rieure \u00e0 la corrosion, ce qui le rend id\u00e9al pour les environnements difficiles.<\/p>\n<\/li>\n<li data-start=\"2662\" data-end=\"2757\">\n<p data-start=\"2664\" data-end=\"2757\"><strong data-start=\"2664\" data-end=\"2680\">Acier alli\u00e9 :<\/strong> Offre une solidit\u00e9 et une r\u00e9sistance \u00e0 la chaleur accrues pour les applications sp\u00e9cialis\u00e9es.<\/p>\n<\/li>\n<li data-start=\"2759\" data-end=\"2886\">\n<p data-start=\"2761\" data-end=\"2886\"><strong data-start=\"2761\" data-end=\"2794\">Acier inoxydable super duplex :<\/strong> Combine une grande robustesse et une excellente r\u00e9sistance \u00e0 la corrosion, adapt\u00e9e aux conditions extr\u00eames.<\/p>\n<\/li>\n<\/ul>\n<p data-start=\"2888\" data-end=\"2920\"><strong data-start=\"2888\" data-end=\"2920\">Normes et sp\u00e9cifications<\/strong><\/p>\n<p data-start=\"2922\" data-end=\"3034\">Les raccords de tuyauterie forg\u00e9s sont fabriqu\u00e9s conform\u00e9ment aux normes industrielles afin de garantir leur qualit\u00e9 et leur compatibilit\u00e9 :<\/p>\n<ul data-start=\"3036\" data-end=\"3512\">\n<li data-start=\"3036\" data-end=\"3247\">\n<p data-start=\"3038\" data-end=\"3247\"><strong data-start=\"3038\" data-end=\"3054\">ASME B16.11 :<\/strong> Sp\u00e9cifie les exigences relatives aux raccords en acier forg\u00e9, y compris les valeurs nominales de pression et de temp\u00e9rature, les dimensions, les tol\u00e9rances, les marquages et les exigences en mati\u00e8re de mat\u00e9riaux.<\/p>\n<\/li>\n<li data-start=\"3249\" data-end=\"3403\">\n<p data-start=\"3251\" data-end=\"3403\"><strong data-start=\"3251\" data-end=\"3274\">MSS-SP-79\/83\/95\/97 :<\/strong> Normes \u00e9tablies par la Manufacturers Standardization Society pour les raccords forg\u00e9s, couvrant diff\u00e9rentes classes de pression et diff\u00e9rents mat\u00e9riaux.<\/p>\n<\/li>\n<li data-start=\"3405\" data-end=\"3512\">\n<p data-start=\"3407\" data-end=\"3512\"><strong data-start=\"3407\" data-end=\"3418\">BS3799 :<\/strong> Norme britannique pour les raccords en acier forg\u00e9, garantissant une compatibilit\u00e9 et une qualit\u00e9 internationales.<\/p>\n<\/li>\n<\/ul>\n<p data-start=\"3514\" data-end=\"3534\"><strong data-start=\"3514\" data-end=\"3534\">Pression nominale<\/strong><\/p>\n<p data-start=\"3536\" data-end=\"3641\">Les raccords de tuyauterie forg\u00e9s sont disponibles dans diff\u00e9rentes classes de pression pour r\u00e9pondre aux exigences d'applications sp\u00e9cifiques :<\/p>\n<ul data-start=\"3643\" data-end=\"3827\">\n<li data-start=\"3643\" data-end=\"3703\">\n<p data-start=\"3645\" data-end=\"3703\"><strong data-start=\"3645\" data-end=\"3660\">Classe 3000 :<\/strong> Convient aux applications \u00e0 moyenne pression.<\/p>\n<\/li>\n<li data-start=\"3705\" data-end=\"3760\">\n<p data-start=\"3707\" data-end=\"3760\"><strong data-start=\"3707\" data-end=\"3722\">Classe 6000 :<\/strong> Con\u00e7u pour les syst\u00e8mes \u00e0 haute pression.<\/p>\n<\/li>\n<li data-start=\"3762\" data-end=\"3827\">\n<p data-start=\"3764\" data-end=\"3827\"><strong data-start=\"3764\" data-end=\"3779\">Classe 9000 :<\/strong> Id\u00e9al pour les applications \u00e0 tr\u00e8s haute pression.<\/p>\n<\/li>\n<\/ul>\n<p data-start=\"3829\" data-end=\"3843\"><strong data-start=\"3829\" data-end=\"3843\">Conclusion<\/strong><\/p>\n<p data-start=\"3845\" data-end=\"4159\">Les raccords de tuyauterie forg\u00e9s sont des composants essentiels des syst\u00e8mes de tuyauterie \u00e0 haute pression, offrant r\u00e9sistance, durabilit\u00e9 et fiabilit\u00e9 dans divers secteurs. Leur capacit\u00e9 \u00e0 r\u00e9sister \u00e0 des conditions extr\u00eames et \u00e0 fournir des connexions \u00e9tanches les rend indispensables dans les applications o\u00f9 la s\u00e9curit\u00e9 et la performance sont primordiales.<\/p>","protected":false},"excerpt":{"rendered":"<p>Forged Pipe Fittings: Essential Components for High-Pressure Piping Systems Forged pipe fittings are integral to creating robust, leak-proof connections in high-pressure piping systems. Manufactured through a forging process, these fittings are designed to be screwed or socket-welded onto the ends of pipes or other fittings, ensuring a seamless and durable connection. They are widely utilized [&hellip;]<\/p>\n","protected":false},"featured_media":2481,"comment_status":"open","ping_status":"closed","template":"","meta":{"_gspb_post_css":""},"product_brand":[397],"product_cat":[395],"product_tag":[444],"class_list":{"0":"post-2469","1":"product","2":"type-product","3":"status-publish","4":"has-post-thumbnail","6":"product_brand-hfittings","7":"product_cat-forged-pipe-fittings","8":"product_tag-forged-pipe-fittings","10":"first","11":"instock","12":"sale","13":"shipping-taxable","14":"purchasable","15":"product-type-simple"},"_links":{"self":[{"href":"https:\/\/hfittings.com\/fr\/wp-json\/wp\/v2\/product\/2469","targetHints":{"allow":["GET"]}}],"collection":[{"href":"https:\/\/hfittings.com\/fr\/wp-json\/wp\/v2\/product"}],"about":[{"href":"https:\/\/hfittings.com\/fr\/wp-json\/wp\/v2\/types\/product"}],"replies":[{"embeddable":true,"href":"https:\/\/hfittings.com\/fr\/wp-json\/wp\/v2\/comments?post=2469"}],"wp:featuredmedia":[{"embeddable":true,"href":"https:\/\/hfittings.com\/fr\/wp-json\/wp\/v2\/media\/2481"}],"wp:attachment":[{"href":"https:\/\/hfittings.com\/fr\/wp-json\/wp\/v2\/media?parent=2469"}],"wp:term":[{"taxonomy":"product_brand","embeddable":true,"href":"https:\/\/hfittings.com\/fr\/wp-json\/wp\/v2\/product_brand?post=2469"},{"taxonomy":"product_cat","embeddable":true,"href":"https:\/\/hfittings.com\/fr\/wp-json\/wp\/v2\/product_cat?post=2469"},{"taxonomy":"product_tag","embeddable":true,"href":"https:\/\/hfittings.com\/fr\/wp-json\/wp\/v2\/product_tag?post=2469"}],"curies":[{"name":"wp","href":"https:\/\/api.w.org\/{rel}","templated":true}]}}