{"id":2464,"date":"2025-02-12T01:22:10","date_gmt":"2025-02-12T01:22:10","guid":{"rendered":"https:\/\/hfittings.com\/?post_type=product&#038;p=2464"},"modified":"2025-09-12T21:53:10","modified_gmt":"2025-09-12T21:53:10","slug":"bride","status":"publish","type":"product","link":"https:\/\/hfittings.com\/fr\/product\/flange\/","title":{"rendered":"Bride"},"content":{"rendered":"<h2 data-pm-slice=\"1 1 []\"><strong>Flange Basics : Brides \u00e0 tubes de haute qualit\u00e9 pour applications industrielles<\/strong><br \/>\n<strong>Des solutions fiables pour votre syst\u00e8me de tuyauterie<\/strong><\/h2>\n<p>Les brides sont des composants essentiels pour le raccordement des syst\u00e8mes de tuyauterie, assurant des joints s\u00fbrs et \u00e9tanches avec les vannes, les \u00e9quipements et d'autres composants. Deuxi\u00e8me m\u00e9thode d'assemblage la plus utilis\u00e9e apr\u00e8s le soudage, les brides de tuyauterie offrent flexibilit\u00e9, facilit\u00e9 d'entretien et efficacit\u00e9 dans la modification des syst\u00e8mes.<\/p>\n<figure id=\"attachment_2465\" aria-describedby=\"caption-attachment-2465\" style=\"width: 300px\" class=\"wp-caption alignnone\"><img decoding=\"async\" class=\"size-medium wp-image-2465\" src=\"https:\/\/hfittings.com\/wp-content\/uploads\/2025\/02\/Flange-300x204.jpg\" alt=\"Bride\" width=\"300\" height=\"204\" srcset=\"https:\/\/hfittings.com\/wp-content\/uploads\/2025\/02\/Flange-300x204.jpg 300w, https:\/\/hfittings.com\/wp-content\/uploads\/2025\/02\/Flange-768x521.jpg 768w, https:\/\/hfittings.com\/wp-content\/uploads\/2025\/02\/Flange.jpg 825w\" sizes=\"(max-width: 300px) 100vw, 300px\" \/><figcaption id=\"caption-attachment-2465\" class=\"wp-caption-text\">Bride<\/figcaption><\/figure>\n<h3><strong>Pourquoi choisir nos brides de tuyauterie ?<\/strong><\/h3>\n<p>Nos produits de haute qualit\u00e9 <strong>brides en acier inoxydable<\/strong> et d'autres mat\u00e9riaux sp\u00e9cialis\u00e9s pour les brides, notamment <strong>Monel, Inconel et Chrome Moly<\/strong>sont con\u00e7us pour r\u00e9pondre \u00e0 diverses exigences industrielles. Que ce soit pour <strong>haute pression, haute temp\u00e9rature<\/strong> ou des applications standard <strong>tuyauterie industrielle<\/strong> nous proposons des solutions fiables et durables.<\/p>\n<p>Une norme <strong>connexion \u00e0 brides<\/strong> se compose de trois \u00e9l\u00e9ments cl\u00e9s :<\/p>\n<ul data-spread=\"false\">\n<li><strong>Brides de tuyauterie<\/strong><\/li>\n<li><strong>Joint d'\u00e9tanch\u00e9it\u00e9<\/strong><\/li>\n<li><strong>Boulonnage<\/strong><\/li>\n<\/ul>\n<p>En s\u00e9lectionnant le bon <strong>types de brides, mat\u00e9riaux et pressions nominales<\/strong>vous assurez <strong>performance durable<\/strong> et <strong>efficacit\u00e9 optimale du syst\u00e8me<\/strong>.<\/p>\n<div>\n<hr \/>\n<\/div>\n<h3><strong>Nos types de brides et leurs applications<\/strong><\/h3>\n<p>Nous proposons une gamme compl\u00e8te de <strong>types de brides<\/strong>Chacun d'entre eux r\u00e9pond \u00e0 des besoins op\u00e9rationnels sp\u00e9cifiques :<\/p>\n<ul data-spread=\"false\">\n<li><strong>Brides filet\u00e9es :<\/strong> \u00c9galement connu sous le nom de <strong>brides viss\u00e9es<\/strong>Ils permettent une installation rapide sans soudure en faisant simplement correspondre le raccord filet\u00e9 au tuyau.<\/li>\n<li><strong>Brides \u00e0 embo\u00eetement (SW Flange) :<\/strong> Meilleur pour <strong>basse pression<\/strong> et <strong>basse temp\u00e9rature<\/strong> conditions, avec un syst\u00e8me de s\u00e9curit\u00e9 <strong>soudure d'angle<\/strong> connexion.<\/li>\n<li><strong>Brides \u00e0 embo\u00eetement (bride SO) :<\/strong> Une option largement utilis\u00e9e pour les syst\u00e8mes avec <strong>des d\u00e9bits plus \u00e9lev\u00e9s<\/strong>, exigeant <strong>soudures d'angle<\/strong> de part et d'autre.<\/li>\n<li><strong>Brides \u00e0 recouvrement (brides LJ) :<\/strong> Ces derniers utilisent un <strong>conception en deux parties<\/strong>id\u00e9al pour <strong>les syst\u00e8mes n\u00e9cessitant un d\u00e9montage fr\u00e9quent<\/strong> et <strong>installations \u00e0 espace limit\u00e9<\/strong>.<\/li>\n<li><strong>Brides \u00e0 collet soud\u00e9 (brides WN) :<\/strong> Connu pour <strong>haute r\u00e9sistance<\/strong> et <strong>la durabilit\u00e9<\/strong>Ces brides sont id\u00e9ales pour <strong>haute pression, haute temp\u00e9rature<\/strong> des applications.<\/li>\n<li><strong>Bride aveugle (bride BL) :<\/strong> Utilis\u00e9 pour <strong>isolation du syst\u00e8me<\/strong> ou <strong>r\u00e9siliation<\/strong>, en fournissant un <strong>joint solide et amovible<\/strong>.<\/li>\n<li><strong>Brides sp\u00e9ciales :<\/strong> Solutions personnalis\u00e9es, y compris <strong>brides \u00e0 \u00e9paulement, brides soud\u00e9es, brides \u00e0 expansion, brides \u00e0 orifice, brides \u00e0 long col soud\u00e9 et brides de r\u00e9duction<\/strong>Les produits sont con\u00e7us pour r\u00e9pondre aux besoins sp\u00e9cifiques de l'industrie.<\/li>\n<\/ul>\n<div>\n<hr \/>\n<\/div>\n<h3><strong>Types de rev\u00eatements de brides pour un joint s\u00fbr<\/strong><\/h3>\n<p>S\u00e9lection de la bonne <strong>type de face de bride<\/strong> est cruciale pour l'efficacit\u00e9 du syst\u00e8me et les performances d'\u00e9tanch\u00e9it\u00e9. Nous proposons plusieurs types de faces pour r\u00e9pondre aux besoins de votre application :<\/p>\n<ul data-spread=\"false\">\n<li><strong>Face plate (FF) :<\/strong> Id\u00e9al pour les joints \u00e0 face pleine, offrant une surface d'\u00e9tanch\u00e9it\u00e9 uniforme.<\/li>\n<li><strong>Face sur\u00e9lev\u00e9e (RF) :<\/strong> Comprend une petite section sur\u00e9lev\u00e9e pour am\u00e9liorer le contact et l'\u00e9tanch\u00e9it\u00e9 du joint.<\/li>\n<li><strong>Face de joint annulaire (RTJ) :<\/strong> Con\u00e7u pour <strong>haute pression, haute temp\u00e9rature<\/strong> en utilisant un <strong>joint m\u00e9tallique<\/strong> pour maintenir une \u00e9tanch\u00e9it\u00e9 optimale.<\/li>\n<li><strong>Languette et rainure (T&amp;G) :<\/strong> Conception auto-alignante qui am\u00e9liore la mise en place et l'adh\u00e9rence du joint.<\/li>\n<li><strong>Hommes et femmes (M&amp;F) :<\/strong> Fournit <strong>maintien pr\u00e9cis du joint<\/strong>ce qui en fait un produit id\u00e9al pour les applications d'\u00e9tanch\u00e9it\u00e9 sp\u00e9cialis\u00e9es.<\/li>\n<\/ul>\n<p>En outre, <strong>finitions lisses ou dentel\u00e9es<\/strong> sont disponibles sur la base de <strong>compatibilit\u00e9 des joints<\/strong> et <strong>performance d'\u00e9tanch\u00e9it\u00e9<\/strong> exigences.<\/p>\n<div>\n<hr \/>\n<\/div>\n<h3><strong>Dimensions et normes des brides<\/strong><\/h3>\n<p>Choisir le bon <strong>dimensions de la bride<\/strong> est essentiel pour <strong>compatibilit\u00e9 du syst\u00e8me<\/strong> et <strong>efficacit\u00e9 de l'installation<\/strong>. Nos brides sont conformes \u00e0 <strong>ASME B16.5<\/strong> et <strong>ASME B16.47<\/strong> et de veiller \u00e0 l'application des normes <strong>conformit\u00e9 mondiale<\/strong> et <strong>des performances fiables<\/strong>.<\/p>\n<p>Les principaux facteurs dimensionnels sont les suivants :<\/p>\n<ul data-spread=\"false\">\n<li><strong>Diam\u00e8tre ext\u00e9rieur (OD)<\/strong>: La largeur totale de la face de la bride.<\/li>\n<li><strong>\u00c9paisseur<\/strong>: L'\u00e9paisseur de la jante ext\u00e9rieure, qui influe sur la r\u00e9sistance et la durabilit\u00e9.<\/li>\n<li><strong>Diam\u00e8tre du cercle de boulon (BCD)<\/strong>: La distance entre les trous de boulons, mesur\u00e9e d'un centre \u00e0 l'autre.<\/li>\n<li><strong>Taille nominale de l'al\u00e9sage<\/strong>: Le diam\u00e8tre interne, correspondant au tuyau raccord\u00e9.<\/li>\n<li><strong>Compatibilit\u00e9 des tailles de tuyaux<\/strong>: S'assurer que la bride r\u00e9pond aux exigences du syst\u00e8me.<\/li>\n<\/ul>\n<div>\n<hr \/>\n<\/div>\n<h3><strong>Classification des brides et pressions nominales<\/strong><\/h3>\n<p>Toutes les brides sont class\u00e9es par <strong>pressions nominales<\/strong>Ces classifications garantissent l'ad\u00e9quation aux diff\u00e9rentes conditions d'utilisation. Ces classifications comprennent<\/p>\n<ul data-spread=\"false\">\n<li><strong>150#<\/strong><\/li>\n<li><strong>300#<\/strong><\/li>\n<li><strong>600#<\/strong><\/li>\n<li><strong>900#<\/strong><\/li>\n<li><strong>1500#<\/strong><\/li>\n<li><strong>2500#<\/strong><\/li>\n<\/ul>\n<p>En r\u00e8gle g\u00e9n\u00e9rale, <strong>des temp\u00e9ratures plus \u00e9lev\u00e9es r\u00e9duisent les tol\u00e9rances de pression<\/strong>ce qui fait qu'une classification correcte est essentielle pour un fonctionnement en toute s\u00e9curit\u00e9.<\/p>\n<div>\n<hr \/>\n<\/div>\n<h3><strong>Marquage des brides pour une identification facile<\/strong><\/h3>\n<p>Chaque bride comprend <strong>marquages normalis\u00e9s<\/strong> pour la tra\u00e7abilit\u00e9 et la conformit\u00e9, y compris<\/p>\n<ul data-spread=\"false\">\n<li><strong>Code fabricant<\/strong><\/li>\n<li><strong>Code ASTM des mat\u00e9riaux<\/strong><\/li>\n<li><strong>Qualit\u00e9 des mat\u00e9riaux<\/strong><\/li>\n<li><strong>Classe de pression et de temp\u00e9rature<\/strong><\/li>\n<li><strong>Taille et calendrier<\/strong><\/li>\n<li><strong>Num\u00e9ro de chaleur<\/strong><\/li>\n<li><strong>D\u00e9signations sp\u00e9ciales<\/strong> (le cas \u00e9ch\u00e9ant)<\/li>\n<\/ul>\n<div>\n<hr \/>\n<\/div>\n<h3><strong>Trouvez la bride adapt\u00e9e \u00e0 vos besoins<\/strong><\/h3>\n<p>Avec une vaste s\u00e9lection de <strong>brides en acier inoxydable<\/strong> et <strong>brides sp\u00e9ciales<\/strong>Nous fournissons <strong>des solutions durables et de haute qualit\u00e9<\/strong> pour une large gamme de <strong>tuyauterie industrielle<\/strong> des applications.<\/p>\n<p>Besoin de conseils d'experts ? Contactez notre <strong>\u00c9quipe de vente technique<\/strong> aujourd'hui pour trouver le meilleur <strong>brides de tuyauterie, joints et solutions de boulonnage<\/strong> pour votre prochain projet !<\/p>","protected":false},"excerpt":{"rendered":"<p>Flange Basics: High-Quality Pipe Flanges for Industrial Applications Reliable Solutions for Your Piping System Flanges are essential components for connecting piping systems, ensuring secure and leak-proof joints with valves, equipment, and other components. As the second most commonly used joining method after welding, pipe flanges provide flexibility, ease of maintenance, and efficient system modifications. Why [&hellip;]<\/p>\n","protected":false},"featured_media":2465,"comment_status":"open","ping_status":"closed","template":"","meta":{"_gspb_post_css":""},"product_brand":[397],"product_cat":[394],"product_tag":[443,440,441,442],"class_list":{"0":"post-2464","1":"product","2":"type-product","3":"status-publish","4":"has-post-thumbnail","6":"product_brand-hfittings","7":"product_cat-flange","8":"product_tag-bl","9":"product_tag-flange","10":"product_tag-so-flange","11":"product_tag-wn-flange","13":"first","14":"instock","15":"sale","16":"shipping-taxable","17":"purchasable","18":"product-type-simple"},"_links":{"self":[{"href":"https:\/\/hfittings.com\/fr\/wp-json\/wp\/v2\/product\/2464","targetHints":{"allow":["GET"]}}],"collection":[{"href":"https:\/\/hfittings.com\/fr\/wp-json\/wp\/v2\/product"}],"about":[{"href":"https:\/\/hfittings.com\/fr\/wp-json\/wp\/v2\/types\/product"}],"replies":[{"embeddable":true,"href":"https:\/\/hfittings.com\/fr\/wp-json\/wp\/v2\/comments?post=2464"}],"wp:featuredmedia":[{"embeddable":true,"href":"https:\/\/hfittings.com\/fr\/wp-json\/wp\/v2\/media\/2465"}],"wp:attachment":[{"href":"https:\/\/hfittings.com\/fr\/wp-json\/wp\/v2\/media?parent=2464"}],"wp:term":[{"taxonomy":"product_brand","embeddable":true,"href":"https:\/\/hfittings.com\/fr\/wp-json\/wp\/v2\/product_brand?post=2464"},{"taxonomy":"product_cat","embeddable":true,"href":"https:\/\/hfittings.com\/fr\/wp-json\/wp\/v2\/product_cat?post=2464"},{"taxonomy":"product_tag","embeddable":true,"href":"https:\/\/hfittings.com\/fr\/wp-json\/wp\/v2\/product_tag?post=2464"}],"curies":[{"name":"wp","href":"https:\/\/api.w.org\/{rel}","templated":true}]}}