{"id":2443,"date":"2025-01-23T08:20:27","date_gmt":"2025-01-23T08:20:27","guid":{"rendered":"https:\/\/hfittings.com\/?post_type=product&#038;p=2443"},"modified":"2025-03-24T09:12:39","modified_gmt":"2025-03-24T09:12:39","slug":"te-en-acier-inoxydable","status":"publish","type":"product","link":"https:\/\/hfittings.com\/fr\/product\/stainless-steel-tee\/","title":{"rendered":"T\u00e9 en acier inoxydable"},"content":{"rendered":"<h2><strong>T\u00e9 en acier inoxydable : Types, utilisations et avantages<\/strong><\/h2>\n<p>Les t\u00e9s en acier inoxydable sont un composant essentiel dans le monde des syst\u00e8mes de tuyauterie, car ils constituent un moyen efficace de bifurquer ou de modifier la direction du flux dans une canalisation. Ces t\u00e9s sont disponibles sous diff\u00e9rentes formes, notamment <strong>T\u00e9 \u00e9gal en acier inoxydable<\/strong>, <strong>T\u00e9 de r\u00e9duction en acier inoxydable<\/strong>, <strong>T\u00e9 soud\u00e9 bout \u00e0 bout en acier inoxydable<\/strong>Ils peuvent \u00eatre fabriqu\u00e9s \u00e0 partir de diff\u00e9rentes qualit\u00e9s d'acier inoxydable, telles que <strong>304<\/strong>, <strong>304L<\/strong>, <strong>316<\/strong>et <strong>316L<\/strong>. Chaque type de t\u00e9 en acier inoxydable offre des avantages sp\u00e9cifiques en fonction de l'application et des exigences du mat\u00e9riau.<\/p>\n<figure id=\"attachment_2444\" aria-describedby=\"caption-attachment-2444\" style=\"width: 300px\" class=\"wp-caption alignnone\"><img decoding=\"async\" class=\"size-medium wp-image-2444\" src=\"https:\/\/hfittings.com\/wp-content\/uploads\/2025\/01\/stainless-steel-tee-300x300.jpg\" alt=\"acier inoxydable-tee\" width=\"300\" height=\"300\" srcset=\"https:\/\/hfittings.com\/wp-content\/uploads\/2025\/01\/stainless-steel-tee-300x300.jpg 300w, https:\/\/hfittings.com\/wp-content\/uploads\/2025\/01\/stainless-steel-tee-150x150.jpg 150w, https:\/\/hfittings.com\/wp-content\/uploads\/2025\/01\/stainless-steel-tee-500x500.jpg 500w, https:\/\/hfittings.com\/wp-content\/uploads\/2025\/01\/stainless-steel-tee.jpg 720w\" sizes=\"(max-width: 300px) 100vw, 300px\" \/><figcaption id=\"caption-attachment-2444\" class=\"wp-caption-text\">acier inoxydable-tee<\/figcaption><\/figure>\n<h3>Les types<\/h3>\n<ol>\n<li><strong>T\u00e9 \u00e9gal en acier inoxydable<\/strong><br \/>\nLes <strong>T\u00e9 \u00e9gal en acier inoxydable<\/strong> comporte trois ouvertures de m\u00eame taille. Il est couramment utilis\u00e9 lorsque le d\u00e9bit de fluide ou de gaz doit \u00eatre r\u00e9parti uniform\u00e9ment entre les branches de la canalisation.<\/li>\n<li><strong>T\u00e9 de r\u00e9duction en acier inoxydable<\/strong><br \/>\nLes <strong>T\u00e9 de r\u00e9duction en acier inoxydable<\/strong> poss\u00e8de une branche plus petite que les autres. Ce t\u00e9 est utilis\u00e9 lorsque la canalisation doit r\u00e9duire son diam\u00e8tre en un point pr\u00e9cis pour contr\u00f4ler le d\u00e9bit ou la pression.<\/li>\n<li><strong>T\u00e9 \u00e0 souder bout \u00e0 bout en acier inoxydable<\/strong><br \/>\nLes <strong>T\u00e9 soud\u00e9 bout \u00e0 bout en acier inoxydable<\/strong> est un t\u00e9 tr\u00e8s durable qui est soud\u00e9 en place pour un raccordement sans soudure et \u00e9tanche. Il est couramment utilis\u00e9 dans les applications \u00e0 haute pression et assure une r\u00e9sistance maximale aux joints des tuyaux.<\/li>\n<li><strong>T\u00e9 \u00e0 souder bout \u00e0 bout en acier inoxydable<\/strong><br \/>\nCette variante du t\u00e9 \u00e0 soudure bout \u00e0 bout est con\u00e7ue pour les applications o\u00f9 une soudure sans soudure est essentielle, offrant une connexion lisse et r\u00e9duisant le risque de fuites.<\/li>\n<li><strong>T\u00e9 en acier inoxydable 304<\/strong><br \/>\nLes <strong>304 tee<\/strong> est l'une des nuances les plus utilis\u00e9es, connue pour son excellente r\u00e9sistance \u00e0 la corrosion, sa formabilit\u00e9 et sa durabilit\u00e9 dans la plupart des environnements. Elle est id\u00e9ale pour les applications industrielles g\u00e9n\u00e9rales, y compris l'industrie alimentaire et l'industrie chimique.<\/li>\n<li><strong>T\u00e9 en acier inoxydable 304L<\/strong><br \/>\nLes <strong>T\u00e9 304L<\/strong> offre les m\u00eames avantages que le t\u00e9 de qualit\u00e9 304, mais avec une teneur en carbone plus faible. Cela le rend moins sensible \u00e0 la pr\u00e9cipitation de carbure pendant le soudage, ce qui permet de le souder dans des applications critiques sans compromettre la r\u00e9sistance.<\/li>\n<li><strong>T\u00e9 en acier inoxydable 316<\/strong><br \/>\nLes <strong>T\u00e9 316<\/strong> est un choix de premier ordre connu pour sa r\u00e9sistance sup\u00e9rieure \u00e0 la corrosion, en particulier contre les chlorures et autres produits chimiques agressifs. Il est couramment utilis\u00e9 dans les industries maritimes, pharmaceutiques et alimentaires.<\/li>\n<li><strong>T\u00e9 en acier inoxydable 316L<\/strong><br \/>\nLes <strong>T\u00e9 316L<\/strong> est similaire \u00e0 la nuance 316, mais avec une teneur en carbone plus faible, ce qui r\u00e9duit le risque de sensibilisation et offre une meilleure soudabilit\u00e9. Il est utilis\u00e9 dans des environnements tr\u00e8s corrosifs, notamment dans les industries chimiques et p\u00e9trochimiques.<\/li>\n<\/ol>\n<h3>Avantages<\/h3>\n<ul>\n<li><strong>R\u00e9sistance \u00e0 la corrosion<\/strong>: Les t\u00e9s en acier inoxydable, en particulier ceux fabriqu\u00e9s \u00e0 partir de <strong>304<\/strong> et <strong>316<\/strong> offrent une r\u00e9sistance exceptionnelle \u00e0 la corrosion, ce qui les rend id\u00e9aux pour les environnements difficiles et chimiquement agressifs.<\/li>\n<li><strong>Durabilit\u00e9<\/strong>: Ces t\u00e9s sont con\u00e7us pour r\u00e9sister \u00e0 des pressions \u00e9lev\u00e9es et \u00e0 des temp\u00e9ratures extr\u00eames, ce qui garantit des performances durables, m\u00eame dans des conditions difficiles.<\/li>\n<li><strong>Polyvalence<\/strong>: Avec des options telles que <strong>304<\/strong>, <strong>304L<\/strong>, <strong>316<\/strong>et <strong>316L<\/strong>Les t\u00e9s en acier inoxydable peuvent \u00eatre utilis\u00e9s dans un large \u00e9ventail d'industries, de la construction \u00e0 la transformation des aliments, en passant par l'industrie pharmaceutique et p\u00e9trochimique.<\/li>\n<li><strong>Soudage sans soudure<\/strong>: <strong>T\u00e9s soud\u00e9s bout \u00e0 bout<\/strong> assurent une connexion lisse et \u00e9tanche, garantissant l'int\u00e9grit\u00e9 et la solidit\u00e9 des syst\u00e8mes de canalisation.<\/li>\n<\/ul>\n<h3>Conclusion<\/h3>\n<p>Que vous travailliez avec un <strong>304 tee<\/strong>, a <strong>T\u00e9 316L<\/strong>ou une norme <strong>T\u00e9 \u00e9gal en acier inoxydable<\/strong>Le choix du bon type et du bon mat\u00e9riau est crucial pour la performance et la long\u00e9vit\u00e9 de votre syst\u00e8me de tuyauterie. Pour les applications critiques n\u00e9cessitant une r\u00e9sistance \u00e9lev\u00e9e \u00e0 la corrosion, <strong>316<\/strong> et <strong>316L<\/strong> sont id\u00e9ales, tandis que les <strong>304<\/strong> et <strong>304L<\/strong> sont mieux adapt\u00e9s aux besoins industriels g\u00e9n\u00e9raux. Veillez toujours \u00e0 choisir des t\u00e9s de haute qualit\u00e9 pour garantir un fonctionnement s\u00fbr et fiable.<\/p>","protected":false},"excerpt":{"rendered":"<p>Stainless Steel Tee: Types, Uses, and Benefits Stainless steel tees are an essential component in the world of piping systems, providing an efficient way to branch off or change the direction of the flow in a pipeline. These tees are available in various forms, including stainless steel equal tee, stainless steel reducing tee, stainless steel [&hellip;]<\/p>\n","protected":false},"featured_media":2444,"comment_status":"open","ping_status":"closed","template":"","meta":{"_gspb_post_css":""},"product_brand":[397],"product_cat":[383],"product_tag":[],"class_list":{"0":"post-2443","1":"product","2":"type-product","3":"status-publish","4":"has-post-thumbnail","6":"product_brand-hfittings","7":"product_cat-stainless-steel-pipe-fittings","9":"first","10":"instock","11":"sale","12":"shipping-taxable","13":"purchasable","14":"product-type-simple"},"_links":{"self":[{"href":"https:\/\/hfittings.com\/fr\/wp-json\/wp\/v2\/product\/2443","targetHints":{"allow":["GET"]}}],"collection":[{"href":"https:\/\/hfittings.com\/fr\/wp-json\/wp\/v2\/product"}],"about":[{"href":"https:\/\/hfittings.com\/fr\/wp-json\/wp\/v2\/types\/product"}],"replies":[{"embeddable":true,"href":"https:\/\/hfittings.com\/fr\/wp-json\/wp\/v2\/comments?post=2443"}],"wp:featuredmedia":[{"embeddable":true,"href":"https:\/\/hfittings.com\/fr\/wp-json\/wp\/v2\/media\/2444"}],"wp:attachment":[{"href":"https:\/\/hfittings.com\/fr\/wp-json\/wp\/v2\/media?parent=2443"}],"wp:term":[{"taxonomy":"product_brand","embeddable":true,"href":"https:\/\/hfittings.com\/fr\/wp-json\/wp\/v2\/product_brand?post=2443"},{"taxonomy":"product_cat","embeddable":true,"href":"https:\/\/hfittings.com\/fr\/wp-json\/wp\/v2\/product_cat?post=2443"},{"taxonomy":"product_tag","embeddable":true,"href":"https:\/\/hfittings.com\/fr\/wp-json\/wp\/v2\/product_tag?post=2443"}],"curies":[{"name":"wp","href":"https:\/\/api.w.org\/{rel}","templated":true}]}}