{"id":2332,"date":"2025-01-13T05:12:20","date_gmt":"2025-01-13T05:12:20","guid":{"rendered":"https:\/\/hfittings.com\/?post_type=product&#038;p=2332"},"modified":"2025-03-24T08:47:47","modified_gmt":"2025-03-24T08:47:47","slug":"raccords-de-tuyauterie-en-acier-inoxydable","status":"publish","type":"product","link":"https:\/\/hfittings.com\/fr\/product\/stainless-steel-pipe-fittings\/","title":{"rendered":"Raccords de tuyauterie en acier inoxydable"},"content":{"rendered":"<h3>Raccords de tuyauterie en acier inoxydable - Qualit\u00e9 sup\u00e9rieure pour des performances fiables<\/h3>\n<p>Notre <strong>raccords de tuyauterie<\/strong> sont con\u00e7us pour offrir des performances, une durabilit\u00e9 et une r\u00e9sistance \u00e0 la corrosion sup\u00e9rieures, ce qui en fait la solution id\u00e9ale pour toute une s\u00e9rie d'applications de tuyauterie dans des secteurs tels que <strong>traitement chimique<\/strong>, <strong>p\u00e9trole et gaz<\/strong>, <strong>construction<\/strong>et <strong>transformation des aliments<\/strong>. Nous proposons une gamme compl\u00e8te de raccords de haute qualit\u00e9, notamment <strong>coudes en acier inoxydable<\/strong>, <strong>tees<\/strong>, <strong>r\u00e9ducteurs<\/strong>, <strong>bouchons<\/strong>, <strong>brides<\/strong>et <strong>coudes<\/strong>disponible dans des cat\u00e9gories sup\u00e9rieures telles que <strong>304L<\/strong>, <strong>316L<\/strong>et <strong>306L<\/strong>.<\/p>\n<figure id=\"attachment_2179\" aria-describedby=\"caption-attachment-2179\" style=\"width: 300px\" class=\"wp-caption alignnone\"><img decoding=\"async\" class=\"wp-image-2179 size-medium\" title=\"raccords de tuyauterie en acier inoxydable\" src=\"https:\/\/hfittings.com\/wp-content\/uploads\/2024\/12\/Stainless-Pipe-Fittings-300x300.jpg\" alt=\"raccords de tuyauterie en acier inoxydable\" width=\"300\" height=\"300\" srcset=\"https:\/\/hfittings.com\/wp-content\/uploads\/2024\/12\/Stainless-Pipe-Fittings-300x300.jpg 300w, https:\/\/hfittings.com\/wp-content\/uploads\/2024\/12\/Stainless-Pipe-Fittings-1024x1024.jpg 1024w, https:\/\/hfittings.com\/wp-content\/uploads\/2024\/12\/Stainless-Pipe-Fittings-150x150.jpg 150w, https:\/\/hfittings.com\/wp-content\/uploads\/2024\/12\/Stainless-Pipe-Fittings-768x768.jpg 768w, https:\/\/hfittings.com\/wp-content\/uploads\/2024\/12\/Stainless-Pipe-Fittings-1000x1000.jpg 1000w, https:\/\/hfittings.com\/wp-content\/uploads\/2024\/12\/Stainless-Pipe-Fittings-500x500.jpg 500w, https:\/\/hfittings.com\/wp-content\/uploads\/2024\/12\/Stainless-Pipe-Fittings.jpg 1280w\" sizes=\"(max-width: 300px) 100vw, 300px\" \/><figcaption id=\"caption-attachment-2179\" class=\"wp-caption-text\">raccords de tuyauterie en acier inoxydable<\/figcaption><\/figure>\n<h4>Produits cl\u00e9s dans les raccords de tuyauterie en acier inoxydable :<\/h4>\n<ol>\n<li><strong>Coude en acier inoxydable<\/strong><br \/>\nNotre <strong>coudes en acier inoxydable<\/strong> sont disponibles dans les deux <strong>304L<\/strong> et <strong>316L<\/strong> les qualit\u00e9s d'acier inoxydable. Ces <strong>raccords coud\u00e9s<\/strong> sont con\u00e7ues pour assurer un d\u00e9bit r\u00e9gulier et des changements de direction de la canalisation sans rupture. <strong>Coudes en 316L<\/strong> offrent une r\u00e9sistance sup\u00e9rieure \u00e0 la corrosion dans les environnements agressifs, tandis que les <strong>Coudes en 304L<\/strong> sont parfaits pour des conditions plus mod\u00e9r\u00e9es. Les deux sont id\u00e9ales pour une vari\u00e9t\u00e9 d'applications dans la construction, les syst\u00e8mes d'eau et les syst\u00e8mes de chauffage, de ventilation et de climatisation.<\/li>\n<li><strong>T\u00e9 en acier inoxydable<\/strong><br \/>\n<strong>T\u00e9s en acier inoxydable<\/strong> sont essentiels \u00e0 la d\u00e9rivation ou \u00e0 la combinaison des flux de fluides dans votre syst\u00e8me. Disponibles en <strong>304L<\/strong> et <strong>316L<\/strong>Ces t\u00e9s sont con\u00e7us pour assurer un raccordement s\u00fbr et sans fuite. Les <strong>T\u00e9 316L<\/strong> est parfait pour les environnements \u00e0 forte corrosion, tels que les usines chimiques et les industries marines, tandis que le <strong>T\u00e9 304L<\/strong> convient parfaitement aux syst\u00e8mes de tuyauterie g\u00e9n\u00e9raux.<\/li>\n<li><strong>R\u00e9ducteur en acier inoxydable<\/strong><br \/>\nNotre <strong>r\u00e9ducteurs en acier inoxydable<\/strong> sont con\u00e7us pour s'adapter \u00e0 des tuyaux de diff\u00e9rents diam\u00e8tres, assurant des transitions en douceur et une perte de d\u00e9bit minimale. Ces r\u00e9ducteurs sont disponibles dans les deux versions suivantes <strong>304L et 316L<\/strong> en acier inoxydable, offrant la solidit\u00e9 et la r\u00e9sistance \u00e0 la corrosion n\u00e9cessaires pour les applications sensibles \u00e0 la pression et \u00e0 la temp\u00e9rature.<\/li>\n<li><strong>Capuchon en acier inoxydable<\/strong><br \/>\nUtilis\u00e9 pour sceller les extr\u00e9mit\u00e9s des tuyaux, <strong>bouchons en acier inoxydable<\/strong> offrent une fermeture \u00e9tanche et s\u00fbre pour \u00e9viter les fuites et la contamination. Fabriqu\u00e9 en <strong>304L<\/strong> et <strong>Acier inoxydable 316L<\/strong>Ces bouchons sont durables, r\u00e9sistants \u00e0 la corrosion et id\u00e9aux pour les syst\u00e8mes de tuyauterie industriels et commerciaux.<\/li>\n<li><strong>Bride en acier inoxydable<\/strong><br \/>\n<strong>Brides en acier inoxydable<\/strong> sont essentielles pour raccorder des tuyaux, des vannes et d'autres \u00e9quipements, offrant une connexion solide et \u00e9tanche. Nos brides, disponibles \u00e0 la fois en <strong>304L<\/strong> et <strong>316L<\/strong>, ensure optimal performance in both high and low-pressure applications, especially in chemical, water treatment, and HVAC systems.<\/li>\n<li><strong>Coudes en acier inoxydable<\/strong><br \/>\n<strong>Coudes en acier inoxydable<\/strong> sont id\u00e9ales pour effectuer des changements de direction dans les tuyaux. Disponibles dans les deux <strong>304L<\/strong> et <strong>316L<\/strong> Ces coudes permettent des transitions douces qui minimisent les pertes de charge et maintiennent des d\u00e9bits optimaux.<\/li>\n<\/ol>\n<h4>Grades de mat\u00e9riaux pour de hautes performances :<\/h4>\n<ul>\n<li><strong>Acier inoxydable 304L<\/strong> - Offre une excellente r\u00e9sistance \u00e0 l'oxydation et \u00e0 la corrosion dans la plupart des environnements, ce qui le rend parfait pour les syst\u00e8mes de tuyauterie \u00e0 usage g\u00e9n\u00e9ral. Rentable et polyvalent.<\/li>\n<li><strong>Acier inoxydable 316L<\/strong> - Offre une r\u00e9sistance sup\u00e9rieure \u00e0 la corrosion, en particulier contre les chlorures, les acides et les produits chimiques agressifs. Id\u00e9al pour les environnements exigeants tels que les industries marines, chimiques et pharmaceutiques.<\/li>\n<\/ul>\n<h4>Pourquoi choisir nos raccords ?<\/h4>\n<ul>\n<li><strong>Durabilit\u00e9 et r\u00e9sistance \u00e9lev\u00e9es<\/strong> - Tous nos raccords en acier inoxydable sont fabriqu\u00e9s \u00e0 partir de mat\u00e9riaux de haute qualit\u00e9 qui garantissent des performances durables, m\u00eame dans des conditions difficiles.<\/li>\n<li><strong>R\u00e9sistance \u00e0 la corrosion<\/strong> - Qu'il s'agisse <strong>316L<\/strong> pour les applications marines ou <strong>304L<\/strong> pour les syst\u00e8mes moins exigeants, nos raccords en acier inoxydable offrent une excellente r\u00e9sistance \u00e0 la corrosion.<\/li>\n<li><strong>Solutions sur mesure<\/strong> - Nous fournissons des raccords de tuyauterie sur mesure et des solutions flexibles pour r\u00e9pondre aux besoins uniques de vos projets.<\/li>\n<li><strong>Large gamme d'applications<\/strong> - Nos produits sont utilis\u00e9s dans toute une s\u00e9rie d'industries, notamment <strong>traitement de l'eau<\/strong>, <strong>p\u00e9trole et gaz<\/strong>, <strong>chimique<\/strong>et <strong>construction<\/strong>.<\/li>\n<\/ul>\n<p>Que vous ayez besoin <strong>coudes en acier inoxydable<\/strong>, <strong>tees<\/strong>, <strong>r\u00e9ducteurs<\/strong>ou <strong>brides<\/strong>Nos produits offrent des solutions fiables et performantes pour r\u00e9pondre \u00e0 toutes vos exigences en mati\u00e8re de tuyauterie. Contactez-nous d\u00e8s aujourd'hui pour en savoir plus sur notre vaste s\u00e9lection de produits de <strong>raccords<\/strong> et obtenir la meilleure solution pour votre projet.<\/p>","protected":false},"excerpt":{"rendered":"<p>Gamme de produits : coude, t\u00e9, r\u00e9ducteur, capuchon, coude et bride...<\/p>\n<p>Taille : 1\/2\"~80\", DN15~DN2000<\/p>\n<p>Sch\u00e9ma : Sch 20, 40, STD, 80, 160, XXS<\/p>\n<p>D\u00e9signation : ASTM A403, ASME B16.9, ASME B16.5, EN 10253, EN 10241, JIS B2311<\/p>\n<p>Grade : 304\/304L\/316\/316L\/310\/321\/410\/430\/Duplex 2205<\/p>\n<p>&nbsp;<\/p>","protected":false},"featured_media":2179,"comment_status":"open","ping_status":"closed","template":"","meta":{"_gspb_post_css":""},"product_brand":[397],"product_cat":[383],"product_tag":[429,430,428],"class_list":{"0":"post-2332","1":"product","2":"type-product","3":"status-publish","4":"has-post-thumbnail","6":"product_brand-hfittings","7":"product_cat-stainless-steel-pipe-fittings","8":"product_tag-s304-fittings","9":"product_tag-s316-fittings","10":"product_tag-stainless-steel-pipe-fittings","12":"first","13":"instock","14":"sale","15":"shipping-taxable","16":"purchasable","17":"product-type-simple"},"_links":{"self":[{"href":"https:\/\/hfittings.com\/fr\/wp-json\/wp\/v2\/product\/2332","targetHints":{"allow":["GET"]}}],"collection":[{"href":"https:\/\/hfittings.com\/fr\/wp-json\/wp\/v2\/product"}],"about":[{"href":"https:\/\/hfittings.com\/fr\/wp-json\/wp\/v2\/types\/product"}],"replies":[{"embeddable":true,"href":"https:\/\/hfittings.com\/fr\/wp-json\/wp\/v2\/comments?post=2332"}],"wp:featuredmedia":[{"embeddable":true,"href":"https:\/\/hfittings.com\/fr\/wp-json\/wp\/v2\/media\/2179"}],"wp:attachment":[{"href":"https:\/\/hfittings.com\/fr\/wp-json\/wp\/v2\/media?parent=2332"}],"wp:term":[{"taxonomy":"product_brand","embeddable":true,"href":"https:\/\/hfittings.com\/fr\/wp-json\/wp\/v2\/product_brand?post=2332"},{"taxonomy":"product_cat","embeddable":true,"href":"https:\/\/hfittings.com\/fr\/wp-json\/wp\/v2\/product_cat?post=2332"},{"taxonomy":"product_tag","embeddable":true,"href":"https:\/\/hfittings.com\/fr\/wp-json\/wp\/v2\/product_tag?post=2332"}],"curies":[{"name":"wp","href":"https:\/\/api.w.org\/{rel}","templated":true}]}}