{"id":2129,"date":"2025-01-05T10:50:30","date_gmt":"2025-01-05T10:50:30","guid":{"rendered":"https:\/\/hfittings.com\/?post_type=product&#038;p=2129"},"modified":"2025-03-24T08:43:47","modified_gmt":"2025-03-24T08:43:47","slug":"te-en-acier-au-carbone","status":"publish","type":"product","link":"https:\/\/hfittings.com\/fr\/product\/carbon-steel-tee\/","title":{"rendered":"T\u00e9 en acier au carbone"},"content":{"rendered":"<h2>T\u00e9 en acier au carbone - Raccords de tuyauterie de haute qualit\u00e9 pour une gestion efficace des flux<\/h2>\n<p><strong>Tees<\/strong> sont des raccords de tuyauterie essentiels utilis\u00e9s pour relier trois sections de tuyaux, permettant au fluide ou au gaz de se r\u00e9partir dans diff\u00e9rentes directions ou de se combiner \u00e0 partir de plusieurs lignes. Fabriqu\u00e9s \u00e0 partir de mat\u00e9riaux \u00e0 haute r\u00e9sistance <strong>acier au carbone<\/strong>Ces t\u00e9s sont connus pour leur durabilit\u00e9, leur r\u00e9sistance \u00e0 l'usure et leurs excellentes performances dans les environnements \u00e0 haute pression et \u00e0 haute temp\u00e9rature. Ils sont largement utilis\u00e9s dans des industries telles que <strong>p\u00e9trole et gaz<\/strong>, <strong>traitement chimique<\/strong>, <strong>traitement de l'eau<\/strong>et <strong>construction<\/strong>.<\/p>\n<h4>Qu'est-ce qu'un t\u00e9 de tuyau ?<\/h4>\n<figure id=\"attachment_2222\" aria-describedby=\"caption-attachment-2222\" style=\"width: 300px\" class=\"wp-caption alignnone\"><img decoding=\"async\" class=\"size-medium wp-image-2222\" src=\"https:\/\/hfittings.com\/wp-content\/uploads\/2025\/01\/carbon-steel-tee-300x300.jpg\" alt=\"T\u00e9 en acier au carbone\" width=\"300\" height=\"300\" srcset=\"https:\/\/hfittings.com\/wp-content\/uploads\/2025\/01\/carbon-steel-tee-300x300.jpg 300w, https:\/\/hfittings.com\/wp-content\/uploads\/2025\/01\/carbon-steel-tee-1024x1024.jpg 1024w, https:\/\/hfittings.com\/wp-content\/uploads\/2025\/01\/carbon-steel-tee-150x150.jpg 150w, https:\/\/hfittings.com\/wp-content\/uploads\/2025\/01\/carbon-steel-tee-768x768.jpg 768w, https:\/\/hfittings.com\/wp-content\/uploads\/2025\/01\/carbon-steel-tee-1000x1000.jpg 1000w, https:\/\/hfittings.com\/wp-content\/uploads\/2025\/01\/carbon-steel-tee-500x500.jpg 500w, https:\/\/hfittings.com\/wp-content\/uploads\/2025\/01\/carbon-steel-tee.jpg 1280w\" sizes=\"(max-width: 300px) 100vw, 300px\" \/><figcaption id=\"caption-attachment-2222\" class=\"wp-caption-text\">T\u00e9 en acier au carbone<\/figcaption><\/figure>\n<p>Un t\u00e9 de tuyauterie est un raccord qui relie trois sections de tuyaux, g\u00e9n\u00e9ralement \u00e0 un point d'intersection. <strong>90 degr\u00e9s<\/strong> angle. Cela permet au fluide ou au gaz de circuler dans des directions diff\u00e9rentes, ce qui rend les t\u00e9s essentiels pour la d\u00e9rivation ou la combinaison de syst\u00e8mes de tuyauterie. Disponibles en diff\u00e9rentes tailles, mat\u00e9riaux et configurations, <strong>tees<\/strong> offrent des solutions fiables et robustes pour g\u00e9rer le d\u00e9bit des fluides dans les canalisations. Ces t\u00e9s sont con\u00e7us pour r\u00e9sister aux pressions \u00e9lev\u00e9es, aux charges lourdes et aux conditions extr\u00eames, ce qui en fait un choix id\u00e9al pour les applications industrielles exigeantes.<\/p>\n<p>Les t\u00e9s sont fabriqu\u00e9s pour r\u00e9pondre \u00e0 des normes industrielles \u00e9lev\u00e9es telles que <strong>ASTM A234 WPB<\/strong>Ils sont donc capables de r\u00e9pondre aux exigences de pression et de temp\u00e9rature de la plupart des syst\u00e8mes de canalisation.<\/p>\n<h4>Types de tees<\/h4>\n<ol>\n<li><strong>Tee-shirt sans couture<\/strong><br \/>\n<strong>Tees sans couture<\/strong> sont fabriqu\u00e9s \u00e0 partir d'une seule pi\u00e8ce d'acier au carbone, sans soudure ni joint. Cette m\u00e9thode de construction offre une solidit\u00e9 et une r\u00e9sistance \u00e0 la corrosion sup\u00e9rieures, ce qui les rend id\u00e9aux pour les syst\u00e8mes \u00e0 haute pression. Les t\u00e9s sans soudure sont souvent utilis\u00e9s dans des applications o\u00f9 la r\u00e9sistance m\u00e9canique est une exigence critique, comme dans les centrales \u00e9lectriques ou les syst\u00e8mes industriels lourds.<\/li>\n<li><strong>T\u00e9 \u00e0 souder<\/strong><br \/>\n<strong>T\u00e9s \u00e0 souder<\/strong> Les t\u00e9s sans soudure sont form\u00e9s en soudant ensemble trois sections de tuyau. Cette m\u00e9thode de construction offre une certaine flexibilit\u00e9 et permet de r\u00e9aliser des \u00e9conomies par rapport aux t\u00e9s sans soudure, bien qu'elle soit plus adapt\u00e9e aux applications \u00e0 basse pression. Les t\u00e9s \u00e0 souder se pr\u00e9sentent sous diff\u00e9rentes configurations, notamment <strong>T\u00e9s \u00e0 90 degr\u00e9s<\/strong> et <strong>t\u00e9s de r\u00e9duction<\/strong>pour r\u00e9pondre aux diff\u00e9rentes exigences en mati\u00e8re de d\u00e9bit.<\/li>\n<li><strong>T\u00e9 \u00e9gal<\/strong><br \/>\nUn <strong>T\u00e9 \u00e9gal<\/strong> est utilis\u00e9 lorsque les trois branches du tuyau sont de m\u00eame taille. Ce type de t\u00e9 garantit que le flux de fluide est r\u00e9parti uniform\u00e9ment entre les trois sections, et il est couramment utilis\u00e9 dans les syst\u00e8mes o\u00f9 l'\u00e9quilibre est important, tels que les syst\u00e8mes de distribution d'eau ou les r\u00e9seaux d'extincteurs automatiques \u00e0 eau.<\/li>\n<li><strong>T\u00e9 de r\u00e9duction<\/strong><br \/>\nA <strong>t\u00e9 de r\u00e9duction<\/strong> est utilis\u00e9 pour raccorder des tuyaux de tailles diff\u00e9rentes. Ce type de t\u00e9 permet une transition en douceur entre les gros et les petits tuyaux tout en maintenant des d\u00e9bits constants et en minimisant les pertes de charge. Les t\u00e9s de r\u00e9duction sont couramment utilis\u00e9s dans les syst\u00e8mes o\u00f9 des d\u00e9bits ou des diam\u00e8tres de tuyaux diff\u00e9rents sont requis, comme dans les syst\u00e8mes de traitement chimique ou de chauffage, ventilation et climatisation.<\/li>\n<li><strong>Tee-shirt barr\u00e9<\/strong><br \/>\n<strong>Tee-shirts barr\u00e9s<\/strong> sont dot\u00e9s d'un \u00e9cran interne (ou d'une barre) qui permet d'\u00e9viter les retours d'eau et de prot\u00e9ger les \u00e9quipements situ\u00e9s en aval. Ces t\u00e9s sont utilis\u00e9s dans les syst\u00e8mes critiques o\u00f9 il est essentiel d'emp\u00eacher les retours d'eau ou la contamination par des particules, comme dans les cas suivants <strong>traitement de l'eau<\/strong> ou <strong>raffinage du p\u00e9trole<\/strong> processus.<\/li>\n<\/ol>\n<h4>Options de rev\u00eatement pour les t\u00e9s<\/h4>\n<p>Am\u00e9liorer leurs performances et leur dur\u00e9e de vie, <strong>tees<\/strong> peuvent \u00eatre rev\u00eatus pour am\u00e9liorer leur r\u00e9sistance \u00e0 la corrosion. Parmi les options de rev\u00eatement les plus courantes, on peut citer<\/p>\n<ol>\n<li><strong>Tee-shirt noir de la peinture<\/strong><br \/>\n<strong>Peinture noire<\/strong> est un rev\u00eatement couramment utilis\u00e9 pour prot\u00e9ger les t\u00e9s en acier au carbone de la corrosion, de la salet\u00e9 et de l'humidit\u00e9 dans les applications industrielles g\u00e9n\u00e9rales. Cette option rentable est id\u00e9ale pour les applications o\u00f9 les t\u00e9s sont expos\u00e9s \u00e0 des conditions environnementales douces.<\/li>\n<li><strong>T\u00e9 \u00e0 rev\u00eatement PE<\/strong><br \/>\n<strong>Rev\u00eatement PE (poly\u00e9thyl\u00e8ne)<\/strong> constitue une solide barri\u00e8re protectrice contre l'humidit\u00e9, les produits chimiques et les dommages physiques. Ce rev\u00eatement est couramment utilis\u00e9 dans les syst\u00e8mes de tuyauterie ext\u00e9rieurs ou enterr\u00e9s, o\u00f9 les t\u00e9s peuvent \u00eatre expos\u00e9s \u00e0 des conditions m\u00e9t\u00e9orologiques difficiles ou \u00e0 des environnements corrosifs.<\/li>\n<li><strong>T\u00e9 galvanis\u00e9<\/strong><br \/>\n<strong>Galvanisation<\/strong> La galvanisation consiste \u00e0 recouvrir le t\u00e9 en acier au carbone d'une couche de zinc qui emp\u00eache la rouille et la corrosion. Les t\u00e9s galvanis\u00e9s sont parfaits pour les applications dans des environnements humides, mouill\u00e9s ou chimiquement agressifs, ce qui prolonge la dur\u00e9e de vie du raccord et minimise les besoins d'entretien.<\/li>\n<\/ol>\n<h4>Avantages des tees<\/h4>\n<ul>\n<li><strong>Durabilit\u00e9 :<\/strong> Les t\u00e9s sont con\u00e7us pour r\u00e9sister \u00e0 la pression, \u00e0 la temp\u00e9rature et \u00e0 l'usure, ce qui leur conf\u00e8re des performances \u00e0 long terme dans des environnements exigeants.<\/li>\n<li><strong>Rentabilit\u00e9 :<\/strong> Par rapport \u00e0 des mat\u00e9riaux plus co\u00fbteux comme l'acier inoxydable ou l'acier alli\u00e9, l'acier au carbone est une solution plus abordable qui offre n\u00e9anmoins des performances fiables.<\/li>\n<li><strong>Polyvalence :<\/strong> Disponibles en plusieurs tailles, configurations et rev\u00eatements, les t\u00e9s peuvent \u00eatre adapt\u00e9s pour r\u00e9pondre aux besoins sp\u00e9cifiques de divers syst\u00e8mes de tuyauterie.<\/li>\n<li><strong>R\u00e9sistance \u00e0 la corrosion :<\/strong> Les options de rev\u00eatement telles que la galvanisation et le rev\u00eatement PE contribuent \u00e0 am\u00e9liorer la r\u00e9sistance \u00e0 la corrosion des t\u00e9s, ce qui les rend adapt\u00e9s aux applications ext\u00e9rieures et corrosives.<\/li>\n<li><strong>Flexibilit\u00e9 :<\/strong> Les t\u00e9s sont disponibles dans diff\u00e9rentes configurations, y compris les t\u00e9s \u00e9gaux, les t\u00e9s de r\u00e9duction et les t\u00e9s barr\u00e9s, ce qui permet une int\u00e9gration facile dans diff\u00e9rents syst\u00e8mes.<\/li>\n<\/ul>\n<h4>Normes et certifications<\/h4>\n<p>Pour s'assurer que nos <strong>tees<\/strong> Nous les fabriquons conform\u00e9ment aux sp\u00e9cifications internationalement reconnues, afin qu'ils r\u00e9pondent \u00e0 des normes de haute qualit\u00e9 :<\/p>\n<ul>\n<li><strong>ASTM A234 WPB<\/strong>: Cette sp\u00e9cification couvre la production de t\u00e9s et de raccords utilis\u00e9s dans les syst\u00e8mes de tuyauterie sous pression. Elle garantit que les t\u00e9s r\u00e9pondent \u00e0 des exigences m\u00e9caniques et dimensionnelles strictes en mati\u00e8re de fiabilit\u00e9 et de performance.<\/li>\n<li><strong>ASME B16.9<\/strong>: Cette norme d\u00e9finit les exigences relatives aux raccords \u00e0 souder bout \u00e0 bout fabriqu\u00e9s en usine, y compris les t\u00e9s. Elle fournit des lignes directrices essentielles sur les dimensions, les tol\u00e9rances et les valeurs nominales de pression et de temp\u00e9rature afin de garantir la coh\u00e9rence et la qualit\u00e9.<\/li>\n<\/ul>\n<h4>Applications des t\u00e9s<\/h4>\n<p>Les t\u00e9s sont utilis\u00e9s dans un large \u00e9ventail d'industries, notamment :<\/p>\n<ul>\n<li><strong>P\u00e9trole et gaz :<\/strong> Les t\u00e9s sont utilis\u00e9s pour d\u00e9river ou combiner les pipelines dans les syst\u00e8mes de transport de p\u00e9trole et de gaz.<\/li>\n<li><strong>Production d'\u00e9lectricit\u00e9 :<\/strong> Dans les centrales \u00e9lectriques, les t\u00e9s sont utilis\u00e9s pour raccorder divers syst\u00e8mes de tuyauterie transportant de la vapeur, de l'eau ou d'autres fluides.<\/li>\n<li><strong>Traitement de l'eau :<\/strong> Les t\u00e9s sont utilis\u00e9s dans les syst\u00e8mes de traitement de l'eau et des eaux us\u00e9es pour diriger le flux ou combiner plusieurs branches de canalisations.<\/li>\n<li><strong>Construction :<\/strong> Les t\u00e9s sont couramment utilis\u00e9s dans les syst\u00e8mes CVC, la plomberie et d'autres installations m\u00e9caniques pour g\u00e9rer l'\u00e9coulement des fluides.<\/li>\n<\/ul>\n<h4>Conclusion<\/h4>\n<p>Les t\u00e9s sont des raccords essentiels dans les syst\u00e8mes de tuyauterie qui offrent r\u00e9sistance, durabilit\u00e9 et flexibilit\u00e9. Que vous ayez besoin de <strong>tees \u00e9gaux<\/strong>, <strong>t\u00e9s de r\u00e9duction<\/strong>ou <strong>T\u00e9s \u00e0 souder<\/strong>Ces raccords sont con\u00e7us pour r\u00e9pondre aux exigences des environnements \u00e0 haute pression et \u00e0 haute temp\u00e9rature. Avec des options de rev\u00eatement telles que <strong>peinture noire<\/strong>, <strong>Rev\u00eatement PE<\/strong>et <strong>galvanisation<\/strong>Les t\u00e9s en acier inoxydable offrent une meilleure r\u00e9sistance \u00e0 la corrosion et une dur\u00e9e de vie plus longue.<\/p>\n<p>Si vous cherchez <strong>des tee-shirts de haute qualit\u00e9<\/strong> qui r\u00e9pondent aux normes industrielles telles que <strong>ASTM A234 WPB<\/strong> et <strong>ASME B16.9<\/strong>Si vous avez besoin d'un tuyau en T, choisissez un fournisseur de confiance qui peut vous proposer une gamme de tailles, de configurations et de rev\u00eatements pour r\u00e9pondre \u00e0 vos besoins sp\u00e9cifiques. Les t\u00e9s restent un excellent choix pour des syst\u00e8mes de tuyauterie fiables, rentables et performants dans diverses industries.<\/p>","protected":false},"excerpt":{"rendered":"<p>Taille : 1\/2\"~80\", DN15~DN2000<\/p>\n<p>Sch\u00e9ma : Sch 20, 40, STD, 80, 160, XXS<\/p>\n<p>D\u00e9signation : ASTM \/ ASME A234, A860, A420<\/p>\n<p>Grade : WPB\/C, WPHY 42, 46, 52, 60, 65, 70, WPL 3, 6, 9<\/p>\n<p>Type : Coude sans soudure et coude \u00e0 souder<\/p>","protected":false},"featured_media":2222,"comment_status":"open","ping_status":"closed","template":"","meta":{"_gspb_post_css":""},"product_brand":[397],"product_cat":[133],"product_tag":[423,422,424],"class_list":{"0":"post-2129","1":"product","2":"type-product","3":"status-publish","4":"has-post-thumbnail","6":"product_brand-hfittings","7":"product_cat-carbon-steel-pipe-fittings","8":"product_tag-butt-weld-tee","9":"product_tag-carbon-steel-tee","10":"product_tag-seamless-tee","12":"first","13":"instock","14":"sale","15":"shipping-taxable","16":"purchasable","17":"product-type-simple"},"_links":{"self":[{"href":"https:\/\/hfittings.com\/fr\/wp-json\/wp\/v2\/product\/2129","targetHints":{"allow":["GET"]}}],"collection":[{"href":"https:\/\/hfittings.com\/fr\/wp-json\/wp\/v2\/product"}],"about":[{"href":"https:\/\/hfittings.com\/fr\/wp-json\/wp\/v2\/types\/product"}],"replies":[{"embeddable":true,"href":"https:\/\/hfittings.com\/fr\/wp-json\/wp\/v2\/comments?post=2129"}],"wp:featuredmedia":[{"embeddable":true,"href":"https:\/\/hfittings.com\/fr\/wp-json\/wp\/v2\/media\/2222"}],"wp:attachment":[{"href":"https:\/\/hfittings.com\/fr\/wp-json\/wp\/v2\/media?parent=2129"}],"wp:term":[{"taxonomy":"product_brand","embeddable":true,"href":"https:\/\/hfittings.com\/fr\/wp-json\/wp\/v2\/product_brand?post=2129"},{"taxonomy":"product_cat","embeddable":true,"href":"https:\/\/hfittings.com\/fr\/wp-json\/wp\/v2\/product_cat?post=2129"},{"taxonomy":"product_tag","embeddable":true,"href":"https:\/\/hfittings.com\/fr\/wp-json\/wp\/v2\/product_tag?post=2129"}],"curies":[{"name":"wp","href":"https:\/\/api.w.org\/{rel}","templated":true}]}}