{"id":2123,"date":"2024-12-23T07:50:11","date_gmt":"2024-12-23T07:50:11","guid":{"rendered":"https:\/\/hfittings.com\/?post_type=product&#038;p=2123"},"modified":"2025-12-20T01:49:12","modified_gmt":"2025-12-20T01:49:12","slug":"coude-en-acier-au-carbone","status":"publish","type":"product","link":"https:\/\/hfittings.com\/fr\/product\/carbon-steel-elbow\/","title":{"rendered":"Coude en acier au carbone"},"content":{"rendered":"<h1><strong>Acier au carbone <\/strong><strong>Coude <\/strong><strong>ASTM A234 WPB 90 degr\u00e9s sans soudure et soud\u00e9\u00a0<\/strong><\/h1>\n<p>Les coudes sont essentiels <strong>raccords de tuyauterie<\/strong> utilis\u00e9s pour changer la direction des tuyaux dans divers syst\u00e8mes de tuyauterie. Ces raccords sont fabriqu\u00e9s \u00e0 partir de <strong>acier au carbone<\/strong>Le coude est un mat\u00e9riau solide et durable, connu pour sa capacit\u00e9 \u00e0 r\u00e9sister \u00e0 l'usure et \u00e0 la corrosion. Qu'il s'agisse de modifier la direction de vos tuyaux de 90 degr\u00e9s, de 45 degr\u00e9s ou de r\u00e9duire la taille du tuyau, les coudes offrent des solutions fiables et durables. Ils sont largement utilis\u00e9s dans des industries telles que <strong>p\u00e9trole et gaz<\/strong>, <strong>construction<\/strong>, <strong>centrales \u00e9lectriques<\/strong>, <strong>traitement de l'eau<\/strong>et bien d'autres choses encore.<\/p>\n<h3><img decoding=\"async\" src=\"donn\u00e9es :image\/jpeg ;base64,\/9j\/4QAsRXhpZgAASUkqAAgAAAABADwBAgAJAAAAGgAAAAAAAABpbWFnZXJ5NAAA\/+wAEUR1Y2t5AAEABAAAAB4AAP\/uAA5BZG9iZQBkwAAAAAH\/2wCEABALCwsMCxAMDBAXDw0PFxsUEBAUGx8XFxcXFx8eFxoaGhoXHh4jJSclIx4vLzMzLy9AQEBAQEBAQEBAQEBAQEABEQ8PERMRFRISFRQRFBEUGhQWFhQaJhoaHBoaJjAjHh4eHiMwKy4nJycuKzU1MDA1NUBAP0BAQEBAQEBAQEBAQP\/AABEIAaQCAAMBIgACEQEDEQH\/xACFAAEAAgMBAQAAAAAAAAAAAAAAAwQBAgUGBwEBAQEAAAAAAAAAAAAAAAAAAAECEAACAQMCBAQDBQYFAwQDAAAAAQIRAwQhMUFREgVhcSIGgTITkaGxQlLB0WJyIxThgpIzB0MkFbJTNBbw8cIRAQEBAQEBAQAAAAAAAAAAAAABEUExIWH\/2gAMAwEAAhEDEQA\/APoAAAAAAAAAAAAAAAAAAAAAAAAAMGspxgqzaiubA3BFC\/ZuOkJxk+SepIBkAAAAAAAAAAAAAAAAAAAAAAAAAAAAAAAAAAAAAAAAAAAAAAAAAAAAAAAAAAAAAAAAAAAAAAAAAAAAANW0lV6JcTS9ft2IOdx0XLmed7j3mdzqjGVIcIr9oHTze7wspxstOX6nt8EcHJ7nkXKuU+t\/YvsKF7Lcm22VLmQUXv72XVVNxmvHVfFHW7Z7ncJKznPqtvRXuMf5ufmeSuX01R\/AjeStObWpB9XjKM4qUWpRaqmtmjY8L7Z9yLFurBy5f9rcdLc3\/wBKT4fys9ytgMgAAAAAAAAAAAAAAAAAAAAAAAAGraSq3RLiBsYPNd796YPb27OMv7i+uKfoT8+J4vuXuvu+e2rl927b\/wCnb9K+4D6bk927biaZGTbttcHJV+woT94+34Nr+5rTlGX7j5S7s5tuUm34sdTbpTYfB9S\/+7dh\/wDdn\/oZvD3h2Sekbk3\/AJT5\" alt=\"coude en acier au carbone\" \/><\/h3>\n<h3>Qu'est-ce qu'un coude ?<\/h3>\n<p><strong>Coude de tuyau<\/strong> Le coude relie deux sections de tuyau et permet au tuyau de changer de direction. Ces coudes sont con\u00e7us pour supporter des pressions et des temp\u00e9ratures \u00e9lev\u00e9es, ce qui les rend id\u00e9aux pour une grande vari\u00e9t\u00e9 d'applications. Les coudes de tuyaux sont disponibles en plusieurs types, notamment <strong>Coudes \u00e0 90 degr\u00e9s<\/strong>, <strong>Coudes \u00e0 45 degr\u00e9s<\/strong>et <strong>coudes de r\u00e9duction<\/strong>permettant une flexibilit\u00e9 dans les diff\u00e9rents syst\u00e8mes de tuyauterie.<\/p>\n<p>Les coudes sont fabriqu\u00e9s pour r\u00e9pondre \u00e0 des normes industrielles \u00e9lev\u00e9es telles que <strong>ASTM A234 WPB<\/strong> pour les syst\u00e8mes de tuyauterie sous pression, garantissant r\u00e9sistance, fiabilit\u00e9 et durabilit\u00e9.<\/p>\n<h3>Types de coudes<\/h3>\n<h4>1. <strong>Coude sans soudure<\/strong><\/h4>\n<p><strong>Coude sans couture<\/strong> est fabriqu\u00e9 \u00e0 partir d'une seule pi\u00e8ce d'acier sans aucune soudure. Cette conception rend le coude plus solide et plus durable, avec une meilleure r\u00e9sistance \u00e0 la pression. Les coudes sans soudure sont utilis\u00e9s dans les applications qui requi\u00e8rent une r\u00e9sistance m\u00e9canique \u00e9lev\u00e9e.<\/p>\n<h4>2. <strong>Coude \u00e0 souder<\/strong><\/h4>\n<p><strong>Coude \u00e0 souder<\/strong> est raccord\u00e9 au tuyau par soudage. Cela permet de cr\u00e9er un joint \u00e9tanche. Les coudes \u00e0 souder sont disponibles dans diff\u00e9rents angles et rayons, notamment <strong>Coudes \u00e0 90 degr\u00e9s<\/strong>, <strong>Coudes \u00e0 45 degr\u00e9s<\/strong>et <strong>long rayon<\/strong> ou <strong>coudes \u00e0 court rayon<\/strong>. Les coudes soud\u00e9s sont souvent utilis\u00e9s lorsqu'une connexion permanente et s\u00fbre est n\u00e9cessaire.<\/p>\n<h4>3. <strong>Coude \u00e0 long rayon<\/strong><\/h4>\n<p><strong>Coude \u00e0 long rayon (coude LR)<\/strong> a un rayon de courbure \u00e9gal \u00e0 1,5 fois le diam\u00e8tre du tuyau. Ces coudes sont con\u00e7us pour un \u00e9coulement fluide et sont id\u00e9aux lorsque vous souhaitez minimiser la perte de pression et maintenir un d\u00e9bit efficace dans le syst\u00e8me.<\/p>\n<h4>4. <strong>Coude \u00e0 rayon court<\/strong><\/h4>\n<p>Les <strong>coude \u00e0 rayon court (coude SR)<\/strong> a un rayon de courbure plus petit, \u00e9gal au diam\u00e8tre du tuyau. Il est utilis\u00e9 dans les espaces restreints o\u00f9 un virage serr\u00e9 est n\u00e9cessaire. Bien que plus compacts, les coudes \u00e0 court rayon peuvent cr\u00e9er une plus grande r\u00e9sistance \u00e0 l'\u00e9coulement que les coudes \u00e0 long rayon.<\/p>\n<h4>5. <strong>Coude \u00e0 90 degr\u00e9s<\/strong><\/h4>\n<p>Les <strong>Coude \u00e0 90 degr\u00e9s<\/strong> est l'un des types de coudes les plus courants. Il modifie la direction du tuyau de 90 degr\u00e9s, ce qui est utile pour les virages serr\u00e9s dans le trac\u00e9 du tuyau. Vous avez le choix entre un <strong>long rayon<\/strong> ou <strong>rayon court<\/strong> coude en fonction de vos besoins en termes d'espace et de flux.<\/p>\n<h4>6. <strong>Coude \u00e0 45 degr\u00e9s<\/strong><\/h4>\n<p><strong>Coude \u00e0 45 degr\u00e9s<\/strong> est utilis\u00e9 lorsque le tuyau doit changer de direction de 45 degr\u00e9s. Ce type de coude permet un \u00e9coulement plus r\u00e9gulier qu'un coude \u00e0 90 degr\u00e9s et est g\u00e9n\u00e9ralement utilis\u00e9 dans les syst\u00e8mes qui n\u00e9cessitent des changements de direction mod\u00e9r\u00e9s.<\/p>\n<h4>7. <strong>Coude de r\u00e9duction<\/strong><\/h4>\n<p><strong>Coude de r\u00e9duction<\/strong> est con\u00e7u pour raccorder des tuyaux de diff\u00e9rentes tailles. Il permet de changer \u00e0 la fois la direction et le diam\u00e8tre du tuyau, en maintenant un d\u00e9bit constant tout en r\u00e9duisant la taille du tuyau.<\/p>\n<h3>Options de rev\u00eatement pour les coudes en acier au carbone<\/h3>\n<p>Les coudes peuvent \u00eatre rev\u00eatus pour am\u00e9liorer leur r\u00e9sistance \u00e0 la corrosion et augmenter leur dur\u00e9e de vie. Les options de rev\u00eatement les plus courantes sont les suivantes<\/p>\n<h4>1. <strong>Coude de peinture noire<\/strong><\/h4>\n<p><strong>Peinture noire<\/strong> est une option de rev\u00eatement rentable qui aide \u00e0 prot\u00e9ger les coudes de la rouille et de la corrosion. Il est couramment utilis\u00e9 dans les applications industrielles g\u00e9n\u00e9rales o\u00f9 les coudes sont expos\u00e9s \u00e0 l'humidit\u00e9 ou \u00e0 la salet\u00e9.<\/p>\n<h4>2. <strong>Coude \u00e0 rev\u00eatement PE<\/strong><\/h4>\n<p><strong>Rev\u00eatement PE (poly\u00e9thyl\u00e8ne)<\/strong> est souvent appliqu\u00e9 sur les coudes pour les applications ext\u00e9rieures. Il cr\u00e9e une barri\u00e8re protectrice contre l'humidit\u00e9 et les produits chimiques, ce qui permet au coude de durer plus longtemps dans des conditions difficiles.<\/p>\n<h4>3. <strong>Coude galvanis\u00e9<\/strong><\/h4>\n<p>A <strong>coude galvanis\u00e9<\/strong> est rev\u00eatu de zinc pour pr\u00e9venir la rouille et la corrosion. Ce rev\u00eatement est particuli\u00e8rement utile dans les environnements o\u00f9 les coudes sont expos\u00e9s \u00e0 l'humidit\u00e9 ou \u00e0 des produits chimiques, ce qui contribue \u00e0 prolonger leur dur\u00e9e de vie.<\/p>\n<h3>Avantages des coudes<\/h3>\n<ul>\n<li><strong>Durabilit\u00e9<\/strong>: Les coudes sont con\u00e7us pour durer, supporter des pressions, des temp\u00e9ratures et des usures \u00e9lev\u00e9es.<\/li>\n<li><strong>Rentabilit\u00e9<\/strong>: Par rapport \u00e0 d'autres mat\u00e9riaux tels que <strong>acier inoxydable<\/strong> ou <strong>acier alli\u00e9<\/strong>Les coudes en acier au carbone sont plus abordables et offrent des performances fiables \u00e0 moindre co\u00fbt.<\/li>\n<li><strong>Polyvalence<\/strong>: Disponibles dans une large gamme de tailles, d'angles et de rev\u00eatements, les coudes peuvent \u00eatre personnalis\u00e9s pour n'importe quel syst\u00e8me de tuyauterie.<\/li>\n<li><strong>R\u00e9sistance \u00e0 la corrosion<\/strong>: Les rev\u00eatements protecteurs tels que <strong>galvanisation<\/strong> et <strong>Rev\u00eatement PE<\/strong> aident \u00e0 prot\u00e9ger les coudes de la rouille et de la corrosion, prolongeant ainsi leur dur\u00e9e de vie.<\/li>\n<\/ul>\n<h3>Normes et certifications<\/h3>\n<p>Les coudes sont fabriqu\u00e9s conform\u00e9ment aux normes internationales afin de garantir une qualit\u00e9 et des performances \u00e9lev\u00e9es. Voici quelques-unes des principales normes en vigueur :<\/p>\n<ul>\n<li><strong>ASTM A234 WPB<\/strong>: Cette sp\u00e9cification couvre la production de <strong>coudes<\/strong> et les raccords utilis\u00e9s dans les syst\u00e8mes de tuyauterie sous pression. Il garantit que les coudes r\u00e9pondent \u00e0 des exigences m\u00e9caniques et dimensionnelles strictes.<\/li>\n<li><strong>ASME B16.9<\/strong>: La pr\u00e9sente norme d\u00e9finit les sp\u00e9cifications des produits fabriqu\u00e9s en usine. <strong>raccords \u00e0 souder bout \u00e0 bout<\/strong>y compris les coudes. Elle fournit des d\u00e9tails sur les dimensions, les tol\u00e9rances et les valeurs nominales de pression et de temp\u00e9rature de ces raccords.<\/li>\n<\/ul>\n<h3>Applications des coudes<\/h3>\n<p>Les coudes sont utilis\u00e9s dans un grand nombre d'industries, notamment :<\/p>\n<ul>\n<li><strong>P\u00e9trole et gaz<\/strong>: Pour le transport de p\u00e9trole, de gaz et d'autres fluides dans des pipelines.<\/li>\n<li><strong>Production d'\u00e9lectricit\u00e9<\/strong>: Dans les centrales \u00e9lectriques, pour raccorder diff\u00e9rentes sections de tuyauterie.<\/li>\n<li><strong>Traitement de l'eau<\/strong>: Dans les syst\u00e8mes de traitement de l'eau et des eaux us\u00e9es.<\/li>\n<li><strong>La construction<\/strong>: Pour les syst\u00e8mes CVC, la plomberie et les autres installations m\u00e9caniques.<\/li>\n<\/ul>\n<h3>Conclusion<\/h3>\n<p>Les coudes sont essentiels <strong>raccords de tuyauterie<\/strong> qui assurent la solidit\u00e9, la durabilit\u00e9 et la flexibilit\u00e9 des syst\u00e8mes de tuyauterie. Que vous ayez besoin de <strong>Coudes \u00e0 90 degr\u00e9s<\/strong>, <strong>Coudes \u00e0 45 degr\u00e9s<\/strong>ou <strong>coudes de r\u00e9duction<\/strong>Ces raccords sont con\u00e7us pour supporter des environnements \u00e0 haute pression et \u00e0 haute temp\u00e9rature. Avec des rev\u00eatements tels que <strong>peinture noire<\/strong>, <strong>Rev\u00eatement PE<\/strong>et <strong>galvanisation<\/strong>Les coudes en acier inoxydable offrent une protection durable contre la corrosion.<\/p>\n<p>Si vous recherchez des coudes de haute qualit\u00e9 r\u00e9pondant aux normes industrielles telles que <strong>ASTM A234 WPB<\/strong> et <strong>ASME B16.9<\/strong>Les coudes en acier au carbone continuent d'\u00eatre un choix de premier ordre pour la fabrication de produits en acier inoxydable. <strong>fiable et rentable<\/strong>Les syst\u00e8mes de tuyauterie \u00e0 haute performance sont utilis\u00e9s dans tous les secteurs d'activit\u00e9.<\/p>\n<p>&nbsp;<\/p>","protected":false},"excerpt":{"rendered":"<h3><strong>ASTM A234 WPB Coude sans soudure \u00e0 90 degr\u00e9s<\/strong><\/h3>\n<h4>Contactez-nous pour conna\u00eetre les prix des autres tailles<\/h4>\n<p>Taille : 1\/2\"~80\", DN15~DN2000<\/p>\n<p>Sch\u00e9ma : Sch 20, 40, STD, 80, 160, XXS<\/p>\n<p>D\u00e9signation : ASTM \/ ASME A234, A860, A420<\/p>\n<p>Grade : WPB\/C, WPHY 42, 46, 52, 60, 65, 70, WPL 3, 6, 9<\/p>\n<p>Type : Coude sans soudure et coude \u00e0 souder<\/p>\n<h4><strong>Contactez-nous pour plus de r\u00e9ductions\uff01<\/strong><\/h4>","protected":false},"featured_media":2174,"comment_status":"open","ping_status":"closed","template":"","meta":{"_gspb_post_css":""},"product_brand":[397],"product_cat":[133],"product_tag":[421,420,419],"class_list":{"0":"post-2123","1":"product","2":"type-product","3":"status-publish","4":"has-post-thumbnail","6":"product_brand-hfittings","7":"product_cat-carbon-steel-pipe-fittings","8":"product_tag-a234-wpb-elbow","9":"product_tag-butt-weld-elbow","10":"product_tag-carbon-steel-elbow","12":"first","13":"instock","14":"sale","15":"shipping-taxable","16":"purchasable","17":"product-type-variable"},"_links":{"self":[{"href":"https:\/\/hfittings.com\/fr\/wp-json\/wp\/v2\/product\/2123","targetHints":{"allow":["GET"]}}],"collection":[{"href":"https:\/\/hfittings.com\/fr\/wp-json\/wp\/v2\/product"}],"about":[{"href":"https:\/\/hfittings.com\/fr\/wp-json\/wp\/v2\/types\/product"}],"replies":[{"embeddable":true,"href":"https:\/\/hfittings.com\/fr\/wp-json\/wp\/v2\/comments?post=2123"}],"wp:featuredmedia":[{"embeddable":true,"href":"https:\/\/hfittings.com\/fr\/wp-json\/wp\/v2\/media\/2174"}],"wp:attachment":[{"href":"https:\/\/hfittings.com\/fr\/wp-json\/wp\/v2\/media?parent=2123"}],"wp:term":[{"taxonomy":"product_brand","embeddable":true,"href":"https:\/\/hfittings.com\/fr\/wp-json\/wp\/v2\/product_brand?post=2123"},{"taxonomy":"product_cat","embeddable":true,"href":"https:\/\/hfittings.com\/fr\/wp-json\/wp\/v2\/product_cat?post=2123"},{"taxonomy":"product_tag","embeddable":true,"href":"https:\/\/hfittings.com\/fr\/wp-json\/wp\/v2\/product_tag?post=2123"}],"curies":[{"name":"wp","href":"https:\/\/api.w.org\/{rel}","templated":true}]}}