{"id":1387,"date":"2024-12-01T03:48:19","date_gmt":"2024-12-01T03:48:19","guid":{"rendered":"https:\/\/hfittings.com\/home-2\/"},"modified":"2025-02-18T06:35:37","modified_gmt":"2025-02-18T06:35:37","slug":"raccords-de-tuyauterie","status":"publish","type":"page","link":"https:\/\/hfittings.com\/fr\/pipe-fittings\/","title":{"rendered":"Accueil"},"content":{"rendered":"<h1 class=\"wp-block-heading\" id=\"pipe-fittings\">Raccords de tuyauterie<\/h1>\n\n\n\n<p>Huayue Pipe Fitting Co, Ltd, \u00e9tabli \u00e0 Cangzhou, dans la province de Hebei, en Chine, est un fabricant de premier plan sp\u00e9cialis\u00e9 dans les raccords de tuyauterie de haute qualit\u00e9. Avec des ann\u00e9es d'exp\u00e9rience, nous sommes devenus un partenaire de confiance pour les grossistes du monde entier, offrant une gamme compl\u00e8te de produits pour r\u00e9pondre aux divers besoins industriels.<\/p>\n\n\n\n<p><strong>Notre gamme de produits<\/strong><\/p>\n\n\n\n<p>Nous proposons une vaste s\u00e9lection de raccords de tuyauterie, y compris :<\/p>\n\n\n\n<ul class=\"wp-block-list\">\n<li><strong>Raccords de tuyauterie en acier au carbone<\/strong>: Nos raccords en acier au carbone, tels que les coudes, les t\u00e9s, les r\u00e9ducteurs, les capuchons et les brides, sont fabriqu\u00e9s conform\u00e9ment aux normes ASTM A234 WPB, ce qui garantit leur durabilit\u00e9 et leur fiabilit\u00e9 pour diverses applications. <\/li>\n\n\n\n<li><strong>Raccords de tuyauterie en acier inoxydable<\/strong>: Nous proposons des raccords en acier inoxydable, notamment des coudes, des t\u00e9s, des r\u00e9ducteurs, des capuchons et des brides, conformes aux normes ASTM A403 WP304L\/316L, qui offrent une excellente r\u00e9sistance \u00e0 la corrosion dans les environnements exigeants.<\/li>\n\n\n\n<li><strong>Coudes en acier sur mesure<\/strong>: Nos coudes en acier sur mesure sont disponibles dans diff\u00e9rents rayons, adapt\u00e9s aux exigences sp\u00e9cifiques du projet.<\/li>\n\n\n\n<li><strong>Brides<\/strong>: Nous fournissons une vari\u00e9t\u00e9 de brides, y compris des brides \u00e0 embo\u00eetement, des brides \u00e0 collet soud\u00e9, des brides aveugles et des brides \u00e0 recouvrement, qui conviennent \u00e0 diff\u00e9rents syst\u00e8mes de tuyauterie.<\/li>\n\n\n\n<li><strong>Tubes d'acier<\/strong>: Nous fournissons des tubes d'acier sans soudure et soud\u00e9s, disponibles en diff\u00e9rentes tailles et qualit\u00e9s pour r\u00e9pondre \u00e0 diff\u00e9rentes applications.<\/li>\n<\/ul>\n\n\n\n<p><strong>Assurance qualit\u00e9<\/strong><\/p>\n\n\n\n<p>Chez Huayue, la qualit\u00e9 est notre priorit\u00e9 absolue. Nos produits sont soumis \u00e0 des processus rigoureux de contr\u00f4le de la qualit\u00e9 \u00e0 chaque \u00e9tape de la production, de la s\u00e9lection des mati\u00e8res premi\u00e8res \u00e0 l'inspection finale. Nous respectons les normes internationales, ce qui garantit que nos raccords r\u00e9pondent aux crit\u00e8res de qualit\u00e9 les plus \u00e9lev\u00e9s.<\/p>\n\n\n\n<p><strong>Prix comp\u00e9titifs<\/strong><\/p>\n\n\n\n<p>Gr\u00e2ce \u00e0 nos capacit\u00e9s de production internes et \u00e0 une gestion efficace des co\u00fbts, nous proposons des prix comp\u00e9titifs sans faire de compromis sur la qualit\u00e9. Cette approche fait de nous un partenaire id\u00e9al pour les grossistes \u00e0 la recherche de raccords de tuyauterie fiables et rentables.<\/p>\n\n\n\n<p><strong>Livraison rapide<\/strong><\/p>\n\n\n\n<p>Nous comprenons l'importance des d\u00e9lais de livraison dans le secteur industriel. Nos lignes de production enti\u00e8rement automatis\u00e9es nous permettent d'honorer rapidement les commandes, garantissant ainsi \u00e0 nos clients la livraison de leurs produits dans les d\u00e9lais impartis.<\/p>\n\n\n\n<p><strong>Port\u00e9e mondiale<\/strong><\/p>\n\n\n\n<p>Gr\u00e2ce \u00e0 un solide r\u00e9seau de distribution, nous servons des clients dans le monde entier. Notre engagement en faveur de l'excellence nous a valu une r\u00e9putation de fournisseur fiable sur le march\u00e9 international.<\/p>\n\n\n\n<p><strong>Nous contacter<\/strong><\/p>\n\n\n\n<p>Pour toute demande de renseignements ou pour passer une commande, veuillez nous contacter \u00e0 l'adresse suivante :<\/p>\n\n\n\n<ul class=\"wp-block-list\">\n<li><strong>Courriel<\/strong>: <a>sales@hfittings.com<\/a><\/li>\n\n\n\n<li><strong>T\u00e9l\u00e9phone<\/strong>: +86 18631777030<\/li>\n\n\n\n<li><strong>Adresse<\/strong>: Zone industrielle de Yinzhuang, comt\u00e9 de Mengcun, ville de Cangzhou, province de Hebei, Chine<\/li>\n<\/ul>\n\n\n\n<p>Nous vous invitons \u00e0 d\u00e9couvrir notre gamme de produits et \u00e0 faire l'exp\u00e9rience de la qualit\u00e9 et du service offerts par Huayue Pipe Fitting Co, Ltd.<\/p>\n\n\n\n<p><\/p>","protected":false},"excerpt":{"rendered":"<p>Cangzhou huayue pipe fitting Co.,ltd est un fabricant professionnel qui exporte des tuyaux et des raccords de bonne qualit\u00e9 et \u00e0 des prix comp\u00e9titifs sur le site China.Email:sales@hfittings.com.<\/p>","protected":false},"author":1,"featured_media":0,"parent":0,"menu_order":0,"comment_status":"closed","ping_status":"closed","template":"","meta":{"_gspb_post_css":"","footnotes":""},"class_list":["post-1387","page","type-page","status-publish","hentry"],"blocksy_meta":[],"_links":{"self":[{"href":"https:\/\/hfittings.com\/fr\/wp-json\/wp\/v2\/pages\/1387","targetHints":{"allow":["GET"]}}],"collection":[{"href":"https:\/\/hfittings.com\/fr\/wp-json\/wp\/v2\/pages"}],"about":[{"href":"https:\/\/hfittings.com\/fr\/wp-json\/wp\/v2\/types\/page"}],"author":[{"embeddable":true,"href":"https:\/\/hfittings.com\/fr\/wp-json\/wp\/v2\/users\/1"}],"replies":[{"embeddable":true,"href":"https:\/\/hfittings.com\/fr\/wp-json\/wp\/v2\/comments?post=1387"}],"version-history":[{"count":7,"href":"https:\/\/hfittings.com\/fr\/wp-json\/wp\/v2\/pages\/1387\/revisions"}],"predecessor-version":[{"id":2498,"href":"https:\/\/hfittings.com\/fr\/wp-json\/wp\/v2\/pages\/1387\/revisions\/2498"}],"wp:attachment":[{"href":"https:\/\/hfittings.com\/fr\/wp-json\/wp\/v2\/media?parent=1387"}],"curies":[{"name":"wp","href":"https:\/\/api.w.org\/{rel}","templated":true}]}}