{"id":338,"date":"2024-04-23T16:44:51","date_gmt":"2024-04-23T16:44:51","guid":{"rendered":"https:\/\/startersites.io\/blocksy\/e-bike\/?post_type=product&#038;p=338"},"modified":"2025-03-22T11:40:37","modified_gmt":"2025-03-22T11:40:37","slug":"accesorios-de-tuberia-de-acero-al-carbono","status":"publish","type":"product","link":"https:\/\/hfittings.com\/es\/product\/carbon-steel-pipe-fittings\/","title":{"rendered":"Accesorios para tuber\u00edas de acero al carbono"},"content":{"rendered":"<p>HUAYUE pipe fitting co.,ltd es una empresa de fabricaci\u00f3n en crecimiento en el campo de las bridas de acero al carbono, accesorios de acero al carbono y accesorios de tuber\u00eda de acero al carbono de baja temperatura y brida.<\/p>\n<p>Nuestra rica experiencia t\u00e9cnica y nuestros organizados procedimientos de producci\u00f3n nos han ayudado a convertirnos en uno de los proveedores m\u00e1s fiables de accesorios y bridas de acero al carbono para grandes astilleros, empresas de fabricaci\u00f3n, plantas qu\u00edmicas, refiner\u00edas de petr\u00f3leo, fabricantes de maquinaria, empresas textiles y de transporte de fluidos, entre otras.<\/p>\n<p>En general, los accesorios de tuber\u00eda y bridas de acero al carbono se utilizan ampliamente para aplicaciones que no requieren materiales con mayor resistencia a la corrosi\u00f3n, como el acero inoxidable y las aleaciones de n\u00edquel.<\/p>\n<p>Los productos de acero al carbono se corroen y oxidan f\u00e1cilmente si se exponen al agua.<\/p>\n<p>HUAYUE ofrece una gama completa de accesorios de tuber\u00eda tales como reductor de acero al carbono, codo de acero al carbono, te de acero al carbono, cruz de acero al carbono, extremos de acero al carbono y codos de acero al carbono.<\/p>\n<p>Nuestros productos de brida forjada de acero al carbono o acero dulce incluyen brida roscada, brida de cuello de soldadura, brida deslizante, brida de soldadura de encaje, brida ciega, brida de junta solapada, brida de placa.<\/p>\n<p>Estamos especializados en la fabricaci\u00f3n de bridas de tama\u00f1os especiales y formas personalizadas para nuestros clientes.<\/p>\n<p>&nbsp;<\/p>\n<p>HUAYUE tambi\u00e9n almacena y suministra una gama completa de tubos de acero al carbono sin soldadura y soldados para complementar nuestra gama de producci\u00f3n existente de accesorios y bridas para soldar a tope.<\/p>\n<p>Los tubos de acero al carbono pueden suministrarse cortados a medida y tambi\u00e9n mecanizados o fabricados para satisfacer sus necesidades de tuber\u00edas.<\/p>\n<figure id=\"attachment_2173\" aria-describedby=\"caption-attachment-2173\" style=\"width: 413px\" class=\"wp-caption alignnone\"><img decoding=\"async\" class=\"wp-image-2173\" title=\"accesorios de tuber\u00eda de acero al carbono\" src=\"https:\/\/hfittings.com\/wp-content\/uploads\/2024\/12\/Carbon-Steel-Pipe-Fittings-300x300.webp\" alt=\"accesorios de tuber\u00eda de acero al carbono\" width=\"413\" height=\"413\" srcset=\"https:\/\/hfittings.com\/wp-content\/uploads\/2024\/12\/Carbon-Steel-Pipe-Fittings-300x300.webp 300w, https:\/\/hfittings.com\/wp-content\/uploads\/2024\/12\/Carbon-Steel-Pipe-Fittings-1024x1024.webp 1024w, https:\/\/hfittings.com\/wp-content\/uploads\/2024\/12\/Carbon-Steel-Pipe-Fittings-150x150.webp 150w, https:\/\/hfittings.com\/wp-content\/uploads\/2024\/12\/Carbon-Steel-Pipe-Fittings-768x768.webp 768w, https:\/\/hfittings.com\/wp-content\/uploads\/2024\/12\/Carbon-Steel-Pipe-Fittings-1000x1000.webp 1000w, https:\/\/hfittings.com\/wp-content\/uploads\/2024\/12\/Carbon-Steel-Pipe-Fittings-500x500.webp 500w, https:\/\/hfittings.com\/wp-content\/uploads\/2024\/12\/Carbon-Steel-Pipe-Fittings.webp 1500w\" sizes=\"(max-width: 413px) 100vw, 413px\" \/><figcaption id=\"caption-attachment-2173\" class=\"wp-caption-text\">accesorios de tuber\u00eda de acero al carbono<\/figcaption><\/figure>\n<p>Descripci\u00f3n del producto<\/p>\n<p>&nbsp;<\/p>\n<table border=\"1\" width=\"706\">\n<tbody>\n<tr>\n<td colspan=\"2\" valign=\"center\">Productos<\/td>\n<td valign=\"center\">codos, curvas, reducciones, tes, tapones de tubo, bridas<\/td>\n<\/tr>\n<tr>\n<td colspan=\"2\" rowspan=\"2\" valign=\"center\">Talla<\/td>\n<td valign=\"center\">Sin soldadura(SMLS) : 1\/2\u2033-24\u2033 , DN15-DN600.<\/td>\n<\/tr>\n<tr>\n<td valign=\"center\">Soldado a tope (costura) :24\"-72\u2033, DN600-DN1800.<\/td>\n<\/tr>\n<tr>\n<td colspan=\"2\" rowspan=\"2\" valign=\"center\">Tipo de codo<\/td>\n<td valign=\"center\">LR 30,45,60,90,180 grados ; SR 30,45,60,90,180 grados.<\/td>\n<\/tr>\n<tr>\n<td valign=\"center\">Radio: 1,0D, 1,5D, 2,0D, 2,5D, 3D,4D,5D,6D...<\/td>\n<\/tr>\n<tr>\n<td colspan=\"2\" valign=\"center\">Espesor<\/td>\n<td valign=\"center\">SCH10,SCH20,SCH30,STD SCH40, SCH60, SCH80., SCH100, SCH120,<\/p>\n<p>SCH140, SCH160, XS, XXS.<\/td>\n<\/tr>\n<tr>\n<td colspan=\"2\" rowspan=\"5\" valign=\"center\">Est\u00e1ndar<\/td>\n<td valign=\"center\">ASME B16.9, ASTM A234, ASTM A420, ANSI B16.9\/B16.25\/B16.28; MSS SP-75<\/td>\n<\/tr>\n<tr>\n<td valign=\"center\">DIN2605-1\/2615\/2616\/2617;<\/td>\n<\/tr>\n<tr>\n<td valign=\"center\">JIS B2311 ,2312,2313;<\/td>\n<\/tr>\n<tr>\n<td valign=\"center\">EN 10253-1, EN 10253-2, etc.<\/td>\n<\/tr>\n<tr>\n<td valign=\"center\">Tambi\u00e9n podemos fabricar seg\u00fan los planos y normas que nos faciliten los clientes.<\/td>\n<\/tr>\n<tr>\n<td rowspan=\"10\" valign=\"center\">Material<\/td>\n<td rowspan=\"3\" valign=\"center\">ASTM<\/td>\n<td valign=\"center\">Acero al carbono(ASTM A234WPB. )<\/td>\n<\/tr>\n<tr>\n<td valign=\"center\">Acero inoxidable (ASTM A403 WP304,304L,316,316L,321 ect.)<\/td>\n<\/tr>\n<tr>\n<td valign=\"center\">Alloy Steel:A234WP11,A234WP22,A420WPL6,A420WPL3.<\/td>\n<\/tr>\n<tr>\n<td rowspan=\"3\" valign=\"center\">DIN<\/td>\n<td valign=\"center\">Acero al carbono:St37.0,St35.8,St45.8;<\/td>\n<\/tr>\n<tr>\n<td valign=\"center\">Stainless steel:1.4301,1.4306,1.4401,1.4571;<\/td>\n<\/tr>\n<tr>\n<td valign=\"center\">Alloy steel:1.7335,1.7380,1.0488(1.0566);<\/td>\n<\/tr>\n<tr>\n<td rowspan=\"3\" valign=\"center\">JIS<\/td>\n<td valign=\"center\">Acero al carbono:PG370,PT410;<\/td>\n<\/tr>\n<tr>\n<td valign=\"center\">Stainless steel:SUS304,SUS304L,SUS316,SUS316L,SUS321;<\/td>\n<\/tr>\n<tr>\n<td valign=\"center\">Alloy steel:PA22,PA23,PA24,PA25,PL380;<\/td>\n<\/tr>\n<tr>\n<td valign=\"center\">GB<\/td>\n<td valign=\"center\">10#,20#,20G,23g,20R,Q235,16Mn, 16MnR,1Cr5Mo, 12CrMo<\/td>\n<\/tr>\n<tr>\n<td colspan=\"2\" valign=\"center\">Superficie<\/td>\n<td valign=\"center\">Pintura negra, pintura de barniz, aceite antioxidante, galvanizado en caliente,<\/p>\n<p>galvanizado en fr\u00edo, 3PE, etc.<\/td>\n<\/tr>\n<tr>\n<td colspan=\"2\" valign=\"center\">Aplicaciones<\/td>\n<td valign=\"center\">Tuber\u00edas de fluidos de baja y media presi\u00f3n,calderas, petr\u00f3leo y natural<\/p>\n<p>industria del gas, perforaci\u00f3n, industria qu\u00edmica, industria el\u00e9ctrica, construcci\u00f3n naval,<\/p>\n<p>equipos y tuber\u00edas para fertilizantes, estructuras, petroqu\u00edmica,<\/p>\n<p>industria farmac\u00e9utica, etc.<\/td>\n<\/tr>\n<tr>\n<td colspan=\"2\" valign=\"center\">Paquete<\/td>\n<td valign=\"center\">Pel\u00edcula pl\u00e1stica, cajas de madera, plataforma de madera, o a petici\u00f3n de los clientes<\/td>\n<\/tr>\n<tr>\n<td colspan=\"2\" valign=\"center\">Certificado<\/td>\n<td valign=\"center\">ISO9001:2008, API...<\/td>\n<\/tr>\n<tr>\n<td colspan=\"2\" valign=\"center\">Garant\u00eda<\/td>\n<td valign=\"center\">Garantizamos la calidad del producto durante 1 a\u00f1o<\/td>\n<\/tr>\n<tr>\n<td colspan=\"2\" valign=\"center\">Plazo de entrega<\/td>\n<td valign=\"center\">En un plazo de 7 d\u00edas tras la recepci\u00f3n del pago por adelantado<\/td>\n<\/tr>\n<tr>\n<td colspan=\"2\" valign=\"center\">Plazo de pago<\/td>\n<td valign=\"center\">T\/T, L\/C<\/td>\n<\/tr>\n<tr>\n<td colspan=\"2\" valign=\"center\">Ventajas<\/td>\n<td valign=\"center\">1.Precio razonable con excelente calidad<\/p>\n<p>2.Stock abundante y entrega r\u00e1pida<\/p>\n<p>3.Rica experiencia en suministro y exportaci\u00f3n, servicio sincero<\/p>\n<p>4. Transitario fiable, a 2 horas del puerto.<\/td>\n<\/tr>\n<\/tbody>\n<\/table>\n<p>&nbsp;<\/p>\n<p><strong>Marcado y embalaje<\/strong><\/p>\n<p>Los productos se embalan para garantizar que no sufran da\u00f1os durante el transporte.<\/p>\n<p>En caso de exportaci\u00f3n, el embalaje est\u00e1ndar se realiza en cajas de madera.<\/p>\n<p>Todos los accesorios y bridas est\u00e1n marcados con el grado, n\u00famero de lote, tama\u00f1o, grado y nuestra marca comercial.<\/p>\n<p>Si lo desea, tambi\u00e9n podemos personalizar el marcado de nuestros productos.<\/p>\n<p><strong>Garant\u00eda de calidad<\/strong><\/p>\n<p>En HUAYUE, todos los accesorios y bridas se someten a una estricta inspecci\u00f3n en cada etapa del proceso de producci\u00f3n, desde la compra del material de partida hasta la expedici\u00f3n del producto.<\/p>\n<p>Se examinan visualmente para comprobar su conformidad con los c\u00f3digos y normas ASTM, ASME, MSS, DIN, EN y JIS. Si se solicita, se puede recurrir a agencias de inspecci\u00f3n certificadas oficiales para comprobar los informes de materiales, las dimensiones y la conformidad de calidad de los productos.<\/p>\n<div><\/div>","protected":false},"excerpt":{"rendered":"<h4>CANGZHOU HUAYUE PIPE FITTING CO.,LTD Fabricaci\u00f3n de tuber\u00edas One-up en Cangzhou, Hebei China.<\/h4>\n<h4><\/h4>\n<h4>A234 WPB ACERO DULCE\/ACERO AL CARBONO ACCESORIOS DE TUBER\u00cdA, BRIDAS FABRICANTE, EXPORTADOR EN CHINA<\/h4>\n<h4>BRIDAS, ACCESORIOS DE TUBER\u00cdA DE ACERO AL CARBONO\/SUAVE FORJADOS, ROSCADOS Y SOLDADOS A TOPE<\/h4>\n<h4>ASTM A234, ASTM A105, ASTM A420 -ASTM A106 GRADO B, ASTM A516 GRADO 60, 65, 70<\/h4>\n<div><\/div>","protected":false},"featured_media":1157,"comment_status":"open","ping_status":"closed","template":"","meta":{"_gspb_post_css":""},"product_brand":[397],"product_cat":[133],"product_tag":[],"class_list":{"0":"post-338","1":"product","2":"type-product","3":"status-publish","4":"has-post-thumbnail","6":"product_brand-hfittings","7":"product_cat-carbon-steel-pipe-fittings","9":"first","10":"instock","11":"sale","12":"shipping-taxable","13":"purchasable","14":"product-type-simple"},"_links":{"self":[{"href":"https:\/\/hfittings.com\/es\/wp-json\/wp\/v2\/product\/338","targetHints":{"allow":["GET"]}}],"collection":[{"href":"https:\/\/hfittings.com\/es\/wp-json\/wp\/v2\/product"}],"about":[{"href":"https:\/\/hfittings.com\/es\/wp-json\/wp\/v2\/types\/product"}],"replies":[{"embeddable":true,"href":"https:\/\/hfittings.com\/es\/wp-json\/wp\/v2\/comments?post=338"}],"wp:featuredmedia":[{"embeddable":true,"href":"https:\/\/hfittings.com\/es\/wp-json\/wp\/v2\/media\/1157"}],"wp:attachment":[{"href":"https:\/\/hfittings.com\/es\/wp-json\/wp\/v2\/media?parent=338"}],"wp:term":[{"taxonomy":"product_brand","embeddable":true,"href":"https:\/\/hfittings.com\/es\/wp-json\/wp\/v2\/product_brand?post=338"},{"taxonomy":"product_cat","embeddable":true,"href":"https:\/\/hfittings.com\/es\/wp-json\/wp\/v2\/product_cat?post=338"},{"taxonomy":"product_tag","embeddable":true,"href":"https:\/\/hfittings.com\/es\/wp-json\/wp\/v2\/product_tag?post=338"}],"curies":[{"name":"wp","href":"https:\/\/api.w.org\/{rel}","templated":true}]}}