{"id":2860,"date":"2025-04-01T07:25:14","date_gmt":"2025-04-01T07:25:14","guid":{"rendered":"https:\/\/hfittings.com\/?post_type=product&#038;p=2860"},"modified":"2025-04-28T07:58:48","modified_gmt":"2025-04-28T07:58:48","slug":"so-flange","status":"publish","type":"product","link":"https:\/\/hfittings.com\/es\/product\/so-flange\/","title":{"rendered":"Brida SO"},"content":{"rendered":"<h1 class=\"\" data-start=\"76\" data-end=\"153\">Brida deslizante: Gu\u00eda completa de dise\u00f1o, ventajas y aplicaciones<\/h1>\n<p class=\"\" data-start=\"155\" data-end=\"545\">La brida deslizante -a menudo denominada brida SO- est\u00e1 dise\u00f1ada para deslizarse sobre una tuber\u00eda, gracias a que su di\u00e1metro interior es ligeramente mayor que el di\u00e1metro exterior de la tuber\u00eda. Esta caracter\u00edstica de dise\u00f1o permite insertar f\u00e1cilmente la tuber\u00eda en la brida antes de fijarla con soldaduras de filete tanto en la parte superior como en la inferior. El resultado es una conexi\u00f3n fiable y eficaz entre la tuber\u00eda y el equipo.<\/p>\n<figure id=\"attachment_2861\" aria-describedby=\"caption-attachment-2861\" style=\"width: 300px\" class=\"wp-caption alignnone\"><img decoding=\"async\" class=\"wp-image-2861 size-medium\" title=\"Brida SO Brida deslizante\" src=\"https:\/\/hfittings.com\/wp-content\/uploads\/2025\/04\/slip-on-flange-300x142.jpg\" alt=\"Brida SO Brida deslizante\" width=\"300\" height=\"142\" srcset=\"https:\/\/hfittings.com\/wp-content\/uploads\/2025\/04\/slip-on-flange-300x142.jpg 300w, https:\/\/hfittings.com\/wp-content\/uploads\/2025\/04\/slip-on-flange-1024x483.jpg 1024w, https:\/\/hfittings.com\/wp-content\/uploads\/2025\/04\/slip-on-flange-768x362.jpg 768w, https:\/\/hfittings.com\/wp-content\/uploads\/2025\/04\/slip-on-flange-18x8.jpg 18w, https:\/\/hfittings.com\/wp-content\/uploads\/2025\/04\/slip-on-flange-1000x472.jpg 1000w, https:\/\/hfittings.com\/wp-content\/uploads\/2025\/04\/slip-on-flange.jpg 1280w\" sizes=\"(max-width: 300px) 100vw, 300px\" \/><figcaption id=\"caption-attachment-2861\" class=\"wp-caption-text\">Brida SO Brida deslizante<\/figcaption><\/figure>\n<h2 class=\"\" data-start=\"547\" data-end=\"569\">Principales caracter\u00edsticas de dise\u00f1o<\/h2>\n<h3 class=\"\" data-start=\"571\" data-end=\"598\">Construcci\u00f3n innovadora<\/h3>\n<p class=\"\" data-start=\"599\" data-end=\"869\">Las bridas deslizantes tienen una cara plana y sencilla. Su dise\u00f1o permite deslizar la brida sobre la tuber\u00eda sin esfuerzo, tras lo cual se suelda en su lugar. Este m\u00e9todo de construcci\u00f3n garantiza una alineaci\u00f3n sencilla y simplifica todo el proceso de instalaci\u00f3n.<\/p>\n<h3 class=\"\" data-start=\"871\" data-end=\"900\">F\u00e1cil proceso de instalaci\u00f3n<\/h3>\n<p class=\"\" data-start=\"901\" data-end=\"1205\">Una de las principales ventajas de las bridas deslizantes es su f\u00e1cil instalaci\u00f3n. Dado que estas bridas no requieren una alineaci\u00f3n perfecta de extremo a extremo, los instaladores pueden colocarlas r\u00e1pidamente y luego fijarlas con soldadura en \u00e1ngulo. Esto no s\u00f3lo ahorra tiempo, sino que tambi\u00e9n reduce la posibilidad de errores de alineaci\u00f3n.<\/p>\n<h3 class=\"\" data-start=\"1207\" data-end=\"1233\">Aplicaciones vers\u00e1tiles<\/h3>\n<p class=\"\" data-start=\"1234\" data-end=\"1506\">Empleadas habitualmente en sistemas de baja presi\u00f3n, las bridas deslizantes son ideales para una gran variedad de sectores, como el del petr\u00f3leo y el gas, el tratamiento de aguas y el procesamiento qu\u00edmico. Su dise\u00f1o est\u00e1 adaptado para satisfacer las demandas de los sistemas de fluidos en los que las presiones extremas no son una preocupaci\u00f3n primordial.<\/p>\n<h3 class=\"\" data-start=\"1508\" data-end=\"1535\">Soluci\u00f3n rentable<\/h3>\n<p class=\"\" data-start=\"1536\" data-end=\"1749\">En comparaci\u00f3n con alternativas m\u00e1s complejas como las bridas de cuello soldado, las bridas deslizantes ofrecen una soluci\u00f3n m\u00e1s econ\u00f3mica. Su dise\u00f1o m\u00e1s sencillo y su instalaci\u00f3n menos laboriosa contribuyen a reducir los costes generales del proyecto.<\/p>\n<h3 class=\"\" data-start=\"1751\" data-end=\"1771\">Variedad de materiales<\/h3>\n<p class=\"\" data-start=\"1772\" data-end=\"2002\">Las bridas deslizantes pueden fabricarse con distintos materiales, como acero al carbono, acero inoxidable y diversas aleaciones. Esta flexibilidad permite utilizarlas en diversos entornos en funci\u00f3n de los requisitos espec\u00edficos de la aplicaci\u00f3n.<\/p>\n<h3 class=\"\" data-start=\"2004\" data-end=\"2041\">Limitaciones para el uso a alta presi\u00f3n<\/h3>\n<p class=\"\" data-start=\"2042\" data-end=\"2287\">A pesar de sus ventajas, las bridas deslizantes no suelen recomendarse para aplicaciones de alta presi\u00f3n. Su dise\u00f1o, especialmente el uso de juntas soldadas, puede no ofrecer el mismo nivel de integridad que otros tipos de bridas en condiciones extremas.<\/p>\n<figure id=\"attachment_2862\" aria-describedby=\"caption-attachment-2862\" style=\"width: 300px\" class=\"wp-caption alignnone\"><img decoding=\"async\" class=\"size-medium wp-image-2862\" src=\"https:\/\/hfittings.com\/wp-content\/uploads\/2025\/04\/SO-flange-300x247.png\" alt=\"Brida SO\" width=\"300\" height=\"247\" srcset=\"https:\/\/hfittings.com\/wp-content\/uploads\/2025\/04\/SO-flange-300x247.png 300w, https:\/\/hfittings.com\/wp-content\/uploads\/2025\/04\/SO-flange-15x12.png 15w, https:\/\/hfittings.com\/wp-content\/uploads\/2025\/04\/SO-flange.png 550w\" sizes=\"(max-width: 300px) 100vw, 300px\" \/><figcaption id=\"caption-attachment-2862\" class=\"wp-caption-text\">Brida SO<\/figcaption><\/figure>\n<h2 class=\"\" data-start=\"2289\" data-end=\"2319\">Gama de productos y normas<\/h2>\n<h3 class=\"\" data-start=\"2321\" data-end=\"2339\">Especificaciones<\/h3>\n<ul data-start=\"2340\" data-end=\"2735\">\n<li class=\"\" data-start=\"2340\" data-end=\"2428\">\n<p class=\"\" data-start=\"2342\" data-end=\"2428\"><strong data-start=\"2342\" data-end=\"2356\">Normas:<\/strong> ASTM A105 para acero al carbono y ASTM A182 para acero aleado e inoxidable.<\/p>\n<\/li>\n<li class=\"\" data-start=\"2429\" data-end=\"2500\">\n<p class=\"\" data-start=\"2431\" data-end=\"2500\"><strong data-start=\"2431\" data-end=\"2452\">Opciones de material:<\/strong> Acero al carbono, acero aleado y acero inoxidable.<\/p>\n<\/li>\n<li class=\"\" data-start=\"2501\" data-end=\"2592\">\n<p class=\"\" data-start=\"2503\" data-end=\"2592\"><strong data-start=\"2503\" data-end=\"2518\">Gama de tallas:<\/strong> Tama\u00f1os est\u00e1ndar de 1\/2\u2033 a 24\u2033, con opciones personalizadas disponibles hasta 60\u2033.<\/p>\n<\/li>\n<li class=\"\" data-start=\"2593\" data-end=\"2657\">\n<p class=\"\" data-start=\"2595\" data-end=\"2657\"><strong data-start=\"2595\" data-end=\"2616\">Presi\u00f3n nominal:<\/strong> Disponible en las clases 150 a 2500.<\/p>\n<\/li>\n<li class=\"\" data-start=\"2658\" data-end=\"2735\">\n<p class=\"\" data-start=\"2660\" data-end=\"2735\"><strong data-start=\"2660\" data-end=\"2675\">Tipos de cara:<\/strong> Entre las opciones se incluyen la junta de cara elevada (RF) y la junta tipo anillo (RTJ).<\/p>\n<\/li>\n<\/ul>\n<h3 class=\"\" data-start=\"2737\" data-end=\"2764\">Normas internacionales<\/h3>\n<p class=\"\" data-start=\"2765\" data-end=\"2965\">Las bridas deslizantes tambi\u00e9n se fabrican de acuerdo con normas internacionales como ASME B16.5 para bridas de tuber\u00eda, BS 3293 y DIN 86029, lo que garantiza la calidad y la coherencia en los distintos mercados.<\/p>\n<h2 class=\"\" data-start=\"2967\" data-end=\"3000\">M\u00e9todos de soldadura y tipos de caras<\/h2>\n<h3 class=\"\" data-start=\"3002\" data-end=\"3022\">Variantes de soldadura<\/h3>\n<p class=\"\" data-start=\"3023\" data-end=\"3080\">Existen dos clasificaciones principales de bridas deslizantes:<\/p>\n<ul data-start=\"3081\" data-end=\"3377\">\n<li class=\"\" data-start=\"3081\" data-end=\"3194\">\n<p class=\"\" data-start=\"3083\" data-end=\"3194\"><strong data-start=\"3083\" data-end=\"3116\">Bridas deslizantes soldadas:<\/strong> Ideal para aplicaciones en las que la facilidad de instalaci\u00f3n y el coste son factores importantes.<\/p>\n<\/li>\n<li class=\"\" data-start=\"3195\" data-end=\"3377\">\n<p class=\"\" data-start=\"3197\" data-end=\"3377\"><strong data-start=\"3197\" data-end=\"3236\">Bridas deslizantes soldadas de tubo con cubo:<\/strong> Ofrecen propiedades mec\u00e1nicas intermedias entre las bridas integrales y las bridas sueltas, proporcionando un equilibrio entre resistencia y facilidad de uso.<\/p>\n<\/li>\n<\/ul>\n<h3 class=\"\" data-start=\"3379\" data-end=\"3395\">Dise\u00f1os faciales<\/h3>\n<ul data-start=\"3396\" data-end=\"3899\">\n<li class=\"\" data-start=\"3396\" data-end=\"3645\">\n<p class=\"\" data-start=\"3398\" data-end=\"3645\"><strong data-start=\"3398\" data-end=\"3427\">Bridas de cara elevada (RF):<\/strong> Con una ligera protuberancia en la superficie interior, estas bridas est\u00e1n dise\u00f1adas para mejorar el asiento de la junta y aumentar el rendimiento del sellado. La altura de la cara elevada suele aumentar a medida que aumenta la presi\u00f3n nominal.<\/p>\n<\/li>\n<li class=\"\" data-start=\"3646\" data-end=\"3899\">\n<p class=\"\" data-start=\"3648\" data-end=\"3899\"><strong data-start=\"3648\" data-end=\"3664\">Bridas RTJ:<\/strong> Con una ranura mecanizada con precisi\u00f3n en la cara elevada, las bridas RTJ est\u00e1n dise\u00f1adas para aplicaciones de alta presi\u00f3n. La ranura permite la colocaci\u00f3n segura de un anillo de junta, garantizando un sellado superior en comparaci\u00f3n con el dise\u00f1o RF est\u00e1ndar.<\/p>\n<\/li>\n<\/ul>\n<h2 class=\"\" data-start=\"3901\" data-end=\"3959\">Dimensiones, presiones nominales y m\u00e9todos de fabricaci\u00f3n<\/h2>\n<h3 class=\"\" data-start=\"3961\" data-end=\"4003\">Dimensiones y clases de presi\u00f3n comunes<\/h3>\n<p class=\"\" data-start=\"4004\" data-end=\"4318\">Las bridas deslizantes est\u00e1n disponibles en di\u00e1metros exteriores comunes de 1\/2\u2033 a 24\u2033, con pedidos especiales de hasta 60\u2033. Cubren un amplio espectro de clases de presi\u00f3n, incluidas las clases 150, 300, 400, 600, 900, 1500 y 2500 (expresadas en # o LB). Estas clasificaciones corresponden a n\u00fameros de presi\u00f3n (PN) de 2,5 a 250.<\/p>\n<h3 class=\"\" data-start=\"4320\" data-end=\"4348\">T\u00e9cnicas de fabricaci\u00f3n<\/h3>\n<p class=\"\" data-start=\"4349\" data-end=\"4400\">Las bridas deslizantes se fabrican mediante varios m\u00e9todos:<\/p>\n<ul data-start=\"4401\" data-end=\"4676\">\n<li class=\"\" data-start=\"4401\" data-end=\"4512\">\n<p class=\"\" data-start=\"4403\" data-end=\"4512\"><strong data-start=\"4403\" data-end=\"4415\">Forja:<\/strong> Ofrece la m\u00e1xima calidad, por lo que estas bridas son las m\u00e1s utilizadas a pesar de su mayor coste.<\/p>\n<\/li>\n<li class=\"\" data-start=\"4513\" data-end=\"4676\">\n<p class=\"\" data-start=\"4515\" data-end=\"4676\"><strong data-start=\"4515\" data-end=\"4545\">Corte y fundici\u00f3n de acero:<\/strong> Estos m\u00e9todos ofrecen opciones adicionales para aplicaciones espec\u00edficas, lo que permite flexibilizar la producci\u00f3n en funci\u00f3n de las necesidades del proyecto.<\/p>\n<\/li>\n<\/ul>\n<h2 class=\"\" data-start=\"4678\" data-end=\"4707\">Ventajas y comparaciones<\/h2>\n<h3 class=\"\" data-start=\"4709\" data-end=\"4740\">Ventajas de las bridas deslizantes<\/h3>\n<ul data-start=\"4741\" data-end=\"5053\">\n<li class=\"\" data-start=\"4741\" data-end=\"4835\">\n<p class=\"\" data-start=\"4743\" data-end=\"4835\"><strong data-start=\"4743\" data-end=\"4772\">Menores costes de instalaci\u00f3n:<\/strong> La alineaci\u00f3n y soldadura simplificadas reducen el tiempo y los gastos.<\/p>\n<\/li>\n<li class=\"\" data-start=\"4836\" data-end=\"4933\">\n<p class=\"\" data-start=\"4838\" data-end=\"4933\"><strong data-start=\"4838\" data-end=\"4868\">Fiabilidad de sellado mejorada:<\/strong> La doble soldadura (interior y exterior) ofrece una s\u00f3lida prevenci\u00f3n de fugas.<\/p>\n<\/li>\n<li class=\"\" data-start=\"4934\" data-end=\"5053\">\n<p class=\"\" data-start=\"4936\" data-end=\"5053\"><strong data-start=\"4936\" data-end=\"4965\">Tiempo de fabricaci\u00f3n reducido:<\/strong> La posibilidad de deslizar el tubo en la brida minimiza la necesidad de realizar cortes de precisi\u00f3n.<\/p>\n<\/li>\n<\/ul>\n<h3 class=\"\" data-start=\"5055\" data-end=\"5092\">Comparaci\u00f3n con bridas de cuello soldado<\/h3>\n<ul data-start=\"5093\" data-end=\"5701\">\n<li class=\"\" data-start=\"5093\" data-end=\"5218\">\n<p class=\"\" data-start=\"5095\" data-end=\"5218\"><strong data-start=\"5095\" data-end=\"5117\">Resistencia a la presi\u00f3n:<\/strong> La capacidad de presi\u00f3n interna de una brida deslizante es aproximadamente dos tercios de la de una brida de cuello soldado.<\/p>\n<\/li>\n<li class=\"\" data-start=\"5219\" data-end=\"5341\">\n<p class=\"\" data-start=\"5221\" data-end=\"5341\"><strong data-start=\"5221\" data-end=\"5236\">Durabilidad:<\/strong> Las bridas deslizantes suelen tener una vida \u00fatil m\u00e1s corta, aproximadamente un tercio de la de las bridas de cuello soldado.<\/p>\n<\/li>\n<li class=\"\" data-start=\"5342\" data-end=\"5517\">\n<p class=\"\" data-start=\"5344\" data-end=\"5517\"><strong data-start=\"5344\" data-end=\"5369\">Requisitos de soldadura:<\/strong> Requieren dos soldaduras en \u00e1ngulo (una a cada lado), y hay que tener cuidado de dejar un espacio entre el extremo del tubo y la brida para no da\u00f1ar la cara.<\/p>\n<\/li>\n<li class=\"\" data-start=\"5518\" data-end=\"5701\">\n<p class=\"\" data-start=\"5520\" data-end=\"5701\"><strong data-start=\"5520\" data-end=\"5549\">Restricciones de instalaci\u00f3n:<\/strong> Dado que la brida debe deslizarse primero sobre el tubo, las combinaciones como brida m\u00e1s codo o brida m\u00e1s T no son viables por problemas de desalineaci\u00f3n.<\/p>\n<\/li>\n<\/ul>\n<h2 class=\"\" data-start=\"5703\" data-end=\"5716\">Conclusi\u00f3n<\/h2>\n<p class=\"\" data-start=\"5718\" data-end=\"6242\">Las bridas deslizantes presentan un excelente equilibrio entre sencillez, rentabilidad y rendimiento en sistemas de tuber\u00edas de baja presi\u00f3n. Aunque puede que no sean ideales para entornos de alta presi\u00f3n, su facilidad de instalaci\u00f3n y versatilidad de materiales las convierten en una opci\u00f3n popular para muchas aplicaciones industriales. Los ingenieros y jefes de proyecto deben sopesar las ventajas frente a las posibles limitaciones a la hora de decidir entre bridas deslizantes y otros tipos de bridas, asegur\u00e1ndose de que el producto seleccionado cumple tanto los requisitos de rendimiento como los presupuestarios.<\/p>","protected":false},"excerpt":{"rendered":"<p>Slip-On Flange: A Comprehensive Guide on Design, Benefits, and Applications Slip-on flange\u2014often referred to as an SO flange\u2014is engineered to slide over a pipe, thanks to its inner diameter being slightly larger than the pipe&#8217;s outer diameter. This design feature allows the pipe to be easily inserted into the flange before being secured with fillet [&hellip;]<\/p>\n","protected":false},"featured_media":2861,"comment_status":"open","ping_status":"closed","template":"","meta":{"_gspb_post_css":""},"product_brand":[],"product_cat":[394],"product_tag":[],"class_list":{"0":"post-2860","1":"product","2":"type-product","3":"status-publish","4":"has-post-thumbnail","6":"product_cat-flange","8":"first","9":"instock","10":"sale","11":"shipping-taxable","12":"purchasable","13":"product-type-simple"},"_links":{"self":[{"href":"https:\/\/hfittings.com\/es\/wp-json\/wp\/v2\/product\/2860","targetHints":{"allow":["GET"]}}],"collection":[{"href":"https:\/\/hfittings.com\/es\/wp-json\/wp\/v2\/product"}],"about":[{"href":"https:\/\/hfittings.com\/es\/wp-json\/wp\/v2\/types\/product"}],"replies":[{"embeddable":true,"href":"https:\/\/hfittings.com\/es\/wp-json\/wp\/v2\/comments?post=2860"}],"wp:featuredmedia":[{"embeddable":true,"href":"https:\/\/hfittings.com\/es\/wp-json\/wp\/v2\/media\/2861"}],"wp:attachment":[{"href":"https:\/\/hfittings.com\/es\/wp-json\/wp\/v2\/media?parent=2860"}],"wp:term":[{"taxonomy":"product_brand","embeddable":true,"href":"https:\/\/hfittings.com\/es\/wp-json\/wp\/v2\/product_brand?post=2860"},{"taxonomy":"product_cat","embeddable":true,"href":"https:\/\/hfittings.com\/es\/wp-json\/wp\/v2\/product_cat?post=2860"},{"taxonomy":"product_tag","embeddable":true,"href":"https:\/\/hfittings.com\/es\/wp-json\/wp\/v2\/product_tag?post=2860"}],"curies":[{"name":"wp","href":"https:\/\/api.w.org\/{rel}","templated":true}]}}