{"id":2490,"date":"2025-02-17T02:32:32","date_gmt":"2025-02-17T02:32:32","guid":{"rendered":"https:\/\/hfittings.com\/?post_type=product&#038;p=2490"},"modified":"2025-03-24T09:00:56","modified_gmt":"2025-03-24T09:00:56","slug":"codos-de-tubo-de-acero","status":"publish","type":"product","link":"https:\/\/hfittings.com\/es\/product\/steel-pipe-bends\/","title":{"rendered":"Curvas para tubos de acero"},"content":{"rendered":"<h2 data-start=\"0\" data-end=\"52\"><strong data-start=\"0\" data-end=\"52\">Curvas para tubos de acero: Visi\u00f3n general de los productos<\/strong><\/h2>\n<p data-start=\"54\" data-end=\"298\">Los codos de tubo de acero son componentes esenciales en los sistemas de tuber\u00edas, ya que facilitan la redirecci\u00f3n del flujo de fluidos para adaptarse a diversos requisitos operativos. Est\u00e1n disponibles en m\u00faltiples normas y configuraciones para satisfacer las diversas necesidades de la industria.<\/p>\n<figure id=\"attachment_2491\" aria-describedby=\"caption-attachment-2491\" style=\"width: 300px\" class=\"wp-caption alignnone\"><img decoding=\"async\" class=\"size-medium wp-image-2491\" src=\"https:\/\/hfittings.com\/wp-content\/uploads\/2025\/02\/steel-pipe-bends-300x300.webp\" alt=\"codos de tubo de acero\" width=\"300\" height=\"300\" srcset=\"https:\/\/hfittings.com\/wp-content\/uploads\/2025\/02\/steel-pipe-bends-300x300.webp 300w, https:\/\/hfittings.com\/wp-content\/uploads\/2025\/02\/steel-pipe-bends-150x150.webp 150w, https:\/\/hfittings.com\/wp-content\/uploads\/2025\/02\/steel-pipe-bends-500x500.webp 500w, https:\/\/hfittings.com\/wp-content\/uploads\/2025\/02\/steel-pipe-bends.webp 600w\" sizes=\"(max-width: 300px) 100vw, 300px\" \/><figcaption id=\"caption-attachment-2491\" class=\"wp-caption-text\">codos de tubo de acero<\/figcaption><\/figure>\n<p data-start=\"300\" data-end=\"333\"><strong data-start=\"300\" data-end=\"333\">Normas y especificaciones:<\/strong><\/p>\n<ul data-start=\"335\" data-end=\"1349\">\n<li data-start=\"335\" data-end=\"555\">\n<p data-start=\"337\" data-end=\"555\"><strong data-start=\"337\" data-end=\"370\">Codo de tubo ASTM\/ASME A234 WPB:<\/strong> Fabricados en acero al carbono, estos codos cumplen las normas ASTM A234 WPB, lo que garantiza su durabilidad y fiabilidad en aplicaciones de alta presi\u00f3n.<\/p>\n<\/li>\n<li data-start=\"557\" data-end=\"709\">\n<p data-start=\"559\" data-end=\"709\"><strong data-start=\"559\" data-end=\"588\">Curvado de tubos ASTM\/ASME A860:<\/strong> Dise\u00f1ados para aplicaciones de alta resistencia, estos codos cumplen la norma ASTM A860, adecuada para entornos exigentes.<\/p>\n<\/li>\n<li data-start=\"711\" data-end=\"857\">\n<p data-start=\"713\" data-end=\"857\"><strong data-start=\"713\" data-end=\"737\">MSS-SP-75 Curva de tubo:<\/strong> Conformes con la especificaci\u00f3n MSS-SP-75, estos codos est\u00e1n fabricados para aplicaciones de baja presi\u00f3n y resistentes a la corrosi\u00f3n.<\/p>\n<\/li>\n<li data-start=\"859\" data-end=\"1059\">\n<p data-start=\"861\" data-end=\"1059\"><strong data-start=\"861\" data-end=\"906\">Grados WPHY (42, 46, 52, 56, 60, 65, 70):<\/strong> Estos codos se fabrican a partir de los grados de acero al carbono WPHY 42 a WPHY 70, cada uno de los cuales ofrece distintos l\u00edmites el\u00e1sticos para satisfacer requisitos de presi\u00f3n espec\u00edficos.<\/p>\n<\/li>\n<li data-start=\"1061\" data-end=\"1212\">\n<p data-start=\"1063\" data-end=\"1212\"><strong data-start=\"1063\" data-end=\"1099\">Curvado de tubos de acero a baja temperatura:<\/strong> Dise\u00f1ados para aplicaciones de baja temperatura, estos codos mantienen la integridad estructural en condiciones extremas.<\/p>\n<\/li>\n<li data-start=\"1214\" data-end=\"1349\">\n<p data-start=\"1216\" data-end=\"1349\"><strong data-start=\"1216\" data-end=\"1250\">Curvas para tubos A420 WPL3 y WPL6:<\/strong> Estos codos est\u00e1n fabricados en acero al carbono de los grados WPL3 y WPL6, aptos para servicio a baja temperatura.<\/p>\n<\/li>\n<\/ul>\n<p data-start=\"1351\" data-end=\"1381\"><strong data-start=\"1351\" data-end=\"1381\">Tipos de codos para tubos de acero:<\/strong><\/p>\n<ul data-start=\"1383\" data-end=\"2765\">\n<li data-start=\"1383\" data-end=\"1532\">\n<p data-start=\"1385\" data-end=\"1532\"><strong data-start=\"1385\" data-end=\"1404\">Curvas piggables:<\/strong> Dise\u00f1ado para permitir el paso de los medidores de inspecci\u00f3n de tuber\u00edas (pigs), garantizando la viabilidad de las operaciones de mantenimiento y limpieza.<\/p>\n<\/li>\n<li data-start=\"1534\" data-end=\"1738\">\n<p data-start=\"1536\" data-end=\"1738\"><strong data-start=\"1536\" data-end=\"1552\">Curvas de inglete:<\/strong> Estos codos, que se construyen soldando en \u00e1ngulo varias secciones rectas de tuber\u00eda, son rentables para tuber\u00edas de gran di\u00e1metro, pero pueden presentar mayores ca\u00eddas de presi\u00f3n debido al aumento de las turbulencias.<\/p>\n<\/li>\n<li data-start=\"1740\" data-end=\"1952\">\n<p data-start=\"1742\" data-end=\"1952\"><strong data-start=\"1742\" data-end=\"1762\">Curvas 3D y 5D:<\/strong> En cuanto al radio de curvatura, los codos 3D y 5D tienen radios tres y cinco veces superiores al di\u00e1metro de la tuber\u00eda, respectivamente, lo que proporciona un flujo m\u00e1s suave y reduce la p\u00e9rdida de presi\u00f3n en comparaci\u00f3n con los codos est\u00e1ndar.<\/p>\n<\/li>\n<li data-start=\"1954\" data-end=\"2111\">\n<p data-start=\"1956\" data-end=\"2111\"><strong data-start=\"1956\" data-end=\"1976\">Curvas de inducci\u00f3n:<\/strong> Fabricados mediante calentamiento por inducci\u00f3n, estos codos ofrecen un control preciso del radio y el \u00e1ngulo de curvatura y son adecuados para tubos de gran di\u00e1metro.<\/p>\n<\/li>\n<li data-start=\"2113\" data-end=\"2340\">\n<p data-start=\"2115\" data-end=\"2340\"><strong data-start=\"2115\" data-end=\"2154\">Curvas de radio largo y radio corto:<\/strong> Los codos de radio largo tienen un radio de curvatura de 1,5 veces el di\u00e1metro del tubo, mientras que los codos de radio corto tienen un radio igual al di\u00e1metro del tubo, lo que permite realizar giros m\u00e1s cerrados en espacios reducidos.<\/p>\n<\/li>\n<li data-start=\"2342\" data-end=\"2457\">\n<p data-start=\"2344\" data-end=\"2457\"><strong data-start=\"2344\" data-end=\"2356\">J Bends:<\/strong> Caracterizados por una curva de 180 grados, los codos en J se utilizan para cambiar 180 grados la direcci\u00f3n del flujo.<\/p>\n<\/li>\n<li data-start=\"2459\" data-end=\"2595\">\n<p data-start=\"2461\" data-end=\"2595\"><strong data-start=\"2461\" data-end=\"2480\">Curvas sin soldadura:<\/strong> Fabricados sin soldadura, los codos sin soldadura ofrecen una resistencia superior y son ideales para aplicaciones de alta presi\u00f3n.<\/p>\n<\/li>\n<li data-start=\"2597\" data-end=\"2765\">\n<p data-start=\"2599\" data-end=\"2765\"><strong data-start=\"2599\" data-end=\"2620\">Curvas personalizadas:<\/strong> Adaptados a los requisitos espec\u00edficos de cada proyecto, estos codos pueden fabricarse en distintos \u00e1ngulos, radios y materiales para satisfacer necesidades operativas \u00fanicas.<\/p>\n<\/li>\n<\/ul>\n<p data-start=\"2767\" data-end=\"2781\"><strong data-start=\"2767\" data-end=\"2781\">Materiales:<\/strong><\/p>\n<ul data-start=\"2783\" data-end=\"3273\">\n<li data-start=\"2783\" data-end=\"2945\">\n<p data-start=\"2785\" data-end=\"2945\"><strong data-start=\"2785\" data-end=\"2808\">Curvas de acero al carbono:<\/strong> Estos codos est\u00e1n fabricados en acero al carbono y ofrecen resistencia y durabilidad para diversas aplicaciones.<\/p>\n<\/li>\n<li data-start=\"2947\" data-end=\"3107\">\n<p data-start=\"2949\" data-end=\"3107\"><strong data-start=\"2949\" data-end=\"2975\">Curvas de acero inoxidable:<\/strong> Fabricados en acero inoxidable, estos codos ofrecen una excelente resistencia a la corrosi\u00f3n, por lo que son adecuados para entornos dif\u00edciles.<\/p>\n<\/li>\n<li data-start=\"3109\" data-end=\"3273\">\n<p data-start=\"3111\" data-end=\"3273\"><strong data-start=\"3111\" data-end=\"3131\">Curvas soldadas a tope:<\/strong> Dise\u00f1ados para soldadura a tope, estos codos garantizan una conexi\u00f3n fuerte y estanca en los sistemas de tuber\u00edas.<\/p>\n<\/li>\n<\/ul>\n<p data-start=\"3275\" data-end=\"3292\"><strong data-start=\"3275\" data-end=\"3292\">Aplicaciones:<\/strong><\/p>\n<p data-start=\"3294\" data-end=\"3361\">Los codos de tubo de acero se utilizan en diversas industrias, entre ellas:<\/p>\n<ul data-start=\"3363\" data-end=\"3672\">\n<li data-start=\"3363\" data-end=\"3444\">\n<p data-start=\"3365\" data-end=\"3444\"><strong data-start=\"3365\" data-end=\"3381\">Petr\u00f3leo y gas:<\/strong> Para el transporte de petr\u00f3leo crudo, gas natural y productos refinados.<\/p>\n<\/li>\n<li data-start=\"3446\" data-end=\"3530\">\n<p data-start=\"3448\" data-end=\"3530\"><strong data-start=\"3448\" data-end=\"3472\">Procesamiento qu\u00edmico:<\/strong> En sistemas que requieren el movimiento de productos qu\u00edmicos y gases.<\/p>\n<\/li>\n<li data-start=\"3532\" data-end=\"3592\">\n<p data-start=\"3534\" data-end=\"3592\"><strong data-start=\"3534\" data-end=\"3555\">Generaci\u00f3n de energ\u00eda:<\/strong> Para sistemas de vapor y agua de refrigeraci\u00f3n.<\/p>\n<\/li>\n<li data-start=\"3594\" data-end=\"3672\">\n<p data-start=\"3596\" data-end=\"3672\"><strong data-start=\"3596\" data-end=\"3616\">Tratamiento del agua:<\/strong> En los sistemas de distribuci\u00f3n de agua municipales e industriales.<\/p>\n<\/li>\n<\/ul>\n<p data-start=\"3674\" data-end=\"3702\"><strong data-start=\"3674\" data-end=\"3702\">Procesos de fabricaci\u00f3n:<\/strong><\/p>\n<p data-start=\"3704\" data-end=\"3769\">Los codos de tubo de acero se fabrican mediante diversos m\u00e9todos, entre ellos:<\/p>\n<ul data-start=\"3771\" data-end=\"4090\">\n<li data-start=\"3771\" data-end=\"3894\">\n<p data-start=\"3773\" data-end=\"3894\"><strong data-start=\"3773\" data-end=\"3799\">Plegado por inducci\u00f3n en caliente:<\/strong> Utiliza el calentamiento por inducci\u00f3n para curvar tubos, ofreciendo un control preciso del radio y el \u00e1ngulo de curvatura.<\/p>\n<\/li>\n<li data-start=\"3896\" data-end=\"3996\">\n<p data-start=\"3898\" data-end=\"3996\"><strong data-start=\"3898\" data-end=\"3915\">Doblado en fr\u00edo:<\/strong> Consiste en curvar tubos a temperatura ambiente, adecuado para tubos de di\u00e1metro peque\u00f1o.<\/p>\n<\/li>\n<li data-start=\"3998\" data-end=\"4090\">\n<p data-start=\"4000\" data-end=\"4090\"><strong data-start=\"4000\" data-end=\"4018\">Plegado a presi\u00f3n:<\/strong> Utiliza una prensa para doblar el tubo, com\u00fanmente utilizada para tubos de mayor di\u00e1metro.<\/p>\n<\/li>\n<\/ul>\n<p data-start=\"4092\" data-end=\"4114\"><strong data-start=\"4092\" data-end=\"4114\">Garant\u00eda de calidad:<\/strong><\/p>\n<p data-start=\"4116\" data-end=\"4363\">Cada codo de tubo de acero se somete a rigurosas pruebas para garantizar el cumplimiento de las normas y especificaciones del sector. Las pruebas pueden incluir comprobaciones dimensionales, inspecciones visuales y m\u00e9todos de ensayo no destructivos, como inspecciones por ultrasonidos o rayos X.<\/p>\n<p data-start=\"4365\" data-end=\"4380\"><strong data-start=\"4365\" data-end=\"4380\">Conclusi\u00f3n:<\/strong><\/p>\n<p data-start=\"4382\" data-end=\"4678\">Los codos de tubo de acero son componentes vitales en los sistemas de tuber\u00edas, ya que ofrecen flexibilidad y eficacia en el transporte de fluidos. Con una amplia gama de normas, tipos, materiales y procesos de fabricaci\u00f3n disponibles, pueden adaptarse para satisfacer los requisitos espec\u00edficos de diversas industrias y aplicaciones.<\/p>","protected":false},"excerpt":{"rendered":"<p><strong>Material:\u00a0<\/strong>Acero al carbono ASME \/ ASTM SA \/ A234 WPB, DIN 1.0405<br \/>\n<strong>Dimensi\u00f3n:\u00a0<\/strong>ANSI B16.9, ANSI B16.28, JIS B2312, JIS B2313<br \/>\n<strong>Formulario :<\/strong>\u00a0Curva de radio largo, Curva piggable, Curva en caliente, Con R=3D, 5D, 6D, 8D, 10D y Curva personalizada<br \/>\n<strong>GAMA :<\/strong>\u00a02\u2033NB A 18\u2033 NB ANSI B 16.9 IN<br \/>\n<strong>TIPO :<\/strong>\u00a0SIN SOLDADURA \/ SOLDADO \/ FABRICADO<br \/>\n<strong>Oferta :<\/strong>\u00a0Tasa m\u00ednima de adelgazamiento de la pared y ovalidad, sin arrugas<br \/>\nCertificado de ensayo de laminaci\u00f3n seg\u00fan EN 10204 \/ 3.1B con NACE MR 01 75<\/p>","protected":false},"featured_media":2491,"comment_status":"open","ping_status":"closed","template":"","meta":{"_gspb_post_css":""},"product_brand":[397],"product_cat":[396],"product_tag":[448,449,447],"class_list":{"0":"post-2490","1":"product","2":"type-product","3":"status-publish","4":"has-post-thumbnail","6":"product_brand-hfittings","7":"product_cat-steel-pipe-bends","8":"product_tag-butt-weld-bends","9":"product_tag-seamless-bends","10":"product_tag-steel-pipe-bends","12":"first","13":"instock","14":"sale","15":"shipping-taxable","16":"purchasable","17":"product-type-simple"},"_links":{"self":[{"href":"https:\/\/hfittings.com\/es\/wp-json\/wp\/v2\/product\/2490","targetHints":{"allow":["GET"]}}],"collection":[{"href":"https:\/\/hfittings.com\/es\/wp-json\/wp\/v2\/product"}],"about":[{"href":"https:\/\/hfittings.com\/es\/wp-json\/wp\/v2\/types\/product"}],"replies":[{"embeddable":true,"href":"https:\/\/hfittings.com\/es\/wp-json\/wp\/v2\/comments?post=2490"}],"wp:featuredmedia":[{"embeddable":true,"href":"https:\/\/hfittings.com\/es\/wp-json\/wp\/v2\/media\/2491"}],"wp:attachment":[{"href":"https:\/\/hfittings.com\/es\/wp-json\/wp\/v2\/media?parent=2490"}],"wp:term":[{"taxonomy":"product_brand","embeddable":true,"href":"https:\/\/hfittings.com\/es\/wp-json\/wp\/v2\/product_brand?post=2490"},{"taxonomy":"product_cat","embeddable":true,"href":"https:\/\/hfittings.com\/es\/wp-json\/wp\/v2\/product_cat?post=2490"},{"taxonomy":"product_tag","embeddable":true,"href":"https:\/\/hfittings.com\/es\/wp-json\/wp\/v2\/product_tag?post=2490"}],"curies":[{"name":"wp","href":"https:\/\/api.w.org\/{rel}","templated":true}]}}