{"id":2476,"date":"2025-02-14T01:42:08","date_gmt":"2025-02-14T01:42:08","guid":{"rendered":"https:\/\/hfittings.com\/?post_type=product&#038;p=2476"},"modified":"2025-07-24T15:37:54","modified_gmt":"2025-07-24T15:37:54","slug":"racores-roscados","status":"publish","type":"product","link":"https:\/\/hfittings.com\/es\/product\/threaded-pipe-fittings\/","title":{"rendered":"Accesorios roscados para tuber\u00edas"},"content":{"rendered":"<p data-start=\"0\" data-end=\"176\">Los accesorios de tuber\u00eda roscados son componentes esenciales en los sistemas de tuber\u00edas, dise\u00f1ados para conectar tuber\u00edas u otros accesorios mediante roscas de tornillo, garantizando uniones seguras y estancas.<\/p>\n<figure id=\"attachment_2471\" aria-describedby=\"caption-attachment-2471\" style=\"width: 300px\" class=\"wp-caption alignnone\"><img decoding=\"async\" class=\"size-medium wp-image-2471\" src=\"https:\/\/hfittings.com\/wp-content\/uploads\/2025\/02\/threaded-pipe-fittings-300x300.jpg\" alt=\"racores roscados\" width=\"300\" height=\"300\" srcset=\"https:\/\/hfittings.com\/wp-content\/uploads\/2025\/02\/threaded-pipe-fittings-300x300.jpg 300w, https:\/\/hfittings.com\/wp-content\/uploads\/2025\/02\/threaded-pipe-fittings-150x150.jpg 150w, https:\/\/hfittings.com\/wp-content\/uploads\/2025\/02\/threaded-pipe-fittings-768x768.jpg 768w, https:\/\/hfittings.com\/wp-content\/uploads\/2025\/02\/threaded-pipe-fittings-500x500.jpg 500w, https:\/\/hfittings.com\/wp-content\/uploads\/2025\/02\/threaded-pipe-fittings.jpg 800w\" sizes=\"(max-width: 300px) 100vw, 300px\" \/><figcaption id=\"caption-attachment-2471\" class=\"wp-caption-text\">racores roscados<\/figcaption><\/figure>\n<p data-start=\"178\" data-end=\"200\"><strong data-start=\"178\" data-end=\"200\">Codo roscado de 90<\/strong><\/p>\n<p data-start=\"202\" data-end=\"349\">Un codo roscado de 90\u00b0 permite cambiar la direcci\u00f3n del flujo dentro de un sistema de tuber\u00edas, normalmente se utiliza para conectar dos tuber\u00edas en un \u00e1ngulo de 90 grados.<\/p>\n<p data-start=\"351\" data-end=\"373\"><strong data-start=\"351\" data-end=\"373\">Codo roscado de 45<\/strong><\/p>\n<p data-start=\"375\" data-end=\"504\">Un codo roscado de 45\u00b0 facilita un cambio de direcci\u00f3n en un \u00e1ngulo de 45 grados, com\u00fanmente utilizado para conectar tuber\u00edas en un \u00e1ngulo de 45 grados.<\/p>\n<p data-start=\"506\" data-end=\"531\"><strong data-start=\"506\" data-end=\"531\">Codo roscado de calle<\/strong><\/p>\n<p data-start=\"533\" data-end=\"680\">Un codo roscado de calle presenta un extremo con rosca macho y el otro con rosca hembra, lo que permite cambiar la direcci\u00f3n entre dos tuber\u00edas.<\/p>\n<p data-start=\"682\" data-end=\"698\"><strong data-start=\"682\" data-end=\"698\">Te roscada<\/strong><\/p>\n<p data-start=\"700\" data-end=\"814\">Una T roscada es un accesorio que permite ramificar una tuber\u00eda, conectando tres tubos en un punto com\u00fan.<\/p>\n<p data-start=\"816\" data-end=\"844\"><strong data-start=\"816\" data-end=\"844\">Te lateral roscada de 45<\/strong><\/p>\n<p data-start=\"846\" data-end=\"993\">Una T lateral roscada de 45\u00b0 es un accesorio que permite ramificar una tuber\u00eda en un \u00e1ngulo de 45 grados, conectando tres tuber\u00edas en un punto com\u00fan.<\/p>\n<p data-start=\"995\" data-end=\"1013\"><strong data-start=\"995\" data-end=\"1013\">Cruz roscada<\/strong><\/p>\n<p data-start=\"1015\" data-end=\"1149\">Una cruz roscada es un accesorio que permite ramificar una tuber\u00eda en cuatro direcciones, conectando cuatro tubos en un punto com\u00fan.<\/p>\n<p data-start=\"1151\" data-end=\"1177\"><strong data-start=\"1151\" data-end=\"1177\">Acoplamiento roscado completo<\/strong><\/p>\n<p data-start=\"1179\" data-end=\"1279\">Un acoplamiento roscado completo es un accesorio que conecta dos tuber\u00edas de extremo a extremo, con roscas en ambos extremos.<\/p>\n<p data-start=\"1281\" data-end=\"1307\"><strong data-start=\"1281\" data-end=\"1307\">Acoplamiento de media rosca<\/strong><\/p>\n<p data-start=\"1309\" data-end=\"1436\">Un racor de media rosca es un accesorio que conecta dos tuber\u00edas de extremo a extremo, con roscas en un extremo y un extremo liso en el otro.<\/p>\n<p data-start=\"1438\" data-end=\"1468\"><strong data-start=\"1438\" data-end=\"1468\">Acoplamiento roscado reductor<\/strong><\/p>\n<p data-start=\"1470\" data-end=\"1586\">Un racor reductor roscado es un accesorio que conecta dos tubos de distinto di\u00e1metro, con roscas en ambos extremos.<\/p>\n<p data-start=\"1588\" data-end=\"1608\"><strong data-start=\"1588\" data-end=\"1608\">Pareja roscada<\/strong><\/p>\n<p data-start=\"1610\" data-end=\"1752\">Un manguito roscado es un accesorio que conecta dos tuber\u00edas de extremo a extremo, con roscas en ambos extremos, y se utiliza para ampliar la longitud de una tuber\u00eda.<\/p>\n<p data-start=\"1754\" data-end=\"1770\"><strong data-start=\"1754\" data-end=\"1770\">Tapa roscada<\/strong><\/p>\n<p data-start=\"1772\" data-end=\"1869\">Un tap\u00f3n roscado es un accesorio que sella el extremo de una tuber\u00eda, impidiendo el paso de fluidos o gases.<\/p>\n<p data-start=\"1871\" data-end=\"1900\"><strong data-start=\"1871\" data-end=\"1900\">Tap\u00f3n roscado de cabeza cuadrada<\/strong><\/p>\n<p data-start=\"1902\" data-end=\"2026\">Un tap\u00f3n roscado de cabeza cuadrada es un accesorio que sella el extremo de una tuber\u00eda, con cabeza cuadrada para facilitar su instalaci\u00f3n y extracci\u00f3n.<\/p>\n<p data-start=\"2028\" data-end=\"2056\"><strong data-start=\"2028\" data-end=\"2056\">Tap\u00f3n roscado de cabeza redonda<\/strong><\/p>\n<p data-start=\"2058\" data-end=\"2180\">Un tap\u00f3n roscado de cabeza redonda es un accesorio que sella el extremo de una tuber\u00eda, con cabeza redonda para facilitar su instalaci\u00f3n y extracci\u00f3n.<\/p>\n<p data-start=\"2182\" data-end=\"2208\"><strong data-start=\"2182\" data-end=\"2208\">Tap\u00f3n roscado de cabeza hexagonal<\/strong><\/p>\n<p data-start=\"2210\" data-end=\"2334\">Un tap\u00f3n roscado de cabeza hexagonal es un accesorio que sella el extremo de una tuber\u00eda, con cabeza hexagonal para facilitar su instalaci\u00f3n y extracci\u00f3n.<\/p>\n<p data-start=\"2336\" data-end=\"2358\"><strong data-start=\"2336\" data-end=\"2358\">Tap\u00f3n roscado Bull<\/strong><\/p>\n<p data-start=\"2360\" data-end=\"2481\">Un tap\u00f3n de rosca macho es un accesorio que sella el extremo de una tuber\u00eda, con un dise\u00f1o de nariz de toro para facilitar su instalaci\u00f3n y extracci\u00f3n.<\/p>\n<p data-start=\"2483\" data-end=\"2512\"><strong data-start=\"2483\" data-end=\"2512\">Casquillo roscado de cabeza hexagonal<\/strong><\/p>\n<p data-start=\"2514\" data-end=\"2644\">Un casquillo roscado de cabeza hexagonal es un accesorio que reduce el tama\u00f1o de una tuber\u00eda, con una cabeza hexagonal para facilitar su instalaci\u00f3n y extracci\u00f3n.<\/p>\n<p data-start=\"2646\" data-end=\"2663\"><strong data-start=\"2646\" data-end=\"2663\">Jefe de rosca<\/strong><\/p>\n<p data-start=\"2665\" data-end=\"2807\">Un racor roscado es un accesorio que proporciona un punto de conexi\u00f3n roscado en una tuber\u00eda, permitiendo la fijaci\u00f3n de otros accesorios o componentes.<\/p>\n<p data-start=\"2809\" data-end=\"2832\"><strong data-start=\"2809\" data-end=\"2832\">Boquilla roscada hexagonal<\/strong><\/p>\n<p data-start=\"2834\" data-end=\"2986\">Un racor roscado hexagonal es un accesorio que conecta dos tuber\u00edas de extremo a extremo, con roscas en ambos extremos y un cuerpo hexagonal para facilitar su instalaci\u00f3n y extracci\u00f3n.<\/p>\n<p data-start=\"2988\" data-end=\"3012\"><strong data-start=\"2988\" data-end=\"3012\">Boquilla roscada para tubos<\/strong><\/p>\n<p data-start=\"3014\" data-end=\"3112\">Una boquilla roscada para tuber\u00edas es un accesorio que conecta dos tuber\u00edas de extremo a extremo, con roscas en ambos extremos.<\/p>\n<p data-start=\"3114\" data-end=\"3150\"><strong data-start=\"3114\" data-end=\"3150\">Boquilla roscada conc\u00e9ntrica<\/strong><\/p>\n<p data-start=\"3152\" data-end=\"3314\">Un racor de rosca conc\u00e9ntrica es un accesorio que conecta dos tubos de distinto di\u00e1metro, con roscas en ambos extremos y un dise\u00f1o conc\u00e9ntrico para un flujo suave.<\/p>\n<p data-start=\"3316\" data-end=\"3351\"><strong data-start=\"3316\" data-end=\"3351\">Racor Swage de rosca exc\u00e9ntrica<\/strong><\/p>\n<p data-start=\"3353\" data-end=\"3531\">Un manguito roscado exc\u00e9ntrico es un racor que conecta dos tubos de distinto di\u00e1metro, con roscas en ambos extremos y un dise\u00f1o exc\u00e9ntrico para mantener la misma l\u00ednea central.<\/p>\n<p data-start=\"3533\" data-end=\"3551\"><strong data-start=\"3533\" data-end=\"3551\">Uni\u00f3n roscada<\/strong><\/p>\n<p data-start=\"3553\" data-end=\"3679\">Una uni\u00f3n roscada es un accesorio que permite desconectar y volver a conectar f\u00e1cilmente dos tubos, con roscas en ambos extremos.<\/p>\n<p data-start=\"3681\" data-end=\"3713\"><strong data-start=\"3681\" data-end=\"3713\">Uni\u00f3n roscada Macho x Hembra<\/strong><\/p>\n<p data-start=\"3715\" data-end=\"3870\">Una uni\u00f3n roscada macho x hembra es un accesorio que conecta una tuber\u00eda con rosca macho a otra con rosca hembra, lo que permite desconectarla y volverla a conectar f\u00e1cilmente.<\/p>\n<p data-start=\"3872\" data-end=\"3909\"><strong data-start=\"3872\" data-end=\"3909\">Uni\u00f3n roscada macho x soldadura por encastre<\/strong><\/p>\n<p data-start=\"3911\" data-end=\"4069\">Una uni\u00f3n roscada macho x soldadura de enchufe es un accesorio que conecta una tuber\u00eda con rosca macho a una tuber\u00eda con soldadura de enchufe, lo que permite desconectarla y volverla a conectar f\u00e1cilmente.<\/p>\n<p data-start=\"4071\" data-end=\"4091\"><strong data-start=\"4071\" data-end=\"4091\">Adaptador roscado<\/strong><\/p>\n<p data-start=\"4093\" data-end=\"4206\">Un adaptador roscado es un accesorio que permite conectar dos tuber\u00edas con diferentes tipos o tama\u00f1os de rosca.<\/p>\n<p data-start=\"4208\" data-end=\"4238\"><strong data-start=\"4208\" data-end=\"4238\">Salida de derivaci\u00f3n roscada de 90<\/strong><\/p>\n<p data-start=\"4240\" data-end=\"4382\">Una salida de derivaci\u00f3n roscada a 90\u00b0 es un accesorio que permite la derivaci\u00f3n de una tuber\u00eda en un \u00e1ngulo de 90 grados, con roscas en la salida de la derivaci\u00f3n.<\/p>\n<p data-start=\"4384\" data-end=\"4414\"><strong data-start=\"4384\" data-end=\"4414\">Salida de derivaci\u00f3n roscada de 45<\/strong><\/p>\n<p data-start=\"4416\" data-end=\"4558\">Una salida de derivaci\u00f3n roscada a 45\u00b0 es un accesorio que permite la derivaci\u00f3n de una tuber\u00eda en un \u00e1ngulo de 45 grados, con roscas en la salida de la derivaci\u00f3n.<\/p>\n<p data-start=\"4560\" data-end=\"4589\"><strong data-start=\"4560\" data-end=\"4589\">Salida de codo roscado de 90<\/strong><\/p>\n<p data-start=\"4591\" data-end=\"4725\">Un codo de salida roscado de 90\u00b0 es un racor que permite la derivaci\u00f3n de una tuber\u00eda en un \u00e1ngulo de 90 grados, con roscas en la salida.<\/p>\n<p data-start=\"4727\" data-end=\"4760\"><strong data-start=\"4727\" data-end=\"4760\">Boquilla roscada Salida de derivaci\u00f3n<\/strong><\/p>\n<p data-start=\"4762\" data-end=\"4897\">Una salida de derivaci\u00f3n con espiga roscada es un accesorio que permite la derivaci\u00f3n de una tuber\u00eda, con roscas en la salida de derivaci\u00f3n y en la espiga.<\/p>\n<p data-start=\"4899\" data-end=\"5079\">Estos racores est\u00e1n disponibles en varios materiales, como acero inoxidable, acero al carbono, acero aleado y acero inoxidable superd\u00faplex, para satisfacer los diversos requisitos de las aplicaciones.<\/p>\n<p data-start=\"5081\" data-end=\"5277\">Los accesorios de tuber\u00eda roscados se utilizan habitualmente en aplicaciones de bajo coste y no cr\u00edticas, como sistemas de agua dom\u00e9stica, protecci\u00f3n contra incendios y agua de refrigeraci\u00f3n industrial.<\/p>\n<p data-start=\"5279\" data-end=\"5390\">Est\u00e1n disponibles en tres presiones nominales: Clase 2000, 3000 y 6000.<\/p>\n<p data-start=\"5392\" data-end=\"5574\">Los accesorios de tuber\u00eda roscados se utilizan principalmente para tuber\u00edas de peque\u00f1o di\u00e1metro, al igual que los accesorios de soldadura por encastre se utilizan tambi\u00e9n para sistemas de tuber\u00edas m\u00e1s peque\u00f1os.<\/p>","protected":false},"excerpt":{"rendered":"<p data-pm-slice=\"1 1 []\">Material\uff1a<\/p>\n<p>ASTM A182 (F304, F304L, F316, F316L, F304H, F316H, F317L, F321, F11, F22, F91)<\/p>\n<p>ASTM A105, A350 LF2, A106 Gr.B, A234 WPB, A312, A403<\/p>\n<p>Dimensi\u00f3n\uff1aASME 16.11, MSS SP-79, 83, 95, 97 y BS3799<\/p>\n<p>Presi\u00f3n nominal\uff1a2000LBS, 3000LBS, 6000LBS<\/p>\n<p>Tama\u00f1o\uff1aNPS 1\/8\" ~ 4\" (DN6 ~ DN100)<\/p>","protected":false},"featured_media":2471,"comment_status":"open","ping_status":"closed","template":"","meta":{"_gspb_post_css":""},"product_brand":[397],"product_cat":[395],"product_tag":[446],"class_list":{"0":"post-2476","1":"product","2":"type-product","3":"status-publish","4":"has-post-thumbnail","6":"product_brand-hfittings","7":"product_cat-forged-pipe-fittings","8":"product_tag-threaded-pipe-fittings","10":"first","11":"instock","12":"sale","13":"shipping-taxable","14":"purchasable","15":"product-type-simple"},"_links":{"self":[{"href":"https:\/\/hfittings.com\/es\/wp-json\/wp\/v2\/product\/2476","targetHints":{"allow":["GET"]}}],"collection":[{"href":"https:\/\/hfittings.com\/es\/wp-json\/wp\/v2\/product"}],"about":[{"href":"https:\/\/hfittings.com\/es\/wp-json\/wp\/v2\/types\/product"}],"replies":[{"embeddable":true,"href":"https:\/\/hfittings.com\/es\/wp-json\/wp\/v2\/comments?post=2476"}],"wp:featuredmedia":[{"embeddable":true,"href":"https:\/\/hfittings.com\/es\/wp-json\/wp\/v2\/media\/2471"}],"wp:attachment":[{"href":"https:\/\/hfittings.com\/es\/wp-json\/wp\/v2\/media?parent=2476"}],"wp:term":[{"taxonomy":"product_brand","embeddable":true,"href":"https:\/\/hfittings.com\/es\/wp-json\/wp\/v2\/product_brand?post=2476"},{"taxonomy":"product_cat","embeddable":true,"href":"https:\/\/hfittings.com\/es\/wp-json\/wp\/v2\/product_cat?post=2476"},{"taxonomy":"product_tag","embeddable":true,"href":"https:\/\/hfittings.com\/es\/wp-json\/wp\/v2\/product_tag?post=2476"}],"curies":[{"name":"wp","href":"https:\/\/api.w.org\/{rel}","templated":true}]}}