{"id":2473,"date":"2025-02-14T01:08:29","date_gmt":"2025-02-14T01:08:29","guid":{"rendered":"https:\/\/hfittings.com\/?post_type=product&#038;p=2473"},"modified":"2025-03-24T08:58:30","modified_gmt":"2025-03-24T08:58:30","slug":"accesorios-de-tuberia-para-soldadura-por-encastre","status":"publish","type":"product","link":"https:\/\/hfittings.com\/es\/product\/socket-weld-pipe-fittings\/","title":{"rendered":"Accesorios de tuber\u00eda para soldadura por encastre"},"content":{"rendered":"<h2 data-start=\"0\" data-end=\"79\"><strong data-start=\"0\" data-end=\"79\">Accesorios para tuber\u00edas soldados por encastre: Componentes esenciales para sistemas de tuber\u00edas de alta presi\u00f3n<\/strong><\/h2>\n<p data-start=\"81\" data-end=\"495\">Los racores para soldadura por encastre son esenciales para crear conexiones s\u00f3lidas y estancas en sistemas de tuber\u00edas de alta presi\u00f3n. Dise\u00f1ados para soldarse por encastre en los extremos de las tuber\u00edas u otros accesorios, garantizan una conexi\u00f3n duradera y sin juntas. Estos racores se utilizan ampliamente en diversos sectores, como la petroqu\u00edmica, el petr\u00f3leo y el gas, la generaci\u00f3n de energ\u00eda, la industria aeroespacial, las calderas, los intercambiadores de calor y los recipientes a presi\u00f3n.<\/p>\n<figure id=\"attachment_2470\" aria-describedby=\"caption-attachment-2470\" style=\"width: 300px\" class=\"wp-caption alignnone\"><img decoding=\"async\" class=\"size-medium wp-image-2470\" src=\"https:\/\/hfittings.com\/wp-content\/uploads\/2025\/02\/socket-weld-pipe-fittings-300x300.jpg\" alt=\"racores para tuber\u00edas\" width=\"300\" height=\"300\" srcset=\"https:\/\/hfittings.com\/wp-content\/uploads\/2025\/02\/socket-weld-pipe-fittings-300x300.jpg 300w, https:\/\/hfittings.com\/wp-content\/uploads\/2025\/02\/socket-weld-pipe-fittings-150x150.jpg 150w, https:\/\/hfittings.com\/wp-content\/uploads\/2025\/02\/socket-weld-pipe-fittings-500x500.jpg 500w, https:\/\/hfittings.com\/wp-content\/uploads\/2025\/02\/socket-weld-pipe-fittings.jpg 660w\" sizes=\"(max-width: 300px) 100vw, 300px\" \/><figcaption id=\"caption-attachment-2470\" class=\"wp-caption-text\">racores para tuber\u00edas<\/figcaption><\/figure>\n<p data-start=\"497\" data-end=\"526\"><strong data-start=\"497\" data-end=\"526\">Principales caracter\u00edsticas y ventajas<\/strong><\/p>\n<ul data-start=\"528\" data-end=\"1410\">\n<li data-start=\"528\" data-end=\"682\">\n<p data-start=\"530\" data-end=\"682\"><strong data-start=\"530\" data-end=\"550\">Alta durabilidad:<\/strong> Los racores para soldadura por encastre son conocidos por su excepcional solidez y resistencia al desgaste, lo que los hace ideales para aplicaciones exigentes.<\/p>\n<\/li>\n<li data-start=\"684\" data-end=\"831\">\n<p data-start=\"686\" data-end=\"831\"><strong data-start=\"686\" data-end=\"711\">Precisi\u00f3n dimensional:<\/strong> Fabricados seg\u00fan especificaciones precisas, estos racores garantizan un ajuste perfecto y un rendimiento fiable en los sistemas de tuber\u00edas.<\/p>\n<\/li>\n<li data-start=\"833\" data-end=\"994\">\n<p data-start=\"835\" data-end=\"994\"><strong data-start=\"835\" data-end=\"853\">Acabado liso:<\/strong> El proceso de soldadura por encastre da como resultado un acabado superficial liso, que reduce el riesgo de corrosi\u00f3n y facilita el flujo dentro de las tuber\u00edas.<\/p>\n<\/li>\n<li data-start=\"996\" data-end=\"1174\">\n<p data-start=\"998\" data-end=\"1174\"><strong data-start=\"998\" data-end=\"1025\">Rendimiento a prueba de fugas:<\/strong> Dise\u00f1ados para soportar altas presiones, los racores para soldadura por encastre proporcionan conexiones a prueba de fugas, mejorando la seguridad y la eficacia del sistema de tuber\u00edas.<\/p>\n<\/li>\n<li data-start=\"1176\" data-end=\"1410\">\n<p data-start=\"1178\" data-end=\"1410\"><strong data-start=\"1178\" data-end=\"1203\">Resistencia a la corrosi\u00f3n:<\/strong> Fabricados con materiales como acero inoxidable, acero al carbono, acero aleado y acero inoxidable superd\u00faplex, estos accesorios ofrecen una excelente resistencia a la corrosi\u00f3n, lo que prolonga la vida \u00fatil del sistema de tuber\u00edas.<\/p>\n<\/li>\n<\/ul>\n<p data-start=\"1412\" data-end=\"1445\"><strong data-start=\"1412\" data-end=\"1445\">Tipos de accesorios para soldar por encastre<\/strong><\/p>\n<p data-start=\"1447\" data-end=\"1528\">Existen varios tipos de racores para soldar por encastre que se adaptan a las distintas necesidades de las tuber\u00edas:<\/p>\n<ul data-start=\"1530\" data-end=\"3470\">\n<li data-start=\"1530\" data-end=\"1628\">\n<p data-start=\"1532\" data-end=\"1628\"><strong data-start=\"1532\" data-end=\"1558\">Codo de 90\u00b0 para soldar por encastre:<\/strong> Se utiliza para cambiar 90 grados la direcci\u00f3n del flujo en sistemas de tuber\u00edas.<\/p>\n<\/li>\n<li data-start=\"1630\" data-end=\"1715\">\n<p data-start=\"1632\" data-end=\"1715\"><strong data-start=\"1632\" data-end=\"1658\">Codo de 45\u00b0 para soldar por encastre:<\/strong> Facilita un cambio de 45 grados en la direcci\u00f3n del flujo.<\/p>\n<\/li>\n<li data-start=\"1717\" data-end=\"1804\">\n<p data-start=\"1719\" data-end=\"1804\"><strong data-start=\"1719\" data-end=\"1739\">Tee Socket Weld:<\/strong> Permite la derivaci\u00f3n de la tuber\u00eda principal en un \u00e1ngulo de 90 grados.<\/p>\n<\/li>\n<li data-start=\"1806\" data-end=\"1891\">\n<p data-start=\"1808\" data-end=\"1891\"><strong data-start=\"1808\" data-end=\"1840\">Soldadura por encastre en T lateral de 45\u00b0:<\/strong> Habilita una bifurcaci\u00f3n de 45 grados desde la tuber\u00eda principal.<\/p>\n<\/li>\n<li data-start=\"1893\" data-end=\"1999\">\n<p data-start=\"1895\" data-end=\"1999\"><strong data-start=\"1895\" data-end=\"1917\">Soldadura por encastre en cruz:<\/strong> Proporciona una conexi\u00f3n de cuatro v\u00edas, lo que permite la intersecci\u00f3n de tres tuber\u00edas.<\/p>\n<\/li>\n<li data-start=\"2001\" data-end=\"2071\">\n<p data-start=\"2003\" data-end=\"2071\"><strong data-start=\"2003\" data-end=\"2033\">Soldadura por encastre de acoplamiento completo:<\/strong> Une dos tubos del mismo di\u00e1metro.<\/p>\n<\/li>\n<li data-start=\"2073\" data-end=\"2198\">\n<p data-start=\"2075\" data-end=\"2198\"><strong data-start=\"2075\" data-end=\"2105\">Soldadura por encastre de medio acoplamiento:<\/strong> Conecta una tuber\u00eda a un accesorio o a otra tuber\u00eda, normalmente se utiliza para conexiones de derivaci\u00f3n m\u00e1s peque\u00f1as.<\/p>\n<\/li>\n<li data-start=\"2200\" data-end=\"2301\">\n<p data-start=\"2202\" data-end=\"2301\"><strong data-start=\"2202\" data-end=\"2236\">Acoplamiento reductor para soldar por encastre:<\/strong> Facilita la conexi\u00f3n entre tubos de diferentes di\u00e1metros.<\/p>\n<\/li>\n<li data-start=\"2303\" data-end=\"2425\">\n<p data-start=\"2305\" data-end=\"2425\"><strong data-start=\"2305\" data-end=\"2348\">Acoplamiento reductor exc\u00e9ntrico para soldar por encastre:<\/strong> Reduce el di\u00e1metro de la tuber\u00eda manteniendo el nivel superior o inferior de la misma.<\/p>\n<\/li>\n<li data-start=\"2427\" data-end=\"2494\">\n<p data-start=\"2429\" data-end=\"2494\"><strong data-start=\"2429\" data-end=\"2453\">Soldadura por encastre:<\/strong> Conecta dos tuber\u00edas del mismo di\u00e1metro.<\/p>\n<\/li>\n<li data-start=\"2496\" data-end=\"2543\">\n<p data-start=\"2498\" data-end=\"2543\"><strong data-start=\"2498\" data-end=\"2518\">Soldadura por encastre:<\/strong> Sella el extremo de una tuber\u00eda.<\/p>\n<\/li>\n<li data-start=\"2545\" data-end=\"2642\">\n<p data-start=\"2547\" data-end=\"2642\"><strong data-start=\"2547\" data-end=\"2578\">Soldadura por encastre de insertos reductores:<\/strong> Permite la conexi\u00f3n entre tubos de diferentes di\u00e1metros.<\/p>\n<\/li>\n<li data-start=\"2644\" data-end=\"2724\">\n<p data-start=\"2646\" data-end=\"2724\"><strong data-start=\"2646\" data-end=\"2667\">Boss Socket Weld:<\/strong> Proporciona un medio para fijar un accesorio roscado a una tuber\u00eda.<\/p>\n<\/li>\n<li data-start=\"2726\" data-end=\"2816\">\n<p data-start=\"2728\" data-end=\"2816\"><strong data-start=\"2728\" data-end=\"2750\">Uni\u00f3n soldada por encastre:<\/strong> Permite desconectar y volver a conectar f\u00e1cilmente los sistemas de tuber\u00edas.<\/p>\n<\/li>\n<li data-start=\"2818\" data-end=\"2906\">\n<p data-start=\"2820\" data-end=\"2906\"><strong data-start=\"2820\" data-end=\"2854\">Salida de derivaci\u00f3n de 90\u00b0 con soldadura por encastre:<\/strong> Proporciona un ramal de 90 grados desde la tuber\u00eda principal.<\/p>\n<\/li>\n<li data-start=\"2908\" data-end=\"2999\">\n<p data-start=\"2910\" data-end=\"2999\"><strong data-start=\"2910\" data-end=\"2942\">Salida de derivaci\u00f3n de 90\u00b0 soldada a tope:<\/strong> Ofrece una conexi\u00f3n de derivaci\u00f3n de 90 grados mediante soldadura a tope.<\/p>\n<\/li>\n<li data-start=\"3001\" data-end=\"3088\">\n<p data-start=\"3003\" data-end=\"3088\"><strong data-start=\"3003\" data-end=\"3037\">Salida de derivaci\u00f3n de 45\u00b0 con soldadura por encastre:<\/strong> Habilita una bifurcaci\u00f3n de 45 grados desde la tuber\u00eda principal.<\/p>\n<\/li>\n<li data-start=\"3090\" data-end=\"3183\">\n<p data-start=\"3092\" data-end=\"3183\"><strong data-start=\"3092\" data-end=\"3124\">Salida de bifurcaci\u00f3n de 45\u00b0 soldada a tope:<\/strong> Proporciona una conexi\u00f3n de derivaci\u00f3n de 45 grados mediante soldadura a tope.<\/p>\n<\/li>\n<li data-start=\"3185\" data-end=\"3274\">\n<p data-start=\"3187\" data-end=\"3274\"><strong data-start=\"3187\" data-end=\"3220\">Salida de codo de 90\u00b0 con soldadura por encastre:<\/strong> Permite una salida de 90 grados de la tuber\u00eda principal.<\/p>\n<\/li>\n<li data-start=\"3276\" data-end=\"3366\">\n<p data-start=\"3278\" data-end=\"3366\"><strong data-start=\"3278\" data-end=\"3309\">Salida de codo de 90\u00b0 para soldar a tope:<\/strong> Ofrece una conexi\u00f3n de salida de 90 grados mediante soldadura a tope.<\/p>\n<\/li>\n<li data-start=\"3368\" data-end=\"3470\">\n<p data-start=\"3370\" data-end=\"3470\"><strong data-start=\"3370\" data-end=\"3405\">Racor Racor Salida Soldadura a tope:<\/strong> Facilita una conexi\u00f3n de derivaci\u00f3n mediante un niple y soldadura a tope.<\/p>\n<\/li>\n<\/ul>\n<p data-start=\"3472\" data-end=\"3488\"><strong data-start=\"3472\" data-end=\"3488\">Aplicaciones<\/strong><\/p>\n<p data-start=\"3490\" data-end=\"3558\">Los racores para soldadura por encastre son esenciales en diversas industrias, entre ellas:<\/p>\n<ul data-start=\"3560\" data-end=\"4323\">\n<li data-start=\"3560\" data-end=\"3721\">\n<p data-start=\"3562\" data-end=\"3721\"><strong data-start=\"3562\" data-end=\"3589\">Industria petroqu\u00edmica:<\/strong> Utilizados en el transporte de productos qu\u00edmicos y gases, requieren racores que soporten altas presiones y entornos corrosivos.<\/p>\n<\/li>\n<li data-start=\"3723\" data-end=\"3834\">\n<p data-start=\"3725\" data-end=\"3834\"><strong data-start=\"3725\" data-end=\"3750\">Industria del petr\u00f3leo y el gas:<\/strong> Fundamental para conectar tuber\u00edas en los procesos de exploraci\u00f3n, perforaci\u00f3n y refinado.<\/p>\n<\/li>\n<li data-start=\"3836\" data-end=\"3959\">\n<p data-start=\"3838\" data-end=\"3959\"><strong data-start=\"3838\" data-end=\"3859\">Generaci\u00f3n de energ\u00eda:<\/strong> Se utiliza en los sistemas de vapor y agua de las centrales el\u00e9ctricas, donde las conexiones de alta presi\u00f3n son vitales.<\/p>\n<\/li>\n<li data-start=\"3961\" data-end=\"4075\">\n<p data-start=\"3963\" data-end=\"4075\"><strong data-start=\"3963\" data-end=\"3977\">Aeroespacial:<\/strong> Utilizados en sistemas aeron\u00e1uticos, exigen racores ligeros pero resistentes para diversas aplicaciones.<\/p>\n<\/li>\n<li data-start=\"4077\" data-end=\"4189\">\n<p data-start=\"4079\" data-end=\"4189\"><strong data-start=\"4079\" data-end=\"4117\">Sistemas de calderas e intercambiadores de calor:<\/strong> Esencial para mantener una transferencia de calor y un control de la presi\u00f3n eficientes.<\/p>\n<\/li>\n<li data-start=\"4191\" data-end=\"4323\">\n<p data-start=\"4193\" data-end=\"4323\"><strong data-start=\"4193\" data-end=\"4227\">Fabricaci\u00f3n de recipientes a presi\u00f3n:<\/strong> Se utiliza para garantizar la integridad y seguridad de los recipientes a presi\u00f3n en diversas aplicaciones industriales.<\/p>\n<\/li>\n<\/ul>\n<p data-start=\"4325\" data-end=\"4352\"><strong data-start=\"4325\" data-end=\"4352\">Especificaciones materiales<\/strong><\/p>\n<p data-start=\"4354\" data-end=\"4441\">Los racores para soldar por encastre est\u00e1n disponibles en varios materiales para adaptarse a distintas aplicaciones:<\/p>\n<ul data-start=\"4443\" data-end=\"4901\">\n<li data-start=\"4443\" data-end=\"4565\">\n<p data-start=\"4445\" data-end=\"4565\"><strong data-start=\"4445\" data-end=\"4474\">Acero al carbono (ASTM A105):<\/strong> Com\u00fanmente utilizado para aplicaciones de uso general debido a su resistencia y rentabilidad.<\/p>\n<\/li>\n<li data-start=\"4567\" data-end=\"4675\">\n<p data-start=\"4569\" data-end=\"4675\"><strong data-start=\"4569\" data-end=\"4597\">Acero inoxidable (SS316):<\/strong> Ofrece una resistencia superior a la corrosi\u00f3n, por lo que es ideal para entornos dif\u00edciles.<\/p>\n<\/li>\n<li data-start=\"4677\" data-end=\"4772\">\n<p data-start=\"4679\" data-end=\"4772\"><strong data-start=\"4679\" data-end=\"4695\">Acero aleado:<\/strong> Proporciona mayor fuerza y resistencia al calor para aplicaciones especializadas.<\/p>\n<\/li>\n<li data-start=\"4774\" data-end=\"4901\">\n<p data-start=\"4776\" data-end=\"4901\"><strong data-start=\"4776\" data-end=\"4809\">Acero inoxidable superd\u00faplex:<\/strong> Combina alta resistencia y excelente resistencia a la corrosi\u00f3n, apto para condiciones extremas.<\/p>\n<\/li>\n<\/ul>\n<p data-start=\"4903\" data-end=\"4935\"><strong data-start=\"4903\" data-end=\"4935\">Normas y especificaciones<\/strong><\/p>\n<p data-start=\"4937\" data-end=\"5049\">Los racores para soldadura por encastre se fabrican de acuerdo con las normas del sector para garantizar la calidad y la compatibilidad:<\/p>\n<ul data-start=\"5051\" data-end=\"5489\">\n<li data-start=\"5051\" data-end=\"5224\">\n<p data-start=\"5053\" data-end=\"5224\"><strong data-start=\"5053\" data-end=\"5069\">ASME B16.11:<\/strong> Especifica los requisitos para los accesorios de acero forjado, incluidos los valores nominales de presi\u00f3n y temperatura, las dimensiones, las tolerancias, las marcas y los requisitos de los materiales.<\/p>\n<\/li>\n<li data-start=\"5226\" data-end=\"5380\">\n<p data-start=\"5228\" data-end=\"5380\"><strong data-start=\"5228\" data-end=\"5251\">MSS-SP-79\/83\/95\/97:<\/strong> Normas establecidas por la Sociedad de Normalizaci\u00f3n de Fabricantes para los racores forjados, que abarcan diversas clases de presi\u00f3n y materiales.<\/p>\n<\/li>\n<li data-start=\"5382\" data-end=\"5489\">\n<p data-start=\"5384\" data-end=\"5489\"><strong data-start=\"5384\" data-end=\"5395\">BS3799:<\/strong> Norma brit\u00e1nica para los accesorios de acero forjado, que garantiza la compatibilidad y la calidad internacionales.<\/p>\n<\/li>\n<\/ul>","protected":false},"excerpt":{"rendered":"<p data-pm-slice=\"1 1 []\">Material\uff1a ASTM A182 (F304, F304L, F316, F316L, F304H, F316H, F317L, F321, F11, F22, F91)<\/p>\n<p>ASTM A105, A350 LF2, A106 Gr.B, A234 WPB, A312, A403<\/p>\n<p>Dimensi\u00f3n\uff1aASME 16.11, MSS SP-79, 83, 95, 97 y BS3799<\/p>\n<p>Presi\u00f3n nominal\uff1a3000LBS, 6000LBS, 9000LBS<\/p>\n<p>Tama\u00f1o\uff1aNPS 1\/8\" ~ 4\" (DN6 ~ DN100)<\/p>","protected":false},"featured_media":2470,"comment_status":"open","ping_status":"closed","template":"","meta":{"_gspb_post_css":""},"product_brand":[397],"product_cat":[395],"product_tag":[445],"class_list":{"0":"post-2473","1":"product","2":"type-product","3":"status-publish","4":"has-post-thumbnail","6":"product_brand-hfittings","7":"product_cat-forged-pipe-fittings","8":"product_tag-socket-weld-pipe-fittings","10":"first","11":"instock","12":"sale","13":"shipping-taxable","14":"purchasable","15":"product-type-simple"},"_links":{"self":[{"href":"https:\/\/hfittings.com\/es\/wp-json\/wp\/v2\/product\/2473","targetHints":{"allow":["GET"]}}],"collection":[{"href":"https:\/\/hfittings.com\/es\/wp-json\/wp\/v2\/product"}],"about":[{"href":"https:\/\/hfittings.com\/es\/wp-json\/wp\/v2\/types\/product"}],"replies":[{"embeddable":true,"href":"https:\/\/hfittings.com\/es\/wp-json\/wp\/v2\/comments?post=2473"}],"wp:featuredmedia":[{"embeddable":true,"href":"https:\/\/hfittings.com\/es\/wp-json\/wp\/v2\/media\/2470"}],"wp:attachment":[{"href":"https:\/\/hfittings.com\/es\/wp-json\/wp\/v2\/media?parent=2473"}],"wp:term":[{"taxonomy":"product_brand","embeddable":true,"href":"https:\/\/hfittings.com\/es\/wp-json\/wp\/v2\/product_brand?post=2473"},{"taxonomy":"product_cat","embeddable":true,"href":"https:\/\/hfittings.com\/es\/wp-json\/wp\/v2\/product_cat?post=2473"},{"taxonomy":"product_tag","embeddable":true,"href":"https:\/\/hfittings.com\/es\/wp-json\/wp\/v2\/product_tag?post=2473"}],"curies":[{"name":"wp","href":"https:\/\/api.w.org\/{rel}","templated":true}]}}