{"id":2469,"date":"2025-02-13T09:03:50","date_gmt":"2025-02-13T09:03:50","guid":{"rendered":"https:\/\/hfittings.com\/?post_type=product&#038;p=2469"},"modified":"2025-03-24T08:57:24","modified_gmt":"2025-03-24T08:57:24","slug":"accesorios-de-tuberia-forjados","status":"publish","type":"product","link":"https:\/\/hfittings.com\/es\/product\/forged-pipe-fittings\/","title":{"rendered":"Accesorios de tuber\u00eda forjados"},"content":{"rendered":"<p data-start=\"0\" data-end=\"79\"><strong data-start=\"0\" data-end=\"79\">Accesorios de tuber\u00eda forjados: Componentes esenciales para sistemas de tuber\u00edas de alta presi\u00f3n<\/strong><\/p>\n<p data-start=\"81\" data-end=\"552\">Los accesorios de tuber\u00eda forjados son esenciales para crear conexiones s\u00f3lidas y estancas en sistemas de tuber\u00edas de alta presi\u00f3n. Fabricados mediante un proceso de forja, estos accesorios est\u00e1n dise\u00f1ados para atornillarse o soldarse a los extremos de las tuber\u00edas u otros accesorios, garantizando una conexi\u00f3n duradera y sin juntas. Se utilizan ampliamente en diversos sectores, como petroqu\u00edmica, petr\u00f3leo y gas, generaci\u00f3n de energ\u00eda, aeroespacial, calderas, intercambiadores de calor y recipientes a presi\u00f3n.<\/p>\n<figure id=\"attachment_2470\" aria-describedby=\"caption-attachment-2470\" style=\"width: 300px\" class=\"wp-caption alignleft\"><a href=\"https:\/\/hfittings.com\/es\/producto\/accesorios-de-tuberia-para-soldadura-por-encastre\/\"><img decoding=\"async\" class=\"wp-image-2470 size-medium\" src=\"https:\/\/hfittings.com\/wp-content\/uploads\/2025\/02\/socket-weld-pipe-fittings-300x300.jpg\" alt=\"accesorios de tuber\u00eda forjados\" width=\"300\" height=\"300\" data-wp-editing=\"1\" srcset=\"https:\/\/hfittings.com\/wp-content\/uploads\/2025\/02\/socket-weld-pipe-fittings-300x300.jpg 300w, https:\/\/hfittings.com\/wp-content\/uploads\/2025\/02\/socket-weld-pipe-fittings-150x150.jpg 150w, https:\/\/hfittings.com\/wp-content\/uploads\/2025\/02\/socket-weld-pipe-fittings-500x500.jpg 500w, https:\/\/hfittings.com\/wp-content\/uploads\/2025\/02\/socket-weld-pipe-fittings.jpg 660w\" sizes=\"(max-width: 300px) 100vw, 300px\" \/><\/a><figcaption id=\"caption-attachment-2470\" class=\"wp-caption-text\">racores para tuber\u00edas<\/figcaption><\/figure>\n<figure id=\"attachment_2471\" aria-describedby=\"caption-attachment-2471\" style=\"width: 300px\" class=\"wp-caption alignleft\"><a href=\"https:\/\/hfittings.com\/es\/producto\/racores-roscados\/\"><img decoding=\"async\" class=\"size-medium wp-image-2471\" src=\"https:\/\/hfittings.com\/wp-content\/uploads\/2025\/02\/threaded-pipe-fittings-300x300.jpg\" alt=\"racores roscados\" width=\"300\" height=\"300\" srcset=\"https:\/\/hfittings.com\/wp-content\/uploads\/2025\/02\/threaded-pipe-fittings-300x300.jpg 300w, https:\/\/hfittings.com\/wp-content\/uploads\/2025\/02\/threaded-pipe-fittings-150x150.jpg 150w, https:\/\/hfittings.com\/wp-content\/uploads\/2025\/02\/threaded-pipe-fittings-768x768.jpg 768w, https:\/\/hfittings.com\/wp-content\/uploads\/2025\/02\/threaded-pipe-fittings-500x500.jpg 500w, https:\/\/hfittings.com\/wp-content\/uploads\/2025\/02\/threaded-pipe-fittings.jpg 800w\" sizes=\"(max-width: 300px) 100vw, 300px\" \/><\/a><figcaption id=\"caption-attachment-2471\" class=\"wp-caption-text\">racores roscados<\/figcaption><\/figure>\n<p data-start=\"554\" data-end=\"583\"><strong data-start=\"554\" data-end=\"583\">Principales caracter\u00edsticas y ventajas<\/strong><\/p>\n<ul data-start=\"585\" data-end=\"1455\">\n<li data-start=\"585\" data-end=\"739\">\n<p data-start=\"587\" data-end=\"739\"><strong data-start=\"587\" data-end=\"607\">Alta durabilidad:<\/strong> Los accesorios de tuber\u00eda forjados son conocidos por su excepcional solidez y resistencia al desgaste, lo que los hace ideales para aplicaciones exigentes.<\/p>\n<\/li>\n<li data-start=\"741\" data-end=\"888\">\n<p data-start=\"743\" data-end=\"888\"><strong data-start=\"743\" data-end=\"768\">Precisi\u00f3n dimensional:<\/strong> Fabricados seg\u00fan especificaciones precisas, estos racores garantizan un ajuste perfecto y un rendimiento fiable en los sistemas de tuber\u00edas.<\/p>\n<\/li>\n<li data-start=\"890\" data-end=\"1044\">\n<p data-start=\"892\" data-end=\"1044\"><strong data-start=\"892\" data-end=\"910\">Acabado liso:<\/strong> El proceso de forjado da como resultado un acabado superficial liso, que reduce el riesgo de corrosi\u00f3n y facilita el flujo dentro de las tuber\u00edas.<\/p>\n<\/li>\n<li data-start=\"1046\" data-end=\"1219\">\n<p data-start=\"1048\" data-end=\"1219\"><strong data-start=\"1048\" data-end=\"1075\">Rendimiento a prueba de fugas:<\/strong> Dise\u00f1ados para soportar altas presiones, los racores forjados proporcionan conexiones a prueba de fugas, mejorando la seguridad y eficacia del sistema de tuber\u00edas.<\/p>\n<\/li>\n<li data-start=\"1221\" data-end=\"1455\">\n<p data-start=\"1223\" data-end=\"1455\"><strong data-start=\"1223\" data-end=\"1248\">Resistencia a la corrosi\u00f3n:<\/strong> Fabricados con materiales como acero inoxidable, acero al carbono, acero aleado y acero inoxidable superd\u00faplex, estos accesorios ofrecen una excelente resistencia a la corrosi\u00f3n, lo que prolonga la vida \u00fatil del sistema de tuber\u00edas.<\/p>\n<\/li>\n<\/ul>\n<p data-start=\"1457\" data-end=\"1473\"><strong data-start=\"1457\" data-end=\"1473\">Aplicaciones<\/strong><\/p>\n<p data-start=\"1475\" data-end=\"1543\">Los accesorios de tuber\u00eda forjados son esenciales en diversas industrias, entre ellas:<\/p>\n<ul data-start=\"1545\" data-end=\"2308\">\n<li data-start=\"1545\" data-end=\"1706\">\n<p data-start=\"1547\" data-end=\"1706\"><strong data-start=\"1547\" data-end=\"1574\">Industria petroqu\u00edmica:<\/strong> Utilizados en el transporte de productos qu\u00edmicos y gases, requieren racores que soporten altas presiones y entornos corrosivos.<\/p>\n<\/li>\n<li data-start=\"1708\" data-end=\"1819\">\n<p data-start=\"1710\" data-end=\"1819\"><strong data-start=\"1710\" data-end=\"1735\">Industria del petr\u00f3leo y el gas:<\/strong> Fundamental para conectar tuber\u00edas en los procesos de exploraci\u00f3n, perforaci\u00f3n y refinado.<\/p>\n<\/li>\n<li data-start=\"1821\" data-end=\"1944\">\n<p data-start=\"1823\" data-end=\"1944\"><strong data-start=\"1823\" data-end=\"1844\">Generaci\u00f3n de energ\u00eda:<\/strong> Se utiliza en los sistemas de vapor y agua de las centrales el\u00e9ctricas, donde las conexiones de alta presi\u00f3n son vitales.<\/p>\n<\/li>\n<li data-start=\"1946\" data-end=\"2060\">\n<p data-start=\"1948\" data-end=\"2060\"><strong data-start=\"1948\" data-end=\"1962\">Aeroespacial:<\/strong> Utilizados en sistemas aeron\u00e1uticos, exigen racores ligeros pero resistentes para diversas aplicaciones.<\/p>\n<\/li>\n<li data-start=\"2062\" data-end=\"2174\">\n<p data-start=\"2064\" data-end=\"2174\"><strong data-start=\"2064\" data-end=\"2102\">Sistemas de calderas e intercambiadores de calor:<\/strong> Esencial para mantener una transferencia de calor y un control de la presi\u00f3n eficientes.<\/p>\n<\/li>\n<li data-start=\"2176\" data-end=\"2308\">\n<p data-start=\"2178\" data-end=\"2308\"><strong data-start=\"2178\" data-end=\"2212\">Fabricaci\u00f3n de recipientes a presi\u00f3n:<\/strong> Se utiliza para garantizar la integridad y seguridad de los recipientes a presi\u00f3n en diversas aplicaciones industriales.<\/p>\n<\/li>\n<\/ul>\n<p data-start=\"2310\" data-end=\"2337\"><strong data-start=\"2310\" data-end=\"2337\">Especificaciones materiales<\/strong><\/p>\n<p data-start=\"2339\" data-end=\"2426\">Los accesorios de tuber\u00eda forjados est\u00e1n disponibles en varios materiales para adaptarse a diferentes aplicaciones:<\/p>\n<ul data-start=\"2428\" data-end=\"2886\">\n<li data-start=\"2428\" data-end=\"2550\">\n<p data-start=\"2430\" data-end=\"2550\"><strong data-start=\"2430\" data-end=\"2459\">Acero al carbono (ASTM A105):<\/strong> Com\u00fanmente utilizado para aplicaciones de uso general debido a su resistencia y rentabilidad.<\/p>\n<\/li>\n<li data-start=\"2552\" data-end=\"2660\">\n<p data-start=\"2554\" data-end=\"2660\"><strong data-start=\"2554\" data-end=\"2582\">Acero inoxidable (SS316):<\/strong> Ofrece una resistencia superior a la corrosi\u00f3n, por lo que es ideal para entornos dif\u00edciles.<\/p>\n<\/li>\n<li data-start=\"2662\" data-end=\"2757\">\n<p data-start=\"2664\" data-end=\"2757\"><strong data-start=\"2664\" data-end=\"2680\">Acero aleado:<\/strong> Proporciona mayor fuerza y resistencia al calor para aplicaciones especializadas.<\/p>\n<\/li>\n<li data-start=\"2759\" data-end=\"2886\">\n<p data-start=\"2761\" data-end=\"2886\"><strong data-start=\"2761\" data-end=\"2794\">Acero inoxidable superd\u00faplex:<\/strong> Combina alta resistencia y excelente resistencia a la corrosi\u00f3n, apto para condiciones extremas.<\/p>\n<\/li>\n<\/ul>\n<p data-start=\"2888\" data-end=\"2920\"><strong data-start=\"2888\" data-end=\"2920\">Normas y especificaciones<\/strong><\/p>\n<p data-start=\"2922\" data-end=\"3034\">Los accesorios de tuber\u00eda forjados se fabrican de acuerdo con las normas del sector para garantizar la calidad y la compatibilidad:<\/p>\n<ul data-start=\"3036\" data-end=\"3512\">\n<li data-start=\"3036\" data-end=\"3247\">\n<p data-start=\"3038\" data-end=\"3247\"><strong data-start=\"3038\" data-end=\"3054\">ASME B16.11:<\/strong> Especifica los requisitos para los accesorios de acero forjado, incluidos los valores nominales de presi\u00f3n y temperatura, las dimensiones, las tolerancias, las marcas y los requisitos de los materiales.<\/p>\n<\/li>\n<li data-start=\"3249\" data-end=\"3403\">\n<p data-start=\"3251\" data-end=\"3403\"><strong data-start=\"3251\" data-end=\"3274\">MSS-SP-79\/83\/95\/97:<\/strong> Normas establecidas por la Sociedad de Normalizaci\u00f3n de Fabricantes para los racores forjados, que abarcan diversas clases de presi\u00f3n y materiales.<\/p>\n<\/li>\n<li data-start=\"3405\" data-end=\"3512\">\n<p data-start=\"3407\" data-end=\"3512\"><strong data-start=\"3407\" data-end=\"3418\">BS3799:<\/strong> Norma brit\u00e1nica para los accesorios de acero forjado, que garantiza la compatibilidad y la calidad internacionales.<\/p>\n<\/li>\n<\/ul>\n<p data-start=\"3514\" data-end=\"3534\"><strong data-start=\"3514\" data-end=\"3534\">Presiones nominales<\/strong><\/p>\n<p data-start=\"3536\" data-end=\"3641\">Los accesorios de tuber\u00eda forjados est\u00e1n disponibles en varias clases de presi\u00f3n para satisfacer los requisitos espec\u00edficos de cada aplicaci\u00f3n:<\/p>\n<ul data-start=\"3643\" data-end=\"3827\">\n<li data-start=\"3643\" data-end=\"3703\">\n<p data-start=\"3645\" data-end=\"3703\"><strong data-start=\"3645\" data-end=\"3660\">Clase 3000:<\/strong> Adecuado para aplicaciones de media presi\u00f3n.<\/p>\n<\/li>\n<li data-start=\"3705\" data-end=\"3760\">\n<p data-start=\"3707\" data-end=\"3760\"><strong data-start=\"3707\" data-end=\"3722\">Clase 6000:<\/strong> Dise\u00f1ado para sistemas de alta presi\u00f3n.<\/p>\n<\/li>\n<li data-start=\"3762\" data-end=\"3827\">\n<p data-start=\"3764\" data-end=\"3827\"><strong data-start=\"3764\" data-end=\"3779\">Clase 9000:<\/strong> Ideal para aplicaciones de muy alta presi\u00f3n.<\/p>\n<\/li>\n<\/ul>\n<p data-start=\"3829\" data-end=\"3843\"><strong data-start=\"3829\" data-end=\"3843\">Conclusi\u00f3n<\/strong><\/p>\n<p data-start=\"3845\" data-end=\"4159\">Los accesorios de tuber\u00eda forjados son componentes vitales de los sistemas de tuber\u00edas de alta presi\u00f3n, ya que ofrecen resistencia, durabilidad y fiabilidad en diversos sectores. Su capacidad para soportar condiciones extremas y proporcionar conexiones a prueba de fugas los hace indispensables en aplicaciones donde la seguridad y el rendimiento son primordiales.<\/p>","protected":false},"excerpt":{"rendered":"<p>Forged Pipe Fittings: Essential Components for High-Pressure Piping Systems Forged pipe fittings are integral to creating robust, leak-proof connections in high-pressure piping systems. Manufactured through a forging process, these fittings are designed to be screwed or socket-welded onto the ends of pipes or other fittings, ensuring a seamless and durable connection. They are widely utilized [&hellip;]<\/p>\n","protected":false},"featured_media":2481,"comment_status":"open","ping_status":"closed","template":"","meta":{"_gspb_post_css":""},"product_brand":[397],"product_cat":[395],"product_tag":[444],"class_list":{"0":"post-2469","1":"product","2":"type-product","3":"status-publish","4":"has-post-thumbnail","6":"product_brand-hfittings","7":"product_cat-forged-pipe-fittings","8":"product_tag-forged-pipe-fittings","10":"first","11":"instock","12":"sale","13":"shipping-taxable","14":"purchasable","15":"product-type-simple"},"_links":{"self":[{"href":"https:\/\/hfittings.com\/es\/wp-json\/wp\/v2\/product\/2469","targetHints":{"allow":["GET"]}}],"collection":[{"href":"https:\/\/hfittings.com\/es\/wp-json\/wp\/v2\/product"}],"about":[{"href":"https:\/\/hfittings.com\/es\/wp-json\/wp\/v2\/types\/product"}],"replies":[{"embeddable":true,"href":"https:\/\/hfittings.com\/es\/wp-json\/wp\/v2\/comments?post=2469"}],"wp:featuredmedia":[{"embeddable":true,"href":"https:\/\/hfittings.com\/es\/wp-json\/wp\/v2\/media\/2481"}],"wp:attachment":[{"href":"https:\/\/hfittings.com\/es\/wp-json\/wp\/v2\/media?parent=2469"}],"wp:term":[{"taxonomy":"product_brand","embeddable":true,"href":"https:\/\/hfittings.com\/es\/wp-json\/wp\/v2\/product_brand?post=2469"},{"taxonomy":"product_cat","embeddable":true,"href":"https:\/\/hfittings.com\/es\/wp-json\/wp\/v2\/product_cat?post=2469"},{"taxonomy":"product_tag","embeddable":true,"href":"https:\/\/hfittings.com\/es\/wp-json\/wp\/v2\/product_tag?post=2469"}],"curies":[{"name":"wp","href":"https:\/\/api.w.org\/{rel}","templated":true}]}}