{"id":2464,"date":"2025-02-12T01:22:10","date_gmt":"2025-02-12T01:22:10","guid":{"rendered":"https:\/\/hfittings.com\/?post_type=product&#038;p=2464"},"modified":"2025-09-12T21:53:10","modified_gmt":"2025-09-12T21:53:10","slug":"brida","status":"publish","type":"product","link":"https:\/\/hfittings.com\/es\/product\/flange\/","title":{"rendered":"Brida"},"content":{"rendered":"<h2 data-pm-slice=\"1 1 []\"><strong>Bridas b\u00e1sicas: Bridas de tubo de alta calidad para aplicaciones industriales<\/strong><br \/>\n<strong>Soluciones fiables para su sistema de tuber\u00edas<\/strong><\/h2>\n<p>Las bridas son componentes esenciales para conectar sistemas de tuber\u00edas, garantizando uniones seguras y a prueba de fugas con v\u00e1lvulas, equipos y otros componentes. Siendo el segundo m\u00e9todo de uni\u00f3n m\u00e1s utilizado despu\u00e9s de la soldadura, las bridas para tuber\u00edas proporcionan flexibilidad, facilidad de mantenimiento y modificaciones eficientes del sistema.<\/p>\n<figure id=\"attachment_2465\" aria-describedby=\"caption-attachment-2465\" style=\"width: 300px\" class=\"wp-caption alignnone\"><img decoding=\"async\" class=\"size-medium wp-image-2465\" src=\"https:\/\/hfittings.com\/wp-content\/uploads\/2025\/02\/Flange-300x204.jpg\" alt=\"Brida\" width=\"300\" height=\"204\" srcset=\"https:\/\/hfittings.com\/wp-content\/uploads\/2025\/02\/Flange-300x204.jpg 300w, https:\/\/hfittings.com\/wp-content\/uploads\/2025\/02\/Flange-768x521.jpg 768w, https:\/\/hfittings.com\/wp-content\/uploads\/2025\/02\/Flange.jpg 825w\" sizes=\"(max-width: 300px) 100vw, 300px\" \/><figcaption id=\"caption-attachment-2465\" class=\"wp-caption-text\">Brida<\/figcaption><\/figure>\n<h3><strong>\u00bfPor qu\u00e9 elegir nuestras bridas para tuber\u00edas?<\/strong><\/h3>\n<p>Nuestra alta calidad <strong>bridas de acero inoxidable<\/strong> y otros materiales especializados para bridas, incluidos <strong>Monel, Inconel y Cromo Moly<\/strong>est\u00e1n dise\u00f1adas para satisfacer los m\u00e1s diversos requisitos industriales. Ya sea para <strong>alta presi\u00f3n, alta temperatura<\/strong> aplicaciones o est\u00e1ndar <strong>tuber\u00edas industriales<\/strong> ofrecemos soluciones fiables y duraderas.<\/p>\n<p>Un est\u00e1ndar <strong>conexi\u00f3n con bridas<\/strong> consta de tres componentes clave:<\/p>\n<ul data-spread=\"false\">\n<li><strong>Bridas para tubos<\/strong><\/li>\n<li><strong>Junta<\/strong><\/li>\n<li><strong>Atornillado<\/strong><\/li>\n<\/ul>\n<p>Seleccionando el <strong>tipos de bridas, materiales y presiones nominales<\/strong>, te aseguras de que <strong>rendimiento duradero<\/strong> y <strong>eficiencia \u00f3ptima del sistema<\/strong>.<\/p>\n<div>\n<hr \/>\n<\/div>\n<h3><strong>Nuestros tipos de bridas y sus aplicaciones<\/strong><\/h3>\n<p>Ofrecemos una gama completa de <strong>tipos de brida<\/strong>cada una de ellas adaptada a necesidades operativas espec\u00edficas:<\/p>\n<ul data-spread=\"false\">\n<li><strong>Bridas roscadas:<\/strong> Tambi\u00e9n conocido como <strong>bridas roscadas<\/strong>permiten una instalaci\u00f3n r\u00e1pida sin soldaduras, simplemente haciendo coincidir la conexi\u00f3n roscada con la tuber\u00eda.<\/li>\n<li><strong>Bridas de soldadura por encastre (brida SW):<\/strong> Lo mejor para <strong>baja presi\u00f3n<\/strong> y <strong>baja temperatura<\/strong> condiciones, con un <strong>soldadura en \u00e1ngulo<\/strong> conexi\u00f3n.<\/li>\n<li><strong>Bridas deslizantes (Brida SO):<\/strong> Una opci\u00f3n muy utilizada para sistemas con <strong>mayores caudales<\/strong>que requiere <strong>soldaduras en \u00e1ngulo<\/strong> en ambos lados.<\/li>\n<li><strong>Bridas de junta solapada (Brida LJ):<\/strong> Estos utilizan un <strong>dise\u00f1o de dos piezas<\/strong>ideal para <strong>sistemas que requieren un desmontaje frecuente<\/strong> y <strong>instalaciones de espacio limitado<\/strong>.<\/li>\n<li><strong>Bridas con cuello para soldar (Brida WN):<\/strong> Conocido por <strong>alta resistencia<\/strong> y <strong>durabilidad<\/strong>Estas bridas son ideales para <strong>alta presi\u00f3n, alta temperatura<\/strong> aplicaciones.<\/li>\n<li><strong>Brida ciega (BL Flange):<\/strong> Utilizado para <strong>aislamiento del sistema<\/strong> o <strong>terminaci\u00f3n<\/strong>, proporcionando un <strong>precinto resistente y extra\u00edble<\/strong>.<\/li>\n<li><strong>Bridas especiales:<\/strong> Soluciones personalizadas, como <strong>nipobridas, bridas soldar, bridas expansibles, bridas de orificio, bridas de cuello largo para soldar y bridas reductoras<\/strong>dise\u00f1ados para las necesidades espec\u00edficas del sector.<\/li>\n<\/ul>\n<div>\n<hr \/>\n<\/div>\n<h3><strong>Tipos de brida para un sellado seguro<\/strong><\/h3>\n<p>Seleccionar el <strong>tipo de brida<\/strong> es crucial para la eficacia del sistema y el rendimiento de la estanquidad. Ofrecemos m\u00faltiples tipos de caras para satisfacer las necesidades de su aplicaci\u00f3n:<\/p>\n<ul data-spread=\"false\">\n<li><strong>Cara plana (FF):<\/strong> Ideal para juntas de cara completa, ya que ofrece una superficie de sellado uniforme.<\/li>\n<li><strong>Cara levantada (RF):<\/strong> Presenta una peque\u00f1a secci\u00f3n elevada para mejorar el contacto y el sellado de la junta.<\/li>\n<li><strong>Cara de la junta anular (RTJ):<\/strong> Dise\u00f1ado para <strong>alta presi\u00f3n, alta temperatura<\/strong> entornos, utilizando un <strong>junta met\u00e1lica<\/strong> para mantener un sellado \u00f3ptimo.<\/li>\n<li><strong>Leng\u00fceta y ranura (T&amp;G):<\/strong> Dise\u00f1o autoalineable que mejora la colocaci\u00f3n y adherencia de la junta.<\/li>\n<li><strong>Masculino y Femenino (M&amp;F):<\/strong> Proporciona <strong>retenci\u00f3n precisa de la junta<\/strong>por lo que es ideal para aplicaciones de sellado especializadas.<\/li>\n<\/ul>\n<p>Adem\u00e1s, <strong>acabados lisos o dentados<\/strong> est\u00e1n disponibles en funci\u00f3n de <strong>compatibilidad de juntas<\/strong> y <strong>rendimiento de sellado<\/strong> requisitos.<\/p>\n<div>\n<hr \/>\n<\/div>\n<h3><strong>Dimensiones y normas de las bridas<\/strong><\/h3>\n<p>Elegir bien <strong>dimensiones de la brida<\/strong> es vital para <strong>compatibilidad del sistema<\/strong> y <strong>eficacia de la instalaci\u00f3n<\/strong>. Nuestras bridas cumplen <strong>ASME B16.5<\/strong> y <strong>ASME B16.47<\/strong> normas, garantizando <strong>cumplimiento global<\/strong> y <strong>rendimiento fiable<\/strong>.<\/p>\n<p>Los factores dimensionales clave incluyen:<\/p>\n<ul data-spread=\"false\">\n<li><strong>Di\u00e1metro exterior (OD)<\/strong>: La anchura total de la cara de la brida.<\/li>\n<li><strong>Espesor<\/strong>: El grosor de la llanta exterior, que afecta a la resistencia y la durabilidad.<\/li>\n<li><strong>Di\u00e1metro del c\u00edrculo de pernos (BCD)<\/strong>: La distancia entre los orificios de los pernos, medida de centro a centro.<\/li>\n<li><strong>Di\u00e1metro nominal<\/strong>: El di\u00e1metro interior, que coincide con la tuber\u00eda conectada.<\/li>\n<li><strong>Compatibilidad de tama\u00f1os de tuber\u00edas<\/strong>: Asegurarse de que la brida se ajusta a los requisitos del sistema.<\/li>\n<\/ul>\n<div>\n<hr \/>\n<\/div>\n<h3><strong>Clasificaci\u00f3n de bridas y presiones nominales<\/strong><\/h3>\n<p>Todas las bridas se clasifican por <strong>presiones nominales<\/strong>, garantizando la idoneidad para diferentes condiciones operativas. Estas clasificaciones incluyen:<\/p>\n<ul data-spread=\"false\">\n<li><strong>150#<\/strong><\/li>\n<li><strong>300#<\/strong><\/li>\n<li><strong>600#<\/strong><\/li>\n<li><strong>900#<\/strong><\/li>\n<li><strong>1500#<\/strong><\/li>\n<li><strong>2500#<\/strong><\/li>\n<\/ul>\n<p>Por regla general, <strong>las temperaturas m\u00e1s elevadas reducen las tolerancias de presi\u00f3n<\/strong>por lo que una clasificaci\u00f3n adecuada es esencial para un funcionamiento seguro.<\/p>\n<div>\n<hr \/>\n<\/div>\n<h3><strong>Marcas de brida para facilitar la identificaci\u00f3n<\/strong><\/h3>\n<p>Cada brida incluye <strong>marcas normalizadas<\/strong> para la trazabilidad y el cumplimiento, entre otros:<\/p>\n<ul data-spread=\"false\">\n<li><strong>C\u00f3digo fabricante<\/strong><\/li>\n<li><strong>C\u00f3digo ASTM del material<\/strong><\/li>\n<li><strong>Calidad del material<\/strong><\/li>\n<li><strong>Clase presi\u00f3n-temperatura<\/strong><\/li>\n<li><strong>Tama\u00f1o y horario<\/strong><\/li>\n<li><strong>N\u00famero de calor<\/strong><\/li>\n<li><strong>Designaciones especiales<\/strong> (si procede)<\/li>\n<\/ul>\n<div>\n<hr \/>\n<\/div>\n<h3><strong>Encuentre la brida adecuada a sus necesidades<\/strong><\/h3>\n<p>Con una amplia selecci\u00f3n de <strong>bridas de acero inoxidable<\/strong> y <strong>bridas especiales<\/strong>proporcionamos <strong>soluciones duraderas y de alta calidad<\/strong> para una amplia gama de <strong>tuber\u00edas industriales<\/strong> aplicaciones.<\/p>\n<p>\u00bfNecesita asesoramiento experto? P\u00f3ngase en contacto con <strong>Equipo t\u00e9cnico de ventas<\/strong> hoy para encontrar el mejor <strong>bridas para tuber\u00edas, juntas y soluciones de atornillado<\/strong> para su pr\u00f3ximo proyecto<\/p>","protected":false},"excerpt":{"rendered":"<p>Flange Basics: High-Quality Pipe Flanges for Industrial Applications Reliable Solutions for Your Piping System Flanges are essential components for connecting piping systems, ensuring secure and leak-proof joints with valves, equipment, and other components. As the second most commonly used joining method after welding, pipe flanges provide flexibility, ease of maintenance, and efficient system modifications. Why [&hellip;]<\/p>\n","protected":false},"featured_media":2465,"comment_status":"open","ping_status":"closed","template":"","meta":{"_gspb_post_css":""},"product_brand":[397],"product_cat":[394],"product_tag":[443,440,441,442],"class_list":{"0":"post-2464","1":"product","2":"type-product","3":"status-publish","4":"has-post-thumbnail","6":"product_brand-hfittings","7":"product_cat-flange","8":"product_tag-bl","9":"product_tag-flange","10":"product_tag-so-flange","11":"product_tag-wn-flange","13":"first","14":"instock","15":"sale","16":"shipping-taxable","17":"purchasable","18":"product-type-simple"},"_links":{"self":[{"href":"https:\/\/hfittings.com\/es\/wp-json\/wp\/v2\/product\/2464","targetHints":{"allow":["GET"]}}],"collection":[{"href":"https:\/\/hfittings.com\/es\/wp-json\/wp\/v2\/product"}],"about":[{"href":"https:\/\/hfittings.com\/es\/wp-json\/wp\/v2\/types\/product"}],"replies":[{"embeddable":true,"href":"https:\/\/hfittings.com\/es\/wp-json\/wp\/v2\/comments?post=2464"}],"wp:featuredmedia":[{"embeddable":true,"href":"https:\/\/hfittings.com\/es\/wp-json\/wp\/v2\/media\/2465"}],"wp:attachment":[{"href":"https:\/\/hfittings.com\/es\/wp-json\/wp\/v2\/media?parent=2464"}],"wp:term":[{"taxonomy":"product_brand","embeddable":true,"href":"https:\/\/hfittings.com\/es\/wp-json\/wp\/v2\/product_brand?post=2464"},{"taxonomy":"product_cat","embeddable":true,"href":"https:\/\/hfittings.com\/es\/wp-json\/wp\/v2\/product_cat?post=2464"},{"taxonomy":"product_tag","embeddable":true,"href":"https:\/\/hfittings.com\/es\/wp-json\/wp\/v2\/product_tag?post=2464"}],"curies":[{"name":"wp","href":"https:\/\/api.w.org\/{rel}","templated":true}]}}