{"id":2443,"date":"2025-01-23T08:20:27","date_gmt":"2025-01-23T08:20:27","guid":{"rendered":"https:\/\/hfittings.com\/?post_type=product&#038;p=2443"},"modified":"2025-03-24T09:12:39","modified_gmt":"2025-03-24T09:12:39","slug":"te-de-acero-inoxidable","status":"publish","type":"product","link":"https:\/\/hfittings.com\/es\/product\/stainless-steel-tee\/","title":{"rendered":"T de acero inoxidable"},"content":{"rendered":"<h2><strong>T de acero inoxidable: tipos, usos y ventajas<\/strong><\/h2>\n<p>Las tes de acero inoxidable son un componente esencial en el mundo de los sistemas de tuber\u00edas, ya que proporcionan una forma eficaz de bifurcar o cambiar la direcci\u00f3n del flujo en una tuber\u00eda. Estas tes est\u00e1n disponibles en varias formas, entre ellas <strong>T igual de acero inoxidable<\/strong>, <strong>te reductora de acero inoxidable<\/strong>, <strong>te de acero inoxidable para soldar a tope<\/strong>y pueden fabricarse con distintos grados de acero inoxidable, como <strong>304<\/strong>, <strong>304L<\/strong>, <strong>316<\/strong>y <strong>316L<\/strong>. Cada tipo de T de acero inoxidable ofrece ventajas espec\u00edficas en funci\u00f3n de la aplicaci\u00f3n y los requisitos del material.<\/p>\n<figure id=\"attachment_2444\" aria-describedby=\"caption-attachment-2444\" style=\"width: 300px\" class=\"wp-caption alignnone\"><img decoding=\"async\" class=\"size-medium wp-image-2444\" src=\"https:\/\/hfittings.com\/wp-content\/uploads\/2025\/01\/stainless-steel-tee-300x300.jpg\" alt=\"acero inoxidable-tee\" width=\"300\" height=\"300\" srcset=\"https:\/\/hfittings.com\/wp-content\/uploads\/2025\/01\/stainless-steel-tee-300x300.jpg 300w, https:\/\/hfittings.com\/wp-content\/uploads\/2025\/01\/stainless-steel-tee-150x150.jpg 150w, https:\/\/hfittings.com\/wp-content\/uploads\/2025\/01\/stainless-steel-tee-500x500.jpg 500w, https:\/\/hfittings.com\/wp-content\/uploads\/2025\/01\/stainless-steel-tee.jpg 720w\" sizes=\"(max-width: 300px) 100vw, 300px\" \/><figcaption id=\"caption-attachment-2444\" class=\"wp-caption-text\">acero inoxidable-tee<\/figcaption><\/figure>\n<h3>Tipos<\/h3>\n<ol>\n<li><strong>Equal Tee de acero inoxidable<\/strong><br \/>\nEn <strong>T igual de acero inoxidable<\/strong> presenta tres aberturas del mismo tama\u00f1o. Se suele utilizar cuando el caudal de fluido o gas debe distribuirse uniformemente entre los ramales de la tuber\u00eda.<\/li>\n<li><strong>T reductora de acero inoxidable<\/strong><br \/>\nEn <strong>te reductora de acero inoxidable<\/strong> tiene una rama m\u00e1s peque\u00f1a que las dem\u00e1s. Esta T se utiliza cuando la tuber\u00eda necesita reducir su di\u00e1metro en un punto concreto para controlar el caudal o la presi\u00f3n.<\/li>\n<li><strong>Uni\u00f3n en T para soldadura a tope de acero inoxidable<\/strong><br \/>\nEn <strong>te de acero inoxidable para soldar a tope<\/strong> es una uni\u00f3n en T muy duradera que se suelda en su lugar para obtener una conexi\u00f3n sin juntas y a prueba de fugas. Se utiliza habitualmente en aplicaciones de alta presi\u00f3n y garantiza la m\u00e1xima resistencia en las uniones de las tuber\u00edas.<\/li>\n<li><strong>Te inoxidable para soldar a tope<\/strong><br \/>\nEsta variante de la T para soldadura a tope est\u00e1 dise\u00f1ada para aplicaciones en las que es esencial una soldadura sin juntas, ofreciendo una conexi\u00f3n suave y reduciendo el riesgo de fugas.<\/li>\n<li><strong>T de acero inoxidable 304<\/strong><br \/>\nEn <strong>304 te<\/strong> es una de las calidades m\u00e1s utilizadas, conocida por su excelente resistencia a la corrosi\u00f3n, conformabilidad y durabilidad en la mayor\u00eda de los entornos. Es ideal para aplicaciones industriales generales, incluidas las industrias alimentaria y qu\u00edmica.<\/li>\n<li><strong>T de acero inoxidable 304L<\/strong><br \/>\nEn <strong>T 304L<\/strong> ofrece las mismas ventajas que la T de calidad 304, pero con un menor contenido de carbono. Esto la hace menos susceptible a la precipitaci\u00f3n de carburos durante la soldadura, lo que la hace adecuada para soldar en aplicaciones cr\u00edticas sin comprometer su resistencia.<\/li>\n<li><strong>T de acero inoxidable 316<\/strong><br \/>\nEn <strong>316 te<\/strong> es una opci\u00f3n de primera calidad conocida por su resistencia superior a la corrosi\u00f3n, especialmente frente a cloruros y otros productos qu\u00edmicos agresivos. Se utiliza habitualmente en las industrias marina, farmac\u00e9utica y alimentaria.<\/li>\n<li><strong>T de acero inoxidable 316L<\/strong><br \/>\nEn <strong>Te 316L<\/strong> es similar al grado 316 pero con un menor contenido de carbono, lo que reduce el riesgo de sensibilizaci\u00f3n y proporciona una mejor soldabilidad. Se utiliza en entornos muy corrosivos, especialmente en las industrias qu\u00edmica y petroqu\u00edmica.<\/li>\n<\/ol>\n<h3>Ventajas<\/h3>\n<ul>\n<li><strong>Resistencia a la corrosi\u00f3n<\/strong>: Las tes de acero inoxidable, especialmente las fabricadas con <strong>304<\/strong> y <strong>316<\/strong> ofrecen una excepcional resistencia a la corrosi\u00f3n, por lo que son ideales para entornos duros y qu\u00edmicamente agresivos.<\/li>\n<li><strong>Durabilidad<\/strong>: Estas tes est\u00e1n dise\u00f1adas para soportar altas presiones y temperaturas extremas, garantizando un rendimiento duradero incluso en condiciones exigentes.<\/li>\n<li><strong>Versatilidad<\/strong>: Con opciones como <strong>304<\/strong>, <strong>304L<\/strong>, <strong>316<\/strong>y <strong>316L<\/strong>Las tes de acero inoxidable pueden utilizarse en una amplia gama de sectores, desde la construcci\u00f3n y el procesamiento de alimentos hasta la industria farmac\u00e9utica y petroqu\u00edmica.<\/li>\n<li><strong>Soldadura sin costura<\/strong>: <strong>Tes para soldar a tope<\/strong> proporcionan una conexi\u00f3n suave y a prueba de fugas, garantizando la integridad y resistencia de los sistemas de tuber\u00edas.<\/li>\n<\/ul>\n<h3>Conclusi\u00f3n<\/h3>\n<p>Tanto si trabaja con un <strong>304 te<\/strong>, a <strong>Te 316L<\/strong>o un est\u00e1ndar <strong>T igual de acero inoxidable<\/strong>seleccionar el tipo y el material adecuados es crucial para el rendimiento y la longevidad de su sistema de tuber\u00edas. Para aplicaciones cr\u00edticas que requieren una alta resistencia a la corrosi\u00f3n, <strong>316<\/strong> y <strong>316L<\/strong> son ideales, mientras que <strong>304<\/strong> y <strong>304L<\/strong> son m\u00e1s adecuadas para las necesidades industriales generales. Aseg\u00farese siempre de seleccionar tes de alta calidad para garantizar un funcionamiento seguro y fiable.<\/p>","protected":false},"excerpt":{"rendered":"<p>Stainless Steel Tee: Types, Uses, and Benefits Stainless steel tees are an essential component in the world of piping systems, providing an efficient way to branch off or change the direction of the flow in a pipeline. These tees are available in various forms, including stainless steel equal tee, stainless steel reducing tee, stainless steel [&hellip;]<\/p>\n","protected":false},"featured_media":2444,"comment_status":"open","ping_status":"closed","template":"","meta":{"_gspb_post_css":""},"product_brand":[397],"product_cat":[383],"product_tag":[],"class_list":{"0":"post-2443","1":"product","2":"type-product","3":"status-publish","4":"has-post-thumbnail","6":"product_brand-hfittings","7":"product_cat-stainless-steel-pipe-fittings","9":"first","10":"instock","11":"sale","12":"shipping-taxable","13":"purchasable","14":"product-type-simple"},"_links":{"self":[{"href":"https:\/\/hfittings.com\/es\/wp-json\/wp\/v2\/product\/2443","targetHints":{"allow":["GET"]}}],"collection":[{"href":"https:\/\/hfittings.com\/es\/wp-json\/wp\/v2\/product"}],"about":[{"href":"https:\/\/hfittings.com\/es\/wp-json\/wp\/v2\/types\/product"}],"replies":[{"embeddable":true,"href":"https:\/\/hfittings.com\/es\/wp-json\/wp\/v2\/comments?post=2443"}],"wp:featuredmedia":[{"embeddable":true,"href":"https:\/\/hfittings.com\/es\/wp-json\/wp\/v2\/media\/2444"}],"wp:attachment":[{"href":"https:\/\/hfittings.com\/es\/wp-json\/wp\/v2\/media?parent=2443"}],"wp:term":[{"taxonomy":"product_brand","embeddable":true,"href":"https:\/\/hfittings.com\/es\/wp-json\/wp\/v2\/product_brand?post=2443"},{"taxonomy":"product_cat","embeddable":true,"href":"https:\/\/hfittings.com\/es\/wp-json\/wp\/v2\/product_cat?post=2443"},{"taxonomy":"product_tag","embeddable":true,"href":"https:\/\/hfittings.com\/es\/wp-json\/wp\/v2\/product_tag?post=2443"}],"curies":[{"name":"wp","href":"https:\/\/api.w.org\/{rel}","templated":true}]}}