{"id":2332,"date":"2025-01-13T05:12:20","date_gmt":"2025-01-13T05:12:20","guid":{"rendered":"https:\/\/hfittings.com\/?post_type=product&#038;p=2332"},"modified":"2025-03-24T08:47:47","modified_gmt":"2025-03-24T08:47:47","slug":"accesorios-de-tuberia-de-acero-inoxidable","status":"publish","type":"product","link":"https:\/\/hfittings.com\/es\/product\/stainless-steel-pipe-fittings\/","title":{"rendered":"Accesorios de tuber\u00eda de acero inoxidable"},"content":{"rendered":"<h3>Accesorios para tuber\u00edas de acero inoxidable - Calidad superior para un rendimiento fiable<\/h3>\n<p>Nuestra <strong>accesorios de tuber\u00eda<\/strong> est\u00e1n dise\u00f1adas para ofrecer un rendimiento, una durabilidad y una resistencia a la corrosi\u00f3n superiores, lo que las convierte en la soluci\u00f3n ideal para una gran variedad de aplicaciones de tuber\u00edas en sectores como los siguientes <strong>procesamiento qu\u00edmico<\/strong>, <strong>petr\u00f3leo y gas<\/strong>, <strong>construcci\u00f3n<\/strong>y <strong>procesado de alimentos<\/strong>. Ofrecemos una amplia gama de accesorios de alta calidad, incluyendo <strong>codos de acero inoxidable<\/strong>, <strong>camisetas<\/strong>, <strong>reductores<\/strong>, <strong>tapas<\/strong>, <strong>bridas<\/strong>y <strong>curvas<\/strong>disponible en grados superiores como <strong>304L<\/strong>, <strong>316L<\/strong>y <strong>306L<\/strong>.<\/p>\n<figure id=\"attachment_2179\" aria-describedby=\"caption-attachment-2179\" style=\"width: 300px\" class=\"wp-caption alignnone\"><img decoding=\"async\" class=\"wp-image-2179 size-medium\" title=\"accesorios de tuber\u00eda de acero inoxidable\" src=\"https:\/\/hfittings.com\/wp-content\/uploads\/2024\/12\/Stainless-Pipe-Fittings-300x300.jpg\" alt=\"accesorios de tuber\u00eda de acero inoxidable\" width=\"300\" height=\"300\" srcset=\"https:\/\/hfittings.com\/wp-content\/uploads\/2024\/12\/Stainless-Pipe-Fittings-300x300.jpg 300w, https:\/\/hfittings.com\/wp-content\/uploads\/2024\/12\/Stainless-Pipe-Fittings-1024x1024.jpg 1024w, https:\/\/hfittings.com\/wp-content\/uploads\/2024\/12\/Stainless-Pipe-Fittings-150x150.jpg 150w, https:\/\/hfittings.com\/wp-content\/uploads\/2024\/12\/Stainless-Pipe-Fittings-768x768.jpg 768w, https:\/\/hfittings.com\/wp-content\/uploads\/2024\/12\/Stainless-Pipe-Fittings-1000x1000.jpg 1000w, https:\/\/hfittings.com\/wp-content\/uploads\/2024\/12\/Stainless-Pipe-Fittings-500x500.jpg 500w, https:\/\/hfittings.com\/wp-content\/uploads\/2024\/12\/Stainless-Pipe-Fittings.jpg 1280w\" sizes=\"(max-width: 300px) 100vw, 300px\" \/><figcaption id=\"caption-attachment-2179\" class=\"wp-caption-text\">accesorios de tuber\u00eda de acero inoxidable<\/figcaption><\/figure>\n<h4>Productos clave en accesorios de tuber\u00eda de acero inoxidable:<\/h4>\n<ol>\n<li><strong>Codo de acero inoxidable<\/strong><br \/>\nNuestra <strong>codos de acero inoxidable<\/strong> est\u00e1n disponibles en <strong>304L<\/strong> y <strong>316L<\/strong> grados de acero inoxidable. Estos <strong>racores en codo<\/strong> est\u00e1n dise\u00f1ados para garantizar un flujo fluido y cambios de direcci\u00f3n de la tuber\u00eda sin interrupciones. <strong>Codos 316L<\/strong> ofrecen una resistencia superior a la corrosi\u00f3n en entornos agresivos, mientras que <strong>Codos 304L<\/strong> son perfectas para condiciones m\u00e1s moderadas. Ambas son ideales para una gran variedad de aplicaciones en construcci\u00f3n, sistemas de agua y HVAC.<\/li>\n<li><strong>T de acero inoxidable<\/strong><br \/>\n<strong>Tes de acero inoxidable<\/strong> son fundamentales para ramificar o combinar el flujo de fluidos en su sistema. Disponibles en <strong>304L<\/strong> y <strong>316L<\/strong>Estas tes est\u00e1n dise\u00f1adas para proporcionar una conexi\u00f3n segura y sin fugas. La <strong>Te 316L<\/strong> es perfecto para entornos de alta corrosi\u00f3n, como plantas qu\u00edmicas e industrias marinas, mientras que el <strong>T 304L<\/strong> sirve bien en sistemas generales de tuber\u00edas.<\/li>\n<li><strong>Reductor de acero inoxidable<\/strong><br \/>\nNuestra <strong>reductores de acero inoxidable<\/strong> est\u00e1n dise\u00f1ados para adaptar tuber\u00edas de diferentes di\u00e1metros, garantizando transiciones suaves y p\u00e9rdidas de caudal m\u00ednimas. Estos reductores est\u00e1n disponibles en <strong>304L y 316L<\/strong> de acero inoxidable, que proporciona la solidez y resistencia a la corrosi\u00f3n necesarias para aplicaciones sensibles a la presi\u00f3n y la temperatura.<\/li>\n<li><strong>Tapa de acero inoxidable<\/strong><br \/>\nSe utiliza para sellar los extremos de las tuber\u00edas, <strong>tapones de acero inoxidable<\/strong> ofrecen un cierre herm\u00e9tico y seguro para evitar fugas y contaminaci\u00f3n. Fabricados con <strong>304L<\/strong> y <strong>Acero inoxidable 316L<\/strong>Estos tapones son duraderos, resistentes a la corrosi\u00f3n e ideales para sistemas de tuber\u00edas industriales y comerciales.<\/li>\n<li><strong>Brida de acero inoxidable<\/strong><br \/>\n<strong>Bridas de acero inoxidable<\/strong> son esenciales para conectar tuber\u00edas, v\u00e1lvulas y otros equipos, ofreciendo una conexi\u00f3n fuerte y a prueba de fugas. Nuestras bridas, disponibles en <strong>304L<\/strong> y <strong>316L<\/strong>garantizan un rendimiento \u00f3ptimo tanto en aplicaciones de alta como de baja presi\u00f3n, especialmente en sistemas qu\u00edmicos, de tratamiento de aguas y de calefacci\u00f3n, ventilaci\u00f3n y aire acondicionado.<\/li>\n<li><strong>Curvas de acero inoxidable<\/strong><br \/>\n<strong>Curvas de acero inoxidable<\/strong> son ideales para realizar cambios de direcci\u00f3n en tuber\u00edas. Disponibles en <strong>304L<\/strong> y <strong>316L<\/strong> grados, estos codos proporcionan transiciones suaves que minimizan la ca\u00edda de presi\u00f3n y mantienen caudales \u00f3ptimos.<\/li>\n<\/ol>\n<h4>Materiales de alto rendimiento:<\/h4>\n<ul>\n<li><strong>Acero inoxidable 304L<\/strong> - Ofrece una excelente resistencia a la oxidaci\u00f3n y la corrosi\u00f3n en la mayor\u00eda de los entornos, lo que la hace perfecta para sistemas de tuber\u00edas de uso general. Rentable y vers\u00e1til.<\/li>\n<li><strong>Acero inoxidable 316L<\/strong> - Proporciona una resistencia superior a la corrosi\u00f3n, especialmente frente a cloruros, \u00e1cidos y productos qu\u00edmicos agresivos. Ideal para entornos exigentes como las industrias marina, qu\u00edmica y farmac\u00e9utica.<\/li>\n<\/ul>\n<h4>\u00bfPor qu\u00e9 elegir nuestros herrajes?<\/h4>\n<ul>\n<li><strong>Alta durabilidad y resistencia<\/strong> - Todos nuestros racores de acero inoxidable est\u00e1n fabricados con materiales de alta calidad que garantizan un rendimiento duradero, incluso en condiciones adversas.<\/li>\n<li><strong>Resistencia a la corrosi\u00f3n<\/strong> - Ya sea <strong>316L<\/strong> para aplicaciones marinas o <strong>304L<\/strong> Para sistemas menos exigentes, nuestros racores de acero inoxidable ofrecen una excelente resistencia a la corrosi\u00f3n.<\/li>\n<li><strong>Soluciones a medida<\/strong> - Proporcionamos accesorios de tuber\u00eda personalizados y soluciones flexibles para satisfacer las necesidades \u00fanicas de su proyecto.<\/li>\n<li><strong>Amplia gama de aplicaciones<\/strong> - Nuestros productos se utilizan en una gran variedad de sectores, entre ellos <strong>tratamiento del agua<\/strong>, <strong>petr\u00f3leo y gas<\/strong>, <strong>qu\u00edmica<\/strong>y <strong>construcci\u00f3n<\/strong>.<\/li>\n<\/ul>\n<p>Tanto si necesita <strong>codos de acero inoxidable<\/strong>, <strong>camisetas<\/strong>, <strong>reductores<\/strong>o <strong>bridas<\/strong>Nuestros productos proporcionan soluciones fiables y de alto rendimiento para satisfacer todas sus necesidades de tuber\u00edas. P\u00f3ngase en contacto con nosotros hoy mismo para obtener m\u00e1s informaci\u00f3n sobre nuestra amplia selecci\u00f3n de <strong>accesorios<\/strong> y obtenga la mejor soluci\u00f3n para su proyecto.<\/p>","protected":false},"excerpt":{"rendered":"<p>Gama de productos : codo, te, reductor, tap\u00f3n, curvas y brida...<\/p>\n<p>Tama\u00f1o: 1\/2\"~80\",DN15~DN2000<\/p>\n<p>Schedule: Sch 20, 40, STD, 80, 160, XXS<\/p>\n<p>Designaci\u00f3n: ASTM A403, ASME B16.9, ASME B16.5, EN 10253, EN 10241, JIS B2311<\/p>\n<p>Calidad: 304\/304L\/316\/316L\/310\/321\/410\/430\/Duplex 2205<\/p>\n<p>&nbsp;<\/p>","protected":false},"featured_media":2179,"comment_status":"open","ping_status":"closed","template":"","meta":{"_gspb_post_css":""},"product_brand":[397],"product_cat":[383],"product_tag":[429,430,428],"class_list":{"0":"post-2332","1":"product","2":"type-product","3":"status-publish","4":"has-post-thumbnail","6":"product_brand-hfittings","7":"product_cat-stainless-steel-pipe-fittings","8":"product_tag-s304-fittings","9":"product_tag-s316-fittings","10":"product_tag-stainless-steel-pipe-fittings","12":"first","13":"instock","14":"sale","15":"shipping-taxable","16":"purchasable","17":"product-type-simple"},"_links":{"self":[{"href":"https:\/\/hfittings.com\/es\/wp-json\/wp\/v2\/product\/2332","targetHints":{"allow":["GET"]}}],"collection":[{"href":"https:\/\/hfittings.com\/es\/wp-json\/wp\/v2\/product"}],"about":[{"href":"https:\/\/hfittings.com\/es\/wp-json\/wp\/v2\/types\/product"}],"replies":[{"embeddable":true,"href":"https:\/\/hfittings.com\/es\/wp-json\/wp\/v2\/comments?post=2332"}],"wp:featuredmedia":[{"embeddable":true,"href":"https:\/\/hfittings.com\/es\/wp-json\/wp\/v2\/media\/2179"}],"wp:attachment":[{"href":"https:\/\/hfittings.com\/es\/wp-json\/wp\/v2\/media?parent=2332"}],"wp:term":[{"taxonomy":"product_brand","embeddable":true,"href":"https:\/\/hfittings.com\/es\/wp-json\/wp\/v2\/product_brand?post=2332"},{"taxonomy":"product_cat","embeddable":true,"href":"https:\/\/hfittings.com\/es\/wp-json\/wp\/v2\/product_cat?post=2332"},{"taxonomy":"product_tag","embeddable":true,"href":"https:\/\/hfittings.com\/es\/wp-json\/wp\/v2\/product_tag?post=2332"}],"curies":[{"name":"wp","href":"https:\/\/api.w.org\/{rel}","templated":true}]}}