{"id":2129,"date":"2025-01-05T10:50:30","date_gmt":"2025-01-05T10:50:30","guid":{"rendered":"https:\/\/hfittings.com\/?post_type=product&#038;p=2129"},"modified":"2025-03-24T08:43:47","modified_gmt":"2025-03-24T08:43:47","slug":"te-de-acero-al-carbono","status":"publish","type":"product","link":"https:\/\/hfittings.com\/es\/product\/carbon-steel-tee\/","title":{"rendered":"T de acero al carbono"},"content":{"rendered":"<h2>T de acero al carbono - Accesorios de tuber\u00eda de alta calidad para una gesti\u00f3n eficaz del caudal<\/h2>\n<p><strong>Tees<\/strong> son accesorios de tuber\u00eda esenciales que se utilizan para unir tres secciones de tuber\u00edas, permitiendo que el fluido o gas se separe en diferentes direcciones o se combine a partir de varias l\u00edneas. Fabricados con materiales de alta resistencia <strong>acero al carbono<\/strong>Estas tes son conocidas por su durabilidad, resistencia al desgaste y excelente rendimiento en entornos de alta presi\u00f3n y alta temperatura. Se utilizan ampliamente en industrias como <strong>petr\u00f3leo y gas<\/strong>, <strong>procesamiento qu\u00edmico<\/strong>, <strong>tratamiento del agua<\/strong>y <strong>construcci\u00f3n<\/strong>.<\/p>\n<h4>\u00bfQu\u00e9 es una T para tubos?<\/h4>\n<figure id=\"attachment_2222\" aria-describedby=\"caption-attachment-2222\" style=\"width: 300px\" class=\"wp-caption alignnone\"><img decoding=\"async\" class=\"size-medium wp-image-2222\" src=\"https:\/\/hfittings.com\/wp-content\/uploads\/2025\/01\/carbon-steel-tee-300x300.jpg\" alt=\"te de acero al carbono\" width=\"300\" height=\"300\" srcset=\"https:\/\/hfittings.com\/wp-content\/uploads\/2025\/01\/carbon-steel-tee-300x300.jpg 300w, https:\/\/hfittings.com\/wp-content\/uploads\/2025\/01\/carbon-steel-tee-1024x1024.jpg 1024w, https:\/\/hfittings.com\/wp-content\/uploads\/2025\/01\/carbon-steel-tee-150x150.jpg 150w, https:\/\/hfittings.com\/wp-content\/uploads\/2025\/01\/carbon-steel-tee-768x768.jpg 768w, https:\/\/hfittings.com\/wp-content\/uploads\/2025\/01\/carbon-steel-tee-1000x1000.jpg 1000w, https:\/\/hfittings.com\/wp-content\/uploads\/2025\/01\/carbon-steel-tee-500x500.jpg 500w, https:\/\/hfittings.com\/wp-content\/uploads\/2025\/01\/carbon-steel-tee.jpg 1280w\" sizes=\"(max-width: 300px) 100vw, 300px\" \/><figcaption id=\"caption-attachment-2222\" class=\"wp-caption-text\">te de acero al carbono<\/figcaption><\/figure>\n<p>Una uni\u00f3n en T para tuber\u00edas es un accesorio que conecta tres tramos de tuber\u00eda, normalmente a una <strong>90 grados<\/strong> \u00e1ngulo. Esto permite que el fluido o el gas fluyan en distintas direcciones, lo que hace que las tes sean vitales para ramificar o combinar sistemas de tuber\u00edas. Disponibles en varios tama\u00f1os, materiales y configuraciones, <strong>camisetas<\/strong> ofrecen soluciones fiables y robustas para gestionar el flujo de fluidos a trav\u00e9s de las tuber\u00edas. Estas tes est\u00e1n dise\u00f1adas para soportar altas presiones, cargas pesadas y condiciones extremas, lo que las convierte en la opci\u00f3n ideal para aplicaciones industriales exigentes.<\/p>\n<p>Las tes se fabrican para cumplir las estrictas normas del sector, tales como <strong>ASTM A234 WPB<\/strong>La tecnolog\u00eda de tuber\u00edas de acero inoxidable de alta calidad garantiza que puedan soportar los requisitos de presi\u00f3n y temperatura de la mayor\u00eda de los sistemas de tuber\u00edas.<\/p>\n<h4>Tipos de camiseta<\/h4>\n<ol>\n<li><strong>Camiseta sin costuras<\/strong><br \/>\n<strong>Camisetas sin costuras<\/strong> se fabrican a partir de una sola pieza de acero al carbono, sin soldaduras ni juntas. Este m\u00e9todo de construcci\u00f3n ofrece una fuerza y una resistencia a la corrosi\u00f3n superiores, lo que las hace ideales para sistemas de alta presi\u00f3n. Las tes sin soldadura suelen utilizarse en aplicaciones en las que la resistencia mec\u00e1nica es un requisito cr\u00edtico, como en centrales el\u00e9ctricas o sistemas industriales pesados.<\/li>\n<li><strong>Te soldada<\/strong><br \/>\n<strong>T para soldar<\/strong> se forman soldando tres secciones de tubo. Este m\u00e9todo de construcci\u00f3n ofrece flexibilidad y ahorro de costes en comparaci\u00f3n con las tes sin soldadura, aunque puede ser m\u00e1s adecuado para aplicaciones de baja presi\u00f3n. Las tes soldadas se presentan en varias configuraciones, entre ellas <strong>Tees de 90 grados<\/strong> y <strong>tes reductoras<\/strong>para adaptarse a diferentes requisitos de caudal.<\/li>\n<li><strong>Equal Tee<\/strong><br \/>\nEn <strong>igual te<\/strong> se utiliza cuando los tres ramales de la tuber\u00eda tienen el mismo tama\u00f1o. Este tipo de T garantiza que el flujo de fluido se distribuya uniformemente entre las tres secciones, y se suele utilizar en sistemas en los que el equilibrio es importante, como los sistemas de distribuci\u00f3n de agua o las redes de rociadores contra incendios.<\/li>\n<li><strong>T reductora<\/strong><br \/>\nA <strong>te reductora<\/strong> se utiliza para conectar tuber\u00edas de diferentes tama\u00f1os. Este tipo de T permite una transici\u00f3n suave entre tuber\u00edas grandes y peque\u00f1as, manteniendo caudales constantes y minimizando las ca\u00eddas de presi\u00f3n. Las tes reductoras se utilizan habitualmente en sistemas que requieren caudales o di\u00e1metros de tuber\u00eda diferentes, como los sistemas de procesamiento qu\u00edmico o de calefacci\u00f3n, ventilaci\u00f3n y aire acondicionado.<\/li>\n<li><strong>Camiseta Barred<\/strong><br \/>\n<strong>Camisetas de rayas<\/strong> tienen una pantalla interna (o barra) que ayuda a evitar el reflujo y protege el equipo aguas abajo. Estas tes se utilizan en sistemas cr\u00edticos en los que es esencial evitar el reflujo o la contaminaci\u00f3n por part\u00edculas, como en <strong>tratamiento del agua<\/strong> o <strong>refinado de petr\u00f3leo<\/strong> procesos.<\/li>\n<\/ol>\n<h4>Opciones de revestimiento para Tes<\/h4>\n<p>Para mejorar su rendimiento y vida \u00fatil, <strong>camisetas<\/strong> pueden recubrirse para mejorar su resistencia a la corrosi\u00f3n. Algunas opciones comunes de revestimiento incluyen:<\/p>\n<ol>\n<li><strong>Camiseta Pintura Negra<\/strong><br \/>\n<strong>Pintura negra<\/strong> es una opci\u00f3n de revestimiento com\u00fan utilizada para proteger las tes de acero al carbono de la corrosi\u00f3n, la suciedad y la humedad en aplicaciones industriales generales. Esta opci\u00f3n rentable es ideal para aplicaciones en las que las tes est\u00e1n expuestas a condiciones ambientales leves.<\/li>\n<li><strong>T de revestimiento de PE<\/strong><br \/>\n<strong>Revestimiento de PE (polietileno)<\/strong> proporciona una fuerte barrera protectora contra la humedad, los productos qu\u00edmicos y los da\u00f1os f\u00edsicos. Este revestimiento se utiliza habitualmente en sistemas de tuber\u00edas exteriores o enterradas, donde las tes pueden estar expuestas a condiciones meteorol\u00f3gicas adversas o a entornos corrosivos.<\/li>\n<li><strong>Te galvanizada<\/strong><br \/>\n<strong>Galvanizaci\u00f3n<\/strong> consiste en recubrir la T de acero al carbono con una capa de zinc, que evita la oxidaci\u00f3n y la corrosi\u00f3n. Las tes galvanizadas son perfectas para aplicaciones en entornos mojados, h\u00famedos o qu\u00edmicamente agresivos, ya que prolongan la vida \u00fatil del accesorio y minimizan las necesidades de mantenimiento.<\/li>\n<\/ol>\n<h4>Ventajas de las camisetas<\/h4>\n<ul>\n<li><strong>Durabilidad:<\/strong> Las Tes est\u00e1n dise\u00f1adas para soportar altas presiones, temperaturas y desgaste, proporcionando un rendimiento a largo plazo en entornos exigentes.<\/li>\n<li><strong>Rentable:<\/strong> En comparaci\u00f3n con materiales m\u00e1s caros como el acero inoxidable o el acero aleado, el acero al carbono es una soluci\u00f3n m\u00e1s asequible que sigue ofreciendo un rendimiento fiable.<\/li>\n<li><strong>Versatilidad:<\/strong> Disponibles en varios tama\u00f1os, configuraciones y revestimientos, las tes pueden adaptarse a las necesidades espec\u00edficas de diversos sistemas de tuber\u00edas.<\/li>\n<li><strong>Resistencia a la corrosi\u00f3n:<\/strong> Las opciones de revestimiento, como la galvanizaci\u00f3n y el revestimiento de PE, ayudan a mejorar la resistencia a la corrosi\u00f3n de las tes, haci\u00e9ndolas adecuadas para aplicaciones en exteriores y corrosivas.<\/li>\n<li><strong>Flexibilidad:<\/strong> Las tes se presentan en distintas configuraciones, como tes iguales, reductoras y de barras, lo que facilita su integraci\u00f3n en diversos sistemas.<\/li>\n<\/ul>\n<h4>Normas y certificaciones<\/h4>\n<p>Para garantizar que nuestros <strong>camisetas<\/strong> cumplen normas de alta calidad, los fabricamos de acuerdo con especificaciones reconocidas internacionalmente:<\/p>\n<ul>\n<li><strong>ASTM A234 WPB<\/strong>: Esta especificaci\u00f3n cubre la producci\u00f3n de tes y accesorios utilizados en sistemas de tuber\u00edas a presi\u00f3n. Garantiza que las tes cumplan estrictos requisitos mec\u00e1nicos y dimensionales de fiabilidad y rendimiento.<\/li>\n<li><strong>ASME B16.9<\/strong>: Esta norma describe los requisitos que deben cumplir los accesorios para soldar a tope fabricados en f\u00e1brica, incluidas las tes. Proporciona directrices esenciales sobre dimensiones, tolerancias y valores nominales de presi\u00f3n-temperatura para garantizar la coherencia y la calidad.<\/li>\n<\/ul>\n<h4>Aplicaciones de las Tes<\/h4>\n<p>Las tes se utilizan en una amplia gama de industrias, entre ellas:<\/p>\n<ul>\n<li><strong>Petr\u00f3leo y gas:<\/strong> Las tes se utilizan para bifurcar o combinar tuber\u00edas en los sistemas de transporte de petr\u00f3leo y gas.<\/li>\n<li><strong>Generaci\u00f3n de energ\u00eda:<\/strong> En las centrales el\u00e9ctricas, las tes se emplean para conectar diversos sistemas de tuber\u00edas que transportan vapor, agua u otros fluidos.<\/li>\n<li><strong>Tratamiento del agua:<\/strong> Las tes se utilizan en sistemas de tratamiento de agua y aguas residuales para dirigir el flujo o combinar varios ramales de tuber\u00edas.<\/li>\n<li><strong>Construcci\u00f3n:<\/strong> Las tes se utilizan habitualmente en sistemas de climatizaci\u00f3n, fontaner\u00eda y otras instalaciones mec\u00e1nicas para gestionar el flujo de fluidos.<\/li>\n<\/ul>\n<h4>Conclusi\u00f3n<\/h4>\n<p>Las tes son accesorios fundamentales en los sistemas de tuber\u00edas que proporcionan resistencia, durabilidad y flexibilidad. Tanto si necesita <strong>tes iguales<\/strong>, <strong>tes reductoras<\/strong>o <strong>tes de soldadura<\/strong>Estos racores est\u00e1n dise\u00f1ados para satisfacer las exigencias de los entornos de alta presi\u00f3n y alta temperatura. Con opciones de revestimiento como <strong>pintura negra<\/strong>, <strong>Revestimiento de PE<\/strong>y <strong>galvanizaci\u00f3n<\/strong>ofrecen una mayor resistencia a la corrosi\u00f3n y una vida \u00fatil m\u00e1s larga.<\/p>\n<p>Si busca <strong>camisetas de alta calidad<\/strong> que cumplen las normas del sector, como <strong>ASTM A234 WPB<\/strong> y <strong>ASME B16.9<\/strong>Para satisfacer sus necesidades espec\u00edficas, elija un proveedor de confianza que pueda ofrecerle una amplia gama de tama\u00f1os, configuraciones y revestimientos. Las Tes siguen siendo una opci\u00f3n excelente para sistemas de tuber\u00edas fiables, rentables y de alto rendimiento en diversos sectores.<\/p>","protected":false},"excerpt":{"rendered":"<p>Tama\u00f1o: 1\/2\"~80\",DN15~DN2000<\/p>\n<p>Schedule: Sch 20, 40, STD, 80, 160, XXS<\/p>\n<p>Designaci\u00f3n: ASTM \/ ASME A234, A860, A420<\/p>\n<p>Grado: WPB\/C, WPHY 42, 46, 52, 60, 65, 70, WPL 3, 6, 9<\/p>\n<p>Tipo: Codo sin soldadura y codo para soldar<\/p>","protected":false},"featured_media":2222,"comment_status":"open","ping_status":"closed","template":"","meta":{"_gspb_post_css":""},"product_brand":[397],"product_cat":[133],"product_tag":[423,422,424],"class_list":{"0":"post-2129","1":"product","2":"type-product","3":"status-publish","4":"has-post-thumbnail","6":"product_brand-hfittings","7":"product_cat-carbon-steel-pipe-fittings","8":"product_tag-butt-weld-tee","9":"product_tag-carbon-steel-tee","10":"product_tag-seamless-tee","12":"first","13":"instock","14":"sale","15":"shipping-taxable","16":"purchasable","17":"product-type-simple"},"_links":{"self":[{"href":"https:\/\/hfittings.com\/es\/wp-json\/wp\/v2\/product\/2129","targetHints":{"allow":["GET"]}}],"collection":[{"href":"https:\/\/hfittings.com\/es\/wp-json\/wp\/v2\/product"}],"about":[{"href":"https:\/\/hfittings.com\/es\/wp-json\/wp\/v2\/types\/product"}],"replies":[{"embeddable":true,"href":"https:\/\/hfittings.com\/es\/wp-json\/wp\/v2\/comments?post=2129"}],"wp:featuredmedia":[{"embeddable":true,"href":"https:\/\/hfittings.com\/es\/wp-json\/wp\/v2\/media\/2222"}],"wp:attachment":[{"href":"https:\/\/hfittings.com\/es\/wp-json\/wp\/v2\/media?parent=2129"}],"wp:term":[{"taxonomy":"product_brand","embeddable":true,"href":"https:\/\/hfittings.com\/es\/wp-json\/wp\/v2\/product_brand?post=2129"},{"taxonomy":"product_cat","embeddable":true,"href":"https:\/\/hfittings.com\/es\/wp-json\/wp\/v2\/product_cat?post=2129"},{"taxonomy":"product_tag","embeddable":true,"href":"https:\/\/hfittings.com\/es\/wp-json\/wp\/v2\/product_tag?post=2129"}],"curies":[{"name":"wp","href":"https:\/\/api.w.org\/{rel}","templated":true}]}}