{"id":2123,"date":"2024-12-23T07:50:11","date_gmt":"2024-12-23T07:50:11","guid":{"rendered":"https:\/\/hfittings.com\/?post_type=product&#038;p=2123"},"modified":"2025-12-20T01:49:12","modified_gmt":"2025-12-20T01:49:12","slug":"codo-de-acero-al-carbono","status":"publish","type":"product","link":"https:\/\/hfittings.com\/es\/product\/carbon-steel-elbow\/","title":{"rendered":"Codo de acero al carbono"},"content":{"rendered":"<h1><strong>Acero al carbono <\/strong><strong>Codo <\/strong><strong>ASTM A234 WPB 90 grados sin soldadura y soldado\u00a0<\/strong><\/h1>\n<p>Los codos son esenciales <strong>accesorios de tuber\u00eda<\/strong> se utilizan para cambiar la direcci\u00f3n de las tuber\u00edas en diversos sistemas de canalizaci\u00f3n. Estos accesorios se fabrican con <strong>acero al carbono<\/strong>, un material fuerte y duradero conocido por su capacidad para resistir el desgaste y la corrosi\u00f3n. Tanto si necesita cambiar la direcci\u00f3n de sus tuber\u00edas 90 grados, 45 grados o reducir el tama\u00f1o de la tuber\u00eda, los codos ofrecen soluciones fiables y duraderas. Se utilizan ampliamente en industrias como <strong>petr\u00f3leo y gas<\/strong>, <strong>construcci\u00f3n<\/strong>, <strong>centrales el\u00e9ctricas<\/strong>, <strong>tratamiento del agua<\/strong>y mucho m\u00e1s.<\/p>\n<h3><img decoding=\"async\" src=\"datos:image\/jpeg;base64,\/9j\/4QAsRXhpZgAASUkqAAgAAAABADwBAgAJAAAAGgAAAAAAAABpbWFnZXJ5NAAA\/+wAEUR1Y2t5AAEABAAAAB4AAP\/uAA5BZG9iZQBkwAAAAAH\/2wCEABALCwsMCxAMDBAXDw0PFxsUEBAUGx8XFxcXFx8eFxoaGhoXHh4jJSclIx4vLzMzLy9AQEBAQEBAQEBAQEBAQEABEQ8PERMRFRISFRQRFBEUGhQWFhQaJhoaHBoaJjAjHh4eHiMwKy4nJycuKzU1MDA1NUBAP0BAQEBAQEBAQEBAQP\/AABEIAaQCAAMBIgACEQEDEQH\/xACFAAEAAgMBAQAAAAAAAAAAAAAAAwQBAgUGBwEBAQEAAAAAAAAAAAAAAAAAAAECEAACAQMCBAQDBQYFAwQDAAAAAQIRAwQhMUFREgVhcSIGgTITkaGxQlLB0WJyIxThgpIzB0MkFbJTNBbw8cIRAQEBAQEBAQAAAAAAAAAAAAABEUExIWH\/2gAMAwEAAhEDEQA\/APoAAAAAAAAAAAAAAAAAAAAAAAAAMGspxgqzaiubA3BFC\/ZuOkJxk+SepIBkAAAAAAAAAAAAAAAAAAAAAAAAAAAAAAAAAAAAAAAAAAAAAAAAAAAAAAAAAAAAAAAAAAAAAAAAAAAAANW0lV6JcTS9ft2IOdx0XLmed7j3mdzqjGVIcIr9oHTze7wspxstOX6nt8EcHJ7nkXKuU+t\/YvsKF7Lcm22VLmQUXv72XVVNxmvHVfFHW7Z7ncJKznPqtvRXuMf5ufmeSuX01R\/AjeStObWpB9XjKM4qUWpRaqmtmjY8L7Z9yLFurBy5f9rcdLc3\/wBKT4fys9ytgMgAAAAAAAAAAAAAAAAAAAAAAAAGraSq3RLiBsYPNd796YPb27OMv7i+uKfoT8+J4vuXuvu+e2rl927b\/wCnb9K+4D6bk927biaZGTbttcHJV+woT94+34Nr+5rTlGX7j5S7s5tuUm34sdTbpTYfB9S\/+7dh\/wDdn\/oZvD3h2Sekbk3\/AJT5\" alt=\"codo de acero al carbono\" \/><\/h3>\n<h3>\u00bfQu\u00e9 es un codo de tuber\u00eda?<\/h3>\n<p><strong>Codo de tubo<\/strong> conecta dos secciones de tuber\u00eda y permite que \u00e9sta cambie de direcci\u00f3n. Estos codos est\u00e1n dise\u00f1ados para soportar altas presiones y altas temperaturas, lo que los hace ideales para una gran variedad de aplicaciones. Los codos de tuber\u00eda est\u00e1n disponibles en varios tipos, entre ellos <strong>Codos de 90 grados<\/strong>, <strong>Codos de 45 grados<\/strong>y <strong>codos reductores<\/strong>, lo que permite flexibilidad en diferentes sistemas de tuber\u00edas.<\/p>\n<p>Los codos se fabrican para cumplir las estrictas normas de la industria, tales como <strong>ASTM A234 WPB<\/strong> para sistemas de tuber\u00edas a presi\u00f3n, garantizando resistencia, fiabilidad y durabilidad.<\/p>\n<h3>Tipos de codos<\/h3>\n<h4>1. <strong>Codo sin soldadura<\/strong><\/h4>\n<p><strong>Codo sin costuras<\/strong> est\u00e1 fabricado de una sola pieza de acero sin soldaduras. Este dise\u00f1o hace que el codo sea m\u00e1s fuerte y duradero, con mayor resistencia a la presi\u00f3n. Los codos sin soldadura se utilizan en aplicaciones que requieren una gran resistencia mec\u00e1nica.<\/p>\n<h4>2. <strong>Codo de soldadura<\/strong><\/h4>\n<p><strong>Codo de soldadura<\/strong> se conecta a la tuber\u00eda mediante soldadura. Esto crea un sello a prueba de fugas. Los codos soldados est\u00e1n disponibles en diferentes \u00e1ngulos y radios, incluyendo <strong>Codos de 90 grados<\/strong>, <strong>Codos de 45 grados<\/strong>y <strong>radio largo<\/strong> o <strong>codos de radio corto<\/strong>. Los codos soldados se utilizan a menudo cuando se necesita una conexi\u00f3n permanente y segura.<\/p>\n<h4>3. <strong>Codo de radio largo<\/strong><\/h4>\n<p><strong>Codo de radio largo (codo LR)<\/strong> tiene un radio de curvatura que es 1,5 veces el di\u00e1metro de la tuber\u00eda. Estos codos est\u00e1n dise\u00f1ados para un flujo de fluido suave y son ideales cuando se desea minimizar la p\u00e9rdida de presi\u00f3n y mantener un flujo eficiente en el sistema.<\/p>\n<h4>4. <strong>Codo de radio corto<\/strong><\/h4>\n<p>En <strong>codo de radio corto (codo SR)<\/strong> tiene un radio de curvatura menor, igual al di\u00e1metro del tubo. Se utiliza en espacios reducidos donde es necesario un giro brusco. Aunque son m\u00e1s compactos, los codos de radio corto pueden crear una mayor resistencia al flujo en comparaci\u00f3n con los codos de radio largo.<\/p>\n<h4>5. <strong>Codo de 90 grados<\/strong><\/h4>\n<p>En <strong>Codo de 90 grados<\/strong> es uno de los tipos m\u00e1s comunes de codos. Cambia la direcci\u00f3n de la tuber\u00eda 90 grados, lo que resulta \u00fatil para giros bruscos en el trazado de la tuber\u00eda. Puede elegir entre un <strong>radio largo<\/strong> o <strong>radio corto<\/strong> codo en funci\u00f3n de sus necesidades de espacio y fluidez.<\/p>\n<h4>6. <strong>Codo de 45 grados<\/strong><\/h4>\n<p><strong>Codo de 45 grados<\/strong> se utiliza cuando la tuber\u00eda debe cambiar de direcci\u00f3n 45 grados. Este tipo de codo proporciona un flujo m\u00e1s suave en comparaci\u00f3n con un codo de 90 grados y se suele utilizar en sistemas que requieren cambios de direcci\u00f3n moderados.<\/p>\n<h4>7. <strong>Codo reductor<\/strong><\/h4>\n<p><strong>Codo reductor<\/strong> est\u00e1 dise\u00f1ado para conectar tuber\u00edas de diferentes tama\u00f1os. Permite cambiar tanto la direcci\u00f3n como el di\u00e1metro de la tuber\u00eda, manteniendo un caudal constante a la vez que se reduce el tama\u00f1o de la tuber\u00eda.<\/p>\n<h3>Opciones de revestimiento para codos de acero al carbono<\/h3>\n<p>Los codos pueden recubrirse para mejorar su resistencia a la corrosi\u00f3n y aumentar su vida \u00fatil. Algunas opciones comunes de revestimiento incluyen:<\/p>\n<h4>1. <strong>Codo de pintura negra<\/strong><\/h4>\n<p><strong>Pintura negra<\/strong> es una opci\u00f3n de revestimiento rentable que ayuda a proteger los codos de la oxidaci\u00f3n y la corrosi\u00f3n. Suele utilizarse en aplicaciones industriales generales en las que los codos est\u00e1n expuestos a la humedad o la suciedad.<\/p>\n<h4>2. <strong>Codo con revestimiento de PE<\/strong><\/h4>\n<p><strong>Revestimiento de PE (polietileno)<\/strong> se aplica a menudo a codos para aplicaciones en exteriores. Crea una barrera protectora contra la humedad y los productos qu\u00edmicos, garantizando que el codo dure m\u00e1s en condiciones duras.<\/p>\n<h4>3. <strong>Codo galvanizado<\/strong><\/h4>\n<p>A <strong>codo galvanizado<\/strong> est\u00e1 recubierto de zinc para evitar la oxidaci\u00f3n y la corrosi\u00f3n. Este revestimiento es especialmente \u00fatil en entornos en los que los codos est\u00e1n expuestos a la humedad o a productos qu\u00edmicos, ya que ayuda a prolongar su durabilidad.<\/p>\n<h3>Beneficios de los codos<\/h3>\n<ul>\n<li><strong>Durabilidad<\/strong>: Los codos est\u00e1n fabricados para durar, soportando altas presiones, temperaturas y desgaste.<\/li>\n<li><strong>Rentable<\/strong>: En comparaci\u00f3n con otros materiales como <strong>acero inoxidable<\/strong> o <strong>acero aleado<\/strong>Los codos de acero al carbono son m\u00e1s asequibles y ofrecen un rendimiento fiable a un coste menor.<\/li>\n<li><strong>Versatilidad<\/strong>: Disponibles en una amplia gama de tama\u00f1os, \u00e1ngulos y revestimientos, los codos pueden adaptarse a cualquier sistema de tuber\u00edas.<\/li>\n<li><strong>Resistencia a la corrosi\u00f3n<\/strong>: Revestimientos protectores como <strong>galvanizaci\u00f3n<\/strong> y <strong>Revestimiento de PE<\/strong> ayudan a proteger los codos de la oxidaci\u00f3n y la corrosi\u00f3n, alargando su vida \u00fatil.<\/li>\n<\/ul>\n<h3>Normas y certificaciones<\/h3>\n<p>Los codos se fabrican conforme a normas internacionales para garantizar una alta calidad y rendimiento. Algunas de las principales normas son:<\/p>\n<ul>\n<li><strong>ASTM A234 WPB<\/strong>: Este pliego de condiciones se refiere a la producci\u00f3n de <strong>codos<\/strong> y accesorios utilizados en sistemas de tuber\u00edas a presi\u00f3n. Garantiza que los codos cumplan estrictos requisitos mec\u00e1nicos y dimensionales.<\/li>\n<li><strong>ASME B16.9<\/strong>: Esta norma describe las especificaciones para las <strong>racores para soldar a tope<\/strong>incluidos los codos. Proporciona detalles sobre dimensiones, tolerancias y valores nominales de presi\u00f3n-temperatura para estos accesorios.<\/li>\n<\/ul>\n<h3>Aplicaciones de los codos<\/h3>\n<p>Los codos se utilizan en diversas industrias, entre ellas:<\/p>\n<ul>\n<li><strong>Petr\u00f3leo y gas<\/strong>: Para el transporte de petr\u00f3leo, gas y otros fluidos a trav\u00e9s de tuber\u00edas.<\/li>\n<li><strong>Generaci\u00f3n de energ\u00eda<\/strong>: En centrales el\u00e9ctricas para conectar diferentes secciones de tuber\u00edas.<\/li>\n<li><strong>Tratamiento del agua<\/strong>: En sistemas de tratamiento de aguas y aguas residuales.<\/li>\n<li><strong>Construcci\u00f3n<\/strong>: Para sistemas de calefacci\u00f3n, ventilaci\u00f3n y aire acondicionado, fontaner\u00eda y otras instalaciones mec\u00e1nicas.<\/li>\n<\/ul>\n<h3>Conclusi\u00f3n<\/h3>\n<p>Los codos son cruciales <strong>accesorios de tuber\u00eda<\/strong> que proporcionan resistencia, durabilidad y flexibilidad a los sistemas de tuber\u00edas. Tanto si necesita <strong>Codos de 90 grados<\/strong>, <strong>Codos de 45 grados<\/strong>o <strong>codos reductores<\/strong>Estos racores est\u00e1n dise\u00f1ados para soportar entornos de alta presi\u00f3n y alta temperatura. Con revestimientos como <strong>pintura negra<\/strong>, <strong>Revestimiento de PE<\/strong>y <strong>galvanizaci\u00f3n<\/strong>, los codos ofrecen una protecci\u00f3n duradera contra la corrosi\u00f3n.<\/p>\n<p>Si busca codos de alta calidad que cumplan normas industriales como <strong>ASTM A234 WPB<\/strong> y <strong>ASME B16.9<\/strong>Los codos de acero al carbono siguen siendo una de las principales opciones para la fabricaci\u00f3n de codos de acero inoxidable. <strong>fiable y rentable<\/strong>y sistemas de tuber\u00edas de alto rendimiento en todos los sectores.<\/p>\n<p>&nbsp;<\/p>","protected":false},"excerpt":{"rendered":"<h3><strong>ASTM A234 WPB Codo de 90 grados sin soldadura<\/strong><\/h3>\n<h4>P\u00f3ngase en contacto con nosotros para precios de m\u00e1s tama\u00f1os<\/h4>\n<p>Tama\u00f1o: 1\/2\"~80\",DN15~DN2000<\/p>\n<p>Schedule: Sch 20, 40, STD, 80, 160, XXS<\/p>\n<p>Designaci\u00f3n: ASTM \/ ASME A234, A860, A420<\/p>\n<p>Grado: WPB\/C, WPHY 42, 46, 52, 60, 65, 70, WPL 3, 6, 9<\/p>\n<p>Tipo: Codo sin soldadura y codo para soldar<\/p>\n<h4><strong>P\u00f3ngase en contacto con nosotros para obtener m\u00e1s descuentos\uff01.<\/strong><\/h4>","protected":false},"featured_media":2174,"comment_status":"open","ping_status":"closed","template":"","meta":{"_gspb_post_css":""},"product_brand":[397],"product_cat":[133],"product_tag":[421,420,419],"class_list":{"0":"post-2123","1":"product","2":"type-product","3":"status-publish","4":"has-post-thumbnail","6":"product_brand-hfittings","7":"product_cat-carbon-steel-pipe-fittings","8":"product_tag-a234-wpb-elbow","9":"product_tag-butt-weld-elbow","10":"product_tag-carbon-steel-elbow","12":"first","13":"instock","14":"sale","15":"shipping-taxable","16":"purchasable","17":"product-type-variable"},"_links":{"self":[{"href":"https:\/\/hfittings.com\/es\/wp-json\/wp\/v2\/product\/2123","targetHints":{"allow":["GET"]}}],"collection":[{"href":"https:\/\/hfittings.com\/es\/wp-json\/wp\/v2\/product"}],"about":[{"href":"https:\/\/hfittings.com\/es\/wp-json\/wp\/v2\/types\/product"}],"replies":[{"embeddable":true,"href":"https:\/\/hfittings.com\/es\/wp-json\/wp\/v2\/comments?post=2123"}],"wp:featuredmedia":[{"embeddable":true,"href":"https:\/\/hfittings.com\/es\/wp-json\/wp\/v2\/media\/2174"}],"wp:attachment":[{"href":"https:\/\/hfittings.com\/es\/wp-json\/wp\/v2\/media?parent=2123"}],"wp:term":[{"taxonomy":"product_brand","embeddable":true,"href":"https:\/\/hfittings.com\/es\/wp-json\/wp\/v2\/product_brand?post=2123"},{"taxonomy":"product_cat","embeddable":true,"href":"https:\/\/hfittings.com\/es\/wp-json\/wp\/v2\/product_cat?post=2123"},{"taxonomy":"product_tag","embeddable":true,"href":"https:\/\/hfittings.com\/es\/wp-json\/wp\/v2\/product_tag?post=2123"}],"curies":[{"name":"wp","href":"https:\/\/api.w.org\/{rel}","templated":true}]}}