{"id":1387,"date":"2024-12-01T03:48:19","date_gmt":"2024-12-01T03:48:19","guid":{"rendered":"https:\/\/hfittings.com\/home-2\/"},"modified":"2025-02-18T06:35:37","modified_gmt":"2025-02-18T06:35:37","slug":"accesorios-de-tuberia","status":"publish","type":"page","link":"https:\/\/hfittings.com\/es\/pipe-fittings\/","title":{"rendered":"Inicio"},"content":{"rendered":"<h1 class=\"wp-block-heading\" id=\"pipe-fittings\">Accesorios de tuber\u00eda<\/h1>\n\n\n\n<p>Huayue Pipe Fitting Co., Ltd., establecida en Cangzhou, provincia de Hebei, China, es un fabricante l\u00edder especializado en accesorios de tuber\u00eda de alta calidad. Con a\u00f1os de experiencia, nos hemos convertido en un socio de confianza para los mayoristas de todo el mundo, ofreciendo una amplia gama de productos para satisfacer diversas necesidades industriales.<\/p>\n\n\n\n<p><strong>Nuestra gama de productos<\/strong><\/p>\n\n\n\n<p>Ofrecemos una amplia selecci\u00f3n de accesorios de tuber\u00eda, incluyendo:<\/p>\n\n\n\n<ul class=\"wp-block-list\">\n<li><strong>Accesorios para tuber\u00edas de acero al carbono<\/strong>: Nuestros accesorios de acero al carbono, como codos, tes, reductores, tapones y bridas, se fabrican de acuerdo con las normas ASTM A234 WPB, garantizando durabilidad y fiabilidad para diversas aplicaciones. <\/li>\n\n\n\n<li><strong>Accesorios de tuber\u00eda de acero inoxidable<\/strong>: Ofrecemos accesorios de acero inoxidable, incluidos codos, tes, reductores, tapones y bridas, conformes a las normas ASTM A403 WP304L\/316L, que proporcionan una excelente resistencia a la corrosi\u00f3n para entornos exigentes.<\/li>\n\n\n\n<li><strong>Curvas de acero a medida<\/strong>: Nuestros codos de acero a medida est\u00e1n disponibles en varios radios, adaptados a los requisitos espec\u00edficos de cada proyecto.<\/li>\n\n\n\n<li><strong>Bridas<\/strong>: Suministramos una variedad de bridas, incluyendo slip-on, cuello de soldadura, ciego, y las bridas de uni\u00f3n de vuelta, adecuado para diferentes sistemas de tuber\u00edas.<\/li>\n\n\n\n<li><strong>Tubos de acero<\/strong>: Ofrecemos tubos de acero sin soldadura y soldados, disponibles en varios tama\u00f1os y grados para adaptarse a diferentes aplicaciones.<\/li>\n<\/ul>\n\n\n\n<p><strong>Garant\u00eda de calidad<\/strong><\/p>\n\n\n\n<p>En Huayue, la calidad es nuestra m\u00e1xima prioridad. Nuestros productos se someten a estrictos procesos de control de calidad en todas las fases de producci\u00f3n, desde la selecci\u00f3n de las materias primas hasta la inspecci\u00f3n final. Nos adherimos a las normas internacionales, garantizando que nuestros accesorios cumplan los m\u00e1s altos est\u00e1ndares de calidad.<\/p>\n\n\n\n<p><strong>Precios competitivos<\/strong><\/p>\n\n\n\n<p>Gracias a nuestra capacidad de producci\u00f3n interna y a una gesti\u00f3n eficaz de los costes, ofrecemos precios competitivos sin comprometer la calidad. Este enfoque nos convierte en el socio ideal para los mayoristas que buscan accesorios de tuber\u00eda fiables y rentables.<\/p>\n\n\n\n<p><strong>Entrega r\u00e1pida<\/strong><\/p>\n\n\n\n<p>Somos conscientes de la importancia de la puntualidad en las entregas en el sector industrial. Nuestras l\u00edneas de producci\u00f3n totalmente automatizadas nos permiten satisfacer los pedidos con prontitud, garantizando que nuestros clientes reciban sus productos a tiempo.<\/p>\n\n\n\n<p><strong>Alcance mundial<\/strong><\/p>\n\n\n\n<p>Con una s\u00f3lida red de distribuci\u00f3n, servimos a clientes de todo el mundo. Nuestro compromiso con la excelencia nos ha granjeado la reputaci\u00f3n de proveedor fiable en el mercado internacional.<\/p>\n\n\n\n<p><strong>P\u00f3ngase en contacto con nosotros<\/strong><\/p>\n\n\n\n<p>Si tiene alguna pregunta o desea hacer un pedido, p\u00f3ngase en contacto con nosotros:<\/p>\n\n\n\n<ul class=\"wp-block-list\">\n<li><strong>Correo electr\u00f3nico<\/strong>: <a>sales@hfittings.com<\/a><\/li>\n\n\n\n<li><strong>Tel\u00e9fono<\/strong>: +86 18631777030<\/li>\n\n\n\n<li><strong>Direcci\u00f3n<\/strong>: Zona industrial de Yinzhuang, condado de Mengcun, ciudad de Cangzhou, provincia de Hebei, China<\/li>\n<\/ul>\n\n\n\n<p>Le invitamos a explorar nuestra oferta de productos y experimentar la calidad y el servicio que Huayue Pipe Fitting Co., Ltd. proporciona.<\/p>\n\n\n\n<p><\/p>","protected":false},"excerpt":{"rendered":"<p>Cangzhou huayue pipe fitting Co.,ltd aqu\u00ed, un fabricante profesional, la exportaci\u00f3n de tuber\u00edas y accesorios con buena calidad y precio competitivo en China.Email:sales@hfittings.com<\/p>","protected":false},"author":1,"featured_media":0,"parent":0,"menu_order":0,"comment_status":"closed","ping_status":"closed","template":"","meta":{"_gspb_post_css":"","footnotes":""},"class_list":["post-1387","page","type-page","status-publish","hentry"],"blocksy_meta":[],"_links":{"self":[{"href":"https:\/\/hfittings.com\/es\/wp-json\/wp\/v2\/pages\/1387","targetHints":{"allow":["GET"]}}],"collection":[{"href":"https:\/\/hfittings.com\/es\/wp-json\/wp\/v2\/pages"}],"about":[{"href":"https:\/\/hfittings.com\/es\/wp-json\/wp\/v2\/types\/page"}],"author":[{"embeddable":true,"href":"https:\/\/hfittings.com\/es\/wp-json\/wp\/v2\/users\/1"}],"replies":[{"embeddable":true,"href":"https:\/\/hfittings.com\/es\/wp-json\/wp\/v2\/comments?post=1387"}],"version-history":[{"count":7,"href":"https:\/\/hfittings.com\/es\/wp-json\/wp\/v2\/pages\/1387\/revisions"}],"predecessor-version":[{"id":2498,"href":"https:\/\/hfittings.com\/es\/wp-json\/wp\/v2\/pages\/1387\/revisions\/2498"}],"wp:attachment":[{"href":"https:\/\/hfittings.com\/es\/wp-json\/wp\/v2\/media?parent=1387"}],"curies":[{"name":"wp","href":"https:\/\/api.w.org\/{rel}","templated":true}]}}