{"id":338,"date":"2024-04-23T16:44:51","date_gmt":"2024-04-23T16:44:51","guid":{"rendered":"https:\/\/startersites.io\/blocksy\/e-bike\/?post_type=product&#038;p=338"},"modified":"2025-03-22T11:40:37","modified_gmt":"2025-03-22T11:40:37","slug":"rohrformstucke-aus-kohlenstoffstahl","status":"publish","type":"product","link":"https:\/\/hfittings.com\/de\/product\/carbon-steel-pipe-fittings\/","title":{"rendered":"Rohrverschraubungen aus Kohlenstoffstahl"},"content":{"rendered":"<p>HUAYUE pipe fitting co.,ltd ist ein wachsendes Produktionsunternehmen im Bereich von Flanschen aus Kohlenstoffstahl, Armaturen aus Kohlenstoffstahl und Flanschen aus Kohlenstoffstahl f\u00fcr niedrige Temperaturen.<\/p>\n<p>Unsere reiche technische Erfahrung und organisierten Produktionsverfahren haben uns geholfen, einer der vertrauensw\u00fcrdigsten Lieferanten von Fittings und Flanschen aus Kohlenstoffstahl f\u00fcr gro\u00dfe Werften, Fabrikationsbetriebe, chemische Anlagen, \u00d6lraffinerien, Maschinenhersteller, Textil- und Fl\u00fcssigkeitstransportunternehmen und andere zu werden.<\/p>\n<p>Im Allgemeinen werden Rohrformst\u00fccke und Flansche aus Kohlenstoffstahl f\u00fcr Anwendungen verwendet, die keine Materialien mit h\u00f6herer Korrosionsbest\u00e4ndigkeit wie Edelstahl und Nickellegierungen erfordern.<\/p>\n<p>Produkte aus Kohlenstoffstahl korrodieren und rosten leicht, wenn sie mit Wasser in Ber\u00fchrung kommen.<\/p>\n<p>HUAYUE bietet ein komplettes Sortiment an Rohrformst\u00fccken wie Reduzierst\u00fccke aus Kohlenstoffstahl, Winkelst\u00fccke aus Kohlenstoffstahl, T-St\u00fccke aus Kohlenstoffstahl, Kreuzst\u00fccke aus Kohlenstoffstahl, Rohrstutzen aus Kohlenstoffstahl und Rohrb\u00f6gen aus Kohlenstoffstahl.<\/p>\n<p>Unsere geschmiedeten Flanschprodukte aus Kohlenstoffstahl oder Baustahl umfassen Gewindeflansche, Vorschwei\u00dfflansche, Aufsteckflansche, Schwei\u00dfmuffenflansche, Blindflansche, \u00dcberlappungsflansche und Plattenflansche.<\/p>\n<p>Wir sind spezialisiert auf die Herstellung von Flanschen in Sondergr\u00f6\u00dfen und Sonderformen f\u00fcr unsere Kunden.<\/p>\n<p>&nbsp;<\/p>\n<p>HUAYUE f\u00fchrt auch ein komplettes Sortiment an nahtlosen und geschwei\u00dften Rohren aus Kohlenstoffstahl, das unser bestehendes Produktionsprogramm an Schwei\u00dffittings und Flanschen erg\u00e4nzt.<\/p>\n<p>Rohre aus unlegiertem Stahl k\u00f6nnen sowohl in abgel\u00e4ngten Gr\u00f6\u00dfen als auch maschinell bearbeitet oder hergestellt geliefert werden, um Ihren Rohrleitungsanforderungen zu entsprechen.<\/p>\n<figure id=\"attachment_2173\" aria-describedby=\"caption-attachment-2173\" style=\"width: 413px\" class=\"wp-caption alignnone\"><img decoding=\"async\" class=\"wp-image-2173\" title=\"Rohrformst\u00fccke aus Kohlenstoffstahl\" src=\"https:\/\/hfittings.com\/wp-content\/uploads\/2024\/12\/Carbon-Steel-Pipe-Fittings-300x300.webp\" alt=\"Rohrformst\u00fccke aus Kohlenstoffstahl\" width=\"413\" height=\"413\" srcset=\"https:\/\/hfittings.com\/wp-content\/uploads\/2024\/12\/Carbon-Steel-Pipe-Fittings-300x300.webp 300w, https:\/\/hfittings.com\/wp-content\/uploads\/2024\/12\/Carbon-Steel-Pipe-Fittings-1024x1024.webp 1024w, https:\/\/hfittings.com\/wp-content\/uploads\/2024\/12\/Carbon-Steel-Pipe-Fittings-150x150.webp 150w, https:\/\/hfittings.com\/wp-content\/uploads\/2024\/12\/Carbon-Steel-Pipe-Fittings-768x768.webp 768w, https:\/\/hfittings.com\/wp-content\/uploads\/2024\/12\/Carbon-Steel-Pipe-Fittings-1000x1000.webp 1000w, https:\/\/hfittings.com\/wp-content\/uploads\/2024\/12\/Carbon-Steel-Pipe-Fittings-500x500.webp 500w, https:\/\/hfittings.com\/wp-content\/uploads\/2024\/12\/Carbon-Steel-Pipe-Fittings.webp 1500w\" sizes=\"(max-width: 413px) 100vw, 413px\" \/><figcaption id=\"caption-attachment-2173\" class=\"wp-caption-text\">Rohrformst\u00fccke aus Kohlenstoffstahl<\/figcaption><\/figure>\n<p>Beschreibung des Produkts<\/p>\n<p>&nbsp;<\/p>\n<table border=\"1\" width=\"706\">\n<tbody>\n<tr>\n<td colspan=\"2\" valign=\"center\">Produkte<\/td>\n<td valign=\"center\">Kr\u00fcmmer, B\u00f6gen, Reduzierst\u00fccke, T-St\u00fccke, Rohrkappen, Flansche<\/td>\n<\/tr>\n<tr>\n<td colspan=\"2\" rowspan=\"2\" valign=\"center\">Gr\u00f6\u00dfe<\/td>\n<td valign=\"center\">Nahtlos (SMLS) : 1\/2\u2033-24\u2033 , DN15-DN600.<\/td>\n<\/tr>\n<tr>\n<td valign=\"center\">Stumpf geschwei\u00dft (Naht) :24\"-72\u2033, DN600-DN1800.<\/td>\n<\/tr>\n<tr>\n<td colspan=\"2\" rowspan=\"2\" valign=\"center\">Ellenbogen Typ<\/td>\n<td valign=\"center\">LR 30,45,60,90,180 Grad; SR 30,45,60,90,180 Grad.<\/td>\n<\/tr>\n<tr>\n<td valign=\"center\">Radius: 1.0D, 1.5D, 2.0D, 2.5D, 3D,4D,5D,6D...<\/td>\n<\/tr>\n<tr>\n<td colspan=\"2\" valign=\"center\">Dicke<\/td>\n<td valign=\"center\">SCH10,SCH20,SCH30,STD SCH40, SCH60, SCH80., SCH100, SCH120,<\/p>\n<p>SCH140, SCH160, XS, XXS.<\/td>\n<\/tr>\n<tr>\n<td colspan=\"2\" rowspan=\"5\" valign=\"center\">Standard<\/td>\n<td valign=\"center\">ASME B16.9, ASTM A234, ASTM A420, ANSI B16.9\/B16.25\/B16.28; MSS SP-75<\/td>\n<\/tr>\n<tr>\n<td valign=\"center\">DIN2605-1\/2615\/2616\/2617;<\/td>\n<\/tr>\n<tr>\n<td valign=\"center\">JIS B2311 ,2312,2313;<\/td>\n<\/tr>\n<tr>\n<td valign=\"center\">EN 10253-1, EN 10253-2, usw.<\/td>\n<\/tr>\n<tr>\n<td valign=\"center\">Wir k\u00f6nnen auch nach Zeichnungen und Normen der Kunden produzieren.<\/td>\n<\/tr>\n<tr>\n<td rowspan=\"10\" valign=\"center\">Material<\/td>\n<td rowspan=\"3\" valign=\"center\">ASTM<\/td>\n<td valign=\"center\">Kohlenstoffstahl (ASTM A234WPB. )<\/td>\n<\/tr>\n<tr>\n<td valign=\"center\">Rostfreier Stahl (ASTM A403 WP304,304L,316,316L,321 ect.)<\/td>\n<\/tr>\n<tr>\n<td valign=\"center\">Alloy Steel:A234WP11,A234WP22,A420WPL6,A420WPL3.<\/td>\n<\/tr>\n<tr>\n<td rowspan=\"3\" valign=\"center\">DIN<\/td>\n<td valign=\"center\">Kohlenstoffstahl: St37.0, St35.8, St45.8;<\/td>\n<\/tr>\n<tr>\n<td valign=\"center\">Stainless steel:1.4301,1.4306,1.4401,1.4571;<\/td>\n<\/tr>\n<tr>\n<td valign=\"center\">Alloy steel:1.7335,1.7380,1.0488(1.0566);<\/td>\n<\/tr>\n<tr>\n<td rowspan=\"3\" valign=\"center\">JIS<\/td>\n<td valign=\"center\">Kohlenstoffstahl:PG370,PT410;<\/td>\n<\/tr>\n<tr>\n<td valign=\"center\">Stainless steel:SUS304,SUS304L,SUS316,SUS316L,SUS321;<\/td>\n<\/tr>\n<tr>\n<td valign=\"center\">Alloy steel:PA22,PA23,PA24,PA25,PL380;<\/td>\n<\/tr>\n<tr>\n<td valign=\"center\">GB<\/td>\n<td valign=\"center\">10#,20#,20G,23g,20R,Q235,16Mn, 16MnR,1Cr5Mo, 12CrMo<\/td>\n<\/tr>\n<tr>\n<td colspan=\"2\" valign=\"center\">Oberfl\u00e4che<\/td>\n<td valign=\"center\">Schwarzer Anstrich, Lackfarbe, Rostschutz\u00f6l, feuerverzinkt,<\/p>\n<p>kaltverzinkt, 3PE, etc.<\/td>\n<\/tr>\n<tr>\n<td colspan=\"2\" valign=\"center\">Anwendungen<\/td>\n<td valign=\"center\">Nieder- und Mitteldruck-Fl\u00fcssigkeitsleitungen, Kessel, Erd\u00f6l und Erdgas<\/p>\n<p>Gasindustrie, Bohrungen, chemische Industrie, Elektroindustrie, Schiffbau,<\/p>\n<p>D\u00fcngemittelausr\u00fcstungen und -pipelines, Struktur, Petrochemie,<\/p>\n<p>Pharmazeutische Industrie, etc.<\/td>\n<\/tr>\n<tr>\n<td colspan=\"2\" valign=\"center\">Paket<\/td>\n<td valign=\"center\">Plastikfolie, Holzkisten, Holzpalette oder auf Anfrage des Kunden<\/td>\n<\/tr>\n<tr>\n<td colspan=\"2\" valign=\"center\">Zertifikat<\/td>\n<td valign=\"center\">ISO9001:2008, API...<\/td>\n<\/tr>\n<tr>\n<td colspan=\"2\" valign=\"center\">Garantie<\/td>\n<td valign=\"center\">Wir garantieren 1 Jahr Produktqualit\u00e4t<\/td>\n<\/tr>\n<tr>\n<td colspan=\"2\" valign=\"center\">Lieferfrist<\/td>\n<td valign=\"center\">Innerhalb von 7 Tagen nach Eingang der Vorauszahlung<\/td>\n<\/tr>\n<tr>\n<td colspan=\"2\" valign=\"center\">Zahlungsfrist<\/td>\n<td valign=\"center\">T\/T, L\/C<\/td>\n<\/tr>\n<tr>\n<td colspan=\"2\" valign=\"center\">Vorteile<\/td>\n<td valign=\"center\">1. angemessener Preis mit ausgezeichneter Qualit\u00e4t<\/p>\n<p>2. reichhaltiger Vorrat und schnelle Lieferung<\/p>\n<p>3. reiche Liefer- und Exporterfahrung, aufrichtiger Service<\/p>\n<p>4. Zuverl\u00e4ssiger Spediteur, 2 Stunden vom Hafen entfernt.<\/td>\n<\/tr>\n<\/tbody>\n<\/table>\n<p>&nbsp;<\/p>\n<p><strong>Kennzeichnung und Verpackung<\/strong><\/p>\n<p>Die Produkte werden so verpackt, dass sie w\u00e4hrend des Transports nicht besch\u00e4digt werden.<\/p>\n<p>Im Falle von Exporten erfolgt die Standard-Exportverpackung in Holzkisten.<\/p>\n<p>Alle Fittings und Flansche sind mit G\u00fcteklasse, Losnummer, Gr\u00f6\u00dfe, Grad und unserem Markenzeichen gekennzeichnet.<\/p>\n<p>Auf besonderen Wunsch k\u00f6nnen wir auch kundenspezifische Markierungen auf unseren Produkten anbringen.<\/p>\n<p><strong>Qualit\u00e4tssicherung<\/strong><\/p>\n<p>Bei HUAYUE werden alle Fittings und Flansche in jeder Phase des Produktionsprozesses, vom Einkauf des Ausgangsmaterials bis zum Versand des Produkts, einer strengen Kontrolle unterzogen.<\/p>\n<p>Sie werden visuell auf Konformit\u00e4t mit den ASTM-, ASME-, MSS-, DIN-, EN- und JIS-Normen und -Standards gepr\u00fcft. Auf Anfrage k\u00f6nnen offiziell zertifizierte Inspektionsagenturen hinzugezogen werden, um die Materialberichte, Abmessungen und Qualit\u00e4tskonformit\u00e4t der Produkte zu pr\u00fcfen.<\/p>\n<div><\/div>","protected":false},"excerpt":{"rendered":"<h4>CANGZHOU HUAYUE PIPE FITTING CO.,LTD Ein Unternehmen zur Herstellung von Rohrleitungen in Cangzhou, Hebei China.<\/h4>\n<h4><\/h4>\n<h4>A234 WPB UNLEGIERTER STAHL\/KOHLENSTOFFSTAHL ROHRFITTINGS, FLANSCHE HERSTELLER, EXPORTEUR IN CHINA<\/h4>\n<h4>GESCHMIEDETE, MIT GEWINDE VERSEHENE, STUMPFGESCHWEISSTE ROHRFORMST\u00dcCKE AUS UNLEGIERTEM\/WEICHEM STAHL, FLANSCHE<\/h4>\n<h4>ASTM A234, ASTM A105, ASTM A420 -ASTM A106 GRADE B, ASTM A516 GRADE 60, 65, 70<\/h4>\n<div><\/div>","protected":false},"featured_media":1157,"comment_status":"open","ping_status":"closed","template":"","meta":{"_gspb_post_css":""},"product_brand":[397],"product_cat":[133],"product_tag":[],"class_list":{"0":"post-338","1":"product","2":"type-product","3":"status-publish","4":"has-post-thumbnail","6":"product_brand-hfittings","7":"product_cat-carbon-steel-pipe-fittings","9":"first","10":"instock","11":"sale","12":"shipping-taxable","13":"purchasable","14":"product-type-simple"},"_links":{"self":[{"href":"https:\/\/hfittings.com\/de\/wp-json\/wp\/v2\/product\/338","targetHints":{"allow":["GET"]}}],"collection":[{"href":"https:\/\/hfittings.com\/de\/wp-json\/wp\/v2\/product"}],"about":[{"href":"https:\/\/hfittings.com\/de\/wp-json\/wp\/v2\/types\/product"}],"replies":[{"embeddable":true,"href":"https:\/\/hfittings.com\/de\/wp-json\/wp\/v2\/comments?post=338"}],"wp:featuredmedia":[{"embeddable":true,"href":"https:\/\/hfittings.com\/de\/wp-json\/wp\/v2\/media\/1157"}],"wp:attachment":[{"href":"https:\/\/hfittings.com\/de\/wp-json\/wp\/v2\/media?parent=338"}],"wp:term":[{"taxonomy":"product_brand","embeddable":true,"href":"https:\/\/hfittings.com\/de\/wp-json\/wp\/v2\/product_brand?post=338"},{"taxonomy":"product_cat","embeddable":true,"href":"https:\/\/hfittings.com\/de\/wp-json\/wp\/v2\/product_cat?post=338"},{"taxonomy":"product_tag","embeddable":true,"href":"https:\/\/hfittings.com\/de\/wp-json\/wp\/v2\/product_tag?post=338"}],"curies":[{"name":"wp","href":"https:\/\/api.w.org\/{rel}","templated":true}]}}