{"id":2860,"date":"2025-04-01T07:25:14","date_gmt":"2025-04-01T07:25:14","guid":{"rendered":"https:\/\/hfittings.com\/?post_type=product&#038;p=2860"},"modified":"2025-04-28T07:58:48","modified_gmt":"2025-04-28T07:58:48","slug":"so-flange","status":"publish","type":"product","link":"https:\/\/hfittings.com\/de\/product\/so-flange\/","title":{"rendered":"SO-Flansch"},"content":{"rendered":"<h1 class=\"\" data-start=\"76\" data-end=\"153\">Aufsteckflansche: Ein umfassender Leitfaden zu Design, Vorteilen und Anwendungen<\/h1>\n<p class=\"\" data-start=\"155\" data-end=\"545\">Der Aufsteckflansch - oft auch als SO-Flansch bezeichnet - ist so konstruiert, dass er \u00fcber ein Rohr gleitet, da sein Innendurchmesser etwas gr\u00f6\u00dfer ist als der Au\u00dfendurchmesser des Rohrs. Dank dieses Konstruktionsmerkmals l\u00e4sst sich das Rohr leicht in den Flansch einf\u00fchren, bevor es mit Kehln\u00e4hten an der Ober- und Unterseite gesichert wird. Das Ergebnis ist eine zuverl\u00e4ssige und effiziente Verbindung zwischen Rohrleitung und Anlage.<\/p>\n<figure id=\"attachment_2861\" aria-describedby=\"caption-attachment-2861\" style=\"width: 300px\" class=\"wp-caption alignnone\"><img decoding=\"async\" class=\"wp-image-2861 size-medium\" title=\"SO-Flansch Aufsteckflansch\" src=\"https:\/\/hfittings.com\/wp-content\/uploads\/2025\/04\/slip-on-flange-300x142.jpg\" alt=\"SO-Flansch Aufsteckflansch\" width=\"300\" height=\"142\" srcset=\"https:\/\/hfittings.com\/wp-content\/uploads\/2025\/04\/slip-on-flange-300x142.jpg 300w, https:\/\/hfittings.com\/wp-content\/uploads\/2025\/04\/slip-on-flange-1024x483.jpg 1024w, https:\/\/hfittings.com\/wp-content\/uploads\/2025\/04\/slip-on-flange-768x362.jpg 768w, https:\/\/hfittings.com\/wp-content\/uploads\/2025\/04\/slip-on-flange-18x8.jpg 18w, https:\/\/hfittings.com\/wp-content\/uploads\/2025\/04\/slip-on-flange-1000x472.jpg 1000w, https:\/\/hfittings.com\/wp-content\/uploads\/2025\/04\/slip-on-flange.jpg 1280w\" sizes=\"(max-width: 300px) 100vw, 300px\" \/><figcaption id=\"caption-attachment-2861\" class=\"wp-caption-text\">SO-Flansch Aufsteckflansch<\/figcaption><\/figure>\n<h2 class=\"\" data-start=\"547\" data-end=\"569\">Wichtige Designmerkmale<\/h2>\n<h3 class=\"\" data-start=\"571\" data-end=\"598\">Innovative Konstruktion<\/h3>\n<p class=\"\" data-start=\"599\" data-end=\"869\">Aufsteckflansche haben eine flache, unkomplizierte Oberfl\u00e4che. Ihre Konstruktion erm\u00f6glicht es, den Flansch m\u00fchelos auf das Rohr aufzustecken und ihn dann anzuschwei\u00dfen. Diese Konstruktionsmethode gew\u00e4hrleistet eine einfache Ausrichtung und vereinfacht den gesamten Installationsprozess.<\/p>\n<h3 class=\"\" data-start=\"871\" data-end=\"900\">Einfacher Installationsprozess<\/h3>\n<p class=\"\" data-start=\"901\" data-end=\"1205\">Einer der gr\u00f6\u00dften Vorteile von Aufsteckflanschen ist ihre benutzerfreundliche Montage. Da diese Flansche nicht perfekt aneinander ausgerichtet werden m\u00fcssen, k\u00f6nnen die Installateure sie schnell positionieren und dann durch Kehlnahtschwei\u00dfen befestigen. Das spart nicht nur Zeit, sondern verringert auch die Gefahr von Ausrichtungsfehlern.<\/p>\n<h3 class=\"\" data-start=\"1207\" data-end=\"1233\">Vielseitige Anwendungen<\/h3>\n<p class=\"\" data-start=\"1234\" data-end=\"1506\">Aufsteckflansche werden in der Regel in Niederdrucksystemen eingesetzt und sind ideal f\u00fcr eine Vielzahl von Branchen wie \u00d6l und Gas, Wasseraufbereitung und chemische Verarbeitung. Ihr Design ist auf die Anforderungen von Fl\u00fcssigkeitssystemen zugeschnitten, bei denen extreme Dr\u00fccke nicht im Vordergrund stehen.<\/p>\n<h3 class=\"\" data-start=\"1508\" data-end=\"1535\">Kosteneffiziente L\u00f6sung<\/h3>\n<p class=\"\" data-start=\"1536\" data-end=\"1749\">Im Vergleich zu komplexeren Alternativen wie Schwei\u00dfflanschen bieten Aufsteckflansche eine wirtschaftlichere L\u00f6sung. Ihre einfachere Konstruktion und weniger arbeitsintensive Installation tragen zu niedrigeren Gesamtprojektkosten bei.<\/p>\n<h3 class=\"\" data-start=\"1751\" data-end=\"1771\">Materialvielfalt<\/h3>\n<p class=\"\" data-start=\"1772\" data-end=\"2002\">Aufsteckflansche k\u00f6nnen aus verschiedenen Materialien hergestellt werden, darunter Kohlenstoffstahl, Edelstahl und verschiedene Legierungen. Dank dieser Flexibilit\u00e4t k\u00f6nnen sie in verschiedenen Umgebungen je nach den spezifischen Anwendungsanforderungen eingesetzt werden.<\/p>\n<h3 class=\"\" data-start=\"2004\" data-end=\"2041\">Einschr\u00e4nkungen f\u00fcr den Einsatz unter hohem Druck<\/h3>\n<p class=\"\" data-start=\"2042\" data-end=\"2287\">Trotz ihrer Vorteile werden Aufsteckflansche normalerweise nicht f\u00fcr Hochdruckanwendungen empfohlen. Die Konstruktion - insbesondere die Abh\u00e4ngigkeit von Schwei\u00dfverbindungen - bietet unter extremen Bedingungen m\u00f6glicherweise nicht den gleichen Grad an Integrit\u00e4t wie andere Flanschtypen.<\/p>\n<figure id=\"attachment_2862\" aria-describedby=\"caption-attachment-2862\" style=\"width: 300px\" class=\"wp-caption alignnone\"><img decoding=\"async\" class=\"size-medium wp-image-2862\" src=\"https:\/\/hfittings.com\/wp-content\/uploads\/2025\/04\/SO-flange-300x247.png\" alt=\"SO-Flansch\" width=\"300\" height=\"247\" srcset=\"https:\/\/hfittings.com\/wp-content\/uploads\/2025\/04\/SO-flange-300x247.png 300w, https:\/\/hfittings.com\/wp-content\/uploads\/2025\/04\/SO-flange-15x12.png 15w, https:\/\/hfittings.com\/wp-content\/uploads\/2025\/04\/SO-flange.png 550w\" sizes=\"(max-width: 300px) 100vw, 300px\" \/><figcaption id=\"caption-attachment-2862\" class=\"wp-caption-text\">SO-Flansch<\/figcaption><\/figure>\n<h2 class=\"\" data-start=\"2289\" data-end=\"2319\">Produktpalette und Normen<\/h2>\n<h3 class=\"\" data-start=\"2321\" data-end=\"2339\">Spezifikationen<\/h3>\n<ul data-start=\"2340\" data-end=\"2735\">\n<li class=\"\" data-start=\"2340\" data-end=\"2428\">\n<p class=\"\" data-start=\"2342\" data-end=\"2428\"><strong data-start=\"2342\" data-end=\"2356\">Normen:<\/strong> ASTM A105 f\u00fcr Kohlenstoffstahl und ASTM A182 f\u00fcr legierten und rostfreien Stahl.<\/p>\n<\/li>\n<li class=\"\" data-start=\"2429\" data-end=\"2500\">\n<p class=\"\" data-start=\"2431\" data-end=\"2500\"><strong data-start=\"2431\" data-end=\"2452\">Material-Optionen:<\/strong> Kohlenstoffstahl, legierter Stahl und rostfreier Stahl.<\/p>\n<\/li>\n<li class=\"\" data-start=\"2501\" data-end=\"2592\">\n<p class=\"\" data-start=\"2503\" data-end=\"2592\"><strong data-start=\"2503\" data-end=\"2518\">Gr\u00f6\u00dfenbereich:<\/strong> Standardgr\u00f6\u00dfen von 1\/2\u2033 bis 24\u2033, mit kundenspezifischen Optionen bis zu 60\u2033 erh\u00e4ltlich.<\/p>\n<\/li>\n<li class=\"\" data-start=\"2593\" data-end=\"2657\">\n<p class=\"\" data-start=\"2595\" data-end=\"2657\"><strong data-start=\"2595\" data-end=\"2616\">Druckstufen:<\/strong> Erh\u00e4ltlich in Klasse 150 bis Klasse 2500.<\/p>\n<\/li>\n<li class=\"\" data-start=\"2658\" data-end=\"2735\">\n<p class=\"\" data-start=\"2660\" data-end=\"2735\"><strong data-start=\"2660\" data-end=\"2675\">Gesichtstypen:<\/strong> Zu den Optionen geh\u00f6ren Raised Face (RF) und Ring Type Joint (RTJ).<\/p>\n<\/li>\n<\/ul>\n<h3 class=\"\" data-start=\"2737\" data-end=\"2764\">Internationale Normen<\/h3>\n<p class=\"\" data-start=\"2765\" data-end=\"2965\">Aufsteckflansche werden auch nach internationalen Normen wie ASME B16.5 f\u00fcr Rohrflansche, BS 3293 und DIN 86029 hergestellt, um Qualit\u00e4t und Konsistenz auf verschiedenen M\u00e4rkten zu gew\u00e4hrleisten.<\/p>\n<h2 class=\"\" data-start=\"2967\" data-end=\"3000\">Schwei\u00dfverfahren und Schwei\u00dffl\u00e4chenarten<\/h2>\n<h3 class=\"\" data-start=\"3002\" data-end=\"3022\">Varianten zum Schwei\u00dfen<\/h3>\n<p class=\"\" data-start=\"3023\" data-end=\"3080\">Es gibt zwei Hauptkategorien von Aufsteckflanschen:<\/p>\n<ul data-start=\"3081\" data-end=\"3377\">\n<li class=\"\" data-start=\"3081\" data-end=\"3194\">\n<p class=\"\" data-start=\"3083\" data-end=\"3194\"><strong data-start=\"3083\" data-end=\"3116\">Plattengeschwei\u00dfte Aufsteckflansche:<\/strong> Ideal f\u00fcr Anwendungen, bei denen es auf einfache Installation und Kosten ankommt.<\/p>\n<\/li>\n<li class=\"\" data-start=\"3195\" data-end=\"3377\">\n<p class=\"\" data-start=\"3197\" data-end=\"3377\"><strong data-start=\"3197\" data-end=\"3236\">Aufsteckflansche f\u00fcr geschwei\u00dfte Rohre mit Nabe:<\/strong> Diese bieten mechanische Eigenschaften, die zwischen integralen und losen Flanschen liegen und ein ausgewogenes Verh\u00e4ltnis zwischen Festigkeit und Benutzerfreundlichkeit bieten.<\/p>\n<\/li>\n<\/ul>\n<h3 class=\"\" data-start=\"3379\" data-end=\"3395\">Gesicht Designs<\/h3>\n<ul data-start=\"3396\" data-end=\"3899\">\n<li class=\"\" data-start=\"3396\" data-end=\"3645\">\n<p class=\"\" data-start=\"3398\" data-end=\"3645\"><strong data-start=\"3398\" data-end=\"3427\">Flansche mit erh\u00f6hter Auflagefl\u00e4che (RF):<\/strong> Diese Flansche sind mit einem leichten Vorsprung an der Innenfl\u00e4che versehen, um den Sitz der Dichtung und die Dichtungsleistung zu verbessern. Die H\u00f6he der erhabenen Fl\u00e4che nimmt in der Regel mit h\u00f6heren Druckstufen zu.<\/p>\n<\/li>\n<li class=\"\" data-start=\"3646\" data-end=\"3899\">\n<p class=\"\" data-start=\"3648\" data-end=\"3899\"><strong data-start=\"3648\" data-end=\"3664\">RTJ-Flansche:<\/strong> Die RTJ-Flansche sind mit einer pr\u00e4zise gefertigten Nut auf der erhabenen Seite f\u00fcr Hochdruckanwendungen konzipiert. Die Nut erm\u00f6glicht die sichere Platzierung eines Dichtungsrings und gew\u00e4hrleistet eine bessere Abdichtung als die Standard-RF-Ausf\u00fchrung.<\/p>\n<\/li>\n<\/ul>\n<h2 class=\"\" data-start=\"3901\" data-end=\"3959\">Abmessungen, Druckstufen und Herstellungsverfahren<\/h2>\n<h3 class=\"\" data-start=\"3961\" data-end=\"4003\">\u00dcbliche Abmessungen und Druckklassen<\/h3>\n<p class=\"\" data-start=\"4004\" data-end=\"4318\">Aufsteckflansche sind in g\u00e4ngigen Au\u00dfendurchmessern von 1\/2\u2033 bis 24\u2033 erh\u00e4ltlich, bei Sonderbestellungen bis zu 60\u2033. Sie decken ein breites Spektrum von Druckklassen ab, darunter Class 150, 300, 400, 600, 900, 1500 und 2500 (ausgedr\u00fcckt in # oder LB). Diese Nennwerte entsprechen den Druckzahlen (PN) von 2,5 bis 250.<\/p>\n<h3 class=\"\" data-start=\"4320\" data-end=\"4348\">Herstellungstechniken<\/h3>\n<p class=\"\" data-start=\"4349\" data-end=\"4400\">Aufsteckflansche werden nach verschiedenen Verfahren hergestellt:<\/p>\n<ul data-start=\"4401\" data-end=\"4676\">\n<li class=\"\" data-start=\"4401\" data-end=\"4512\">\n<p class=\"\" data-start=\"4403\" data-end=\"4512\"><strong data-start=\"4403\" data-end=\"4415\">Schmieden:<\/strong> Bietet die h\u00f6chste Qualit\u00e4t, so dass diese Flansche trotz ihrer h\u00f6heren Kosten am h\u00e4ufigsten verwendet werden.<\/p>\n<\/li>\n<li class=\"\" data-start=\"4513\" data-end=\"4676\">\n<p class=\"\" data-start=\"4515\" data-end=\"4676\"><strong data-start=\"4515\" data-end=\"4545\">Schneiden und Gie\u00dfen von Stahl:<\/strong> Diese Methoden bieten zus\u00e4tzliche Optionen f\u00fcr spezifische Anwendungen und erm\u00f6glichen eine flexible Produktion je nach Projektanforderungen.<\/p>\n<\/li>\n<\/ul>\n<h2 class=\"\" data-start=\"4678\" data-end=\"4707\">Vorteile und Vergleiche<\/h2>\n<h3 class=\"\" data-start=\"4709\" data-end=\"4740\">Vorteile von Aufsteckflanschen<\/h3>\n<ul data-start=\"4741\" data-end=\"5053\">\n<li class=\"\" data-start=\"4741\" data-end=\"4835\">\n<p class=\"\" data-start=\"4743\" data-end=\"4835\"><strong data-start=\"4743\" data-end=\"4772\">Niedrigere Installationskosten:<\/strong> Vereinfachtes Ausrichten und Schwei\u00dfen reduzieren sowohl Zeit als auch Kosten.<\/p>\n<\/li>\n<li class=\"\" data-start=\"4836\" data-end=\"4933\">\n<p class=\"\" data-start=\"4838\" data-end=\"4933\"><strong data-start=\"4838\" data-end=\"4868\">Erh\u00f6hte Zuverl\u00e4ssigkeit der Dichtung:<\/strong> Die doppelte Verschwei\u00dfung (innen und au\u00dfen) bietet einen robusten Schutz vor Leckagen.<\/p>\n<\/li>\n<li class=\"\" data-start=\"4934\" data-end=\"5053\">\n<p class=\"\" data-start=\"4936\" data-end=\"5053\"><strong data-start=\"4936\" data-end=\"4965\">Reduzierte Herstellungszeit:<\/strong> Durch die M\u00f6glichkeit, das Rohr in den Flansch zu schieben, wird der Bedarf an Pr\u00e4zisionsschnitten minimiert.<\/p>\n<\/li>\n<\/ul>\n<h3 class=\"\" data-start=\"5055\" data-end=\"5092\">Vergleich mit Flanschen mit Schwei\u00dfstutzen<\/h3>\n<ul data-start=\"5093\" data-end=\"5701\">\n<li class=\"\" data-start=\"5093\" data-end=\"5218\">\n<p class=\"\" data-start=\"5095\" data-end=\"5218\"><strong data-start=\"5095\" data-end=\"5117\">Druckfestigkeit:<\/strong> Die Innendruckkapazit\u00e4t eines Aufsteckflansches betr\u00e4gt etwa zwei Drittel derjenigen eines Schwei\u00dfflansches.<\/p>\n<\/li>\n<li class=\"\" data-start=\"5219\" data-end=\"5341\">\n<p class=\"\" data-start=\"5221\" data-end=\"5341\"><strong data-start=\"5221\" data-end=\"5236\">Langlebigkeit:<\/strong> Aufsteckflansche haben im Allgemeinen eine k\u00fcrzere Lebensdauer - etwa ein Drittel der Lebensdauer von Vorschwei\u00dfflanschen.<\/p>\n<\/li>\n<li class=\"\" data-start=\"5342\" data-end=\"5517\">\n<p class=\"\" data-start=\"5344\" data-end=\"5517\"><strong data-start=\"5344\" data-end=\"5369\">Anforderungen an das Schwei\u00dfen:<\/strong> Sie erfordern zwei Kehln\u00e4hte (eine auf jeder Seite), und es muss darauf geachtet werden, dass zwischen dem Rohrende und dem Flansch ein Spalt bleibt, um eine Besch\u00e4digung der Oberfl\u00e4che zu vermeiden.<\/p>\n<\/li>\n<li class=\"\" data-start=\"5518\" data-end=\"5701\">\n<p class=\"\" data-start=\"5520\" data-end=\"5701\"><strong data-start=\"5520\" data-end=\"5549\">Einschr\u00e4nkungen bei der Installation:<\/strong> Da der Flansch zun\u00e4chst \u00fcber das Rohr gleiten muss, sind Kombinationen wie Flansch-plus-Bogen oder Flansch-plus-Tee aufgrund von Ausrichtungsproblemen nicht machbar.<\/p>\n<\/li>\n<\/ul>\n<h2 class=\"\" data-start=\"5703\" data-end=\"5716\">Schlussfolgerung<\/h2>\n<p class=\"\" data-start=\"5718\" data-end=\"6242\">Aufsteckflansche bieten ein hervorragendes Gleichgewicht aus Einfachheit, Kosteneffizienz und Leistung in Niederdruck-Rohrleitungssystemen. Sie sind zwar nicht ideal f\u00fcr Hochdruckumgebungen, aber ihre einfache Installation und Materialvielfalt machen sie zu einer beliebten Wahl f\u00fcr viele industrielle Anwendungen. Ingenieure und Projektleiter sollten bei der Entscheidung zwischen Aufsteckflanschen und anderen Flanschtypen die Vorteile gegen m\u00f6gliche Einschr\u00e4nkungen abw\u00e4gen und sicherstellen, dass das gew\u00e4hlte Produkt sowohl den Leistungs- als auch den Budgetanforderungen entspricht.<\/p>","protected":false},"excerpt":{"rendered":"<p>Slip-On Flange: A Comprehensive Guide on Design, Benefits, and Applications Slip-on flange\u2014often referred to as an SO flange\u2014is engineered to slide over a pipe, thanks to its inner diameter being slightly larger than the pipe&#8217;s outer diameter. This design feature allows the pipe to be easily inserted into the flange before being secured with fillet [&hellip;]<\/p>\n","protected":false},"featured_media":2861,"comment_status":"open","ping_status":"closed","template":"","meta":{"_gspb_post_css":""},"product_brand":[],"product_cat":[394],"product_tag":[],"class_list":{"0":"post-2860","1":"product","2":"type-product","3":"status-publish","4":"has-post-thumbnail","6":"product_cat-flange","8":"first","9":"instock","10":"sale","11":"shipping-taxable","12":"purchasable","13":"product-type-simple"},"_links":{"self":[{"href":"https:\/\/hfittings.com\/de\/wp-json\/wp\/v2\/product\/2860","targetHints":{"allow":["GET"]}}],"collection":[{"href":"https:\/\/hfittings.com\/de\/wp-json\/wp\/v2\/product"}],"about":[{"href":"https:\/\/hfittings.com\/de\/wp-json\/wp\/v2\/types\/product"}],"replies":[{"embeddable":true,"href":"https:\/\/hfittings.com\/de\/wp-json\/wp\/v2\/comments?post=2860"}],"wp:featuredmedia":[{"embeddable":true,"href":"https:\/\/hfittings.com\/de\/wp-json\/wp\/v2\/media\/2861"}],"wp:attachment":[{"href":"https:\/\/hfittings.com\/de\/wp-json\/wp\/v2\/media?parent=2860"}],"wp:term":[{"taxonomy":"product_brand","embeddable":true,"href":"https:\/\/hfittings.com\/de\/wp-json\/wp\/v2\/product_brand?post=2860"},{"taxonomy":"product_cat","embeddable":true,"href":"https:\/\/hfittings.com\/de\/wp-json\/wp\/v2\/product_cat?post=2860"},{"taxonomy":"product_tag","embeddable":true,"href":"https:\/\/hfittings.com\/de\/wp-json\/wp\/v2\/product_tag?post=2860"}],"curies":[{"name":"wp","href":"https:\/\/api.w.org\/{rel}","templated":true}]}}