{"id":2473,"date":"2025-02-14T01:08:29","date_gmt":"2025-02-14T01:08:29","guid":{"rendered":"https:\/\/hfittings.com\/?post_type=product&#038;p=2473"},"modified":"2025-03-24T08:58:30","modified_gmt":"2025-03-24T08:58:30","slug":"socket-weld-pipe-fittings","status":"publish","type":"product","link":"https:\/\/hfittings.com\/de\/product\/socket-weld-pipe-fittings\/","title":{"rendered":"Rohrverschraubungen mit Schwei\u00dfmuffe"},"content":{"rendered":"<h2 data-start=\"0\" data-end=\"79\"><strong data-start=\"0\" data-end=\"79\">Muffengeschwei\u00dfte Rohrverschraubungen: Wesentliche Komponenten f\u00fcr Hochdruck-Rohrleitungssysteme<\/strong><\/h2>\n<p data-start=\"81\" data-end=\"495\">Schwei\u00dfmuffen sind unverzichtbar, um robuste, leckagefreie Verbindungen in Hochdruck-Rohrleitungssystemen herzustellen. Sie werden auf die Enden von Rohren oder anderen Armaturen aufgeschwei\u00dft und gew\u00e4hrleisten eine nahtlose und dauerhafte Verbindung. Diese Fittings werden in zahlreichen Branchen eingesetzt, darunter in der Petrochemie, der \u00d6l- und Gasindustrie, der Energieerzeugung, der Luft- und Raumfahrt, in Kesseln, W\u00e4rmetauschern und Druckbeh\u00e4ltern.<\/p>\n<figure id=\"attachment_2470\" aria-describedby=\"caption-attachment-2470\" style=\"width: 300px\" class=\"wp-caption alignnone\"><img decoding=\"async\" class=\"size-medium wp-image-2470\" src=\"https:\/\/hfittings.com\/wp-content\/uploads\/2025\/02\/socket-weld-pipe-fittings-300x300.jpg\" alt=\"Schwei\u00dfmuffen-Rohrverschraubungen\" width=\"300\" height=\"300\" srcset=\"https:\/\/hfittings.com\/wp-content\/uploads\/2025\/02\/socket-weld-pipe-fittings-300x300.jpg 300w, https:\/\/hfittings.com\/wp-content\/uploads\/2025\/02\/socket-weld-pipe-fittings-150x150.jpg 150w, https:\/\/hfittings.com\/wp-content\/uploads\/2025\/02\/socket-weld-pipe-fittings-500x500.jpg 500w, https:\/\/hfittings.com\/wp-content\/uploads\/2025\/02\/socket-weld-pipe-fittings.jpg 660w\" sizes=\"(max-width: 300px) 100vw, 300px\" \/><figcaption id=\"caption-attachment-2470\" class=\"wp-caption-text\">Schwei\u00dfmuffen-Rohrverschraubungen<\/figcaption><\/figure>\n<p data-start=\"497\" data-end=\"526\"><strong data-start=\"497\" data-end=\"526\">Hauptmerkmale und Vorteile<\/strong><\/p>\n<ul data-start=\"528\" data-end=\"1410\">\n<li data-start=\"528\" data-end=\"682\">\n<p data-start=\"530\" data-end=\"682\"><strong data-start=\"530\" data-end=\"550\">Hohe Langlebigkeit:<\/strong> Schwei\u00dfmuffen sind f\u00fcr ihre au\u00dfergew\u00f6hnliche Festigkeit und Verschlei\u00dfbest\u00e4ndigkeit bekannt und eignen sich daher ideal f\u00fcr anspruchsvolle Anwendungen.<\/p>\n<\/li>\n<li data-start=\"684\" data-end=\"831\">\n<p data-start=\"686\" data-end=\"831\"><strong data-start=\"686\" data-end=\"711\">Ma\u00dfgenauigkeit:<\/strong> Diese nach genauen Spezifikationen gefertigten Fittings gew\u00e4hrleisten eine perfekte Passform und zuverl\u00e4ssige Leistung in Rohrleitungssystemen.<\/p>\n<\/li>\n<li data-start=\"833\" data-end=\"994\">\n<p data-start=\"835\" data-end=\"994\"><strong data-start=\"835\" data-end=\"853\">Glatte Oberfl\u00e4che:<\/strong> Durch das Muffenschwei\u00dfverfahren entsteht eine glatte Oberfl\u00e4che, die das Korrosionsrisiko verringert und den Durchfluss in den Rohren erleichtert.<\/p>\n<\/li>\n<li data-start=\"996\" data-end=\"1174\">\n<p data-start=\"998\" data-end=\"1174\"><strong data-start=\"998\" data-end=\"1025\">Auslaufsichere Leistung:<\/strong> Schwei\u00dfmuffen sind f\u00fcr hohe Dr\u00fccke ausgelegt und bieten leckagefreie Verbindungen, die die Sicherheit und Effizienz des Rohrleitungssystems erh\u00f6hen.<\/p>\n<\/li>\n<li data-start=\"1176\" data-end=\"1410\">\n<p data-start=\"1178\" data-end=\"1410\"><strong data-start=\"1178\" data-end=\"1203\">Korrosionsbest\u00e4ndigkeit:<\/strong> Die aus Materialien wie Edelstahl, Kohlenstoffstahl, legiertem Stahl und Super-Duplex-Edelstahl hergestellten Fittings bieten eine hervorragende Korrosionsbest\u00e4ndigkeit und verl\u00e4ngern die Lebensdauer des Rohrleitungssystems.<\/p>\n<\/li>\n<\/ul>\n<p data-start=\"1412\" data-end=\"1445\"><strong data-start=\"1412\" data-end=\"1445\">Arten von Muffenschwei\u00dffittings<\/strong><\/p>\n<p data-start=\"1447\" data-end=\"1528\">Schwei\u00dfmuffen gibt es in verschiedenen Ausf\u00fchrungen f\u00fcr unterschiedliche Rohrleitungsanforderungen:<\/p>\n<ul data-start=\"1530\" data-end=\"3470\">\n<li data-start=\"1530\" data-end=\"1628\">\n<p data-start=\"1532\" data-end=\"1628\"><strong data-start=\"1532\" data-end=\"1558\">90\u00b0-Bogen mit Schwei\u00dfmuffe:<\/strong> Wird verwendet, um die Durchflussrichtung in Rohrleitungssystemen um 90 Grad zu \u00e4ndern.<\/p>\n<\/li>\n<li data-start=\"1630\" data-end=\"1715\">\n<p data-start=\"1632\" data-end=\"1715\"><strong data-start=\"1632\" data-end=\"1658\">45\u00b0-Bogen mit Schwei\u00dfmuffe:<\/strong> Erm\u00f6glicht eine 45-Grad-\u00c4nderung der Str\u00f6mungsrichtung.<\/p>\n<\/li>\n<li data-start=\"1717\" data-end=\"1804\">\n<p data-start=\"1719\" data-end=\"1804\"><strong data-start=\"1719\" data-end=\"1739\">T-St\u00fcck Schwei\u00dfmuffe:<\/strong> Erm\u00f6glicht die Abzweigung von der Hauptrohrleitung in einem 90-Grad-Winkel.<\/p>\n<\/li>\n<li data-start=\"1806\" data-end=\"1891\">\n<p data-start=\"1808\" data-end=\"1891\"><strong data-start=\"1808\" data-end=\"1840\">45\u00b0 Seitliches T-St\u00fcck Muffenschwei\u00dfung:<\/strong> Erm\u00f6glicht eine 45-Grad-Abzweigung von der Hauptpipeline.<\/p>\n<\/li>\n<li data-start=\"1893\" data-end=\"1999\">\n<p data-start=\"1895\" data-end=\"1999\"><strong data-start=\"1895\" data-end=\"1917\">Kreuzmuffenschwei\u00dfung:<\/strong> Bietet eine Vier-Wege-Verbindung, die die Kreuzung von drei Rohrleitungen erm\u00f6glicht.<\/p>\n<\/li>\n<li data-start=\"2001\" data-end=\"2071\">\n<p data-start=\"2003\" data-end=\"2071\"><strong data-start=\"2003\" data-end=\"2033\">Vollkupplung Muffenschwei\u00dfung:<\/strong> Verbindet zwei Rohre mit gleichem Durchmesser.<\/p>\n<\/li>\n<li data-start=\"2073\" data-end=\"2198\">\n<p data-start=\"2075\" data-end=\"2198\"><strong data-start=\"2075\" data-end=\"2105\">Halbkupplung Muffenschwei\u00dfung:<\/strong> Verbindet ein Rohr mit einem Fitting oder einem anderen Rohr, wird normalerweise f\u00fcr kleinere Abzweigungen verwendet.<\/p>\n<\/li>\n<li data-start=\"2200\" data-end=\"2301\">\n<p data-start=\"2202\" data-end=\"2301\"><strong data-start=\"2202\" data-end=\"2236\">Reduzierkupplung Muffenschwei\u00dfung:<\/strong> Erleichtert die Verbindung von Rohren mit unterschiedlichen Durchmessern.<\/p>\n<\/li>\n<li data-start=\"2303\" data-end=\"2425\">\n<p data-start=\"2305\" data-end=\"2425\"><strong data-start=\"2305\" data-end=\"2348\">Exzentrische Reduzierkupplung Muffenschwei\u00dfung:<\/strong> Verringert den Rohrdurchmesser unter Beibehaltung des oberen oder unteren Niveaus des Rohrs.<\/p>\n<\/li>\n<li data-start=\"2427\" data-end=\"2494\">\n<p data-start=\"2429\" data-end=\"2494\"><strong data-start=\"2429\" data-end=\"2453\">Couplet Muffenschwei\u00dfung:<\/strong> Verbindet zwei Rohre mit gleichem Durchmesser.<\/p>\n<\/li>\n<li data-start=\"2496\" data-end=\"2543\">\n<p data-start=\"2498\" data-end=\"2543\"><strong data-start=\"2498\" data-end=\"2518\">Kappe Muffenschwei\u00dfung:<\/strong> Dichtet das Ende eines Rohrs ab.<\/p>\n<\/li>\n<li data-start=\"2545\" data-end=\"2642\">\n<p data-start=\"2547\" data-end=\"2642\"><strong data-start=\"2547\" data-end=\"2578\">Reduzierst\u00fcck Einsatz Muffenschwei\u00dfen:<\/strong> Erm\u00f6glicht die Verbindung von Rohren mit unterschiedlichen Durchmessern.<\/p>\n<\/li>\n<li data-start=\"2644\" data-end=\"2724\">\n<p data-start=\"2646\" data-end=\"2724\"><strong data-start=\"2646\" data-end=\"2667\">Boss Socket Weld:<\/strong> Erm\u00f6glicht die Befestigung eines Gewindest\u00fccks an einem Rohr.<\/p>\n<\/li>\n<li data-start=\"2726\" data-end=\"2816\">\n<p data-start=\"2728\" data-end=\"2816\"><strong data-start=\"2728\" data-end=\"2750\">Muffenschwei\u00dfverschraubung:<\/strong> Erm\u00f6glicht ein einfaches Trennen und Wiederverbinden von Rohrleitungssystemen.<\/p>\n<\/li>\n<li data-start=\"2818\" data-end=\"2906\">\n<p data-start=\"2820\" data-end=\"2906\"><strong data-start=\"2820\" data-end=\"2854\">Muffenschwei\u00dfung 90\u00b0 Abgang:<\/strong> Bietet eine 90-Grad-Abzweigung von der Hauptleitung.<\/p>\n<\/li>\n<li data-start=\"2908\" data-end=\"2999\">\n<p data-start=\"2910\" data-end=\"2999\"><strong data-start=\"2910\" data-end=\"2942\">Stumpfgeschwei\u00dfter 90\u00b0-Abzweig:<\/strong> Bietet eine 90-Grad-Abzweigverbindung durch Stumpfschwei\u00dfen.<\/p>\n<\/li>\n<li data-start=\"3001\" data-end=\"3088\">\n<p data-start=\"3003\" data-end=\"3088\"><strong data-start=\"3003\" data-end=\"3037\">Muffenschwei\u00dfung 45\u00b0 Abgang:<\/strong> Erm\u00f6glicht eine 45-Grad-Abzweigung von der Hauptpipeline.<\/p>\n<\/li>\n<li data-start=\"3090\" data-end=\"3183\">\n<p data-start=\"3092\" data-end=\"3183\"><strong data-start=\"3092\" data-end=\"3124\">Stumpfgeschwei\u00dfter 45\u00b0-Abzweig:<\/strong> Erm\u00f6glicht eine 45-Grad-Abzweigverbindung durch Stumpfschwei\u00dfen.<\/p>\n<\/li>\n<li data-start=\"3185\" data-end=\"3274\">\n<p data-start=\"3187\" data-end=\"3274\"><strong data-start=\"3187\" data-end=\"3220\">Muffenschwei\u00dfung 90\u00b0-Bogen Auslass:<\/strong> Erm\u00f6glicht einen 90-Grad-Abgang aus der Hauptrohrleitung.<\/p>\n<\/li>\n<li data-start=\"3276\" data-end=\"3366\">\n<p data-start=\"3278\" data-end=\"3366\"><strong data-start=\"3278\" data-end=\"3309\">Stumpfgeschwei\u00dfter 90\u00b0-Bogen Abgang:<\/strong> Bietet eine 90-Grad-Abgangsverbindung durch Stumpfschwei\u00dfen.<\/p>\n<\/li>\n<li data-start=\"3368\" data-end=\"3470\">\n<p data-start=\"3370\" data-end=\"3470\"><strong data-start=\"3370\" data-end=\"3405\">Nippel Abzweig Auslauf Stumpfschwei\u00dfung:<\/strong> Erm\u00f6glicht eine Abzweigverbindung mit Nippel und Stumpfschwei\u00dfung.<\/p>\n<\/li>\n<\/ul>\n<p data-start=\"3472\" data-end=\"3488\"><strong data-start=\"3472\" data-end=\"3488\">Anwendungen<\/strong><\/p>\n<p data-start=\"3490\" data-end=\"3558\">Schwei\u00dfmuffen sind in verschiedenen Industriezweigen unverzichtbar, z. B:<\/p>\n<ul data-start=\"3560\" data-end=\"4323\">\n<li data-start=\"3560\" data-end=\"3721\">\n<p data-start=\"3562\" data-end=\"3721\"><strong data-start=\"3562\" data-end=\"3589\">Petrochemische Industrie:<\/strong> Sie werden beim Transport von Chemikalien und Gasen verwendet und erfordern Armaturen, die hohen Dr\u00fccken und korrosiven Umgebungen standhalten.<\/p>\n<\/li>\n<li data-start=\"3723\" data-end=\"3834\">\n<p data-start=\"3725\" data-end=\"3834\"><strong data-start=\"3725\" data-end=\"3750\">\u00d6l- und Gasindustrie:<\/strong> Entscheidend f\u00fcr die Verbindung von Pipelines in Explorations-, Bohr- und Raffinerieprozessen.<\/p>\n<\/li>\n<li data-start=\"3836\" data-end=\"3959\">\n<p data-start=\"3838\" data-end=\"3959\"><strong data-start=\"3838\" data-end=\"3859\">Stromerzeugung:<\/strong> Eingesetzt in Dampf- und Wassersystemen in Kraftwerken, wo Hochdruckverbindungen unerl\u00e4sslich sind.<\/p>\n<\/li>\n<li data-start=\"3961\" data-end=\"4075\">\n<p data-start=\"3963\" data-end=\"4075\"><strong data-start=\"3963\" data-end=\"3977\">Luft- und Raumfahrt:<\/strong> Sie werden in Flugzeugsystemen verwendet, die leichte und dennoch starke Beschl\u00e4ge f\u00fcr verschiedene Anwendungen erfordern.<\/p>\n<\/li>\n<li data-start=\"4077\" data-end=\"4189\">\n<p data-start=\"4079\" data-end=\"4189\"><strong data-start=\"4079\" data-end=\"4117\">Kessel- und W\u00e4rmetauschersysteme:<\/strong> Wesentlich f\u00fcr die Aufrechterhaltung einer effizienten W\u00e4rme\u00fcbertragung und Druckregelung.<\/p>\n<\/li>\n<li data-start=\"4191\" data-end=\"4323\">\n<p data-start=\"4193\" data-end=\"4323\"><strong data-start=\"4193\" data-end=\"4227\">Herstellung von Druckbeh\u00e4ltern:<\/strong> Sie werden verwendet, um die Integrit\u00e4t und Sicherheit von Druckbeh\u00e4ltern in verschiedenen industriellen Anwendungen zu gew\u00e4hrleisten.<\/p>\n<\/li>\n<\/ul>\n<p data-start=\"4325\" data-end=\"4352\"><strong data-start=\"4325\" data-end=\"4352\">Material-Spezifikationen<\/strong><\/p>\n<p data-start=\"4354\" data-end=\"4441\">Schwei\u00dfmuffen sind in verschiedenen Materialien f\u00fcr unterschiedliche Anwendungen erh\u00e4ltlich:<\/p>\n<ul data-start=\"4443\" data-end=\"4901\">\n<li data-start=\"4443\" data-end=\"4565\">\n<p data-start=\"4445\" data-end=\"4565\"><strong data-start=\"4445\" data-end=\"4474\">Kohlenstoffstahl (ASTM A105):<\/strong> Wird aufgrund seiner Festigkeit und Kosteneffizienz h\u00e4ufig f\u00fcr allgemeine Anwendungen verwendet.<\/p>\n<\/li>\n<li data-start=\"4567\" data-end=\"4675\">\n<p data-start=\"4569\" data-end=\"4675\"><strong data-start=\"4569\" data-end=\"4597\">Rostfreier Stahl (SS316):<\/strong> Bietet eine hervorragende Korrosionsbest\u00e4ndigkeit und ist daher ideal f\u00fcr raue Umgebungen.<\/p>\n<\/li>\n<li data-start=\"4677\" data-end=\"4772\">\n<p data-start=\"4679\" data-end=\"4772\"><strong data-start=\"4679\" data-end=\"4695\">Legierter Stahl:<\/strong> Bietet erh\u00f6hte Festigkeit und Hitzebest\u00e4ndigkeit f\u00fcr spezielle Anwendungen.<\/p>\n<\/li>\n<li data-start=\"4774\" data-end=\"4901\">\n<p data-start=\"4776\" data-end=\"4901\"><strong data-start=\"4776\" data-end=\"4809\">Super-Duplex-Edelstahl:<\/strong> Kombiniert hohe Festigkeit und ausgezeichnete Korrosionsbest\u00e4ndigkeit, geeignet f\u00fcr extreme Bedingungen.<\/p>\n<\/li>\n<\/ul>\n<p data-start=\"4903\" data-end=\"4935\"><strong data-start=\"4903\" data-end=\"4935\">Normen und Spezifikationen<\/strong><\/p>\n<p data-start=\"4937\" data-end=\"5049\">Schwei\u00dfmuffen werden nach Industrienormen hergestellt, um Qualit\u00e4t und Kompatibilit\u00e4t zu gew\u00e4hrleisten:<\/p>\n<ul data-start=\"5051\" data-end=\"5489\">\n<li data-start=\"5051\" data-end=\"5224\">\n<p data-start=\"5053\" data-end=\"5224\"><strong data-start=\"5053\" data-end=\"5069\">ASME B16.11:<\/strong> Spezifiziert die Anforderungen f\u00fcr geschmiedete Stahlfittings, einschlie\u00dflich Druck-Temperatur-Bewertungen, Abmessungen, Toleranzen, Kennzeichnungen und Materialanforderungen.<\/p>\n<\/li>\n<li data-start=\"5226\" data-end=\"5380\">\n<p data-start=\"5228\" data-end=\"5380\"><strong data-start=\"5228\" data-end=\"5251\">MSS-SP-79\/83\/95\/97:<\/strong> Von der Manufacturers Standardization Society festgelegte Normen f\u00fcr geschmiedete Fittings, die verschiedene Druckklassen und Werkstoffe abdecken.<\/p>\n<\/li>\n<li data-start=\"5382\" data-end=\"5489\">\n<p data-start=\"5384\" data-end=\"5489\"><strong data-start=\"5384\" data-end=\"5395\">BS3799:<\/strong> Britische Norm f\u00fcr geschmiedete Stahlfittings, die internationale Kompatibilit\u00e4t und Qualit\u00e4t gew\u00e4hrleistet.<\/p>\n<\/li>\n<\/ul>","protected":false},"excerpt":{"rendered":"<p data-pm-slice=\"1 1 []\">Werkstoff\uff1a ASTM A182 (F304, F304L, F316, F316L, F304H, F316H, F317L, F321, F11, F22, F91)<\/p>\n<p>ASTM A105, A350 LF2, A106 Gr.B, A234 WPB, A312, A403<\/p>\n<p>Abmessungen\uff1aASME 16.11, MSS SP-79, 83, 95, 97 und BS3799<\/p>\n<p>Druckstufe\uff1a3000LBS, 6000LBS, 9000LBS<\/p>\n<p>Gr\u00f6\u00dfe\uff1aNPS 1\/8\" ~ 4\" (DN6 ~ DN100)<\/p>","protected":false},"featured_media":2470,"comment_status":"open","ping_status":"closed","template":"","meta":{"_gspb_post_css":""},"product_brand":[397],"product_cat":[395],"product_tag":[445],"class_list":{"0":"post-2473","1":"product","2":"type-product","3":"status-publish","4":"has-post-thumbnail","6":"product_brand-hfittings","7":"product_cat-forged-pipe-fittings","8":"product_tag-socket-weld-pipe-fittings","10":"first","11":"instock","12":"sale","13":"shipping-taxable","14":"purchasable","15":"product-type-simple"},"_links":{"self":[{"href":"https:\/\/hfittings.com\/de\/wp-json\/wp\/v2\/product\/2473","targetHints":{"allow":["GET"]}}],"collection":[{"href":"https:\/\/hfittings.com\/de\/wp-json\/wp\/v2\/product"}],"about":[{"href":"https:\/\/hfittings.com\/de\/wp-json\/wp\/v2\/types\/product"}],"replies":[{"embeddable":true,"href":"https:\/\/hfittings.com\/de\/wp-json\/wp\/v2\/comments?post=2473"}],"wp:featuredmedia":[{"embeddable":true,"href":"https:\/\/hfittings.com\/de\/wp-json\/wp\/v2\/media\/2470"}],"wp:attachment":[{"href":"https:\/\/hfittings.com\/de\/wp-json\/wp\/v2\/media?parent=2473"}],"wp:term":[{"taxonomy":"product_brand","embeddable":true,"href":"https:\/\/hfittings.com\/de\/wp-json\/wp\/v2\/product_brand?post=2473"},{"taxonomy":"product_cat","embeddable":true,"href":"https:\/\/hfittings.com\/de\/wp-json\/wp\/v2\/product_cat?post=2473"},{"taxonomy":"product_tag","embeddable":true,"href":"https:\/\/hfittings.com\/de\/wp-json\/wp\/v2\/product_tag?post=2473"}],"curies":[{"name":"wp","href":"https:\/\/api.w.org\/{rel}","templated":true}]}}