{"id":2469,"date":"2025-02-13T09:03:50","date_gmt":"2025-02-13T09:03:50","guid":{"rendered":"https:\/\/hfittings.com\/?post_type=product&#038;p=2469"},"modified":"2025-03-24T08:57:24","modified_gmt":"2025-03-24T08:57:24","slug":"geschmiedete-rohrformstucke","status":"publish","type":"product","link":"https:\/\/hfittings.com\/de\/product\/forged-pipe-fittings\/","title":{"rendered":"Geschmiedete Rohrverschraubungen"},"content":{"rendered":"<p data-start=\"0\" data-end=\"79\"><strong data-start=\"0\" data-end=\"79\">Geschmiedete Rohrverschraubungen: Wesentliche Komponenten f\u00fcr Hochdruck-Rohrleitungssysteme<\/strong><\/p>\n<p data-start=\"81\" data-end=\"552\">Geschmiedete Rohrformst\u00fccke sind ein wesentlicher Bestandteil zur Herstellung robuster, leckfreier Verbindungen in Hochdruck-Rohrleitungssystemen. Diese im Schmiedeverfahren hergestellten Fittings sind so konzipiert, dass sie auf die Enden von Rohren oder anderen Fittings geschraubt oder geschwei\u00dft werden k\u00f6nnen, um eine nahtlose und dauerhafte Verbindung zu gew\u00e4hrleisten. Sie werden in zahlreichen Branchen eingesetzt, darunter in der Petrochemie, der \u00d6l- und Gasindustrie, der Energieerzeugung, der Luft- und Raumfahrt, bei Kesseln, W\u00e4rmetauschern und Druckbeh\u00e4ltern.<\/p>\n<figure id=\"attachment_2470\" aria-describedby=\"caption-attachment-2470\" style=\"width: 300px\" class=\"wp-caption alignleft\"><a href=\"https:\/\/hfittings.com\/de\/produkt\/socket-weld-pipe-fittings\/\"><img decoding=\"async\" class=\"wp-image-2470 size-medium\" src=\"https:\/\/hfittings.com\/wp-content\/uploads\/2025\/02\/socket-weld-pipe-fittings-300x300.jpg\" alt=\"geschmiedete Rohrformst\u00fccke\" width=\"300\" height=\"300\" data-wp-editing=\"1\" srcset=\"https:\/\/hfittings.com\/wp-content\/uploads\/2025\/02\/socket-weld-pipe-fittings-300x300.jpg 300w, https:\/\/hfittings.com\/wp-content\/uploads\/2025\/02\/socket-weld-pipe-fittings-150x150.jpg 150w, https:\/\/hfittings.com\/wp-content\/uploads\/2025\/02\/socket-weld-pipe-fittings-500x500.jpg 500w, https:\/\/hfittings.com\/wp-content\/uploads\/2025\/02\/socket-weld-pipe-fittings.jpg 660w\" sizes=\"(max-width: 300px) 100vw, 300px\" \/><\/a><figcaption id=\"caption-attachment-2470\" class=\"wp-caption-text\">Schwei\u00dfmuffen-Rohrverschraubungen<\/figcaption><\/figure>\n<figure id=\"attachment_2471\" aria-describedby=\"caption-attachment-2471\" style=\"width: 300px\" class=\"wp-caption alignleft\"><a href=\"https:\/\/hfittings.com\/de\/produkt\/threaded-pipe-fittings\/\"><img decoding=\"async\" class=\"size-medium wp-image-2471\" src=\"https:\/\/hfittings.com\/wp-content\/uploads\/2025\/02\/threaded-pipe-fittings-300x300.jpg\" alt=\"Gewinderohr-Verschraubungen\" width=\"300\" height=\"300\" srcset=\"https:\/\/hfittings.com\/wp-content\/uploads\/2025\/02\/threaded-pipe-fittings-300x300.jpg 300w, https:\/\/hfittings.com\/wp-content\/uploads\/2025\/02\/threaded-pipe-fittings-150x150.jpg 150w, https:\/\/hfittings.com\/wp-content\/uploads\/2025\/02\/threaded-pipe-fittings-768x768.jpg 768w, https:\/\/hfittings.com\/wp-content\/uploads\/2025\/02\/threaded-pipe-fittings-500x500.jpg 500w, https:\/\/hfittings.com\/wp-content\/uploads\/2025\/02\/threaded-pipe-fittings.jpg 800w\" sizes=\"(max-width: 300px) 100vw, 300px\" \/><\/a><figcaption id=\"caption-attachment-2471\" class=\"wp-caption-text\">Gewinderohr-Verschraubungen<\/figcaption><\/figure>\n<p data-start=\"554\" data-end=\"583\"><strong data-start=\"554\" data-end=\"583\">Hauptmerkmale und Vorteile<\/strong><\/p>\n<ul data-start=\"585\" data-end=\"1455\">\n<li data-start=\"585\" data-end=\"739\">\n<p data-start=\"587\" data-end=\"739\"><strong data-start=\"587\" data-end=\"607\">Hohe Langlebigkeit:<\/strong> Geschmiedete Rohrformst\u00fccke sind f\u00fcr ihre au\u00dfergew\u00f6hnliche Festigkeit und Verschlei\u00dfbest\u00e4ndigkeit bekannt und eignen sich daher ideal f\u00fcr anspruchsvolle Anwendungen.<\/p>\n<\/li>\n<li data-start=\"741\" data-end=\"888\">\n<p data-start=\"743\" data-end=\"888\"><strong data-start=\"743\" data-end=\"768\">Ma\u00dfgenauigkeit:<\/strong> Diese nach genauen Spezifikationen gefertigten Fittings gew\u00e4hrleisten eine perfekte Passform und zuverl\u00e4ssige Leistung in Rohrleitungssystemen.<\/p>\n<\/li>\n<li data-start=\"890\" data-end=\"1044\">\n<p data-start=\"892\" data-end=\"1044\"><strong data-start=\"892\" data-end=\"910\">Glatte Oberfl\u00e4che:<\/strong> Der Schmiedeprozess f\u00fchrt zu einer glatten Oberfl\u00e4che, die das Korrosionsrisiko verringert und den Durchfluss in den Rohren erleichtert.<\/p>\n<\/li>\n<li data-start=\"1046\" data-end=\"1219\">\n<p data-start=\"1048\" data-end=\"1219\"><strong data-start=\"1048\" data-end=\"1075\">Auslaufsichere Leistung:<\/strong> Die geschmiedeten Fittings sind f\u00fcr hohe Dr\u00fccke ausgelegt und bieten leckagefreie Verbindungen, die die Sicherheit und Effizienz des Rohrleitungssystems erh\u00f6hen.<\/p>\n<\/li>\n<li data-start=\"1221\" data-end=\"1455\">\n<p data-start=\"1223\" data-end=\"1455\"><strong data-start=\"1223\" data-end=\"1248\">Korrosionsbest\u00e4ndigkeit:<\/strong> Die aus Materialien wie Edelstahl, Kohlenstoffstahl, legiertem Stahl und Super-Duplex-Edelstahl hergestellten Fittings bieten eine hervorragende Korrosionsbest\u00e4ndigkeit und verl\u00e4ngern die Lebensdauer des Rohrleitungssystems.<\/p>\n<\/li>\n<\/ul>\n<p data-start=\"1457\" data-end=\"1473\"><strong data-start=\"1457\" data-end=\"1473\">Anwendungen<\/strong><\/p>\n<p data-start=\"1475\" data-end=\"1543\">Geschmiedete Rohrformst\u00fccke sind in verschiedenen Industriezweigen unverzichtbar, unter anderem:<\/p>\n<ul data-start=\"1545\" data-end=\"2308\">\n<li data-start=\"1545\" data-end=\"1706\">\n<p data-start=\"1547\" data-end=\"1706\"><strong data-start=\"1547\" data-end=\"1574\">Petrochemische Industrie:<\/strong> Sie werden beim Transport von Chemikalien und Gasen verwendet und erfordern Armaturen, die hohen Dr\u00fccken und korrosiven Umgebungen standhalten.<\/p>\n<\/li>\n<li data-start=\"1708\" data-end=\"1819\">\n<p data-start=\"1710\" data-end=\"1819\"><strong data-start=\"1710\" data-end=\"1735\">\u00d6l- und Gasindustrie:<\/strong> Entscheidend f\u00fcr die Verbindung von Pipelines in Explorations-, Bohr- und Raffinerieprozessen.<\/p>\n<\/li>\n<li data-start=\"1821\" data-end=\"1944\">\n<p data-start=\"1823\" data-end=\"1944\"><strong data-start=\"1823\" data-end=\"1844\">Stromerzeugung:<\/strong> Eingesetzt in Dampf- und Wassersystemen in Kraftwerken, wo Hochdruckverbindungen unerl\u00e4sslich sind.<\/p>\n<\/li>\n<li data-start=\"1946\" data-end=\"2060\">\n<p data-start=\"1948\" data-end=\"2060\"><strong data-start=\"1948\" data-end=\"1962\">Luft- und Raumfahrt:<\/strong> Sie werden in Flugzeugsystemen verwendet, die leichte und dennoch starke Beschl\u00e4ge f\u00fcr verschiedene Anwendungen erfordern.<\/p>\n<\/li>\n<li data-start=\"2062\" data-end=\"2174\">\n<p data-start=\"2064\" data-end=\"2174\"><strong data-start=\"2064\" data-end=\"2102\">Kessel- und W\u00e4rmetauschersysteme:<\/strong> Wesentlich f\u00fcr die Aufrechterhaltung einer effizienten W\u00e4rme\u00fcbertragung und Druckregelung.<\/p>\n<\/li>\n<li data-start=\"2176\" data-end=\"2308\">\n<p data-start=\"2178\" data-end=\"2308\"><strong data-start=\"2178\" data-end=\"2212\">Herstellung von Druckbeh\u00e4ltern:<\/strong> Sie werden verwendet, um die Integrit\u00e4t und Sicherheit von Druckbeh\u00e4ltern in verschiedenen industriellen Anwendungen zu gew\u00e4hrleisten.<\/p>\n<\/li>\n<\/ul>\n<p data-start=\"2310\" data-end=\"2337\"><strong data-start=\"2310\" data-end=\"2337\">Material-Spezifikationen<\/strong><\/p>\n<p data-start=\"2339\" data-end=\"2426\">Geschmiedete Rohrformst\u00fccke gibt es in verschiedenen Werkstoffen f\u00fcr unterschiedliche Anwendungen:<\/p>\n<ul data-start=\"2428\" data-end=\"2886\">\n<li data-start=\"2428\" data-end=\"2550\">\n<p data-start=\"2430\" data-end=\"2550\"><strong data-start=\"2430\" data-end=\"2459\">Kohlenstoffstahl (ASTM A105):<\/strong> Wird aufgrund seiner Festigkeit und Kosteneffizienz h\u00e4ufig f\u00fcr allgemeine Anwendungen verwendet.<\/p>\n<\/li>\n<li data-start=\"2552\" data-end=\"2660\">\n<p data-start=\"2554\" data-end=\"2660\"><strong data-start=\"2554\" data-end=\"2582\">Rostfreier Stahl (SS316):<\/strong> Bietet eine hervorragende Korrosionsbest\u00e4ndigkeit und ist daher ideal f\u00fcr raue Umgebungen.<\/p>\n<\/li>\n<li data-start=\"2662\" data-end=\"2757\">\n<p data-start=\"2664\" data-end=\"2757\"><strong data-start=\"2664\" data-end=\"2680\">Legierter Stahl:<\/strong> Bietet erh\u00f6hte Festigkeit und Hitzebest\u00e4ndigkeit f\u00fcr spezielle Anwendungen.<\/p>\n<\/li>\n<li data-start=\"2759\" data-end=\"2886\">\n<p data-start=\"2761\" data-end=\"2886\"><strong data-start=\"2761\" data-end=\"2794\">Super-Duplex-Edelstahl:<\/strong> Kombiniert hohe Festigkeit und ausgezeichnete Korrosionsbest\u00e4ndigkeit, geeignet f\u00fcr extreme Bedingungen.<\/p>\n<\/li>\n<\/ul>\n<p data-start=\"2888\" data-end=\"2920\"><strong data-start=\"2888\" data-end=\"2920\">Normen und Spezifikationen<\/strong><\/p>\n<p data-start=\"2922\" data-end=\"3034\">Geschmiedete Rohrformst\u00fccke werden nach Industrienormen hergestellt, um Qualit\u00e4t und Kompatibilit\u00e4t zu gew\u00e4hrleisten:<\/p>\n<ul data-start=\"3036\" data-end=\"3512\">\n<li data-start=\"3036\" data-end=\"3247\">\n<p data-start=\"3038\" data-end=\"3247\"><strong data-start=\"3038\" data-end=\"3054\">ASME B16.11:<\/strong> Spezifiziert die Anforderungen f\u00fcr geschmiedete Stahlfittings, einschlie\u00dflich Druck-Temperatur-Bewertungen, Abmessungen, Toleranzen, Kennzeichnungen und Materialanforderungen.<\/p>\n<\/li>\n<li data-start=\"3249\" data-end=\"3403\">\n<p data-start=\"3251\" data-end=\"3403\"><strong data-start=\"3251\" data-end=\"3274\">MSS-SP-79\/83\/95\/97:<\/strong> Von der Manufacturers Standardization Society festgelegte Normen f\u00fcr geschmiedete Fittings, die verschiedene Druckklassen und Werkstoffe abdecken.<\/p>\n<\/li>\n<li data-start=\"3405\" data-end=\"3512\">\n<p data-start=\"3407\" data-end=\"3512\"><strong data-start=\"3407\" data-end=\"3418\">BS3799:<\/strong> Britische Norm f\u00fcr geschmiedete Stahlfittings, die internationale Kompatibilit\u00e4t und Qualit\u00e4t gew\u00e4hrleistet.<\/p>\n<\/li>\n<\/ul>\n<p data-start=\"3514\" data-end=\"3534\"><strong data-start=\"3514\" data-end=\"3534\">Druckstufen<\/strong><\/p>\n<p data-start=\"3536\" data-end=\"3641\">Geschmiedete Rohrformst\u00fccke sind in verschiedenen Druckklassen erh\u00e4ltlich, um spezifische Anwendungsanforderungen zu erf\u00fcllen:<\/p>\n<ul data-start=\"3643\" data-end=\"3827\">\n<li data-start=\"3643\" data-end=\"3703\">\n<p data-start=\"3645\" data-end=\"3703\"><strong data-start=\"3645\" data-end=\"3660\">Klasse 3000:<\/strong> Geeignet f\u00fcr Anwendungen mit mittlerem Druck.<\/p>\n<\/li>\n<li data-start=\"3705\" data-end=\"3760\">\n<p data-start=\"3707\" data-end=\"3760\"><strong data-start=\"3707\" data-end=\"3722\">Klasse 6000:<\/strong> Konzipiert f\u00fcr Systeme mit h\u00f6herem Druck.<\/p>\n<\/li>\n<li data-start=\"3762\" data-end=\"3827\">\n<p data-start=\"3764\" data-end=\"3827\"><strong data-start=\"3764\" data-end=\"3779\">Klasse 9000:<\/strong> Ideal f\u00fcr Anwendungen mit extrem hohem Druck.<\/p>\n<\/li>\n<\/ul>\n<p data-start=\"3829\" data-end=\"3843\"><strong data-start=\"3829\" data-end=\"3843\">Schlussfolgerung<\/strong><\/p>\n<p data-start=\"3845\" data-end=\"4159\">Geschmiedete Rohrverschraubungen sind wichtige Komponenten in Hochdruck-Rohrleitungssystemen und bieten Festigkeit, Haltbarkeit und Zuverl\u00e4ssigkeit in verschiedenen Branchen. Ihre F\u00e4higkeit, extremen Bedingungen standzuhalten und lecksichere Verbindungen herzustellen, macht sie unentbehrlich f\u00fcr Anwendungen, bei denen Sicherheit und Leistung an erster Stelle stehen.<\/p>","protected":false},"excerpt":{"rendered":"<p>Forged Pipe Fittings: Essential Components for High-Pressure Piping Systems Forged pipe fittings are integral to creating robust, leak-proof connections in high-pressure piping systems. Manufactured through a forging process, these fittings are designed to be screwed or socket-welded onto the ends of pipes or other fittings, ensuring a seamless and durable connection. They are widely utilized [&hellip;]<\/p>\n","protected":false},"featured_media":2481,"comment_status":"open","ping_status":"closed","template":"","meta":{"_gspb_post_css":""},"product_brand":[397],"product_cat":[395],"product_tag":[444],"class_list":{"0":"post-2469","1":"product","2":"type-product","3":"status-publish","4":"has-post-thumbnail","6":"product_brand-hfittings","7":"product_cat-forged-pipe-fittings","8":"product_tag-forged-pipe-fittings","10":"first","11":"instock","12":"sale","13":"shipping-taxable","14":"purchasable","15":"product-type-simple"},"_links":{"self":[{"href":"https:\/\/hfittings.com\/de\/wp-json\/wp\/v2\/product\/2469","targetHints":{"allow":["GET"]}}],"collection":[{"href":"https:\/\/hfittings.com\/de\/wp-json\/wp\/v2\/product"}],"about":[{"href":"https:\/\/hfittings.com\/de\/wp-json\/wp\/v2\/types\/product"}],"replies":[{"embeddable":true,"href":"https:\/\/hfittings.com\/de\/wp-json\/wp\/v2\/comments?post=2469"}],"wp:featuredmedia":[{"embeddable":true,"href":"https:\/\/hfittings.com\/de\/wp-json\/wp\/v2\/media\/2481"}],"wp:attachment":[{"href":"https:\/\/hfittings.com\/de\/wp-json\/wp\/v2\/media?parent=2469"}],"wp:term":[{"taxonomy":"product_brand","embeddable":true,"href":"https:\/\/hfittings.com\/de\/wp-json\/wp\/v2\/product_brand?post=2469"},{"taxonomy":"product_cat","embeddable":true,"href":"https:\/\/hfittings.com\/de\/wp-json\/wp\/v2\/product_cat?post=2469"},{"taxonomy":"product_tag","embeddable":true,"href":"https:\/\/hfittings.com\/de\/wp-json\/wp\/v2\/product_tag?post=2469"}],"curies":[{"name":"wp","href":"https:\/\/api.w.org\/{rel}","templated":true}]}}