{"id":2460,"date":"2025-02-09T11:43:57","date_gmt":"2025-02-09T11:43:57","guid":{"rendered":"https:\/\/hfittings.com\/?post_type=product&#038;p=2460"},"modified":"2025-03-24T08:54:00","modified_gmt":"2025-03-24T08:54:00","slug":"stainless-steel-cap","status":"publish","type":"product","link":"https:\/\/hfittings.com\/de\/product\/stainless-steel-cap\/","title":{"rendered":"Kappe aus rostfreiem Stahl"},"content":{"rendered":"<p>Edelstahlkappen sind pr\u00e4zisionsgefertigt, um zuverl\u00e4ssige und dauerhafte Dichtungsl\u00f6sungen f\u00fcr Ihre Rohrleitungssysteme zu bieten. Hergestellt aus hochwertigen Edelstahlsorten wie 304, 304L, 316 und 316L, sind diese Kappen so konzipiert, dass sie die strengen Anforderungen verschiedener Branchen erf\u00fcllen.<\/p>\n<p><strong>Wesentliche Merkmale:<\/strong><\/p>\n<ul>\n<li><strong>Material-Optionen:<\/strong> Erh\u00e4ltlich in den Edelst\u00e4hlen 304, 304L, 316 und 316L, die eine hervorragende Korrosions- und Temperaturbest\u00e4ndigkeit aufweisen.<\/li>\n<li><strong>Nahtlose und geschwei\u00dfte Ausf\u00fchrungen:<\/strong> W\u00e4hlen Sie zwischen nahtlosen Kappen f\u00fcr erh\u00f6hte Festigkeit und geschwei\u00dften Kappen f\u00fcr kosteng\u00fcnstige L\u00f6sungen.<\/li>\n<li><strong>Feinmechanik:<\/strong> Sie werden nach genauen Spezifikationen hergestellt, um eine perfekte Passform und optimale Leistung in Ihren Rohrsystemen zu gew\u00e4hrleisten.<\/li>\n<li><strong>Vielseitige Anwendungen:<\/strong> Ideal f\u00fcr den Einsatz in der chemischen Verarbeitung, der Lebensmittel- und Getr\u00e4nkeindustrie, der pharmazeutischen Industrie und anderen Branchen, die robuste Dichtungsl\u00f6sungen ben\u00f6tigen.\n<p><figure id=\"attachment_2461\" aria-describedby=\"caption-attachment-2461\" style=\"width: 300px\" class=\"wp-caption alignnone\"><img decoding=\"async\" class=\"size-medium wp-image-2461\" src=\"https:\/\/hfittings.com\/wp-content\/uploads\/2025\/02\/Stainless-Steel-Cap-300x300.jpg\" alt=\"Edelstahl-Kappe\" width=\"300\" height=\"300\" srcset=\"https:\/\/hfittings.com\/wp-content\/uploads\/2025\/02\/Stainless-Steel-Cap-300x300.jpg 300w, https:\/\/hfittings.com\/wp-content\/uploads\/2025\/02\/Stainless-Steel-Cap-1024x1024.jpg 1024w, https:\/\/hfittings.com\/wp-content\/uploads\/2025\/02\/Stainless-Steel-Cap-150x150.jpg 150w, https:\/\/hfittings.com\/wp-content\/uploads\/2025\/02\/Stainless-Steel-Cap-768x768.jpg 768w, https:\/\/hfittings.com\/wp-content\/uploads\/2025\/02\/Stainless-Steel-Cap-1000x1000.jpg 1000w, https:\/\/hfittings.com\/wp-content\/uploads\/2025\/02\/Stainless-Steel-Cap-500x500.jpg 500w, https:\/\/hfittings.com\/wp-content\/uploads\/2025\/02\/Stainless-Steel-Cap.jpg 1280w\" sizes=\"(max-width: 300px) 100vw, 300px\" \/><figcaption id=\"caption-attachment-2461\" class=\"wp-caption-text\">Edelstahl-Kappe<\/figcaption><\/figure><\/li>\n<\/ul>\n<p><strong>Vorteile:<\/strong><\/p>\n<ul>\n<li><strong>Verbesserte Langlebigkeit:<\/strong> Die Konstruktion aus rostfreiem Stahl gew\u00e4hrleistet eine lange Lebensdauer und Verschlei\u00dffestigkeit.<\/li>\n<li><strong>Korrosionsbest\u00e4ndigkeit:<\/strong> Die hohe Widerstandsf\u00e4higkeit gegen Rost und Korrosion verl\u00e4ngert die Lebensdauer Ihrer Rohrleitungssysteme.<\/li>\n<li><strong>Hochtemperaturtoleranz:<\/strong> Geeignet f\u00fcr Anwendungen mit erh\u00f6hten Temperaturen ohne Beeintr\u00e4chtigung der strukturellen Integrit\u00e4t.<\/li>\n<li><strong>Kosteng\u00fcnstig:<\/strong> Geschwei\u00dfte Kappen sind eine preisg\u00fcnstige Option ohne Qualit\u00e4tseinbu\u00dfen.<\/li>\n<\/ul>\n<p><strong>Anwendungen:<\/strong><\/p>\n<ul>\n<li><strong>Chemische Verarbeitung:<\/strong> Sichere Abdichtung von Rohrleitungen in Chemieanlagen, um Leckagen und Verunreinigungen zu verhindern.<\/li>\n<li><strong>Essen und Trinken:<\/strong> Aufrechterhaltung der Hygiene- und Sicherheitsstandards in den Lebensmittelverarbeitungs- und -vertriebssystemen.<\/li>\n<li><strong>Pharmazeutisch:<\/strong> Sicherstellung steriler Bedingungen in pharmazeutischen Herstellungs- und Vertriebsleitungen.<\/li>\n<li><strong>\u00d6l und Gas:<\/strong> Zuverl\u00e4ssige Dichtungsl\u00f6sungen f\u00fcr Pipelines in der \u00d6l- und Gasindustrie.<\/li>\n<\/ul>\n<p>Wenn Sie sich f\u00fcr unsere Stumpfschwei\u00dfkappen aus Edelstahl entscheiden, investieren Sie in ein Produkt, das Qualit\u00e4t, Langlebigkeit und Vielseitigkeit vereint, um die vielf\u00e4ltigen Anforderungen Ihrer Branche zu erf\u00fcllen. Sichern Sie die Integrit\u00e4t und Effizienz Ihrer Rohrleitungssysteme mit unseren erstklassigen Kappen.<\/p>\n<p>Wenn Sie weitere Informationen w\u00fcnschen oder eine Bestellung aufgeben m\u00f6chten, nehmen Sie bitte noch heute Kontakt mit uns auf.<\/p>","protected":false},"excerpt":{"rendered":"<p>Stainless Steel Caps are precision-engineered to provide reliable and durable sealing solutions for your piping systems. Manufactured from high-quality stainless steel grades such as 304, 304L, 316, and 316L, these caps are designed to meet the stringent demands of various industries. Key Features: Material Options: Available in 304, 304L, 316, and 316L stainless steel, offering [&hellip;]<\/p>\n","protected":false},"featured_media":2461,"comment_status":"open","ping_status":"closed","template":"","meta":{"_gspb_post_css":""},"product_brand":[397],"product_cat":[383],"product_tag":[],"class_list":{"0":"post-2460","1":"product","2":"type-product","3":"status-publish","4":"has-post-thumbnail","6":"product_brand-hfittings","7":"product_cat-stainless-steel-pipe-fittings","9":"first","10":"instock","11":"sale","12":"shipping-taxable","13":"purchasable","14":"product-type-simple"},"_links":{"self":[{"href":"https:\/\/hfittings.com\/de\/wp-json\/wp\/v2\/product\/2460","targetHints":{"allow":["GET"]}}],"collection":[{"href":"https:\/\/hfittings.com\/de\/wp-json\/wp\/v2\/product"}],"about":[{"href":"https:\/\/hfittings.com\/de\/wp-json\/wp\/v2\/types\/product"}],"replies":[{"embeddable":true,"href":"https:\/\/hfittings.com\/de\/wp-json\/wp\/v2\/comments?post=2460"}],"wp:featuredmedia":[{"embeddable":true,"href":"https:\/\/hfittings.com\/de\/wp-json\/wp\/v2\/media\/2461"}],"wp:attachment":[{"href":"https:\/\/hfittings.com\/de\/wp-json\/wp\/v2\/media?parent=2460"}],"wp:term":[{"taxonomy":"product_brand","embeddable":true,"href":"https:\/\/hfittings.com\/de\/wp-json\/wp\/v2\/product_brand?post=2460"},{"taxonomy":"product_cat","embeddable":true,"href":"https:\/\/hfittings.com\/de\/wp-json\/wp\/v2\/product_cat?post=2460"},{"taxonomy":"product_tag","embeddable":true,"href":"https:\/\/hfittings.com\/de\/wp-json\/wp\/v2\/product_tag?post=2460"}],"curies":[{"name":"wp","href":"https:\/\/api.w.org\/{rel}","templated":true}]}}