{"id":2457,"date":"2025-02-09T09:46:08","date_gmt":"2025-02-09T09:46:08","guid":{"rendered":"https:\/\/hfittings.com\/?post_type=product&#038;p=2457"},"modified":"2025-03-24T09:02:03","modified_gmt":"2025-03-24T09:02:03","slug":"reduzierstuck-aus-rostfreiem-stahl","status":"publish","type":"product","link":"https:\/\/hfittings.com\/de\/product\/stainless-steel-reducer\/","title":{"rendered":"Reduzierst\u00fcck aus rostfreiem Stahl"},"content":{"rendered":"<p>Reduzierst\u00fccke aus rostfreiem Stahl sind wesentliche Bestandteile von Rohrleitungssystemen, die dazu dienen, Rohre mit unterschiedlichen Durchmessern zu verbinden, um einen reibungslosen \u00dcbergang und einen optimalen Durchfluss zu gew\u00e4hrleisten.<\/p>\n<p><strong>Arten von Reduzierst\u00fccken aus Edelstahl:<\/strong><\/p>\n<ul>\n<li><strong>Konzentrische Reduzierst\u00fccke:<\/strong> Diese Reduzierst\u00fccke sind symmetrisch aufgebaut, so dass die Mittelachse des Rohrs erhalten bleibt. Sie sind ideal f\u00fcr vertikale Rohrleitungssysteme, bei denen die Durchflussrichtung konstant bleibt.<\/li>\n<li><strong>Exzenter-Reduzierer:<\/strong> Mit ihrem asymmetrischen Design richten exzentrische Reduzierst\u00fccke das obere oder untere Ende der Rohre aus, verhindern Lufteinschl\u00fcsse und gew\u00e4hrleisten einen gleichm\u00e4\u00dfigen Durchfluss in horizontalen Rohrleitungssystemen.\n<p><figure id=\"attachment_2459\" aria-describedby=\"caption-attachment-2459\" style=\"width: 300px\" class=\"wp-caption alignnone\"><img decoding=\"async\" class=\"size-medium wp-image-2459\" src=\"https:\/\/hfittings.com\/wp-content\/uploads\/2025\/02\/Stainless-Steel-Reducer-300x300.jpg\" alt=\"Edelstahl-Reduzierer\" width=\"300\" height=\"300\" srcset=\"https:\/\/hfittings.com\/wp-content\/uploads\/2025\/02\/Stainless-Steel-Reducer-300x300.jpg 300w, https:\/\/hfittings.com\/wp-content\/uploads\/2025\/02\/Stainless-Steel-Reducer-1024x1024.jpg 1024w, https:\/\/hfittings.com\/wp-content\/uploads\/2025\/02\/Stainless-Steel-Reducer-150x150.jpg 150w, https:\/\/hfittings.com\/wp-content\/uploads\/2025\/02\/Stainless-Steel-Reducer-768x768.jpg 768w, https:\/\/hfittings.com\/wp-content\/uploads\/2025\/02\/Stainless-Steel-Reducer-1000x1000.jpg 1000w, https:\/\/hfittings.com\/wp-content\/uploads\/2025\/02\/Stainless-Steel-Reducer-500x500.jpg 500w, https:\/\/hfittings.com\/wp-content\/uploads\/2025\/02\/Stainless-Steel-Reducer.jpg 1072w\" sizes=\"(max-width: 300px) 100vw, 300px\" \/><figcaption id=\"caption-attachment-2459\" class=\"wp-caption-text\">Edelstahl-Reduzierer<\/figcaption><\/figure><\/li>\n<\/ul>\n<p><strong>Materialien:<\/strong><\/p>\n<ul>\n<li><strong>Rostfreier Stahl 304:<\/strong> Edelstahl 304 ist f\u00fcr seine hervorragende Korrosionsbest\u00e4ndigkeit und Formbarkeit bekannt und eignet sich f\u00fcr eine Vielzahl von Anwendungen.<\/li>\n<li><strong>304L-Edelstahl:<\/strong> 304L ist eine kohlenstoffarme Variante von 304 und bietet eine bessere Schwei\u00dfbarkeit und ist ideal f\u00fcr geschwei\u00dfte Komponenten.<\/li>\n<li><strong>Rostfreier Stahl 316:<\/strong> Durch den Zusatz von Molybd\u00e4n bietet Edelstahl 316 eine hervorragende Korrosionsbest\u00e4ndigkeit, insbesondere gegen Chloride und andere industrielle L\u00f6sungsmittel.<\/li>\n<li><strong>316L-Edelstahl:<\/strong> \u00c4hnlich wie bei 316 verbessert der niedrige Kohlenstoffgehalt von 316L seine Schwei\u00dfbarkeit und Korrosionsbest\u00e4ndigkeit.<\/li>\n<\/ul>\n<p><strong>Verbindungsarten:<\/strong><\/p>\n<ul>\n<li><strong>Stumpfgeschwei\u00dfte Reduzierst\u00fccke:<\/strong> Diese Reduzierst\u00fccke werden direkt an die Rohrenden geschwei\u00dft, wodurch eine starke und dauerhafte Verbindung entsteht. Sie werden in der Regel bei Hochdruck- und Hochtemperaturanwendungen eingesetzt.<\/li>\n<\/ul>\n<p><strong>Merkmale:<\/strong><\/p>\n<ul>\n<li><strong>Langlebigkeit:<\/strong> Diese aus hochwertigem Edelstahl gefertigten Reduzierst\u00fccke bieten eine dauerhafte Leistung in verschiedenen Umgebungen.<\/li>\n<li><strong>Vielseitigkeit:<\/strong> Sie sind in einer Reihe von Gr\u00f6\u00dfen und Ausf\u00fchrungen erh\u00e4ltlich und erf\u00fcllen die unterschiedlichsten Anforderungen an Rohrleitungen.<\/li>\n<li><strong>Korrosionsbest\u00e4ndigkeit:<\/strong> Die Zusammensetzung aus rostfreiem Stahl gew\u00e4hrleistet Rost- und Korrosionsbest\u00e4ndigkeit und verl\u00e4ngert die Lebensdauer des Rohrleitungssystems.<\/li>\n<\/ul>\n<p><strong>Anwendungen:<\/strong><\/p>\n<ul>\n<li><strong>Chemische Verarbeitung:<\/strong> Sie werden zur Verbindung von Rohren unterschiedlicher Gr\u00f6\u00dfe in chemischen Anlagen verwendet und gew\u00e4hrleisten einen sicheren und effizienten Fl\u00fcssigkeitstransport.<\/li>\n<li><strong>Lebensmittel- und Getr\u00e4nkeindustrie:<\/strong> Unerl\u00e4sslich f\u00fcr die Aufrechterhaltung der hygienischen Bedingungen in der Lebensmittel- und Getr\u00e4nkeherstellung.<\/li>\n<li><strong>Pharmazeutika:<\/strong> Entscheidend f\u00fcr die Aufrechterhaltung der Integrit\u00e4t von Rohrleitungssystemen in der pharmazeutischen Produktion.<\/li>\n<li><strong>Schiffstechnik:<\/strong> Ideal f\u00fcr Anwendungen, die eine Best\u00e4ndigkeit gegen Korrosion durch Seewasser erfordern.<\/li>\n<\/ul>\n<p><strong>Spezifikationen:<\/strong><\/p>\n<ul>\n<li><strong>Normen:<\/strong> Hergestellt in \u00dcbereinstimmung mit ASME B16.9, ASTM A403 und anderen relevanten Normen.<\/li>\n<li><strong>Gr\u00f6\u00dfen:<\/strong> Erh\u00e4ltlich von 1\/2\u2033 bis 48\u2033 im Durchmesser.<\/li>\n<li><strong>Zeitpl\u00e4ne:<\/strong> Das Angebot reicht von SCH 5 bis SCH XXS.<\/li>\n<\/ul>\n<p>F\u00fcr weitere Informationen oder eine Bestellung wenden Sie sich bitte an unser Vertriebsteam.<\/p>","protected":false},"excerpt":{"rendered":"<p>Stainless Steel Reducers are essential components in piping systems, designed to connect pipes of varying diameters, ensuring a smooth transition and maintaining optimal flow. Types of Stainless Steel Reducers: Concentric Reducers: These reducers have a symmetrical design, maintaining the central axis of the pipe. They are ideal for vertical piping systems where the flow direction [&hellip;]<\/p>\n","protected":false},"featured_media":2459,"comment_status":"open","ping_status":"closed","template":"","meta":{"_gspb_post_css":""},"product_brand":[397],"product_cat":[383],"product_tag":[426,438,439,437],"class_list":{"0":"post-2457","1":"product","2":"type-product","3":"status-publish","4":"has-post-thumbnail","6":"product_brand-hfittings","7":"product_cat-stainless-steel-pipe-fittings","8":"product_tag-butt-weld-reducer","9":"product_tag-s304-reducer","10":"product_tag-s316-redycer","11":"product_tag-stainless-steel-reducer","13":"first","14":"instock","15":"sale","16":"shipping-taxable","17":"purchasable","18":"product-type-simple"},"_links":{"self":[{"href":"https:\/\/hfittings.com\/de\/wp-json\/wp\/v2\/product\/2457","targetHints":{"allow":["GET"]}}],"collection":[{"href":"https:\/\/hfittings.com\/de\/wp-json\/wp\/v2\/product"}],"about":[{"href":"https:\/\/hfittings.com\/de\/wp-json\/wp\/v2\/types\/product"}],"replies":[{"embeddable":true,"href":"https:\/\/hfittings.com\/de\/wp-json\/wp\/v2\/comments?post=2457"}],"wp:featuredmedia":[{"embeddable":true,"href":"https:\/\/hfittings.com\/de\/wp-json\/wp\/v2\/media\/2459"}],"wp:attachment":[{"href":"https:\/\/hfittings.com\/de\/wp-json\/wp\/v2\/media?parent=2457"}],"wp:term":[{"taxonomy":"product_brand","embeddable":true,"href":"https:\/\/hfittings.com\/de\/wp-json\/wp\/v2\/product_brand?post=2457"},{"taxonomy":"product_cat","embeddable":true,"href":"https:\/\/hfittings.com\/de\/wp-json\/wp\/v2\/product_cat?post=2457"},{"taxonomy":"product_tag","embeddable":true,"href":"https:\/\/hfittings.com\/de\/wp-json\/wp\/v2\/product_tag?post=2457"}],"curies":[{"name":"wp","href":"https:\/\/api.w.org\/{rel}","templated":true}]}}