{"id":2332,"date":"2025-01-13T05:12:20","date_gmt":"2025-01-13T05:12:20","guid":{"rendered":"https:\/\/hfittings.com\/?post_type=product&#038;p=2332"},"modified":"2025-03-24T08:47:47","modified_gmt":"2025-03-24T08:47:47","slug":"rohrverschraubungen-aus-edelstahl","status":"publish","type":"product","link":"https:\/\/hfittings.com\/de\/product\/stainless-steel-pipe-fittings\/","title":{"rendered":"Edelstahl-Rohrverschraubungen"},"content":{"rendered":"<h3>Edelstahl-Rohrverschraubungen - Premium-Qualit\u00e4t f\u00fcr zuverl\u00e4ssige Leistung<\/h3>\n<p>Unser <strong>Rohrformst\u00fccke<\/strong> sind auf \u00fcberragende Leistung, Langlebigkeit und Korrosionsbest\u00e4ndigkeit ausgelegt, was sie zur idealen L\u00f6sung f\u00fcr eine Vielzahl von Rohrleitungsanwendungen in Branchen wie <strong>chemische Verarbeitung<\/strong>, <strong>\u00d6l und Gas<\/strong>, <strong>Konstruktion<\/strong>und <strong>Lebensmittelverarbeitung<\/strong>. Wir bieten ein umfassendes Sortiment an hochwertigen Armaturen, darunter <strong>Kr\u00fcmmer aus rostfreiem Stahl<\/strong>, <strong>Abschl\u00e4ge<\/strong>, <strong>Reduzierst\u00fccke<\/strong>, <strong>M\u00fctzen<\/strong>, <strong>Flansche<\/strong>und <strong>biegt<\/strong>, erh\u00e4ltlich in Spitzenqualit\u00e4ten wie <strong>304L<\/strong>, <strong>316L<\/strong>und <strong>306L<\/strong>.<\/p>\n<figure id=\"attachment_2179\" aria-describedby=\"caption-attachment-2179\" style=\"width: 300px\" class=\"wp-caption alignnone\"><img decoding=\"async\" class=\"wp-image-2179 size-medium\" title=\"rohrverschraubungen aus edelstahl\" src=\"https:\/\/hfittings.com\/wp-content\/uploads\/2024\/12\/Stainless-Pipe-Fittings-300x300.jpg\" alt=\"rohrverschraubungen aus edelstahl\" width=\"300\" height=\"300\" srcset=\"https:\/\/hfittings.com\/wp-content\/uploads\/2024\/12\/Stainless-Pipe-Fittings-300x300.jpg 300w, https:\/\/hfittings.com\/wp-content\/uploads\/2024\/12\/Stainless-Pipe-Fittings-1024x1024.jpg 1024w, https:\/\/hfittings.com\/wp-content\/uploads\/2024\/12\/Stainless-Pipe-Fittings-150x150.jpg 150w, https:\/\/hfittings.com\/wp-content\/uploads\/2024\/12\/Stainless-Pipe-Fittings-768x768.jpg 768w, https:\/\/hfittings.com\/wp-content\/uploads\/2024\/12\/Stainless-Pipe-Fittings-1000x1000.jpg 1000w, https:\/\/hfittings.com\/wp-content\/uploads\/2024\/12\/Stainless-Pipe-Fittings-500x500.jpg 500w, https:\/\/hfittings.com\/wp-content\/uploads\/2024\/12\/Stainless-Pipe-Fittings.jpg 1280w\" sizes=\"(max-width: 300px) 100vw, 300px\" \/><figcaption id=\"caption-attachment-2179\" class=\"wp-caption-text\">rohrverschraubungen aus edelstahl<\/figcaption><\/figure>\n<h4>Schl\u00fcsselprodukte im Bereich Edelstahl-Rohrverschraubungen:<\/h4>\n<ol>\n<li><strong>Ellbogen aus rostfreiem Stahl<\/strong><br \/>\nUnser <strong>Kr\u00fcmmer aus rostfreiem Stahl<\/strong> sind sowohl in <strong>304L<\/strong> und <strong>316L<\/strong> Edelstahlsorten. Diese <strong>Ellbogenverschraubungen<\/strong> sind so konzipiert, dass sie einen reibungslosen Durchfluss und nahtlose Richtungswechsel der Rohrleitung gew\u00e4hrleisten. <strong>316L-Kr\u00fcmmer<\/strong> bieten eine hervorragende Korrosionsbest\u00e4ndigkeit f\u00fcr aggressive Umgebungen, w\u00e4hrend <strong>304L-Winkelst\u00fccke<\/strong> sind perfekt f\u00fcr gem\u00e4\u00dfigtere Bedingungen. Beide sind ideal f\u00fcr eine Vielzahl von Anwendungen im Bauwesen, in Wassersystemen und in der HLK-Technik.<\/li>\n<li><strong>T-St\u00fcck aus Edelstahl<\/strong><br \/>\n<strong>T-St\u00fccke aus rostfreiem Stahl<\/strong> sind entscheidend f\u00fcr die Verzweigung oder Kombination von Fl\u00fcssigkeitsstr\u00f6men in Ihrem System. Verf\u00fcgbar in <strong>304L<\/strong> und <strong>316L<\/strong>Diese T-St\u00fccke sind so konzipiert, dass sie eine sichere, leckagefreie Verbindung herstellen. Das <strong>316L-T-St\u00fcck<\/strong> eignet sich perfekt f\u00fcr Umgebungen mit hohem Korrosionsrisiko, wie z. B. chemische Anlagen und die Schifffahrtsindustrie, w\u00e4hrend die <strong>304L T-St\u00fcck<\/strong> eignet sich gut f\u00fcr allgemeine Rohrleitungssysteme.<\/li>\n<li><strong>Reduzierst\u00fcck aus rostfreiem Stahl<\/strong><br \/>\nUnser <strong>Reduzierst\u00fccke aus rostfreiem Stahl<\/strong> sind so konstruiert, dass sie Rohre mit unterschiedlichen Durchmessern anpassen und so f\u00fcr sanfte \u00dcberg\u00e4nge und minimale Str\u00f6mungsverluste sorgen. Diese Reduzierst\u00fccke sind sowohl in <strong>304L und 316L<\/strong> Edelstahl, der die notwendige Festigkeit und Korrosionsbest\u00e4ndigkeit f\u00fcr druck- und temperaturempfindliche Anwendungen bietet.<\/li>\n<li><strong>Kappe aus rostfreiem Stahl<\/strong><br \/>\nZum Abdichten der Rohrenden, <strong>Kappen aus rostfreiem Stahl<\/strong> bieten einen dichten, sicheren Verschluss, um Auslaufen und Kontamination zu verhindern. Gefertigt aus <strong>304L<\/strong> und <strong>Edelstahl 316L<\/strong>Diese Kappen sind langlebig, korrosionsbest\u00e4ndig und ideal f\u00fcr industrielle und gewerbliche Rohrleitungssysteme.<\/li>\n<li><strong>Flansch aus rostfreiem Stahl<\/strong><br \/>\n<strong>Flansche aus rostfreiem Stahl<\/strong> sind unverzichtbar f\u00fcr die Verbindung von Rohren, Ventilen und anderen Ausr\u00fcstungsgegenst\u00e4nden und bieten eine stabile und dichte Verbindung. Unsere Flansche, erh\u00e4ltlich in beiden <strong>304L<\/strong> und <strong>316L<\/strong>gew\u00e4hrleisten eine optimale Leistung sowohl bei Hoch- als auch bei Niederdruckanwendungen, insbesondere in Chemie-, Wasseraufbereitungs- und HVAC-Systemen.<\/li>\n<li><strong>B\u00f6gen aus rostfreiem Stahl<\/strong><br \/>\n<strong>B\u00f6gen aus rostfreiem Stahl<\/strong> sind ideal f\u00fcr Richtungs\u00e4nderungen in Rohren. Verf\u00fcgbar sowohl in <strong>304L<\/strong> und <strong>316L<\/strong> Grades sorgen diese B\u00f6gen f\u00fcr sanfte \u00dcberg\u00e4nge, die den Druckverlust minimieren und optimale Durchflussraten gew\u00e4hrleisten.<\/li>\n<\/ol>\n<h4>Materialsorten f\u00fcr hohe Leistung:<\/h4>\n<ul>\n<li><strong>304L-Edelstahl<\/strong> - Hervorragende Oxidations- und Korrosionsbest\u00e4ndigkeit in den meisten Umgebungen, daher ideal f\u00fcr allgemeine Rohrleitungssysteme. Kosteng\u00fcnstig und vielseitig.<\/li>\n<li><strong>316L-Edelstahl<\/strong> - Bietet eine hervorragende Korrosionsbest\u00e4ndigkeit, insbesondere gegen Chloride, S\u00e4uren und aggressive Chemikalien. Ideal f\u00fcr anspruchsvolle Umgebungen wie Schifffahrt, chemische und pharmazeutische Industrie.<\/li>\n<\/ul>\n<h4>Warum sollten Sie sich f\u00fcr unsere Armaturen entscheiden?<\/h4>\n<ul>\n<li><strong>Hohe Haltbarkeit und St\u00e4rke<\/strong> - Alle unsere Edelstahlbeschl\u00e4ge sind aus hochwertigen Materialien gefertigt, die auch unter rauen Bedingungen eine lange Lebensdauer gew\u00e4hrleisten.<\/li>\n<li><strong>Korrosionsbest\u00e4ndigkeit<\/strong> - Ob es sich um <strong>316L<\/strong> f\u00fcr Schiffsanwendungen oder <strong>304L<\/strong> F\u00fcr weniger anspruchsvolle Systeme bieten unsere Edelstahlfittings eine hervorragende Korrosionsbest\u00e4ndigkeit.<\/li>\n<li><strong>Kundenspezifische L\u00f6sungen<\/strong> - Wir bieten ma\u00dfgeschneiderte Rohrverbindungen und flexible L\u00f6sungen f\u00fcr Ihre individuellen Projektanforderungen.<\/li>\n<li><strong>Breiter Anwendungsbereich<\/strong> - Unsere Produkte werden in einer Vielzahl von Branchen eingesetzt, darunter <strong>Wasseraufbereitung<\/strong>, <strong>\u00d6l und Gas<\/strong>, <strong>Chemie<\/strong>und <strong>Konstruktion<\/strong>.<\/li>\n<\/ul>\n<p>Ob Sie nun <strong>Kr\u00fcmmer aus rostfreiem Stahl<\/strong>, <strong>Abschl\u00e4ge<\/strong>, <strong>Reduzierst\u00fccke<\/strong>, oder <strong>Flansche<\/strong>Unsere Produkte bieten zuverl\u00e4ssige, leistungsstarke L\u00f6sungen f\u00fcr alle Ihre Rohrleitungsanforderungen. Kontaktieren Sie uns noch heute und erfahren Sie mehr \u00fcber unsere umfangreiche Auswahl an <strong>Beschl\u00e4ge<\/strong> und erhalten Sie die beste L\u00f6sung f\u00fcr Ihr Projekt.<\/p>","protected":false},"excerpt":{"rendered":"<p>Produktpalette: B\u00f6gen, T-St\u00fccke, Reduzierst\u00fccke, Kappen, B\u00f6gen und Flansche...<\/p>\n<p>Gr\u00f6\u00dfe: 1\/2\"~80\", DN15~DN2000<\/p>\n<p>Zeitplan: Sch 20, 40, STD, 80, 160, XXS<\/p>\n<p>Bezeichnungen: ASTM A403, ASME B16.9, ASME B16.5, EN 10253, EN 10241, JIS B2311<\/p>\n<p>Sorte: 304\/304L\/316\/316L\/310\/321\/410\/430\/Duplex 2205<\/p>\n<p>&nbsp;<\/p>","protected":false},"featured_media":2179,"comment_status":"open","ping_status":"closed","template":"","meta":{"_gspb_post_css":""},"product_brand":[397],"product_cat":[383],"product_tag":[429,430,428],"class_list":{"0":"post-2332","1":"product","2":"type-product","3":"status-publish","4":"has-post-thumbnail","6":"product_brand-hfittings","7":"product_cat-stainless-steel-pipe-fittings","8":"product_tag-s304-fittings","9":"product_tag-s316-fittings","10":"product_tag-stainless-steel-pipe-fittings","12":"first","13":"instock","14":"sale","15":"shipping-taxable","16":"purchasable","17":"product-type-simple"},"_links":{"self":[{"href":"https:\/\/hfittings.com\/de\/wp-json\/wp\/v2\/product\/2332","targetHints":{"allow":["GET"]}}],"collection":[{"href":"https:\/\/hfittings.com\/de\/wp-json\/wp\/v2\/product"}],"about":[{"href":"https:\/\/hfittings.com\/de\/wp-json\/wp\/v2\/types\/product"}],"replies":[{"embeddable":true,"href":"https:\/\/hfittings.com\/de\/wp-json\/wp\/v2\/comments?post=2332"}],"wp:featuredmedia":[{"embeddable":true,"href":"https:\/\/hfittings.com\/de\/wp-json\/wp\/v2\/media\/2179"}],"wp:attachment":[{"href":"https:\/\/hfittings.com\/de\/wp-json\/wp\/v2\/media?parent=2332"}],"wp:term":[{"taxonomy":"product_brand","embeddable":true,"href":"https:\/\/hfittings.com\/de\/wp-json\/wp\/v2\/product_brand?post=2332"},{"taxonomy":"product_cat","embeddable":true,"href":"https:\/\/hfittings.com\/de\/wp-json\/wp\/v2\/product_cat?post=2332"},{"taxonomy":"product_tag","embeddable":true,"href":"https:\/\/hfittings.com\/de\/wp-json\/wp\/v2\/product_tag?post=2332"}],"curies":[{"name":"wp","href":"https:\/\/api.w.org\/{rel}","templated":true}]}}