{"id":2129,"date":"2025-01-05T10:50:30","date_gmt":"2025-01-05T10:50:30","guid":{"rendered":"https:\/\/hfittings.com\/?post_type=product&#038;p=2129"},"modified":"2025-03-24T08:43:47","modified_gmt":"2025-03-24T08:43:47","slug":"t-stuck-aus-kohlenstoffstahl","status":"publish","type":"product","link":"https:\/\/hfittings.com\/de\/product\/carbon-steel-tee\/","title":{"rendered":"T-St\u00fcck aus Kohlenstoffstahl"},"content":{"rendered":"<h2>T-St\u00fccke aus Kohlenstoffstahl - Hochwertige Rohrverschraubungen f\u00fcr effizientes Durchflussmanagement<\/h2>\n<p><strong>Abschl\u00e4ge<\/strong> sind unentbehrliche Rohrformst\u00fccke, die zur Verbindung von drei Rohrabschnitten verwendet werden, damit sich die Fl\u00fcssigkeit oder das Gas entweder in verschiedene Richtungen aufteilen oder aus mehreren Leitungen zusammenf\u00fchren l\u00e4sst. Hergestellt aus hochfestem <strong>Kohlenstoffstahl<\/strong>Diese T-St\u00fccke sind bekannt f\u00fcr ihre Langlebigkeit, Verschlei\u00dffestigkeit und hervorragende Leistung in Hochdruck- und Hochtemperaturumgebungen. Sie sind weit verbreitet in Branchen wie <strong>\u00d6l und Gas<\/strong>, <strong>chemische Verarbeitung<\/strong>, <strong>Wasseraufbereitung<\/strong>und <strong>Konstruktion<\/strong>.<\/p>\n<h4>Was ist ein Rohrleitungs-T-St\u00fcck?<\/h4>\n<figure id=\"attachment_2222\" aria-describedby=\"caption-attachment-2222\" style=\"width: 300px\" class=\"wp-caption alignnone\"><img decoding=\"async\" class=\"size-medium wp-image-2222\" src=\"https:\/\/hfittings.com\/wp-content\/uploads\/2025\/01\/carbon-steel-tee-300x300.jpg\" alt=\"T-St\u00fcck aus Kohlenstoffstahl\" width=\"300\" height=\"300\" srcset=\"https:\/\/hfittings.com\/wp-content\/uploads\/2025\/01\/carbon-steel-tee-300x300.jpg 300w, https:\/\/hfittings.com\/wp-content\/uploads\/2025\/01\/carbon-steel-tee-1024x1024.jpg 1024w, https:\/\/hfittings.com\/wp-content\/uploads\/2025\/01\/carbon-steel-tee-150x150.jpg 150w, https:\/\/hfittings.com\/wp-content\/uploads\/2025\/01\/carbon-steel-tee-768x768.jpg 768w, https:\/\/hfittings.com\/wp-content\/uploads\/2025\/01\/carbon-steel-tee-1000x1000.jpg 1000w, https:\/\/hfittings.com\/wp-content\/uploads\/2025\/01\/carbon-steel-tee-500x500.jpg 500w, https:\/\/hfittings.com\/wp-content\/uploads\/2025\/01\/carbon-steel-tee.jpg 1280w\" sizes=\"(max-width: 300px) 100vw, 300px\" \/><figcaption id=\"caption-attachment-2222\" class=\"wp-caption-text\">T-St\u00fcck aus Kohlenstoffstahl<\/figcaption><\/figure>\n<p>Ein T-St\u00fcck ist ein Fitting, das drei Rohrabschnitte miteinander verbindet, in der Regel an einem <strong>90-Grad<\/strong> Winkel. Dadurch k\u00f6nnen Fl\u00fcssigkeiten oder Gase in verschiedene Richtungen flie\u00dfen, was T-St\u00fccke zu einem unverzichtbaren Element bei der Verzweigung oder Kombination von Rohrleitungssystemen macht. Erh\u00e4ltlich in verschiedenen Gr\u00f6\u00dfen, Materialien und Konfigurationen, <strong>Abschl\u00e4ge<\/strong> bieten zuverl\u00e4ssige und robuste L\u00f6sungen f\u00fcr das Management des Medienflusses durch Rohrleitungen. Diese T-St\u00fccke sind so konstruiert, dass sie hohen Dr\u00fccken, schweren Lasten und extremen Bedingungen standhalten, was sie zu einer idealen Wahl f\u00fcr anspruchsvolle industrielle Anwendungen macht.<\/p>\n<p>T-St\u00fccke werden nach hohen Industriestandards hergestellt, wie zum Beispiel <strong>ASTM A234 WPB<\/strong>Dadurch wird sichergestellt, dass sie den Druck- und Temperaturanforderungen der meisten Rohrleitungssysteme gewachsen sind.<\/p>\n<h4>Arten von T-St\u00fccken<\/h4>\n<ol>\n<li><strong>Nahtloses Tee<\/strong><br \/>\n<strong>Nahtlose T-St\u00fccke<\/strong> werden aus einem einzigen St\u00fcck Kohlenstoffstahl hergestellt, ohne Schwei\u00dfn\u00e4hte oder Verbindungen. Diese Konstruktionsmethode bietet eine \u00fcberragende Festigkeit und Korrosionsbest\u00e4ndigkeit, was sie ideal f\u00fcr Hochdrucksysteme macht. Nahtlose T-St\u00fccke werden h\u00e4ufig in Anwendungen eingesetzt, bei denen die mechanische Festigkeit eine entscheidende Rolle spielt, wie z. B. in Kraftwerken oder Schwerindustrieanlagen.<\/li>\n<li><strong>T-St\u00fcck schwei\u00dfen<\/strong><br \/>\n<strong>T-St\u00fccke schwei\u00dfen<\/strong> werden durch Zusammenschwei\u00dfen von drei Rohrabschnitten hergestellt. Diese Konstruktionsmethode bietet Flexibilit\u00e4t und Kosteneinsparungen im Vergleich zu nahtlosen T-St\u00fccken, obwohl sie sich eher f\u00fcr Anwendungen mit niedrigerem Druck eignet. Geschwei\u00dfte T-St\u00fccke gibt es in verschiedenen Konfigurationen, darunter <strong>90-Grad-T-St\u00fccke<\/strong> und <strong>T-St\u00fccke reduzieren<\/strong>, um unterschiedliche Durchflussanforderungen zu erf\u00fcllen.<\/li>\n<li><strong>Gleicher Abschlag<\/strong><br \/>\nEine <strong>gleiches T-St\u00fcck<\/strong> wird verwendet, wenn alle drei Abzweigungen der Rohrleitung die gleiche Gr\u00f6\u00dfe haben. Diese Art von T-St\u00fcck sorgt daf\u00fcr, dass der Fl\u00fcssigkeitsstrom gleichm\u00e4\u00dfig auf die drei Abschnitte verteilt wird, und wird h\u00e4ufig in Systemen verwendet, in denen ein Gleichgewicht wichtig ist, wie z. B. in Wasserverteilungssystemen oder Sprinklernetzen.<\/li>\n<li><strong>Reduzier-T-St\u00fcck<\/strong><br \/>\nA <strong>Reduzierst\u00fcck<\/strong> wird zum Verbinden von Rohren unterschiedlicher Gr\u00f6\u00dfe verwendet. Diese Art von T-St\u00fcck erm\u00f6glicht einen reibungslosen \u00dcbergang zwischen gro\u00dfen und kleinen Rohren bei gleichbleibenden Durchflussraten und minimalen Druckverlusten. Reduzier-T-St\u00fccke werden h\u00e4ufig in Systemen verwendet, in denen unterschiedliche Durchflussraten oder Rohrdurchmesser erforderlich sind, z. B. in der chemischen Verarbeitung oder in HLK-Systemen.<\/li>\n<li><strong>Barred Tee<\/strong><br \/>\n<strong>Gestrichene T-St\u00fccke<\/strong> verf\u00fcgen \u00fcber ein internes Sieb (oder einen Stab), das einen R\u00fcckfluss verhindert und die nachgeschalteten Ger\u00e4te sch\u00fctzt. Diese T-St\u00fccke werden in kritischen Systemen verwendet, in denen ein R\u00fcckfluss oder eine Verunreinigung durch Partikel unbedingt verhindert werden muss, z. B. in <strong>Wasseraufbereitung<\/strong> oder <strong>\u00d6lraffination<\/strong> Prozesse.<\/li>\n<\/ol>\n<h4>Beschichtungsoptionen f\u00fcr T-St\u00fccke<\/h4>\n<p>Um ihre Leistung und Lebensdauer zu erh\u00f6hen, <strong>Abschl\u00e4ge<\/strong> k\u00f6nnen beschichtet werden, um ihre Korrosionsbest\u00e4ndigkeit zu verbessern. Einige g\u00e4ngige Beschichtungsoptionen sind:<\/p>\n<ol>\n<li><strong>Schwarzes Gem\u00e4lde Tee<\/strong><br \/>\n<strong>Schwarzmalerei<\/strong> ist eine g\u00e4ngige Beschichtungsoption zum Schutz von T-St\u00fccken aus Kohlenstoffstahl vor Korrosion, Schmutz und Feuchtigkeit in allgemeinen industriellen Anwendungen. Diese kosteng\u00fcnstige Option ist ideal f\u00fcr Anwendungen, bei denen die T-St\u00fccke milden Umweltbedingungen ausgesetzt sind.<\/li>\n<li><strong>PE-Beschichtung T-St\u00fcck<\/strong><br \/>\n<strong>PE (Polyethylen)-Beschichtung<\/strong> bietet eine starke Schutzbarriere gegen Feuchtigkeit, Chemikalien und physische Sch\u00e4den. Diese Beschichtung wird \u00fcblicherweise in Au\u00dfen- oder erdverlegten Rohrleitungssystemen verwendet, wo die T-St\u00fccke rauen Wetterbedingungen oder korrosiven Umgebungen ausgesetzt sein k\u00f6nnen.<\/li>\n<li><strong>Verzinkte T-St\u00fccke<\/strong><br \/>\n<strong>Verzinkung<\/strong> bedeutet, dass das T-St\u00fcck aus Kohlenstoffstahl mit einer Zinkschicht \u00fcberzogen wird, die Rost und Korrosion verhindert. Verzinkte T-St\u00fccke eignen sich perfekt f\u00fcr Anwendungen in nassen, feuchten oder chemisch aggressiven Umgebungen, verl\u00e4ngern die Lebensdauer des Fittings und minimieren den Wartungsbedarf.<\/li>\n<\/ol>\n<h4>Vorteile von T-St\u00fccken<\/h4>\n<ul>\n<li><strong>Langlebigkeit:<\/strong> Die T-St\u00fccke sind so konzipiert, dass sie hohem Druck, hohen Temperaturen und Verschlei\u00df standhalten und eine langfristige Leistung in anspruchsvollen Umgebungen bieten.<\/li>\n<li><strong>Kosteng\u00fcnstig:<\/strong> Im Vergleich zu teureren Materialien wie Edelstahl oder legiertem Stahl ist Kohlenstoffstahl eine preisg\u00fcnstigere L\u00f6sung, die dennoch eine zuverl\u00e4ssige Leistung bietet.<\/li>\n<li><strong>Vielseitigkeit:<\/strong> T-St\u00fccke sind in verschiedenen Gr\u00f6\u00dfen, Konfigurationen und Beschichtungen erh\u00e4ltlich und k\u00f6nnen auf die spezifischen Anforderungen verschiedener Rohrleitungssysteme zugeschnitten werden.<\/li>\n<li><strong>Korrosionsbest\u00e4ndigkeit:<\/strong> Beschichtungsoptionen wie Verzinkung und PE-Beschichtung verbessern die Korrosionsbest\u00e4ndigkeit der T-St\u00fccke und machen sie f\u00fcr Au\u00dfenanwendungen und korrosive Bedingungen geeignet.<\/li>\n<li><strong>Flexibilit\u00e4t:<\/strong> T-St\u00fccke sind in verschiedenen Konfigurationen erh\u00e4ltlich, darunter gleiche, reduzierende und gesperrte T-St\u00fccke, die eine einfache Integration in verschiedene Systeme erm\u00f6glichen.<\/li>\n<\/ul>\n<h4>Normen und Zertifizierungen<\/h4>\n<p>Um sicherzustellen, dass unsere <strong>Abschl\u00e4ge<\/strong> erf\u00fcllen hohe Qualit\u00e4tsstandards, wir fertigen sie nach international anerkannten Spezifikationen:<\/p>\n<ul>\n<li><strong>ASTM A234 WPB<\/strong>: Diese Spezifikation bezieht sich auf die Herstellung von T-St\u00fccken und Fittings, die in Druckrohrleitungssystemen verwendet werden. Sie gew\u00e4hrleistet, dass die T-St\u00fccke strenge mechanische und ma\u00dfliche Anforderungen an Zuverl\u00e4ssigkeit und Leistung erf\u00fcllen.<\/li>\n<li><strong>ASME B16.9<\/strong>: Diese Norm umrei\u00dft die Anforderungen an werkseitig hergestellte Stumpfschwei\u00dffittings, einschlie\u00dflich T-St\u00fccke. Sie enth\u00e4lt wesentliche Richtlinien zu Abmessungen, Toleranzen und Druck-Temperatur-Bewertungen, um Konsistenz und Qualit\u00e4t zu gew\u00e4hrleisten.<\/li>\n<\/ul>\n<h4>Anwendungen von T-St\u00fccken<\/h4>\n<p>T-St\u00fccke werden in einer Vielzahl von Industriezweigen verwendet, unter anderem:<\/p>\n<ul>\n<li><strong>\u00d6l und Gas:<\/strong> T-St\u00fccke werden zur Verzweigung oder Verbindung von Rohrleitungen in \u00d6l- und Gastransportsystemen verwendet.<\/li>\n<li><strong>Stromerzeugung:<\/strong> In Kraftwerken werden T-St\u00fccke zum Verbinden verschiedener Rohrleitungssysteme verwendet, die Dampf, Wasser oder andere Fl\u00fcssigkeiten transportieren.<\/li>\n<li><strong>Wasseraufbereitung:<\/strong> T-St\u00fccke werden in Wasser- und Abwassersystemen eingesetzt, um den Durchfluss zu lenken oder mehrere Rohrleitungszweige zu verbinden.<\/li>\n<li><strong>Konstruktion:<\/strong> T-St\u00fccke werden \u00fcblicherweise in HLK-Systemen, Sanit\u00e4ranlagen und anderen mechanischen Installationen verwendet, um den Fl\u00fcssigkeitsstrom zu steuern.<\/li>\n<\/ul>\n<h4>Schlussfolgerung<\/h4>\n<p>T-St\u00fccke sind wichtige Armaturen in Rohrleitungssystemen, die St\u00e4rke, Haltbarkeit und Flexibilit\u00e4t bieten. Ob Sie ben\u00f6tigen <strong>gleiche Abschl\u00e4ge<\/strong>, <strong>T-St\u00fccke reduzieren<\/strong>, oder <strong>T-St\u00fccke schwei\u00dfen<\/strong>Diese Verschraubungen sind so konzipiert, dass sie den Anforderungen von Hochdruck- und Hochtemperaturumgebungen gerecht werden. Mit Beschichtungsoptionen wie <strong>Schwarzmalerei<\/strong>, <strong>PE-Beschichtung<\/strong>und <strong>Verzinkung<\/strong>T-St\u00fccke bieten verbesserte Korrosionsbest\u00e4ndigkeit und eine l\u00e4ngere Lebensdauer.<\/p>\n<p>Wenn Sie auf der Suche nach <strong>hochwertige T-St\u00fccke<\/strong> die den Industriestandards entsprechen, wie z. B. <strong>ASTM A234 WPB<\/strong> und <strong>ASME B16.9<\/strong>W\u00e4hlen Sie einen vertrauensw\u00fcrdigen Lieferanten, der eine Reihe von Gr\u00f6\u00dfen, Konfigurationen und Beschichtungen anbieten kann, die Ihren spezifischen Anforderungen entsprechen. T-St\u00fccke sind nach wie vor eine ausgezeichnete Wahl f\u00fcr zuverl\u00e4ssige, kosteng\u00fcnstige und leistungsstarke Rohrsysteme in verschiedenen Branchen.<\/p>","protected":false},"excerpt":{"rendered":"<p>Gr\u00f6\u00dfe: 1\/2\"~80\", DN15~DN2000<\/p>\n<p>Zeitplan: Sch 20, 40, STD, 80, 160, XXS<\/p>\n<p>Bezeichnungen: ASTM \/ ASME A234, A860, A420<\/p>\n<p>Klasse: WPB\/C, WPHY 42, 46, 52, 60, 65, 70, WPL 3, 6, 9<\/p>\n<p>Typ: Nahtloser Bogen und geschwei\u00dfter Bogen<\/p>","protected":false},"featured_media":2222,"comment_status":"open","ping_status":"closed","template":"","meta":{"_gspb_post_css":""},"product_brand":[397],"product_cat":[133],"product_tag":[423,422,424],"class_list":{"0":"post-2129","1":"product","2":"type-product","3":"status-publish","4":"has-post-thumbnail","6":"product_brand-hfittings","7":"product_cat-carbon-steel-pipe-fittings","8":"product_tag-butt-weld-tee","9":"product_tag-carbon-steel-tee","10":"product_tag-seamless-tee","12":"first","13":"instock","14":"sale","15":"shipping-taxable","16":"purchasable","17":"product-type-simple"},"_links":{"self":[{"href":"https:\/\/hfittings.com\/de\/wp-json\/wp\/v2\/product\/2129","targetHints":{"allow":["GET"]}}],"collection":[{"href":"https:\/\/hfittings.com\/de\/wp-json\/wp\/v2\/product"}],"about":[{"href":"https:\/\/hfittings.com\/de\/wp-json\/wp\/v2\/types\/product"}],"replies":[{"embeddable":true,"href":"https:\/\/hfittings.com\/de\/wp-json\/wp\/v2\/comments?post=2129"}],"wp:featuredmedia":[{"embeddable":true,"href":"https:\/\/hfittings.com\/de\/wp-json\/wp\/v2\/media\/2222"}],"wp:attachment":[{"href":"https:\/\/hfittings.com\/de\/wp-json\/wp\/v2\/media?parent=2129"}],"wp:term":[{"taxonomy":"product_brand","embeddable":true,"href":"https:\/\/hfittings.com\/de\/wp-json\/wp\/v2\/product_brand?post=2129"},{"taxonomy":"product_cat","embeddable":true,"href":"https:\/\/hfittings.com\/de\/wp-json\/wp\/v2\/product_cat?post=2129"},{"taxonomy":"product_tag","embeddable":true,"href":"https:\/\/hfittings.com\/de\/wp-json\/wp\/v2\/product_tag?post=2129"}],"curies":[{"name":"wp","href":"https:\/\/api.w.org\/{rel}","templated":true}]}}